{"id":168195,"date":"2025-02-06T23:12:48","date_gmt":"2025-02-06T22:12:48","guid":{"rendered":"https:\/\/revolutionpadelstore.com\/siux-fenix-pro-5-2025\/"},"modified":"2026-04-08T07:52:37","modified_gmt":"2026-04-08T05:52:37","slug":"siux-fenix-pro-5-2025-1","status":"publish","type":"product","link":"https:\/\/revolutionpadelstore.com\/de\/produkt\/siux-fenix-pro-5-2025-1\/","title":{"rendered":"SIUX FENIX PRO 5 2025"},"content":{"rendered":"<h2> <strong> Siux Fenix \u200b\u200bPro 5 2025 &#8211; Die Schaufel des Leo Augsburgers f\u00fcr ein unaufhaltsames Offensivspiel <\/ strong> <\/ h2><br \/>\nWenn Sie ein aggressiver Spieler sind, der versucht, jeden Punkt mit leistungsstarken und pr\u00e4zisen Schl\u00e4gen zu dominieren, ist der <strong> Siux Fenix \u200b\u200bPro 5 2025 <\/strong> Ihr bester Verb\u00fcndeter. Diese Schaufel mit <strong> Diamond -Form und hohem Gleichgewicht <\/strong> maximiert die Kraft in jedem Schlag, ohne die Man\u00f6vrierf\u00e4higkeit zu beeintr\u00e4chtigen.<\/p>\n<p>-Gewicht: 355-375 g<br \/>\n-Neel: Fortgeschrittene \/ Profi<br \/>\n-Type des Spiels: Power <\/p>\n<h2> <strong> Explosive Kraft mit absoluter Genauigkeit <\/ strong> <\/ h2><br \/>\nDer <strong> Siux Fenix \u200b\u200bPro 5 2025 <\/strong> wurde in den Pl\u00e4nen <\/strong> mit <strong> 24K Kohlenstoff hergestellt, was <strong> gr\u00f6\u00dfere Widerstand, Steifheit und eine au\u00dfergew\u00f6hnliche Kugelausgabe <\/strong> liefert . Sein EVA -Hartkern optimiert die Aufprallabsorption und bietet eine harte Ber\u00fchrung, die die Pr\u00e4zision bei hohen Geschwindigkeitsverletzungen verbessert. Dar\u00fcber hinaus verbessert sein 3D -Rough -Finish die Effekte, um jeden Schlag den Unterschied zu machen.<\/p>\n<p>-Diamond Form: ideal f\u00fcr ein offensives Spiel<br \/>\n-Bis hoch: gr\u00f6\u00dfere Beschleunigung und Kraft in jedem Schlag<br \/>\n-24K CO2 -Pl\u00e4ne: mehr Haltbarkeit und optimale Reaktion<br \/>\n-Hard EVA -Kern: ausgewogene Kontrolle und Kraft<br \/>\n-3d Rugosit\u00e4t: Verbesserte Effekte auf angehobene und geschnittene Schl\u00e4ge <\/p>\n<h2> <strong> entwickelt f\u00fcr die aggressivsten Spieler <\/ strong> <\/ h2><br \/>\nWenn Ihr Spielstil auf der <strong> St\u00e4rke und Pr\u00e4zision <\/strong> basiert, bietet Ihnen die <strong> Siux Fenix \u200b\u200bPro 5 <\/strong> eine \u00fcberlegene Leistung. Dieses Modell wurde f\u00fcr Spieler mit <strong> fortschrittlicher Technik <\/strong> entwickelt und reagiert effektiv in jedem Schlag und bietet explosive Leistung, ohne die Kontrolle zu verlieren.<\/p>\n<h2> <strong> Hochleistungs -Innovation und -material <\/ strong> <\/ h2><\/p>\n<p>-3k carbon rahmen: mehr Stabilit\u00e4t und Widerstand<br \/>\n-Optimiertes Ort: Verbesserter s\u00fc\u00dfer Punkt f\u00fcr Komfort und Effektivit\u00e4t<br \/>\n-To hart: Pr\u00e4zision in schnellen und leistungsstarken Schl\u00e4gen <\/p>\n<h2> <strong> Kaufen Sie es jetzt zum besten Preis!<br \/>\nMit dem <strong> Schaufel Leo Augsburger <\/strong> ausr\u00fcsten und Ihr offensives Spiel auf das n\u00e4chste Level bringen. Finden Sie die <strong> siux fenix pro 5 2025 <\/strong> in unserem Online -Shop <strong> <a href=\"https:\/\/chatgpt.com\/g\/g-675432e026888191b6ee6d6f2fdbb15e-optimization-textos\/c\/www.revolutionpadelstore.com\"> Revolution Padel Store <\/a> <\/strong> wahrscheinlich der beste Marktpreis.<\/p>\n<p><strong> Holen Sie sich sie und dominieren Sie die Strecke mit Kraft und Pr\u00e4zision!<\/p>\n<h2><strong>Siux Fenix Pro 5 2025 \u2013 La pala de Leo Augsburger para un juego ofensivo imparable<\/strong><\/p>\n","protected":false},"excerpt":{"rendered":"<p>Die <strong> Siux Fenix \u200b\u200bPro 5 2025 <\/strong> ist eine Hochleistungsschaufel, die das offensive Spiel verbessern soll. Mit seinem Format in <strong> Diamond <\/strong> bietet <strong> hohe Gleichgewicht <\/strong> und Konstruktion in <strong> Carbon 24K <\/strong> eine au\u00dfergew\u00f6hnliche Kombination aus <strong> Kraft, Pr\u00e4zision und Kontrolle <\/ Stark>. Es ist das offizielle Modell des <strong> Leo Augsburger <\/strong>, ideal f\u00fcr diejenigen, die auf der Strecke eine maximale Leistung suchen.<strong>Siux Fenix Pro 5 2025<\/strong><\/p>\n","protected":false},"featured_media":168122,"comment_status":"open","ping_status":"closed","template":"","meta":{"_acf_changed":false,"_joinchat":[]},"acabado":[1089,1079],"balance":[1134],"dureza":[1159],"forma":[1169],"jugador":[1189,1199],"marca":[1304],"nivel-de-juego":[1334],"superficie":[1359],"tipo-de-juego":[1374],"product_brand":[],"product_cat":[299],"product_tag":[],"class_list":{"0":"post-168195","1":"product","2":"type-product","3":"status-publish","4":"has-post-thumbnail","6":"acabado-3d-entlasten","7":"acabado-helligkeit","8":"balance-hoch","9":"dureza-dura-de","10":"forma-diamante-de","11":"jugador-mann","12":"jugador-mehrzweck","13":"marca-siux-de","14":"superficie-rugosa-de","15":"tipo-de-juego-leistung","16":"product_cat-palas-de-padel-de","18":"first","19":"instock","20":"sale","21":"taxable","22":"shipping-taxable","23":"purchasable","24":"product-type-simple"},"acf":[],"yoast_head":"<!-- This site is optimized with the Yoast SEO plugin v27.4 - https:\/\/yoast.com\/product\/yoast-seo-wordpress\/ -->\n<title>SIUX FENIX PRO 5 2025 - Revolution Padel Store<\/title>\n<meta name=\"description\" content=\"Descubre la Siux Fenix Pro 5 2025, la pala de Leo Augsburger para jugadores ofensivos. Potencia, precisi\u00f3n y tecnolog\u00eda avanzada. \u00a1C\u00f3mprala en Revolution Padel Store!\" \/>\n<meta name=\"robots\" content=\"index, follow, max-snippet:-1, max-image-preview:large, max-video-preview:-1\" \/>\n<link rel=\"canonical\" href=\"https:\/\/revolutionpadelstore.com\/de\/produkt\/siux-fenix-pro-5-2025-1\/\" \/>\n<meta property=\"og:locale\" content=\"de_DE\" \/>\n<meta property=\"og:type\" content=\"article\" \/>\n<meta property=\"og:title\" content=\"SIUX FENIX PRO 5 2025 - Revolution Padel Store\" \/>\n<meta property=\"og:description\" content=\"Descubre la Siux Fenix Pro 5 2025, la pala de Leo Augsburger para jugadores ofensivos. Potencia, precisi\u00f3n y tecnolog\u00eda avanzada. \u00a1C\u00f3mprala en Revolution Padel Store!\" \/>\n<meta property=\"og:url\" content=\"https:\/\/revolutionpadelstore.com\/de\/produkt\/siux-fenix-pro-5-2025-1\/\" \/>\n<meta property=\"og:site_name\" content=\"Revolution Padel Store\" \/>\n<meta property=\"article:modified_time\" content=\"2026-04-08T05:52:37+00:00\" \/>\n<meta property=\"og:image\" content=\"https:\/\/revolutionpadelstore.com\/wp-content\/uploads\/2025\/02\/112643-siux-fenix-pro-5-1500x1500-vista1.webp\" \/>\n\t<meta property=\"og:image:width\" content=\"1500\" \/>\n\t<meta property=\"og:image:height\" content=\"1500\" \/>\n\t<meta property=\"og:image:type\" content=\"image\/webp\" \/>\n<meta name=\"twitter:card\" content=\"summary_large_image\" \/>\n<meta name=\"twitter:label1\" content=\"Gesch\u00e4tzte Lesezeit\" \/>\n\t<meta name=\"twitter:data1\" content=\"2\u00a0Minuten\" \/>\n<script type=\"application\/ld+json\" class=\"yoast-schema-graph\">{\"@context\":\"https:\\\/\\\/schema.org\",\"@graph\":[{\"@type\":\"WebPage\",\"@id\":\"https:\\\/\\\/revolutionpadelstore.com\\\/de\\\/produkt\\\/siux-fenix-pro-5-2025-1\\\/\",\"url\":\"https:\\\/\\\/revolutionpadelstore.com\\\/de\\\/produkt\\\/siux-fenix-pro-5-2025-1\\\/\",\"name\":\"SIUX FENIX PRO 5 2025 - Revolution Padel Store\",\"isPartOf\":{\"@id\":\"https:\\\/\\\/revolutionpadelstore.com\\\/de\\\/#website\"},\"primaryImageOfPage\":{\"@id\":\"https:\\\/\\\/revolutionpadelstore.com\\\/de\\\/produkt\\\/siux-fenix-pro-5-2025-1\\\/#primaryimage\"},\"image\":{\"@id\":\"https:\\\/\\\/revolutionpadelstore.com\\\/de\\\/produkt\\\/siux-fenix-pro-5-2025-1\\\/#primaryimage\"},\"thumbnailUrl\":\"https:\\\/\\\/revolutionpadelstore.com\\\/wp-content\\\/uploads\\\/2025\\\/02\\\/112643-siux-fenix-pro-5-1500x1500-vista1.webp\",\"datePublished\":\"2025-02-06T22:12:48+00:00\",\"dateModified\":\"2026-04-08T05:52:37+00:00\",\"description\":\"Descubre la Siux Fenix Pro 5 2025, la pala de Leo Augsburger para jugadores ofensivos. Potencia, precisi\u00f3n y tecnolog\u00eda avanzada. \u00a1C\u00f3mprala en Revolution Padel Store!\",\"breadcrumb\":{\"@id\":\"https:\\\/\\\/revolutionpadelstore.com\\\/de\\\/produkt\\\/siux-fenix-pro-5-2025-1\\\/#breadcrumb\"},\"inLanguage\":\"de\",\"potentialAction\":[{\"@type\":\"ReadAction\",\"target\":[\"https:\\\/\\\/revolutionpadelstore.com\\\/de\\\/produkt\\\/siux-fenix-pro-5-2025-1\\\/\"]}]},{\"@type\":\"ImageObject\",\"inLanguage\":\"de\",\"@id\":\"https:\\\/\\\/revolutionpadelstore.com\\\/de\\\/produkt\\\/siux-fenix-pro-5-2025-1\\\/#primaryimage\",\"url\":\"https:\\\/\\\/revolutionpadelstore.com\\\/wp-content\\\/uploads\\\/2025\\\/02\\\/112643-siux-fenix-pro-5-1500x1500-vista1.webp\",\"contentUrl\":\"https:\\\/\\\/revolutionpadelstore.com\\\/wp-content\\\/uploads\\\/2025\\\/02\\\/112643-siux-fenix-pro-5-1500x1500-vista1.webp\",\"width\":1500,\"height\":1500},{\"@type\":\"BreadcrumbList\",\"@id\":\"https:\\\/\\\/revolutionpadelstore.com\\\/de\\\/produkt\\\/siux-fenix-pro-5-2025-1\\\/#breadcrumb\",\"itemListElement\":[{\"@type\":\"ListItem\",\"position\":1,\"name\":\"Portada\",\"item\":\"https:\\\/\\\/revolutionpadelstore.com\\\/de\\\/\"},{\"@type\":\"ListItem\",\"position\":2,\"name\":\"Shop\",\"item\":\"https:\\\/\\\/revolutionpadelstore.com\\\/de\\\/tienda\\\/\"},{\"@type\":\"ListItem\",\"position\":3,\"name\":\"SIUX FENIX PRO 5 2025\"}]},{\"@type\":\"WebSite\",\"@id\":\"https:\\\/\\\/revolutionpadelstore.com\\\/de\\\/#website\",\"url\":\"https:\\\/\\\/revolutionpadelstore.com\\\/de\\\/\",\"name\":\"Revolution Padel Store\",\"description\":\"\",\"publisher\":{\"@id\":\"https:\\\/\\\/revolutionpadelstore.com\\\/de\\\/#organization\"},\"potentialAction\":[{\"@type\":\"SearchAction\",\"target\":{\"@type\":\"EntryPoint\",\"urlTemplate\":\"https:\\\/\\\/revolutionpadelstore.com\\\/de\\\/?s={search_term_string}\"},\"query-input\":{\"@type\":\"PropertyValueSpecification\",\"valueRequired\":true,\"valueName\":\"search_term_string\"}}],\"inLanguage\":\"de\"},{\"@type\":\"Organization\",\"@id\":\"https:\\\/\\\/revolutionpadelstore.com\\\/de\\\/#organization\",\"name\":\"Revolution Padel Store\",\"url\":\"https:\\\/\\\/revolutionpadelstore.com\\\/de\\\/\",\"logo\":{\"@type\":\"ImageObject\",\"inLanguage\":\"de\",\"@id\":\"https:\\\/\\\/revolutionpadelstore.com\\\/de\\\/#\\\/schema\\\/logo\\\/image\\\/\",\"url\":\"https:\\\/\\\/revolutionpadelstore.com\\\/wp-content\\\/uploads\\\/2026\\\/02\\\/revolution-padel-store.jpg\",\"contentUrl\":\"https:\\\/\\\/revolutionpadelstore.com\\\/wp-content\\\/uploads\\\/2026\\\/02\\\/revolution-padel-store.jpg\",\"width\":2000,\"height\":2000,\"caption\":\"Revolution Padel Store\"},\"image\":{\"@id\":\"https:\\\/\\\/revolutionpadelstore.com\\\/de\\\/#\\\/schema\\\/logo\\\/image\\\/\"},\"sameAs\":[\"https:\\\/\\\/www.instagram.com\\\/revolutionpadelstore\\\/\"]}]}<\/script>\n<!-- \/ Yoast SEO plugin. -->","yoast_head_json":{"title":"SIUX FENIX PRO 5 2025 - Revolution Padel Store","description":"Descubre la Siux Fenix Pro 5 2025, la pala de Leo Augsburger para jugadores ofensivos. Potencia, precisi\u00f3n y tecnolog\u00eda avanzada. \u00a1C\u00f3mprala en Revolution Padel Store!","robots":{"index":"index","follow":"follow","max-snippet":"max-snippet:-1","max-image-preview":"max-image-preview:large","max-video-preview":"max-video-preview:-1"},"canonical":"https:\/\/revolutionpadelstore.com\/de\/produkt\/siux-fenix-pro-5-2025-1\/","og_locale":"de_DE","og_type":"article","og_title":"SIUX FENIX PRO 5 2025 - Revolution Padel Store","og_description":"Descubre la Siux Fenix Pro 5 2025, la pala de Leo Augsburger para jugadores ofensivos. Potencia, precisi\u00f3n y tecnolog\u00eda avanzada. \u00a1C\u00f3mprala en Revolution Padel Store!","og_url":"https:\/\/revolutionpadelstore.com\/de\/produkt\/siux-fenix-pro-5-2025-1\/","og_site_name":"Revolution Padel Store","article_modified_time":"2026-04-08T05:52:37+00:00","og_image":[{"width":1500,"height":1500,"url":"https:\/\/revolutionpadelstore.com\/wp-content\/uploads\/2025\/02\/112643-siux-fenix-pro-5-1500x1500-vista1.webp","type":"image\/webp"}],"twitter_card":"summary_large_image","twitter_misc":{"Gesch\u00e4tzte Lesezeit":"2\u00a0Minuten"},"schema":{"@context":"https:\/\/schema.org","@graph":[{"@type":"WebPage","@id":"https:\/\/revolutionpadelstore.com\/de\/produkt\/siux-fenix-pro-5-2025-1\/","url":"https:\/\/revolutionpadelstore.com\/de\/produkt\/siux-fenix-pro-5-2025-1\/","name":"SIUX FENIX PRO 5 2025 - Revolution Padel Store","isPartOf":{"@id":"https:\/\/revolutionpadelstore.com\/de\/#website"},"primaryImageOfPage":{"@id":"https:\/\/revolutionpadelstore.com\/de\/produkt\/siux-fenix-pro-5-2025-1\/#primaryimage"},"image":{"@id":"https:\/\/revolutionpadelstore.com\/de\/produkt\/siux-fenix-pro-5-2025-1\/#primaryimage"},"thumbnailUrl":"https:\/\/revolutionpadelstore.com\/wp-content\/uploads\/2025\/02\/112643-siux-fenix-pro-5-1500x1500-vista1.webp","datePublished":"2025-02-06T22:12:48+00:00","dateModified":"2026-04-08T05:52:37+00:00","description":"Descubre la Siux Fenix Pro 5 2025, la pala de Leo Augsburger para jugadores ofensivos. Potencia, precisi\u00f3n y tecnolog\u00eda avanzada. \u00a1C\u00f3mprala en Revolution Padel Store!","breadcrumb":{"@id":"https:\/\/revolutionpadelstore.com\/de\/produkt\/siux-fenix-pro-5-2025-1\/#breadcrumb"},"inLanguage":"de","potentialAction":[{"@type":"ReadAction","target":["https:\/\/revolutionpadelstore.com\/de\/produkt\/siux-fenix-pro-5-2025-1\/"]}]},{"@type":"ImageObject","inLanguage":"de","@id":"https:\/\/revolutionpadelstore.com\/de\/produkt\/siux-fenix-pro-5-2025-1\/#primaryimage","url":"https:\/\/revolutionpadelstore.com\/wp-content\/uploads\/2025\/02\/112643-siux-fenix-pro-5-1500x1500-vista1.webp","contentUrl":"https:\/\/revolutionpadelstore.com\/wp-content\/uploads\/2025\/02\/112643-siux-fenix-pro-5-1500x1500-vista1.webp","width":1500,"height":1500},{"@type":"BreadcrumbList","@id":"https:\/\/revolutionpadelstore.com\/de\/produkt\/siux-fenix-pro-5-2025-1\/#breadcrumb","itemListElement":[{"@type":"ListItem","position":1,"name":"Portada","item":"https:\/\/revolutionpadelstore.com\/de\/"},{"@type":"ListItem","position":2,"name":"Shop","item":"https:\/\/revolutionpadelstore.com\/de\/tienda\/"},{"@type":"ListItem","position":3,"name":"SIUX FENIX PRO 5 2025"}]},{"@type":"WebSite","@id":"https:\/\/revolutionpadelstore.com\/de\/#website","url":"https:\/\/revolutionpadelstore.com\/de\/","name":"Revolution Padel Store","description":"","publisher":{"@id":"https:\/\/revolutionpadelstore.com\/de\/#organization"},"potentialAction":[{"@type":"SearchAction","target":{"@type":"EntryPoint","urlTemplate":"https:\/\/revolutionpadelstore.com\/de\/?s={search_term_string}"},"query-input":{"@type":"PropertyValueSpecification","valueRequired":true,"valueName":"search_term_string"}}],"inLanguage":"de"},{"@type":"Organization","@id":"https:\/\/revolutionpadelstore.com\/de\/#organization","name":"Revolution Padel Store","url":"https:\/\/revolutionpadelstore.com\/de\/","logo":{"@type":"ImageObject","inLanguage":"de","@id":"https:\/\/revolutionpadelstore.com\/de\/#\/schema\/logo\/image\/","url":"https:\/\/revolutionpadelstore.com\/wp-content\/uploads\/2026\/02\/revolution-padel-store.jpg","contentUrl":"https:\/\/revolutionpadelstore.com\/wp-content\/uploads\/2026\/02\/revolution-padel-store.jpg","width":2000,"height":2000,"caption":"Revolution Padel Store"},"image":{"@id":"https:\/\/revolutionpadelstore.com\/de\/#\/schema\/logo\/image\/"},"sameAs":["https:\/\/www.instagram.com\/revolutionpadelstore\/"]}]}},"_links":{"self":[{"href":"https:\/\/revolutionpadelstore.com\/de\/wp-json\/wp\/v2\/product\/168195","targetHints":{"allow":["GET"]}}],"collection":[{"href":"https:\/\/revolutionpadelstore.com\/de\/wp-json\/wp\/v2\/product"}],"about":[{"href":"https:\/\/revolutionpadelstore.com\/de\/wp-json\/wp\/v2\/types\/product"}],"replies":[{"embeddable":true,"href":"https:\/\/revolutionpadelstore.com\/de\/wp-json\/wp\/v2\/comments?post=168195"}],"wp:featuredmedia":[{"embeddable":true,"href":"https:\/\/revolutionpadelstore.com\/de\/wp-json\/wp\/v2\/media\/168122"}],"wp:attachment":[{"href":"https:\/\/revolutionpadelstore.com\/de\/wp-json\/wp\/v2\/media?parent=168195"}],"wp:term":[{"taxonomy":"acabado","embeddable":true,"href":"https:\/\/revolutionpadelstore.com\/de\/wp-json\/wp\/v2\/acabado?post=168195"},{"taxonomy":"balance","embeddable":true,"href":"https:\/\/revolutionpadelstore.com\/de\/wp-json\/wp\/v2\/balance?post=168195"},{"taxonomy":"dureza","embeddable":true,"href":"https:\/\/revolutionpadelstore.com\/de\/wp-json\/wp\/v2\/dureza?post=168195"},{"taxonomy":"forma","embeddable":true,"href":"https:\/\/revolutionpadelstore.com\/de\/wp-json\/wp\/v2\/forma?post=168195"},{"taxonomy":"jugador","embeddable":true,"href":"https:\/\/revolutionpadelstore.com\/de\/wp-json\/wp\/v2\/jugador?post=168195"},{"taxonomy":"marca","embeddable":true,"href":"https:\/\/revolutionpadelstore.com\/de\/wp-json\/wp\/v2\/marca?post=168195"},{"taxonomy":"nivel-de-juego","embeddable":true,"href":"https:\/\/revolutionpadelstore.com\/de\/wp-json\/wp\/v2\/nivel-de-juego?post=168195"},{"taxonomy":"superficie","embeddable":true,"href":"https:\/\/revolutionpadelstore.com\/de\/wp-json\/wp\/v2\/superficie?post=168195"},{"taxonomy":"tipo-de-juego","embeddable":true,"href":"https:\/\/revolutionpadelstore.com\/de\/wp-json\/wp\/v2\/tipo-de-juego?post=168195"},{"taxonomy":"product_brand","embeddable":true,"href":"https:\/\/revolutionpadelstore.com\/de\/wp-json\/wp\/v2\/product_brand?post=168195"},{"taxonomy":"product_cat","embeddable":true,"href":"https:\/\/revolutionpadelstore.com\/de\/wp-json\/wp\/v2\/product_cat?post=168195"},{"taxonomy":"product_tag","embeddable":true,"href":"https:\/\/revolutionpadelstore.com\/de\/wp-json\/wp\/v2\/product_tag?post=168195"}],"curies":[{"name":"wp","href":"https:\/\/api.w.org\/{rel}","templated":true}]}}