{"id":168114,"date":"2025-02-06T22:59:17","date_gmt":"2025-02-06T21:59:17","guid":{"rendered":"https:\/\/revolutionpadelstore.com\/siux-electra-stupa-pro-st4-2025\/"},"modified":"2026-04-20T02:01:01","modified_gmt":"2026-04-20T00:01:01","slug":"siux-electra-stupa-pro-st4-2025-1","status":"publish","type":"product","link":"https:\/\/revolutionpadelstore.com\/de\/produkt\/siux-electra-stupa-pro-st4-2025-1\/","title":{"rendered":"SIUX ELECTRA STUPA PRO ST4 2025"},"content":{"rendered":"<h2> Siux Electra Stupa Pro St4 2025 &#8211; Die Franco Stupaczuk -Schaufel, um die Strecke zu meistern <\/ H2><br \/>\nEntdecken Sie die <strong> Siux Electra Stupa Pro St4 2025 <\/strong>, die offizielle Schaufel von <strong> Franco Stupaczuk <\/strong> f\u00fcr die neue Saison. F\u00fcr fortschrittliche und professionelle Spieler entwickelt, kombiniert <strong> Power, Control and Effects <\/strong> und bietet an jedem Punkt au\u00dfergew\u00f6hnliche Leistung.<\/p>\n<p>Sein <strong> hybrides Format und mittelhohe Balance <\/strong> machen es zu einer vielseitigen Schaufel, ideal f\u00fcr einen offensiven Spielstil, ohne Pr\u00e4zision in der Verteidigung zu verlieren. Dank seiner <strong> Carbon-Oberfl\u00e4che 15K <\/strong> und seiner <strong> mittelgro\u00dfen Touch <\/strong> bietet es in jedem Schlag einen leistungsstarken Ballauslass mit pr\u00e4ziser Kontrolle. Dar\u00fcber hinaus maximiert sein sandiges Finish die Effekte und erm\u00f6glicht es Ihnen, Schl\u00e4ge mit gr\u00f6\u00dferer Wirkung und Tiefe auszuf\u00fchren.<\/p>\n<h2> Haupteigenschaften: <\/H2><\/p>\n<p>-Ebene: Fortgeschrittene \/ professionell<br \/>\n-Typ des Spiels: vielseitig mit offensiver Tendenz<br \/>\n-Form: Hybrid<br \/>\n-Balance: Halbhoch<br \/>\n-Uperficie: 15k Kohlenstoff f\u00fcr mehr Widerstand und Leistung<br \/>\n-Takt: Mittel-Duro f\u00fcr eine perfekte Kombination aus Kontrolle und Kraft<br \/>\n-Ancabado: Sandy, um die Auswirkungen zu verbessern<br \/>\n-Sason: 2025 <\/p>\n<h2> Siux Electra Stupa Pro St4 2025: Strom und Kontrolle in jedem Schlag <\/ H2><br \/>\nWenn Sie ein Spieler sind, der nach <strong> das Spiel mit Pr\u00e4zision und Aggressivit\u00e4t <\/strong> beherrscht, hilft Ihnen diese Schaufel, Ihr Level auf der Strecke zu erh\u00f6hen. Mit hohen Materialien und den besten <strong> Siux <\/strong> <strong> Electra Stupa Pro St4 2025 <\/strong> ist eine der exklusivsten Marktoptionen.<\/p>\n<p><strong> jetzt in unserem Online -Shop &lt;a r\u00fccksichtsvoller href = &quot;https:\/\/chatgpt.com\/g\/g-675432e02688191b6ee6d6f2fdbb15e-optimization-textos\/c\/www.revolutionpadelstore.com&quot; Markt<\/p>\n<h2>Siux Electra Stupa Pro ST4 2025 \u2013 La pala de Franco Stupaczuk para dominar la pista<\/h2>\n","protected":false},"excerpt":{"rendered":"<p>Die <strong> Siux Electra Stupa Pro St4 2025 <\/strong> ist die offizielle Schaufel von <strong> Franco Stupaczuk <\/strong>, die f\u00fcr einen ausgewogenen und offensiven Spielstil erstellt wurde. Hergestellt mit <strong> Carbon 15K <\/strong> hat es eine <strong> raues Finish&gt; als <strong> Kontrolle <\/strong> in jedem Schlag.<strong>Siux Electra Stupa Pro ST4 2025<\/strong><\/p>\n","protected":false},"featured_media":168049,"comment_status":"open","ping_status":"closed","template":"","meta":{"_acf_changed":false,"_joinchat":[]},"acabado":[1094],"balance":[1139],"dureza":[1154],"forma":[1174],"jugador":[1189,1199],"marca":[1304],"nivel-de-juego":[1334],"superficie":[1359],"tipo-de-juego":[1384],"product_brand":[],"product_cat":[299],"product_tag":[],"class_list":{"0":"post-168114","1":"product","2":"type-product","3":"status-publish","4":"has-post-thumbnail","6":"acabado-arenoso-de","7":"balance-mittel","8":"dureza-media-de","9":"forma-hybrid","10":"jugador-mann","11":"jugador-mehrzweck","12":"marca-siux-de","13":"superficie-rugosa-de","14":"tipo-de-juego-mehrzweck","15":"product_cat-palas-de-padel-de","17":"first","18":"instock","19":"sale","20":"taxable","21":"shipping-taxable","22":"purchasable","23":"product-type-simple"},"acf":[],"yoast_head":"<!-- This site is optimized with the Yoast SEO plugin v27.4 - https:\/\/yoast.com\/product\/yoast-seo-wordpress\/ -->\n<title>SIUX ELECTRA STUPA PRO ST4 2025 - Revolution Padel Store<\/title>\n<meta name=\"description\" content=\"Compra la Siux Electra Stupa Pro ST4 2025, la pala oficial de Franco Stupaczuk, con carbono 15K, balance medio-alto y acabado arenoso. \u00a1Disponible en www.revolutionpadelstore.com!\" \/>\n<meta name=\"robots\" content=\"index, follow, max-snippet:-1, max-image-preview:large, max-video-preview:-1\" \/>\n<link rel=\"canonical\" href=\"https:\/\/revolutionpadelstore.com\/de\/produkt\/siux-electra-stupa-pro-st4-2025-1\/\" \/>\n<meta property=\"og:locale\" content=\"de_DE\" \/>\n<meta property=\"og:type\" content=\"article\" \/>\n<meta property=\"og:title\" content=\"SIUX ELECTRA STUPA PRO ST4 2025 - Revolution Padel Store\" \/>\n<meta property=\"og:description\" content=\"Compra la Siux Electra Stupa Pro ST4 2025, la pala oficial de Franco Stupaczuk, con carbono 15K, balance medio-alto y acabado arenoso. \u00a1Disponible en www.revolutionpadelstore.com!\" \/>\n<meta property=\"og:url\" content=\"https:\/\/revolutionpadelstore.com\/de\/produkt\/siux-electra-stupa-pro-st4-2025-1\/\" \/>\n<meta property=\"og:site_name\" content=\"Revolution Padel Store\" \/>\n<meta property=\"article:modified_time\" content=\"2026-04-20T00:01:01+00:00\" \/>\n<meta property=\"og:image\" content=\"https:\/\/revolutionpadelstore.com\/wp-content\/uploads\/2025\/02\/112639-siux-electra-stupa-pro-st4-1500x1500-1.webp\" \/>\n\t<meta property=\"og:image:width\" content=\"1500\" \/>\n\t<meta property=\"og:image:height\" content=\"1500\" \/>\n\t<meta property=\"og:image:type\" content=\"image\/webp\" \/>\n<meta name=\"twitter:card\" content=\"summary_large_image\" \/>\n<meta name=\"twitter:label1\" content=\"Gesch\u00e4tzte Lesezeit\" \/>\n\t<meta name=\"twitter:data1\" content=\"1\u00a0Minute\" \/>\n<script type=\"application\/ld+json\" class=\"yoast-schema-graph\">{\"@context\":\"https:\\\/\\\/schema.org\",\"@graph\":[{\"@type\":\"WebPage\",\"@id\":\"https:\\\/\\\/revolutionpadelstore.com\\\/de\\\/produkt\\\/siux-electra-stupa-pro-st4-2025-1\\\/\",\"url\":\"https:\\\/\\\/revolutionpadelstore.com\\\/de\\\/produkt\\\/siux-electra-stupa-pro-st4-2025-1\\\/\",\"name\":\"SIUX ELECTRA STUPA PRO ST4 2025 - Revolution Padel Store\",\"isPartOf\":{\"@id\":\"https:\\\/\\\/revolutionpadelstore.com\\\/de\\\/#website\"},\"primaryImageOfPage\":{\"@id\":\"https:\\\/\\\/revolutionpadelstore.com\\\/de\\\/produkt\\\/siux-electra-stupa-pro-st4-2025-1\\\/#primaryimage\"},\"image\":{\"@id\":\"https:\\\/\\\/revolutionpadelstore.com\\\/de\\\/produkt\\\/siux-electra-stupa-pro-st4-2025-1\\\/#primaryimage\"},\"thumbnailUrl\":\"https:\\\/\\\/revolutionpadelstore.com\\\/wp-content\\\/uploads\\\/2025\\\/02\\\/112639-siux-electra-stupa-pro-st4-1500x1500-1.webp\",\"datePublished\":\"2025-02-06T21:59:17+00:00\",\"dateModified\":\"2026-04-20T00:01:01+00:00\",\"description\":\"Compra la Siux Electra Stupa Pro ST4 2025, la pala oficial de Franco Stupaczuk, con carbono 15K, balance medio-alto y acabado arenoso. \u00a1Disponible en www.revolutionpadelstore.com!\",\"breadcrumb\":{\"@id\":\"https:\\\/\\\/revolutionpadelstore.com\\\/de\\\/produkt\\\/siux-electra-stupa-pro-st4-2025-1\\\/#breadcrumb\"},\"inLanguage\":\"de\",\"potentialAction\":[{\"@type\":\"ReadAction\",\"target\":[\"https:\\\/\\\/revolutionpadelstore.com\\\/de\\\/produkt\\\/siux-electra-stupa-pro-st4-2025-1\\\/\"]}]},{\"@type\":\"ImageObject\",\"inLanguage\":\"de\",\"@id\":\"https:\\\/\\\/revolutionpadelstore.com\\\/de\\\/produkt\\\/siux-electra-stupa-pro-st4-2025-1\\\/#primaryimage\",\"url\":\"https:\\\/\\\/revolutionpadelstore.com\\\/wp-content\\\/uploads\\\/2025\\\/02\\\/112639-siux-electra-stupa-pro-st4-1500x1500-1.webp\",\"contentUrl\":\"https:\\\/\\\/revolutionpadelstore.com\\\/wp-content\\\/uploads\\\/2025\\\/02\\\/112639-siux-electra-stupa-pro-st4-1500x1500-1.webp\",\"width\":1500,\"height\":1500},{\"@type\":\"BreadcrumbList\",\"@id\":\"https:\\\/\\\/revolutionpadelstore.com\\\/de\\\/produkt\\\/siux-electra-stupa-pro-st4-2025-1\\\/#breadcrumb\",\"itemListElement\":[{\"@type\":\"ListItem\",\"position\":1,\"name\":\"Portada\",\"item\":\"https:\\\/\\\/revolutionpadelstore.com\\\/de\\\/\"},{\"@type\":\"ListItem\",\"position\":2,\"name\":\"Shop\",\"item\":\"https:\\\/\\\/revolutionpadelstore.com\\\/de\\\/tienda\\\/\"},{\"@type\":\"ListItem\",\"position\":3,\"name\":\"SIUX ELECTRA STUPA PRO ST4 2025\"}]},{\"@type\":\"WebSite\",\"@id\":\"https:\\\/\\\/revolutionpadelstore.com\\\/de\\\/#website\",\"url\":\"https:\\\/\\\/revolutionpadelstore.com\\\/de\\\/\",\"name\":\"Revolution Padel Store\",\"description\":\"\",\"publisher\":{\"@id\":\"https:\\\/\\\/revolutionpadelstore.com\\\/de\\\/#organization\"},\"potentialAction\":[{\"@type\":\"SearchAction\",\"target\":{\"@type\":\"EntryPoint\",\"urlTemplate\":\"https:\\\/\\\/revolutionpadelstore.com\\\/de\\\/?s={search_term_string}\"},\"query-input\":{\"@type\":\"PropertyValueSpecification\",\"valueRequired\":true,\"valueName\":\"search_term_string\"}}],\"inLanguage\":\"de\"},{\"@type\":\"Organization\",\"@id\":\"https:\\\/\\\/revolutionpadelstore.com\\\/de\\\/#organization\",\"name\":\"Revolution Padel Store\",\"url\":\"https:\\\/\\\/revolutionpadelstore.com\\\/de\\\/\",\"logo\":{\"@type\":\"ImageObject\",\"inLanguage\":\"de\",\"@id\":\"https:\\\/\\\/revolutionpadelstore.com\\\/de\\\/#\\\/schema\\\/logo\\\/image\\\/\",\"url\":\"https:\\\/\\\/revolutionpadelstore.com\\\/wp-content\\\/uploads\\\/2026\\\/02\\\/revolution-padel-store.jpg\",\"contentUrl\":\"https:\\\/\\\/revolutionpadelstore.com\\\/wp-content\\\/uploads\\\/2026\\\/02\\\/revolution-padel-store.jpg\",\"width\":2000,\"height\":2000,\"caption\":\"Revolution Padel Store\"},\"image\":{\"@id\":\"https:\\\/\\\/revolutionpadelstore.com\\\/de\\\/#\\\/schema\\\/logo\\\/image\\\/\"},\"sameAs\":[\"https:\\\/\\\/www.instagram.com\\\/revolutionpadelstore\\\/\"]}]}<\/script>\n<!-- \/ Yoast SEO plugin. -->","yoast_head_json":{"title":"SIUX ELECTRA STUPA PRO ST4 2025 - Revolution Padel Store","description":"Compra la Siux Electra Stupa Pro ST4 2025, la pala oficial de Franco Stupaczuk, con carbono 15K, balance medio-alto y acabado arenoso. \u00a1Disponible en www.revolutionpadelstore.com!","robots":{"index":"index","follow":"follow","max-snippet":"max-snippet:-1","max-image-preview":"max-image-preview:large","max-video-preview":"max-video-preview:-1"},"canonical":"https:\/\/revolutionpadelstore.com\/de\/produkt\/siux-electra-stupa-pro-st4-2025-1\/","og_locale":"de_DE","og_type":"article","og_title":"SIUX ELECTRA STUPA PRO ST4 2025 - Revolution Padel Store","og_description":"Compra la Siux Electra Stupa Pro ST4 2025, la pala oficial de Franco Stupaczuk, con carbono 15K, balance medio-alto y acabado arenoso. \u00a1Disponible en www.revolutionpadelstore.com!","og_url":"https:\/\/revolutionpadelstore.com\/de\/produkt\/siux-electra-stupa-pro-st4-2025-1\/","og_site_name":"Revolution Padel Store","article_modified_time":"2026-04-20T00:01:01+00:00","og_image":[{"width":1500,"height":1500,"url":"https:\/\/revolutionpadelstore.com\/wp-content\/uploads\/2025\/02\/112639-siux-electra-stupa-pro-st4-1500x1500-1.webp","type":"image\/webp"}],"twitter_card":"summary_large_image","twitter_misc":{"Gesch\u00e4tzte Lesezeit":"1\u00a0Minute"},"schema":{"@context":"https:\/\/schema.org","@graph":[{"@type":"WebPage","@id":"https:\/\/revolutionpadelstore.com\/de\/produkt\/siux-electra-stupa-pro-st4-2025-1\/","url":"https:\/\/revolutionpadelstore.com\/de\/produkt\/siux-electra-stupa-pro-st4-2025-1\/","name":"SIUX ELECTRA STUPA PRO ST4 2025 - Revolution Padel Store","isPartOf":{"@id":"https:\/\/revolutionpadelstore.com\/de\/#website"},"primaryImageOfPage":{"@id":"https:\/\/revolutionpadelstore.com\/de\/produkt\/siux-electra-stupa-pro-st4-2025-1\/#primaryimage"},"image":{"@id":"https:\/\/revolutionpadelstore.com\/de\/produkt\/siux-electra-stupa-pro-st4-2025-1\/#primaryimage"},"thumbnailUrl":"https:\/\/revolutionpadelstore.com\/wp-content\/uploads\/2025\/02\/112639-siux-electra-stupa-pro-st4-1500x1500-1.webp","datePublished":"2025-02-06T21:59:17+00:00","dateModified":"2026-04-20T00:01:01+00:00","description":"Compra la Siux Electra Stupa Pro ST4 2025, la pala oficial de Franco Stupaczuk, con carbono 15K, balance medio-alto y acabado arenoso. \u00a1Disponible en www.revolutionpadelstore.com!","breadcrumb":{"@id":"https:\/\/revolutionpadelstore.com\/de\/produkt\/siux-electra-stupa-pro-st4-2025-1\/#breadcrumb"},"inLanguage":"de","potentialAction":[{"@type":"ReadAction","target":["https:\/\/revolutionpadelstore.com\/de\/produkt\/siux-electra-stupa-pro-st4-2025-1\/"]}]},{"@type":"ImageObject","inLanguage":"de","@id":"https:\/\/revolutionpadelstore.com\/de\/produkt\/siux-electra-stupa-pro-st4-2025-1\/#primaryimage","url":"https:\/\/revolutionpadelstore.com\/wp-content\/uploads\/2025\/02\/112639-siux-electra-stupa-pro-st4-1500x1500-1.webp","contentUrl":"https:\/\/revolutionpadelstore.com\/wp-content\/uploads\/2025\/02\/112639-siux-electra-stupa-pro-st4-1500x1500-1.webp","width":1500,"height":1500},{"@type":"BreadcrumbList","@id":"https:\/\/revolutionpadelstore.com\/de\/produkt\/siux-electra-stupa-pro-st4-2025-1\/#breadcrumb","itemListElement":[{"@type":"ListItem","position":1,"name":"Portada","item":"https:\/\/revolutionpadelstore.com\/de\/"},{"@type":"ListItem","position":2,"name":"Shop","item":"https:\/\/revolutionpadelstore.com\/de\/tienda\/"},{"@type":"ListItem","position":3,"name":"SIUX ELECTRA STUPA PRO ST4 2025"}]},{"@type":"WebSite","@id":"https:\/\/revolutionpadelstore.com\/de\/#website","url":"https:\/\/revolutionpadelstore.com\/de\/","name":"Revolution Padel Store","description":"","publisher":{"@id":"https:\/\/revolutionpadelstore.com\/de\/#organization"},"potentialAction":[{"@type":"SearchAction","target":{"@type":"EntryPoint","urlTemplate":"https:\/\/revolutionpadelstore.com\/de\/?s={search_term_string}"},"query-input":{"@type":"PropertyValueSpecification","valueRequired":true,"valueName":"search_term_string"}}],"inLanguage":"de"},{"@type":"Organization","@id":"https:\/\/revolutionpadelstore.com\/de\/#organization","name":"Revolution Padel Store","url":"https:\/\/revolutionpadelstore.com\/de\/","logo":{"@type":"ImageObject","inLanguage":"de","@id":"https:\/\/revolutionpadelstore.com\/de\/#\/schema\/logo\/image\/","url":"https:\/\/revolutionpadelstore.com\/wp-content\/uploads\/2026\/02\/revolution-padel-store.jpg","contentUrl":"https:\/\/revolutionpadelstore.com\/wp-content\/uploads\/2026\/02\/revolution-padel-store.jpg","width":2000,"height":2000,"caption":"Revolution Padel Store"},"image":{"@id":"https:\/\/revolutionpadelstore.com\/de\/#\/schema\/logo\/image\/"},"sameAs":["https:\/\/www.instagram.com\/revolutionpadelstore\/"]}]}},"_links":{"self":[{"href":"https:\/\/revolutionpadelstore.com\/de\/wp-json\/wp\/v2\/product\/168114","targetHints":{"allow":["GET"]}}],"collection":[{"href":"https:\/\/revolutionpadelstore.com\/de\/wp-json\/wp\/v2\/product"}],"about":[{"href":"https:\/\/revolutionpadelstore.com\/de\/wp-json\/wp\/v2\/types\/product"}],"replies":[{"embeddable":true,"href":"https:\/\/revolutionpadelstore.com\/de\/wp-json\/wp\/v2\/comments?post=168114"}],"wp:featuredmedia":[{"embeddable":true,"href":"https:\/\/revolutionpadelstore.com\/de\/wp-json\/wp\/v2\/media\/168049"}],"wp:attachment":[{"href":"https:\/\/revolutionpadelstore.com\/de\/wp-json\/wp\/v2\/media?parent=168114"}],"wp:term":[{"taxonomy":"acabado","embeddable":true,"href":"https:\/\/revolutionpadelstore.com\/de\/wp-json\/wp\/v2\/acabado?post=168114"},{"taxonomy":"balance","embeddable":true,"href":"https:\/\/revolutionpadelstore.com\/de\/wp-json\/wp\/v2\/balance?post=168114"},{"taxonomy":"dureza","embeddable":true,"href":"https:\/\/revolutionpadelstore.com\/de\/wp-json\/wp\/v2\/dureza?post=168114"},{"taxonomy":"forma","embeddable":true,"href":"https:\/\/revolutionpadelstore.com\/de\/wp-json\/wp\/v2\/forma?post=168114"},{"taxonomy":"jugador","embeddable":true,"href":"https:\/\/revolutionpadelstore.com\/de\/wp-json\/wp\/v2\/jugador?post=168114"},{"taxonomy":"marca","embeddable":true,"href":"https:\/\/revolutionpadelstore.com\/de\/wp-json\/wp\/v2\/marca?post=168114"},{"taxonomy":"nivel-de-juego","embeddable":true,"href":"https:\/\/revolutionpadelstore.com\/de\/wp-json\/wp\/v2\/nivel-de-juego?post=168114"},{"taxonomy":"superficie","embeddable":true,"href":"https:\/\/revolutionpadelstore.com\/de\/wp-json\/wp\/v2\/superficie?post=168114"},{"taxonomy":"tipo-de-juego","embeddable":true,"href":"https:\/\/revolutionpadelstore.com\/de\/wp-json\/wp\/v2\/tipo-de-juego?post=168114"},{"taxonomy":"product_brand","embeddable":true,"href":"https:\/\/revolutionpadelstore.com\/de\/wp-json\/wp\/v2\/product_brand?post=168114"},{"taxonomy":"product_cat","embeddable":true,"href":"https:\/\/revolutionpadelstore.com\/de\/wp-json\/wp\/v2\/product_cat?post=168114"},{"taxonomy":"product_tag","embeddable":true,"href":"https:\/\/revolutionpadelstore.com\/de\/wp-json\/wp\/v2\/product_tag?post=168114"}],"curies":[{"name":"wp","href":"https:\/\/api.w.org\/{rel}","templated":true}]}}