{"id":168028,"date":"2025-02-06T08:40:38","date_gmt":"2025-02-06T07:40:38","guid":{"rendered":"https:\/\/revolutionpadelstore.com\/siux-diablo-elite-4-2025\/"},"modified":"2026-04-08T07:53:31","modified_gmt":"2026-04-08T05:53:31","slug":"siux-diablo-elite-4-2025-6","status":"publish","type":"product","link":"https:\/\/revolutionpadelstore.com\/de\/produkt\/siux-diablo-elite-4-2025-6\/","title":{"rendered":"SIUX DIABLO ELITE 4 2025"},"content":{"rendered":"<h2> <strong> Siux Diablo Elite 4 2025 &#8211; Starke Kraft und Kontrolle <\/ strong> <\/ h2><br \/>\nEntdecken Sie die <strong> Siux Diablo Elite 4 2025 <\/strong>, die Schaufel, die f\u00fcr fortgeschrittene Spieler entwickelt wurde, die nach einer idealen Balance zwischen <strong> Power und Control <\/strong> in jedem Schlag suchen. Die <strong> hybride Form und die mittlere Balance <\/strong> machen es zum perfekten Begleiter f\u00fcr ein vielseitiges Spiel, sodass Sie problemlos pr\u00e4zise Schl\u00e4ge und leistungsstarke Auktionen ausf\u00fchren k\u00f6nnen. Mit einem leichten Gewicht und einem anspruchsvollen Matt -Finish bietet diese Schaufel nicht nur Leistung, sondern auch ein modernes und elegantes Design.<\/p>\n<h2> <strong> Prominente Eigenschaften <\/ strong> <\/ h2><\/p>\n<p>-12k Carbon-Oberfl\u00e4chen-Breater-Widerstand und besserer Ballauslass.<br \/>\n-Enuco von EVA Soft -Sensation von bequemer Treffer und \u00fcberlegener Kontrolle.<br \/>\n-H\u00edbrida und mittelgro\u00dfe Balance -ideal f\u00fcr ein ausgewogenes Spiel.<br \/>\n-Optimierte Spot -Expanded -Hitzone f\u00fcr gr\u00f6\u00dfere Pr\u00e4zision.<br \/>\n-3k Carbon Marco -Haltbarkeit und Stabilit\u00e4t.<br \/>\n-Matte -shaped -bietet eine moderne und raffinierte Note.<br \/>\n-El -Serie 2025 Sammlung -Vanguard -Technologie in jedem Detail<\/p>\n<h2> <strong> Eine Schaufel f\u00fcr vielseitige Spieler <\/ strong> <\/ h2><br \/>\nWenn Sie ein <strong> fortgeschrittener oder professioneller Ebene <\/strong> sind, passt sich die <strong> Siux Diablo Elite 4 2025 <\/strong> an Ihren Spielstil an und bietet eine <strong> absolute Kontrolle in jedem Blow <\/strong>. ohne die notwendige Befugnis zu geben, die Punkte im Netzwerk zu definieren. Die 12 -km -Kohlenstoffstruktur bietet eine feste Reaktion und eine gr\u00f6\u00dfere Haltbarkeit, w\u00e4hrend der EVA -Kern ein komfortables und pr\u00e4zises Gef\u00fchl sorgt.<\/p>\n<h2> <strong> Dominieren Sie die Spur mit der Siux -Diablo -Elite 4 2025!<br \/>\nMit fortschrittlicher Technologie und einem tadellosen Design erm\u00f6glicht diese Schaufel mit dieser Schaufel Ihr Spiel auf die n\u00e4chste Stufe <\/strong>. Die Kombination aus Premium -Materialien und perfekter Balance macht es zu einer wesentlichen Option f\u00fcr diejenigen, die in jedem Spiel <\/strong> maximale Leistung suchen.<\/p>\n<p><strong> jetzt in unserem Online -Shop &lt;a r\u00fccksichtsvoller href = &quot;https:\/\/chatgpt.com\/g\/g-675432e02688191b6ee6d6f2fdbb15e-optimization-textos\/c\/www.revolutionpadelstore.com&quot; Markt<\/p>\n<h2><strong>Siux Diablo Elite 4 2025 \u2013 Potencia y control en equilibrio perfecto<\/strong><\/p>\n","protected":false},"excerpt":{"rendered":"<p>Die <strong> Siux Diablo Elite 4 <\/strong> ist eine Paddelschaufel mit <strong> Hybriddesign und mittelgro\u00dfe Balance <\/strong>, ideal f\u00fcr fortschrittliche und professionelle <strong> Spieler <\/strong> Auf der Suche nach einem vielseitigen Tool und anpassungsf\u00e4hig . Das Gleichgewicht zwischen Leistung und Steuerung erm\u00f6glicht es Ihnen, sich auf verschiedene Spielstile und Situationen auf der Strecke problemlos anzupassen.<strong>Siux Diablo Elite 4<\/strong><\/p>\n","protected":false},"featured_media":167987,"comment_status":"open","ping_status":"closed","template":"","meta":{"_acf_changed":false,"_joinchat":[]},"acabado":[1084],"balance":[1139],"dureza":[1154],"forma":[1174],"jugador":[1189,1199],"marca":[1304],"nivel-de-juego":[1334],"superficie":[1354],"tipo-de-juego":[1384],"product_brand":[],"product_cat":[299],"product_tag":[],"class_list":{"0":"post-168028","1":"product","2":"type-product","3":"status-publish","4":"has-post-thumbnail","6":"acabado-kumpel","7":"balance-mittel","8":"dureza-media-de","9":"forma-hybrid","10":"jugador-mann","11":"jugador-mehrzweck","12":"marca-siux-de","13":"superficie-lisa-de","14":"tipo-de-juego-mehrzweck","15":"product_cat-palas-de-padel-de","17":"first","18":"instock","19":"sale","20":"taxable","21":"shipping-taxable","22":"purchasable","23":"product-type-simple"},"acf":[],"yoast_head":"<!-- This site is optimized with the Yoast SEO plugin v27.4 - https:\/\/yoast.com\/product\/yoast-seo-wordpress\/ -->\n<title>SIUX DIABLO ELITE 4 2025 - Revolution Padel Store<\/title>\n<meta name=\"description\" content=\"Compra la Siux Diablo Elite 4 2025, una pala h\u00edbrida con carbono 12K y n\u00facleo EVA Soft. Equilibrio perfecto entre potencia y control. \u00a1Disponible en Revolution Padel Store!\" \/>\n<meta name=\"robots\" content=\"index, follow, max-snippet:-1, max-image-preview:large, max-video-preview:-1\" \/>\n<link rel=\"canonical\" href=\"https:\/\/revolutionpadelstore.com\/de\/produkt\/siux-diablo-elite-4-2025-6\/\" \/>\n<meta property=\"og:locale\" content=\"de_DE\" \/>\n<meta property=\"og:type\" content=\"article\" \/>\n<meta property=\"og:title\" content=\"SIUX DIABLO ELITE 4 2025 - Revolution Padel Store\" \/>\n<meta property=\"og:description\" content=\"Compra la Siux Diablo Elite 4 2025, una pala h\u00edbrida con carbono 12K y n\u00facleo EVA Soft. Equilibrio perfecto entre potencia y control. \u00a1Disponible en Revolution Padel Store!\" \/>\n<meta property=\"og:url\" content=\"https:\/\/revolutionpadelstore.com\/de\/produkt\/siux-diablo-elite-4-2025-6\/\" \/>\n<meta property=\"og:site_name\" content=\"Revolution Padel Store\" \/>\n<meta property=\"article:modified_time\" content=\"2026-04-08T05:53:31+00:00\" \/>\n<meta property=\"og:image\" content=\"https:\/\/revolutionpadelstore.com\/wp-content\/uploads\/2025\/02\/112631-siux-diablo-elite-4-1500x1500-1.webp\" \/>\n\t<meta property=\"og:image:width\" content=\"1500\" \/>\n\t<meta property=\"og:image:height\" content=\"1500\" \/>\n\t<meta property=\"og:image:type\" content=\"image\/webp\" \/>\n<meta name=\"twitter:card\" content=\"summary_large_image\" \/>\n<meta name=\"twitter:label1\" content=\"Gesch\u00e4tzte Lesezeit\" \/>\n\t<meta name=\"twitter:data1\" content=\"2\u00a0Minuten\" \/>\n<script type=\"application\/ld+json\" class=\"yoast-schema-graph\">{\"@context\":\"https:\\\/\\\/schema.org\",\"@graph\":[{\"@type\":\"WebPage\",\"@id\":\"https:\\\/\\\/revolutionpadelstore.com\\\/de\\\/produkt\\\/siux-diablo-elite-4-2025-6\\\/\",\"url\":\"https:\\\/\\\/revolutionpadelstore.com\\\/de\\\/produkt\\\/siux-diablo-elite-4-2025-6\\\/\",\"name\":\"SIUX DIABLO ELITE 4 2025 - Revolution Padel Store\",\"isPartOf\":{\"@id\":\"https:\\\/\\\/revolutionpadelstore.com\\\/de\\\/#website\"},\"primaryImageOfPage\":{\"@id\":\"https:\\\/\\\/revolutionpadelstore.com\\\/de\\\/produkt\\\/siux-diablo-elite-4-2025-6\\\/#primaryimage\"},\"image\":{\"@id\":\"https:\\\/\\\/revolutionpadelstore.com\\\/de\\\/produkt\\\/siux-diablo-elite-4-2025-6\\\/#primaryimage\"},\"thumbnailUrl\":\"https:\\\/\\\/revolutionpadelstore.com\\\/wp-content\\\/uploads\\\/2025\\\/02\\\/112631-siux-diablo-elite-4-1500x1500-1.webp\",\"datePublished\":\"2025-02-06T07:40:38+00:00\",\"dateModified\":\"2026-04-08T05:53:31+00:00\",\"description\":\"Compra la Siux Diablo Elite 4 2025, una pala h\u00edbrida con carbono 12K y n\u00facleo EVA Soft. Equilibrio perfecto entre potencia y control. \u00a1Disponible en Revolution Padel Store!\",\"breadcrumb\":{\"@id\":\"https:\\\/\\\/revolutionpadelstore.com\\\/de\\\/produkt\\\/siux-diablo-elite-4-2025-6\\\/#breadcrumb\"},\"inLanguage\":\"de\",\"potentialAction\":[{\"@type\":\"ReadAction\",\"target\":[\"https:\\\/\\\/revolutionpadelstore.com\\\/de\\\/produkt\\\/siux-diablo-elite-4-2025-6\\\/\"]}]},{\"@type\":\"ImageObject\",\"inLanguage\":\"de\",\"@id\":\"https:\\\/\\\/revolutionpadelstore.com\\\/de\\\/produkt\\\/siux-diablo-elite-4-2025-6\\\/#primaryimage\",\"url\":\"https:\\\/\\\/revolutionpadelstore.com\\\/wp-content\\\/uploads\\\/2025\\\/02\\\/112631-siux-diablo-elite-4-1500x1500-1.webp\",\"contentUrl\":\"https:\\\/\\\/revolutionpadelstore.com\\\/wp-content\\\/uploads\\\/2025\\\/02\\\/112631-siux-diablo-elite-4-1500x1500-1.webp\",\"width\":1500,\"height\":1500},{\"@type\":\"BreadcrumbList\",\"@id\":\"https:\\\/\\\/revolutionpadelstore.com\\\/de\\\/produkt\\\/siux-diablo-elite-4-2025-6\\\/#breadcrumb\",\"itemListElement\":[{\"@type\":\"ListItem\",\"position\":1,\"name\":\"Portada\",\"item\":\"https:\\\/\\\/revolutionpadelstore.com\\\/de\\\/\"},{\"@type\":\"ListItem\",\"position\":2,\"name\":\"Shop\",\"item\":\"https:\\\/\\\/revolutionpadelstore.com\\\/de\\\/tienda\\\/\"},{\"@type\":\"ListItem\",\"position\":3,\"name\":\"SIUX DIABLO ELITE 4 2025\"}]},{\"@type\":\"WebSite\",\"@id\":\"https:\\\/\\\/revolutionpadelstore.com\\\/de\\\/#website\",\"url\":\"https:\\\/\\\/revolutionpadelstore.com\\\/de\\\/\",\"name\":\"Revolution Padel Store\",\"description\":\"\",\"publisher\":{\"@id\":\"https:\\\/\\\/revolutionpadelstore.com\\\/de\\\/#organization\"},\"potentialAction\":[{\"@type\":\"SearchAction\",\"target\":{\"@type\":\"EntryPoint\",\"urlTemplate\":\"https:\\\/\\\/revolutionpadelstore.com\\\/de\\\/?s={search_term_string}\"},\"query-input\":{\"@type\":\"PropertyValueSpecification\",\"valueRequired\":true,\"valueName\":\"search_term_string\"}}],\"inLanguage\":\"de\"},{\"@type\":\"Organization\",\"@id\":\"https:\\\/\\\/revolutionpadelstore.com\\\/de\\\/#organization\",\"name\":\"Revolution Padel Store\",\"url\":\"https:\\\/\\\/revolutionpadelstore.com\\\/de\\\/\",\"logo\":{\"@type\":\"ImageObject\",\"inLanguage\":\"de\",\"@id\":\"https:\\\/\\\/revolutionpadelstore.com\\\/de\\\/#\\\/schema\\\/logo\\\/image\\\/\",\"url\":\"https:\\\/\\\/revolutionpadelstore.com\\\/wp-content\\\/uploads\\\/2026\\\/02\\\/revolution-padel-store.jpg\",\"contentUrl\":\"https:\\\/\\\/revolutionpadelstore.com\\\/wp-content\\\/uploads\\\/2026\\\/02\\\/revolution-padel-store.jpg\",\"width\":2000,\"height\":2000,\"caption\":\"Revolution Padel Store\"},\"image\":{\"@id\":\"https:\\\/\\\/revolutionpadelstore.com\\\/de\\\/#\\\/schema\\\/logo\\\/image\\\/\"},\"sameAs\":[\"https:\\\/\\\/www.instagram.com\\\/revolutionpadelstore\\\/\"]}]}<\/script>\n<!-- \/ Yoast SEO plugin. -->","yoast_head_json":{"title":"SIUX DIABLO ELITE 4 2025 - Revolution Padel Store","description":"Compra la Siux Diablo Elite 4 2025, una pala h\u00edbrida con carbono 12K y n\u00facleo EVA Soft. Equilibrio perfecto entre potencia y control. \u00a1Disponible en Revolution Padel Store!","robots":{"index":"index","follow":"follow","max-snippet":"max-snippet:-1","max-image-preview":"max-image-preview:large","max-video-preview":"max-video-preview:-1"},"canonical":"https:\/\/revolutionpadelstore.com\/de\/produkt\/siux-diablo-elite-4-2025-6\/","og_locale":"de_DE","og_type":"article","og_title":"SIUX DIABLO ELITE 4 2025 - Revolution Padel Store","og_description":"Compra la Siux Diablo Elite 4 2025, una pala h\u00edbrida con carbono 12K y n\u00facleo EVA Soft. Equilibrio perfecto entre potencia y control. \u00a1Disponible en Revolution Padel Store!","og_url":"https:\/\/revolutionpadelstore.com\/de\/produkt\/siux-diablo-elite-4-2025-6\/","og_site_name":"Revolution Padel Store","article_modified_time":"2026-04-08T05:53:31+00:00","og_image":[{"width":1500,"height":1500,"url":"https:\/\/revolutionpadelstore.com\/wp-content\/uploads\/2025\/02\/112631-siux-diablo-elite-4-1500x1500-1.webp","type":"image\/webp"}],"twitter_card":"summary_large_image","twitter_misc":{"Gesch\u00e4tzte Lesezeit":"2\u00a0Minuten"},"schema":{"@context":"https:\/\/schema.org","@graph":[{"@type":"WebPage","@id":"https:\/\/revolutionpadelstore.com\/de\/produkt\/siux-diablo-elite-4-2025-6\/","url":"https:\/\/revolutionpadelstore.com\/de\/produkt\/siux-diablo-elite-4-2025-6\/","name":"SIUX DIABLO ELITE 4 2025 - Revolution Padel Store","isPartOf":{"@id":"https:\/\/revolutionpadelstore.com\/de\/#website"},"primaryImageOfPage":{"@id":"https:\/\/revolutionpadelstore.com\/de\/produkt\/siux-diablo-elite-4-2025-6\/#primaryimage"},"image":{"@id":"https:\/\/revolutionpadelstore.com\/de\/produkt\/siux-diablo-elite-4-2025-6\/#primaryimage"},"thumbnailUrl":"https:\/\/revolutionpadelstore.com\/wp-content\/uploads\/2025\/02\/112631-siux-diablo-elite-4-1500x1500-1.webp","datePublished":"2025-02-06T07:40:38+00:00","dateModified":"2026-04-08T05:53:31+00:00","description":"Compra la Siux Diablo Elite 4 2025, una pala h\u00edbrida con carbono 12K y n\u00facleo EVA Soft. Equilibrio perfecto entre potencia y control. \u00a1Disponible en Revolution Padel Store!","breadcrumb":{"@id":"https:\/\/revolutionpadelstore.com\/de\/produkt\/siux-diablo-elite-4-2025-6\/#breadcrumb"},"inLanguage":"de","potentialAction":[{"@type":"ReadAction","target":["https:\/\/revolutionpadelstore.com\/de\/produkt\/siux-diablo-elite-4-2025-6\/"]}]},{"@type":"ImageObject","inLanguage":"de","@id":"https:\/\/revolutionpadelstore.com\/de\/produkt\/siux-diablo-elite-4-2025-6\/#primaryimage","url":"https:\/\/revolutionpadelstore.com\/wp-content\/uploads\/2025\/02\/112631-siux-diablo-elite-4-1500x1500-1.webp","contentUrl":"https:\/\/revolutionpadelstore.com\/wp-content\/uploads\/2025\/02\/112631-siux-diablo-elite-4-1500x1500-1.webp","width":1500,"height":1500},{"@type":"BreadcrumbList","@id":"https:\/\/revolutionpadelstore.com\/de\/produkt\/siux-diablo-elite-4-2025-6\/#breadcrumb","itemListElement":[{"@type":"ListItem","position":1,"name":"Portada","item":"https:\/\/revolutionpadelstore.com\/de\/"},{"@type":"ListItem","position":2,"name":"Shop","item":"https:\/\/revolutionpadelstore.com\/de\/tienda\/"},{"@type":"ListItem","position":3,"name":"SIUX DIABLO ELITE 4 2025"}]},{"@type":"WebSite","@id":"https:\/\/revolutionpadelstore.com\/de\/#website","url":"https:\/\/revolutionpadelstore.com\/de\/","name":"Revolution Padel Store","description":"","publisher":{"@id":"https:\/\/revolutionpadelstore.com\/de\/#organization"},"potentialAction":[{"@type":"SearchAction","target":{"@type":"EntryPoint","urlTemplate":"https:\/\/revolutionpadelstore.com\/de\/?s={search_term_string}"},"query-input":{"@type":"PropertyValueSpecification","valueRequired":true,"valueName":"search_term_string"}}],"inLanguage":"de"},{"@type":"Organization","@id":"https:\/\/revolutionpadelstore.com\/de\/#organization","name":"Revolution Padel Store","url":"https:\/\/revolutionpadelstore.com\/de\/","logo":{"@type":"ImageObject","inLanguage":"de","@id":"https:\/\/revolutionpadelstore.com\/de\/#\/schema\/logo\/image\/","url":"https:\/\/revolutionpadelstore.com\/wp-content\/uploads\/2026\/02\/revolution-padel-store.jpg","contentUrl":"https:\/\/revolutionpadelstore.com\/wp-content\/uploads\/2026\/02\/revolution-padel-store.jpg","width":2000,"height":2000,"caption":"Revolution Padel Store"},"image":{"@id":"https:\/\/revolutionpadelstore.com\/de\/#\/schema\/logo\/image\/"},"sameAs":["https:\/\/www.instagram.com\/revolutionpadelstore\/"]}]}},"_links":{"self":[{"href":"https:\/\/revolutionpadelstore.com\/de\/wp-json\/wp\/v2\/product\/168028","targetHints":{"allow":["GET"]}}],"collection":[{"href":"https:\/\/revolutionpadelstore.com\/de\/wp-json\/wp\/v2\/product"}],"about":[{"href":"https:\/\/revolutionpadelstore.com\/de\/wp-json\/wp\/v2\/types\/product"}],"replies":[{"embeddable":true,"href":"https:\/\/revolutionpadelstore.com\/de\/wp-json\/wp\/v2\/comments?post=168028"}],"wp:featuredmedia":[{"embeddable":true,"href":"https:\/\/revolutionpadelstore.com\/de\/wp-json\/wp\/v2\/media\/167987"}],"wp:attachment":[{"href":"https:\/\/revolutionpadelstore.com\/de\/wp-json\/wp\/v2\/media?parent=168028"}],"wp:term":[{"taxonomy":"acabado","embeddable":true,"href":"https:\/\/revolutionpadelstore.com\/de\/wp-json\/wp\/v2\/acabado?post=168028"},{"taxonomy":"balance","embeddable":true,"href":"https:\/\/revolutionpadelstore.com\/de\/wp-json\/wp\/v2\/balance?post=168028"},{"taxonomy":"dureza","embeddable":true,"href":"https:\/\/revolutionpadelstore.com\/de\/wp-json\/wp\/v2\/dureza?post=168028"},{"taxonomy":"forma","embeddable":true,"href":"https:\/\/revolutionpadelstore.com\/de\/wp-json\/wp\/v2\/forma?post=168028"},{"taxonomy":"jugador","embeddable":true,"href":"https:\/\/revolutionpadelstore.com\/de\/wp-json\/wp\/v2\/jugador?post=168028"},{"taxonomy":"marca","embeddable":true,"href":"https:\/\/revolutionpadelstore.com\/de\/wp-json\/wp\/v2\/marca?post=168028"},{"taxonomy":"nivel-de-juego","embeddable":true,"href":"https:\/\/revolutionpadelstore.com\/de\/wp-json\/wp\/v2\/nivel-de-juego?post=168028"},{"taxonomy":"superficie","embeddable":true,"href":"https:\/\/revolutionpadelstore.com\/de\/wp-json\/wp\/v2\/superficie?post=168028"},{"taxonomy":"tipo-de-juego","embeddable":true,"href":"https:\/\/revolutionpadelstore.com\/de\/wp-json\/wp\/v2\/tipo-de-juego?post=168028"},{"taxonomy":"product_brand","embeddable":true,"href":"https:\/\/revolutionpadelstore.com\/de\/wp-json\/wp\/v2\/product_brand?post=168028"},{"taxonomy":"product_cat","embeddable":true,"href":"https:\/\/revolutionpadelstore.com\/de\/wp-json\/wp\/v2\/product_cat?post=168028"},{"taxonomy":"product_tag","embeddable":true,"href":"https:\/\/revolutionpadelstore.com\/de\/wp-json\/wp\/v2\/product_tag?post=168028"}],"curies":[{"name":"wp","href":"https:\/\/api.w.org\/{rel}","templated":true}]}}