{"id":167794,"date":"2025-02-05T08:38:59","date_gmt":"2025-02-05T07:38:59","guid":{"rendered":"https:\/\/revolutionpadelstore.com\/siux-valkiria-elite-2025\/"},"modified":"2026-04-08T07:54:27","modified_gmt":"2026-04-08T05:54:27","slug":"siux-valkiria-elite-2025-1","status":"publish","type":"product","link":"https:\/\/revolutionpadelstore.com\/de\/produkt\/siux-valkiria-elite-2025-1\/","title":{"rendered":"SIUX VALKIRIA ELITE 2025"},"content":{"rendered":"<p>&lt;Il<br \/>\nDie <strong> Siux Valkiria Elite 2025 Frau <\/strong> ist die perfekte Schaufel f\u00fcr fordernde Spieler, die an jedem Punkt nach einer h\u00f6heren Leistung suchen. Mit einem <strong> Hybrid -Design und mittelgro\u00dfer Balance <\/strong> bietet es eine au\u00dfergew\u00f6hnliche Kombination aus <strong> Kontrolle und Leistung <\/strong>, ideal f\u00fcr ein vielseitiges und dynamisches Spiel. Sein leichtes Gewicht zwischen 340 und 360 Gramm garantiert eine hervorragende Man\u00f6vrierf\u00e4higkeit und erm\u00f6glicht es Ihnen, sich schnell zu bewegen, ohne bei jedem Schlag die Stabilit\u00e4t zu verlieren.<\/p>\n<h2> <strong> Leistung und Pr\u00e4zision mit Avant -Gartde -Technologie <\/ strong> <\/ h2><br \/>\n<P> <strong> -12K CO2-Pl\u00e4ne <\/strong> \u2192 Halb-Bend-Treffer f\u00fcr eine gr\u00f6\u00dfere Pr\u00e4zision und eine hervorragende Kugelleistung.<br \/>\n<strong> -Eva-Gummi-Kern <\/strong> \u2192 Verbesserte Reaktion, Aufprallabsorption und Komfort im Spiel.<br \/>\n-Schaltergurt \u2192 austauschbares Riemen f\u00fcr mehr Anpassung und ergonomische Anpassung.<br \/>\n-Dual Pro Grip \u2192 Verbessert den Griff und reduzieren Sie Schwingungen f\u00fcr einen gr\u00f6\u00dferen Komfort.<br \/>\n-Al Matte Acabade \u2192 modernes und elegantes Design, das die Kontrolle des Treffers optimiert<\/p>\n<h2> <strong> entwickelt f\u00fcr fortschrittliche Spieler <\/ strong> <\/ h2><br \/>\nDie <strong> Siux Valkiria Elite 2025 Woman <\/strong> wurde f\u00fcr <strong> fortgeschrittenes Level <\/strong> Spieler erstellt, die nach einer vielseitigen Schaufel suchen, die sich an verschiedene Spielsituationen anpassen kann. Dank seiner <strong> leichten Konstruktion und der halbwei\u00dfen Touch <\/strong> bietet es eine gro\u00dfartige Reaktionskapazit\u00e4t, ohne Komfort oder Stabilit\u00e4t zu verlieren.<\/p>\n<p>Wenn Sie nach einer <strong> Hochleistungsschaufel <\/strong> mit ausgezeichnetem <strong> Management und Balance <\/strong> suchen, ist die <strong> Siux Valkiria Elite 2025 <\/strong> Ihre beste Option. Sp\u00fcren Sie den Unterschied und bringen Sie Ihr Spiel mit dieser Schaufel mit der h\u00f6chsten Qualit\u00e4t auf die n\u00e4chste Stufe.<\/p>\n<p><strong> Kaufen Sie es jetzt in unserem Online -Shop <\/strong> <a href=\"https:\/\/www.revolutionpadelstore.com\/\"> www.revolutionpadelstore.com <\/a> wahrscheinlich zum besten Marktpreis!<\/p>\n<h2><strong>Siux Valkiria Elite 2025 Mujer \u2013 Equilibrio entre potencia y control<\/strong><\/p>\n","protected":false},"excerpt":{"rendered":"<p>Die <strong> Siux Valkiria Elite 2025 <\/strong> bietet eine perfekte Kombination aus Leichtigkeit und Pr\u00e4zision, die sich f\u00fcr sein innovatives Design auszeichnet. Es ist f\u00fcr fortschrittliche Spieler ausgelegt, die in jedem Schlag ein optimales Gleichgewicht zwischen Kontrolle und Leistung w\u00fcnschen. Sein <strong> Carbon 12K <\/strong> Pl\u00e4ne mit mattes Finish garantiert eine au\u00dfergew\u00f6hnliche Leistung.<strong>Siux Valkiria Elite 2025<\/strong><\/p>\n","protected":false},"featured_media":167729,"comment_status":"open","ping_status":"closed","template":"","meta":{"_acf_changed":false,"_joinchat":[]},"acabado":[1084],"balance":[1139],"dureza":[1149,1154],"forma":[1174],"jugador":[1194],"marca":[1304],"nivel-de-juego":[1334],"superficie":[1354],"tipo-de-juego":[1384],"product_brand":[],"product_cat":[299],"product_tag":[],"class_list":{"0":"post-167794","1":"product","2":"type-product","3":"status-publish","4":"has-post-thumbnail","6":"acabado-kumpel","7":"balance-mittel","8":"dureza-blanda-de","9":"dureza-media-de","10":"forma-hybrid","11":"jugador-frau","12":"marca-siux-de","13":"superficie-lisa-de","14":"tipo-de-juego-mehrzweck","15":"product_cat-palas-de-padel-de","17":"first","18":"instock","19":"sale","20":"taxable","21":"shipping-taxable","22":"purchasable","23":"product-type-simple"},"acf":[],"yoast_head":"<!-- This site is optimized with the Yoast SEO plugin v27.5 - https:\/\/yoast.com\/product\/yoast-seo-wordpress\/ -->\n<title>SIUX VALKIRIA ELITE 2025 - Revolution Padel Store<\/title>\n<meta name=\"description\" content=\"Descubre la Siux Valkiria Elite 2025 Mujer, una pala h\u00edbrida con carbono 12K, goma EVA y tecnolog\u00edas avanzadas. Potencia y control en un solo modelo. \u00a1Mejor precio en Revolution Padel Store!\" \/>\n<meta name=\"robots\" content=\"index, follow, max-snippet:-1, max-image-preview:large, max-video-preview:-1\" \/>\n<link rel=\"canonical\" href=\"https:\/\/revolutionpadelstore.com\/de\/produkt\/siux-valkiria-elite-2025-1\/\" \/>\n<meta property=\"og:locale\" content=\"de_DE\" \/>\n<meta property=\"og:type\" content=\"article\" \/>\n<meta property=\"og:title\" content=\"SIUX VALKIRIA ELITE 2025 - Revolution Padel Store\" \/>\n<meta property=\"og:description\" content=\"Descubre la Siux Valkiria Elite 2025 Mujer, una pala h\u00edbrida con carbono 12K, goma EVA y tecnolog\u00edas avanzadas. Potencia y control en un solo modelo. \u00a1Mejor precio en Revolution Padel Store!\" \/>\n<meta property=\"og:url\" content=\"https:\/\/revolutionpadelstore.com\/de\/produkt\/siux-valkiria-elite-2025-1\/\" \/>\n<meta property=\"og:site_name\" content=\"Revolution Padel Store\" \/>\n<meta property=\"article:modified_time\" content=\"2026-04-08T05:54:27+00:00\" \/>\n<meta property=\"og:image\" content=\"https:\/\/revolutionpadelstore.com\/wp-content\/uploads\/2025\/02\/112661-siux-valkiria-elite-1500x1500-1.webp\" \/>\n\t<meta property=\"og:image:width\" content=\"1500\" \/>\n\t<meta property=\"og:image:height\" content=\"1500\" \/>\n\t<meta property=\"og:image:type\" content=\"image\/webp\" \/>\n<meta name=\"twitter:card\" content=\"summary_large_image\" \/>\n<meta name=\"twitter:label1\" content=\"Gesch\u00e4tzte Lesezeit\" \/>\n\t<meta name=\"twitter:data1\" content=\"1\u00a0Minute\" \/>\n<script type=\"application\/ld+json\" class=\"yoast-schema-graph\">{\"@context\":\"https:\\\/\\\/schema.org\",\"@graph\":[{\"@type\":\"WebPage\",\"@id\":\"https:\\\/\\\/revolutionpadelstore.com\\\/de\\\/produkt\\\/siux-valkiria-elite-2025-1\\\/\",\"url\":\"https:\\\/\\\/revolutionpadelstore.com\\\/de\\\/produkt\\\/siux-valkiria-elite-2025-1\\\/\",\"name\":\"SIUX VALKIRIA ELITE 2025 - Revolution Padel Store\",\"isPartOf\":{\"@id\":\"https:\\\/\\\/revolutionpadelstore.com\\\/de\\\/#website\"},\"primaryImageOfPage\":{\"@id\":\"https:\\\/\\\/revolutionpadelstore.com\\\/de\\\/produkt\\\/siux-valkiria-elite-2025-1\\\/#primaryimage\"},\"image\":{\"@id\":\"https:\\\/\\\/revolutionpadelstore.com\\\/de\\\/produkt\\\/siux-valkiria-elite-2025-1\\\/#primaryimage\"},\"thumbnailUrl\":\"https:\\\/\\\/revolutionpadelstore.com\\\/wp-content\\\/uploads\\\/2025\\\/02\\\/112661-siux-valkiria-elite-1500x1500-1.webp\",\"datePublished\":\"2025-02-05T07:38:59+00:00\",\"dateModified\":\"2026-04-08T05:54:27+00:00\",\"description\":\"Descubre la Siux Valkiria Elite 2025 Mujer, una pala h\u00edbrida con carbono 12K, goma EVA y tecnolog\u00edas avanzadas. Potencia y control en un solo modelo. \u00a1Mejor precio en Revolution Padel Store!\",\"breadcrumb\":{\"@id\":\"https:\\\/\\\/revolutionpadelstore.com\\\/de\\\/produkt\\\/siux-valkiria-elite-2025-1\\\/#breadcrumb\"},\"inLanguage\":\"de\",\"potentialAction\":[{\"@type\":\"ReadAction\",\"target\":[\"https:\\\/\\\/revolutionpadelstore.com\\\/de\\\/produkt\\\/siux-valkiria-elite-2025-1\\\/\"]}]},{\"@type\":\"ImageObject\",\"inLanguage\":\"de\",\"@id\":\"https:\\\/\\\/revolutionpadelstore.com\\\/de\\\/produkt\\\/siux-valkiria-elite-2025-1\\\/#primaryimage\",\"url\":\"https:\\\/\\\/revolutionpadelstore.com\\\/wp-content\\\/uploads\\\/2025\\\/02\\\/112661-siux-valkiria-elite-1500x1500-1.webp\",\"contentUrl\":\"https:\\\/\\\/revolutionpadelstore.com\\\/wp-content\\\/uploads\\\/2025\\\/02\\\/112661-siux-valkiria-elite-1500x1500-1.webp\",\"width\":1500,\"height\":1500},{\"@type\":\"BreadcrumbList\",\"@id\":\"https:\\\/\\\/revolutionpadelstore.com\\\/de\\\/produkt\\\/siux-valkiria-elite-2025-1\\\/#breadcrumb\",\"itemListElement\":[{\"@type\":\"ListItem\",\"position\":1,\"name\":\"Portada\",\"item\":\"https:\\\/\\\/revolutionpadelstore.com\\\/de\\\/\"},{\"@type\":\"ListItem\",\"position\":2,\"name\":\"Shop\",\"item\":\"https:\\\/\\\/revolutionpadelstore.com\\\/de\\\/tienda\\\/\"},{\"@type\":\"ListItem\",\"position\":3,\"name\":\"SIUX VALKIRIA ELITE 2025\"}]},{\"@type\":\"WebSite\",\"@id\":\"https:\\\/\\\/revolutionpadelstore.com\\\/de\\\/#website\",\"url\":\"https:\\\/\\\/revolutionpadelstore.com\\\/de\\\/\",\"name\":\"Revolution Padel Store\",\"description\":\"\",\"publisher\":{\"@id\":\"https:\\\/\\\/revolutionpadelstore.com\\\/de\\\/#organization\"},\"potentialAction\":[{\"@type\":\"SearchAction\",\"target\":{\"@type\":\"EntryPoint\",\"urlTemplate\":\"https:\\\/\\\/revolutionpadelstore.com\\\/de\\\/?s={search_term_string}\"},\"query-input\":{\"@type\":\"PropertyValueSpecification\",\"valueRequired\":true,\"valueName\":\"search_term_string\"}}],\"inLanguage\":\"de\"},{\"@type\":\"Organization\",\"@id\":\"https:\\\/\\\/revolutionpadelstore.com\\\/de\\\/#organization\",\"name\":\"Revolution Padel Store\",\"url\":\"https:\\\/\\\/revolutionpadelstore.com\\\/de\\\/\",\"logo\":{\"@type\":\"ImageObject\",\"inLanguage\":\"de\",\"@id\":\"https:\\\/\\\/revolutionpadelstore.com\\\/de\\\/#\\\/schema\\\/logo\\\/image\\\/\",\"url\":\"https:\\\/\\\/revolutionpadelstore.com\\\/wp-content\\\/uploads\\\/2026\\\/02\\\/revolution-padel-store.jpg\",\"contentUrl\":\"https:\\\/\\\/revolutionpadelstore.com\\\/wp-content\\\/uploads\\\/2026\\\/02\\\/revolution-padel-store.jpg\",\"width\":2000,\"height\":2000,\"caption\":\"Revolution Padel Store\"},\"image\":{\"@id\":\"https:\\\/\\\/revolutionpadelstore.com\\\/de\\\/#\\\/schema\\\/logo\\\/image\\\/\"},\"sameAs\":[\"https:\\\/\\\/www.instagram.com\\\/revolutionpadelstore\\\/\"]}]}<\/script>\n<!-- \/ Yoast SEO plugin. -->","yoast_head_json":{"title":"SIUX VALKIRIA ELITE 2025 - Revolution Padel Store","description":"Descubre la Siux Valkiria Elite 2025 Mujer, una pala h\u00edbrida con carbono 12K, goma EVA y tecnolog\u00edas avanzadas. Potencia y control en un solo modelo. \u00a1Mejor precio en Revolution Padel Store!","robots":{"index":"index","follow":"follow","max-snippet":"max-snippet:-1","max-image-preview":"max-image-preview:large","max-video-preview":"max-video-preview:-1"},"canonical":"https:\/\/revolutionpadelstore.com\/de\/produkt\/siux-valkiria-elite-2025-1\/","og_locale":"de_DE","og_type":"article","og_title":"SIUX VALKIRIA ELITE 2025 - Revolution Padel Store","og_description":"Descubre la Siux Valkiria Elite 2025 Mujer, una pala h\u00edbrida con carbono 12K, goma EVA y tecnolog\u00edas avanzadas. Potencia y control en un solo modelo. \u00a1Mejor precio en Revolution Padel Store!","og_url":"https:\/\/revolutionpadelstore.com\/de\/produkt\/siux-valkiria-elite-2025-1\/","og_site_name":"Revolution Padel Store","article_modified_time":"2026-04-08T05:54:27+00:00","og_image":[{"width":1500,"height":1500,"url":"https:\/\/revolutionpadelstore.com\/wp-content\/uploads\/2025\/02\/112661-siux-valkiria-elite-1500x1500-1.webp","type":"image\/webp"}],"twitter_card":"summary_large_image","twitter_misc":{"Gesch\u00e4tzte Lesezeit":"1\u00a0Minute"},"schema":{"@context":"https:\/\/schema.org","@graph":[{"@type":"WebPage","@id":"https:\/\/revolutionpadelstore.com\/de\/produkt\/siux-valkiria-elite-2025-1\/","url":"https:\/\/revolutionpadelstore.com\/de\/produkt\/siux-valkiria-elite-2025-1\/","name":"SIUX VALKIRIA ELITE 2025 - Revolution Padel Store","isPartOf":{"@id":"https:\/\/revolutionpadelstore.com\/de\/#website"},"primaryImageOfPage":{"@id":"https:\/\/revolutionpadelstore.com\/de\/produkt\/siux-valkiria-elite-2025-1\/#primaryimage"},"image":{"@id":"https:\/\/revolutionpadelstore.com\/de\/produkt\/siux-valkiria-elite-2025-1\/#primaryimage"},"thumbnailUrl":"https:\/\/revolutionpadelstore.com\/wp-content\/uploads\/2025\/02\/112661-siux-valkiria-elite-1500x1500-1.webp","datePublished":"2025-02-05T07:38:59+00:00","dateModified":"2026-04-08T05:54:27+00:00","description":"Descubre la Siux Valkiria Elite 2025 Mujer, una pala h\u00edbrida con carbono 12K, goma EVA y tecnolog\u00edas avanzadas. Potencia y control en un solo modelo. \u00a1Mejor precio en Revolution Padel Store!","breadcrumb":{"@id":"https:\/\/revolutionpadelstore.com\/de\/produkt\/siux-valkiria-elite-2025-1\/#breadcrumb"},"inLanguage":"de","potentialAction":[{"@type":"ReadAction","target":["https:\/\/revolutionpadelstore.com\/de\/produkt\/siux-valkiria-elite-2025-1\/"]}]},{"@type":"ImageObject","inLanguage":"de","@id":"https:\/\/revolutionpadelstore.com\/de\/produkt\/siux-valkiria-elite-2025-1\/#primaryimage","url":"https:\/\/revolutionpadelstore.com\/wp-content\/uploads\/2025\/02\/112661-siux-valkiria-elite-1500x1500-1.webp","contentUrl":"https:\/\/revolutionpadelstore.com\/wp-content\/uploads\/2025\/02\/112661-siux-valkiria-elite-1500x1500-1.webp","width":1500,"height":1500},{"@type":"BreadcrumbList","@id":"https:\/\/revolutionpadelstore.com\/de\/produkt\/siux-valkiria-elite-2025-1\/#breadcrumb","itemListElement":[{"@type":"ListItem","position":1,"name":"Portada","item":"https:\/\/revolutionpadelstore.com\/de\/"},{"@type":"ListItem","position":2,"name":"Shop","item":"https:\/\/revolutionpadelstore.com\/de\/tienda\/"},{"@type":"ListItem","position":3,"name":"SIUX VALKIRIA ELITE 2025"}]},{"@type":"WebSite","@id":"https:\/\/revolutionpadelstore.com\/de\/#website","url":"https:\/\/revolutionpadelstore.com\/de\/","name":"Revolution Padel Store","description":"","publisher":{"@id":"https:\/\/revolutionpadelstore.com\/de\/#organization"},"potentialAction":[{"@type":"SearchAction","target":{"@type":"EntryPoint","urlTemplate":"https:\/\/revolutionpadelstore.com\/de\/?s={search_term_string}"},"query-input":{"@type":"PropertyValueSpecification","valueRequired":true,"valueName":"search_term_string"}}],"inLanguage":"de"},{"@type":"Organization","@id":"https:\/\/revolutionpadelstore.com\/de\/#organization","name":"Revolution Padel Store","url":"https:\/\/revolutionpadelstore.com\/de\/","logo":{"@type":"ImageObject","inLanguage":"de","@id":"https:\/\/revolutionpadelstore.com\/de\/#\/schema\/logo\/image\/","url":"https:\/\/revolutionpadelstore.com\/wp-content\/uploads\/2026\/02\/revolution-padel-store.jpg","contentUrl":"https:\/\/revolutionpadelstore.com\/wp-content\/uploads\/2026\/02\/revolution-padel-store.jpg","width":2000,"height":2000,"caption":"Revolution Padel Store"},"image":{"@id":"https:\/\/revolutionpadelstore.com\/de\/#\/schema\/logo\/image\/"},"sameAs":["https:\/\/www.instagram.com\/revolutionpadelstore\/"]}]}},"_links":{"self":[{"href":"https:\/\/revolutionpadelstore.com\/de\/wp-json\/wp\/v2\/product\/167794","targetHints":{"allow":["GET"]}}],"collection":[{"href":"https:\/\/revolutionpadelstore.com\/de\/wp-json\/wp\/v2\/product"}],"about":[{"href":"https:\/\/revolutionpadelstore.com\/de\/wp-json\/wp\/v2\/types\/product"}],"replies":[{"embeddable":true,"href":"https:\/\/revolutionpadelstore.com\/de\/wp-json\/wp\/v2\/comments?post=167794"}],"wp:featuredmedia":[{"embeddable":true,"href":"https:\/\/revolutionpadelstore.com\/de\/wp-json\/wp\/v2\/media\/167729"}],"wp:attachment":[{"href":"https:\/\/revolutionpadelstore.com\/de\/wp-json\/wp\/v2\/media?parent=167794"}],"wp:term":[{"taxonomy":"acabado","embeddable":true,"href":"https:\/\/revolutionpadelstore.com\/de\/wp-json\/wp\/v2\/acabado?post=167794"},{"taxonomy":"balance","embeddable":true,"href":"https:\/\/revolutionpadelstore.com\/de\/wp-json\/wp\/v2\/balance?post=167794"},{"taxonomy":"dureza","embeddable":true,"href":"https:\/\/revolutionpadelstore.com\/de\/wp-json\/wp\/v2\/dureza?post=167794"},{"taxonomy":"forma","embeddable":true,"href":"https:\/\/revolutionpadelstore.com\/de\/wp-json\/wp\/v2\/forma?post=167794"},{"taxonomy":"jugador","embeddable":true,"href":"https:\/\/revolutionpadelstore.com\/de\/wp-json\/wp\/v2\/jugador?post=167794"},{"taxonomy":"marca","embeddable":true,"href":"https:\/\/revolutionpadelstore.com\/de\/wp-json\/wp\/v2\/marca?post=167794"},{"taxonomy":"nivel-de-juego","embeddable":true,"href":"https:\/\/revolutionpadelstore.com\/de\/wp-json\/wp\/v2\/nivel-de-juego?post=167794"},{"taxonomy":"superficie","embeddable":true,"href":"https:\/\/revolutionpadelstore.com\/de\/wp-json\/wp\/v2\/superficie?post=167794"},{"taxonomy":"tipo-de-juego","embeddable":true,"href":"https:\/\/revolutionpadelstore.com\/de\/wp-json\/wp\/v2\/tipo-de-juego?post=167794"},{"taxonomy":"product_brand","embeddable":true,"href":"https:\/\/revolutionpadelstore.com\/de\/wp-json\/wp\/v2\/product_brand?post=167794"},{"taxonomy":"product_cat","embeddable":true,"href":"https:\/\/revolutionpadelstore.com\/de\/wp-json\/wp\/v2\/product_cat?post=167794"},{"taxonomy":"product_tag","embeddable":true,"href":"https:\/\/revolutionpadelstore.com\/de\/wp-json\/wp\/v2\/product_tag?post=167794"}],"curies":[{"name":"wp","href":"https:\/\/api.w.org\/{rel}","templated":true}]}}