{"id":167722,"date":"2025-02-05T08:22:41","date_gmt":"2025-02-05T07:22:41","guid":{"rendered":"https:\/\/revolutionpadelstore.com\/siux-fenix-elite-5\/"},"modified":"2026-04-21T14:00:37","modified_gmt":"2026-04-21T12:00:37","slug":"siux-fenix-elite-5-4","status":"publish","type":"product","link":"https:\/\/revolutionpadelstore.com\/de\/produkt\/siux-fenix-elite-5-4\/","title":{"rendered":"SIUX FENIX ELITE 5"},"content":{"rendered":"<p><H2> <strong> Siux Fenix \u200b\u200bElite 5 2025 &#8211; Kraft und Genauigkeit in jedem Schlag <\/ strong> <\/ h2><br \/>\nDie <strong> Siux Fenix \u200b\u200bElite 5 2025 <\/strong> ist die endg\u00fcltige Schaufel f\u00fcr beleidigende Spieler, die nach <strong> maximale Leistung und Kontrolle <\/strong> auf der Strecke suchen. Ihre <strong> Diamantform, hohe Balance und harte Ber\u00fchrung garantieren einen explosiven Kleber, der ideal ist, um die Punkte mit Kraft zu definieren.<\/p>\n<p>Diese Schaufel wird mit <strong> Carbon 12K <\/strong> hergestellt und bietet eine starre Struktur, die die <strong> Energietransfer <\/strong> optimiert, sodass Sie verheerende Auktionen ausf\u00fchren k\u00f6nnen. Dar\u00fcber hinaus bietet sein Gewicht von <strong> 360-375 Gramm <\/strong> ein perfektes Gleichgewicht zwischen Stabilit\u00e4t und Man\u00f6vrierf\u00e4higkeit.<\/p>\n<h2> <strong> entwickelt f\u00fcr fortschrittliche aggressive Spieler <\/ strong> <\/ h2><br \/>\nWenn Sie ein fortgeschrittener <strong> -Spieler <\/strong> sind, der sich f\u00fcr sein <strong> -Loffensives <\/strong> auff\u00e4llt, ist die <strong> Siux Fenix \u200b\u200bElite 5 2025 <\/strong> Ihr bester Verb\u00fcndeter. Sein hoher s\u00fc\u00dfer Punkt erleichtert starke Schl\u00e4ge aus jedem Bereich der Strecke, w\u00e4hrend seine 3D -Rauheit die Auswirkungen verbessert und eine st\u00e4rkere Rotation und Kontrolle \u00fcber den Ball liefert.<\/p>\n<h2> <strong> Fortgeschrittene Eigenschaften und Technologien <\/ strong> <\/ h2><br \/>\n<P> <strong> -diamond-Form und hohes Gleichgewicht: <\/strong> Ideal f\u00fcr ein Angriffsspiel mit maximaler Leistung.<br \/>\n<strong> -12k Kohlenstoff in den Pl\u00e4nen: <\/strong> gr\u00f6\u00dfere Starrheit, Haltbarkeit und eine solide Reaktion in jedem Aufprall.<br \/>\n<strong> -Eva-Gummizahl: <\/strong> Perfektes Gleichgewicht zwischen Kraft, Komfort und schneller Reaktion.<br \/>\n<strong> -Hoch s\u00fc\u00dfe Kraft: <\/strong> erleichtert effektivere Auktionen in der Offensivzone.<br \/>\n<strong> -3d-Rugosit\u00e4t f\u00fcr Gesichter: <\/strong> verbessert die Auswirkungen und die Kontrolle \u00fcber den Ball.<br \/>\n<strong> -Etended Pu\u00f1\u00f1o: <\/strong> gr\u00f6\u00dferer Komfort f\u00fcr zweih\u00e4ndige R\u00fcckschl\u00e4ge<\/p>\n<h2> <strong> dominiert die Spur mit der Siux Fenix \u200b\u200bElite 5 2025 <\/ strong> <\/ h2><br \/>\nWenn Sie nach einer Schaufel mit maximaler Leistung, gro\u00dfer Starrheit und Effektkapazit\u00e4t <\/strong> suchen, ist die <strong> Siux Fenix \u200b\u200bElite 5 2025 <\/strong> die perfekte Option, um Ihr Spielniveau und Ihr Spielniveau zu erh\u00f6hen und zu erh\u00f6hen und zu erh\u00f6hen und zu erh\u00f6hen und zu erh\u00f6hen und zu erh\u00f6hen. Schlie\u00dfen Sie die Punkte mit Autorit\u00e4t.<\/p>\n<p>Holen Sie sich jetzt in unserem Online-Shop <a href=\"https:\/\/chatgpt.com\/g\/g-675432e02688191b6ee6d6f2fdbb15e-optimization-textos\/c\/www.revolutionpadelstore.com\"> www.revadelstore.com &#8220;&gt; www.revadelstore.com&#8221;&gt; www.revadelstore.com &#8220;&gt; www.revadelstore.com <\/a>&#8220;&gt; www.revadelstore.com &#8221; Wahrscheinlich zum besten Marktpreis!<\/p>\n<h2><strong>Siux Fenix Elite 5 2025 \u2013 Potencia y precisi\u00f3n en cada golpe<\/strong><\/p>\n","protected":false},"excerpt":{"rendered":"<p>Die <strong> Siux Fenix \u200b\u200bElite 5 2025 <\/strong> bietet ein perfektes Gleichgewicht zwischen Leistung und Pr\u00e4zision dank seines diamantf\u00f6rmigen Designs, seiner 12 -km -Konstruktion und seiner rauen Finish. Es ist eine ideale Schaufel f\u00fcr fortgeschrittene Spieler, die sich mit stumpfen und aggressiven Schl\u00e4gen im Netzwerk aufzwingen m\u00f6chten.<strong>Siux Fenix Elite 5 2025<\/strong><\/p>\n","protected":false},"featured_media":167657,"comment_status":"open","ping_status":"closed","template":"","meta":{"_acf_changed":false,"_joinchat":[]},"acabado":[1089],"balance":[1134],"dureza":[1159],"forma":[1169],"jugador":[1189,1199],"marca":[1304],"nivel-de-juego":[1334],"superficie":[1359],"tipo-de-juego":[1374],"product_brand":[],"product_cat":[299],"product_tag":[],"class_list":{"0":"post-167722","1":"product","2":"type-product","3":"status-publish","4":"has-post-thumbnail","6":"acabado-3d-entlasten","7":"balance-hoch","8":"dureza-dura-de","9":"forma-diamante-de","10":"jugador-mann","11":"jugador-mehrzweck","12":"marca-siux-de","13":"superficie-rugosa-de","14":"tipo-de-juego-leistung","15":"product_cat-palas-de-padel-de","17":"first","18":"instock","19":"sale","20":"taxable","21":"shipping-taxable","22":"purchasable","23":"product-type-simple"},"acf":[],"yoast_head":"<!-- This site is optimized with the Yoast SEO plugin v27.4 - https:\/\/yoast.com\/product\/yoast-seo-wordpress\/ -->\n<title>SIUX FENIX ELITE 5 - Revolution Padel Store<\/title>\n<meta name=\"description\" content=\"Compra la Siux Fenix Elite 5 2025, una pala de p\u00e1del con potencia y precisi\u00f3n para jugadores avanzados. Forma de diamante, carbono 12K y rugosidad 3D. \u00a1Cons\u00edguela en Revolution Padel Store al mejor precio!\" \/>\n<meta name=\"robots\" content=\"index, follow, max-snippet:-1, max-image-preview:large, max-video-preview:-1\" \/>\n<link rel=\"canonical\" href=\"https:\/\/revolutionpadelstore.com\/de\/produkt\/siux-fenix-elite-5-4\/\" \/>\n<meta property=\"og:locale\" content=\"de_DE\" \/>\n<meta property=\"og:type\" content=\"article\" \/>\n<meta property=\"og:title\" content=\"SIUX FENIX ELITE 5 - Revolution Padel Store\" \/>\n<meta property=\"og:description\" content=\"Compra la Siux Fenix Elite 5 2025, una pala de p\u00e1del con potencia y precisi\u00f3n para jugadores avanzados. Forma de diamante, carbono 12K y rugosidad 3D. \u00a1Cons\u00edguela en Revolution Padel Store al mejor precio!\" \/>\n<meta property=\"og:url\" content=\"https:\/\/revolutionpadelstore.com\/de\/produkt\/siux-fenix-elite-5-4\/\" \/>\n<meta property=\"og:site_name\" content=\"Revolution Padel Store\" \/>\n<meta property=\"article:modified_time\" content=\"2026-04-21T12:00:37+00:00\" \/>\n<meta property=\"og:image\" content=\"https:\/\/revolutionpadelstore.com\/wp-content\/uploads\/2025\/02\/112641-siux-fenix-elite-5-1500x1500-vista1.webp\" \/>\n\t<meta property=\"og:image:width\" content=\"1500\" \/>\n\t<meta property=\"og:image:height\" content=\"1500\" \/>\n\t<meta property=\"og:image:type\" content=\"image\/webp\" \/>\n<meta name=\"twitter:card\" content=\"summary_large_image\" \/>\n<meta name=\"twitter:label1\" content=\"Gesch\u00e4tzte Lesezeit\" \/>\n\t<meta name=\"twitter:data1\" content=\"2\u00a0Minuten\" \/>\n<script type=\"application\/ld+json\" class=\"yoast-schema-graph\">{\"@context\":\"https:\\\/\\\/schema.org\",\"@graph\":[{\"@type\":\"WebPage\",\"@id\":\"https:\\\/\\\/revolutionpadelstore.com\\\/de\\\/produkt\\\/siux-fenix-elite-5-4\\\/\",\"url\":\"https:\\\/\\\/revolutionpadelstore.com\\\/de\\\/produkt\\\/siux-fenix-elite-5-4\\\/\",\"name\":\"SIUX FENIX ELITE 5 - Revolution Padel Store\",\"isPartOf\":{\"@id\":\"https:\\\/\\\/revolutionpadelstore.com\\\/de\\\/#website\"},\"primaryImageOfPage\":{\"@id\":\"https:\\\/\\\/revolutionpadelstore.com\\\/de\\\/produkt\\\/siux-fenix-elite-5-4\\\/#primaryimage\"},\"image\":{\"@id\":\"https:\\\/\\\/revolutionpadelstore.com\\\/de\\\/produkt\\\/siux-fenix-elite-5-4\\\/#primaryimage\"},\"thumbnailUrl\":\"https:\\\/\\\/revolutionpadelstore.com\\\/wp-content\\\/uploads\\\/2025\\\/02\\\/112641-siux-fenix-elite-5-1500x1500-vista1.webp\",\"datePublished\":\"2025-02-05T07:22:41+00:00\",\"dateModified\":\"2026-04-21T12:00:37+00:00\",\"description\":\"Compra la Siux Fenix Elite 5 2025, una pala de p\u00e1del con potencia y precisi\u00f3n para jugadores avanzados. Forma de diamante, carbono 12K y rugosidad 3D. \u00a1Cons\u00edguela en Revolution Padel Store al mejor precio!\",\"breadcrumb\":{\"@id\":\"https:\\\/\\\/revolutionpadelstore.com\\\/de\\\/produkt\\\/siux-fenix-elite-5-4\\\/#breadcrumb\"},\"inLanguage\":\"de\",\"potentialAction\":[{\"@type\":\"ReadAction\",\"target\":[\"https:\\\/\\\/revolutionpadelstore.com\\\/de\\\/produkt\\\/siux-fenix-elite-5-4\\\/\"]}]},{\"@type\":\"ImageObject\",\"inLanguage\":\"de\",\"@id\":\"https:\\\/\\\/revolutionpadelstore.com\\\/de\\\/produkt\\\/siux-fenix-elite-5-4\\\/#primaryimage\",\"url\":\"https:\\\/\\\/revolutionpadelstore.com\\\/wp-content\\\/uploads\\\/2025\\\/02\\\/112641-siux-fenix-elite-5-1500x1500-vista1.webp\",\"contentUrl\":\"https:\\\/\\\/revolutionpadelstore.com\\\/wp-content\\\/uploads\\\/2025\\\/02\\\/112641-siux-fenix-elite-5-1500x1500-vista1.webp\",\"width\":1500,\"height\":1500},{\"@type\":\"BreadcrumbList\",\"@id\":\"https:\\\/\\\/revolutionpadelstore.com\\\/de\\\/produkt\\\/siux-fenix-elite-5-4\\\/#breadcrumb\",\"itemListElement\":[{\"@type\":\"ListItem\",\"position\":1,\"name\":\"Portada\",\"item\":\"https:\\\/\\\/revolutionpadelstore.com\\\/de\\\/\"},{\"@type\":\"ListItem\",\"position\":2,\"name\":\"Shop\",\"item\":\"https:\\\/\\\/revolutionpadelstore.com\\\/de\\\/tienda\\\/\"},{\"@type\":\"ListItem\",\"position\":3,\"name\":\"SIUX FENIX ELITE 5\"}]},{\"@type\":\"WebSite\",\"@id\":\"https:\\\/\\\/revolutionpadelstore.com\\\/de\\\/#website\",\"url\":\"https:\\\/\\\/revolutionpadelstore.com\\\/de\\\/\",\"name\":\"Revolution Padel Store\",\"description\":\"\",\"publisher\":{\"@id\":\"https:\\\/\\\/revolutionpadelstore.com\\\/de\\\/#organization\"},\"potentialAction\":[{\"@type\":\"SearchAction\",\"target\":{\"@type\":\"EntryPoint\",\"urlTemplate\":\"https:\\\/\\\/revolutionpadelstore.com\\\/de\\\/?s={search_term_string}\"},\"query-input\":{\"@type\":\"PropertyValueSpecification\",\"valueRequired\":true,\"valueName\":\"search_term_string\"}}],\"inLanguage\":\"de\"},{\"@type\":\"Organization\",\"@id\":\"https:\\\/\\\/revolutionpadelstore.com\\\/de\\\/#organization\",\"name\":\"Revolution Padel Store\",\"url\":\"https:\\\/\\\/revolutionpadelstore.com\\\/de\\\/\",\"logo\":{\"@type\":\"ImageObject\",\"inLanguage\":\"de\",\"@id\":\"https:\\\/\\\/revolutionpadelstore.com\\\/de\\\/#\\\/schema\\\/logo\\\/image\\\/\",\"url\":\"https:\\\/\\\/revolutionpadelstore.com\\\/wp-content\\\/uploads\\\/2026\\\/02\\\/revolution-padel-store.jpg\",\"contentUrl\":\"https:\\\/\\\/revolutionpadelstore.com\\\/wp-content\\\/uploads\\\/2026\\\/02\\\/revolution-padel-store.jpg\",\"width\":2000,\"height\":2000,\"caption\":\"Revolution Padel Store\"},\"image\":{\"@id\":\"https:\\\/\\\/revolutionpadelstore.com\\\/de\\\/#\\\/schema\\\/logo\\\/image\\\/\"},\"sameAs\":[\"https:\\\/\\\/www.instagram.com\\\/revolutionpadelstore\\\/\"]}]}<\/script>\n<!-- \/ Yoast SEO plugin. -->","yoast_head_json":{"title":"SIUX FENIX ELITE 5 - Revolution Padel Store","description":"Compra la Siux Fenix Elite 5 2025, una pala de p\u00e1del con potencia y precisi\u00f3n para jugadores avanzados. Forma de diamante, carbono 12K y rugosidad 3D. \u00a1Cons\u00edguela en Revolution Padel Store al mejor precio!","robots":{"index":"index","follow":"follow","max-snippet":"max-snippet:-1","max-image-preview":"max-image-preview:large","max-video-preview":"max-video-preview:-1"},"canonical":"https:\/\/revolutionpadelstore.com\/de\/produkt\/siux-fenix-elite-5-4\/","og_locale":"de_DE","og_type":"article","og_title":"SIUX FENIX ELITE 5 - Revolution Padel Store","og_description":"Compra la Siux Fenix Elite 5 2025, una pala de p\u00e1del con potencia y precisi\u00f3n para jugadores avanzados. Forma de diamante, carbono 12K y rugosidad 3D. \u00a1Cons\u00edguela en Revolution Padel Store al mejor precio!","og_url":"https:\/\/revolutionpadelstore.com\/de\/produkt\/siux-fenix-elite-5-4\/","og_site_name":"Revolution Padel Store","article_modified_time":"2026-04-21T12:00:37+00:00","og_image":[{"width":1500,"height":1500,"url":"https:\/\/revolutionpadelstore.com\/wp-content\/uploads\/2025\/02\/112641-siux-fenix-elite-5-1500x1500-vista1.webp","type":"image\/webp"}],"twitter_card":"summary_large_image","twitter_misc":{"Gesch\u00e4tzte Lesezeit":"2\u00a0Minuten"},"schema":{"@context":"https:\/\/schema.org","@graph":[{"@type":"WebPage","@id":"https:\/\/revolutionpadelstore.com\/de\/produkt\/siux-fenix-elite-5-4\/","url":"https:\/\/revolutionpadelstore.com\/de\/produkt\/siux-fenix-elite-5-4\/","name":"SIUX FENIX ELITE 5 - Revolution Padel Store","isPartOf":{"@id":"https:\/\/revolutionpadelstore.com\/de\/#website"},"primaryImageOfPage":{"@id":"https:\/\/revolutionpadelstore.com\/de\/produkt\/siux-fenix-elite-5-4\/#primaryimage"},"image":{"@id":"https:\/\/revolutionpadelstore.com\/de\/produkt\/siux-fenix-elite-5-4\/#primaryimage"},"thumbnailUrl":"https:\/\/revolutionpadelstore.com\/wp-content\/uploads\/2025\/02\/112641-siux-fenix-elite-5-1500x1500-vista1.webp","datePublished":"2025-02-05T07:22:41+00:00","dateModified":"2026-04-21T12:00:37+00:00","description":"Compra la Siux Fenix Elite 5 2025, una pala de p\u00e1del con potencia y precisi\u00f3n para jugadores avanzados. Forma de diamante, carbono 12K y rugosidad 3D. \u00a1Cons\u00edguela en Revolution Padel Store al mejor precio!","breadcrumb":{"@id":"https:\/\/revolutionpadelstore.com\/de\/produkt\/siux-fenix-elite-5-4\/#breadcrumb"},"inLanguage":"de","potentialAction":[{"@type":"ReadAction","target":["https:\/\/revolutionpadelstore.com\/de\/produkt\/siux-fenix-elite-5-4\/"]}]},{"@type":"ImageObject","inLanguage":"de","@id":"https:\/\/revolutionpadelstore.com\/de\/produkt\/siux-fenix-elite-5-4\/#primaryimage","url":"https:\/\/revolutionpadelstore.com\/wp-content\/uploads\/2025\/02\/112641-siux-fenix-elite-5-1500x1500-vista1.webp","contentUrl":"https:\/\/revolutionpadelstore.com\/wp-content\/uploads\/2025\/02\/112641-siux-fenix-elite-5-1500x1500-vista1.webp","width":1500,"height":1500},{"@type":"BreadcrumbList","@id":"https:\/\/revolutionpadelstore.com\/de\/produkt\/siux-fenix-elite-5-4\/#breadcrumb","itemListElement":[{"@type":"ListItem","position":1,"name":"Portada","item":"https:\/\/revolutionpadelstore.com\/de\/"},{"@type":"ListItem","position":2,"name":"Shop","item":"https:\/\/revolutionpadelstore.com\/de\/tienda\/"},{"@type":"ListItem","position":3,"name":"SIUX FENIX ELITE 5"}]},{"@type":"WebSite","@id":"https:\/\/revolutionpadelstore.com\/de\/#website","url":"https:\/\/revolutionpadelstore.com\/de\/","name":"Revolution Padel Store","description":"","publisher":{"@id":"https:\/\/revolutionpadelstore.com\/de\/#organization"},"potentialAction":[{"@type":"SearchAction","target":{"@type":"EntryPoint","urlTemplate":"https:\/\/revolutionpadelstore.com\/de\/?s={search_term_string}"},"query-input":{"@type":"PropertyValueSpecification","valueRequired":true,"valueName":"search_term_string"}}],"inLanguage":"de"},{"@type":"Organization","@id":"https:\/\/revolutionpadelstore.com\/de\/#organization","name":"Revolution Padel Store","url":"https:\/\/revolutionpadelstore.com\/de\/","logo":{"@type":"ImageObject","inLanguage":"de","@id":"https:\/\/revolutionpadelstore.com\/de\/#\/schema\/logo\/image\/","url":"https:\/\/revolutionpadelstore.com\/wp-content\/uploads\/2026\/02\/revolution-padel-store.jpg","contentUrl":"https:\/\/revolutionpadelstore.com\/wp-content\/uploads\/2026\/02\/revolution-padel-store.jpg","width":2000,"height":2000,"caption":"Revolution Padel Store"},"image":{"@id":"https:\/\/revolutionpadelstore.com\/de\/#\/schema\/logo\/image\/"},"sameAs":["https:\/\/www.instagram.com\/revolutionpadelstore\/"]}]}},"_links":{"self":[{"href":"https:\/\/revolutionpadelstore.com\/de\/wp-json\/wp\/v2\/product\/167722","targetHints":{"allow":["GET"]}}],"collection":[{"href":"https:\/\/revolutionpadelstore.com\/de\/wp-json\/wp\/v2\/product"}],"about":[{"href":"https:\/\/revolutionpadelstore.com\/de\/wp-json\/wp\/v2\/types\/product"}],"replies":[{"embeddable":true,"href":"https:\/\/revolutionpadelstore.com\/de\/wp-json\/wp\/v2\/comments?post=167722"}],"wp:featuredmedia":[{"embeddable":true,"href":"https:\/\/revolutionpadelstore.com\/de\/wp-json\/wp\/v2\/media\/167657"}],"wp:attachment":[{"href":"https:\/\/revolutionpadelstore.com\/de\/wp-json\/wp\/v2\/media?parent=167722"}],"wp:term":[{"taxonomy":"acabado","embeddable":true,"href":"https:\/\/revolutionpadelstore.com\/de\/wp-json\/wp\/v2\/acabado?post=167722"},{"taxonomy":"balance","embeddable":true,"href":"https:\/\/revolutionpadelstore.com\/de\/wp-json\/wp\/v2\/balance?post=167722"},{"taxonomy":"dureza","embeddable":true,"href":"https:\/\/revolutionpadelstore.com\/de\/wp-json\/wp\/v2\/dureza?post=167722"},{"taxonomy":"forma","embeddable":true,"href":"https:\/\/revolutionpadelstore.com\/de\/wp-json\/wp\/v2\/forma?post=167722"},{"taxonomy":"jugador","embeddable":true,"href":"https:\/\/revolutionpadelstore.com\/de\/wp-json\/wp\/v2\/jugador?post=167722"},{"taxonomy":"marca","embeddable":true,"href":"https:\/\/revolutionpadelstore.com\/de\/wp-json\/wp\/v2\/marca?post=167722"},{"taxonomy":"nivel-de-juego","embeddable":true,"href":"https:\/\/revolutionpadelstore.com\/de\/wp-json\/wp\/v2\/nivel-de-juego?post=167722"},{"taxonomy":"superficie","embeddable":true,"href":"https:\/\/revolutionpadelstore.com\/de\/wp-json\/wp\/v2\/superficie?post=167722"},{"taxonomy":"tipo-de-juego","embeddable":true,"href":"https:\/\/revolutionpadelstore.com\/de\/wp-json\/wp\/v2\/tipo-de-juego?post=167722"},{"taxonomy":"product_brand","embeddable":true,"href":"https:\/\/revolutionpadelstore.com\/de\/wp-json\/wp\/v2\/product_brand?post=167722"},{"taxonomy":"product_cat","embeddable":true,"href":"https:\/\/revolutionpadelstore.com\/de\/wp-json\/wp\/v2\/product_cat?post=167722"},{"taxonomy":"product_tag","embeddable":true,"href":"https:\/\/revolutionpadelstore.com\/de\/wp-json\/wp\/v2\/product_tag?post=167722"}],"curies":[{"name":"wp","href":"https:\/\/api.w.org\/{rel}","templated":true}]}}