{"id":167578,"date":"2025-02-04T19:35:03","date_gmt":"2025-02-04T18:35:03","guid":{"rendered":"https:\/\/revolutionpadelstore.com\/siux-valkiria-pro\/"},"modified":"2026-04-03T02:00:39","modified_gmt":"2026-04-03T00:00:39","slug":"siux-valkiria-pro-1","status":"publish","type":"product","link":"https:\/\/revolutionpadelstore.com\/de\/produkt\/siux-valkiria-pro-1\/","title":{"rendered":"SIUX VALKIRIA PRO"},"content":{"rendered":"<h2> Siux Valkiria Pro 2025 &#8211; Strom und Kontrolle f\u00fcr professionelle Spieler <\/ H2><br \/>\nDie <strong> Siux Valkiria Pro 2025 <\/strong> ist eine Hochleistungs -Paddelschaufel f\u00fcr Spieler, die nach einer perfekten Balance zwischen <strong> Power und Control <\/strong> suchen. Mit einem hoch entwickelten Design in <strong> Blau und Wei\u00df mit einem hellen Abschluss <\/strong> sticht diese Schaufel sowohl f\u00fcr seine \u00c4sthetik als auch f\u00fcr seine fortschrittlichen Technologien auf. Das Hybridformat und die mittlere Balance garantieren hervorragende Man\u00f6vrierbarkeit und Vielseitigkeit auf der Strecke und machen es zur idealen Wahl f\u00fcr professionelle Spieler, die alle Aspekte des Spiels dominieren m\u00f6chten.<\/p>\n<h2> Maximale Leistung f\u00fcr anspruchsvolle Spieler <\/ h2><br \/>\nDas <strong> Siux Valkiria Pro 2025 <\/strong> bietet eine einzigartige Kombination aus <strong> explosive Kraft und au\u00dfergew\u00f6hnliche Kontrolle <\/strong>. Die Herstellung in <strong> 3K Carbon und Oberfl\u00e4che 24K Aluminisierte <\/strong> bietet eine feste und stabile Reaktion in jedem Schlag und optimiert die Leistung sowohl f\u00fcr die Verteidigung als auch f\u00fcr den Angriff.<\/p>\n<p>Dank seiner durchschnittlichen Note erm\u00f6glicht es eine perfekte Anpassung an verschiedene Spielstile und erm\u00f6glicht schnelle \u00dcberg\u00e4nge zwischen Pr\u00e4zisionsschl\u00e4gen und kraftvollen Auktionen.<\/p>\n<h2> Eigenschaften und Technologien des Siux Valkiria Pro 2025 <\/H2><\/p>\n<p>-Spiele Level: professionell<br \/>\n-Typ des Spiels: vielseitig (Kontrolle und Kraft)<br \/>\n-Form: Hybrid -Balance zwischen Angriff und Verteidigung<br \/>\n-Nucole: Soft Eva -Soft Touch und ausgezeichnete Ballauslass<br \/>\n-Balance: mittel -optimaler Stabilit\u00e4t und Man\u00f6vrierf\u00e4higkeit<br \/>\n-Uperficie: 24K Aluminisierte Widerstand und Wirkung auf die Schl\u00e4ge<br \/>\n-Material aus R\u00f6hren: 3k Kohlenstoff -Extra -Haltbarkeit und Starrheit<br \/>\n-Wake: Helligkeit -Moderne blau und wei\u00dfe Design<br \/>\n-Takt: mittel -perfekter Empfindung in jedem Schlag <\/p>\n<\/p>\n<p>&lt;In<br \/>\nWenn Sie nach einer vielseitigen, leistungsstarken und hochwertigen <\/strong> Schaufel suchen, ist die <strong> Siux Valkiria Pro 2025 <\/strong> die beste Option, um Ihr Spielniveau zu erh\u00f6hen. Perfekt f\u00fcr Spieler, die in jedem Spiel eine au\u00dfergew\u00f6hnliche Leistung suchen.<\/p>\n<p><strong> Kaufen Sie den Siux Valkiria Pro 2025 in unserem Online -Shop <a href=\"https:\/\/www.revolutionpadelstore.com\/\"> Revolution Padel Store <\/a> zum besten Marktpreis. Bleib nicht ohne deine!<\/p>\n<h2>Siux Valkiria Pro 2025 \u2013 Potencia y control para jugadoras profesionales<\/h2>\n","protected":false},"excerpt":{"rendered":"<p>Treffen Sie den Siux Valkiria Pro 2025, eine hohe Leistung und Vielseitigkeitsschaufel, die mit 3K -Kohlenstoff und einer 24K -aluminisierten Oberfl\u00e4che hergestellt wird. Pr\u00e4zision und Kontrolle bis zum Maximum!<\/p>\n","protected":false},"featured_media":167543,"comment_status":"open","ping_status":"closed","template":"","meta":{"_acf_changed":false,"_joinchat":[]},"acabado":[1079],"balance":[1139],"dureza":[1154],"forma":[1174],"jugador":[1194],"marca":[1304],"nivel-de-juego":[1334,1344],"superficie":[],"tipo-de-juego":[1384],"product_brand":[],"product_cat":[299],"product_tag":[],"class_list":{"0":"post-167578","1":"product","2":"type-product","3":"status-publish","4":"has-post-thumbnail","6":"acabado-helligkeit","7":"balance-mittel","8":"dureza-media-de","9":"forma-hybrid","10":"jugador-frau","11":"marca-siux-de","12":"tipo-de-juego-mehrzweck","13":"product_cat-palas-de-padel-de","15":"first","16":"instock","17":"sale","18":"taxable","19":"shipping-taxable","20":"purchasable","21":"product-type-simple"},"acf":[],"yoast_head":"<!-- This site is optimized with the Yoast SEO plugin v27.3 - https:\/\/yoast.com\/product\/yoast-seo-wordpress\/ -->\n<title>SIUX VALKIRIA PRO - Revolution Padel Store<\/title>\n<meta name=\"description\" content=\"Descubre la Siux Valkiria Pro 2025, una pala h\u00edbrida de alto rendimiento para jugadoras profesionales. Potencia, control y dise\u00f1o exclusivo. Compra online al mejor preci\" \/>\n<meta name=\"robots\" content=\"index, follow, max-snippet:-1, max-image-preview:large, max-video-preview:-1\" \/>\n<link rel=\"canonical\" href=\"https:\/\/revolutionpadelstore.com\/de\/produkt\/siux-valkiria-pro-1\/\" \/>\n<meta property=\"og:locale\" content=\"de_DE\" \/>\n<meta property=\"og:type\" content=\"article\" \/>\n<meta property=\"og:title\" content=\"SIUX VALKIRIA PRO - Revolution Padel Store\" \/>\n<meta property=\"og:description\" content=\"Descubre la Siux Valkiria Pro 2025, una pala h\u00edbrida de alto rendimiento para jugadoras profesionales. Potencia, control y dise\u00f1o exclusivo. Compra online al mejor preci\" \/>\n<meta property=\"og:url\" content=\"https:\/\/revolutionpadelstore.com\/de\/produkt\/siux-valkiria-pro-1\/\" \/>\n<meta property=\"og:site_name\" content=\"Revolution Padel Store\" \/>\n<meta property=\"article:modified_time\" content=\"2026-04-03T00:00:39+00:00\" \/>\n<meta property=\"og:image\" content=\"https:\/\/revolutionpadelstore.com\/wp-content\/uploads\/2025\/02\/94.png\" \/>\n\t<meta property=\"og:image:width\" content=\"1500\" \/>\n\t<meta property=\"og:image:height\" content=\"1500\" \/>\n\t<meta property=\"og:image:type\" content=\"image\/png\" \/>\n<meta name=\"twitter:card\" content=\"summary_large_image\" \/>\n<meta name=\"twitter:label1\" content=\"Gesch\u00e4tzte Lesezeit\" \/>\n\t<meta name=\"twitter:data1\" content=\"2\u00a0Minuten\" \/>\n<script type=\"application\/ld+json\" class=\"yoast-schema-graph\">{\"@context\":\"https:\\\/\\\/schema.org\",\"@graph\":[{\"@type\":\"WebPage\",\"@id\":\"https:\\\/\\\/revolutionpadelstore.com\\\/de\\\/produkt\\\/siux-valkiria-pro-1\\\/\",\"url\":\"https:\\\/\\\/revolutionpadelstore.com\\\/de\\\/produkt\\\/siux-valkiria-pro-1\\\/\",\"name\":\"SIUX VALKIRIA PRO - Revolution Padel Store\",\"isPartOf\":{\"@id\":\"https:\\\/\\\/revolutionpadelstore.com\\\/de\\\/#website\"},\"primaryImageOfPage\":{\"@id\":\"https:\\\/\\\/revolutionpadelstore.com\\\/de\\\/produkt\\\/siux-valkiria-pro-1\\\/#primaryimage\"},\"image\":{\"@id\":\"https:\\\/\\\/revolutionpadelstore.com\\\/de\\\/produkt\\\/siux-valkiria-pro-1\\\/#primaryimage\"},\"thumbnailUrl\":\"https:\\\/\\\/revolutionpadelstore.com\\\/wp-content\\\/uploads\\\/2025\\\/02\\\/94.png\",\"datePublished\":\"2025-02-04T18:35:03+00:00\",\"dateModified\":\"2026-04-03T00:00:39+00:00\",\"description\":\"Descubre la Siux Valkiria Pro 2025, una pala h\u00edbrida de alto rendimiento para jugadoras profesionales. Potencia, control y dise\u00f1o exclusivo. Compra online al mejor preci\",\"breadcrumb\":{\"@id\":\"https:\\\/\\\/revolutionpadelstore.com\\\/de\\\/produkt\\\/siux-valkiria-pro-1\\\/#breadcrumb\"},\"inLanguage\":\"de\",\"potentialAction\":[{\"@type\":\"ReadAction\",\"target\":[\"https:\\\/\\\/revolutionpadelstore.com\\\/de\\\/produkt\\\/siux-valkiria-pro-1\\\/\"]}]},{\"@type\":\"ImageObject\",\"inLanguage\":\"de\",\"@id\":\"https:\\\/\\\/revolutionpadelstore.com\\\/de\\\/produkt\\\/siux-valkiria-pro-1\\\/#primaryimage\",\"url\":\"https:\\\/\\\/revolutionpadelstore.com\\\/wp-content\\\/uploads\\\/2025\\\/02\\\/94.png\",\"contentUrl\":\"https:\\\/\\\/revolutionpadelstore.com\\\/wp-content\\\/uploads\\\/2025\\\/02\\\/94.png\",\"width\":1500,\"height\":1500},{\"@type\":\"BreadcrumbList\",\"@id\":\"https:\\\/\\\/revolutionpadelstore.com\\\/de\\\/produkt\\\/siux-valkiria-pro-1\\\/#breadcrumb\",\"itemListElement\":[{\"@type\":\"ListItem\",\"position\":1,\"name\":\"Portada\",\"item\":\"https:\\\/\\\/revolutionpadelstore.com\\\/de\\\/\"},{\"@type\":\"ListItem\",\"position\":2,\"name\":\"Shop\",\"item\":\"https:\\\/\\\/revolutionpadelstore.com\\\/de\\\/tienda\\\/\"},{\"@type\":\"ListItem\",\"position\":3,\"name\":\"SIUX VALKIRIA PRO\"}]},{\"@type\":\"WebSite\",\"@id\":\"https:\\\/\\\/revolutionpadelstore.com\\\/de\\\/#website\",\"url\":\"https:\\\/\\\/revolutionpadelstore.com\\\/de\\\/\",\"name\":\"Revolution Padel Store\",\"description\":\"\",\"publisher\":{\"@id\":\"https:\\\/\\\/revolutionpadelstore.com\\\/de\\\/#organization\"},\"potentialAction\":[{\"@type\":\"SearchAction\",\"target\":{\"@type\":\"EntryPoint\",\"urlTemplate\":\"https:\\\/\\\/revolutionpadelstore.com\\\/de\\\/?s={search_term_string}\"},\"query-input\":{\"@type\":\"PropertyValueSpecification\",\"valueRequired\":true,\"valueName\":\"search_term_string\"}}],\"inLanguage\":\"de\"},{\"@type\":\"Organization\",\"@id\":\"https:\\\/\\\/revolutionpadelstore.com\\\/de\\\/#organization\",\"name\":\"Revolution Padel Store\",\"url\":\"https:\\\/\\\/revolutionpadelstore.com\\\/de\\\/\",\"logo\":{\"@type\":\"ImageObject\",\"inLanguage\":\"de\",\"@id\":\"https:\\\/\\\/revolutionpadelstore.com\\\/de\\\/#\\\/schema\\\/logo\\\/image\\\/\",\"url\":\"https:\\\/\\\/revolutionpadelstore.com\\\/wp-content\\\/uploads\\\/2026\\\/02\\\/revolution-padel-store.jpg\",\"contentUrl\":\"https:\\\/\\\/revolutionpadelstore.com\\\/wp-content\\\/uploads\\\/2026\\\/02\\\/revolution-padel-store.jpg\",\"width\":2000,\"height\":2000,\"caption\":\"Revolution Padel Store\"},\"image\":{\"@id\":\"https:\\\/\\\/revolutionpadelstore.com\\\/de\\\/#\\\/schema\\\/logo\\\/image\\\/\"},\"sameAs\":[\"https:\\\/\\\/www.instagram.com\\\/revolutionpadelstore\\\/\"]}]}<\/script>\n<!-- \/ Yoast SEO plugin. -->","yoast_head_json":{"title":"SIUX VALKIRIA PRO - Revolution Padel Store","description":"Descubre la Siux Valkiria Pro 2025, una pala h\u00edbrida de alto rendimiento para jugadoras profesionales. Potencia, control y dise\u00f1o exclusivo. Compra online al mejor preci","robots":{"index":"index","follow":"follow","max-snippet":"max-snippet:-1","max-image-preview":"max-image-preview:large","max-video-preview":"max-video-preview:-1"},"canonical":"https:\/\/revolutionpadelstore.com\/de\/produkt\/siux-valkiria-pro-1\/","og_locale":"de_DE","og_type":"article","og_title":"SIUX VALKIRIA PRO - Revolution Padel Store","og_description":"Descubre la Siux Valkiria Pro 2025, una pala h\u00edbrida de alto rendimiento para jugadoras profesionales. Potencia, control y dise\u00f1o exclusivo. Compra online al mejor preci","og_url":"https:\/\/revolutionpadelstore.com\/de\/produkt\/siux-valkiria-pro-1\/","og_site_name":"Revolution Padel Store","article_modified_time":"2026-04-03T00:00:39+00:00","og_image":[{"width":1500,"height":1500,"url":"https:\/\/revolutionpadelstore.com\/wp-content\/uploads\/2025\/02\/94.png","type":"image\/png"}],"twitter_card":"summary_large_image","twitter_misc":{"Gesch\u00e4tzte Lesezeit":"2\u00a0Minuten"},"schema":{"@context":"https:\/\/schema.org","@graph":[{"@type":"WebPage","@id":"https:\/\/revolutionpadelstore.com\/de\/produkt\/siux-valkiria-pro-1\/","url":"https:\/\/revolutionpadelstore.com\/de\/produkt\/siux-valkiria-pro-1\/","name":"SIUX VALKIRIA PRO - Revolution Padel Store","isPartOf":{"@id":"https:\/\/revolutionpadelstore.com\/de\/#website"},"primaryImageOfPage":{"@id":"https:\/\/revolutionpadelstore.com\/de\/produkt\/siux-valkiria-pro-1\/#primaryimage"},"image":{"@id":"https:\/\/revolutionpadelstore.com\/de\/produkt\/siux-valkiria-pro-1\/#primaryimage"},"thumbnailUrl":"https:\/\/revolutionpadelstore.com\/wp-content\/uploads\/2025\/02\/94.png","datePublished":"2025-02-04T18:35:03+00:00","dateModified":"2026-04-03T00:00:39+00:00","description":"Descubre la Siux Valkiria Pro 2025, una pala h\u00edbrida de alto rendimiento para jugadoras profesionales. Potencia, control y dise\u00f1o exclusivo. Compra online al mejor preci","breadcrumb":{"@id":"https:\/\/revolutionpadelstore.com\/de\/produkt\/siux-valkiria-pro-1\/#breadcrumb"},"inLanguage":"de","potentialAction":[{"@type":"ReadAction","target":["https:\/\/revolutionpadelstore.com\/de\/produkt\/siux-valkiria-pro-1\/"]}]},{"@type":"ImageObject","inLanguage":"de","@id":"https:\/\/revolutionpadelstore.com\/de\/produkt\/siux-valkiria-pro-1\/#primaryimage","url":"https:\/\/revolutionpadelstore.com\/wp-content\/uploads\/2025\/02\/94.png","contentUrl":"https:\/\/revolutionpadelstore.com\/wp-content\/uploads\/2025\/02\/94.png","width":1500,"height":1500},{"@type":"BreadcrumbList","@id":"https:\/\/revolutionpadelstore.com\/de\/produkt\/siux-valkiria-pro-1\/#breadcrumb","itemListElement":[{"@type":"ListItem","position":1,"name":"Portada","item":"https:\/\/revolutionpadelstore.com\/de\/"},{"@type":"ListItem","position":2,"name":"Shop","item":"https:\/\/revolutionpadelstore.com\/de\/tienda\/"},{"@type":"ListItem","position":3,"name":"SIUX VALKIRIA PRO"}]},{"@type":"WebSite","@id":"https:\/\/revolutionpadelstore.com\/de\/#website","url":"https:\/\/revolutionpadelstore.com\/de\/","name":"Revolution Padel Store","description":"","publisher":{"@id":"https:\/\/revolutionpadelstore.com\/de\/#organization"},"potentialAction":[{"@type":"SearchAction","target":{"@type":"EntryPoint","urlTemplate":"https:\/\/revolutionpadelstore.com\/de\/?s={search_term_string}"},"query-input":{"@type":"PropertyValueSpecification","valueRequired":true,"valueName":"search_term_string"}}],"inLanguage":"de"},{"@type":"Organization","@id":"https:\/\/revolutionpadelstore.com\/de\/#organization","name":"Revolution Padel Store","url":"https:\/\/revolutionpadelstore.com\/de\/","logo":{"@type":"ImageObject","inLanguage":"de","@id":"https:\/\/revolutionpadelstore.com\/de\/#\/schema\/logo\/image\/","url":"https:\/\/revolutionpadelstore.com\/wp-content\/uploads\/2026\/02\/revolution-padel-store.jpg","contentUrl":"https:\/\/revolutionpadelstore.com\/wp-content\/uploads\/2026\/02\/revolution-padel-store.jpg","width":2000,"height":2000,"caption":"Revolution Padel Store"},"image":{"@id":"https:\/\/revolutionpadelstore.com\/de\/#\/schema\/logo\/image\/"},"sameAs":["https:\/\/www.instagram.com\/revolutionpadelstore\/"]}]}},"_links":{"self":[{"href":"https:\/\/revolutionpadelstore.com\/de\/wp-json\/wp\/v2\/product\/167578","targetHints":{"allow":["GET"]}}],"collection":[{"href":"https:\/\/revolutionpadelstore.com\/de\/wp-json\/wp\/v2\/product"}],"about":[{"href":"https:\/\/revolutionpadelstore.com\/de\/wp-json\/wp\/v2\/types\/product"}],"replies":[{"embeddable":true,"href":"https:\/\/revolutionpadelstore.com\/de\/wp-json\/wp\/v2\/comments?post=167578"}],"wp:featuredmedia":[{"embeddable":true,"href":"https:\/\/revolutionpadelstore.com\/de\/wp-json\/wp\/v2\/media\/167543"}],"wp:attachment":[{"href":"https:\/\/revolutionpadelstore.com\/de\/wp-json\/wp\/v2\/media?parent=167578"}],"wp:term":[{"taxonomy":"acabado","embeddable":true,"href":"https:\/\/revolutionpadelstore.com\/de\/wp-json\/wp\/v2\/acabado?post=167578"},{"taxonomy":"balance","embeddable":true,"href":"https:\/\/revolutionpadelstore.com\/de\/wp-json\/wp\/v2\/balance?post=167578"},{"taxonomy":"dureza","embeddable":true,"href":"https:\/\/revolutionpadelstore.com\/de\/wp-json\/wp\/v2\/dureza?post=167578"},{"taxonomy":"forma","embeddable":true,"href":"https:\/\/revolutionpadelstore.com\/de\/wp-json\/wp\/v2\/forma?post=167578"},{"taxonomy":"jugador","embeddable":true,"href":"https:\/\/revolutionpadelstore.com\/de\/wp-json\/wp\/v2\/jugador?post=167578"},{"taxonomy":"marca","embeddable":true,"href":"https:\/\/revolutionpadelstore.com\/de\/wp-json\/wp\/v2\/marca?post=167578"},{"taxonomy":"nivel-de-juego","embeddable":true,"href":"https:\/\/revolutionpadelstore.com\/de\/wp-json\/wp\/v2\/nivel-de-juego?post=167578"},{"taxonomy":"superficie","embeddable":true,"href":"https:\/\/revolutionpadelstore.com\/de\/wp-json\/wp\/v2\/superficie?post=167578"},{"taxonomy":"tipo-de-juego","embeddable":true,"href":"https:\/\/revolutionpadelstore.com\/de\/wp-json\/wp\/v2\/tipo-de-juego?post=167578"},{"taxonomy":"product_brand","embeddable":true,"href":"https:\/\/revolutionpadelstore.com\/de\/wp-json\/wp\/v2\/product_brand?post=167578"},{"taxonomy":"product_cat","embeddable":true,"href":"https:\/\/revolutionpadelstore.com\/de\/wp-json\/wp\/v2\/product_cat?post=167578"},{"taxonomy":"product_tag","embeddable":true,"href":"https:\/\/revolutionpadelstore.com\/de\/wp-json\/wp\/v2\/product_tag?post=167578"}],"curies":[{"name":"wp","href":"https:\/\/api.w.org\/{rel}","templated":true}]}}