{"id":16387,"date":"2024-04-22T15:23:34","date_gmt":"2024-04-22T13:23:34","guid":{"rendered":"https:\/\/revolutionpadelstore.com\/zapatillas-bullpadel-vertex-vibram-24v-blanco-verde\/"},"modified":"2026-04-08T12:33:26","modified_gmt":"2026-04-08T10:33:26","slug":"zapatillas-bullpadel-vertex-vibram-24v-blanco-verde-1","status":"publish","type":"product","link":"https:\/\/revolutionpadelstore.com\/de\/produkt\/zapatillas-bullpadel-vertex-vibram-24v-blanco-verde-1\/","title":{"rendered":"Zapatillas Bullpadel Vertex Vibram 24V Blanco Verde"},"content":{"rendered":"<p>Kaufen Sie die Bullpadel Vertex Vibram 24V-Schuhe im Revolution Padel Store f\u00fcr ein Hochleistungsspiel. Wenn Sie ein Padel-Liebhaber sind und nach dem perfekten Schuhwerk suchen, um Ihre Leistung auf dem Platz zu verbessern, k\u00f6nnen Sie sich die Gelegenheit nicht entgehen lassen, die unglaublichen Bullpadel Vertex Vibram 24V-Schuhe in unserem Shop zu kaufen. <\/p>\n<p> Diese Schuhe sind das Ergebnis der Zusammenarbeit zwischen der renommierten Marke Bullpadel und den Profispielern Martin Di Nenno, Juan Tello und Fede Chingotto, die ihr Design und ihre Technologie in den anspruchsvollsten Wettbewerben getestet haben. Jetzt k\u00f6nnen auch Sie sich mit diesen Sneakers an Ihren F\u00fc\u00dfen wie ein echter Profi f\u00fchlen.<\/p>\n<p> Eines der herausragendsten Merkmale der Bullpadel Vertex Vibram 24V-Schuhe ist ihre Hybrid-Skate-Sohle, die eine perfekte Kombination aus Abrieb und D\u00e4mpfung f\u00fcr den intensiven Einsatz auf dem Platz bietet. Dar\u00fcber hinaus sorgen die nahtlos eingespritzte Gummispitze und das starre Fersenteil f\u00fcr mehr Stabilit\u00e4t und Schutz bei jeder Bewegung.<\/p>\n<p> Aber das ist noch nicht alles: Die mit Lycra gepolsterte Ferse sorgt f\u00fcr zus\u00e4tzlichen Komfort in dem Bereich, der f\u00fcr das Spiel so wichtig ist. Mit diesen Schuhen m\u00fcssen Sie sich keine Sorgen \u00fcber Beschwerden oder Erm\u00fcdung Ihrer F\u00fc\u00dfe machen, sondern k\u00f6nnen sich auf Ihr Spiel konzentrieren und in jedem Punkt Ihr Bestes geben.<\/p>\n<p> Verschwenden Sie keine Zeit mehr mit der Suche nach hochwertigen Sportschuhen, im Revolution Padel Store haben wir die Bullpadel Vertex Vibram 24V Schuhe f\u00fcr Sie im Angebot. Warten Sie nicht l\u00e4nger und kaufen Sie sie jetzt, um Ihr Spiel zu verbessern und Ihre Leidenschaft f\u00fcr Padel auf die n\u00e4chste Stufe zu heben. Kaufen Sie jetzt im Revolution Padel Store und werden Sie ein echter Padel-Revolution\u00e4r!<\/p>\n","protected":false},"excerpt":{"rendered":"<p>Bullpadel Vertex Vibram 24V Wei\u00df-Gr\u00fcn-Schuhe im Revolution Padel Store. Entwickelt f\u00fcr professionelle Spieler und mit Verbesserungen bei Sohle und Komfort.<\/p>\n","protected":false},"featured_media":42486,"comment_status":"closed","ping_status":"closed","template":"","meta":{"_acf_changed":false,"_joinchat":[]},"acabado":[],"balance":[],"dureza":[],"forma":[],"jugador":[1189],"marca":[1254],"nivel-de-juego":[1334,1339,1344],"superficie":[],"tipo-de-juego":[1369,1374],"product_brand":[],"product_cat":[398],"product_tag":[],"class_list":{"0":"post-16387","1":"product","2":"type-product","3":"status-publish","4":"has-post-thumbnail","6":"jugador-mann","7":"marca-bullpadel-de","8":"tipo-de-juego-kontrolle","9":"tipo-de-juego-leistung","10":"product_cat-herren-sneaker","12":"first","13":"outofstock","14":"sale","15":"taxable","16":"shipping-taxable","17":"purchasable","18":"product-type-variable"},"acf":[],"yoast_head":"<!-- This site is optimized with the Yoast SEO plugin v27.4 - https:\/\/yoast.com\/product\/yoast-seo-wordpress\/ -->\n<title>Zapatillas Bullpadel Vertex Vibram 24V Blanco Verde - Revolution Padel Store<\/title>\n<meta name=\"description\" content=\"Zapatillas Bullpadel Vertex Vibram 24V Blanco Verde en Revolution Padel Store. Dise\u00f1adas para jugadores profesionales y con mejoras en su suela y comodidad.\" \/>\n<meta name=\"robots\" content=\"index, follow, max-snippet:-1, max-image-preview:large, max-video-preview:-1\" \/>\n<link rel=\"canonical\" href=\"https:\/\/revolutionpadelstore.com\/de\/produkt\/zapatillas-bullpadel-vertex-vibram-24v-blanco-verde-1\/\" \/>\n<meta property=\"og:locale\" content=\"de_DE\" \/>\n<meta property=\"og:type\" content=\"article\" \/>\n<meta property=\"og:title\" content=\"Zapatillas Bullpadel Vertex Vibram 24V Blanco Verde - Revolution Padel Store\" \/>\n<meta property=\"og:description\" content=\"Zapatillas Bullpadel Vertex Vibram 24V Blanco Verde en Revolution Padel Store. Dise\u00f1adas para jugadores profesionales y con mejoras en su suela y comodidad.\" \/>\n<meta property=\"og:url\" content=\"https:\/\/revolutionpadelstore.com\/de\/produkt\/zapatillas-bullpadel-vertex-vibram-24v-blanco-verde-1\/\" \/>\n<meta property=\"og:site_name\" content=\"Revolution Padel Store\" \/>\n<meta property=\"article:modified_time\" content=\"2026-04-08T10:33:26+00:00\" \/>\n<meta property=\"og:image\" content=\"https:\/\/revolutionpadelstore.com\/wp-content\/uploads\/2024\/04\/18990-0-4.jpg\" \/>\n\t<meta property=\"og:image:width\" content=\"800\" \/>\n\t<meta property=\"og:image:height\" content=\"800\" \/>\n\t<meta property=\"og:image:type\" content=\"image\/png\" \/>\n<meta name=\"twitter:card\" content=\"summary_large_image\" \/>\n<meta name=\"twitter:label1\" content=\"Gesch\u00e4tzte Lesezeit\" \/>\n\t<meta name=\"twitter:data1\" content=\"1\u00a0Minute\" \/>\n<script type=\"application\/ld+json\" class=\"yoast-schema-graph\">{\"@context\":\"https:\\\/\\\/schema.org\",\"@graph\":[{\"@type\":\"WebPage\",\"@id\":\"https:\\\/\\\/revolutionpadelstore.com\\\/de\\\/produkt\\\/zapatillas-bullpadel-vertex-vibram-24v-blanco-verde-1\\\/\",\"url\":\"https:\\\/\\\/revolutionpadelstore.com\\\/de\\\/produkt\\\/zapatillas-bullpadel-vertex-vibram-24v-blanco-verde-1\\\/\",\"name\":\"Zapatillas Bullpadel Vertex Vibram 24V Blanco Verde - Revolution Padel Store\",\"isPartOf\":{\"@id\":\"https:\\\/\\\/revolutionpadelstore.com\\\/de\\\/#website\"},\"primaryImageOfPage\":{\"@id\":\"https:\\\/\\\/revolutionpadelstore.com\\\/de\\\/produkt\\\/zapatillas-bullpadel-vertex-vibram-24v-blanco-verde-1\\\/#primaryimage\"},\"image\":{\"@id\":\"https:\\\/\\\/revolutionpadelstore.com\\\/de\\\/produkt\\\/zapatillas-bullpadel-vertex-vibram-24v-blanco-verde-1\\\/#primaryimage\"},\"thumbnailUrl\":\"https:\\\/\\\/revolutionpadelstore.com\\\/wp-content\\\/uploads\\\/2024\\\/04\\\/18990-0-4.jpg\",\"datePublished\":\"2024-04-22T13:23:34+00:00\",\"dateModified\":\"2026-04-08T10:33:26+00:00\",\"description\":\"Zapatillas Bullpadel Vertex Vibram 24V Blanco Verde en Revolution Padel Store. Dise\u00f1adas para jugadores profesionales y con mejoras en su suela y comodidad.\",\"breadcrumb\":{\"@id\":\"https:\\\/\\\/revolutionpadelstore.com\\\/de\\\/produkt\\\/zapatillas-bullpadel-vertex-vibram-24v-blanco-verde-1\\\/#breadcrumb\"},\"inLanguage\":\"de\",\"potentialAction\":[{\"@type\":\"ReadAction\",\"target\":[\"https:\\\/\\\/revolutionpadelstore.com\\\/de\\\/produkt\\\/zapatillas-bullpadel-vertex-vibram-24v-blanco-verde-1\\\/\"]}]},{\"@type\":\"ImageObject\",\"inLanguage\":\"de\",\"@id\":\"https:\\\/\\\/revolutionpadelstore.com\\\/de\\\/produkt\\\/zapatillas-bullpadel-vertex-vibram-24v-blanco-verde-1\\\/#primaryimage\",\"url\":\"https:\\\/\\\/revolutionpadelstore.com\\\/wp-content\\\/uploads\\\/2024\\\/04\\\/18990-0-4.jpg\",\"contentUrl\":\"https:\\\/\\\/revolutionpadelstore.com\\\/wp-content\\\/uploads\\\/2024\\\/04\\\/18990-0-4.jpg\",\"width\":800,\"height\":800},{\"@type\":\"BreadcrumbList\",\"@id\":\"https:\\\/\\\/revolutionpadelstore.com\\\/de\\\/produkt\\\/zapatillas-bullpadel-vertex-vibram-24v-blanco-verde-1\\\/#breadcrumb\",\"itemListElement\":[{\"@type\":\"ListItem\",\"position\":1,\"name\":\"Portada\",\"item\":\"https:\\\/\\\/revolutionpadelstore.com\\\/de\\\/\"},{\"@type\":\"ListItem\",\"position\":2,\"name\":\"Shop\",\"item\":\"https:\\\/\\\/revolutionpadelstore.com\\\/de\\\/tienda\\\/\"},{\"@type\":\"ListItem\",\"position\":3,\"name\":\"Zapatillas Bullpadel Vertex Vibram 24V Blanco Verde\"}]},{\"@type\":\"WebSite\",\"@id\":\"https:\\\/\\\/revolutionpadelstore.com\\\/de\\\/#website\",\"url\":\"https:\\\/\\\/revolutionpadelstore.com\\\/de\\\/\",\"name\":\"Revolution Padel Store\",\"description\":\"\",\"publisher\":{\"@id\":\"https:\\\/\\\/revolutionpadelstore.com\\\/de\\\/#organization\"},\"potentialAction\":[{\"@type\":\"SearchAction\",\"target\":{\"@type\":\"EntryPoint\",\"urlTemplate\":\"https:\\\/\\\/revolutionpadelstore.com\\\/de\\\/?s={search_term_string}\"},\"query-input\":{\"@type\":\"PropertyValueSpecification\",\"valueRequired\":true,\"valueName\":\"search_term_string\"}}],\"inLanguage\":\"de\"},{\"@type\":\"Organization\",\"@id\":\"https:\\\/\\\/revolutionpadelstore.com\\\/de\\\/#organization\",\"name\":\"Revolution Padel Store\",\"url\":\"https:\\\/\\\/revolutionpadelstore.com\\\/de\\\/\",\"logo\":{\"@type\":\"ImageObject\",\"inLanguage\":\"de\",\"@id\":\"https:\\\/\\\/revolutionpadelstore.com\\\/de\\\/#\\\/schema\\\/logo\\\/image\\\/\",\"url\":\"https:\\\/\\\/revolutionpadelstore.com\\\/wp-content\\\/uploads\\\/2026\\\/02\\\/revolution-padel-store.jpg\",\"contentUrl\":\"https:\\\/\\\/revolutionpadelstore.com\\\/wp-content\\\/uploads\\\/2026\\\/02\\\/revolution-padel-store.jpg\",\"width\":2000,\"height\":2000,\"caption\":\"Revolution Padel Store\"},\"image\":{\"@id\":\"https:\\\/\\\/revolutionpadelstore.com\\\/de\\\/#\\\/schema\\\/logo\\\/image\\\/\"},\"sameAs\":[\"https:\\\/\\\/www.instagram.com\\\/revolutionpadelstore\\\/\"]}]}<\/script>\n<!-- \/ Yoast SEO plugin. -->","yoast_head_json":{"title":"Zapatillas Bullpadel Vertex Vibram 24V Blanco Verde - Revolution Padel Store","description":"Zapatillas Bullpadel Vertex Vibram 24V Blanco Verde en Revolution Padel Store. Dise\u00f1adas para jugadores profesionales y con mejoras en su suela y comodidad.","robots":{"index":"index","follow":"follow","max-snippet":"max-snippet:-1","max-image-preview":"max-image-preview:large","max-video-preview":"max-video-preview:-1"},"canonical":"https:\/\/revolutionpadelstore.com\/de\/produkt\/zapatillas-bullpadel-vertex-vibram-24v-blanco-verde-1\/","og_locale":"de_DE","og_type":"article","og_title":"Zapatillas Bullpadel Vertex Vibram 24V Blanco Verde - Revolution Padel Store","og_description":"Zapatillas Bullpadel Vertex Vibram 24V Blanco Verde en Revolution Padel Store. Dise\u00f1adas para jugadores profesionales y con mejoras en su suela y comodidad.","og_url":"https:\/\/revolutionpadelstore.com\/de\/produkt\/zapatillas-bullpadel-vertex-vibram-24v-blanco-verde-1\/","og_site_name":"Revolution Padel Store","article_modified_time":"2026-04-08T10:33:26+00:00","og_image":[{"width":800,"height":800,"url":"https:\/\/revolutionpadelstore.com\/wp-content\/uploads\/2024\/04\/18990-0-4.jpg","type":"image\/png"}],"twitter_card":"summary_large_image","twitter_misc":{"Gesch\u00e4tzte Lesezeit":"1\u00a0Minute"},"schema":{"@context":"https:\/\/schema.org","@graph":[{"@type":"WebPage","@id":"https:\/\/revolutionpadelstore.com\/de\/produkt\/zapatillas-bullpadel-vertex-vibram-24v-blanco-verde-1\/","url":"https:\/\/revolutionpadelstore.com\/de\/produkt\/zapatillas-bullpadel-vertex-vibram-24v-blanco-verde-1\/","name":"Zapatillas Bullpadel Vertex Vibram 24V Blanco Verde - Revolution Padel Store","isPartOf":{"@id":"https:\/\/revolutionpadelstore.com\/de\/#website"},"primaryImageOfPage":{"@id":"https:\/\/revolutionpadelstore.com\/de\/produkt\/zapatillas-bullpadel-vertex-vibram-24v-blanco-verde-1\/#primaryimage"},"image":{"@id":"https:\/\/revolutionpadelstore.com\/de\/produkt\/zapatillas-bullpadel-vertex-vibram-24v-blanco-verde-1\/#primaryimage"},"thumbnailUrl":"https:\/\/revolutionpadelstore.com\/wp-content\/uploads\/2024\/04\/18990-0-4.jpg","datePublished":"2024-04-22T13:23:34+00:00","dateModified":"2026-04-08T10:33:26+00:00","description":"Zapatillas Bullpadel Vertex Vibram 24V Blanco Verde en Revolution Padel Store. Dise\u00f1adas para jugadores profesionales y con mejoras en su suela y comodidad.","breadcrumb":{"@id":"https:\/\/revolutionpadelstore.com\/de\/produkt\/zapatillas-bullpadel-vertex-vibram-24v-blanco-verde-1\/#breadcrumb"},"inLanguage":"de","potentialAction":[{"@type":"ReadAction","target":["https:\/\/revolutionpadelstore.com\/de\/produkt\/zapatillas-bullpadel-vertex-vibram-24v-blanco-verde-1\/"]}]},{"@type":"ImageObject","inLanguage":"de","@id":"https:\/\/revolutionpadelstore.com\/de\/produkt\/zapatillas-bullpadel-vertex-vibram-24v-blanco-verde-1\/#primaryimage","url":"https:\/\/revolutionpadelstore.com\/wp-content\/uploads\/2024\/04\/18990-0-4.jpg","contentUrl":"https:\/\/revolutionpadelstore.com\/wp-content\/uploads\/2024\/04\/18990-0-4.jpg","width":800,"height":800},{"@type":"BreadcrumbList","@id":"https:\/\/revolutionpadelstore.com\/de\/produkt\/zapatillas-bullpadel-vertex-vibram-24v-blanco-verde-1\/#breadcrumb","itemListElement":[{"@type":"ListItem","position":1,"name":"Portada","item":"https:\/\/revolutionpadelstore.com\/de\/"},{"@type":"ListItem","position":2,"name":"Shop","item":"https:\/\/revolutionpadelstore.com\/de\/tienda\/"},{"@type":"ListItem","position":3,"name":"Zapatillas Bullpadel Vertex Vibram 24V Blanco Verde"}]},{"@type":"WebSite","@id":"https:\/\/revolutionpadelstore.com\/de\/#website","url":"https:\/\/revolutionpadelstore.com\/de\/","name":"Revolution Padel Store","description":"","publisher":{"@id":"https:\/\/revolutionpadelstore.com\/de\/#organization"},"potentialAction":[{"@type":"SearchAction","target":{"@type":"EntryPoint","urlTemplate":"https:\/\/revolutionpadelstore.com\/de\/?s={search_term_string}"},"query-input":{"@type":"PropertyValueSpecification","valueRequired":true,"valueName":"search_term_string"}}],"inLanguage":"de"},{"@type":"Organization","@id":"https:\/\/revolutionpadelstore.com\/de\/#organization","name":"Revolution Padel Store","url":"https:\/\/revolutionpadelstore.com\/de\/","logo":{"@type":"ImageObject","inLanguage":"de","@id":"https:\/\/revolutionpadelstore.com\/de\/#\/schema\/logo\/image\/","url":"https:\/\/revolutionpadelstore.com\/wp-content\/uploads\/2026\/02\/revolution-padel-store.jpg","contentUrl":"https:\/\/revolutionpadelstore.com\/wp-content\/uploads\/2026\/02\/revolution-padel-store.jpg","width":2000,"height":2000,"caption":"Revolution Padel Store"},"image":{"@id":"https:\/\/revolutionpadelstore.com\/de\/#\/schema\/logo\/image\/"},"sameAs":["https:\/\/www.instagram.com\/revolutionpadelstore\/"]}]}},"_links":{"self":[{"href":"https:\/\/revolutionpadelstore.com\/de\/wp-json\/wp\/v2\/product\/16387","targetHints":{"allow":["GET"]}}],"collection":[{"href":"https:\/\/revolutionpadelstore.com\/de\/wp-json\/wp\/v2\/product"}],"about":[{"href":"https:\/\/revolutionpadelstore.com\/de\/wp-json\/wp\/v2\/types\/product"}],"replies":[{"embeddable":true,"href":"https:\/\/revolutionpadelstore.com\/de\/wp-json\/wp\/v2\/comments?post=16387"}],"wp:featuredmedia":[{"embeddable":true,"href":"https:\/\/revolutionpadelstore.com\/de\/wp-json\/wp\/v2\/media\/42486"}],"wp:attachment":[{"href":"https:\/\/revolutionpadelstore.com\/de\/wp-json\/wp\/v2\/media?parent=16387"}],"wp:term":[{"taxonomy":"acabado","embeddable":true,"href":"https:\/\/revolutionpadelstore.com\/de\/wp-json\/wp\/v2\/acabado?post=16387"},{"taxonomy":"balance","embeddable":true,"href":"https:\/\/revolutionpadelstore.com\/de\/wp-json\/wp\/v2\/balance?post=16387"},{"taxonomy":"dureza","embeddable":true,"href":"https:\/\/revolutionpadelstore.com\/de\/wp-json\/wp\/v2\/dureza?post=16387"},{"taxonomy":"forma","embeddable":true,"href":"https:\/\/revolutionpadelstore.com\/de\/wp-json\/wp\/v2\/forma?post=16387"},{"taxonomy":"jugador","embeddable":true,"href":"https:\/\/revolutionpadelstore.com\/de\/wp-json\/wp\/v2\/jugador?post=16387"},{"taxonomy":"marca","embeddable":true,"href":"https:\/\/revolutionpadelstore.com\/de\/wp-json\/wp\/v2\/marca?post=16387"},{"taxonomy":"nivel-de-juego","embeddable":true,"href":"https:\/\/revolutionpadelstore.com\/de\/wp-json\/wp\/v2\/nivel-de-juego?post=16387"},{"taxonomy":"superficie","embeddable":true,"href":"https:\/\/revolutionpadelstore.com\/de\/wp-json\/wp\/v2\/superficie?post=16387"},{"taxonomy":"tipo-de-juego","embeddable":true,"href":"https:\/\/revolutionpadelstore.com\/de\/wp-json\/wp\/v2\/tipo-de-juego?post=16387"},{"taxonomy":"product_brand","embeddable":true,"href":"https:\/\/revolutionpadelstore.com\/de\/wp-json\/wp\/v2\/product_brand?post=16387"},{"taxonomy":"product_cat","embeddable":true,"href":"https:\/\/revolutionpadelstore.com\/de\/wp-json\/wp\/v2\/product_cat?post=16387"},{"taxonomy":"product_tag","embeddable":true,"href":"https:\/\/revolutionpadelstore.com\/de\/wp-json\/wp\/v2\/product_tag?post=16387"}],"curies":[{"name":"wp","href":"https:\/\/api.w.org\/{rel}","templated":true}]}}