{"id":16292,"date":"2024-04-22T15:23:34","date_gmt":"2024-04-22T13:23:34","guid":{"rendered":"https:\/\/revolutionpadelstore.com\/zapatillas-adidas-adizero-cybersonic-azul-royal-aqua\/"},"modified":"2024-10-15T01:56:38","modified_gmt":"2024-10-14T23:56:38","slug":"zapatillas-adidas-adizero-cybersonic-azul-royal-aqua","status":"publish","type":"product","link":"https:\/\/revolutionpadelstore.com\/de\/produkt\/zapatillas-adidas-adizero-cybersonic-azul-royal-aqua\/","title":{"rendered":"Zapatillas Adidas Adizero Cybersonic Azul Royal Aqua"},"content":{"rendered":"<p>Erhalten Sie Geschwindigkeit und Stil mit den Adidas Adizero Cybersonic Schuhen aus dem Revolution Padel Store. Wenn Sie ein Padel-Spieler sind und Ihre Leistung auf dem Platz verbessern m\u00f6chten, d\u00fcrfen Sie sich die Gelegenheit nicht entgehen lassen, die neuen Adidas Adizero Cybersonic-Schuhe in der Farbe K\u00f6nigsblau zu erwerben. Entwickelt, um Ihrem Spiel mehr Geschwindigkeit zu verleihen, und mit einem bahnbrechenden Look sind diese Schuhe die perfekte Erg\u00e4nzung f\u00fcr jeden Spieler, der auf dem Platz auffallen m\u00f6chte.<\/p>\n<p> Mit einem speziellen Design f\u00fcr Hartpl\u00e4tze helfen Ihnen die Adidas Adizero Cybersonic Schuhe, den Bewegungen Ihrer Rivalen einen Schritt voraus zu sein. Dank der ENERGYRODS-Stangen k\u00f6nnen Sie schnell die Richtung \u00e4ndern und behalten jederzeit die Kontrolle. Dar\u00fcber hinaus sorgen die Lightstrike-Zwischensohle mit niedrigem Profil und der Dual-Density-Schaum f\u00fcr die n\u00f6tige D\u00e4mpfung, um immer zur richtigen Zeit am richtigen Ort zu sein.<\/p>\n<p> Das technische Mesh-Obermaterial dieser Sneaker ist mit einer verschlei\u00dffesten Adituff-Spitze ausgestattet, die eine l\u00e4ngere Haltbarkeit garantiert. Dar\u00fcber hinaus werden 60 % des Boost-Materials recycelt, was das Engagement von Adidas f\u00fcr die Umwelt unterstreicht. Und f\u00fcr mehr Passform und Komfort verf\u00fcgen sie \u00fcber einen Schn\u00fcrverschluss.<\/p>\n<p> Im Revolution Padel Store legen wir Wert darauf, Ihnen die besten Produkte anzubieten, damit Sie auf dem Platz Ihr Bestes geben k\u00f6nnen. Aus diesem Grund konnten wir es nicht vers\u00e4umen, die Adidas Adizero Cybersonic Sneakers in unseren Katalog aufzunehmen. Mit der Adiwear-Sohle und dem Obermaterial, die zu mindestens 50 % aus recyceltem Material bestehen, sind diese Schuhe die perfekte Kombination aus Leistung und Nachhaltigkeit.<\/p>\n<p> Warten Sie nicht l\u00e4nger und holen Sie sich Ihre Adidas Adizero Cybersonic Schuhe jetzt im Revolution Padel Store. Verleihen Sie Ihrem Spiel Geschwindigkeit und Stil mit diesem unglaublichen Produkt, das Sie auf dem Platz hervorstechen l\u00e4sst. Hol sie dir jetzt und werde ein echter Padel-Revolution\u00e4r!<\/p>\n","protected":false},"excerpt":{"rendered":"<p>Erhalten Sie Geschwindigkeit und Stil mit den Adidas Adizero Cybersonic Blue Royal Aqua-Schuhen aus dem Revolution Padel Store. Entwickelt f\u00fcr Hartpl\u00e4tze.<\/p>\n","protected":false},"featured_media":5974,"comment_status":"closed","ping_status":"open","template":"","meta":{"_acf_changed":false,"_joinchat":[]},"acabado":[],"balance":[],"dureza":[],"forma":[],"jugador":[],"marca":[1229],"nivel-de-juego":[1339,1344],"superficie":[],"tipo-de-juego":[],"product_brand":[],"product_cat":[398],"product_tag":[],"class_list":{"0":"post-16292","1":"product","2":"type-product","3":"status-publish","4":"has-post-thumbnail","6":"marca-adidas-de","7":"product_cat-herren-sneaker","9":"first","10":"instock","11":"taxable","12":"shipping-taxable","13":"purchasable","14":"product-type-variable"},"acf":[],"yoast_head":"<!-- This site is optimized with the Yoast SEO plugin v27.4 - https:\/\/yoast.com\/product\/yoast-seo-wordpress\/ -->\n<title>Zapatillas Adidas Adizero Cybersonic Azul Royal Aqua - Revolution Padel Store<\/title>\n<meta name=\"description\" content=\"Consigue velocidad y estilo con las zapatillas Adidas Adizero Cybersonic Azul Royal Aqua de Revolution Padel Store. Dise\u00f1adas para pistas duras.\" \/>\n<meta name=\"robots\" content=\"index, follow, max-snippet:-1, max-image-preview:large, max-video-preview:-1\" \/>\n<link rel=\"canonical\" href=\"https:\/\/revolutionpadelstore.com\/de\/produkt\/zapatillas-adidas-adizero-cybersonic-azul-royal-aqua\/\" \/>\n<meta property=\"og:locale\" content=\"de_DE\" \/>\n<meta property=\"og:type\" content=\"article\" \/>\n<meta property=\"og:title\" content=\"Zapatillas Adidas Adizero Cybersonic Azul Royal Aqua - Revolution Padel Store\" \/>\n<meta property=\"og:description\" content=\"Consigue velocidad y estilo con las zapatillas Adidas Adizero Cybersonic Azul Royal Aqua de Revolution Padel Store. Dise\u00f1adas para pistas duras.\" \/>\n<meta property=\"og:url\" content=\"https:\/\/revolutionpadelstore.com\/de\/produkt\/zapatillas-adidas-adizero-cybersonic-azul-royal-aqua\/\" \/>\n<meta property=\"og:site_name\" content=\"Revolution Padel Store\" \/>\n<meta property=\"article:modified_time\" content=\"2024-10-14T23:56:38+00:00\" \/>\n<meta property=\"og:image\" content=\"https:\/\/revolutionpadelstore.com\/wp-content\/uploads\/2024\/04\/17439-0-4.jpg\" \/>\n\t<meta property=\"og:image:width\" content=\"800\" \/>\n\t<meta property=\"og:image:height\" content=\"800\" \/>\n\t<meta property=\"og:image:type\" content=\"image\/png\" \/>\n<meta name=\"twitter:card\" content=\"summary_large_image\" \/>\n<meta name=\"twitter:label1\" content=\"Gesch\u00e4tzte Lesezeit\" \/>\n\t<meta name=\"twitter:data1\" content=\"2\u00a0Minuten\" \/>\n<script type=\"application\/ld+json\" class=\"yoast-schema-graph\">{\"@context\":\"https:\\\/\\\/schema.org\",\"@graph\":[{\"@type\":\"WebPage\",\"@id\":\"https:\\\/\\\/revolutionpadelstore.com\\\/de\\\/produkt\\\/zapatillas-adidas-adizero-cybersonic-azul-royal-aqua\\\/\",\"url\":\"https:\\\/\\\/revolutionpadelstore.com\\\/de\\\/produkt\\\/zapatillas-adidas-adizero-cybersonic-azul-royal-aqua\\\/\",\"name\":\"Zapatillas Adidas Adizero Cybersonic Azul Royal Aqua - Revolution Padel Store\",\"isPartOf\":{\"@id\":\"https:\\\/\\\/revolutionpadelstore.com\\\/de\\\/#website\"},\"primaryImageOfPage\":{\"@id\":\"https:\\\/\\\/revolutionpadelstore.com\\\/de\\\/produkt\\\/zapatillas-adidas-adizero-cybersonic-azul-royal-aqua\\\/#primaryimage\"},\"image\":{\"@id\":\"https:\\\/\\\/revolutionpadelstore.com\\\/de\\\/produkt\\\/zapatillas-adidas-adizero-cybersonic-azul-royal-aqua\\\/#primaryimage\"},\"thumbnailUrl\":\"https:\\\/\\\/revolutionpadelstore.com\\\/wp-content\\\/uploads\\\/2024\\\/04\\\/17439-0-4.jpg\",\"datePublished\":\"2024-04-22T13:23:34+00:00\",\"dateModified\":\"2024-10-14T23:56:38+00:00\",\"description\":\"Consigue velocidad y estilo con las zapatillas Adidas Adizero Cybersonic Azul Royal Aqua de Revolution Padel Store. Dise\u00f1adas para pistas duras.\",\"breadcrumb\":{\"@id\":\"https:\\\/\\\/revolutionpadelstore.com\\\/de\\\/produkt\\\/zapatillas-adidas-adizero-cybersonic-azul-royal-aqua\\\/#breadcrumb\"},\"inLanguage\":\"de\",\"potentialAction\":[{\"@type\":\"ReadAction\",\"target\":[\"https:\\\/\\\/revolutionpadelstore.com\\\/de\\\/produkt\\\/zapatillas-adidas-adizero-cybersonic-azul-royal-aqua\\\/\"]}]},{\"@type\":\"ImageObject\",\"inLanguage\":\"de\",\"@id\":\"https:\\\/\\\/revolutionpadelstore.com\\\/de\\\/produkt\\\/zapatillas-adidas-adizero-cybersonic-azul-royal-aqua\\\/#primaryimage\",\"url\":\"https:\\\/\\\/revolutionpadelstore.com\\\/wp-content\\\/uploads\\\/2024\\\/04\\\/17439-0-4.jpg\",\"contentUrl\":\"https:\\\/\\\/revolutionpadelstore.com\\\/wp-content\\\/uploads\\\/2024\\\/04\\\/17439-0-4.jpg\",\"width\":800,\"height\":800},{\"@type\":\"BreadcrumbList\",\"@id\":\"https:\\\/\\\/revolutionpadelstore.com\\\/de\\\/produkt\\\/zapatillas-adidas-adizero-cybersonic-azul-royal-aqua\\\/#breadcrumb\",\"itemListElement\":[{\"@type\":\"ListItem\",\"position\":1,\"name\":\"Portada\",\"item\":\"https:\\\/\\\/revolutionpadelstore.com\\\/de\\\/\"},{\"@type\":\"ListItem\",\"position\":2,\"name\":\"Shop\",\"item\":\"https:\\\/\\\/revolutionpadelstore.com\\\/de\\\/tienda\\\/\"},{\"@type\":\"ListItem\",\"position\":3,\"name\":\"Zapatillas Adidas Adizero Cybersonic Azul Royal Aqua\"}]},{\"@type\":\"WebSite\",\"@id\":\"https:\\\/\\\/revolutionpadelstore.com\\\/de\\\/#website\",\"url\":\"https:\\\/\\\/revolutionpadelstore.com\\\/de\\\/\",\"name\":\"Revolution Padel Store\",\"description\":\"\",\"publisher\":{\"@id\":\"https:\\\/\\\/revolutionpadelstore.com\\\/de\\\/#organization\"},\"potentialAction\":[{\"@type\":\"SearchAction\",\"target\":{\"@type\":\"EntryPoint\",\"urlTemplate\":\"https:\\\/\\\/revolutionpadelstore.com\\\/de\\\/?s={search_term_string}\"},\"query-input\":{\"@type\":\"PropertyValueSpecification\",\"valueRequired\":true,\"valueName\":\"search_term_string\"}}],\"inLanguage\":\"de\"},{\"@type\":\"Organization\",\"@id\":\"https:\\\/\\\/revolutionpadelstore.com\\\/de\\\/#organization\",\"name\":\"Revolution Padel Store\",\"url\":\"https:\\\/\\\/revolutionpadelstore.com\\\/de\\\/\",\"logo\":{\"@type\":\"ImageObject\",\"inLanguage\":\"de\",\"@id\":\"https:\\\/\\\/revolutionpadelstore.com\\\/de\\\/#\\\/schema\\\/logo\\\/image\\\/\",\"url\":\"https:\\\/\\\/revolutionpadelstore.com\\\/wp-content\\\/uploads\\\/2026\\\/02\\\/revolution-padel-store.jpg\",\"contentUrl\":\"https:\\\/\\\/revolutionpadelstore.com\\\/wp-content\\\/uploads\\\/2026\\\/02\\\/revolution-padel-store.jpg\",\"width\":2000,\"height\":2000,\"caption\":\"Revolution Padel Store\"},\"image\":{\"@id\":\"https:\\\/\\\/revolutionpadelstore.com\\\/de\\\/#\\\/schema\\\/logo\\\/image\\\/\"},\"sameAs\":[\"https:\\\/\\\/www.instagram.com\\\/revolutionpadelstore\\\/\"]}]}<\/script>\n<!-- \/ Yoast SEO plugin. -->","yoast_head_json":{"title":"Zapatillas Adidas Adizero Cybersonic Azul Royal Aqua - Revolution Padel Store","description":"Consigue velocidad y estilo con las zapatillas Adidas Adizero Cybersonic Azul Royal Aqua de Revolution Padel Store. Dise\u00f1adas para pistas duras.","robots":{"index":"index","follow":"follow","max-snippet":"max-snippet:-1","max-image-preview":"max-image-preview:large","max-video-preview":"max-video-preview:-1"},"canonical":"https:\/\/revolutionpadelstore.com\/de\/produkt\/zapatillas-adidas-adizero-cybersonic-azul-royal-aqua\/","og_locale":"de_DE","og_type":"article","og_title":"Zapatillas Adidas Adizero Cybersonic Azul Royal Aqua - Revolution Padel Store","og_description":"Consigue velocidad y estilo con las zapatillas Adidas Adizero Cybersonic Azul Royal Aqua de Revolution Padel Store. Dise\u00f1adas para pistas duras.","og_url":"https:\/\/revolutionpadelstore.com\/de\/produkt\/zapatillas-adidas-adizero-cybersonic-azul-royal-aqua\/","og_site_name":"Revolution Padel Store","article_modified_time":"2024-10-14T23:56:38+00:00","og_image":[{"width":800,"height":800,"url":"https:\/\/revolutionpadelstore.com\/wp-content\/uploads\/2024\/04\/17439-0-4.jpg","type":"image\/png"}],"twitter_card":"summary_large_image","twitter_misc":{"Gesch\u00e4tzte Lesezeit":"2\u00a0Minuten"},"schema":{"@context":"https:\/\/schema.org","@graph":[{"@type":"WebPage","@id":"https:\/\/revolutionpadelstore.com\/de\/produkt\/zapatillas-adidas-adizero-cybersonic-azul-royal-aqua\/","url":"https:\/\/revolutionpadelstore.com\/de\/produkt\/zapatillas-adidas-adizero-cybersonic-azul-royal-aqua\/","name":"Zapatillas Adidas Adizero Cybersonic Azul Royal Aqua - Revolution Padel Store","isPartOf":{"@id":"https:\/\/revolutionpadelstore.com\/de\/#website"},"primaryImageOfPage":{"@id":"https:\/\/revolutionpadelstore.com\/de\/produkt\/zapatillas-adidas-adizero-cybersonic-azul-royal-aqua\/#primaryimage"},"image":{"@id":"https:\/\/revolutionpadelstore.com\/de\/produkt\/zapatillas-adidas-adizero-cybersonic-azul-royal-aqua\/#primaryimage"},"thumbnailUrl":"https:\/\/revolutionpadelstore.com\/wp-content\/uploads\/2024\/04\/17439-0-4.jpg","datePublished":"2024-04-22T13:23:34+00:00","dateModified":"2024-10-14T23:56:38+00:00","description":"Consigue velocidad y estilo con las zapatillas Adidas Adizero Cybersonic Azul Royal Aqua de Revolution Padel Store. Dise\u00f1adas para pistas duras.","breadcrumb":{"@id":"https:\/\/revolutionpadelstore.com\/de\/produkt\/zapatillas-adidas-adizero-cybersonic-azul-royal-aqua\/#breadcrumb"},"inLanguage":"de","potentialAction":[{"@type":"ReadAction","target":["https:\/\/revolutionpadelstore.com\/de\/produkt\/zapatillas-adidas-adizero-cybersonic-azul-royal-aqua\/"]}]},{"@type":"ImageObject","inLanguage":"de","@id":"https:\/\/revolutionpadelstore.com\/de\/produkt\/zapatillas-adidas-adizero-cybersonic-azul-royal-aqua\/#primaryimage","url":"https:\/\/revolutionpadelstore.com\/wp-content\/uploads\/2024\/04\/17439-0-4.jpg","contentUrl":"https:\/\/revolutionpadelstore.com\/wp-content\/uploads\/2024\/04\/17439-0-4.jpg","width":800,"height":800},{"@type":"BreadcrumbList","@id":"https:\/\/revolutionpadelstore.com\/de\/produkt\/zapatillas-adidas-adizero-cybersonic-azul-royal-aqua\/#breadcrumb","itemListElement":[{"@type":"ListItem","position":1,"name":"Portada","item":"https:\/\/revolutionpadelstore.com\/de\/"},{"@type":"ListItem","position":2,"name":"Shop","item":"https:\/\/revolutionpadelstore.com\/de\/tienda\/"},{"@type":"ListItem","position":3,"name":"Zapatillas Adidas Adizero Cybersonic Azul Royal Aqua"}]},{"@type":"WebSite","@id":"https:\/\/revolutionpadelstore.com\/de\/#website","url":"https:\/\/revolutionpadelstore.com\/de\/","name":"Revolution Padel Store","description":"","publisher":{"@id":"https:\/\/revolutionpadelstore.com\/de\/#organization"},"potentialAction":[{"@type":"SearchAction","target":{"@type":"EntryPoint","urlTemplate":"https:\/\/revolutionpadelstore.com\/de\/?s={search_term_string}"},"query-input":{"@type":"PropertyValueSpecification","valueRequired":true,"valueName":"search_term_string"}}],"inLanguage":"de"},{"@type":"Organization","@id":"https:\/\/revolutionpadelstore.com\/de\/#organization","name":"Revolution Padel Store","url":"https:\/\/revolutionpadelstore.com\/de\/","logo":{"@type":"ImageObject","inLanguage":"de","@id":"https:\/\/revolutionpadelstore.com\/de\/#\/schema\/logo\/image\/","url":"https:\/\/revolutionpadelstore.com\/wp-content\/uploads\/2026\/02\/revolution-padel-store.jpg","contentUrl":"https:\/\/revolutionpadelstore.com\/wp-content\/uploads\/2026\/02\/revolution-padel-store.jpg","width":2000,"height":2000,"caption":"Revolution Padel Store"},"image":{"@id":"https:\/\/revolutionpadelstore.com\/de\/#\/schema\/logo\/image\/"},"sameAs":["https:\/\/www.instagram.com\/revolutionpadelstore\/"]}]}},"_links":{"self":[{"href":"https:\/\/revolutionpadelstore.com\/de\/wp-json\/wp\/v2\/product\/16292","targetHints":{"allow":["GET"]}}],"collection":[{"href":"https:\/\/revolutionpadelstore.com\/de\/wp-json\/wp\/v2\/product"}],"about":[{"href":"https:\/\/revolutionpadelstore.com\/de\/wp-json\/wp\/v2\/types\/product"}],"replies":[{"embeddable":true,"href":"https:\/\/revolutionpadelstore.com\/de\/wp-json\/wp\/v2\/comments?post=16292"}],"wp:featuredmedia":[{"embeddable":true,"href":"https:\/\/revolutionpadelstore.com\/de\/wp-json\/wp\/v2\/media\/5974"}],"wp:attachment":[{"href":"https:\/\/revolutionpadelstore.com\/de\/wp-json\/wp\/v2\/media?parent=16292"}],"wp:term":[{"taxonomy":"acabado","embeddable":true,"href":"https:\/\/revolutionpadelstore.com\/de\/wp-json\/wp\/v2\/acabado?post=16292"},{"taxonomy":"balance","embeddable":true,"href":"https:\/\/revolutionpadelstore.com\/de\/wp-json\/wp\/v2\/balance?post=16292"},{"taxonomy":"dureza","embeddable":true,"href":"https:\/\/revolutionpadelstore.com\/de\/wp-json\/wp\/v2\/dureza?post=16292"},{"taxonomy":"forma","embeddable":true,"href":"https:\/\/revolutionpadelstore.com\/de\/wp-json\/wp\/v2\/forma?post=16292"},{"taxonomy":"jugador","embeddable":true,"href":"https:\/\/revolutionpadelstore.com\/de\/wp-json\/wp\/v2\/jugador?post=16292"},{"taxonomy":"marca","embeddable":true,"href":"https:\/\/revolutionpadelstore.com\/de\/wp-json\/wp\/v2\/marca?post=16292"},{"taxonomy":"nivel-de-juego","embeddable":true,"href":"https:\/\/revolutionpadelstore.com\/de\/wp-json\/wp\/v2\/nivel-de-juego?post=16292"},{"taxonomy":"superficie","embeddable":true,"href":"https:\/\/revolutionpadelstore.com\/de\/wp-json\/wp\/v2\/superficie?post=16292"},{"taxonomy":"tipo-de-juego","embeddable":true,"href":"https:\/\/revolutionpadelstore.com\/de\/wp-json\/wp\/v2\/tipo-de-juego?post=16292"},{"taxonomy":"product_brand","embeddable":true,"href":"https:\/\/revolutionpadelstore.com\/de\/wp-json\/wp\/v2\/product_brand?post=16292"},{"taxonomy":"product_cat","embeddable":true,"href":"https:\/\/revolutionpadelstore.com\/de\/wp-json\/wp\/v2\/product_cat?post=16292"},{"taxonomy":"product_tag","embeddable":true,"href":"https:\/\/revolutionpadelstore.com\/de\/wp-json\/wp\/v2\/product_tag?post=16292"}],"curies":[{"name":"wp","href":"https:\/\/api.w.org\/{rel}","templated":true}]}}