{"id":162758,"date":"2024-12-10T18:19:47","date_gmt":"2024-12-10T17:19:47","guid":{"rendered":"https:\/\/revolutionpadelstore.com\/siux-electra-st3-special-edition\/"},"modified":"2026-04-08T09:23:36","modified_gmt":"2026-04-08T07:23:36","slug":"siux-electra-st3-special-edition-1","status":"publish","type":"product","link":"https:\/\/revolutionpadelstore.com\/de\/produkt\/siux-electra-st3-special-edition-1\/","title":{"rendered":"SIUX ELECTRA ST3 SPECIAL EDITION"},"content":{"rendered":"<h2> Siux Electra ST3 Special Edition &#8211; Franco Stupaczuk <\/ H2><br \/>\nDie <strong> Siux Electra ST3 Special Edition <\/strong> ist eine Schaufel, die in Zusammenarbeit mit dem professionellen Spieler Franco Stupaczuk entworfen wurde. Dieses exklusive Modell kombiniert ein <strong> hybrides Design <\/strong> mit <strong> mittelgro\u00dfes Gleichgewicht <\/strong> und ein Gewicht zwischen <strong> 355 und 375 Gramm <\/strong>, was ein perfektes Gleichgewicht zwischen Verwaltbarkeit und Vielseitigkeit bietet. Ideal f\u00fcr Spieler, die sich an jeden Stil und jede Situation auf der Strecke anpassen m\u00f6chten.<\/p>\n<h2> Haupteigenschaften <\/ H2><br \/>\n<P> <strong> -Player Level: <\/strong> f\u00fcr fortschrittliche Spieler und Profis entwickelt, die in ihrem Spiel viel Vielseitigkeit und Kontrolle suchen.<\/p>\n<p> <strong> -Forma und Gewicht: <\/strong> Hybridform mit mittlerem Gleichgewicht und einem leichten Gewicht von 355-375 g<br \/>\n<P> <strong> -Ancabado: <\/strong> Raue Oberfl\u00e4che f\u00fcr \u00fcberraschende Effekte in jedem Schlag<br \/>\n<P> <strong> -Stilo des Spiels: <\/strong> Ausgezeichnet, um sich an verschiedene Stile anzupassen, die Kraft und Pr\u00e4zision anbieten<\/p>\n<h2> Technologien und Materialien <\/H2><\/p>\n<p> <strong> -Carbono 15K: <\/strong> gr\u00f6\u00dfere Starrheit, Haltbarkeit und Vielseitigkeit in Gesichtern.<br \/>\n<P> <strong> -NUCO EVA Hart: <\/strong> bietet explosive Kraft, Pr\u00e4zision und ausgezeichnete Kontrolle<br \/>\n<P> <strong> -3k Carbon Car und Aramid: <\/strong> reduziert die Vibrationen, erh\u00f6ht die Resistenz und verbessert die Haltbarkeit.<\/p>\n<p> <strong> -Ada Rough Matt: <\/strong> erleichtert die Effekte und erm\u00f6glicht es Ihnen, die Kontrolle \u00fcber jedes Spiel zu \u00fcbernehmen.<br \/>\n<P> <strong> -Anti-Vibrationen System: <\/strong> Ideal, um Verletzungen zu reduzieren und die Festigkeit bei jedem Schlag zu verbessern .- <\/p>\n<\/p>\n<p><P> <strong> -Dual Pro Gip: <\/strong> bietet einen nat\u00fcrlichen, stabilen und komfortablen Griff.<\/p>\n<h2> Ausstehende Leistungen <\/ H2><br \/>\nDie <strong> Siux Electra ST3 Special Edition <\/strong> kombiniert Strom und Kontrolle, ideal f\u00fcr Spieler, die die Strecke mit jedem Schlag dominieren wollen. Die professionellen Design- und fortschrittlichen Technologien machen diese Schaufel zu einem der Favoriten, um auf h\u00f6chstem Niveau zu konkurrieren.<\/p>\n<h2> Warum die Siux Electra ST3 Special Edition <\/ h2> ausw\u00e4hlen<br \/>\nDiese Schaufel ist das Ergebnis einer exklusiven Zusammenarbeit mit Franco Stupaczuk, die Leistung und Qualit\u00e4t garantiert. Ob f\u00fcr Wettbewerbe oder Training, es ist der perfekte Verb\u00fcndete, um in jeder Party hervorzuheben.<\/p>\n<p><strong> jetzt in unserem Online -Shop erh\u00e4ltlich <a href=\"https:\/\/www.revolutionpadelstore.com\/\"> Revolution Padel Store <\/a> wahrscheinlich zum besten Marktpreis. Verpassen Sie nicht die Gelegenheit, Ihr Spiel auf die n\u00e4chste Stufe zu bringen<\/p>\n<h2>Pala de P\u00e1del Siux Electra ST3 Special Edition &#8211; Franco Stupaczuk<\/h2>\n","protected":false},"excerpt":{"rendered":"<p>Die Hybridschaufel mit mittlerer Balance f\u00fcr fortschrittliche oder professionelle Spieler, die SIUX Electra ST3 Special Edition, verwendet von Franco Stupaczuk. Es hat einen EVA -Hardkern und raue Oberfl\u00e4chen aus 15.000 Kohlenstoff.<\/p>\n","protected":false},"featured_media":154720,"comment_status":"open","ping_status":"closed","template":"","meta":{"_acf_changed":false,"_joinchat":[]},"acabado":[1084],"balance":[1139],"dureza":[1159],"forma":[1174],"jugador":[1189,1199],"marca":[1304],"nivel-de-juego":[1334,1344],"superficie":[1359],"tipo-de-juego":[1384],"product_brand":[],"product_cat":[299],"product_tag":[],"class_list":{"0":"post-162758","1":"product","2":"type-product","3":"status-publish","4":"has-post-thumbnail","6":"acabado-kumpel","7":"balance-mittel","8":"dureza-dura-de","9":"forma-hybrid","10":"jugador-mann","11":"jugador-mehrzweck","12":"marca-siux-de","13":"superficie-rugosa-de","14":"tipo-de-juego-mehrzweck","15":"product_cat-palas-de-padel-de","17":"first","18":"instock","19":"sale","20":"taxable","21":"shipping-taxable","22":"purchasable","23":"product-type-simple"},"acf":[],"yoast_head":"<!-- This site is optimized with the Yoast SEO plugin v27.4 - https:\/\/yoast.com\/product\/yoast-seo-wordpress\/ -->\n<title>SIUX ELECTRA ST3 SPECIAL EDITION - Revolution Padel Store<\/title>\n<meta name=\"description\" content=\"Descubre la pala Siux Electra ST3 Special Edition dise\u00f1ada junto a Franco Stupaczuk. Ideal para jugadores avanzados y profesionales, combina potencia, control y versatilidad. \u00a1Disponible en Revolution Padel Store!\" \/>\n<meta name=\"robots\" content=\"index, follow, max-snippet:-1, max-image-preview:large, max-video-preview:-1\" \/>\n<link rel=\"canonical\" href=\"https:\/\/revolutionpadelstore.com\/de\/produkt\/siux-electra-st3-special-edition-1\/\" \/>\n<meta property=\"og:locale\" content=\"de_DE\" \/>\n<meta property=\"og:type\" content=\"article\" \/>\n<meta property=\"og:title\" content=\"SIUX ELECTRA ST3 SPECIAL EDITION - Revolution Padel Store\" \/>\n<meta property=\"og:description\" content=\"Descubre la pala Siux Electra ST3 Special Edition dise\u00f1ada junto a Franco Stupaczuk. Ideal para jugadores avanzados y profesionales, combina potencia, control y versatilidad. \u00a1Disponible en Revolution Padel Store!\" \/>\n<meta property=\"og:url\" content=\"https:\/\/revolutionpadelstore.com\/de\/produkt\/siux-electra-st3-special-edition-1\/\" \/>\n<meta property=\"og:site_name\" content=\"Revolution Padel Store\" \/>\n<meta property=\"article:modified_time\" content=\"2026-04-08T07:23:36+00:00\" \/>\n<meta property=\"og:image\" content=\"https:\/\/revolutionpadelstore.com\/wp-content\/uploads\/2024\/12\/114475-siux-electra-st3-special-edition-1500x1500-1.webp\" \/>\n\t<meta property=\"og:image:width\" content=\"1500\" \/>\n\t<meta property=\"og:image:height\" content=\"1500\" \/>\n\t<meta property=\"og:image:type\" content=\"image\/webp\" \/>\n<meta name=\"twitter:card\" content=\"summary_large_image\" \/>\n<meta name=\"twitter:label1\" content=\"Gesch\u00e4tzte Lesezeit\" \/>\n\t<meta name=\"twitter:data1\" content=\"2\u00a0Minuten\" \/>\n<script type=\"application\/ld+json\" class=\"yoast-schema-graph\">{\"@context\":\"https:\\\/\\\/schema.org\",\"@graph\":[{\"@type\":\"WebPage\",\"@id\":\"https:\\\/\\\/revolutionpadelstore.com\\\/de\\\/produkt\\\/siux-electra-st3-special-edition-1\\\/\",\"url\":\"https:\\\/\\\/revolutionpadelstore.com\\\/de\\\/produkt\\\/siux-electra-st3-special-edition-1\\\/\",\"name\":\"SIUX ELECTRA ST3 SPECIAL EDITION - Revolution Padel Store\",\"isPartOf\":{\"@id\":\"https:\\\/\\\/revolutionpadelstore.com\\\/de\\\/#website\"},\"primaryImageOfPage\":{\"@id\":\"https:\\\/\\\/revolutionpadelstore.com\\\/de\\\/produkt\\\/siux-electra-st3-special-edition-1\\\/#primaryimage\"},\"image\":{\"@id\":\"https:\\\/\\\/revolutionpadelstore.com\\\/de\\\/produkt\\\/siux-electra-st3-special-edition-1\\\/#primaryimage\"},\"thumbnailUrl\":\"https:\\\/\\\/revolutionpadelstore.com\\\/wp-content\\\/uploads\\\/2024\\\/12\\\/114475-siux-electra-st3-special-edition-1500x1500-1.webp\",\"datePublished\":\"2024-12-10T17:19:47+00:00\",\"dateModified\":\"2026-04-08T07:23:36+00:00\",\"description\":\"Descubre la pala Siux Electra ST3 Special Edition dise\u00f1ada junto a Franco Stupaczuk. Ideal para jugadores avanzados y profesionales, combina potencia, control y versatilidad. \u00a1Disponible en Revolution Padel Store!\",\"breadcrumb\":{\"@id\":\"https:\\\/\\\/revolutionpadelstore.com\\\/de\\\/produkt\\\/siux-electra-st3-special-edition-1\\\/#breadcrumb\"},\"inLanguage\":\"de\",\"potentialAction\":[{\"@type\":\"ReadAction\",\"target\":[\"https:\\\/\\\/revolutionpadelstore.com\\\/de\\\/produkt\\\/siux-electra-st3-special-edition-1\\\/\"]}]},{\"@type\":\"ImageObject\",\"inLanguage\":\"de\",\"@id\":\"https:\\\/\\\/revolutionpadelstore.com\\\/de\\\/produkt\\\/siux-electra-st3-special-edition-1\\\/#primaryimage\",\"url\":\"https:\\\/\\\/revolutionpadelstore.com\\\/wp-content\\\/uploads\\\/2024\\\/12\\\/114475-siux-electra-st3-special-edition-1500x1500-1.webp\",\"contentUrl\":\"https:\\\/\\\/revolutionpadelstore.com\\\/wp-content\\\/uploads\\\/2024\\\/12\\\/114475-siux-electra-st3-special-edition-1500x1500-1.webp\",\"width\":1500,\"height\":1500},{\"@type\":\"BreadcrumbList\",\"@id\":\"https:\\\/\\\/revolutionpadelstore.com\\\/de\\\/produkt\\\/siux-electra-st3-special-edition-1\\\/#breadcrumb\",\"itemListElement\":[{\"@type\":\"ListItem\",\"position\":1,\"name\":\"Portada\",\"item\":\"https:\\\/\\\/revolutionpadelstore.com\\\/de\\\/\"},{\"@type\":\"ListItem\",\"position\":2,\"name\":\"Shop\",\"item\":\"https:\\\/\\\/revolutionpadelstore.com\\\/de\\\/tienda\\\/\"},{\"@type\":\"ListItem\",\"position\":3,\"name\":\"SIUX ELECTRA ST3 SPECIAL EDITION\"}]},{\"@type\":\"WebSite\",\"@id\":\"https:\\\/\\\/revolutionpadelstore.com\\\/de\\\/#website\",\"url\":\"https:\\\/\\\/revolutionpadelstore.com\\\/de\\\/\",\"name\":\"Revolution Padel Store\",\"description\":\"\",\"publisher\":{\"@id\":\"https:\\\/\\\/revolutionpadelstore.com\\\/de\\\/#organization\"},\"potentialAction\":[{\"@type\":\"SearchAction\",\"target\":{\"@type\":\"EntryPoint\",\"urlTemplate\":\"https:\\\/\\\/revolutionpadelstore.com\\\/de\\\/?s={search_term_string}\"},\"query-input\":{\"@type\":\"PropertyValueSpecification\",\"valueRequired\":true,\"valueName\":\"search_term_string\"}}],\"inLanguage\":\"de\"},{\"@type\":\"Organization\",\"@id\":\"https:\\\/\\\/revolutionpadelstore.com\\\/de\\\/#organization\",\"name\":\"Revolution Padel Store\",\"url\":\"https:\\\/\\\/revolutionpadelstore.com\\\/de\\\/\",\"logo\":{\"@type\":\"ImageObject\",\"inLanguage\":\"de\",\"@id\":\"https:\\\/\\\/revolutionpadelstore.com\\\/de\\\/#\\\/schema\\\/logo\\\/image\\\/\",\"url\":\"https:\\\/\\\/revolutionpadelstore.com\\\/wp-content\\\/uploads\\\/2026\\\/02\\\/revolution-padel-store.jpg\",\"contentUrl\":\"https:\\\/\\\/revolutionpadelstore.com\\\/wp-content\\\/uploads\\\/2026\\\/02\\\/revolution-padel-store.jpg\",\"width\":2000,\"height\":2000,\"caption\":\"Revolution Padel Store\"},\"image\":{\"@id\":\"https:\\\/\\\/revolutionpadelstore.com\\\/de\\\/#\\\/schema\\\/logo\\\/image\\\/\"},\"sameAs\":[\"https:\\\/\\\/www.instagram.com\\\/revolutionpadelstore\\\/\"]}]}<\/script>\n<!-- \/ Yoast SEO plugin. -->","yoast_head_json":{"title":"SIUX ELECTRA ST3 SPECIAL EDITION - Revolution Padel Store","description":"Descubre la pala Siux Electra ST3 Special Edition dise\u00f1ada junto a Franco Stupaczuk. Ideal para jugadores avanzados y profesionales, combina potencia, control y versatilidad. \u00a1Disponible en Revolution Padel Store!","robots":{"index":"index","follow":"follow","max-snippet":"max-snippet:-1","max-image-preview":"max-image-preview:large","max-video-preview":"max-video-preview:-1"},"canonical":"https:\/\/revolutionpadelstore.com\/de\/produkt\/siux-electra-st3-special-edition-1\/","og_locale":"de_DE","og_type":"article","og_title":"SIUX ELECTRA ST3 SPECIAL EDITION - Revolution Padel Store","og_description":"Descubre la pala Siux Electra ST3 Special Edition dise\u00f1ada junto a Franco Stupaczuk. Ideal para jugadores avanzados y profesionales, combina potencia, control y versatilidad. \u00a1Disponible en Revolution Padel Store!","og_url":"https:\/\/revolutionpadelstore.com\/de\/produkt\/siux-electra-st3-special-edition-1\/","og_site_name":"Revolution Padel Store","article_modified_time":"2026-04-08T07:23:36+00:00","og_image":[{"width":1500,"height":1500,"url":"https:\/\/revolutionpadelstore.com\/wp-content\/uploads\/2024\/12\/114475-siux-electra-st3-special-edition-1500x1500-1.webp","type":"image\/webp"}],"twitter_card":"summary_large_image","twitter_misc":{"Gesch\u00e4tzte Lesezeit":"2\u00a0Minuten"},"schema":{"@context":"https:\/\/schema.org","@graph":[{"@type":"WebPage","@id":"https:\/\/revolutionpadelstore.com\/de\/produkt\/siux-electra-st3-special-edition-1\/","url":"https:\/\/revolutionpadelstore.com\/de\/produkt\/siux-electra-st3-special-edition-1\/","name":"SIUX ELECTRA ST3 SPECIAL EDITION - Revolution Padel Store","isPartOf":{"@id":"https:\/\/revolutionpadelstore.com\/de\/#website"},"primaryImageOfPage":{"@id":"https:\/\/revolutionpadelstore.com\/de\/produkt\/siux-electra-st3-special-edition-1\/#primaryimage"},"image":{"@id":"https:\/\/revolutionpadelstore.com\/de\/produkt\/siux-electra-st3-special-edition-1\/#primaryimage"},"thumbnailUrl":"https:\/\/revolutionpadelstore.com\/wp-content\/uploads\/2024\/12\/114475-siux-electra-st3-special-edition-1500x1500-1.webp","datePublished":"2024-12-10T17:19:47+00:00","dateModified":"2026-04-08T07:23:36+00:00","description":"Descubre la pala Siux Electra ST3 Special Edition dise\u00f1ada junto a Franco Stupaczuk. Ideal para jugadores avanzados y profesionales, combina potencia, control y versatilidad. \u00a1Disponible en Revolution Padel Store!","breadcrumb":{"@id":"https:\/\/revolutionpadelstore.com\/de\/produkt\/siux-electra-st3-special-edition-1\/#breadcrumb"},"inLanguage":"de","potentialAction":[{"@type":"ReadAction","target":["https:\/\/revolutionpadelstore.com\/de\/produkt\/siux-electra-st3-special-edition-1\/"]}]},{"@type":"ImageObject","inLanguage":"de","@id":"https:\/\/revolutionpadelstore.com\/de\/produkt\/siux-electra-st3-special-edition-1\/#primaryimage","url":"https:\/\/revolutionpadelstore.com\/wp-content\/uploads\/2024\/12\/114475-siux-electra-st3-special-edition-1500x1500-1.webp","contentUrl":"https:\/\/revolutionpadelstore.com\/wp-content\/uploads\/2024\/12\/114475-siux-electra-st3-special-edition-1500x1500-1.webp","width":1500,"height":1500},{"@type":"BreadcrumbList","@id":"https:\/\/revolutionpadelstore.com\/de\/produkt\/siux-electra-st3-special-edition-1\/#breadcrumb","itemListElement":[{"@type":"ListItem","position":1,"name":"Portada","item":"https:\/\/revolutionpadelstore.com\/de\/"},{"@type":"ListItem","position":2,"name":"Shop","item":"https:\/\/revolutionpadelstore.com\/de\/tienda\/"},{"@type":"ListItem","position":3,"name":"SIUX ELECTRA ST3 SPECIAL EDITION"}]},{"@type":"WebSite","@id":"https:\/\/revolutionpadelstore.com\/de\/#website","url":"https:\/\/revolutionpadelstore.com\/de\/","name":"Revolution Padel Store","description":"","publisher":{"@id":"https:\/\/revolutionpadelstore.com\/de\/#organization"},"potentialAction":[{"@type":"SearchAction","target":{"@type":"EntryPoint","urlTemplate":"https:\/\/revolutionpadelstore.com\/de\/?s={search_term_string}"},"query-input":{"@type":"PropertyValueSpecification","valueRequired":true,"valueName":"search_term_string"}}],"inLanguage":"de"},{"@type":"Organization","@id":"https:\/\/revolutionpadelstore.com\/de\/#organization","name":"Revolution Padel Store","url":"https:\/\/revolutionpadelstore.com\/de\/","logo":{"@type":"ImageObject","inLanguage":"de","@id":"https:\/\/revolutionpadelstore.com\/de\/#\/schema\/logo\/image\/","url":"https:\/\/revolutionpadelstore.com\/wp-content\/uploads\/2026\/02\/revolution-padel-store.jpg","contentUrl":"https:\/\/revolutionpadelstore.com\/wp-content\/uploads\/2026\/02\/revolution-padel-store.jpg","width":2000,"height":2000,"caption":"Revolution Padel Store"},"image":{"@id":"https:\/\/revolutionpadelstore.com\/de\/#\/schema\/logo\/image\/"},"sameAs":["https:\/\/www.instagram.com\/revolutionpadelstore\/"]}]}},"_links":{"self":[{"href":"https:\/\/revolutionpadelstore.com\/de\/wp-json\/wp\/v2\/product\/162758","targetHints":{"allow":["GET"]}}],"collection":[{"href":"https:\/\/revolutionpadelstore.com\/de\/wp-json\/wp\/v2\/product"}],"about":[{"href":"https:\/\/revolutionpadelstore.com\/de\/wp-json\/wp\/v2\/types\/product"}],"replies":[{"embeddable":true,"href":"https:\/\/revolutionpadelstore.com\/de\/wp-json\/wp\/v2\/comments?post=162758"}],"wp:featuredmedia":[{"embeddable":true,"href":"https:\/\/revolutionpadelstore.com\/de\/wp-json\/wp\/v2\/media\/154720"}],"wp:attachment":[{"href":"https:\/\/revolutionpadelstore.com\/de\/wp-json\/wp\/v2\/media?parent=162758"}],"wp:term":[{"taxonomy":"acabado","embeddable":true,"href":"https:\/\/revolutionpadelstore.com\/de\/wp-json\/wp\/v2\/acabado?post=162758"},{"taxonomy":"balance","embeddable":true,"href":"https:\/\/revolutionpadelstore.com\/de\/wp-json\/wp\/v2\/balance?post=162758"},{"taxonomy":"dureza","embeddable":true,"href":"https:\/\/revolutionpadelstore.com\/de\/wp-json\/wp\/v2\/dureza?post=162758"},{"taxonomy":"forma","embeddable":true,"href":"https:\/\/revolutionpadelstore.com\/de\/wp-json\/wp\/v2\/forma?post=162758"},{"taxonomy":"jugador","embeddable":true,"href":"https:\/\/revolutionpadelstore.com\/de\/wp-json\/wp\/v2\/jugador?post=162758"},{"taxonomy":"marca","embeddable":true,"href":"https:\/\/revolutionpadelstore.com\/de\/wp-json\/wp\/v2\/marca?post=162758"},{"taxonomy":"nivel-de-juego","embeddable":true,"href":"https:\/\/revolutionpadelstore.com\/de\/wp-json\/wp\/v2\/nivel-de-juego?post=162758"},{"taxonomy":"superficie","embeddable":true,"href":"https:\/\/revolutionpadelstore.com\/de\/wp-json\/wp\/v2\/superficie?post=162758"},{"taxonomy":"tipo-de-juego","embeddable":true,"href":"https:\/\/revolutionpadelstore.com\/de\/wp-json\/wp\/v2\/tipo-de-juego?post=162758"},{"taxonomy":"product_brand","embeddable":true,"href":"https:\/\/revolutionpadelstore.com\/de\/wp-json\/wp\/v2\/product_brand?post=162758"},{"taxonomy":"product_cat","embeddable":true,"href":"https:\/\/revolutionpadelstore.com\/de\/wp-json\/wp\/v2\/product_cat?post=162758"},{"taxonomy":"product_tag","embeddable":true,"href":"https:\/\/revolutionpadelstore.com\/de\/wp-json\/wp\/v2\/product_tag?post=162758"}],"curies":[{"name":"wp","href":"https:\/\/api.w.org\/{rel}","templated":true}]}}