{"id":162558,"date":"2024-12-19T23:46:48","date_gmt":"2024-12-19T22:46:48","guid":{"rendered":"https:\/\/revolutionpadelstore.com\/malla-bullpadel-lejos-negro-005\/"},"modified":"2026-04-08T09:12:13","modified_gmt":"2026-04-08T07:12:13","slug":"malla-bullpadel-lejos-negro-005-1","status":"publish","type":"product","link":"https:\/\/revolutionpadelstore.com\/de\/produkt\/malla-bullpadel-lejos-negro-005-1\/","title":{"rendered":"MALLA BULLPADEL LEJOS NEGRO 005"},"content":{"rendered":"<h2> Prolinrock weit mit Drynamic -Technologie &#8211; Hochleistungs -Paddel -Kleidung <\/ H2><br \/>\n<strong> optimiertes Design und Komfort f\u00fcr anspruchsvolle Spieler <\/strong> Der Paddelrock der Proline -Linie kombiniert einen dynamischen Stil mit au\u00dfergew\u00f6hnlicher technischer Leistung. Mit elastischem Polyesterpique -Gewebe hergestellt, bietet es eine komfortable und ergonomische Anpassung und ideal f\u00fcr intensive Streckenbewegungen.<\/p>\n<h2> <strong> Prominente Eigenschaften <\/ strong> <\/ h2><br \/>\n<strong> -Premiumqualit\u00e4t: <\/strong> aus elastischem Polyester-Piquester-technischen Gewebe, das die Haltbarkeit und Bewegungsfreiheit gew\u00e4hrleistet.<\/p>\n<p><strong> -Funktionales Design: <\/strong> Hohe Weste mit Formteilen mit Formteilen, um die Silhouette zu verbessern und w\u00e4hrend des Spiels Komfort zu bieten.<\/p>\n<p><strong> -technische Detalles: <\/strong> seitlich mit semi-periforzierter Textur f\u00fcr modernes Aussehen und zus\u00e4tzliche Bel\u00fcftung.<\/p>\n<p><strong> -Praktikalit\u00e4t garantiert: <\/strong> Taschen in zwei Richtungen, perfekt zum Aufbewahren von B\u00e4llen oder anderen kleinen Objekten.<\/p>\n<h2> <strong> Drynamische Technologie <\/ strong> <\/ h2><br \/>\nDieser Rock umfasst die fortschrittliche drynamische Technologie, die spezielle Mikrofilamente verwendet, um das Feuchtigkeitsmanagement zu optimieren. Dieses System bleibt trocken und bequem, indem die Ansammlung von Schwei\u00df reduziert und die Atmungsaktivit\u00e4t w\u00e4hrend der intensivsten Parteien verbessert wird.<\/p>\n<p><strong> Machen Sie jede Party zu einem Komfort- und Stilerlebnis mit diesem Rock der Proline -Linie, die f\u00fcr diejenigen entwickelt wurden, die in jedem Detail nach Qualit\u00e4t und Leistung suchen<\/p>\n<p>Erh\u00e4ltlich in unserem Online -Shop <a href=\"http:\/\/www.revolutionpadelstore.com\/\"> www.revolutionpadelstore.com <\/a>, <strong> wahrscheinlich zum besten Marktpreis.<\/p>\n<h2>Falda Proline Lejos con Tecnolog\u00eda Drynamic &#8211; Ropa de P\u00e1del de Alto Rendimiento<\/h2>\n","protected":false},"excerpt":{"rendered":"<p><strong> optimiertes Design und Komfort f\u00fcr anspruchsvolle Spieler <\/strong> Der Paddelrock der Proline -Linie kombiniert einen dynamischen Stil mit au\u00dfergew\u00f6hnlicher technischer Leistung. Mit elastischem Polyesterpique -Gewebe hergestellt, bietet es eine komfortable und ergonomische Anpassung und ideal f\u00fcr intensive Streckenbewegungen.<strong>Dise\u00f1o y comodidad optimizados para jugadoras exigentes<\/strong><\/p>\n","protected":false},"featured_media":155913,"comment_status":"open","ping_status":"closed","template":"","meta":{"_acf_changed":false,"_joinchat":[]},"acabado":[],"balance":[],"dureza":[],"forma":[],"jugador":[1194],"marca":[1254],"nivel-de-juego":[],"superficie":[],"tipo-de-juego":[],"product_brand":[],"product_cat":[323],"product_tag":[],"class_list":{"0":"post-162558","1":"product","2":"type-product","3":"status-publish","4":"has-post-thumbnail","6":"jugador-frau","7":"marca-bullpadel-de","8":"product_cat-ropa-de","10":"first","11":"outofstock","12":"sale","13":"taxable","14":"shipping-taxable","15":"purchasable","16":"product-type-variable"},"acf":[],"yoast_head":"<!-- This site is optimized with the Yoast SEO plugin v27.4 - https:\/\/yoast.com\/product\/yoast-seo-wordpress\/ -->\n<title>MALLA BULLPADEL LEJOS NEGRO 005 - Revolution Padel Store<\/title>\n<meta name=\"description\" content=\"Descubre la falda Proline con tecnolog\u00eda Drynamic, ideal para jugadoras de p\u00e1del. Dise\u00f1o ergon\u00f3mico, tejido t\u00e9cnico y confort superior. \u00a1Compra ahora en Revolution Padel Store!\" \/>\n<meta name=\"robots\" content=\"index, follow, max-snippet:-1, max-image-preview:large, max-video-preview:-1\" \/>\n<link rel=\"canonical\" href=\"https:\/\/revolutionpadelstore.com\/de\/produkt\/malla-bullpadel-lejos-negro-005-1\/\" \/>\n<meta property=\"og:locale\" content=\"de_DE\" \/>\n<meta property=\"og:type\" content=\"article\" \/>\n<meta property=\"og:title\" content=\"MALLA BULLPADEL LEJOS NEGRO 005 - Revolution Padel Store\" \/>\n<meta property=\"og:description\" content=\"Descubre la falda Proline con tecnolog\u00eda Drynamic, ideal para jugadoras de p\u00e1del. Dise\u00f1o ergon\u00f3mico, tejido t\u00e9cnico y confort superior. \u00a1Compra ahora en Revolution Padel Store!\" \/>\n<meta property=\"og:url\" content=\"https:\/\/revolutionpadelstore.com\/de\/produkt\/malla-bullpadel-lejos-negro-005-1\/\" \/>\n<meta property=\"og:site_name\" content=\"Revolution Padel Store\" \/>\n<meta property=\"article:modified_time\" content=\"2026-04-08T07:12:13+00:00\" \/>\n<meta property=\"og:image\" content=\"https:\/\/revolutionpadelstore.com\/wp-content\/uploads\/2024\/12\/malla-bullpadel-lejos-negro.jpg\" \/>\n\t<meta property=\"og:image:width\" content=\"1000\" \/>\n\t<meta property=\"og:image:height\" content=\"1188\" \/>\n\t<meta property=\"og:image:type\" content=\"image\/jpeg\" \/>\n<meta name=\"twitter:card\" content=\"summary_large_image\" \/>\n<meta name=\"twitter:label1\" content=\"Gesch\u00e4tzte Lesezeit\" \/>\n\t<meta name=\"twitter:data1\" content=\"1\u00a0Minute\" \/>\n<script type=\"application\/ld+json\" class=\"yoast-schema-graph\">{\"@context\":\"https:\\\/\\\/schema.org\",\"@graph\":[{\"@type\":\"WebPage\",\"@id\":\"https:\\\/\\\/revolutionpadelstore.com\\\/de\\\/produkt\\\/malla-bullpadel-lejos-negro-005-1\\\/\",\"url\":\"https:\\\/\\\/revolutionpadelstore.com\\\/de\\\/produkt\\\/malla-bullpadel-lejos-negro-005-1\\\/\",\"name\":\"MALLA BULLPADEL LEJOS NEGRO 005 - Revolution Padel Store\",\"isPartOf\":{\"@id\":\"https:\\\/\\\/revolutionpadelstore.com\\\/de\\\/#website\"},\"primaryImageOfPage\":{\"@id\":\"https:\\\/\\\/revolutionpadelstore.com\\\/de\\\/produkt\\\/malla-bullpadel-lejos-negro-005-1\\\/#primaryimage\"},\"image\":{\"@id\":\"https:\\\/\\\/revolutionpadelstore.com\\\/de\\\/produkt\\\/malla-bullpadel-lejos-negro-005-1\\\/#primaryimage\"},\"thumbnailUrl\":\"https:\\\/\\\/revolutionpadelstore.com\\\/wp-content\\\/uploads\\\/2024\\\/12\\\/malla-bullpadel-lejos-negro.jpg\",\"datePublished\":\"2024-12-19T22:46:48+00:00\",\"dateModified\":\"2026-04-08T07:12:13+00:00\",\"description\":\"Descubre la falda Proline con tecnolog\u00eda Drynamic, ideal para jugadoras de p\u00e1del. Dise\u00f1o ergon\u00f3mico, tejido t\u00e9cnico y confort superior. \u00a1Compra ahora en Revolution Padel Store!\",\"breadcrumb\":{\"@id\":\"https:\\\/\\\/revolutionpadelstore.com\\\/de\\\/produkt\\\/malla-bullpadel-lejos-negro-005-1\\\/#breadcrumb\"},\"inLanguage\":\"de\",\"potentialAction\":[{\"@type\":\"ReadAction\",\"target\":[\"https:\\\/\\\/revolutionpadelstore.com\\\/de\\\/produkt\\\/malla-bullpadel-lejos-negro-005-1\\\/\"]}]},{\"@type\":\"ImageObject\",\"inLanguage\":\"de\",\"@id\":\"https:\\\/\\\/revolutionpadelstore.com\\\/de\\\/produkt\\\/malla-bullpadel-lejos-negro-005-1\\\/#primaryimage\",\"url\":\"https:\\\/\\\/revolutionpadelstore.com\\\/wp-content\\\/uploads\\\/2024\\\/12\\\/malla-bullpadel-lejos-negro.jpg\",\"contentUrl\":\"https:\\\/\\\/revolutionpadelstore.com\\\/wp-content\\\/uploads\\\/2024\\\/12\\\/malla-bullpadel-lejos-negro.jpg\",\"width\":1000,\"height\":1188},{\"@type\":\"BreadcrumbList\",\"@id\":\"https:\\\/\\\/revolutionpadelstore.com\\\/de\\\/produkt\\\/malla-bullpadel-lejos-negro-005-1\\\/#breadcrumb\",\"itemListElement\":[{\"@type\":\"ListItem\",\"position\":1,\"name\":\"Portada\",\"item\":\"https:\\\/\\\/revolutionpadelstore.com\\\/de\\\/\"},{\"@type\":\"ListItem\",\"position\":2,\"name\":\"Shop\",\"item\":\"https:\\\/\\\/revolutionpadelstore.com\\\/de\\\/tienda\\\/\"},{\"@type\":\"ListItem\",\"position\":3,\"name\":\"MALLA BULLPADEL LEJOS NEGRO 005\"}]},{\"@type\":\"WebSite\",\"@id\":\"https:\\\/\\\/revolutionpadelstore.com\\\/de\\\/#website\",\"url\":\"https:\\\/\\\/revolutionpadelstore.com\\\/de\\\/\",\"name\":\"Revolution Padel Store\",\"description\":\"\",\"publisher\":{\"@id\":\"https:\\\/\\\/revolutionpadelstore.com\\\/de\\\/#organization\"},\"potentialAction\":[{\"@type\":\"SearchAction\",\"target\":{\"@type\":\"EntryPoint\",\"urlTemplate\":\"https:\\\/\\\/revolutionpadelstore.com\\\/de\\\/?s={search_term_string}\"},\"query-input\":{\"@type\":\"PropertyValueSpecification\",\"valueRequired\":true,\"valueName\":\"search_term_string\"}}],\"inLanguage\":\"de\"},{\"@type\":\"Organization\",\"@id\":\"https:\\\/\\\/revolutionpadelstore.com\\\/de\\\/#organization\",\"name\":\"Revolution Padel Store\",\"url\":\"https:\\\/\\\/revolutionpadelstore.com\\\/de\\\/\",\"logo\":{\"@type\":\"ImageObject\",\"inLanguage\":\"de\",\"@id\":\"https:\\\/\\\/revolutionpadelstore.com\\\/de\\\/#\\\/schema\\\/logo\\\/image\\\/\",\"url\":\"https:\\\/\\\/revolutionpadelstore.com\\\/wp-content\\\/uploads\\\/2026\\\/02\\\/revolution-padel-store.jpg\",\"contentUrl\":\"https:\\\/\\\/revolutionpadelstore.com\\\/wp-content\\\/uploads\\\/2026\\\/02\\\/revolution-padel-store.jpg\",\"width\":2000,\"height\":2000,\"caption\":\"Revolution Padel Store\"},\"image\":{\"@id\":\"https:\\\/\\\/revolutionpadelstore.com\\\/de\\\/#\\\/schema\\\/logo\\\/image\\\/\"},\"sameAs\":[\"https:\\\/\\\/www.instagram.com\\\/revolutionpadelstore\\\/\"]}]}<\/script>\n<!-- \/ Yoast SEO plugin. -->","yoast_head_json":{"title":"MALLA BULLPADEL LEJOS NEGRO 005 - Revolution Padel Store","description":"Descubre la falda Proline con tecnolog\u00eda Drynamic, ideal para jugadoras de p\u00e1del. Dise\u00f1o ergon\u00f3mico, tejido t\u00e9cnico y confort superior. \u00a1Compra ahora en Revolution Padel Store!","robots":{"index":"index","follow":"follow","max-snippet":"max-snippet:-1","max-image-preview":"max-image-preview:large","max-video-preview":"max-video-preview:-1"},"canonical":"https:\/\/revolutionpadelstore.com\/de\/produkt\/malla-bullpadel-lejos-negro-005-1\/","og_locale":"de_DE","og_type":"article","og_title":"MALLA BULLPADEL LEJOS NEGRO 005 - Revolution Padel Store","og_description":"Descubre la falda Proline con tecnolog\u00eda Drynamic, ideal para jugadoras de p\u00e1del. Dise\u00f1o ergon\u00f3mico, tejido t\u00e9cnico y confort superior. \u00a1Compra ahora en Revolution Padel Store!","og_url":"https:\/\/revolutionpadelstore.com\/de\/produkt\/malla-bullpadel-lejos-negro-005-1\/","og_site_name":"Revolution Padel Store","article_modified_time":"2026-04-08T07:12:13+00:00","og_image":[{"width":1000,"height":1188,"url":"https:\/\/revolutionpadelstore.com\/wp-content\/uploads\/2024\/12\/malla-bullpadel-lejos-negro.jpg","type":"image\/jpeg"}],"twitter_card":"summary_large_image","twitter_misc":{"Gesch\u00e4tzte Lesezeit":"1\u00a0Minute"},"schema":{"@context":"https:\/\/schema.org","@graph":[{"@type":"WebPage","@id":"https:\/\/revolutionpadelstore.com\/de\/produkt\/malla-bullpadel-lejos-negro-005-1\/","url":"https:\/\/revolutionpadelstore.com\/de\/produkt\/malla-bullpadel-lejos-negro-005-1\/","name":"MALLA BULLPADEL LEJOS NEGRO 005 - Revolution Padel Store","isPartOf":{"@id":"https:\/\/revolutionpadelstore.com\/de\/#website"},"primaryImageOfPage":{"@id":"https:\/\/revolutionpadelstore.com\/de\/produkt\/malla-bullpadel-lejos-negro-005-1\/#primaryimage"},"image":{"@id":"https:\/\/revolutionpadelstore.com\/de\/produkt\/malla-bullpadel-lejos-negro-005-1\/#primaryimage"},"thumbnailUrl":"https:\/\/revolutionpadelstore.com\/wp-content\/uploads\/2024\/12\/malla-bullpadel-lejos-negro.jpg","datePublished":"2024-12-19T22:46:48+00:00","dateModified":"2026-04-08T07:12:13+00:00","description":"Descubre la falda Proline con tecnolog\u00eda Drynamic, ideal para jugadoras de p\u00e1del. Dise\u00f1o ergon\u00f3mico, tejido t\u00e9cnico y confort superior. \u00a1Compra ahora en Revolution Padel Store!","breadcrumb":{"@id":"https:\/\/revolutionpadelstore.com\/de\/produkt\/malla-bullpadel-lejos-negro-005-1\/#breadcrumb"},"inLanguage":"de","potentialAction":[{"@type":"ReadAction","target":["https:\/\/revolutionpadelstore.com\/de\/produkt\/malla-bullpadel-lejos-negro-005-1\/"]}]},{"@type":"ImageObject","inLanguage":"de","@id":"https:\/\/revolutionpadelstore.com\/de\/produkt\/malla-bullpadel-lejos-negro-005-1\/#primaryimage","url":"https:\/\/revolutionpadelstore.com\/wp-content\/uploads\/2024\/12\/malla-bullpadel-lejos-negro.jpg","contentUrl":"https:\/\/revolutionpadelstore.com\/wp-content\/uploads\/2024\/12\/malla-bullpadel-lejos-negro.jpg","width":1000,"height":1188},{"@type":"BreadcrumbList","@id":"https:\/\/revolutionpadelstore.com\/de\/produkt\/malla-bullpadel-lejos-negro-005-1\/#breadcrumb","itemListElement":[{"@type":"ListItem","position":1,"name":"Portada","item":"https:\/\/revolutionpadelstore.com\/de\/"},{"@type":"ListItem","position":2,"name":"Shop","item":"https:\/\/revolutionpadelstore.com\/de\/tienda\/"},{"@type":"ListItem","position":3,"name":"MALLA BULLPADEL LEJOS NEGRO 005"}]},{"@type":"WebSite","@id":"https:\/\/revolutionpadelstore.com\/de\/#website","url":"https:\/\/revolutionpadelstore.com\/de\/","name":"Revolution Padel Store","description":"","publisher":{"@id":"https:\/\/revolutionpadelstore.com\/de\/#organization"},"potentialAction":[{"@type":"SearchAction","target":{"@type":"EntryPoint","urlTemplate":"https:\/\/revolutionpadelstore.com\/de\/?s={search_term_string}"},"query-input":{"@type":"PropertyValueSpecification","valueRequired":true,"valueName":"search_term_string"}}],"inLanguage":"de"},{"@type":"Organization","@id":"https:\/\/revolutionpadelstore.com\/de\/#organization","name":"Revolution Padel Store","url":"https:\/\/revolutionpadelstore.com\/de\/","logo":{"@type":"ImageObject","inLanguage":"de","@id":"https:\/\/revolutionpadelstore.com\/de\/#\/schema\/logo\/image\/","url":"https:\/\/revolutionpadelstore.com\/wp-content\/uploads\/2026\/02\/revolution-padel-store.jpg","contentUrl":"https:\/\/revolutionpadelstore.com\/wp-content\/uploads\/2026\/02\/revolution-padel-store.jpg","width":2000,"height":2000,"caption":"Revolution Padel Store"},"image":{"@id":"https:\/\/revolutionpadelstore.com\/de\/#\/schema\/logo\/image\/"},"sameAs":["https:\/\/www.instagram.com\/revolutionpadelstore\/"]}]}},"_links":{"self":[{"href":"https:\/\/revolutionpadelstore.com\/de\/wp-json\/wp\/v2\/product\/162558","targetHints":{"allow":["GET"]}}],"collection":[{"href":"https:\/\/revolutionpadelstore.com\/de\/wp-json\/wp\/v2\/product"}],"about":[{"href":"https:\/\/revolutionpadelstore.com\/de\/wp-json\/wp\/v2\/types\/product"}],"replies":[{"embeddable":true,"href":"https:\/\/revolutionpadelstore.com\/de\/wp-json\/wp\/v2\/comments?post=162558"}],"wp:featuredmedia":[{"embeddable":true,"href":"https:\/\/revolutionpadelstore.com\/de\/wp-json\/wp\/v2\/media\/155913"}],"wp:attachment":[{"href":"https:\/\/revolutionpadelstore.com\/de\/wp-json\/wp\/v2\/media?parent=162558"}],"wp:term":[{"taxonomy":"acabado","embeddable":true,"href":"https:\/\/revolutionpadelstore.com\/de\/wp-json\/wp\/v2\/acabado?post=162558"},{"taxonomy":"balance","embeddable":true,"href":"https:\/\/revolutionpadelstore.com\/de\/wp-json\/wp\/v2\/balance?post=162558"},{"taxonomy":"dureza","embeddable":true,"href":"https:\/\/revolutionpadelstore.com\/de\/wp-json\/wp\/v2\/dureza?post=162558"},{"taxonomy":"forma","embeddable":true,"href":"https:\/\/revolutionpadelstore.com\/de\/wp-json\/wp\/v2\/forma?post=162558"},{"taxonomy":"jugador","embeddable":true,"href":"https:\/\/revolutionpadelstore.com\/de\/wp-json\/wp\/v2\/jugador?post=162558"},{"taxonomy":"marca","embeddable":true,"href":"https:\/\/revolutionpadelstore.com\/de\/wp-json\/wp\/v2\/marca?post=162558"},{"taxonomy":"nivel-de-juego","embeddable":true,"href":"https:\/\/revolutionpadelstore.com\/de\/wp-json\/wp\/v2\/nivel-de-juego?post=162558"},{"taxonomy":"superficie","embeddable":true,"href":"https:\/\/revolutionpadelstore.com\/de\/wp-json\/wp\/v2\/superficie?post=162558"},{"taxonomy":"tipo-de-juego","embeddable":true,"href":"https:\/\/revolutionpadelstore.com\/de\/wp-json\/wp\/v2\/tipo-de-juego?post=162558"},{"taxonomy":"product_brand","embeddable":true,"href":"https:\/\/revolutionpadelstore.com\/de\/wp-json\/wp\/v2\/product_brand?post=162558"},{"taxonomy":"product_cat","embeddable":true,"href":"https:\/\/revolutionpadelstore.com\/de\/wp-json\/wp\/v2\/product_cat?post=162558"},{"taxonomy":"product_tag","embeddable":true,"href":"https:\/\/revolutionpadelstore.com\/de\/wp-json\/wp\/v2\/product_tag?post=162558"}],"curies":[{"name":"wp","href":"https:\/\/api.w.org\/{rel}","templated":true}]}}