{"id":162268,"date":"2024-12-29T11:42:55","date_gmt":"2024-12-29T10:42:55","guid":{"rendered":"https:\/\/revolutionpadelstore.com\/sudadera-bullpadel-gomese-015\/"},"modified":"2026-04-08T08:47:34","modified_gmt":"2026-04-08T06:47:34","slug":"sudadera-bullpadel-gomese-015-1","status":"publish","type":"product","link":"https:\/\/revolutionpadelstore.com\/de\/produkt\/sudadera-bullpadel-gomese-015-1\/","title":{"rendered":"SUDADERA BULLPADEL GOMESE 015"},"content":{"rendered":"<h2> Bullpadel Gomsee 015 Kaki Sweatshirt: Stil und Leistung <\/ H2><br \/>\nDas <strong> Bullpadel Gomsee 015 Kaki Sweatshirt <\/strong> bietet eine perfekte Balance zwischen Komfort, Funktionalit\u00e4t und Stil. Dieses Modell ist ideal f\u00fcr Paddelliebhaber oder Outdoor -Aktivit\u00e4t und f\u00e4llt auf den <strong> Perchaned Polyester mit der Thermalflextechnologie <\/strong> aus, was eine optimale Atmungsaktivit\u00e4t und Temperaturkontrolle garantiert.<\/p>\n<h2> <strong> Hauptmerkmale <\/strong>: <\/h2>\n<p><strong> -Tronglex <\/strong>: Gew\u00e4hrleistet eine hervorragende W\u00e4rmelisierung und reguliert die K\u00f6rpertemperatur.<\/p>\n<p><strong> -Antordierbares Host <\/strong> mit Schn\u00fcrsenkel f\u00fcr eine personalisierte Anpassung und zus\u00e4tzlichen Schutz.<\/p>\n<p><strong> -Relief <\/strong>: modernes Design, das eine unverwechselbare Note in der Brust verleiht.<\/p>\n<p><strong> -Kangaroo-Typ <\/strong>: Ger\u00e4umig und praktisch, um hei\u00dfe H\u00e4nde zu halten oder kleine Gegenst\u00e4nde zu retten.<\/p>\n<p><strong> -IB in F\u00e4usten und niedrigem <\/strong>: Erm\u00f6glicht eine perfekte Anpassung und bietet den ganzen Tag aus Komfort.<\/p>\n<p><strong> -Color kaki <\/strong>: vielseitig und im Trend, ideal, um mit jedem Ger\u00e4t zu kombinieren.<\/p>\n<p>Der Stoff ist <strong> weich und resistent <\/strong>, der f\u00fcr t\u00e4gliche Verschlei\u00df standh\u00e4lt und perfekt f\u00fcr frische Tage oder Sportsitzungen ist. Dieses Sweatshirt ist mehr als ein Kleidungsst\u00fcck; Er ist ein zuverl\u00e4ssiger Partner, der Sie bequem h\u00e4lt, w\u00e4hrend Sie Ihre Leistung verbessern oder einfach Ihre Freizeit genie\u00dfen.<\/p>\n<h2> jetzt verf\u00fcgbar <\/ H2><br \/>\nKaufen Sie das <strong> Bullpadel Gomsee 015 Kaki Sweatshirt in unserem Online -Shop <a href=\"https:\/\/www.revolutionpadelstore.com\/\"> Revolution Padel Store <\/a> und stellen Sie sicher, dass Sie es wahrscheinlich zum besten Markt bekommen Preis!<br \/>\n<H3> <\/h3>\n<h2>Sudadera Bullpadel Gomese 015 Kaki: estilo y rendimiento<\/h2>\n","protected":false},"excerpt":{"rendered":"<p>Das Bullpadel Gomsee 015 Kaki Sweatshirt kombiniert Komfort, Funktionalit\u00e4t und Stil in einem perfekten Design. Es ist ideal f\u00fcr Paddelbegeisterte und alle Aktivit\u00e4ten im Freien. Hergestellt mit percharisiertem und ausgestattetem Polyester mit Thermalflextechnologie, sorgt es f\u00fcr eine hervorragende Atmungsaktivit\u00e4t und eine effektive Kontrolle der K\u00f6rpertemperatur.<\/p>\n","protected":false},"featured_media":157452,"comment_status":"open","ping_status":"closed","template":"","meta":{"_acf_changed":false,"_joinchat":[]},"acabado":[],"balance":[],"dureza":[],"forma":[],"jugador":[1189],"marca":[1254],"nivel-de-juego":[],"superficie":[],"tipo-de-juego":[],"product_brand":[],"product_cat":[323],"product_tag":[],"class_list":{"0":"post-162268","1":"product","2":"type-product","3":"status-publish","4":"has-post-thumbnail","6":"jugador-mann","7":"marca-bullpadel-de","8":"product_cat-ropa-de","10":"first","11":"outofstock","12":"sale","13":"taxable","14":"shipping-taxable","15":"purchasable","16":"product-type-variable"},"acf":[],"yoast_head":"<!-- This site is optimized with the Yoast SEO plugin v27.4 - https:\/\/yoast.com\/product\/yoast-seo-wordpress\/ -->\n<title>SUDADERA BULLPADEL GOMESE 015 - Revolution Padel Store<\/title>\n<meta name=\"description\" content=\"Descubre la sudadera Bullpadel Gomese 015 Kaki con tecnolog\u00eda Termalflex, dise\u00f1o moderno y confort total. Disponible en Revolution Padel Store al mejor precio.\" \/>\n<meta name=\"robots\" content=\"index, follow, max-snippet:-1, max-image-preview:large, max-video-preview:-1\" \/>\n<link rel=\"canonical\" href=\"https:\/\/revolutionpadelstore.com\/de\/produkt\/sudadera-bullpadel-gomese-015-1\/\" \/>\n<meta property=\"og:locale\" content=\"de_DE\" \/>\n<meta property=\"og:type\" content=\"article\" \/>\n<meta property=\"og:title\" content=\"SUDADERA BULLPADEL GOMESE 015 - Revolution Padel Store\" \/>\n<meta property=\"og:description\" content=\"Descubre la sudadera Bullpadel Gomese 015 Kaki con tecnolog\u00eda Termalflex, dise\u00f1o moderno y confort total. Disponible en Revolution Padel Store al mejor precio.\" \/>\n<meta property=\"og:url\" content=\"https:\/\/revolutionpadelstore.com\/de\/produkt\/sudadera-bullpadel-gomese-015-1\/\" \/>\n<meta property=\"og:site_name\" content=\"Revolution Padel Store\" \/>\n<meta property=\"article:modified_time\" content=\"2026-04-08T06:47:34+00:00\" \/>\n<meta property=\"og:image\" content=\"https:\/\/revolutionpadelstore.com\/wp-content\/uploads\/2024\/12\/179E-4.png\" \/>\n\t<meta property=\"og:image:width\" content=\"1500\" \/>\n\t<meta property=\"og:image:height\" content=\"1500\" \/>\n\t<meta property=\"og:image:type\" content=\"image\/png\" \/>\n<meta name=\"twitter:card\" content=\"summary_large_image\" \/>\n<meta name=\"twitter:label1\" content=\"Gesch\u00e4tzte Lesezeit\" \/>\n\t<meta name=\"twitter:data1\" content=\"1\u00a0Minute\" \/>\n<script type=\"application\/ld+json\" class=\"yoast-schema-graph\">{\"@context\":\"https:\\\/\\\/schema.org\",\"@graph\":[{\"@type\":\"WebPage\",\"@id\":\"https:\\\/\\\/revolutionpadelstore.com\\\/de\\\/produkt\\\/sudadera-bullpadel-gomese-015-1\\\/\",\"url\":\"https:\\\/\\\/revolutionpadelstore.com\\\/de\\\/produkt\\\/sudadera-bullpadel-gomese-015-1\\\/\",\"name\":\"SUDADERA BULLPADEL GOMESE 015 - Revolution Padel Store\",\"isPartOf\":{\"@id\":\"https:\\\/\\\/revolutionpadelstore.com\\\/de\\\/#website\"},\"primaryImageOfPage\":{\"@id\":\"https:\\\/\\\/revolutionpadelstore.com\\\/de\\\/produkt\\\/sudadera-bullpadel-gomese-015-1\\\/#primaryimage\"},\"image\":{\"@id\":\"https:\\\/\\\/revolutionpadelstore.com\\\/de\\\/produkt\\\/sudadera-bullpadel-gomese-015-1\\\/#primaryimage\"},\"thumbnailUrl\":\"https:\\\/\\\/revolutionpadelstore.com\\\/wp-content\\\/uploads\\\/2024\\\/12\\\/179E-4.png\",\"datePublished\":\"2024-12-29T10:42:55+00:00\",\"dateModified\":\"2026-04-08T06:47:34+00:00\",\"description\":\"Descubre la sudadera Bullpadel Gomese 015 Kaki con tecnolog\u00eda Termalflex, dise\u00f1o moderno y confort total. Disponible en Revolution Padel Store al mejor precio.\",\"breadcrumb\":{\"@id\":\"https:\\\/\\\/revolutionpadelstore.com\\\/de\\\/produkt\\\/sudadera-bullpadel-gomese-015-1\\\/#breadcrumb\"},\"inLanguage\":\"de\",\"potentialAction\":[{\"@type\":\"ReadAction\",\"target\":[\"https:\\\/\\\/revolutionpadelstore.com\\\/de\\\/produkt\\\/sudadera-bullpadel-gomese-015-1\\\/\"]}]},{\"@type\":\"ImageObject\",\"inLanguage\":\"de\",\"@id\":\"https:\\\/\\\/revolutionpadelstore.com\\\/de\\\/produkt\\\/sudadera-bullpadel-gomese-015-1\\\/#primaryimage\",\"url\":\"https:\\\/\\\/revolutionpadelstore.com\\\/wp-content\\\/uploads\\\/2024\\\/12\\\/179E-4.png\",\"contentUrl\":\"https:\\\/\\\/revolutionpadelstore.com\\\/wp-content\\\/uploads\\\/2024\\\/12\\\/179E-4.png\",\"width\":1500,\"height\":1500},{\"@type\":\"BreadcrumbList\",\"@id\":\"https:\\\/\\\/revolutionpadelstore.com\\\/de\\\/produkt\\\/sudadera-bullpadel-gomese-015-1\\\/#breadcrumb\",\"itemListElement\":[{\"@type\":\"ListItem\",\"position\":1,\"name\":\"Portada\",\"item\":\"https:\\\/\\\/revolutionpadelstore.com\\\/de\\\/\"},{\"@type\":\"ListItem\",\"position\":2,\"name\":\"Shop\",\"item\":\"https:\\\/\\\/revolutionpadelstore.com\\\/de\\\/tienda\\\/\"},{\"@type\":\"ListItem\",\"position\":3,\"name\":\"SUDADERA BULLPADEL GOMESE 015\"}]},{\"@type\":\"WebSite\",\"@id\":\"https:\\\/\\\/revolutionpadelstore.com\\\/de\\\/#website\",\"url\":\"https:\\\/\\\/revolutionpadelstore.com\\\/de\\\/\",\"name\":\"Revolution Padel Store\",\"description\":\"\",\"publisher\":{\"@id\":\"https:\\\/\\\/revolutionpadelstore.com\\\/de\\\/#organization\"},\"potentialAction\":[{\"@type\":\"SearchAction\",\"target\":{\"@type\":\"EntryPoint\",\"urlTemplate\":\"https:\\\/\\\/revolutionpadelstore.com\\\/de\\\/?s={search_term_string}\"},\"query-input\":{\"@type\":\"PropertyValueSpecification\",\"valueRequired\":true,\"valueName\":\"search_term_string\"}}],\"inLanguage\":\"de\"},{\"@type\":\"Organization\",\"@id\":\"https:\\\/\\\/revolutionpadelstore.com\\\/de\\\/#organization\",\"name\":\"Revolution Padel Store\",\"url\":\"https:\\\/\\\/revolutionpadelstore.com\\\/de\\\/\",\"logo\":{\"@type\":\"ImageObject\",\"inLanguage\":\"de\",\"@id\":\"https:\\\/\\\/revolutionpadelstore.com\\\/de\\\/#\\\/schema\\\/logo\\\/image\\\/\",\"url\":\"https:\\\/\\\/revolutionpadelstore.com\\\/wp-content\\\/uploads\\\/2026\\\/02\\\/revolution-padel-store.jpg\",\"contentUrl\":\"https:\\\/\\\/revolutionpadelstore.com\\\/wp-content\\\/uploads\\\/2026\\\/02\\\/revolution-padel-store.jpg\",\"width\":2000,\"height\":2000,\"caption\":\"Revolution Padel Store\"},\"image\":{\"@id\":\"https:\\\/\\\/revolutionpadelstore.com\\\/de\\\/#\\\/schema\\\/logo\\\/image\\\/\"},\"sameAs\":[\"https:\\\/\\\/www.instagram.com\\\/revolutionpadelstore\\\/\"]}]}<\/script>\n<!-- \/ Yoast SEO plugin. -->","yoast_head_json":{"title":"SUDADERA BULLPADEL GOMESE 015 - Revolution Padel Store","description":"Descubre la sudadera Bullpadel Gomese 015 Kaki con tecnolog\u00eda Termalflex, dise\u00f1o moderno y confort total. Disponible en Revolution Padel Store al mejor precio.","robots":{"index":"index","follow":"follow","max-snippet":"max-snippet:-1","max-image-preview":"max-image-preview:large","max-video-preview":"max-video-preview:-1"},"canonical":"https:\/\/revolutionpadelstore.com\/de\/produkt\/sudadera-bullpadel-gomese-015-1\/","og_locale":"de_DE","og_type":"article","og_title":"SUDADERA BULLPADEL GOMESE 015 - Revolution Padel Store","og_description":"Descubre la sudadera Bullpadel Gomese 015 Kaki con tecnolog\u00eda Termalflex, dise\u00f1o moderno y confort total. Disponible en Revolution Padel Store al mejor precio.","og_url":"https:\/\/revolutionpadelstore.com\/de\/produkt\/sudadera-bullpadel-gomese-015-1\/","og_site_name":"Revolution Padel Store","article_modified_time":"2026-04-08T06:47:34+00:00","og_image":[{"width":1500,"height":1500,"url":"https:\/\/revolutionpadelstore.com\/wp-content\/uploads\/2024\/12\/179E-4.png","type":"image\/png"}],"twitter_card":"summary_large_image","twitter_misc":{"Gesch\u00e4tzte Lesezeit":"1\u00a0Minute"},"schema":{"@context":"https:\/\/schema.org","@graph":[{"@type":"WebPage","@id":"https:\/\/revolutionpadelstore.com\/de\/produkt\/sudadera-bullpadel-gomese-015-1\/","url":"https:\/\/revolutionpadelstore.com\/de\/produkt\/sudadera-bullpadel-gomese-015-1\/","name":"SUDADERA BULLPADEL GOMESE 015 - Revolution Padel Store","isPartOf":{"@id":"https:\/\/revolutionpadelstore.com\/de\/#website"},"primaryImageOfPage":{"@id":"https:\/\/revolutionpadelstore.com\/de\/produkt\/sudadera-bullpadel-gomese-015-1\/#primaryimage"},"image":{"@id":"https:\/\/revolutionpadelstore.com\/de\/produkt\/sudadera-bullpadel-gomese-015-1\/#primaryimage"},"thumbnailUrl":"https:\/\/revolutionpadelstore.com\/wp-content\/uploads\/2024\/12\/179E-4.png","datePublished":"2024-12-29T10:42:55+00:00","dateModified":"2026-04-08T06:47:34+00:00","description":"Descubre la sudadera Bullpadel Gomese 015 Kaki con tecnolog\u00eda Termalflex, dise\u00f1o moderno y confort total. Disponible en Revolution Padel Store al mejor precio.","breadcrumb":{"@id":"https:\/\/revolutionpadelstore.com\/de\/produkt\/sudadera-bullpadel-gomese-015-1\/#breadcrumb"},"inLanguage":"de","potentialAction":[{"@type":"ReadAction","target":["https:\/\/revolutionpadelstore.com\/de\/produkt\/sudadera-bullpadel-gomese-015-1\/"]}]},{"@type":"ImageObject","inLanguage":"de","@id":"https:\/\/revolutionpadelstore.com\/de\/produkt\/sudadera-bullpadel-gomese-015-1\/#primaryimage","url":"https:\/\/revolutionpadelstore.com\/wp-content\/uploads\/2024\/12\/179E-4.png","contentUrl":"https:\/\/revolutionpadelstore.com\/wp-content\/uploads\/2024\/12\/179E-4.png","width":1500,"height":1500},{"@type":"BreadcrumbList","@id":"https:\/\/revolutionpadelstore.com\/de\/produkt\/sudadera-bullpadel-gomese-015-1\/#breadcrumb","itemListElement":[{"@type":"ListItem","position":1,"name":"Portada","item":"https:\/\/revolutionpadelstore.com\/de\/"},{"@type":"ListItem","position":2,"name":"Shop","item":"https:\/\/revolutionpadelstore.com\/de\/tienda\/"},{"@type":"ListItem","position":3,"name":"SUDADERA BULLPADEL GOMESE 015"}]},{"@type":"WebSite","@id":"https:\/\/revolutionpadelstore.com\/de\/#website","url":"https:\/\/revolutionpadelstore.com\/de\/","name":"Revolution Padel Store","description":"","publisher":{"@id":"https:\/\/revolutionpadelstore.com\/de\/#organization"},"potentialAction":[{"@type":"SearchAction","target":{"@type":"EntryPoint","urlTemplate":"https:\/\/revolutionpadelstore.com\/de\/?s={search_term_string}"},"query-input":{"@type":"PropertyValueSpecification","valueRequired":true,"valueName":"search_term_string"}}],"inLanguage":"de"},{"@type":"Organization","@id":"https:\/\/revolutionpadelstore.com\/de\/#organization","name":"Revolution Padel Store","url":"https:\/\/revolutionpadelstore.com\/de\/","logo":{"@type":"ImageObject","inLanguage":"de","@id":"https:\/\/revolutionpadelstore.com\/de\/#\/schema\/logo\/image\/","url":"https:\/\/revolutionpadelstore.com\/wp-content\/uploads\/2026\/02\/revolution-padel-store.jpg","contentUrl":"https:\/\/revolutionpadelstore.com\/wp-content\/uploads\/2026\/02\/revolution-padel-store.jpg","width":2000,"height":2000,"caption":"Revolution Padel Store"},"image":{"@id":"https:\/\/revolutionpadelstore.com\/de\/#\/schema\/logo\/image\/"},"sameAs":["https:\/\/www.instagram.com\/revolutionpadelstore\/"]}]}},"_links":{"self":[{"href":"https:\/\/revolutionpadelstore.com\/de\/wp-json\/wp\/v2\/product\/162268","targetHints":{"allow":["GET"]}}],"collection":[{"href":"https:\/\/revolutionpadelstore.com\/de\/wp-json\/wp\/v2\/product"}],"about":[{"href":"https:\/\/revolutionpadelstore.com\/de\/wp-json\/wp\/v2\/types\/product"}],"replies":[{"embeddable":true,"href":"https:\/\/revolutionpadelstore.com\/de\/wp-json\/wp\/v2\/comments?post=162268"}],"wp:featuredmedia":[{"embeddable":true,"href":"https:\/\/revolutionpadelstore.com\/de\/wp-json\/wp\/v2\/media\/157452"}],"wp:attachment":[{"href":"https:\/\/revolutionpadelstore.com\/de\/wp-json\/wp\/v2\/media?parent=162268"}],"wp:term":[{"taxonomy":"acabado","embeddable":true,"href":"https:\/\/revolutionpadelstore.com\/de\/wp-json\/wp\/v2\/acabado?post=162268"},{"taxonomy":"balance","embeddable":true,"href":"https:\/\/revolutionpadelstore.com\/de\/wp-json\/wp\/v2\/balance?post=162268"},{"taxonomy":"dureza","embeddable":true,"href":"https:\/\/revolutionpadelstore.com\/de\/wp-json\/wp\/v2\/dureza?post=162268"},{"taxonomy":"forma","embeddable":true,"href":"https:\/\/revolutionpadelstore.com\/de\/wp-json\/wp\/v2\/forma?post=162268"},{"taxonomy":"jugador","embeddable":true,"href":"https:\/\/revolutionpadelstore.com\/de\/wp-json\/wp\/v2\/jugador?post=162268"},{"taxonomy":"marca","embeddable":true,"href":"https:\/\/revolutionpadelstore.com\/de\/wp-json\/wp\/v2\/marca?post=162268"},{"taxonomy":"nivel-de-juego","embeddable":true,"href":"https:\/\/revolutionpadelstore.com\/de\/wp-json\/wp\/v2\/nivel-de-juego?post=162268"},{"taxonomy":"superficie","embeddable":true,"href":"https:\/\/revolutionpadelstore.com\/de\/wp-json\/wp\/v2\/superficie?post=162268"},{"taxonomy":"tipo-de-juego","embeddable":true,"href":"https:\/\/revolutionpadelstore.com\/de\/wp-json\/wp\/v2\/tipo-de-juego?post=162268"},{"taxonomy":"product_brand","embeddable":true,"href":"https:\/\/revolutionpadelstore.com\/de\/wp-json\/wp\/v2\/product_brand?post=162268"},{"taxonomy":"product_cat","embeddable":true,"href":"https:\/\/revolutionpadelstore.com\/de\/wp-json\/wp\/v2\/product_cat?post=162268"},{"taxonomy":"product_tag","embeddable":true,"href":"https:\/\/revolutionpadelstore.com\/de\/wp-json\/wp\/v2\/product_tag?post=162268"}],"curies":[{"name":"wp","href":"https:\/\/api.w.org\/{rel}","templated":true}]}}