{"id":162193,"date":"2024-12-29T20:36:18","date_gmt":"2024-12-29T19:36:18","guid":{"rendered":"https:\/\/revolutionpadelstore.com\/bullpadel-ionic-power-25\/"},"modified":"2026-04-08T08:43:48","modified_gmt":"2026-04-08T06:43:48","slug":"bullpadel-ionic-power-25-1","status":"publish","type":"product","link":"https:\/\/revolutionpadelstore.com\/de\/produkt\/bullpadel-ionic-power-25-1\/","title":{"rendered":"BULLPADEL IONIC POWER 25"},"content":{"rendered":"<h2> Bullpadel Ion Power 2025: Kraft und Kontrolle f\u00fcr anspruchsvolle Spieler <\/ H2><br \/>\nDie <strong> Bullpadel Ion Power 2025 <\/strong> ist die endg\u00fcltige Schaufel f\u00fcr diejenigen, die versuchen, die Strecke mit kraftvollen und pr\u00e4zisen Schl\u00e4gen zu dominieren. Das Diamant- und das hohe Balkungsdesign sorgt f\u00fcr eine beispiellose Kraft, die ideal f\u00fcr Spieler mit mittlerer bis zug\u00e4nglicher Spiele, die ein offensives Spiel genie\u00dfen.<\/p>\n<h2> Technische Spezifikationen <\/H2><br \/>\n<strong> -Forma: <\/strong> Diamond, so gestaltet, dass sie die Leistung maximieren.<\/p>\n<p><strong> -Peso: <\/strong> 365-375 Gramm, was das perfekte Gleichgewicht zwischen Verwaltbarkeit und Robustheit bietet.<\/p>\n<p><strong> -Perfil: <\/strong> 38 mm, Standard f\u00fcr eine gr\u00f6\u00dfere Kontrolle.<\/p>\n<p><strong> -Albalance: <\/strong> Hoch, ideal f\u00fcr kraftvolle Schl\u00e4ge.<\/p>\n<p><strong> -Cas: <\/strong> in Glaphit hergestellt, eine innovative Mischung aus Kohlefaser und Glasfaser.<\/p>\n<p><strong> -Internales Substantiv: <\/strong> Multieva, das verschiedene Dichten f\u00fcr mehr Pr\u00e4zision und Komfort kombiniert.<\/p>\n<p><strong> -Marco: <\/strong> 100%Carbon Carbontube, die Steifheit und Haltbarkeit sorgt.<\/p>\n<h2> Technologies <\/H2><br \/>\n<strong> -xForce: <\/strong> verst\u00e4rkt die Stabilit\u00e4t in den anspruchsvollsten Schl\u00e4gen.<\/p>\n<p><strong> -ionic: <\/strong> verbessert die Pr\u00e4zision und reduziert die Vibrationen f\u00fcr einen gr\u00f6\u00dferen Komfort.<\/p>\n<p><strong> -3d Getreide: <\/strong> Eine innovative Textur, die den Effekt und die Kontrolle in jedem Schuss maximiert.<\/p>\n<h2> Vorteile f\u00fcr Ihr Spiel <\/h2>\n<p><strong> -Golpes leistungsst\u00e4rker: <\/strong> Dank seiner diamanten und hoch ausgewogenen Form erm\u00f6glicht die 2025 -Ionic ein aggressives Spiel, ohne Pr\u00e4zision zu verlieren.<\/p>\n<p><strong> -Testabilit\u00e4t und Haltbarkeit: <\/strong> gebaut mit hochwertigen Materialien wie Carbontube und Glaphit garantiert diese Schaufel eine dauerhafte Leistung.<\/p>\n<p><strong> -versatilit\u00e4t: <\/strong> Obwohl der Multieva -Kern f\u00fcr offensive Spieler ausgelegt ist, bietet er eine weiche Ber\u00fchrung, ideal f\u00fcr \u00dcberg\u00e4nge zwischen Angriff und Verteidigung.<\/p>\n<h2> Wer sollte die Bullpadel Ion Power 2025 w\u00e4hlen?<br \/>\nDiese Schaufel ist f\u00fcr Spieler mit mittlerer bis zu -advance entwickelt, die versuchen, Kraft und Kontrolle in ihrem Spiel zu kombinieren. Wenn Sie gerne starke Auktionen durchf\u00fchren und die Kontrolle in defensiven Situationen aufrechterhalten, ist die <strong> Bullpadel Ion Power 2025 <\/strong> perfekt f\u00fcr Sie.<\/p>\n<h4> dominieren Sie die Strecke mit der Bullpadel Ion Power 2025!<br \/>\nVerpassen Sie nicht die Gelegenheit, Ihr Spiel mit dieser au\u00dfergew\u00f6hnlichen Schaufel auf das n\u00e4chste Level zu bringen. <strong> jetzt in unserem Online -Shop erh\u00e4ltlich <a href=\"http:\/\/www.revolutionpadelstore.com\/\"> www.revolutionpadelstore.com <\/a> wahrscheinlich zum besten Marktpreis<\/p>\n<h2>Bullpadel Ionic Power 2025: Potencia y Control para Jugadores Exigentes<\/h2>\n","protected":false},"excerpt":{"rendered":"<p>Die Bullpadel Ion Power 2025 ist eine Schaufel, die Strom und Kontrolle kombiniert, die speziell f\u00fcr Zwischen- und Fortgeschrittene -Spieler entwickelt wurde. Es umfasst innovative Technologien wie Xforce und Ionic, um die Trackleistung zu verbessern.<\/p>\n","protected":false},"featured_media":157643,"comment_status":"open","ping_status":"closed","template":"","meta":{"_acf_changed":false,"_joinchat":[]},"acabado":[1089],"balance":[1134],"dureza":[1154],"forma":[1169],"jugador":[1189,1199],"marca":[1254],"nivel-de-juego":[1334],"superficie":[1359],"tipo-de-juego":[1374],"product_brand":[],"product_cat":[299],"product_tag":[],"class_list":{"0":"post-162193","1":"product","2":"type-product","3":"status-publish","4":"has-post-thumbnail","6":"acabado-3d-entlasten","7":"balance-hoch","8":"dureza-media-de","9":"forma-diamante-de","10":"jugador-mann","11":"jugador-mehrzweck","12":"marca-bullpadel-de","13":"superficie-rugosa-de","14":"tipo-de-juego-leistung","15":"product_cat-palas-de-padel-de","17":"first","18":"instock","19":"sale","20":"taxable","21":"shipping-taxable","22":"purchasable","23":"product-type-simple"},"acf":[],"yoast_head":"<!-- This site is optimized with the Yoast SEO plugin v27.4 - https:\/\/yoast.com\/product\/yoast-seo-wordpress\/ -->\n<title>BULLPADEL IONIC POWER 25 - Revolution Padel Store<\/title>\n<meta name=\"description\" content=\"Descubre la Bullpadel Ionic Power 2025, una pala dise\u00f1ada para combinar potencia y control con tecnolog\u00edas avanzadas. Disponible en www.revolutionpadelstore.com al mejor precio\" \/>\n<meta name=\"robots\" content=\"index, follow, max-snippet:-1, max-image-preview:large, max-video-preview:-1\" \/>\n<link rel=\"canonical\" href=\"https:\/\/revolutionpadelstore.com\/de\/produkt\/bullpadel-ionic-power-25-1\/\" \/>\n<meta property=\"og:locale\" content=\"de_DE\" \/>\n<meta property=\"og:type\" content=\"article\" \/>\n<meta property=\"og:title\" content=\"BULLPADEL IONIC POWER 25 - Revolution Padel Store\" \/>\n<meta property=\"og:description\" content=\"Descubre la Bullpadel Ionic Power 2025, una pala dise\u00f1ada para combinar potencia y control con tecnolog\u00edas avanzadas. Disponible en www.revolutionpadelstore.com al mejor precio\" \/>\n<meta property=\"og:url\" content=\"https:\/\/revolutionpadelstore.com\/de\/produkt\/bullpadel-ionic-power-25-1\/\" \/>\n<meta property=\"og:site_name\" content=\"Revolution Padel Store\" \/>\n<meta property=\"article:modified_time\" content=\"2026-04-08T06:43:48+00:00\" \/>\n<meta property=\"og:image\" content=\"https:\/\/revolutionpadelstore.com\/wp-content\/uploads\/2024\/12\/113766-pala-bullpadel-ionic-power-25-448128-1500x1500-1.webp\" \/>\n\t<meta property=\"og:image:width\" content=\"1500\" \/>\n\t<meta property=\"og:image:height\" content=\"1500\" \/>\n\t<meta property=\"og:image:type\" content=\"image\/webp\" \/>\n<meta name=\"twitter:card\" content=\"summary_large_image\" \/>\n<meta name=\"twitter:label1\" content=\"Gesch\u00e4tzte Lesezeit\" \/>\n\t<meta name=\"twitter:data1\" content=\"2\u00a0Minuten\" \/>\n<script type=\"application\/ld+json\" class=\"yoast-schema-graph\">{\"@context\":\"https:\\\/\\\/schema.org\",\"@graph\":[{\"@type\":\"WebPage\",\"@id\":\"https:\\\/\\\/revolutionpadelstore.com\\\/de\\\/produkt\\\/bullpadel-ionic-power-25-1\\\/\",\"url\":\"https:\\\/\\\/revolutionpadelstore.com\\\/de\\\/produkt\\\/bullpadel-ionic-power-25-1\\\/\",\"name\":\"BULLPADEL IONIC POWER 25 - Revolution Padel Store\",\"isPartOf\":{\"@id\":\"https:\\\/\\\/revolutionpadelstore.com\\\/de\\\/#website\"},\"primaryImageOfPage\":{\"@id\":\"https:\\\/\\\/revolutionpadelstore.com\\\/de\\\/produkt\\\/bullpadel-ionic-power-25-1\\\/#primaryimage\"},\"image\":{\"@id\":\"https:\\\/\\\/revolutionpadelstore.com\\\/de\\\/produkt\\\/bullpadel-ionic-power-25-1\\\/#primaryimage\"},\"thumbnailUrl\":\"https:\\\/\\\/revolutionpadelstore.com\\\/wp-content\\\/uploads\\\/2024\\\/12\\\/113766-pala-bullpadel-ionic-power-25-448128-1500x1500-1.webp\",\"datePublished\":\"2024-12-29T19:36:18+00:00\",\"dateModified\":\"2026-04-08T06:43:48+00:00\",\"description\":\"Descubre la Bullpadel Ionic Power 2025, una pala dise\u00f1ada para combinar potencia y control con tecnolog\u00edas avanzadas. Disponible en www.revolutionpadelstore.com al mejor precio\",\"breadcrumb\":{\"@id\":\"https:\\\/\\\/revolutionpadelstore.com\\\/de\\\/produkt\\\/bullpadel-ionic-power-25-1\\\/#breadcrumb\"},\"inLanguage\":\"de\",\"potentialAction\":[{\"@type\":\"ReadAction\",\"target\":[\"https:\\\/\\\/revolutionpadelstore.com\\\/de\\\/produkt\\\/bullpadel-ionic-power-25-1\\\/\"]}]},{\"@type\":\"ImageObject\",\"inLanguage\":\"de\",\"@id\":\"https:\\\/\\\/revolutionpadelstore.com\\\/de\\\/produkt\\\/bullpadel-ionic-power-25-1\\\/#primaryimage\",\"url\":\"https:\\\/\\\/revolutionpadelstore.com\\\/wp-content\\\/uploads\\\/2024\\\/12\\\/113766-pala-bullpadel-ionic-power-25-448128-1500x1500-1.webp\",\"contentUrl\":\"https:\\\/\\\/revolutionpadelstore.com\\\/wp-content\\\/uploads\\\/2024\\\/12\\\/113766-pala-bullpadel-ionic-power-25-448128-1500x1500-1.webp\",\"width\":1500,\"height\":1500},{\"@type\":\"BreadcrumbList\",\"@id\":\"https:\\\/\\\/revolutionpadelstore.com\\\/de\\\/produkt\\\/bullpadel-ionic-power-25-1\\\/#breadcrumb\",\"itemListElement\":[{\"@type\":\"ListItem\",\"position\":1,\"name\":\"Portada\",\"item\":\"https:\\\/\\\/revolutionpadelstore.com\\\/de\\\/\"},{\"@type\":\"ListItem\",\"position\":2,\"name\":\"Shop\",\"item\":\"https:\\\/\\\/revolutionpadelstore.com\\\/de\\\/tienda\\\/\"},{\"@type\":\"ListItem\",\"position\":3,\"name\":\"BULLPADEL IONIC POWER 25\"}]},{\"@type\":\"WebSite\",\"@id\":\"https:\\\/\\\/revolutionpadelstore.com\\\/de\\\/#website\",\"url\":\"https:\\\/\\\/revolutionpadelstore.com\\\/de\\\/\",\"name\":\"Revolution Padel Store\",\"description\":\"\",\"publisher\":{\"@id\":\"https:\\\/\\\/revolutionpadelstore.com\\\/de\\\/#organization\"},\"potentialAction\":[{\"@type\":\"SearchAction\",\"target\":{\"@type\":\"EntryPoint\",\"urlTemplate\":\"https:\\\/\\\/revolutionpadelstore.com\\\/de\\\/?s={search_term_string}\"},\"query-input\":{\"@type\":\"PropertyValueSpecification\",\"valueRequired\":true,\"valueName\":\"search_term_string\"}}],\"inLanguage\":\"de\"},{\"@type\":\"Organization\",\"@id\":\"https:\\\/\\\/revolutionpadelstore.com\\\/de\\\/#organization\",\"name\":\"Revolution Padel Store\",\"url\":\"https:\\\/\\\/revolutionpadelstore.com\\\/de\\\/\",\"logo\":{\"@type\":\"ImageObject\",\"inLanguage\":\"de\",\"@id\":\"https:\\\/\\\/revolutionpadelstore.com\\\/de\\\/#\\\/schema\\\/logo\\\/image\\\/\",\"url\":\"https:\\\/\\\/revolutionpadelstore.com\\\/wp-content\\\/uploads\\\/2026\\\/02\\\/revolution-padel-store.jpg\",\"contentUrl\":\"https:\\\/\\\/revolutionpadelstore.com\\\/wp-content\\\/uploads\\\/2026\\\/02\\\/revolution-padel-store.jpg\",\"width\":2000,\"height\":2000,\"caption\":\"Revolution Padel Store\"},\"image\":{\"@id\":\"https:\\\/\\\/revolutionpadelstore.com\\\/de\\\/#\\\/schema\\\/logo\\\/image\\\/\"},\"sameAs\":[\"https:\\\/\\\/www.instagram.com\\\/revolutionpadelstore\\\/\"]}]}<\/script>\n<!-- \/ Yoast SEO plugin. -->","yoast_head_json":{"title":"BULLPADEL IONIC POWER 25 - Revolution Padel Store","description":"Descubre la Bullpadel Ionic Power 2025, una pala dise\u00f1ada para combinar potencia y control con tecnolog\u00edas avanzadas. Disponible en www.revolutionpadelstore.com al mejor precio","robots":{"index":"index","follow":"follow","max-snippet":"max-snippet:-1","max-image-preview":"max-image-preview:large","max-video-preview":"max-video-preview:-1"},"canonical":"https:\/\/revolutionpadelstore.com\/de\/produkt\/bullpadel-ionic-power-25-1\/","og_locale":"de_DE","og_type":"article","og_title":"BULLPADEL IONIC POWER 25 - Revolution Padel Store","og_description":"Descubre la Bullpadel Ionic Power 2025, una pala dise\u00f1ada para combinar potencia y control con tecnolog\u00edas avanzadas. Disponible en www.revolutionpadelstore.com al mejor precio","og_url":"https:\/\/revolutionpadelstore.com\/de\/produkt\/bullpadel-ionic-power-25-1\/","og_site_name":"Revolution Padel Store","article_modified_time":"2026-04-08T06:43:48+00:00","og_image":[{"width":1500,"height":1500,"url":"https:\/\/revolutionpadelstore.com\/wp-content\/uploads\/2024\/12\/113766-pala-bullpadel-ionic-power-25-448128-1500x1500-1.webp","type":"image\/webp"}],"twitter_card":"summary_large_image","twitter_misc":{"Gesch\u00e4tzte Lesezeit":"2\u00a0Minuten"},"schema":{"@context":"https:\/\/schema.org","@graph":[{"@type":"WebPage","@id":"https:\/\/revolutionpadelstore.com\/de\/produkt\/bullpadel-ionic-power-25-1\/","url":"https:\/\/revolutionpadelstore.com\/de\/produkt\/bullpadel-ionic-power-25-1\/","name":"BULLPADEL IONIC POWER 25 - Revolution Padel Store","isPartOf":{"@id":"https:\/\/revolutionpadelstore.com\/de\/#website"},"primaryImageOfPage":{"@id":"https:\/\/revolutionpadelstore.com\/de\/produkt\/bullpadel-ionic-power-25-1\/#primaryimage"},"image":{"@id":"https:\/\/revolutionpadelstore.com\/de\/produkt\/bullpadel-ionic-power-25-1\/#primaryimage"},"thumbnailUrl":"https:\/\/revolutionpadelstore.com\/wp-content\/uploads\/2024\/12\/113766-pala-bullpadel-ionic-power-25-448128-1500x1500-1.webp","datePublished":"2024-12-29T19:36:18+00:00","dateModified":"2026-04-08T06:43:48+00:00","description":"Descubre la Bullpadel Ionic Power 2025, una pala dise\u00f1ada para combinar potencia y control con tecnolog\u00edas avanzadas. Disponible en www.revolutionpadelstore.com al mejor precio","breadcrumb":{"@id":"https:\/\/revolutionpadelstore.com\/de\/produkt\/bullpadel-ionic-power-25-1\/#breadcrumb"},"inLanguage":"de","potentialAction":[{"@type":"ReadAction","target":["https:\/\/revolutionpadelstore.com\/de\/produkt\/bullpadel-ionic-power-25-1\/"]}]},{"@type":"ImageObject","inLanguage":"de","@id":"https:\/\/revolutionpadelstore.com\/de\/produkt\/bullpadel-ionic-power-25-1\/#primaryimage","url":"https:\/\/revolutionpadelstore.com\/wp-content\/uploads\/2024\/12\/113766-pala-bullpadel-ionic-power-25-448128-1500x1500-1.webp","contentUrl":"https:\/\/revolutionpadelstore.com\/wp-content\/uploads\/2024\/12\/113766-pala-bullpadel-ionic-power-25-448128-1500x1500-1.webp","width":1500,"height":1500},{"@type":"BreadcrumbList","@id":"https:\/\/revolutionpadelstore.com\/de\/produkt\/bullpadel-ionic-power-25-1\/#breadcrumb","itemListElement":[{"@type":"ListItem","position":1,"name":"Portada","item":"https:\/\/revolutionpadelstore.com\/de\/"},{"@type":"ListItem","position":2,"name":"Shop","item":"https:\/\/revolutionpadelstore.com\/de\/tienda\/"},{"@type":"ListItem","position":3,"name":"BULLPADEL IONIC POWER 25"}]},{"@type":"WebSite","@id":"https:\/\/revolutionpadelstore.com\/de\/#website","url":"https:\/\/revolutionpadelstore.com\/de\/","name":"Revolution Padel Store","description":"","publisher":{"@id":"https:\/\/revolutionpadelstore.com\/de\/#organization"},"potentialAction":[{"@type":"SearchAction","target":{"@type":"EntryPoint","urlTemplate":"https:\/\/revolutionpadelstore.com\/de\/?s={search_term_string}"},"query-input":{"@type":"PropertyValueSpecification","valueRequired":true,"valueName":"search_term_string"}}],"inLanguage":"de"},{"@type":"Organization","@id":"https:\/\/revolutionpadelstore.com\/de\/#organization","name":"Revolution Padel Store","url":"https:\/\/revolutionpadelstore.com\/de\/","logo":{"@type":"ImageObject","inLanguage":"de","@id":"https:\/\/revolutionpadelstore.com\/de\/#\/schema\/logo\/image\/","url":"https:\/\/revolutionpadelstore.com\/wp-content\/uploads\/2026\/02\/revolution-padel-store.jpg","contentUrl":"https:\/\/revolutionpadelstore.com\/wp-content\/uploads\/2026\/02\/revolution-padel-store.jpg","width":2000,"height":2000,"caption":"Revolution Padel Store"},"image":{"@id":"https:\/\/revolutionpadelstore.com\/de\/#\/schema\/logo\/image\/"},"sameAs":["https:\/\/www.instagram.com\/revolutionpadelstore\/"]}]}},"_links":{"self":[{"href":"https:\/\/revolutionpadelstore.com\/de\/wp-json\/wp\/v2\/product\/162193","targetHints":{"allow":["GET"]}}],"collection":[{"href":"https:\/\/revolutionpadelstore.com\/de\/wp-json\/wp\/v2\/product"}],"about":[{"href":"https:\/\/revolutionpadelstore.com\/de\/wp-json\/wp\/v2\/types\/product"}],"replies":[{"embeddable":true,"href":"https:\/\/revolutionpadelstore.com\/de\/wp-json\/wp\/v2\/comments?post=162193"}],"wp:featuredmedia":[{"embeddable":true,"href":"https:\/\/revolutionpadelstore.com\/de\/wp-json\/wp\/v2\/media\/157643"}],"wp:attachment":[{"href":"https:\/\/revolutionpadelstore.com\/de\/wp-json\/wp\/v2\/media?parent=162193"}],"wp:term":[{"taxonomy":"acabado","embeddable":true,"href":"https:\/\/revolutionpadelstore.com\/de\/wp-json\/wp\/v2\/acabado?post=162193"},{"taxonomy":"balance","embeddable":true,"href":"https:\/\/revolutionpadelstore.com\/de\/wp-json\/wp\/v2\/balance?post=162193"},{"taxonomy":"dureza","embeddable":true,"href":"https:\/\/revolutionpadelstore.com\/de\/wp-json\/wp\/v2\/dureza?post=162193"},{"taxonomy":"forma","embeddable":true,"href":"https:\/\/revolutionpadelstore.com\/de\/wp-json\/wp\/v2\/forma?post=162193"},{"taxonomy":"jugador","embeddable":true,"href":"https:\/\/revolutionpadelstore.com\/de\/wp-json\/wp\/v2\/jugador?post=162193"},{"taxonomy":"marca","embeddable":true,"href":"https:\/\/revolutionpadelstore.com\/de\/wp-json\/wp\/v2\/marca?post=162193"},{"taxonomy":"nivel-de-juego","embeddable":true,"href":"https:\/\/revolutionpadelstore.com\/de\/wp-json\/wp\/v2\/nivel-de-juego?post=162193"},{"taxonomy":"superficie","embeddable":true,"href":"https:\/\/revolutionpadelstore.com\/de\/wp-json\/wp\/v2\/superficie?post=162193"},{"taxonomy":"tipo-de-juego","embeddable":true,"href":"https:\/\/revolutionpadelstore.com\/de\/wp-json\/wp\/v2\/tipo-de-juego?post=162193"},{"taxonomy":"product_brand","embeddable":true,"href":"https:\/\/revolutionpadelstore.com\/de\/wp-json\/wp\/v2\/product_brand?post=162193"},{"taxonomy":"product_cat","embeddable":true,"href":"https:\/\/revolutionpadelstore.com\/de\/wp-json\/wp\/v2\/product_cat?post=162193"},{"taxonomy":"product_tag","embeddable":true,"href":"https:\/\/revolutionpadelstore.com\/de\/wp-json\/wp\/v2\/product_tag?post=162193"}],"curies":[{"name":"wp","href":"https:\/\/api.w.org\/{rel}","templated":true}]}}