{"id":162168,"date":"2024-12-29T21:28:27","date_gmt":"2024-12-29T20:28:27","guid":{"rendered":"https:\/\/revolutionpadelstore.com\/pantalon-bullpadel-gudina-004-azul-marino\/"},"modified":"2026-04-08T08:42:37","modified_gmt":"2026-04-08T06:42:37","slug":"pantalon-bullpadel-gudina-004-azul-marino-1","status":"publish","type":"product","link":"https:\/\/revolutionpadelstore.com\/de\/produkt\/pantalon-bullpadel-gudina-004-azul-marino-1\/","title":{"rendered":"PANTAL\u00d3N BULLPADEL GUDINA 004 AZUL MARINO"},"content":{"rendered":"<h2> Bullpadel Gudina 004 Navy Blue Hosen <\/ h2><br \/>\nDie Hose <strong> Bullpadel Gudina 004 in Marineblau <\/strong> ist die perfekte Option f\u00fcr diejenigen, die in einem einzigen Kleidungsst\u00fcck Komfort, Stil und Funktionalit\u00e4t suchen. Diese Hose wurde speziell f\u00fcr Sport und t\u00e4glichen Gebrauch entworfen und zeichnet sich durch ihre technischen und materiellen Eigenschaften von hoher Qualit\u00e4t aus.<\/p>\n<h2> Ausstehende Eigenschaften: <\/ h2><br \/>\n<strong> -H\u00f6he Qualit\u00e4tsmaterial <\/strong>: Hergestellt aus Polyester Perchado-Verriegelungsstoff, bietet einen weichen Touch und h\u00e4lt W\u00e4rme, ideal f\u00fcr frischere Klimazonen.<\/p>\n<p><strong> -Hajuste bequem und sicher <\/strong>: Ihr einstellbarer Kabelgurt erm\u00f6glicht eine personalisierte Einstellung f\u00fcr mehr Komfort.<\/p>\n<p><strong> -Praktische Bits <\/strong>: Enth\u00e4lt geneigte Taschen, eine davon mit unsichtbarem Rei\u00dfverschluss, um kleine Objekte sicher zu speichern.<\/p>\n<p><strong> -Funktionales Design <\/strong>: Rei\u00dfverschl\u00fcsse im Bass, die die Verwendung mit verschiedenen Arten von Schuhen erleichtern.<\/p>\n<p><strong> -Anlebigkeit und Stil <\/strong>: Hergestellt, um den Verschlei\u00df des t\u00e4glichen Gebrauchs mit einem modernen und attraktiven Design zu widerstehen.<\/p>\n<h2> Vorteile: <\/h2>\n<p><strong> -versatilit\u00e4t <\/strong>: Perfekt f\u00fcr Trainingseinheiten, Paddelspiele oder ungezwungene Aktivit\u00e4ten.<\/p>\n<p><strong> -Trong&gt; Thermische Ware: Ideal, um Sie w\u00e4hrend Ihrer Aktivit\u00e4ten warm und bequem zu halten.<\/p>\n<p><strong> -Safe Almacement <\/strong>: Nehmen Sie Ihre wesentlichen Gegenst\u00e4nde sicher und zug\u00e4nglich.<\/p>\n<h2> Nehmen Sie Ihren Bullpadel Gudina 004 Marine Blue<br \/>\nHolen Sie sich diese essentielle Hose und tragen Sie Ihr Sport -Outfit auf das n\u00e4chste Level. Jetzt in unserem Online -Shop erh\u00e4ltlich.<\/p>\n<h2>Pantal\u00f3n Bullpadel Gudina 004 Azul Marino<\/h2>\n","protected":false},"excerpt":{"rendered":"<p>Bullpadel Gudina 004 Hosen in Marineblau ist ideal f\u00fcr diejenigen, die Komfort, Stil und Praktikabilit\u00e4t in einem einzigen Kleidungsst\u00fcck kombinieren m\u00f6chten. Diese Hose hielt sowohl f\u00fcr sportliche Aktivit\u00e4ten als auch f\u00fcr t\u00e4glich f\u00fcr ihr technisches Design und die \u00fcberlegene Qualit\u00e4t ihrer Materialien.<\/p>\n","protected":false},"featured_media":157696,"comment_status":"open","ping_status":"closed","template":"","meta":{"_acf_changed":false,"_joinchat":[]},"acabado":[],"balance":[],"dureza":[],"forma":[],"jugador":[1189],"marca":[1254],"nivel-de-juego":[],"superficie":[],"tipo-de-juego":[],"product_brand":[],"product_cat":[323],"product_tag":[],"class_list":{"0":"post-162168","1":"product","2":"type-product","3":"status-publish","4":"has-post-thumbnail","6":"jugador-mann","7":"marca-bullpadel-de","8":"product_cat-ropa-de","10":"first","11":"outofstock","12":"sale","13":"taxable","14":"shipping-taxable","15":"purchasable","16":"product-type-variable"},"acf":[],"yoast_head":"<!-- This site is optimized with the Yoast SEO plugin v27.4 - https:\/\/yoast.com\/product\/yoast-seo-wordpress\/ -->\n<title>PANTAL\u00d3N BULLPADEL GUDINA 004 AZUL MARINO - Revolution Padel Store<\/title>\n<meta name=\"description\" content=\"Descubre el pantal\u00f3n Bullpadel Gudina 004 en azul marino. Confeccionado en tejido c\u00e1lido, ofrece ajuste personalizado, bolsillos pr\u00e1cticos y dise\u00f1o moderno. \u00a1Disponible en Revolution Padel Store!\" \/>\n<meta name=\"robots\" content=\"index, follow, max-snippet:-1, max-image-preview:large, max-video-preview:-1\" \/>\n<link rel=\"canonical\" href=\"https:\/\/revolutionpadelstore.com\/de\/produkt\/pantalon-bullpadel-gudina-004-azul-marino-1\/\" \/>\n<meta property=\"og:locale\" content=\"de_DE\" \/>\n<meta property=\"og:type\" content=\"article\" \/>\n<meta property=\"og:title\" content=\"PANTAL\u00d3N BULLPADEL GUDINA 004 AZUL MARINO - Revolution Padel Store\" \/>\n<meta property=\"og:description\" content=\"Descubre el pantal\u00f3n Bullpadel Gudina 004 en azul marino. Confeccionado en tejido c\u00e1lido, ofrece ajuste personalizado, bolsillos pr\u00e1cticos y dise\u00f1o moderno. \u00a1Disponible en Revolution Padel Store!\" \/>\n<meta property=\"og:url\" content=\"https:\/\/revolutionpadelstore.com\/de\/produkt\/pantalon-bullpadel-gudina-004-azul-marino-1\/\" \/>\n<meta property=\"og:site_name\" content=\"Revolution Padel Store\" \/>\n<meta property=\"article:modified_time\" content=\"2026-04-08T06:42:37+00:00\" \/>\n<meta property=\"og:image\" content=\"https:\/\/revolutionpadelstore.com\/wp-content\/uploads\/2024\/12\/179E-9.png\" \/>\n\t<meta property=\"og:image:width\" content=\"1500\" \/>\n\t<meta property=\"og:image:height\" content=\"1500\" \/>\n\t<meta property=\"og:image:type\" content=\"image\/png\" \/>\n<meta name=\"twitter:card\" content=\"summary_large_image\" \/>\n<meta name=\"twitter:label1\" content=\"Gesch\u00e4tzte Lesezeit\" \/>\n\t<meta name=\"twitter:data1\" content=\"1\u00a0Minute\" \/>\n<script type=\"application\/ld+json\" class=\"yoast-schema-graph\">{\"@context\":\"https:\\\/\\\/schema.org\",\"@graph\":[{\"@type\":\"WebPage\",\"@id\":\"https:\\\/\\\/revolutionpadelstore.com\\\/de\\\/produkt\\\/pantalon-bullpadel-gudina-004-azul-marino-1\\\/\",\"url\":\"https:\\\/\\\/revolutionpadelstore.com\\\/de\\\/produkt\\\/pantalon-bullpadel-gudina-004-azul-marino-1\\\/\",\"name\":\"PANTAL\u00d3N BULLPADEL GUDINA 004 AZUL MARINO - Revolution Padel Store\",\"isPartOf\":{\"@id\":\"https:\\\/\\\/revolutionpadelstore.com\\\/de\\\/#website\"},\"primaryImageOfPage\":{\"@id\":\"https:\\\/\\\/revolutionpadelstore.com\\\/de\\\/produkt\\\/pantalon-bullpadel-gudina-004-azul-marino-1\\\/#primaryimage\"},\"image\":{\"@id\":\"https:\\\/\\\/revolutionpadelstore.com\\\/de\\\/produkt\\\/pantalon-bullpadel-gudina-004-azul-marino-1\\\/#primaryimage\"},\"thumbnailUrl\":\"https:\\\/\\\/revolutionpadelstore.com\\\/wp-content\\\/uploads\\\/2024\\\/12\\\/179E-9.png\",\"datePublished\":\"2024-12-29T20:28:27+00:00\",\"dateModified\":\"2026-04-08T06:42:37+00:00\",\"description\":\"Descubre el pantal\u00f3n Bullpadel Gudina 004 en azul marino. Confeccionado en tejido c\u00e1lido, ofrece ajuste personalizado, bolsillos pr\u00e1cticos y dise\u00f1o moderno. \u00a1Disponible en Revolution Padel Store!\",\"breadcrumb\":{\"@id\":\"https:\\\/\\\/revolutionpadelstore.com\\\/de\\\/produkt\\\/pantalon-bullpadel-gudina-004-azul-marino-1\\\/#breadcrumb\"},\"inLanguage\":\"de\",\"potentialAction\":[{\"@type\":\"ReadAction\",\"target\":[\"https:\\\/\\\/revolutionpadelstore.com\\\/de\\\/produkt\\\/pantalon-bullpadel-gudina-004-azul-marino-1\\\/\"]}]},{\"@type\":\"ImageObject\",\"inLanguage\":\"de\",\"@id\":\"https:\\\/\\\/revolutionpadelstore.com\\\/de\\\/produkt\\\/pantalon-bullpadel-gudina-004-azul-marino-1\\\/#primaryimage\",\"url\":\"https:\\\/\\\/revolutionpadelstore.com\\\/wp-content\\\/uploads\\\/2024\\\/12\\\/179E-9.png\",\"contentUrl\":\"https:\\\/\\\/revolutionpadelstore.com\\\/wp-content\\\/uploads\\\/2024\\\/12\\\/179E-9.png\",\"width\":1500,\"height\":1500},{\"@type\":\"BreadcrumbList\",\"@id\":\"https:\\\/\\\/revolutionpadelstore.com\\\/de\\\/produkt\\\/pantalon-bullpadel-gudina-004-azul-marino-1\\\/#breadcrumb\",\"itemListElement\":[{\"@type\":\"ListItem\",\"position\":1,\"name\":\"Portada\",\"item\":\"https:\\\/\\\/revolutionpadelstore.com\\\/de\\\/\"},{\"@type\":\"ListItem\",\"position\":2,\"name\":\"Shop\",\"item\":\"https:\\\/\\\/revolutionpadelstore.com\\\/de\\\/tienda\\\/\"},{\"@type\":\"ListItem\",\"position\":3,\"name\":\"PANTAL\u00d3N BULLPADEL GUDINA 004 AZUL MARINO\"}]},{\"@type\":\"WebSite\",\"@id\":\"https:\\\/\\\/revolutionpadelstore.com\\\/de\\\/#website\",\"url\":\"https:\\\/\\\/revolutionpadelstore.com\\\/de\\\/\",\"name\":\"Revolution Padel Store\",\"description\":\"\",\"publisher\":{\"@id\":\"https:\\\/\\\/revolutionpadelstore.com\\\/de\\\/#organization\"},\"potentialAction\":[{\"@type\":\"SearchAction\",\"target\":{\"@type\":\"EntryPoint\",\"urlTemplate\":\"https:\\\/\\\/revolutionpadelstore.com\\\/de\\\/?s={search_term_string}\"},\"query-input\":{\"@type\":\"PropertyValueSpecification\",\"valueRequired\":true,\"valueName\":\"search_term_string\"}}],\"inLanguage\":\"de\"},{\"@type\":\"Organization\",\"@id\":\"https:\\\/\\\/revolutionpadelstore.com\\\/de\\\/#organization\",\"name\":\"Revolution Padel Store\",\"url\":\"https:\\\/\\\/revolutionpadelstore.com\\\/de\\\/\",\"logo\":{\"@type\":\"ImageObject\",\"inLanguage\":\"de\",\"@id\":\"https:\\\/\\\/revolutionpadelstore.com\\\/de\\\/#\\\/schema\\\/logo\\\/image\\\/\",\"url\":\"https:\\\/\\\/revolutionpadelstore.com\\\/wp-content\\\/uploads\\\/2026\\\/02\\\/revolution-padel-store.jpg\",\"contentUrl\":\"https:\\\/\\\/revolutionpadelstore.com\\\/wp-content\\\/uploads\\\/2026\\\/02\\\/revolution-padel-store.jpg\",\"width\":2000,\"height\":2000,\"caption\":\"Revolution Padel Store\"},\"image\":{\"@id\":\"https:\\\/\\\/revolutionpadelstore.com\\\/de\\\/#\\\/schema\\\/logo\\\/image\\\/\"},\"sameAs\":[\"https:\\\/\\\/www.instagram.com\\\/revolutionpadelstore\\\/\"]}]}<\/script>\n<!-- \/ Yoast SEO plugin. -->","yoast_head_json":{"title":"PANTAL\u00d3N BULLPADEL GUDINA 004 AZUL MARINO - Revolution Padel Store","description":"Descubre el pantal\u00f3n Bullpadel Gudina 004 en azul marino. Confeccionado en tejido c\u00e1lido, ofrece ajuste personalizado, bolsillos pr\u00e1cticos y dise\u00f1o moderno. \u00a1Disponible en Revolution Padel Store!","robots":{"index":"index","follow":"follow","max-snippet":"max-snippet:-1","max-image-preview":"max-image-preview:large","max-video-preview":"max-video-preview:-1"},"canonical":"https:\/\/revolutionpadelstore.com\/de\/produkt\/pantalon-bullpadel-gudina-004-azul-marino-1\/","og_locale":"de_DE","og_type":"article","og_title":"PANTAL\u00d3N BULLPADEL GUDINA 004 AZUL MARINO - Revolution Padel Store","og_description":"Descubre el pantal\u00f3n Bullpadel Gudina 004 en azul marino. Confeccionado en tejido c\u00e1lido, ofrece ajuste personalizado, bolsillos pr\u00e1cticos y dise\u00f1o moderno. \u00a1Disponible en Revolution Padel Store!","og_url":"https:\/\/revolutionpadelstore.com\/de\/produkt\/pantalon-bullpadel-gudina-004-azul-marino-1\/","og_site_name":"Revolution Padel Store","article_modified_time":"2026-04-08T06:42:37+00:00","og_image":[{"width":1500,"height":1500,"url":"https:\/\/revolutionpadelstore.com\/wp-content\/uploads\/2024\/12\/179E-9.png","type":"image\/png"}],"twitter_card":"summary_large_image","twitter_misc":{"Gesch\u00e4tzte Lesezeit":"1\u00a0Minute"},"schema":{"@context":"https:\/\/schema.org","@graph":[{"@type":"WebPage","@id":"https:\/\/revolutionpadelstore.com\/de\/produkt\/pantalon-bullpadel-gudina-004-azul-marino-1\/","url":"https:\/\/revolutionpadelstore.com\/de\/produkt\/pantalon-bullpadel-gudina-004-azul-marino-1\/","name":"PANTAL\u00d3N BULLPADEL GUDINA 004 AZUL MARINO - Revolution Padel Store","isPartOf":{"@id":"https:\/\/revolutionpadelstore.com\/de\/#website"},"primaryImageOfPage":{"@id":"https:\/\/revolutionpadelstore.com\/de\/produkt\/pantalon-bullpadel-gudina-004-azul-marino-1\/#primaryimage"},"image":{"@id":"https:\/\/revolutionpadelstore.com\/de\/produkt\/pantalon-bullpadel-gudina-004-azul-marino-1\/#primaryimage"},"thumbnailUrl":"https:\/\/revolutionpadelstore.com\/wp-content\/uploads\/2024\/12\/179E-9.png","datePublished":"2024-12-29T20:28:27+00:00","dateModified":"2026-04-08T06:42:37+00:00","description":"Descubre el pantal\u00f3n Bullpadel Gudina 004 en azul marino. Confeccionado en tejido c\u00e1lido, ofrece ajuste personalizado, bolsillos pr\u00e1cticos y dise\u00f1o moderno. \u00a1Disponible en Revolution Padel Store!","breadcrumb":{"@id":"https:\/\/revolutionpadelstore.com\/de\/produkt\/pantalon-bullpadel-gudina-004-azul-marino-1\/#breadcrumb"},"inLanguage":"de","potentialAction":[{"@type":"ReadAction","target":["https:\/\/revolutionpadelstore.com\/de\/produkt\/pantalon-bullpadel-gudina-004-azul-marino-1\/"]}]},{"@type":"ImageObject","inLanguage":"de","@id":"https:\/\/revolutionpadelstore.com\/de\/produkt\/pantalon-bullpadel-gudina-004-azul-marino-1\/#primaryimage","url":"https:\/\/revolutionpadelstore.com\/wp-content\/uploads\/2024\/12\/179E-9.png","contentUrl":"https:\/\/revolutionpadelstore.com\/wp-content\/uploads\/2024\/12\/179E-9.png","width":1500,"height":1500},{"@type":"BreadcrumbList","@id":"https:\/\/revolutionpadelstore.com\/de\/produkt\/pantalon-bullpadel-gudina-004-azul-marino-1\/#breadcrumb","itemListElement":[{"@type":"ListItem","position":1,"name":"Portada","item":"https:\/\/revolutionpadelstore.com\/de\/"},{"@type":"ListItem","position":2,"name":"Shop","item":"https:\/\/revolutionpadelstore.com\/de\/tienda\/"},{"@type":"ListItem","position":3,"name":"PANTAL\u00d3N BULLPADEL GUDINA 004 AZUL MARINO"}]},{"@type":"WebSite","@id":"https:\/\/revolutionpadelstore.com\/de\/#website","url":"https:\/\/revolutionpadelstore.com\/de\/","name":"Revolution Padel Store","description":"","publisher":{"@id":"https:\/\/revolutionpadelstore.com\/de\/#organization"},"potentialAction":[{"@type":"SearchAction","target":{"@type":"EntryPoint","urlTemplate":"https:\/\/revolutionpadelstore.com\/de\/?s={search_term_string}"},"query-input":{"@type":"PropertyValueSpecification","valueRequired":true,"valueName":"search_term_string"}}],"inLanguage":"de"},{"@type":"Organization","@id":"https:\/\/revolutionpadelstore.com\/de\/#organization","name":"Revolution Padel Store","url":"https:\/\/revolutionpadelstore.com\/de\/","logo":{"@type":"ImageObject","inLanguage":"de","@id":"https:\/\/revolutionpadelstore.com\/de\/#\/schema\/logo\/image\/","url":"https:\/\/revolutionpadelstore.com\/wp-content\/uploads\/2026\/02\/revolution-padel-store.jpg","contentUrl":"https:\/\/revolutionpadelstore.com\/wp-content\/uploads\/2026\/02\/revolution-padel-store.jpg","width":2000,"height":2000,"caption":"Revolution Padel Store"},"image":{"@id":"https:\/\/revolutionpadelstore.com\/de\/#\/schema\/logo\/image\/"},"sameAs":["https:\/\/www.instagram.com\/revolutionpadelstore\/"]}]}},"_links":{"self":[{"href":"https:\/\/revolutionpadelstore.com\/de\/wp-json\/wp\/v2\/product\/162168","targetHints":{"allow":["GET"]}}],"collection":[{"href":"https:\/\/revolutionpadelstore.com\/de\/wp-json\/wp\/v2\/product"}],"about":[{"href":"https:\/\/revolutionpadelstore.com\/de\/wp-json\/wp\/v2\/types\/product"}],"replies":[{"embeddable":true,"href":"https:\/\/revolutionpadelstore.com\/de\/wp-json\/wp\/v2\/comments?post=162168"}],"wp:featuredmedia":[{"embeddable":true,"href":"https:\/\/revolutionpadelstore.com\/de\/wp-json\/wp\/v2\/media\/157696"}],"wp:attachment":[{"href":"https:\/\/revolutionpadelstore.com\/de\/wp-json\/wp\/v2\/media?parent=162168"}],"wp:term":[{"taxonomy":"acabado","embeddable":true,"href":"https:\/\/revolutionpadelstore.com\/de\/wp-json\/wp\/v2\/acabado?post=162168"},{"taxonomy":"balance","embeddable":true,"href":"https:\/\/revolutionpadelstore.com\/de\/wp-json\/wp\/v2\/balance?post=162168"},{"taxonomy":"dureza","embeddable":true,"href":"https:\/\/revolutionpadelstore.com\/de\/wp-json\/wp\/v2\/dureza?post=162168"},{"taxonomy":"forma","embeddable":true,"href":"https:\/\/revolutionpadelstore.com\/de\/wp-json\/wp\/v2\/forma?post=162168"},{"taxonomy":"jugador","embeddable":true,"href":"https:\/\/revolutionpadelstore.com\/de\/wp-json\/wp\/v2\/jugador?post=162168"},{"taxonomy":"marca","embeddable":true,"href":"https:\/\/revolutionpadelstore.com\/de\/wp-json\/wp\/v2\/marca?post=162168"},{"taxonomy":"nivel-de-juego","embeddable":true,"href":"https:\/\/revolutionpadelstore.com\/de\/wp-json\/wp\/v2\/nivel-de-juego?post=162168"},{"taxonomy":"superficie","embeddable":true,"href":"https:\/\/revolutionpadelstore.com\/de\/wp-json\/wp\/v2\/superficie?post=162168"},{"taxonomy":"tipo-de-juego","embeddable":true,"href":"https:\/\/revolutionpadelstore.com\/de\/wp-json\/wp\/v2\/tipo-de-juego?post=162168"},{"taxonomy":"product_brand","embeddable":true,"href":"https:\/\/revolutionpadelstore.com\/de\/wp-json\/wp\/v2\/product_brand?post=162168"},{"taxonomy":"product_cat","embeddable":true,"href":"https:\/\/revolutionpadelstore.com\/de\/wp-json\/wp\/v2\/product_cat?post=162168"},{"taxonomy":"product_tag","embeddable":true,"href":"https:\/\/revolutionpadelstore.com\/de\/wp-json\/wp\/v2\/product_tag?post=162168"}],"curies":[{"name":"wp","href":"https:\/\/api.w.org\/{rel}","templated":true}]}}