{"id":161790,"date":"2025-01-29T00:22:21","date_gmt":"2025-01-28T23:22:21","guid":{"rendered":"https:\/\/revolutionpadelstore.com\/sudadera-bullpadel-enif\/"},"modified":"2026-04-01T04:45:51","modified_gmt":"2026-04-01T02:45:51","slug":"sudadera-bullpadel-enif-1","status":"publish","type":"product","link":"https:\/\/revolutionpadelstore.com\/de\/produkt\/sudadera-bullpadel-enif-1\/","title":{"rendered":"SUDADERA BULLPADEL ENIF"},"content":{"rendered":"<h2> Bullpadel Damen -Sweatshirt<br \/>\nErh\u00f6hen Sie Ihre Leistung auf der Strecke und drau\u00dfen mit dem <strong> bullpadel Damen -Sweatshirt Enif <\/strong>, einem Kleidungsst\u00fcck f\u00fcr die anspruchsvollsten Spieler. Mit einem <strong> entlasteten Schnitt <\/strong>, das die Figur verbessert, kombiniert dieses Sweatshirt <strong> Sporting -Funktionalit\u00e4t und Stil <\/strong>. Seine zentralen Rei\u00dfverschl\u00fcsse und Taschen mit unsichtbaren Rei\u00dfverschl\u00fcssen bieten eine moderne und praktische Note, w\u00e4hrend F\u00e4uste mit Fingern eine perfekte und bessere Komfortanpassung w\u00e4hrend des Spiels bieten.<\/p>\n<p>Dieses Sweatshirt wird mit <strong> recyceltem Polyester <\/strong> und Elastan im kationischen Gewebe hergestellt und verpflichtet sich, die Leistung <\/strong> zu beeintr\u00e4chtigen. Strategisch gelegene Netzeins\u00e4tze verbessern die Atmungsaktivit\u00e4t und bieten ein neues Gef\u00fchl, selbst in den intensivsten Momenten. Dar\u00fcber hinaus hilft die <strong> drynamische Technologie <\/strong> mit Mikrofilamenten dazu, die Feuchtigkeit zu reduzieren und die Haut trocken zu halten und Ihren Komfort in jedem Training oder jeder Party zu maximieren.<\/p>\n<h2> Ausstehende Eigenschaften: <\/ h2><br \/>\n<P> <strong> -Egonomische und nachhaltige Design <\/strong>: entsch\u00e4rfter Schnitt und recyceltes Polyestergewebe mit Elastan.<\/p>\n<p> <strong> -Drynamische Technologie <\/strong>: Bevorzugt Schwei\u00df und h\u00e4lt trockene Haut.<\/p>\n<p> <strong> -invisible Bits <\/strong>: sicher und diskret<br \/>\n<P> <strong> -Pu\u00f1os mit Daumenloch <\/strong>: bequeme und funktionale Einstellung<\/p>\n<p> <strong> -Insersecionen von mesh <\/strong>: gr\u00f6\u00dfere Bel\u00fcftung f\u00fcr \u00fcberlegene Komfort<br \/>\nPerfekt f\u00fcr Paddelliebhaber, die nach <strong> funktionaler, leichter und umweltfreundlicher Sportswear <\/strong> suchen. Dieses Sweatshirt ist ideal f\u00fcr Training, Partys oder t\u00e4gliche Aktivit\u00e4ten und garantiert Ihnen <strong> Mobilit\u00e4t, Atmungsaktivit\u00e4t und Stil <\/strong>.<\/p>\n<p><strong> Holen Sie sich Ihr Bullpadel-Frauen in unserem Online-Shop &lt;a href = &quot;https:\/\/chatgpt.com\/g\/g-675432e026888191b6ee6d6f2fdbb15e-optimization-textos\/c\/www.revstore.com&quot; Gesch\u00e4ft <\/a> wahrscheinlich zum besten Marktpreis<br \/>\n<H4> <\/h4>\n<h2>Sudadera Bullpadel Mujer Enif<\/h2>\n","protected":false},"excerpt":{"rendered":"<p>Das Bullpadel Enif -Frau Sweatshirt aus recyceltem und ausgestattetem Stoff mit drynamischer Technologie garantiert Komfort, Bel\u00fcftung und eine ideale Anpassung f\u00fcr Ihr Training.<\/p>\n","protected":false},"featured_media":161776,"comment_status":"open","ping_status":"closed","template":"","meta":{"_acf_changed":false,"_joinchat":[]},"acabado":[],"balance":[],"dureza":[],"forma":[],"jugador":[1194],"marca":[1254],"nivel-de-juego":[],"superficie":[],"tipo-de-juego":[],"product_brand":[],"product_cat":[323],"product_tag":[],"class_list":{"0":"post-161790","1":"product","2":"type-product","3":"status-publish","4":"has-post-thumbnail","6":"jugador-frau","7":"marca-bullpadel-de","8":"product_cat-ropa-de","10":"first","11":"outofstock","12":"sale","13":"taxable","14":"shipping-taxable","15":"purchasable","16":"product-type-variable"},"acf":[],"yoast_head":"<!-- This site is optimized with the Yoast SEO plugin v27.3 - https:\/\/yoast.com\/product\/yoast-seo-wordpress\/ -->\n<title>SUDADERA BULLPADEL ENIF - Revolution Padel Store<\/title>\n<meta name=\"description\" content=\"Descubre la Sudadera Bullpadel Mujer Enif: dise\u00f1o entallado, tejido reciclado y tecnolog\u00eda Drynamic para m\u00e1xima comodidad y transpirabilidad. Disponible en Revolution Padel Store.\" \/>\n<meta name=\"robots\" content=\"index, follow, max-snippet:-1, max-image-preview:large, max-video-preview:-1\" \/>\n<link rel=\"canonical\" href=\"https:\/\/revolutionpadelstore.com\/de\/produkt\/sudadera-bullpadel-enif-1\/\" \/>\n<meta property=\"og:locale\" content=\"de_DE\" \/>\n<meta property=\"og:type\" content=\"article\" \/>\n<meta property=\"og:title\" content=\"SUDADERA BULLPADEL ENIF - Revolution Padel Store\" \/>\n<meta property=\"og:description\" content=\"Descubre la Sudadera Bullpadel Mujer Enif: dise\u00f1o entallado, tejido reciclado y tecnolog\u00eda Drynamic para m\u00e1xima comodidad y transpirabilidad. Disponible en Revolution Padel Store.\" \/>\n<meta property=\"og:url\" content=\"https:\/\/revolutionpadelstore.com\/de\/produkt\/sudadera-bullpadel-enif-1\/\" \/>\n<meta property=\"og:site_name\" content=\"Revolution Padel Store\" \/>\n<meta property=\"article:modified_time\" content=\"2026-04-01T02:45:51+00:00\" \/>\n<meta property=\"og:image\" content=\"https:\/\/revolutionpadelstore.com\/wp-content\/uploads\/2025\/01\/114449_sudadera_bullpadel_mujer_enif__105_negro_vigore_1200x1200_1_54d5.webp\" \/>\n\t<meta property=\"og:image:width\" content=\"1200\" \/>\n\t<meta property=\"og:image:height\" content=\"1200\" \/>\n\t<meta property=\"og:image:type\" content=\"image\/webp\" \/>\n<meta name=\"twitter:card\" content=\"summary_large_image\" \/>\n<meta name=\"twitter:label1\" content=\"Gesch\u00e4tzte Lesezeit\" \/>\n\t<meta name=\"twitter:data1\" content=\"2\u00a0Minuten\" \/>\n<script type=\"application\/ld+json\" class=\"yoast-schema-graph\">{\"@context\":\"https:\\\/\\\/schema.org\",\"@graph\":[{\"@type\":\"WebPage\",\"@id\":\"https:\\\/\\\/revolutionpadelstore.com\\\/de\\\/produkt\\\/sudadera-bullpadel-enif-1\\\/\",\"url\":\"https:\\\/\\\/revolutionpadelstore.com\\\/de\\\/produkt\\\/sudadera-bullpadel-enif-1\\\/\",\"name\":\"SUDADERA BULLPADEL ENIF - Revolution Padel Store\",\"isPartOf\":{\"@id\":\"https:\\\/\\\/revolutionpadelstore.com\\\/de\\\/#website\"},\"primaryImageOfPage\":{\"@id\":\"https:\\\/\\\/revolutionpadelstore.com\\\/de\\\/produkt\\\/sudadera-bullpadel-enif-1\\\/#primaryimage\"},\"image\":{\"@id\":\"https:\\\/\\\/revolutionpadelstore.com\\\/de\\\/produkt\\\/sudadera-bullpadel-enif-1\\\/#primaryimage\"},\"thumbnailUrl\":\"https:\\\/\\\/revolutionpadelstore.com\\\/wp-content\\\/uploads\\\/2025\\\/01\\\/114449_sudadera_bullpadel_mujer_enif__105_negro_vigore_1200x1200_1_54d5.webp\",\"datePublished\":\"2025-01-28T23:22:21+00:00\",\"dateModified\":\"2026-04-01T02:45:51+00:00\",\"description\":\"Descubre la Sudadera Bullpadel Mujer Enif: dise\u00f1o entallado, tejido reciclado y tecnolog\u00eda Drynamic para m\u00e1xima comodidad y transpirabilidad. Disponible en Revolution Padel Store.\",\"breadcrumb\":{\"@id\":\"https:\\\/\\\/revolutionpadelstore.com\\\/de\\\/produkt\\\/sudadera-bullpadel-enif-1\\\/#breadcrumb\"},\"inLanguage\":\"de\",\"potentialAction\":[{\"@type\":\"ReadAction\",\"target\":[\"https:\\\/\\\/revolutionpadelstore.com\\\/de\\\/produkt\\\/sudadera-bullpadel-enif-1\\\/\"]}]},{\"@type\":\"ImageObject\",\"inLanguage\":\"de\",\"@id\":\"https:\\\/\\\/revolutionpadelstore.com\\\/de\\\/produkt\\\/sudadera-bullpadel-enif-1\\\/#primaryimage\",\"url\":\"https:\\\/\\\/revolutionpadelstore.com\\\/wp-content\\\/uploads\\\/2025\\\/01\\\/114449_sudadera_bullpadel_mujer_enif__105_negro_vigore_1200x1200_1_54d5.webp\",\"contentUrl\":\"https:\\\/\\\/revolutionpadelstore.com\\\/wp-content\\\/uploads\\\/2025\\\/01\\\/114449_sudadera_bullpadel_mujer_enif__105_negro_vigore_1200x1200_1_54d5.webp\",\"width\":1200,\"height\":1200},{\"@type\":\"BreadcrumbList\",\"@id\":\"https:\\\/\\\/revolutionpadelstore.com\\\/de\\\/produkt\\\/sudadera-bullpadel-enif-1\\\/#breadcrumb\",\"itemListElement\":[{\"@type\":\"ListItem\",\"position\":1,\"name\":\"Portada\",\"item\":\"https:\\\/\\\/revolutionpadelstore.com\\\/de\\\/\"},{\"@type\":\"ListItem\",\"position\":2,\"name\":\"Shop\",\"item\":\"https:\\\/\\\/revolutionpadelstore.com\\\/de\\\/tienda\\\/\"},{\"@type\":\"ListItem\",\"position\":3,\"name\":\"SUDADERA BULLPADEL ENIF\"}]},{\"@type\":\"WebSite\",\"@id\":\"https:\\\/\\\/revolutionpadelstore.com\\\/de\\\/#website\",\"url\":\"https:\\\/\\\/revolutionpadelstore.com\\\/de\\\/\",\"name\":\"Revolution Padel Store\",\"description\":\"\",\"publisher\":{\"@id\":\"https:\\\/\\\/revolutionpadelstore.com\\\/de\\\/#organization\"},\"potentialAction\":[{\"@type\":\"SearchAction\",\"target\":{\"@type\":\"EntryPoint\",\"urlTemplate\":\"https:\\\/\\\/revolutionpadelstore.com\\\/de\\\/?s={search_term_string}\"},\"query-input\":{\"@type\":\"PropertyValueSpecification\",\"valueRequired\":true,\"valueName\":\"search_term_string\"}}],\"inLanguage\":\"de\"},{\"@type\":\"Organization\",\"@id\":\"https:\\\/\\\/revolutionpadelstore.com\\\/de\\\/#organization\",\"name\":\"Revolution Padel Store\",\"url\":\"https:\\\/\\\/revolutionpadelstore.com\\\/de\\\/\",\"logo\":{\"@type\":\"ImageObject\",\"inLanguage\":\"de\",\"@id\":\"https:\\\/\\\/revolutionpadelstore.com\\\/de\\\/#\\\/schema\\\/logo\\\/image\\\/\",\"url\":\"https:\\\/\\\/revolutionpadelstore.com\\\/wp-content\\\/uploads\\\/2026\\\/02\\\/revolution-padel-store.jpg\",\"contentUrl\":\"https:\\\/\\\/revolutionpadelstore.com\\\/wp-content\\\/uploads\\\/2026\\\/02\\\/revolution-padel-store.jpg\",\"width\":2000,\"height\":2000,\"caption\":\"Revolution Padel Store\"},\"image\":{\"@id\":\"https:\\\/\\\/revolutionpadelstore.com\\\/de\\\/#\\\/schema\\\/logo\\\/image\\\/\"},\"sameAs\":[\"https:\\\/\\\/www.instagram.com\\\/revolutionpadelstore\\\/\"]}]}<\/script>\n<!-- \/ Yoast SEO plugin. -->","yoast_head_json":{"title":"SUDADERA BULLPADEL ENIF - Revolution Padel Store","description":"Descubre la Sudadera Bullpadel Mujer Enif: dise\u00f1o entallado, tejido reciclado y tecnolog\u00eda Drynamic para m\u00e1xima comodidad y transpirabilidad. Disponible en Revolution Padel Store.","robots":{"index":"index","follow":"follow","max-snippet":"max-snippet:-1","max-image-preview":"max-image-preview:large","max-video-preview":"max-video-preview:-1"},"canonical":"https:\/\/revolutionpadelstore.com\/de\/produkt\/sudadera-bullpadel-enif-1\/","og_locale":"de_DE","og_type":"article","og_title":"SUDADERA BULLPADEL ENIF - Revolution Padel Store","og_description":"Descubre la Sudadera Bullpadel Mujer Enif: dise\u00f1o entallado, tejido reciclado y tecnolog\u00eda Drynamic para m\u00e1xima comodidad y transpirabilidad. Disponible en Revolution Padel Store.","og_url":"https:\/\/revolutionpadelstore.com\/de\/produkt\/sudadera-bullpadel-enif-1\/","og_site_name":"Revolution Padel Store","article_modified_time":"2026-04-01T02:45:51+00:00","og_image":[{"width":1200,"height":1200,"url":"https:\/\/revolutionpadelstore.com\/wp-content\/uploads\/2025\/01\/114449_sudadera_bullpadel_mujer_enif__105_negro_vigore_1200x1200_1_54d5.webp","type":"image\/webp"}],"twitter_card":"summary_large_image","twitter_misc":{"Gesch\u00e4tzte Lesezeit":"2\u00a0Minuten"},"schema":{"@context":"https:\/\/schema.org","@graph":[{"@type":"WebPage","@id":"https:\/\/revolutionpadelstore.com\/de\/produkt\/sudadera-bullpadel-enif-1\/","url":"https:\/\/revolutionpadelstore.com\/de\/produkt\/sudadera-bullpadel-enif-1\/","name":"SUDADERA BULLPADEL ENIF - Revolution Padel Store","isPartOf":{"@id":"https:\/\/revolutionpadelstore.com\/de\/#website"},"primaryImageOfPage":{"@id":"https:\/\/revolutionpadelstore.com\/de\/produkt\/sudadera-bullpadel-enif-1\/#primaryimage"},"image":{"@id":"https:\/\/revolutionpadelstore.com\/de\/produkt\/sudadera-bullpadel-enif-1\/#primaryimage"},"thumbnailUrl":"https:\/\/revolutionpadelstore.com\/wp-content\/uploads\/2025\/01\/114449_sudadera_bullpadel_mujer_enif__105_negro_vigore_1200x1200_1_54d5.webp","datePublished":"2025-01-28T23:22:21+00:00","dateModified":"2026-04-01T02:45:51+00:00","description":"Descubre la Sudadera Bullpadel Mujer Enif: dise\u00f1o entallado, tejido reciclado y tecnolog\u00eda Drynamic para m\u00e1xima comodidad y transpirabilidad. Disponible en Revolution Padel Store.","breadcrumb":{"@id":"https:\/\/revolutionpadelstore.com\/de\/produkt\/sudadera-bullpadel-enif-1\/#breadcrumb"},"inLanguage":"de","potentialAction":[{"@type":"ReadAction","target":["https:\/\/revolutionpadelstore.com\/de\/produkt\/sudadera-bullpadel-enif-1\/"]}]},{"@type":"ImageObject","inLanguage":"de","@id":"https:\/\/revolutionpadelstore.com\/de\/produkt\/sudadera-bullpadel-enif-1\/#primaryimage","url":"https:\/\/revolutionpadelstore.com\/wp-content\/uploads\/2025\/01\/114449_sudadera_bullpadel_mujer_enif__105_negro_vigore_1200x1200_1_54d5.webp","contentUrl":"https:\/\/revolutionpadelstore.com\/wp-content\/uploads\/2025\/01\/114449_sudadera_bullpadel_mujer_enif__105_negro_vigore_1200x1200_1_54d5.webp","width":1200,"height":1200},{"@type":"BreadcrumbList","@id":"https:\/\/revolutionpadelstore.com\/de\/produkt\/sudadera-bullpadel-enif-1\/#breadcrumb","itemListElement":[{"@type":"ListItem","position":1,"name":"Portada","item":"https:\/\/revolutionpadelstore.com\/de\/"},{"@type":"ListItem","position":2,"name":"Shop","item":"https:\/\/revolutionpadelstore.com\/de\/tienda\/"},{"@type":"ListItem","position":3,"name":"SUDADERA BULLPADEL ENIF"}]},{"@type":"WebSite","@id":"https:\/\/revolutionpadelstore.com\/de\/#website","url":"https:\/\/revolutionpadelstore.com\/de\/","name":"Revolution Padel Store","description":"","publisher":{"@id":"https:\/\/revolutionpadelstore.com\/de\/#organization"},"potentialAction":[{"@type":"SearchAction","target":{"@type":"EntryPoint","urlTemplate":"https:\/\/revolutionpadelstore.com\/de\/?s={search_term_string}"},"query-input":{"@type":"PropertyValueSpecification","valueRequired":true,"valueName":"search_term_string"}}],"inLanguage":"de"},{"@type":"Organization","@id":"https:\/\/revolutionpadelstore.com\/de\/#organization","name":"Revolution Padel Store","url":"https:\/\/revolutionpadelstore.com\/de\/","logo":{"@type":"ImageObject","inLanguage":"de","@id":"https:\/\/revolutionpadelstore.com\/de\/#\/schema\/logo\/image\/","url":"https:\/\/revolutionpadelstore.com\/wp-content\/uploads\/2026\/02\/revolution-padel-store.jpg","contentUrl":"https:\/\/revolutionpadelstore.com\/wp-content\/uploads\/2026\/02\/revolution-padel-store.jpg","width":2000,"height":2000,"caption":"Revolution Padel Store"},"image":{"@id":"https:\/\/revolutionpadelstore.com\/de\/#\/schema\/logo\/image\/"},"sameAs":["https:\/\/www.instagram.com\/revolutionpadelstore\/"]}]}},"_links":{"self":[{"href":"https:\/\/revolutionpadelstore.com\/de\/wp-json\/wp\/v2\/product\/161790","targetHints":{"allow":["GET"]}}],"collection":[{"href":"https:\/\/revolutionpadelstore.com\/de\/wp-json\/wp\/v2\/product"}],"about":[{"href":"https:\/\/revolutionpadelstore.com\/de\/wp-json\/wp\/v2\/types\/product"}],"replies":[{"embeddable":true,"href":"https:\/\/revolutionpadelstore.com\/de\/wp-json\/wp\/v2\/comments?post=161790"}],"wp:featuredmedia":[{"embeddable":true,"href":"https:\/\/revolutionpadelstore.com\/de\/wp-json\/wp\/v2\/media\/161776"}],"wp:attachment":[{"href":"https:\/\/revolutionpadelstore.com\/de\/wp-json\/wp\/v2\/media?parent=161790"}],"wp:term":[{"taxonomy":"acabado","embeddable":true,"href":"https:\/\/revolutionpadelstore.com\/de\/wp-json\/wp\/v2\/acabado?post=161790"},{"taxonomy":"balance","embeddable":true,"href":"https:\/\/revolutionpadelstore.com\/de\/wp-json\/wp\/v2\/balance?post=161790"},{"taxonomy":"dureza","embeddable":true,"href":"https:\/\/revolutionpadelstore.com\/de\/wp-json\/wp\/v2\/dureza?post=161790"},{"taxonomy":"forma","embeddable":true,"href":"https:\/\/revolutionpadelstore.com\/de\/wp-json\/wp\/v2\/forma?post=161790"},{"taxonomy":"jugador","embeddable":true,"href":"https:\/\/revolutionpadelstore.com\/de\/wp-json\/wp\/v2\/jugador?post=161790"},{"taxonomy":"marca","embeddable":true,"href":"https:\/\/revolutionpadelstore.com\/de\/wp-json\/wp\/v2\/marca?post=161790"},{"taxonomy":"nivel-de-juego","embeddable":true,"href":"https:\/\/revolutionpadelstore.com\/de\/wp-json\/wp\/v2\/nivel-de-juego?post=161790"},{"taxonomy":"superficie","embeddable":true,"href":"https:\/\/revolutionpadelstore.com\/de\/wp-json\/wp\/v2\/superficie?post=161790"},{"taxonomy":"tipo-de-juego","embeddable":true,"href":"https:\/\/revolutionpadelstore.com\/de\/wp-json\/wp\/v2\/tipo-de-juego?post=161790"},{"taxonomy":"product_brand","embeddable":true,"href":"https:\/\/revolutionpadelstore.com\/de\/wp-json\/wp\/v2\/product_brand?post=161790"},{"taxonomy":"product_cat","embeddable":true,"href":"https:\/\/revolutionpadelstore.com\/de\/wp-json\/wp\/v2\/product_cat?post=161790"},{"taxonomy":"product_tag","embeddable":true,"href":"https:\/\/revolutionpadelstore.com\/de\/wp-json\/wp\/v2\/product_tag?post=161790"}],"curies":[{"name":"wp","href":"https:\/\/api.w.org\/{rel}","templated":true}]}}