{"id":161716,"date":"2025-01-28T23:56:45","date_gmt":"2025-01-28T22:56:45","guid":{"rendered":"https:\/\/revolutionpadelstore.com\/paletero-bullpadel-tour-048\/"},"modified":"2026-04-08T07:57:38","modified_gmt":"2026-04-08T05:57:38","slug":"paletero-bullpadel-tour-verde-azulado-048-1","status":"publish","type":"product","link":"https:\/\/revolutionpadelstore.com\/de\/produkt\/paletero-bullpadel-tour-verde-azulado-048-1\/","title":{"rendered":"PALETERO BULLPADEL TOUR VERDE AZULADO 048"},"content":{"rendered":"<h2> Paletero Bullpadel Tour 048 Gr\u00fcne Bl\u00e4uel &#8211; Komfort, Stil und Widerstand <\/ H2><br \/>\nDie <strong> Paletero Bullpadel Bl\u00e4uliche gr\u00fcne Tour <\/strong> bietet dank seiner Zusammensetzung in <strong> Polyester 600D <\/strong> die perfekte Balance zwischen Leichtigkeit und Haltbarkeit. Dieses resistente Material garantiert eine lange Haltbarkeit und unterst\u00fctzt den t\u00e4glichen Verschlei\u00df. Mit <strong> 56x29x28 cm <\/strong> Abmessungen ist seine durchschnittliche Kapazit\u00e4t ideal f\u00fcr Spieler, die nach einer kompakten, aber ger\u00e4umigen L\u00f6sung f\u00fcr Ihr Paddle -Team suchen.<\/p>\n<h2> Raum und Schutz f\u00fcr alle wesentlichen <\/ h2><br \/>\nDiese Paletero zeichnet sich durch sein funktionales und praktisches Design auf und enth\u00e4lt mehrere Abteilungen, die die Organisation Ihrer Ausr\u00fcstung erleichtern:<br \/>\n<P> <strong> -Tan Hauptfach: <\/strong> perfekt zum Aufbewahren von Kleidung, Handt\u00fcchern und wesentlichem Accessoires<br \/>\n<P> <strong> -Exklusive Polsterung f\u00fcr Klingen: <\/strong> zum Schutz von bis zu zwei Klingen w\u00e4hrend des Transports und Vermeidung von Schl\u00e4gen oder Kratzern.<br \/>\n<P> <strong> -Foreign Seitaler zur\u00fcck: <\/strong> bietet einen schnellen und komfortablen Zugriff auf Ihre pers\u00f6nlichen Objekte wie Schl\u00fcssel, Mobile oder Portfolio.<\/p>\n<h2> Schl\u00fcsselmerkmale der Bullpadel Tour 048 <\/ h2><\/p>\n<p> <strong> -Resistentes Material: <\/strong> aus 600D-Polyester, Licht und langlebig<\/p>\n<p> <strong> -optimale Abmessungen: <\/strong> 56x29x28 cm, perfekt f\u00fcr den Transport von allem wesentlichen.<br \/>\n<P> <strong> -Bely: <\/strong> genug, um die Bed\u00fcrfnisse eines Spielers zu erf\u00fcllen<br \/>\n<P> <strong> -Rotion f\u00fcr Ihre Klingen: <\/strong> gepolstertes Fach f\u00fcr gr\u00f6\u00dfere Sicherheit<\/p>\n<p> <strong> -Pre Rapid: <\/strong> Praktische seitliche Tasche f\u00fcr kleine Zubeh\u00f6r<\/p>\n<h2> Warum die Bullpadel Tour 2025 w\u00e4hlen?<br \/>\nMit seinem eleganten Design in bl\u00e4ulichem Gr\u00fcn bietet dieser Paletero nicht nur Funktionen, sondern auch Stil. Es ist die ideale Wahl f\u00fcr Spieler, die <strong> Komfort, Schutz und kompaktes Design <\/strong> priorisieren und der perfekte Partner in jedem Spiel werden.<\/p>\n<h2> Holen Sie es sich heute!<br \/>\nDie <strong> Paletero Bullpadel Bl\u00e4uung Green Tour <\/strong> ist jetzt in unserem Online -Shop erh\u00e4ltlich der <strong> beste Marktpreis <\/strong>. Machen Sie jetzt Ihre Bestellung und tragen Sie Ihr Team mit Stil und Sicherheit.<\/p>\n<h2>Paletero Bullpadel Tour 048 Verde Azulado \u2013 Comodidad, Estilo y Resistencia<\/h2>\n","protected":false},"excerpt":{"rendered":"<p>Paletero Bullpadel BPP25015 Tour in Blaugr\u00fcn, ideal, um die Strecke mit Stil zu erreichen und voll ausgestattet f\u00fcr den Erfolg. Hergestellt mit 600D -Polyester und so gestaltet, dass sie bis zu 2 Klingen speichern.<\/p>\n","protected":false},"featured_media":161711,"comment_status":"open","ping_status":"closed","template":"","meta":{"_acf_changed":false,"_joinchat":[]},"acabado":[],"balance":[],"dureza":[],"forma":[],"jugador":[],"marca":[1254],"nivel-de-juego":[],"superficie":[],"tipo-de-juego":[],"product_brand":[],"product_cat":[314],"product_tag":[],"class_list":{"0":"post-161716","1":"product","2":"type-product","3":"status-publish","4":"has-post-thumbnail","6":"marca-bullpadel-de","7":"product_cat-taschen","9":"first","10":"outofstock","11":"sale","12":"taxable","13":"shipping-taxable","14":"purchasable","15":"product-type-simple"},"acf":[],"yoast_head":"<!-- This site is optimized with the Yoast SEO plugin v27.4 - https:\/\/yoast.com\/product\/yoast-seo-wordpress\/ -->\n<title>PALETERO BULLPADEL TOUR VERDE AZULADO 048 - Revolution Padel Store<\/title>\n<meta name=\"description\" content=\"Descubre el Paletero Bullpadel BPP-25015 Tour Verde Azulado. Dise\u00f1o compacto, protecci\u00f3n para tus palas y materiales resistentes. \u00a1C\u00f3mpralo en Revolution Padel Store al mejor precio!\" \/>\n<meta name=\"robots\" content=\"index, follow, max-snippet:-1, max-image-preview:large, max-video-preview:-1\" \/>\n<link rel=\"canonical\" href=\"https:\/\/revolutionpadelstore.com\/de\/produkt\/paletero-bullpadel-tour-verde-azulado-048-1\/\" \/>\n<meta property=\"og:locale\" content=\"de_DE\" \/>\n<meta property=\"og:type\" content=\"article\" \/>\n<meta property=\"og:title\" content=\"PALETERO BULLPADEL TOUR VERDE AZULADO 048 - Revolution Padel Store\" \/>\n<meta property=\"og:description\" content=\"Descubre el Paletero Bullpadel BPP-25015 Tour Verde Azulado. Dise\u00f1o compacto, protecci\u00f3n para tus palas y materiales resistentes. \u00a1C\u00f3mpralo en Revolution Padel Store al mejor precio!\" \/>\n<meta property=\"og:url\" content=\"https:\/\/revolutionpadelstore.com\/de\/produkt\/paletero-bullpadel-tour-verde-azulado-048-1\/\" \/>\n<meta property=\"og:site_name\" content=\"Revolution Padel Store\" \/>\n<meta property=\"article:modified_time\" content=\"2026-04-08T05:57:38+00:00\" \/>\n<meta property=\"og:image\" content=\"https:\/\/revolutionpadelstore.com\/wp-content\/uploads\/2025\/01\/paletero-bullpadel-tour-bpp25015-verde-azulado-1100x1100-1.jpg\" \/>\n\t<meta property=\"og:image:width\" content=\"1100\" \/>\n\t<meta property=\"og:image:height\" content=\"1100\" \/>\n\t<meta property=\"og:image:type\" content=\"image\/jpeg\" \/>\n<meta name=\"twitter:card\" content=\"summary_large_image\" \/>\n<meta name=\"twitter:label1\" content=\"Gesch\u00e4tzte Lesezeit\" \/>\n\t<meta name=\"twitter:data1\" content=\"2\u00a0Minuten\" \/>\n<script type=\"application\/ld+json\" class=\"yoast-schema-graph\">{\"@context\":\"https:\\\/\\\/schema.org\",\"@graph\":[{\"@type\":\"WebPage\",\"@id\":\"https:\\\/\\\/revolutionpadelstore.com\\\/de\\\/produkt\\\/paletero-bullpadel-tour-verde-azulado-048-1\\\/\",\"url\":\"https:\\\/\\\/revolutionpadelstore.com\\\/de\\\/produkt\\\/paletero-bullpadel-tour-verde-azulado-048-1\\\/\",\"name\":\"PALETERO BULLPADEL TOUR VERDE AZULADO 048 - Revolution Padel Store\",\"isPartOf\":{\"@id\":\"https:\\\/\\\/revolutionpadelstore.com\\\/de\\\/#website\"},\"primaryImageOfPage\":{\"@id\":\"https:\\\/\\\/revolutionpadelstore.com\\\/de\\\/produkt\\\/paletero-bullpadel-tour-verde-azulado-048-1\\\/#primaryimage\"},\"image\":{\"@id\":\"https:\\\/\\\/revolutionpadelstore.com\\\/de\\\/produkt\\\/paletero-bullpadel-tour-verde-azulado-048-1\\\/#primaryimage\"},\"thumbnailUrl\":\"https:\\\/\\\/revolutionpadelstore.com\\\/wp-content\\\/uploads\\\/2025\\\/01\\\/paletero-bullpadel-tour-bpp25015-verde-azulado-1100x1100-1.jpg\",\"datePublished\":\"2025-01-28T22:56:45+00:00\",\"dateModified\":\"2026-04-08T05:57:38+00:00\",\"description\":\"Descubre el Paletero Bullpadel BPP-25015 Tour Verde Azulado. Dise\u00f1o compacto, protecci\u00f3n para tus palas y materiales resistentes. \u00a1C\u00f3mpralo en Revolution Padel Store al mejor precio!\",\"breadcrumb\":{\"@id\":\"https:\\\/\\\/revolutionpadelstore.com\\\/de\\\/produkt\\\/paletero-bullpadel-tour-verde-azulado-048-1\\\/#breadcrumb\"},\"inLanguage\":\"de\",\"potentialAction\":[{\"@type\":\"ReadAction\",\"target\":[\"https:\\\/\\\/revolutionpadelstore.com\\\/de\\\/produkt\\\/paletero-bullpadel-tour-verde-azulado-048-1\\\/\"]}]},{\"@type\":\"ImageObject\",\"inLanguage\":\"de\",\"@id\":\"https:\\\/\\\/revolutionpadelstore.com\\\/de\\\/produkt\\\/paletero-bullpadel-tour-verde-azulado-048-1\\\/#primaryimage\",\"url\":\"https:\\\/\\\/revolutionpadelstore.com\\\/wp-content\\\/uploads\\\/2025\\\/01\\\/paletero-bullpadel-tour-bpp25015-verde-azulado-1100x1100-1.jpg\",\"contentUrl\":\"https:\\\/\\\/revolutionpadelstore.com\\\/wp-content\\\/uploads\\\/2025\\\/01\\\/paletero-bullpadel-tour-bpp25015-verde-azulado-1100x1100-1.jpg\",\"width\":1100,\"height\":1100},{\"@type\":\"BreadcrumbList\",\"@id\":\"https:\\\/\\\/revolutionpadelstore.com\\\/de\\\/produkt\\\/paletero-bullpadel-tour-verde-azulado-048-1\\\/#breadcrumb\",\"itemListElement\":[{\"@type\":\"ListItem\",\"position\":1,\"name\":\"Portada\",\"item\":\"https:\\\/\\\/revolutionpadelstore.com\\\/de\\\/\"},{\"@type\":\"ListItem\",\"position\":2,\"name\":\"Shop\",\"item\":\"https:\\\/\\\/revolutionpadelstore.com\\\/de\\\/tienda\\\/\"},{\"@type\":\"ListItem\",\"position\":3,\"name\":\"PALETERO BULLPADEL TOUR VERDE AZULADO 048\"}]},{\"@type\":\"WebSite\",\"@id\":\"https:\\\/\\\/revolutionpadelstore.com\\\/de\\\/#website\",\"url\":\"https:\\\/\\\/revolutionpadelstore.com\\\/de\\\/\",\"name\":\"Revolution Padel Store\",\"description\":\"\",\"publisher\":{\"@id\":\"https:\\\/\\\/revolutionpadelstore.com\\\/de\\\/#organization\"},\"potentialAction\":[{\"@type\":\"SearchAction\",\"target\":{\"@type\":\"EntryPoint\",\"urlTemplate\":\"https:\\\/\\\/revolutionpadelstore.com\\\/de\\\/?s={search_term_string}\"},\"query-input\":{\"@type\":\"PropertyValueSpecification\",\"valueRequired\":true,\"valueName\":\"search_term_string\"}}],\"inLanguage\":\"de\"},{\"@type\":\"Organization\",\"@id\":\"https:\\\/\\\/revolutionpadelstore.com\\\/de\\\/#organization\",\"name\":\"Revolution Padel Store\",\"url\":\"https:\\\/\\\/revolutionpadelstore.com\\\/de\\\/\",\"logo\":{\"@type\":\"ImageObject\",\"inLanguage\":\"de\",\"@id\":\"https:\\\/\\\/revolutionpadelstore.com\\\/de\\\/#\\\/schema\\\/logo\\\/image\\\/\",\"url\":\"https:\\\/\\\/revolutionpadelstore.com\\\/wp-content\\\/uploads\\\/2026\\\/02\\\/revolution-padel-store.jpg\",\"contentUrl\":\"https:\\\/\\\/revolutionpadelstore.com\\\/wp-content\\\/uploads\\\/2026\\\/02\\\/revolution-padel-store.jpg\",\"width\":2000,\"height\":2000,\"caption\":\"Revolution Padel Store\"},\"image\":{\"@id\":\"https:\\\/\\\/revolutionpadelstore.com\\\/de\\\/#\\\/schema\\\/logo\\\/image\\\/\"},\"sameAs\":[\"https:\\\/\\\/www.instagram.com\\\/revolutionpadelstore\\\/\"]}]}<\/script>\n<!-- \/ Yoast SEO plugin. -->","yoast_head_json":{"title":"PALETERO BULLPADEL TOUR VERDE AZULADO 048 - Revolution Padel Store","description":"Descubre el Paletero Bullpadel BPP-25015 Tour Verde Azulado. Dise\u00f1o compacto, protecci\u00f3n para tus palas y materiales resistentes. \u00a1C\u00f3mpralo en Revolution Padel Store al mejor precio!","robots":{"index":"index","follow":"follow","max-snippet":"max-snippet:-1","max-image-preview":"max-image-preview:large","max-video-preview":"max-video-preview:-1"},"canonical":"https:\/\/revolutionpadelstore.com\/de\/produkt\/paletero-bullpadel-tour-verde-azulado-048-1\/","og_locale":"de_DE","og_type":"article","og_title":"PALETERO BULLPADEL TOUR VERDE AZULADO 048 - Revolution Padel Store","og_description":"Descubre el Paletero Bullpadel BPP-25015 Tour Verde Azulado. Dise\u00f1o compacto, protecci\u00f3n para tus palas y materiales resistentes. \u00a1C\u00f3mpralo en Revolution Padel Store al mejor precio!","og_url":"https:\/\/revolutionpadelstore.com\/de\/produkt\/paletero-bullpadel-tour-verde-azulado-048-1\/","og_site_name":"Revolution Padel Store","article_modified_time":"2026-04-08T05:57:38+00:00","og_image":[{"width":1100,"height":1100,"url":"https:\/\/revolutionpadelstore.com\/wp-content\/uploads\/2025\/01\/paletero-bullpadel-tour-bpp25015-verde-azulado-1100x1100-1.jpg","type":"image\/jpeg"}],"twitter_card":"summary_large_image","twitter_misc":{"Gesch\u00e4tzte Lesezeit":"2\u00a0Minuten"},"schema":{"@context":"https:\/\/schema.org","@graph":[{"@type":"WebPage","@id":"https:\/\/revolutionpadelstore.com\/de\/produkt\/paletero-bullpadel-tour-verde-azulado-048-1\/","url":"https:\/\/revolutionpadelstore.com\/de\/produkt\/paletero-bullpadel-tour-verde-azulado-048-1\/","name":"PALETERO BULLPADEL TOUR VERDE AZULADO 048 - Revolution Padel Store","isPartOf":{"@id":"https:\/\/revolutionpadelstore.com\/de\/#website"},"primaryImageOfPage":{"@id":"https:\/\/revolutionpadelstore.com\/de\/produkt\/paletero-bullpadel-tour-verde-azulado-048-1\/#primaryimage"},"image":{"@id":"https:\/\/revolutionpadelstore.com\/de\/produkt\/paletero-bullpadel-tour-verde-azulado-048-1\/#primaryimage"},"thumbnailUrl":"https:\/\/revolutionpadelstore.com\/wp-content\/uploads\/2025\/01\/paletero-bullpadel-tour-bpp25015-verde-azulado-1100x1100-1.jpg","datePublished":"2025-01-28T22:56:45+00:00","dateModified":"2026-04-08T05:57:38+00:00","description":"Descubre el Paletero Bullpadel BPP-25015 Tour Verde Azulado. Dise\u00f1o compacto, protecci\u00f3n para tus palas y materiales resistentes. \u00a1C\u00f3mpralo en Revolution Padel Store al mejor precio!","breadcrumb":{"@id":"https:\/\/revolutionpadelstore.com\/de\/produkt\/paletero-bullpadel-tour-verde-azulado-048-1\/#breadcrumb"},"inLanguage":"de","potentialAction":[{"@type":"ReadAction","target":["https:\/\/revolutionpadelstore.com\/de\/produkt\/paletero-bullpadel-tour-verde-azulado-048-1\/"]}]},{"@type":"ImageObject","inLanguage":"de","@id":"https:\/\/revolutionpadelstore.com\/de\/produkt\/paletero-bullpadel-tour-verde-azulado-048-1\/#primaryimage","url":"https:\/\/revolutionpadelstore.com\/wp-content\/uploads\/2025\/01\/paletero-bullpadel-tour-bpp25015-verde-azulado-1100x1100-1.jpg","contentUrl":"https:\/\/revolutionpadelstore.com\/wp-content\/uploads\/2025\/01\/paletero-bullpadel-tour-bpp25015-verde-azulado-1100x1100-1.jpg","width":1100,"height":1100},{"@type":"BreadcrumbList","@id":"https:\/\/revolutionpadelstore.com\/de\/produkt\/paletero-bullpadel-tour-verde-azulado-048-1\/#breadcrumb","itemListElement":[{"@type":"ListItem","position":1,"name":"Portada","item":"https:\/\/revolutionpadelstore.com\/de\/"},{"@type":"ListItem","position":2,"name":"Shop","item":"https:\/\/revolutionpadelstore.com\/de\/tienda\/"},{"@type":"ListItem","position":3,"name":"PALETERO BULLPADEL TOUR VERDE AZULADO 048"}]},{"@type":"WebSite","@id":"https:\/\/revolutionpadelstore.com\/de\/#website","url":"https:\/\/revolutionpadelstore.com\/de\/","name":"Revolution Padel Store","description":"","publisher":{"@id":"https:\/\/revolutionpadelstore.com\/de\/#organization"},"potentialAction":[{"@type":"SearchAction","target":{"@type":"EntryPoint","urlTemplate":"https:\/\/revolutionpadelstore.com\/de\/?s={search_term_string}"},"query-input":{"@type":"PropertyValueSpecification","valueRequired":true,"valueName":"search_term_string"}}],"inLanguage":"de"},{"@type":"Organization","@id":"https:\/\/revolutionpadelstore.com\/de\/#organization","name":"Revolution Padel Store","url":"https:\/\/revolutionpadelstore.com\/de\/","logo":{"@type":"ImageObject","inLanguage":"de","@id":"https:\/\/revolutionpadelstore.com\/de\/#\/schema\/logo\/image\/","url":"https:\/\/revolutionpadelstore.com\/wp-content\/uploads\/2026\/02\/revolution-padel-store.jpg","contentUrl":"https:\/\/revolutionpadelstore.com\/wp-content\/uploads\/2026\/02\/revolution-padel-store.jpg","width":2000,"height":2000,"caption":"Revolution Padel Store"},"image":{"@id":"https:\/\/revolutionpadelstore.com\/de\/#\/schema\/logo\/image\/"},"sameAs":["https:\/\/www.instagram.com\/revolutionpadelstore\/"]}]}},"_links":{"self":[{"href":"https:\/\/revolutionpadelstore.com\/de\/wp-json\/wp\/v2\/product\/161716","targetHints":{"allow":["GET"]}}],"collection":[{"href":"https:\/\/revolutionpadelstore.com\/de\/wp-json\/wp\/v2\/product"}],"about":[{"href":"https:\/\/revolutionpadelstore.com\/de\/wp-json\/wp\/v2\/types\/product"}],"replies":[{"embeddable":true,"href":"https:\/\/revolutionpadelstore.com\/de\/wp-json\/wp\/v2\/comments?post=161716"}],"wp:featuredmedia":[{"embeddable":true,"href":"https:\/\/revolutionpadelstore.com\/de\/wp-json\/wp\/v2\/media\/161711"}],"wp:attachment":[{"href":"https:\/\/revolutionpadelstore.com\/de\/wp-json\/wp\/v2\/media?parent=161716"}],"wp:term":[{"taxonomy":"acabado","embeddable":true,"href":"https:\/\/revolutionpadelstore.com\/de\/wp-json\/wp\/v2\/acabado?post=161716"},{"taxonomy":"balance","embeddable":true,"href":"https:\/\/revolutionpadelstore.com\/de\/wp-json\/wp\/v2\/balance?post=161716"},{"taxonomy":"dureza","embeddable":true,"href":"https:\/\/revolutionpadelstore.com\/de\/wp-json\/wp\/v2\/dureza?post=161716"},{"taxonomy":"forma","embeddable":true,"href":"https:\/\/revolutionpadelstore.com\/de\/wp-json\/wp\/v2\/forma?post=161716"},{"taxonomy":"jugador","embeddable":true,"href":"https:\/\/revolutionpadelstore.com\/de\/wp-json\/wp\/v2\/jugador?post=161716"},{"taxonomy":"marca","embeddable":true,"href":"https:\/\/revolutionpadelstore.com\/de\/wp-json\/wp\/v2\/marca?post=161716"},{"taxonomy":"nivel-de-juego","embeddable":true,"href":"https:\/\/revolutionpadelstore.com\/de\/wp-json\/wp\/v2\/nivel-de-juego?post=161716"},{"taxonomy":"superficie","embeddable":true,"href":"https:\/\/revolutionpadelstore.com\/de\/wp-json\/wp\/v2\/superficie?post=161716"},{"taxonomy":"tipo-de-juego","embeddable":true,"href":"https:\/\/revolutionpadelstore.com\/de\/wp-json\/wp\/v2\/tipo-de-juego?post=161716"},{"taxonomy":"product_brand","embeddable":true,"href":"https:\/\/revolutionpadelstore.com\/de\/wp-json\/wp\/v2\/product_brand?post=161716"},{"taxonomy":"product_cat","embeddable":true,"href":"https:\/\/revolutionpadelstore.com\/de\/wp-json\/wp\/v2\/product_cat?post=161716"},{"taxonomy":"product_tag","embeddable":true,"href":"https:\/\/revolutionpadelstore.com\/de\/wp-json\/wp\/v2\/product_tag?post=161716"}],"curies":[{"name":"wp","href":"https:\/\/api.w.org\/{rel}","templated":true}]}}