{"id":161456,"date":"2025-01-27T08:06:00","date_gmt":"2025-01-27T07:06:00","guid":{"rendered":"https:\/\/revolutionpadelstore.com\/camiseta-sponsors-at10-white\/"},"modified":"2026-04-08T07:59:40","modified_gmt":"2026-04-08T05:59:40","slug":"camiseta-sponsors-at10-white-1","status":"publish","type":"product","link":"https:\/\/revolutionpadelstore.com\/de\/produkt\/camiseta-sponsors-at10-white-1\/","title":{"rendered":"CAMISETA SPONSORS AT10 WHITE"},"content":{"rendered":"<h2> AT10 White Sponsoren t -Shirt von Agust\u00edn Tapia <\/ H2><br \/>\nFinden Sie heraus, wie das authentische <em> Mozart de Catamarca <\/em> mit den <strong> t -Shirt -Sponsoren AT10 White <\/strong>, der offiziellen Nachbildung, die Agust\u00edn Tapia im Wettbewerb mit sich bringt, sponsert. Dieses Kleidungsst\u00fcck kombiniert Stil-, Komfort- und Hochleistungs -Technologie, um Ihnen das h\u00f6chste Niveau auf der Strecke zu bieten.<\/p>\n<h2> Ausstehende Eigenschaften <\/ H2><br \/>\n<P> <strong> -Philiale Desperaphraphie des Sponsor &gt;, eine exklusive und authentische Note<br \/>\n<P> <strong> -klassisch und vielseitig: <\/strong> Komfortige Anpassung, die sich an einen beliebigen K\u00f6rpertyp anpasst und eine vollst\u00e4ndige Bewegungsfreiheit bietet.<\/p>\n<p> <strong> elegant schwarz: <\/strong> Sein raffiniertes Design macht es zu einem idealen Kleidungsst\u00fcck f\u00fcr das Spiel und zum Blick au\u00dferhalb der Strecke.<br \/>\n<P> <strong> -Tecnology Sweat Control: <\/strong> Ultra -Saugfabrik von NOx h\u00e4lt Ihre trockene und bequeme Haut in Zeiten maximaler Intensit\u00e4t.<br \/>\n<P> <strong> balance frisch f\u00fcr gr\u00f6\u00dfere Komfort: <\/strong> garantiert jederzeit Leichtigkeit und Frische, selbst in den anspruchsvollsten Spielen.<\/p>\n<p> <strong> -Preum -Zusammensetzung: <\/strong> mit 90% Polyester und 10% Elastan hergestellt, bietet optimale Elastizit\u00e4t und Resistenz f\u00fcr eine l\u00e4ngere Verwendung.<\/p>\n<p> <strong> -Roder und Kurzarm: <\/strong> sorgt Komfort und Praktikabilit\u00e4t und passt perfekt an jede Bewegung.<\/p>\n<h2> Vorteile der Sponsoren AT10 White T -Shirt<\/p>\n<p>-H\u00f6here Leistung dank Ihres schnellen Trocknungsgewebes<\/p>\n<p>-ergonomische Anpassung, die die volle Bewegungsfreiheit erm\u00f6glicht.<\/p>\n<p>-\u00fcberlegene Haltbarkeit, ideal f\u00fcr intensives Training und Wettbewerbe<\/p>\n<p>-exklusives Design, das den professionellen Stil von Agust\u00edn Tapia widerspiegelt<\/p>\n<h2> Holen Sie sich jetzt Ihre!<br \/>\nBleiben Sie nicht ohne die <strong> t -Shirt -Sponsoren AT10 White <\/strong>, die in unserem Online -Shop erh\u00e4ltlich ist <a href=\"https:\/\/chatgpt.com\/g\/g-675432e026888191b6ee6d6f2fdbb15e-optimization-textos\/c\/www.revolutionpadelstore.com\"> www.revolutionpadelstore.com <\/a>, wahrscheinlich bei der besten Marktpreis. F\u00fchle den Unterschied in jedem Spiel!<\/p>\n<h2>Camiseta Sponsors AT10 White de Agust\u00edn Tapia<\/h2>\n","protected":false},"excerpt":{"rendered":"<p>Das NOX -Sponsoren AT10 -Shirt bietet eine perfekte Kombination aus Design und Leistung, die die Schwei\u00dfkontrolle enth\u00e4lt und frische Technologie ausgleichen, um ein Gef\u00fchl von Komfort und Frische zu gew\u00e4hrleisten, ideal f\u00fcr Spieler eines beliebigen Levels.<\/p>\n","protected":false},"featured_media":161427,"comment_status":"open","ping_status":"closed","template":"","meta":{"_acf_changed":false,"_joinchat":[]},"acabado":[],"balance":[],"dureza":[],"forma":[],"jugador":[1189],"marca":[1259],"nivel-de-juego":[],"superficie":[],"tipo-de-juego":[],"product_brand":[],"product_cat":[324,323],"product_tag":[],"class_list":{"0":"post-161456","1":"product","2":"type-product","3":"status-publish","4":"has-post-thumbnail","6":"jugador-mann","7":"marca-nox-de","8":"product_cat-premier-spielerbekleidung","9":"product_cat-ropa-de","11":"first","12":"outofstock","13":"sale","14":"taxable","15":"shipping-taxable","16":"purchasable","17":"product-type-variable"},"acf":[],"yoast_head":"<!-- This site is optimized with the Yoast SEO plugin v27.4 - https:\/\/yoast.com\/product\/yoast-seo-wordpress\/ -->\n<title>CAMISETA SPONSORS AT10 WHITE - Revolution Padel Store<\/title>\n<meta name=\"description\" content=\"No te quedes sin la\u00a0Camiseta Sponsors AT10 White, disponible en nuestra tienda online\u00a0www.revolutionpadelstore.com, probablemente al mejor precio del mercado. \u00a1Siente la diferencia en cada partido!\" \/>\n<meta name=\"robots\" content=\"index, follow, max-snippet:-1, max-image-preview:large, max-video-preview:-1\" \/>\n<link rel=\"canonical\" href=\"https:\/\/revolutionpadelstore.com\/de\/produkt\/camiseta-sponsors-at10-white-1\/\" \/>\n<meta property=\"og:locale\" content=\"de_DE\" \/>\n<meta property=\"og:type\" content=\"article\" \/>\n<meta property=\"og:title\" content=\"CAMISETA SPONSORS AT10 WHITE - Revolution Padel Store\" \/>\n<meta property=\"og:description\" content=\"No te quedes sin la\u00a0Camiseta Sponsors AT10 White, disponible en nuestra tienda online\u00a0www.revolutionpadelstore.com, probablemente al mejor precio del mercado. \u00a1Siente la diferencia en cada partido!\" \/>\n<meta property=\"og:url\" content=\"https:\/\/revolutionpadelstore.com\/de\/produkt\/camiseta-sponsors-at10-white-1\/\" \/>\n<meta property=\"og:site_name\" content=\"Revolution Padel Store\" \/>\n<meta property=\"article:modified_time\" content=\"2026-04-08T05:59:40+00:00\" \/>\n<meta property=\"og:image\" content=\"https:\/\/revolutionpadelstore.com\/wp-content\/uploads\/2025\/01\/camiseta-sponsors-at10-white-t24caspatwhxs-8436603199384-632862.webp\" \/>\n\t<meta property=\"og:image:width\" content=\"720\" \/>\n\t<meta property=\"og:image:height\" content=\"720\" \/>\n\t<meta property=\"og:image:type\" content=\"image\/webp\" \/>\n<meta name=\"twitter:card\" content=\"summary_large_image\" \/>\n<meta name=\"twitter:label1\" content=\"Gesch\u00e4tzte Lesezeit\" \/>\n\t<meta name=\"twitter:data1\" content=\"1\u00a0Minute\" \/>\n<script type=\"application\/ld+json\" class=\"yoast-schema-graph\">{\"@context\":\"https:\\\/\\\/schema.org\",\"@graph\":[{\"@type\":\"WebPage\",\"@id\":\"https:\\\/\\\/revolutionpadelstore.com\\\/de\\\/produkt\\\/camiseta-sponsors-at10-white-1\\\/\",\"url\":\"https:\\\/\\\/revolutionpadelstore.com\\\/de\\\/produkt\\\/camiseta-sponsors-at10-white-1\\\/\",\"name\":\"CAMISETA SPONSORS AT10 WHITE - Revolution Padel Store\",\"isPartOf\":{\"@id\":\"https:\\\/\\\/revolutionpadelstore.com\\\/de\\\/#website\"},\"primaryImageOfPage\":{\"@id\":\"https:\\\/\\\/revolutionpadelstore.com\\\/de\\\/produkt\\\/camiseta-sponsors-at10-white-1\\\/#primaryimage\"},\"image\":{\"@id\":\"https:\\\/\\\/revolutionpadelstore.com\\\/de\\\/produkt\\\/camiseta-sponsors-at10-white-1\\\/#primaryimage\"},\"thumbnailUrl\":\"https:\\\/\\\/revolutionpadelstore.com\\\/wp-content\\\/uploads\\\/2025\\\/01\\\/camiseta-sponsors-at10-white-t24caspatwhxs-8436603199384-632862.webp\",\"datePublished\":\"2025-01-27T07:06:00+00:00\",\"dateModified\":\"2026-04-08T05:59:40+00:00\",\"description\":\"No te quedes sin la\u00a0Camiseta Sponsors AT10 White, disponible en nuestra tienda online\u00a0www.revolutionpadelstore.com, probablemente al mejor precio del mercado. \u00a1Siente la diferencia en cada partido!\",\"breadcrumb\":{\"@id\":\"https:\\\/\\\/revolutionpadelstore.com\\\/de\\\/produkt\\\/camiseta-sponsors-at10-white-1\\\/#breadcrumb\"},\"inLanguage\":\"de\",\"potentialAction\":[{\"@type\":\"ReadAction\",\"target\":[\"https:\\\/\\\/revolutionpadelstore.com\\\/de\\\/produkt\\\/camiseta-sponsors-at10-white-1\\\/\"]}]},{\"@type\":\"ImageObject\",\"inLanguage\":\"de\",\"@id\":\"https:\\\/\\\/revolutionpadelstore.com\\\/de\\\/produkt\\\/camiseta-sponsors-at10-white-1\\\/#primaryimage\",\"url\":\"https:\\\/\\\/revolutionpadelstore.com\\\/wp-content\\\/uploads\\\/2025\\\/01\\\/camiseta-sponsors-at10-white-t24caspatwhxs-8436603199384-632862.webp\",\"contentUrl\":\"https:\\\/\\\/revolutionpadelstore.com\\\/wp-content\\\/uploads\\\/2025\\\/01\\\/camiseta-sponsors-at10-white-t24caspatwhxs-8436603199384-632862.webp\",\"width\":720,\"height\":720},{\"@type\":\"BreadcrumbList\",\"@id\":\"https:\\\/\\\/revolutionpadelstore.com\\\/de\\\/produkt\\\/camiseta-sponsors-at10-white-1\\\/#breadcrumb\",\"itemListElement\":[{\"@type\":\"ListItem\",\"position\":1,\"name\":\"Portada\",\"item\":\"https:\\\/\\\/revolutionpadelstore.com\\\/de\\\/\"},{\"@type\":\"ListItem\",\"position\":2,\"name\":\"Shop\",\"item\":\"https:\\\/\\\/revolutionpadelstore.com\\\/de\\\/tienda\\\/\"},{\"@type\":\"ListItem\",\"position\":3,\"name\":\"CAMISETA SPONSORS AT10 WHITE\"}]},{\"@type\":\"WebSite\",\"@id\":\"https:\\\/\\\/revolutionpadelstore.com\\\/de\\\/#website\",\"url\":\"https:\\\/\\\/revolutionpadelstore.com\\\/de\\\/\",\"name\":\"Revolution Padel Store\",\"description\":\"\",\"publisher\":{\"@id\":\"https:\\\/\\\/revolutionpadelstore.com\\\/de\\\/#organization\"},\"potentialAction\":[{\"@type\":\"SearchAction\",\"target\":{\"@type\":\"EntryPoint\",\"urlTemplate\":\"https:\\\/\\\/revolutionpadelstore.com\\\/de\\\/?s={search_term_string}\"},\"query-input\":{\"@type\":\"PropertyValueSpecification\",\"valueRequired\":true,\"valueName\":\"search_term_string\"}}],\"inLanguage\":\"de\"},{\"@type\":\"Organization\",\"@id\":\"https:\\\/\\\/revolutionpadelstore.com\\\/de\\\/#organization\",\"name\":\"Revolution Padel Store\",\"url\":\"https:\\\/\\\/revolutionpadelstore.com\\\/de\\\/\",\"logo\":{\"@type\":\"ImageObject\",\"inLanguage\":\"de\",\"@id\":\"https:\\\/\\\/revolutionpadelstore.com\\\/de\\\/#\\\/schema\\\/logo\\\/image\\\/\",\"url\":\"https:\\\/\\\/revolutionpadelstore.com\\\/wp-content\\\/uploads\\\/2026\\\/02\\\/revolution-padel-store.jpg\",\"contentUrl\":\"https:\\\/\\\/revolutionpadelstore.com\\\/wp-content\\\/uploads\\\/2026\\\/02\\\/revolution-padel-store.jpg\",\"width\":2000,\"height\":2000,\"caption\":\"Revolution Padel Store\"},\"image\":{\"@id\":\"https:\\\/\\\/revolutionpadelstore.com\\\/de\\\/#\\\/schema\\\/logo\\\/image\\\/\"},\"sameAs\":[\"https:\\\/\\\/www.instagram.com\\\/revolutionpadelstore\\\/\"]}]}<\/script>\n<!-- \/ Yoast SEO plugin. -->","yoast_head_json":{"title":"CAMISETA SPONSORS AT10 WHITE - Revolution Padel Store","description":"No te quedes sin la\u00a0Camiseta Sponsors AT10 White, disponible en nuestra tienda online\u00a0www.revolutionpadelstore.com, probablemente al mejor precio del mercado. \u00a1Siente la diferencia en cada partido!","robots":{"index":"index","follow":"follow","max-snippet":"max-snippet:-1","max-image-preview":"max-image-preview:large","max-video-preview":"max-video-preview:-1"},"canonical":"https:\/\/revolutionpadelstore.com\/de\/produkt\/camiseta-sponsors-at10-white-1\/","og_locale":"de_DE","og_type":"article","og_title":"CAMISETA SPONSORS AT10 WHITE - Revolution Padel Store","og_description":"No te quedes sin la\u00a0Camiseta Sponsors AT10 White, disponible en nuestra tienda online\u00a0www.revolutionpadelstore.com, probablemente al mejor precio del mercado. \u00a1Siente la diferencia en cada partido!","og_url":"https:\/\/revolutionpadelstore.com\/de\/produkt\/camiseta-sponsors-at10-white-1\/","og_site_name":"Revolution Padel Store","article_modified_time":"2026-04-08T05:59:40+00:00","og_image":[{"width":720,"height":720,"url":"https:\/\/revolutionpadelstore.com\/wp-content\/uploads\/2025\/01\/camiseta-sponsors-at10-white-t24caspatwhxs-8436603199384-632862.webp","type":"image\/webp"}],"twitter_card":"summary_large_image","twitter_misc":{"Gesch\u00e4tzte Lesezeit":"1\u00a0Minute"},"schema":{"@context":"https:\/\/schema.org","@graph":[{"@type":"WebPage","@id":"https:\/\/revolutionpadelstore.com\/de\/produkt\/camiseta-sponsors-at10-white-1\/","url":"https:\/\/revolutionpadelstore.com\/de\/produkt\/camiseta-sponsors-at10-white-1\/","name":"CAMISETA SPONSORS AT10 WHITE - Revolution Padel Store","isPartOf":{"@id":"https:\/\/revolutionpadelstore.com\/de\/#website"},"primaryImageOfPage":{"@id":"https:\/\/revolutionpadelstore.com\/de\/produkt\/camiseta-sponsors-at10-white-1\/#primaryimage"},"image":{"@id":"https:\/\/revolutionpadelstore.com\/de\/produkt\/camiseta-sponsors-at10-white-1\/#primaryimage"},"thumbnailUrl":"https:\/\/revolutionpadelstore.com\/wp-content\/uploads\/2025\/01\/camiseta-sponsors-at10-white-t24caspatwhxs-8436603199384-632862.webp","datePublished":"2025-01-27T07:06:00+00:00","dateModified":"2026-04-08T05:59:40+00:00","description":"No te quedes sin la\u00a0Camiseta Sponsors AT10 White, disponible en nuestra tienda online\u00a0www.revolutionpadelstore.com, probablemente al mejor precio del mercado. \u00a1Siente la diferencia en cada partido!","breadcrumb":{"@id":"https:\/\/revolutionpadelstore.com\/de\/produkt\/camiseta-sponsors-at10-white-1\/#breadcrumb"},"inLanguage":"de","potentialAction":[{"@type":"ReadAction","target":["https:\/\/revolutionpadelstore.com\/de\/produkt\/camiseta-sponsors-at10-white-1\/"]}]},{"@type":"ImageObject","inLanguage":"de","@id":"https:\/\/revolutionpadelstore.com\/de\/produkt\/camiseta-sponsors-at10-white-1\/#primaryimage","url":"https:\/\/revolutionpadelstore.com\/wp-content\/uploads\/2025\/01\/camiseta-sponsors-at10-white-t24caspatwhxs-8436603199384-632862.webp","contentUrl":"https:\/\/revolutionpadelstore.com\/wp-content\/uploads\/2025\/01\/camiseta-sponsors-at10-white-t24caspatwhxs-8436603199384-632862.webp","width":720,"height":720},{"@type":"BreadcrumbList","@id":"https:\/\/revolutionpadelstore.com\/de\/produkt\/camiseta-sponsors-at10-white-1\/#breadcrumb","itemListElement":[{"@type":"ListItem","position":1,"name":"Portada","item":"https:\/\/revolutionpadelstore.com\/de\/"},{"@type":"ListItem","position":2,"name":"Shop","item":"https:\/\/revolutionpadelstore.com\/de\/tienda\/"},{"@type":"ListItem","position":3,"name":"CAMISETA SPONSORS AT10 WHITE"}]},{"@type":"WebSite","@id":"https:\/\/revolutionpadelstore.com\/de\/#website","url":"https:\/\/revolutionpadelstore.com\/de\/","name":"Revolution Padel Store","description":"","publisher":{"@id":"https:\/\/revolutionpadelstore.com\/de\/#organization"},"potentialAction":[{"@type":"SearchAction","target":{"@type":"EntryPoint","urlTemplate":"https:\/\/revolutionpadelstore.com\/de\/?s={search_term_string}"},"query-input":{"@type":"PropertyValueSpecification","valueRequired":true,"valueName":"search_term_string"}}],"inLanguage":"de"},{"@type":"Organization","@id":"https:\/\/revolutionpadelstore.com\/de\/#organization","name":"Revolution Padel Store","url":"https:\/\/revolutionpadelstore.com\/de\/","logo":{"@type":"ImageObject","inLanguage":"de","@id":"https:\/\/revolutionpadelstore.com\/de\/#\/schema\/logo\/image\/","url":"https:\/\/revolutionpadelstore.com\/wp-content\/uploads\/2026\/02\/revolution-padel-store.jpg","contentUrl":"https:\/\/revolutionpadelstore.com\/wp-content\/uploads\/2026\/02\/revolution-padel-store.jpg","width":2000,"height":2000,"caption":"Revolution Padel Store"},"image":{"@id":"https:\/\/revolutionpadelstore.com\/de\/#\/schema\/logo\/image\/"},"sameAs":["https:\/\/www.instagram.com\/revolutionpadelstore\/"]}]}},"_links":{"self":[{"href":"https:\/\/revolutionpadelstore.com\/de\/wp-json\/wp\/v2\/product\/161456","targetHints":{"allow":["GET"]}}],"collection":[{"href":"https:\/\/revolutionpadelstore.com\/de\/wp-json\/wp\/v2\/product"}],"about":[{"href":"https:\/\/revolutionpadelstore.com\/de\/wp-json\/wp\/v2\/types\/product"}],"replies":[{"embeddable":true,"href":"https:\/\/revolutionpadelstore.com\/de\/wp-json\/wp\/v2\/comments?post=161456"}],"wp:featuredmedia":[{"embeddable":true,"href":"https:\/\/revolutionpadelstore.com\/de\/wp-json\/wp\/v2\/media\/161427"}],"wp:attachment":[{"href":"https:\/\/revolutionpadelstore.com\/de\/wp-json\/wp\/v2\/media?parent=161456"}],"wp:term":[{"taxonomy":"acabado","embeddable":true,"href":"https:\/\/revolutionpadelstore.com\/de\/wp-json\/wp\/v2\/acabado?post=161456"},{"taxonomy":"balance","embeddable":true,"href":"https:\/\/revolutionpadelstore.com\/de\/wp-json\/wp\/v2\/balance?post=161456"},{"taxonomy":"dureza","embeddable":true,"href":"https:\/\/revolutionpadelstore.com\/de\/wp-json\/wp\/v2\/dureza?post=161456"},{"taxonomy":"forma","embeddable":true,"href":"https:\/\/revolutionpadelstore.com\/de\/wp-json\/wp\/v2\/forma?post=161456"},{"taxonomy":"jugador","embeddable":true,"href":"https:\/\/revolutionpadelstore.com\/de\/wp-json\/wp\/v2\/jugador?post=161456"},{"taxonomy":"marca","embeddable":true,"href":"https:\/\/revolutionpadelstore.com\/de\/wp-json\/wp\/v2\/marca?post=161456"},{"taxonomy":"nivel-de-juego","embeddable":true,"href":"https:\/\/revolutionpadelstore.com\/de\/wp-json\/wp\/v2\/nivel-de-juego?post=161456"},{"taxonomy":"superficie","embeddable":true,"href":"https:\/\/revolutionpadelstore.com\/de\/wp-json\/wp\/v2\/superficie?post=161456"},{"taxonomy":"tipo-de-juego","embeddable":true,"href":"https:\/\/revolutionpadelstore.com\/de\/wp-json\/wp\/v2\/tipo-de-juego?post=161456"},{"taxonomy":"product_brand","embeddable":true,"href":"https:\/\/revolutionpadelstore.com\/de\/wp-json\/wp\/v2\/product_brand?post=161456"},{"taxonomy":"product_cat","embeddable":true,"href":"https:\/\/revolutionpadelstore.com\/de\/wp-json\/wp\/v2\/product_cat?post=161456"},{"taxonomy":"product_tag","embeddable":true,"href":"https:\/\/revolutionpadelstore.com\/de\/wp-json\/wp\/v2\/product_tag?post=161456"}],"curies":[{"name":"wp","href":"https:\/\/api.w.org\/{rel}","templated":true}]}}