{"id":16062,"date":"2024-04-22T15:23:38","date_gmt":"2024-04-22T13:23:38","guid":{"rendered":"https:\/\/revolutionpadelstore.com\/zapatillas-head-revolt-court-negro-verde-azulado\/"},"modified":"2026-04-08T12:27:05","modified_gmt":"2026-04-08T10:27:05","slug":"zapatillas-head-revolt-court-negro-verde-azulado-1","status":"publish","type":"product","link":"https:\/\/revolutionpadelstore.com\/de\/produkt\/zapatillas-head-revolt-court-negro-verde-azulado-1\/","title":{"rendered":"Zapatillas Head Revolt Court Negro Verde Azulado"},"content":{"rendered":"<p>Im Revolution Padel Store finden Sie die besten M\u00f6glichkeiten, sich mit den neuesten Sportschuhen auszustatten. Und eines unserer Starprodukte sind die Head Revolt Court Black Teal Shoes, ideal f\u00fcr Gelegenheitsspieler und begeisterte Anf\u00e4nger.<\/p>\n<p> Mit einem aktualisierten und modernen Design verleihen Ihnen diese Schuhe nicht nur einen einzigartigen Stil auf dem Platz, sondern auch unschlagbaren Komfort. Dank des atmungsaktiven Mesh-Obermaterials und des strapazierf\u00e4higen Kunstleders bleiben Ihre F\u00fc\u00dfe w\u00e4hrend des gesamten Spiels k\u00fchl und gesch\u00fctzt.<\/p>\n<p> Aber das ist noch nicht alles, seine stark ged\u00e4mpfte EVA-Zwischensohle sorgt f\u00fcr leichten Komfort, der Sie zu keiner Zeit im Stich l\u00e4sst. Dar\u00fcber hinaus verf\u00fcgt seine f\u00fcr mehrere Untergr\u00fcnde geeignete Hybridprofilsohle \u00fcber die HEAD HYBRASION-Gummimischung, die keine Spuren auf dem Platz hinterl\u00e4sst.<\/p>\n<p> Im Revolution Padel Store liegt uns Ihre Sicherheit am Herzen. Deshalb verf\u00fcgen unsere Head Revolt Court-Schuhe auch \u00fcber seitliche Kontrolle, einen Stabilit\u00e4tsverst\u00e4rker an der Seite der Sohle, der ein Umknicken des Kn\u00f6chels verhindert und es Ihnen erm\u00f6glicht, sich auf dem Platz mit v\u00f6lliger Sicherheit zu bewegen.<\/p>\n<p> Warten Sie nicht l\u00e4nger, bis Sie die besten Padelschuhe auf dem Markt haben. Head Revolt Court-Schuhe: Komfort und Stil im Revolution Padel Store. Hol sie dir jetzt und sp\u00fcre den Unterschied in jedem Spiel!<\/p>\n","protected":false},"excerpt":{"rendered":"<p>Head Revolt Court Black Teal Schuhe f\u00fcr Gelegenheitsspieler und Anf\u00e4nger mit modernem Design und hochwertigen Materialien im Revolution Padel Store.<\/p>\n","protected":false},"featured_media":6072,"comment_status":"closed","ping_status":"open","template":"","meta":{"_acf_changed":false,"_joinchat":[]},"acabado":[],"balance":[],"dureza":[],"forma":[],"jugador":[1189],"marca":[1219],"nivel-de-juego":[1344],"superficie":[],"tipo-de-juego":[],"product_brand":[],"product_cat":[398],"product_tag":[],"class_list":{"0":"post-16062","1":"product","2":"type-product","3":"status-publish","4":"has-post-thumbnail","6":"jugador-mann","7":"marca-kopf","8":"product_cat-herren-sneaker","10":"first","11":"outofstock","12":"sale","13":"taxable","14":"shipping-taxable","15":"purchasable","16":"product-type-variable"},"acf":[],"yoast_head":"<!-- This site is optimized with the Yoast SEO plugin v27.4 - https:\/\/yoast.com\/product\/yoast-seo-wordpress\/ -->\n<title>Zapatillas Head Revolt Court Negro Verde Azulado - Revolution Padel Store<\/title>\n<meta name=\"description\" content=\"Zapatillas Head Revolt Court Negro Verde Azulado para jugadores ocasionales y principiantes con dise\u00f1o moderno y materiales de calidad en Revolution Padel Store.\" \/>\n<meta name=\"robots\" content=\"index, follow, max-snippet:-1, max-image-preview:large, max-video-preview:-1\" \/>\n<link rel=\"canonical\" href=\"https:\/\/revolutionpadelstore.com\/de\/produkt\/zapatillas-head-revolt-court-negro-verde-azulado-1\/\" \/>\n<meta property=\"og:locale\" content=\"de_DE\" \/>\n<meta property=\"og:type\" content=\"article\" \/>\n<meta property=\"og:title\" content=\"Zapatillas Head Revolt Court Negro Verde Azulado - Revolution Padel Store\" \/>\n<meta property=\"og:description\" content=\"Zapatillas Head Revolt Court Negro Verde Azulado para jugadores ocasionales y principiantes con dise\u00f1o moderno y materiales de calidad en Revolution Padel Store.\" \/>\n<meta property=\"og:url\" content=\"https:\/\/revolutionpadelstore.com\/de\/produkt\/zapatillas-head-revolt-court-negro-verde-azulado-1\/\" \/>\n<meta property=\"og:site_name\" content=\"Revolution Padel Store\" \/>\n<meta property=\"article:modified_time\" content=\"2026-04-08T10:27:05+00:00\" \/>\n<meta property=\"og:image\" content=\"https:\/\/revolutionpadelstore.com\/wp-content\/uploads\/2024\/04\/16125-0-4.jpg\" \/>\n\t<meta property=\"og:image:width\" content=\"800\" \/>\n\t<meta property=\"og:image:height\" content=\"800\" \/>\n\t<meta property=\"og:image:type\" content=\"image\/png\" \/>\n<meta name=\"twitter:card\" content=\"summary_large_image\" \/>\n<meta name=\"twitter:label1\" content=\"Gesch\u00e4tzte Lesezeit\" \/>\n\t<meta name=\"twitter:data1\" content=\"1\u00a0Minute\" \/>\n<script type=\"application\/ld+json\" class=\"yoast-schema-graph\">{\"@context\":\"https:\\\/\\\/schema.org\",\"@graph\":[{\"@type\":\"WebPage\",\"@id\":\"https:\\\/\\\/revolutionpadelstore.com\\\/de\\\/produkt\\\/zapatillas-head-revolt-court-negro-verde-azulado-1\\\/\",\"url\":\"https:\\\/\\\/revolutionpadelstore.com\\\/de\\\/produkt\\\/zapatillas-head-revolt-court-negro-verde-azulado-1\\\/\",\"name\":\"Zapatillas Head Revolt Court Negro Verde Azulado - Revolution Padel Store\",\"isPartOf\":{\"@id\":\"https:\\\/\\\/revolutionpadelstore.com\\\/de\\\/#website\"},\"primaryImageOfPage\":{\"@id\":\"https:\\\/\\\/revolutionpadelstore.com\\\/de\\\/produkt\\\/zapatillas-head-revolt-court-negro-verde-azulado-1\\\/#primaryimage\"},\"image\":{\"@id\":\"https:\\\/\\\/revolutionpadelstore.com\\\/de\\\/produkt\\\/zapatillas-head-revolt-court-negro-verde-azulado-1\\\/#primaryimage\"},\"thumbnailUrl\":\"https:\\\/\\\/revolutionpadelstore.com\\\/wp-content\\\/uploads\\\/2024\\\/04\\\/16125-0-4.jpg\",\"datePublished\":\"2024-04-22T13:23:38+00:00\",\"dateModified\":\"2026-04-08T10:27:05+00:00\",\"description\":\"Zapatillas Head Revolt Court Negro Verde Azulado para jugadores ocasionales y principiantes con dise\u00f1o moderno y materiales de calidad en Revolution Padel Store.\",\"breadcrumb\":{\"@id\":\"https:\\\/\\\/revolutionpadelstore.com\\\/de\\\/produkt\\\/zapatillas-head-revolt-court-negro-verde-azulado-1\\\/#breadcrumb\"},\"inLanguage\":\"de\",\"potentialAction\":[{\"@type\":\"ReadAction\",\"target\":[\"https:\\\/\\\/revolutionpadelstore.com\\\/de\\\/produkt\\\/zapatillas-head-revolt-court-negro-verde-azulado-1\\\/\"]}]},{\"@type\":\"ImageObject\",\"inLanguage\":\"de\",\"@id\":\"https:\\\/\\\/revolutionpadelstore.com\\\/de\\\/produkt\\\/zapatillas-head-revolt-court-negro-verde-azulado-1\\\/#primaryimage\",\"url\":\"https:\\\/\\\/revolutionpadelstore.com\\\/wp-content\\\/uploads\\\/2024\\\/04\\\/16125-0-4.jpg\",\"contentUrl\":\"https:\\\/\\\/revolutionpadelstore.com\\\/wp-content\\\/uploads\\\/2024\\\/04\\\/16125-0-4.jpg\",\"width\":800,\"height\":800},{\"@type\":\"BreadcrumbList\",\"@id\":\"https:\\\/\\\/revolutionpadelstore.com\\\/de\\\/produkt\\\/zapatillas-head-revolt-court-negro-verde-azulado-1\\\/#breadcrumb\",\"itemListElement\":[{\"@type\":\"ListItem\",\"position\":1,\"name\":\"Portada\",\"item\":\"https:\\\/\\\/revolutionpadelstore.com\\\/de\\\/\"},{\"@type\":\"ListItem\",\"position\":2,\"name\":\"Shop\",\"item\":\"https:\\\/\\\/revolutionpadelstore.com\\\/de\\\/tienda\\\/\"},{\"@type\":\"ListItem\",\"position\":3,\"name\":\"Zapatillas Head Revolt Court Negro Verde Azulado\"}]},{\"@type\":\"WebSite\",\"@id\":\"https:\\\/\\\/revolutionpadelstore.com\\\/de\\\/#website\",\"url\":\"https:\\\/\\\/revolutionpadelstore.com\\\/de\\\/\",\"name\":\"Revolution Padel Store\",\"description\":\"\",\"publisher\":{\"@id\":\"https:\\\/\\\/revolutionpadelstore.com\\\/de\\\/#organization\"},\"potentialAction\":[{\"@type\":\"SearchAction\",\"target\":{\"@type\":\"EntryPoint\",\"urlTemplate\":\"https:\\\/\\\/revolutionpadelstore.com\\\/de\\\/?s={search_term_string}\"},\"query-input\":{\"@type\":\"PropertyValueSpecification\",\"valueRequired\":true,\"valueName\":\"search_term_string\"}}],\"inLanguage\":\"de\"},{\"@type\":\"Organization\",\"@id\":\"https:\\\/\\\/revolutionpadelstore.com\\\/de\\\/#organization\",\"name\":\"Revolution Padel Store\",\"url\":\"https:\\\/\\\/revolutionpadelstore.com\\\/de\\\/\",\"logo\":{\"@type\":\"ImageObject\",\"inLanguage\":\"de\",\"@id\":\"https:\\\/\\\/revolutionpadelstore.com\\\/de\\\/#\\\/schema\\\/logo\\\/image\\\/\",\"url\":\"https:\\\/\\\/revolutionpadelstore.com\\\/wp-content\\\/uploads\\\/2026\\\/02\\\/revolution-padel-store.jpg\",\"contentUrl\":\"https:\\\/\\\/revolutionpadelstore.com\\\/wp-content\\\/uploads\\\/2026\\\/02\\\/revolution-padel-store.jpg\",\"width\":2000,\"height\":2000,\"caption\":\"Revolution Padel Store\"},\"image\":{\"@id\":\"https:\\\/\\\/revolutionpadelstore.com\\\/de\\\/#\\\/schema\\\/logo\\\/image\\\/\"},\"sameAs\":[\"https:\\\/\\\/www.instagram.com\\\/revolutionpadelstore\\\/\"]}]}<\/script>\n<!-- \/ Yoast SEO plugin. -->","yoast_head_json":{"title":"Zapatillas Head Revolt Court Negro Verde Azulado - Revolution Padel Store","description":"Zapatillas Head Revolt Court Negro Verde Azulado para jugadores ocasionales y principiantes con dise\u00f1o moderno y materiales de calidad en Revolution Padel Store.","robots":{"index":"index","follow":"follow","max-snippet":"max-snippet:-1","max-image-preview":"max-image-preview:large","max-video-preview":"max-video-preview:-1"},"canonical":"https:\/\/revolutionpadelstore.com\/de\/produkt\/zapatillas-head-revolt-court-negro-verde-azulado-1\/","og_locale":"de_DE","og_type":"article","og_title":"Zapatillas Head Revolt Court Negro Verde Azulado - Revolution Padel Store","og_description":"Zapatillas Head Revolt Court Negro Verde Azulado para jugadores ocasionales y principiantes con dise\u00f1o moderno y materiales de calidad en Revolution Padel Store.","og_url":"https:\/\/revolutionpadelstore.com\/de\/produkt\/zapatillas-head-revolt-court-negro-verde-azulado-1\/","og_site_name":"Revolution Padel Store","article_modified_time":"2026-04-08T10:27:05+00:00","og_image":[{"width":800,"height":800,"url":"https:\/\/revolutionpadelstore.com\/wp-content\/uploads\/2024\/04\/16125-0-4.jpg","type":"image\/png"}],"twitter_card":"summary_large_image","twitter_misc":{"Gesch\u00e4tzte Lesezeit":"1\u00a0Minute"},"schema":{"@context":"https:\/\/schema.org","@graph":[{"@type":"WebPage","@id":"https:\/\/revolutionpadelstore.com\/de\/produkt\/zapatillas-head-revolt-court-negro-verde-azulado-1\/","url":"https:\/\/revolutionpadelstore.com\/de\/produkt\/zapatillas-head-revolt-court-negro-verde-azulado-1\/","name":"Zapatillas Head Revolt Court Negro Verde Azulado - Revolution Padel Store","isPartOf":{"@id":"https:\/\/revolutionpadelstore.com\/de\/#website"},"primaryImageOfPage":{"@id":"https:\/\/revolutionpadelstore.com\/de\/produkt\/zapatillas-head-revolt-court-negro-verde-azulado-1\/#primaryimage"},"image":{"@id":"https:\/\/revolutionpadelstore.com\/de\/produkt\/zapatillas-head-revolt-court-negro-verde-azulado-1\/#primaryimage"},"thumbnailUrl":"https:\/\/revolutionpadelstore.com\/wp-content\/uploads\/2024\/04\/16125-0-4.jpg","datePublished":"2024-04-22T13:23:38+00:00","dateModified":"2026-04-08T10:27:05+00:00","description":"Zapatillas Head Revolt Court Negro Verde Azulado para jugadores ocasionales y principiantes con dise\u00f1o moderno y materiales de calidad en Revolution Padel Store.","breadcrumb":{"@id":"https:\/\/revolutionpadelstore.com\/de\/produkt\/zapatillas-head-revolt-court-negro-verde-azulado-1\/#breadcrumb"},"inLanguage":"de","potentialAction":[{"@type":"ReadAction","target":["https:\/\/revolutionpadelstore.com\/de\/produkt\/zapatillas-head-revolt-court-negro-verde-azulado-1\/"]}]},{"@type":"ImageObject","inLanguage":"de","@id":"https:\/\/revolutionpadelstore.com\/de\/produkt\/zapatillas-head-revolt-court-negro-verde-azulado-1\/#primaryimage","url":"https:\/\/revolutionpadelstore.com\/wp-content\/uploads\/2024\/04\/16125-0-4.jpg","contentUrl":"https:\/\/revolutionpadelstore.com\/wp-content\/uploads\/2024\/04\/16125-0-4.jpg","width":800,"height":800},{"@type":"BreadcrumbList","@id":"https:\/\/revolutionpadelstore.com\/de\/produkt\/zapatillas-head-revolt-court-negro-verde-azulado-1\/#breadcrumb","itemListElement":[{"@type":"ListItem","position":1,"name":"Portada","item":"https:\/\/revolutionpadelstore.com\/de\/"},{"@type":"ListItem","position":2,"name":"Shop","item":"https:\/\/revolutionpadelstore.com\/de\/tienda\/"},{"@type":"ListItem","position":3,"name":"Zapatillas Head Revolt Court Negro Verde Azulado"}]},{"@type":"WebSite","@id":"https:\/\/revolutionpadelstore.com\/de\/#website","url":"https:\/\/revolutionpadelstore.com\/de\/","name":"Revolution Padel Store","description":"","publisher":{"@id":"https:\/\/revolutionpadelstore.com\/de\/#organization"},"potentialAction":[{"@type":"SearchAction","target":{"@type":"EntryPoint","urlTemplate":"https:\/\/revolutionpadelstore.com\/de\/?s={search_term_string}"},"query-input":{"@type":"PropertyValueSpecification","valueRequired":true,"valueName":"search_term_string"}}],"inLanguage":"de"},{"@type":"Organization","@id":"https:\/\/revolutionpadelstore.com\/de\/#organization","name":"Revolution Padel Store","url":"https:\/\/revolutionpadelstore.com\/de\/","logo":{"@type":"ImageObject","inLanguage":"de","@id":"https:\/\/revolutionpadelstore.com\/de\/#\/schema\/logo\/image\/","url":"https:\/\/revolutionpadelstore.com\/wp-content\/uploads\/2026\/02\/revolution-padel-store.jpg","contentUrl":"https:\/\/revolutionpadelstore.com\/wp-content\/uploads\/2026\/02\/revolution-padel-store.jpg","width":2000,"height":2000,"caption":"Revolution Padel Store"},"image":{"@id":"https:\/\/revolutionpadelstore.com\/de\/#\/schema\/logo\/image\/"},"sameAs":["https:\/\/www.instagram.com\/revolutionpadelstore\/"]}]}},"_links":{"self":[{"href":"https:\/\/revolutionpadelstore.com\/de\/wp-json\/wp\/v2\/product\/16062","targetHints":{"allow":["GET"]}}],"collection":[{"href":"https:\/\/revolutionpadelstore.com\/de\/wp-json\/wp\/v2\/product"}],"about":[{"href":"https:\/\/revolutionpadelstore.com\/de\/wp-json\/wp\/v2\/types\/product"}],"replies":[{"embeddable":true,"href":"https:\/\/revolutionpadelstore.com\/de\/wp-json\/wp\/v2\/comments?post=16062"}],"wp:featuredmedia":[{"embeddable":true,"href":"https:\/\/revolutionpadelstore.com\/de\/wp-json\/wp\/v2\/media\/6072"}],"wp:attachment":[{"href":"https:\/\/revolutionpadelstore.com\/de\/wp-json\/wp\/v2\/media?parent=16062"}],"wp:term":[{"taxonomy":"acabado","embeddable":true,"href":"https:\/\/revolutionpadelstore.com\/de\/wp-json\/wp\/v2\/acabado?post=16062"},{"taxonomy":"balance","embeddable":true,"href":"https:\/\/revolutionpadelstore.com\/de\/wp-json\/wp\/v2\/balance?post=16062"},{"taxonomy":"dureza","embeddable":true,"href":"https:\/\/revolutionpadelstore.com\/de\/wp-json\/wp\/v2\/dureza?post=16062"},{"taxonomy":"forma","embeddable":true,"href":"https:\/\/revolutionpadelstore.com\/de\/wp-json\/wp\/v2\/forma?post=16062"},{"taxonomy":"jugador","embeddable":true,"href":"https:\/\/revolutionpadelstore.com\/de\/wp-json\/wp\/v2\/jugador?post=16062"},{"taxonomy":"marca","embeddable":true,"href":"https:\/\/revolutionpadelstore.com\/de\/wp-json\/wp\/v2\/marca?post=16062"},{"taxonomy":"nivel-de-juego","embeddable":true,"href":"https:\/\/revolutionpadelstore.com\/de\/wp-json\/wp\/v2\/nivel-de-juego?post=16062"},{"taxonomy":"superficie","embeddable":true,"href":"https:\/\/revolutionpadelstore.com\/de\/wp-json\/wp\/v2\/superficie?post=16062"},{"taxonomy":"tipo-de-juego","embeddable":true,"href":"https:\/\/revolutionpadelstore.com\/de\/wp-json\/wp\/v2\/tipo-de-juego?post=16062"},{"taxonomy":"product_brand","embeddable":true,"href":"https:\/\/revolutionpadelstore.com\/de\/wp-json\/wp\/v2\/product_brand?post=16062"},{"taxonomy":"product_cat","embeddable":true,"href":"https:\/\/revolutionpadelstore.com\/de\/wp-json\/wp\/v2\/product_cat?post=16062"},{"taxonomy":"product_tag","embeddable":true,"href":"https:\/\/revolutionpadelstore.com\/de\/wp-json\/wp\/v2\/product_tag?post=16062"}],"curies":[{"name":"wp","href":"https:\/\/api.w.org\/{rel}","templated":true}]}}