{"id":160275,"date":"2025-01-20T00:00:04","date_gmt":"2025-01-19T23:00:04","guid":{"rendered":"https:\/\/revolutionpadelstore.com\/160228\/"},"modified":"2026-04-08T08:21:37","modified_gmt":"2026-04-08T06:21:37","slug":"joma-open-men-2411-amarillo-fluor-1","status":"publish","type":"product","link":"https:\/\/revolutionpadelstore.com\/de\/produkt\/joma-open-men-2411-amarillo-fluor-1\/","title":{"rendered":"JOMA OPEN MEN 2411 AMARILLO FL\u00daOR"},"content":{"rendered":"<h2> Joma Open Men 2411 &#8211; Komfort, Performance und Stilschuhe <\/ H2><br \/>\nErh\u00f6hen Sie Ihr Spiel mit den <strong> Joma Open Men 2411 <\/strong> Schuhe, die Ihnen maximal Komfort, Haltbarkeit und ein modernes Design bieten, das sich an eine Sportdisziplin anpasst!<\/p>\n<h2> <strong> Prominente Eigenschaften <\/ strong> <\/ h2><\/p>\n<ul>\n<li> <strong> Fortgeschrittene Polsterung: <\/strong> Auswirkungen, um das Verletzungsrisiko zu verringern und den Komfort in jedem Schritt zu verbessern\n<li> <strong> Ergonomisches Design: <\/strong> perfekte Anpassung, die sich an die Form Ihres Fu\u00dfes anpasst und au\u00dfergew\u00f6hnliche Unterst\u00fctzung bietet\n<li> <strong> Hochgreifende Sohle: <\/strong> Optimale Traktion auf verschiedenen Oberfl\u00e4chen, sodass Sie mit Vertrauen und Stabilit\u00e4t bewegen k\u00f6nnen\n<li> <strong> Atmungsfreie Materialien: <\/strong> Halten Sie Ihre F\u00fc\u00dfe auch im anspruchsvollsten Training frisch und trocken\n<li> <strong> Moderner Stil: <\/strong> Kombination aus lebendigen Farben und auff\u00e4lligen Details, um auf dem Platz abzuheben\n<\/ul>\n<h2> <strong> Schl\u00fcsselvorteile <\/ strong> <\/ h2><\/p>\n<ul>\n<li> <strong> Maximaler Komfort: <\/strong> f\u00fcr lange Trainingseinheiten konzipiert, ohne das Gef\u00fchl des Komforts zu beeintr\u00e4chtigen\n<li> <strong> Verbesserte Leistung: <\/strong> Die D\u00e4mpfungs- und Stabilit\u00e4tstechnologie erm\u00f6glicht es Ihnen, Ihre eigenen Grenzen mit Zuversicht zu \u00fcberwinden\n<li> <strong> Gesamt Vielseitigkeit: <\/strong> Perfekt f\u00fcr Paddel-, Laufen- oder Fitnessstudio. <\/li>\n<\/ul>\n<h2> <strong> \u00dcberschreiten Sie Ihre Grenzen mit Vertrauen <\/ strong> <\/ h2><br \/>\nMit dem <strong> joma Open Men 2411 <\/strong> genie\u00dfen Sie eine feste Unterwerfung und Anpassung, die Ihre sportliche Leistung beg\u00fcnstigt. Die Sohle mit fortschrittlicher Grifftechnologie bietet Ihnen Sicherheit in jeder Bewegung, vermeidet Hausschuhe und bietet Stabilit\u00e4t auf jeder Oberfl\u00e4che.<\/p>\n<p>Opfern Sie keinen Leistungsstil! Diese Schuhe kombinieren Design und Funktionalit\u00e4t und erm\u00f6glichen es Ihnen, sich sowohl auf als auch von der Strecke abzuheben.<\/p>\n<p><strong> jetzt in unserem Online -Shop erh\u00e4ltlich &lt;a href = &quot;https:\/\/chatgpt.com\/g\/g-675432e02688191b6ee6d6f2fdbb15e-optimization-textos\/c\/www.revolutionpadelstore.com&quot; Markt<\/p>\n<h4> <strong> Machen Sie Ihre Bestellung heute und bringen Sie Ihr Spiel auf das n\u00e4chste Level!<\/p>\n<h2>Zapatillas Joma Open Men 2411 \u2013 Comodidad, Rendimiento y Estilo<\/h2>\n","protected":false},"excerpt":{"rendered":"<p>Die Joma Open Men 2411 -Schuhe sind ideal f\u00fcr diejenigen, die Sport genie\u00dfen. Sie bieten eine perfekte Kombination aus Komfort, Design und hoher Leistung in jeder Bewegung.<\/p>\n","protected":false},"featured_media":160293,"comment_status":"open","ping_status":"closed","template":"","meta":{"_acf_changed":false,"_joinchat":[]},"acabado":[],"balance":[],"dureza":[],"forma":[],"jugador":[1189],"marca":[1224],"nivel-de-juego":[],"superficie":[],"tipo-de-juego":[],"product_brand":[],"product_cat":[831],"product_tag":[],"class_list":{"0":"post-160275","1":"product","2":"type-product","3":"status-publish","4":"has-post-thumbnail","6":"jugador-mann","7":"marca-joma-de","8":"product_cat-turnschuhe","10":"first","11":"outofstock","12":"sale","13":"taxable","14":"shipping-taxable","15":"purchasable","16":"product-type-variable"},"acf":[],"yoast_head":"<!-- This site is optimized with the Yoast SEO plugin v27.4 - https:\/\/yoast.com\/product\/yoast-seo-wordpress\/ -->\n<title>JOMA OPEN MEN 2411 AMARILLO FL\u00daOR - Revolution Padel Store<\/title>\n<meta name=\"description\" content=\"Compra las Zapatillas Joma Open Men 2411 y disfruta de m\u00e1ximo confort, rendimiento y estilo. Ideales para p\u00e1del, running o gimnasio. \u00a1Disponibles al mejor precio en Revolution Padel Store!\" \/>\n<meta name=\"robots\" content=\"index, follow, max-snippet:-1, max-image-preview:large, max-video-preview:-1\" \/>\n<link rel=\"canonical\" href=\"https:\/\/revolutionpadelstore.com\/de\/produkt\/joma-open-men-2411-amarillo-fluor-1\/\" \/>\n<meta property=\"og:locale\" content=\"de_DE\" \/>\n<meta property=\"og:type\" content=\"article\" \/>\n<meta property=\"og:title\" content=\"JOMA OPEN MEN 2411 AMARILLO FL\u00daOR - Revolution Padel Store\" \/>\n<meta property=\"og:description\" content=\"Compra las Zapatillas Joma Open Men 2411 y disfruta de m\u00e1ximo confort, rendimiento y estilo. Ideales para p\u00e1del, running o gimnasio. \u00a1Disponibles al mejor precio en Revolution Padel Store!\" \/>\n<meta property=\"og:url\" content=\"https:\/\/revolutionpadelstore.com\/de\/produkt\/joma-open-men-2411-amarillo-fluor-1\/\" \/>\n<meta property=\"og:site_name\" content=\"Revolution Padel Store\" \/>\n<meta property=\"article:modified_time\" content=\"2026-04-08T06:21:37+00:00\" \/>\n<meta property=\"og:image\" content=\"https:\/\/revolutionpadelstore.com\/wp-content\/uploads\/2025\/01\/TOPEW2411OM_1-1.jpg\" \/>\n\t<meta property=\"og:image:width\" content=\"2000\" \/>\n\t<meta property=\"og:image:height\" content=\"2000\" \/>\n\t<meta property=\"og:image:type\" content=\"image\/jpeg\" \/>\n<meta name=\"twitter:card\" content=\"summary_large_image\" \/>\n<meta name=\"twitter:label1\" content=\"Gesch\u00e4tzte Lesezeit\" \/>\n\t<meta name=\"twitter:data1\" content=\"1\u00a0Minute\" \/>\n<script type=\"application\/ld+json\" class=\"yoast-schema-graph\">{\"@context\":\"https:\\\/\\\/schema.org\",\"@graph\":[{\"@type\":\"WebPage\",\"@id\":\"https:\\\/\\\/revolutionpadelstore.com\\\/de\\\/produkt\\\/joma-open-men-2411-amarillo-fluor-1\\\/\",\"url\":\"https:\\\/\\\/revolutionpadelstore.com\\\/de\\\/produkt\\\/joma-open-men-2411-amarillo-fluor-1\\\/\",\"name\":\"JOMA OPEN MEN 2411 AMARILLO FL\u00daOR - Revolution Padel Store\",\"isPartOf\":{\"@id\":\"https:\\\/\\\/revolutionpadelstore.com\\\/de\\\/#website\"},\"primaryImageOfPage\":{\"@id\":\"https:\\\/\\\/revolutionpadelstore.com\\\/de\\\/produkt\\\/joma-open-men-2411-amarillo-fluor-1\\\/#primaryimage\"},\"image\":{\"@id\":\"https:\\\/\\\/revolutionpadelstore.com\\\/de\\\/produkt\\\/joma-open-men-2411-amarillo-fluor-1\\\/#primaryimage\"},\"thumbnailUrl\":\"https:\\\/\\\/revolutionpadelstore.com\\\/wp-content\\\/uploads\\\/2025\\\/01\\\/TOPEW2411OM_1-1.jpg\",\"datePublished\":\"2025-01-19T23:00:04+00:00\",\"dateModified\":\"2026-04-08T06:21:37+00:00\",\"description\":\"Compra las Zapatillas Joma Open Men 2411 y disfruta de m\u00e1ximo confort, rendimiento y estilo. Ideales para p\u00e1del, running o gimnasio. \u00a1Disponibles al mejor precio en Revolution Padel Store!\",\"breadcrumb\":{\"@id\":\"https:\\\/\\\/revolutionpadelstore.com\\\/de\\\/produkt\\\/joma-open-men-2411-amarillo-fluor-1\\\/#breadcrumb\"},\"inLanguage\":\"de\",\"potentialAction\":[{\"@type\":\"ReadAction\",\"target\":[\"https:\\\/\\\/revolutionpadelstore.com\\\/de\\\/produkt\\\/joma-open-men-2411-amarillo-fluor-1\\\/\"]}]},{\"@type\":\"ImageObject\",\"inLanguage\":\"de\",\"@id\":\"https:\\\/\\\/revolutionpadelstore.com\\\/de\\\/produkt\\\/joma-open-men-2411-amarillo-fluor-1\\\/#primaryimage\",\"url\":\"https:\\\/\\\/revolutionpadelstore.com\\\/wp-content\\\/uploads\\\/2025\\\/01\\\/TOPEW2411OM_1-1.jpg\",\"contentUrl\":\"https:\\\/\\\/revolutionpadelstore.com\\\/wp-content\\\/uploads\\\/2025\\\/01\\\/TOPEW2411OM_1-1.jpg\",\"width\":2000,\"height\":2000},{\"@type\":\"BreadcrumbList\",\"@id\":\"https:\\\/\\\/revolutionpadelstore.com\\\/de\\\/produkt\\\/joma-open-men-2411-amarillo-fluor-1\\\/#breadcrumb\",\"itemListElement\":[{\"@type\":\"ListItem\",\"position\":1,\"name\":\"Portada\",\"item\":\"https:\\\/\\\/revolutionpadelstore.com\\\/de\\\/\"},{\"@type\":\"ListItem\",\"position\":2,\"name\":\"Shop\",\"item\":\"https:\\\/\\\/revolutionpadelstore.com\\\/de\\\/tienda\\\/\"},{\"@type\":\"ListItem\",\"position\":3,\"name\":\"JOMA OPEN MEN 2411 AMARILLO FL\u00daOR\"}]},{\"@type\":\"WebSite\",\"@id\":\"https:\\\/\\\/revolutionpadelstore.com\\\/de\\\/#website\",\"url\":\"https:\\\/\\\/revolutionpadelstore.com\\\/de\\\/\",\"name\":\"Revolution Padel Store\",\"description\":\"\",\"publisher\":{\"@id\":\"https:\\\/\\\/revolutionpadelstore.com\\\/de\\\/#organization\"},\"potentialAction\":[{\"@type\":\"SearchAction\",\"target\":{\"@type\":\"EntryPoint\",\"urlTemplate\":\"https:\\\/\\\/revolutionpadelstore.com\\\/de\\\/?s={search_term_string}\"},\"query-input\":{\"@type\":\"PropertyValueSpecification\",\"valueRequired\":true,\"valueName\":\"search_term_string\"}}],\"inLanguage\":\"de\"},{\"@type\":\"Organization\",\"@id\":\"https:\\\/\\\/revolutionpadelstore.com\\\/de\\\/#organization\",\"name\":\"Revolution Padel Store\",\"url\":\"https:\\\/\\\/revolutionpadelstore.com\\\/de\\\/\",\"logo\":{\"@type\":\"ImageObject\",\"inLanguage\":\"de\",\"@id\":\"https:\\\/\\\/revolutionpadelstore.com\\\/de\\\/#\\\/schema\\\/logo\\\/image\\\/\",\"url\":\"https:\\\/\\\/revolutionpadelstore.com\\\/wp-content\\\/uploads\\\/2026\\\/02\\\/revolution-padel-store.jpg\",\"contentUrl\":\"https:\\\/\\\/revolutionpadelstore.com\\\/wp-content\\\/uploads\\\/2026\\\/02\\\/revolution-padel-store.jpg\",\"width\":2000,\"height\":2000,\"caption\":\"Revolution Padel Store\"},\"image\":{\"@id\":\"https:\\\/\\\/revolutionpadelstore.com\\\/de\\\/#\\\/schema\\\/logo\\\/image\\\/\"},\"sameAs\":[\"https:\\\/\\\/www.instagram.com\\\/revolutionpadelstore\\\/\"]}]}<\/script>\n<!-- \/ Yoast SEO plugin. -->","yoast_head_json":{"title":"JOMA OPEN MEN 2411 AMARILLO FL\u00daOR - Revolution Padel Store","description":"Compra las Zapatillas Joma Open Men 2411 y disfruta de m\u00e1ximo confort, rendimiento y estilo. Ideales para p\u00e1del, running o gimnasio. \u00a1Disponibles al mejor precio en Revolution Padel Store!","robots":{"index":"index","follow":"follow","max-snippet":"max-snippet:-1","max-image-preview":"max-image-preview:large","max-video-preview":"max-video-preview:-1"},"canonical":"https:\/\/revolutionpadelstore.com\/de\/produkt\/joma-open-men-2411-amarillo-fluor-1\/","og_locale":"de_DE","og_type":"article","og_title":"JOMA OPEN MEN 2411 AMARILLO FL\u00daOR - Revolution Padel Store","og_description":"Compra las Zapatillas Joma Open Men 2411 y disfruta de m\u00e1ximo confort, rendimiento y estilo. Ideales para p\u00e1del, running o gimnasio. \u00a1Disponibles al mejor precio en Revolution Padel Store!","og_url":"https:\/\/revolutionpadelstore.com\/de\/produkt\/joma-open-men-2411-amarillo-fluor-1\/","og_site_name":"Revolution Padel Store","article_modified_time":"2026-04-08T06:21:37+00:00","og_image":[{"width":2000,"height":2000,"url":"https:\/\/revolutionpadelstore.com\/wp-content\/uploads\/2025\/01\/TOPEW2411OM_1-1.jpg","type":"image\/jpeg"}],"twitter_card":"summary_large_image","twitter_misc":{"Gesch\u00e4tzte Lesezeit":"1\u00a0Minute"},"schema":{"@context":"https:\/\/schema.org","@graph":[{"@type":"WebPage","@id":"https:\/\/revolutionpadelstore.com\/de\/produkt\/joma-open-men-2411-amarillo-fluor-1\/","url":"https:\/\/revolutionpadelstore.com\/de\/produkt\/joma-open-men-2411-amarillo-fluor-1\/","name":"JOMA OPEN MEN 2411 AMARILLO FL\u00daOR - Revolution Padel Store","isPartOf":{"@id":"https:\/\/revolutionpadelstore.com\/de\/#website"},"primaryImageOfPage":{"@id":"https:\/\/revolutionpadelstore.com\/de\/produkt\/joma-open-men-2411-amarillo-fluor-1\/#primaryimage"},"image":{"@id":"https:\/\/revolutionpadelstore.com\/de\/produkt\/joma-open-men-2411-amarillo-fluor-1\/#primaryimage"},"thumbnailUrl":"https:\/\/revolutionpadelstore.com\/wp-content\/uploads\/2025\/01\/TOPEW2411OM_1-1.jpg","datePublished":"2025-01-19T23:00:04+00:00","dateModified":"2026-04-08T06:21:37+00:00","description":"Compra las Zapatillas Joma Open Men 2411 y disfruta de m\u00e1ximo confort, rendimiento y estilo. Ideales para p\u00e1del, running o gimnasio. \u00a1Disponibles al mejor precio en Revolution Padel Store!","breadcrumb":{"@id":"https:\/\/revolutionpadelstore.com\/de\/produkt\/joma-open-men-2411-amarillo-fluor-1\/#breadcrumb"},"inLanguage":"de","potentialAction":[{"@type":"ReadAction","target":["https:\/\/revolutionpadelstore.com\/de\/produkt\/joma-open-men-2411-amarillo-fluor-1\/"]}]},{"@type":"ImageObject","inLanguage":"de","@id":"https:\/\/revolutionpadelstore.com\/de\/produkt\/joma-open-men-2411-amarillo-fluor-1\/#primaryimage","url":"https:\/\/revolutionpadelstore.com\/wp-content\/uploads\/2025\/01\/TOPEW2411OM_1-1.jpg","contentUrl":"https:\/\/revolutionpadelstore.com\/wp-content\/uploads\/2025\/01\/TOPEW2411OM_1-1.jpg","width":2000,"height":2000},{"@type":"BreadcrumbList","@id":"https:\/\/revolutionpadelstore.com\/de\/produkt\/joma-open-men-2411-amarillo-fluor-1\/#breadcrumb","itemListElement":[{"@type":"ListItem","position":1,"name":"Portada","item":"https:\/\/revolutionpadelstore.com\/de\/"},{"@type":"ListItem","position":2,"name":"Shop","item":"https:\/\/revolutionpadelstore.com\/de\/tienda\/"},{"@type":"ListItem","position":3,"name":"JOMA OPEN MEN 2411 AMARILLO FL\u00daOR"}]},{"@type":"WebSite","@id":"https:\/\/revolutionpadelstore.com\/de\/#website","url":"https:\/\/revolutionpadelstore.com\/de\/","name":"Revolution Padel Store","description":"","publisher":{"@id":"https:\/\/revolutionpadelstore.com\/de\/#organization"},"potentialAction":[{"@type":"SearchAction","target":{"@type":"EntryPoint","urlTemplate":"https:\/\/revolutionpadelstore.com\/de\/?s={search_term_string}"},"query-input":{"@type":"PropertyValueSpecification","valueRequired":true,"valueName":"search_term_string"}}],"inLanguage":"de"},{"@type":"Organization","@id":"https:\/\/revolutionpadelstore.com\/de\/#organization","name":"Revolution Padel Store","url":"https:\/\/revolutionpadelstore.com\/de\/","logo":{"@type":"ImageObject","inLanguage":"de","@id":"https:\/\/revolutionpadelstore.com\/de\/#\/schema\/logo\/image\/","url":"https:\/\/revolutionpadelstore.com\/wp-content\/uploads\/2026\/02\/revolution-padel-store.jpg","contentUrl":"https:\/\/revolutionpadelstore.com\/wp-content\/uploads\/2026\/02\/revolution-padel-store.jpg","width":2000,"height":2000,"caption":"Revolution Padel Store"},"image":{"@id":"https:\/\/revolutionpadelstore.com\/de\/#\/schema\/logo\/image\/"},"sameAs":["https:\/\/www.instagram.com\/revolutionpadelstore\/"]}]}},"_links":{"self":[{"href":"https:\/\/revolutionpadelstore.com\/de\/wp-json\/wp\/v2\/product\/160275","targetHints":{"allow":["GET"]}}],"collection":[{"href":"https:\/\/revolutionpadelstore.com\/de\/wp-json\/wp\/v2\/product"}],"about":[{"href":"https:\/\/revolutionpadelstore.com\/de\/wp-json\/wp\/v2\/types\/product"}],"replies":[{"embeddable":true,"href":"https:\/\/revolutionpadelstore.com\/de\/wp-json\/wp\/v2\/comments?post=160275"}],"wp:featuredmedia":[{"embeddable":true,"href":"https:\/\/revolutionpadelstore.com\/de\/wp-json\/wp\/v2\/media\/160293"}],"wp:attachment":[{"href":"https:\/\/revolutionpadelstore.com\/de\/wp-json\/wp\/v2\/media?parent=160275"}],"wp:term":[{"taxonomy":"acabado","embeddable":true,"href":"https:\/\/revolutionpadelstore.com\/de\/wp-json\/wp\/v2\/acabado?post=160275"},{"taxonomy":"balance","embeddable":true,"href":"https:\/\/revolutionpadelstore.com\/de\/wp-json\/wp\/v2\/balance?post=160275"},{"taxonomy":"dureza","embeddable":true,"href":"https:\/\/revolutionpadelstore.com\/de\/wp-json\/wp\/v2\/dureza?post=160275"},{"taxonomy":"forma","embeddable":true,"href":"https:\/\/revolutionpadelstore.com\/de\/wp-json\/wp\/v2\/forma?post=160275"},{"taxonomy":"jugador","embeddable":true,"href":"https:\/\/revolutionpadelstore.com\/de\/wp-json\/wp\/v2\/jugador?post=160275"},{"taxonomy":"marca","embeddable":true,"href":"https:\/\/revolutionpadelstore.com\/de\/wp-json\/wp\/v2\/marca?post=160275"},{"taxonomy":"nivel-de-juego","embeddable":true,"href":"https:\/\/revolutionpadelstore.com\/de\/wp-json\/wp\/v2\/nivel-de-juego?post=160275"},{"taxonomy":"superficie","embeddable":true,"href":"https:\/\/revolutionpadelstore.com\/de\/wp-json\/wp\/v2\/superficie?post=160275"},{"taxonomy":"tipo-de-juego","embeddable":true,"href":"https:\/\/revolutionpadelstore.com\/de\/wp-json\/wp\/v2\/tipo-de-juego?post=160275"},{"taxonomy":"product_brand","embeddable":true,"href":"https:\/\/revolutionpadelstore.com\/de\/wp-json\/wp\/v2\/product_brand?post=160275"},{"taxonomy":"product_cat","embeddable":true,"href":"https:\/\/revolutionpadelstore.com\/de\/wp-json\/wp\/v2\/product_cat?post=160275"},{"taxonomy":"product_tag","embeddable":true,"href":"https:\/\/revolutionpadelstore.com\/de\/wp-json\/wp\/v2\/product_tag?post=160275"}],"curies":[{"name":"wp","href":"https:\/\/api.w.org\/{rel}","templated":true}]}}