{"id":160140,"date":"2025-01-19T23:27:36","date_gmt":"2025-01-19T22:27:36","guid":{"rendered":"https:\/\/revolutionpadelstore.com\/?post_type=product&#038;p=160140"},"modified":"2026-04-08T08:23:45","modified_gmt":"2026-04-08T06:23:45","slug":"neceser-adidas-black-red-3-4-1","status":"publish","type":"product","link":"https:\/\/revolutionpadelstore.com\/de\/produkt\/neceser-adidas-black-red-3-4-1\/","title":{"rendered":"NECESER ADIDAS BLACK\/RED 3.4"},"content":{"rendered":"<h2> Schwarzer Schwarz\/Netzwerk -Aleger.<br \/>\nOrganisieren Sie Ihr Style Paddle -Accessoires dank des Black\/Network 3.4 Ale Gal\u00e1n. Entworfen, um maximale Praktikabilit\u00e4t zu bieten, kombiniert hochwertige Materialien mit einem hoch entwickelten Design in metallischen Grau-, Schwarz- und roten T\u00f6nen.<\/p>\n<h2> Haupteigenschaften: <\/H2><\/p>\n<p> <strong> -Optimaler Raum: <\/strong> Weites Hauptfach und zwei Seitentaschen mit Rei\u00dfverschluss, um kleine Objekte sicher zu speichern.<br \/>\n<P> <strong> -Upper-Bearbeitbarkeit: <\/strong> mit resistenten Materialien hergestellt, perfekt f\u00fcr den t\u00e4glichen Gebrauch<br \/>\n<P> &lt;stransportbeauftragung: <\/strong> Ergonomischer Griff f\u00fcr einfaches und komfortables Management in jeder Situation.<br \/>\n<P> <strong> -Das kompakte Design: <\/strong> Abmessungen von 25 x 12 x 13 cm mit einer Kapazit\u00e4t von 3 Litern, ideal, nur das Wesentliche zu tragen.<\/p>\n<h2> Vorteile: <\/h2>\n<p>Diese Tasche sch\u00fctzt nicht nur Ihre pers\u00f6nlichen Objekte, sondern verleiht Ihrem sportlichen Stil auch einen Hauch von Eleganz. Perfekt f\u00fcr Paddle -Spieler, die Komfort und Organisation sch\u00e4tzen, entweder auf der Strecke oder au\u00dferhalb.<\/p>\n<p>Holen Sie sich Adidas Black\/Network 3.4 und tragen Sie Ihr Zubeh\u00f6r immer gut organisiert. Jetzt in unserem Online -Shop zum besten Marktpreis erh\u00e4ltlich!<\/p>\n<p><strong> Kaufen Sie Ihre unter <a href=\"http:\/\/www.revolutionpadelstore.com\/\"> www.revolutionpadelstore.com <\/a> und genie\u00dfen Sie das beste Kauferlebnis<br \/>\n<H3> <\/h3>\n<h2>Neceser Adidas Black\/Red 3.4 Ale Gal\u00e1n: Elegancia y funcionalidad para el deportista moderno<\/h2>\n","protected":false},"excerpt":{"rendered":"<p>Mit der Black\/Red 3.4 ALEG Gal\u00e1n -Tasche k\u00f6nnen Sie Ihr Zubeh\u00f6r dank seines kompakten Designs, der funktionalen F\u00e4cher und der langlebigen Materialien in Ordnung bringen. Ideal f\u00fcr diejenigen, die versuchen, Stil und Praktikabilit\u00e4t auf der Strecke zu kombinieren.<\/p>\n","protected":false},"featured_media":160098,"comment_status":"open","ping_status":"closed","template":"","meta":{"_acf_changed":false,"_joinchat":[]},"acabado":[],"balance":[],"dureza":[],"forma":[],"jugador":[],"marca":[1229],"nivel-de-juego":[],"superficie":[],"tipo-de-juego":[],"product_brand":[],"product_cat":[314],"product_tag":[],"class_list":{"0":"post-160140","1":"product","2":"type-product","3":"status-publish","4":"has-post-thumbnail","6":"marca-adidas-de","7":"product_cat-taschen","9":"first","10":"outofstock","11":"sale","12":"taxable","13":"shipping-taxable","14":"purchasable","15":"product-type-simple"},"acf":[],"yoast_head":"<!-- This site is optimized with the Yoast SEO plugin v27.4 - https:\/\/yoast.com\/product\/yoast-seo-wordpress\/ -->\n<title>NECESER ADIDAS BLACK\/RED 3.4 - Revolution Padel Store<\/title>\n<meta name=\"description\" content=\"Organiza tus accesorios con el neceser Adidas Black\/Red 3.4 Ale Gal\u00e1n. Dise\u00f1o compacto y elegante, con materiales resistentes y capacidad de 3L. \u00a1Disponible en nuestra tienda online!\" \/>\n<meta name=\"robots\" content=\"index, follow, max-snippet:-1, max-image-preview:large, max-video-preview:-1\" \/>\n<link rel=\"canonical\" href=\"https:\/\/revolutionpadelstore.com\/de\/produkt\/neceser-adidas-black-red-3-4-1\/\" \/>\n<meta property=\"og:locale\" content=\"de_DE\" \/>\n<meta property=\"og:type\" content=\"article\" \/>\n<meta property=\"og:title\" content=\"NECESER ADIDAS BLACK\/RED 3.4 - Revolution Padel Store\" \/>\n<meta property=\"og:description\" content=\"Organiza tus accesorios con el neceser Adidas Black\/Red 3.4 Ale Gal\u00e1n. Dise\u00f1o compacto y elegante, con materiales resistentes y capacidad de 3L. \u00a1Disponible en nuestra tienda online!\" \/>\n<meta property=\"og:url\" content=\"https:\/\/revolutionpadelstore.com\/de\/produkt\/neceser-adidas-black-red-3-4-1\/\" \/>\n<meta property=\"og:site_name\" content=\"Revolution Padel Store\" \/>\n<meta property=\"article:modified_time\" content=\"2026-04-08T06:23:45+00:00\" \/>\n<meta property=\"og:image\" content=\"https:\/\/revolutionpadelstore.com\/wp-content\/uploads\/2025\/01\/113721-neceser-adidas-black-red-3-4-ab5na0u221500x1500-1.webp\" \/>\n\t<meta property=\"og:image:width\" content=\"1500\" \/>\n\t<meta property=\"og:image:height\" content=\"1500\" \/>\n\t<meta property=\"og:image:type\" content=\"image\/webp\" \/>\n<meta name=\"twitter:card\" content=\"summary_large_image\" \/>\n<meta name=\"twitter:label1\" content=\"Gesch\u00e4tzte Lesezeit\" \/>\n\t<meta name=\"twitter:data1\" content=\"1\u00a0Minute\" \/>\n<script type=\"application\/ld+json\" class=\"yoast-schema-graph\">{\"@context\":\"https:\\\/\\\/schema.org\",\"@graph\":[{\"@type\":\"WebPage\",\"@id\":\"https:\\\/\\\/revolutionpadelstore.com\\\/de\\\/produkt\\\/neceser-adidas-black-red-3-4-1\\\/\",\"url\":\"https:\\\/\\\/revolutionpadelstore.com\\\/de\\\/produkt\\\/neceser-adidas-black-red-3-4-1\\\/\",\"name\":\"NECESER ADIDAS BLACK\\\/RED 3.4 - Revolution Padel Store\",\"isPartOf\":{\"@id\":\"https:\\\/\\\/revolutionpadelstore.com\\\/de\\\/#website\"},\"primaryImageOfPage\":{\"@id\":\"https:\\\/\\\/revolutionpadelstore.com\\\/de\\\/produkt\\\/neceser-adidas-black-red-3-4-1\\\/#primaryimage\"},\"image\":{\"@id\":\"https:\\\/\\\/revolutionpadelstore.com\\\/de\\\/produkt\\\/neceser-adidas-black-red-3-4-1\\\/#primaryimage\"},\"thumbnailUrl\":\"https:\\\/\\\/revolutionpadelstore.com\\\/wp-content\\\/uploads\\\/2025\\\/01\\\/113721-neceser-adidas-black-red-3-4-ab5na0u221500x1500-1.webp\",\"datePublished\":\"2025-01-19T22:27:36+00:00\",\"dateModified\":\"2026-04-08T06:23:45+00:00\",\"description\":\"Organiza tus accesorios con el neceser Adidas Black\\\/Red 3.4 Ale Gal\u00e1n. Dise\u00f1o compacto y elegante, con materiales resistentes y capacidad de 3L. \u00a1Disponible en nuestra tienda online!\",\"breadcrumb\":{\"@id\":\"https:\\\/\\\/revolutionpadelstore.com\\\/de\\\/produkt\\\/neceser-adidas-black-red-3-4-1\\\/#breadcrumb\"},\"inLanguage\":\"de\",\"potentialAction\":[{\"@type\":\"ReadAction\",\"target\":[\"https:\\\/\\\/revolutionpadelstore.com\\\/de\\\/produkt\\\/neceser-adidas-black-red-3-4-1\\\/\"]}]},{\"@type\":\"ImageObject\",\"inLanguage\":\"de\",\"@id\":\"https:\\\/\\\/revolutionpadelstore.com\\\/de\\\/produkt\\\/neceser-adidas-black-red-3-4-1\\\/#primaryimage\",\"url\":\"https:\\\/\\\/revolutionpadelstore.com\\\/wp-content\\\/uploads\\\/2025\\\/01\\\/113721-neceser-adidas-black-red-3-4-ab5na0u221500x1500-1.webp\",\"contentUrl\":\"https:\\\/\\\/revolutionpadelstore.com\\\/wp-content\\\/uploads\\\/2025\\\/01\\\/113721-neceser-adidas-black-red-3-4-ab5na0u221500x1500-1.webp\",\"width\":1500,\"height\":1500},{\"@type\":\"BreadcrumbList\",\"@id\":\"https:\\\/\\\/revolutionpadelstore.com\\\/de\\\/produkt\\\/neceser-adidas-black-red-3-4-1\\\/#breadcrumb\",\"itemListElement\":[{\"@type\":\"ListItem\",\"position\":1,\"name\":\"Portada\",\"item\":\"https:\\\/\\\/revolutionpadelstore.com\\\/de\\\/\"},{\"@type\":\"ListItem\",\"position\":2,\"name\":\"Shop\",\"item\":\"https:\\\/\\\/revolutionpadelstore.com\\\/de\\\/tienda\\\/\"},{\"@type\":\"ListItem\",\"position\":3,\"name\":\"NECESER ADIDAS BLACK\\\/RED 3.4\"}]},{\"@type\":\"WebSite\",\"@id\":\"https:\\\/\\\/revolutionpadelstore.com\\\/de\\\/#website\",\"url\":\"https:\\\/\\\/revolutionpadelstore.com\\\/de\\\/\",\"name\":\"Revolution Padel Store\",\"description\":\"\",\"publisher\":{\"@id\":\"https:\\\/\\\/revolutionpadelstore.com\\\/de\\\/#organization\"},\"potentialAction\":[{\"@type\":\"SearchAction\",\"target\":{\"@type\":\"EntryPoint\",\"urlTemplate\":\"https:\\\/\\\/revolutionpadelstore.com\\\/de\\\/?s={search_term_string}\"},\"query-input\":{\"@type\":\"PropertyValueSpecification\",\"valueRequired\":true,\"valueName\":\"search_term_string\"}}],\"inLanguage\":\"de\"},{\"@type\":\"Organization\",\"@id\":\"https:\\\/\\\/revolutionpadelstore.com\\\/de\\\/#organization\",\"name\":\"Revolution Padel Store\",\"url\":\"https:\\\/\\\/revolutionpadelstore.com\\\/de\\\/\",\"logo\":{\"@type\":\"ImageObject\",\"inLanguage\":\"de\",\"@id\":\"https:\\\/\\\/revolutionpadelstore.com\\\/de\\\/#\\\/schema\\\/logo\\\/image\\\/\",\"url\":\"https:\\\/\\\/revolutionpadelstore.com\\\/wp-content\\\/uploads\\\/2026\\\/02\\\/revolution-padel-store.jpg\",\"contentUrl\":\"https:\\\/\\\/revolutionpadelstore.com\\\/wp-content\\\/uploads\\\/2026\\\/02\\\/revolution-padel-store.jpg\",\"width\":2000,\"height\":2000,\"caption\":\"Revolution Padel Store\"},\"image\":{\"@id\":\"https:\\\/\\\/revolutionpadelstore.com\\\/de\\\/#\\\/schema\\\/logo\\\/image\\\/\"},\"sameAs\":[\"https:\\\/\\\/www.instagram.com\\\/revolutionpadelstore\\\/\"]}]}<\/script>\n<!-- \/ Yoast SEO plugin. -->","yoast_head_json":{"title":"NECESER ADIDAS BLACK\/RED 3.4 - Revolution Padel Store","description":"Organiza tus accesorios con el neceser Adidas Black\/Red 3.4 Ale Gal\u00e1n. Dise\u00f1o compacto y elegante, con materiales resistentes y capacidad de 3L. \u00a1Disponible en nuestra tienda online!","robots":{"index":"index","follow":"follow","max-snippet":"max-snippet:-1","max-image-preview":"max-image-preview:large","max-video-preview":"max-video-preview:-1"},"canonical":"https:\/\/revolutionpadelstore.com\/de\/produkt\/neceser-adidas-black-red-3-4-1\/","og_locale":"de_DE","og_type":"article","og_title":"NECESER ADIDAS BLACK\/RED 3.4 - Revolution Padel Store","og_description":"Organiza tus accesorios con el neceser Adidas Black\/Red 3.4 Ale Gal\u00e1n. Dise\u00f1o compacto y elegante, con materiales resistentes y capacidad de 3L. \u00a1Disponible en nuestra tienda online!","og_url":"https:\/\/revolutionpadelstore.com\/de\/produkt\/neceser-adidas-black-red-3-4-1\/","og_site_name":"Revolution Padel Store","article_modified_time":"2026-04-08T06:23:45+00:00","og_image":[{"width":1500,"height":1500,"url":"https:\/\/revolutionpadelstore.com\/wp-content\/uploads\/2025\/01\/113721-neceser-adidas-black-red-3-4-ab5na0u221500x1500-1.webp","type":"image\/webp"}],"twitter_card":"summary_large_image","twitter_misc":{"Gesch\u00e4tzte Lesezeit":"1\u00a0Minute"},"schema":{"@context":"https:\/\/schema.org","@graph":[{"@type":"WebPage","@id":"https:\/\/revolutionpadelstore.com\/de\/produkt\/neceser-adidas-black-red-3-4-1\/","url":"https:\/\/revolutionpadelstore.com\/de\/produkt\/neceser-adidas-black-red-3-4-1\/","name":"NECESER ADIDAS BLACK\/RED 3.4 - Revolution Padel Store","isPartOf":{"@id":"https:\/\/revolutionpadelstore.com\/de\/#website"},"primaryImageOfPage":{"@id":"https:\/\/revolutionpadelstore.com\/de\/produkt\/neceser-adidas-black-red-3-4-1\/#primaryimage"},"image":{"@id":"https:\/\/revolutionpadelstore.com\/de\/produkt\/neceser-adidas-black-red-3-4-1\/#primaryimage"},"thumbnailUrl":"https:\/\/revolutionpadelstore.com\/wp-content\/uploads\/2025\/01\/113721-neceser-adidas-black-red-3-4-ab5na0u221500x1500-1.webp","datePublished":"2025-01-19T22:27:36+00:00","dateModified":"2026-04-08T06:23:45+00:00","description":"Organiza tus accesorios con el neceser Adidas Black\/Red 3.4 Ale Gal\u00e1n. Dise\u00f1o compacto y elegante, con materiales resistentes y capacidad de 3L. \u00a1Disponible en nuestra tienda online!","breadcrumb":{"@id":"https:\/\/revolutionpadelstore.com\/de\/produkt\/neceser-adidas-black-red-3-4-1\/#breadcrumb"},"inLanguage":"de","potentialAction":[{"@type":"ReadAction","target":["https:\/\/revolutionpadelstore.com\/de\/produkt\/neceser-adidas-black-red-3-4-1\/"]}]},{"@type":"ImageObject","inLanguage":"de","@id":"https:\/\/revolutionpadelstore.com\/de\/produkt\/neceser-adidas-black-red-3-4-1\/#primaryimage","url":"https:\/\/revolutionpadelstore.com\/wp-content\/uploads\/2025\/01\/113721-neceser-adidas-black-red-3-4-ab5na0u221500x1500-1.webp","contentUrl":"https:\/\/revolutionpadelstore.com\/wp-content\/uploads\/2025\/01\/113721-neceser-adidas-black-red-3-4-ab5na0u221500x1500-1.webp","width":1500,"height":1500},{"@type":"BreadcrumbList","@id":"https:\/\/revolutionpadelstore.com\/de\/produkt\/neceser-adidas-black-red-3-4-1\/#breadcrumb","itemListElement":[{"@type":"ListItem","position":1,"name":"Portada","item":"https:\/\/revolutionpadelstore.com\/de\/"},{"@type":"ListItem","position":2,"name":"Shop","item":"https:\/\/revolutionpadelstore.com\/de\/tienda\/"},{"@type":"ListItem","position":3,"name":"NECESER ADIDAS BLACK\/RED 3.4"}]},{"@type":"WebSite","@id":"https:\/\/revolutionpadelstore.com\/de\/#website","url":"https:\/\/revolutionpadelstore.com\/de\/","name":"Revolution Padel Store","description":"","publisher":{"@id":"https:\/\/revolutionpadelstore.com\/de\/#organization"},"potentialAction":[{"@type":"SearchAction","target":{"@type":"EntryPoint","urlTemplate":"https:\/\/revolutionpadelstore.com\/de\/?s={search_term_string}"},"query-input":{"@type":"PropertyValueSpecification","valueRequired":true,"valueName":"search_term_string"}}],"inLanguage":"de"},{"@type":"Organization","@id":"https:\/\/revolutionpadelstore.com\/de\/#organization","name":"Revolution Padel Store","url":"https:\/\/revolutionpadelstore.com\/de\/","logo":{"@type":"ImageObject","inLanguage":"de","@id":"https:\/\/revolutionpadelstore.com\/de\/#\/schema\/logo\/image\/","url":"https:\/\/revolutionpadelstore.com\/wp-content\/uploads\/2026\/02\/revolution-padel-store.jpg","contentUrl":"https:\/\/revolutionpadelstore.com\/wp-content\/uploads\/2026\/02\/revolution-padel-store.jpg","width":2000,"height":2000,"caption":"Revolution Padel Store"},"image":{"@id":"https:\/\/revolutionpadelstore.com\/de\/#\/schema\/logo\/image\/"},"sameAs":["https:\/\/www.instagram.com\/revolutionpadelstore\/"]}]}},"_links":{"self":[{"href":"https:\/\/revolutionpadelstore.com\/de\/wp-json\/wp\/v2\/product\/160140","targetHints":{"allow":["GET"]}}],"collection":[{"href":"https:\/\/revolutionpadelstore.com\/de\/wp-json\/wp\/v2\/product"}],"about":[{"href":"https:\/\/revolutionpadelstore.com\/de\/wp-json\/wp\/v2\/types\/product"}],"replies":[{"embeddable":true,"href":"https:\/\/revolutionpadelstore.com\/de\/wp-json\/wp\/v2\/comments?post=160140"}],"wp:featuredmedia":[{"embeddable":true,"href":"https:\/\/revolutionpadelstore.com\/de\/wp-json\/wp\/v2\/media\/160098"}],"wp:attachment":[{"href":"https:\/\/revolutionpadelstore.com\/de\/wp-json\/wp\/v2\/media?parent=160140"}],"wp:term":[{"taxonomy":"acabado","embeddable":true,"href":"https:\/\/revolutionpadelstore.com\/de\/wp-json\/wp\/v2\/acabado?post=160140"},{"taxonomy":"balance","embeddable":true,"href":"https:\/\/revolutionpadelstore.com\/de\/wp-json\/wp\/v2\/balance?post=160140"},{"taxonomy":"dureza","embeddable":true,"href":"https:\/\/revolutionpadelstore.com\/de\/wp-json\/wp\/v2\/dureza?post=160140"},{"taxonomy":"forma","embeddable":true,"href":"https:\/\/revolutionpadelstore.com\/de\/wp-json\/wp\/v2\/forma?post=160140"},{"taxonomy":"jugador","embeddable":true,"href":"https:\/\/revolutionpadelstore.com\/de\/wp-json\/wp\/v2\/jugador?post=160140"},{"taxonomy":"marca","embeddable":true,"href":"https:\/\/revolutionpadelstore.com\/de\/wp-json\/wp\/v2\/marca?post=160140"},{"taxonomy":"nivel-de-juego","embeddable":true,"href":"https:\/\/revolutionpadelstore.com\/de\/wp-json\/wp\/v2\/nivel-de-juego?post=160140"},{"taxonomy":"superficie","embeddable":true,"href":"https:\/\/revolutionpadelstore.com\/de\/wp-json\/wp\/v2\/superficie?post=160140"},{"taxonomy":"tipo-de-juego","embeddable":true,"href":"https:\/\/revolutionpadelstore.com\/de\/wp-json\/wp\/v2\/tipo-de-juego?post=160140"},{"taxonomy":"product_brand","embeddable":true,"href":"https:\/\/revolutionpadelstore.com\/de\/wp-json\/wp\/v2\/product_brand?post=160140"},{"taxonomy":"product_cat","embeddable":true,"href":"https:\/\/revolutionpadelstore.com\/de\/wp-json\/wp\/v2\/product_cat?post=160140"},{"taxonomy":"product_tag","embeddable":true,"href":"https:\/\/revolutionpadelstore.com\/de\/wp-json\/wp\/v2\/product_tag?post=160140"}],"curies":[{"name":"wp","href":"https:\/\/api.w.org\/{rel}","templated":true}]}}