{"id":160087,"date":"2025-01-18T10:48:24","date_gmt":"2025-01-18T09:48:24","guid":{"rendered":"https:\/\/revolutionpadelstore.com\/paletero-adidas-tour-3-4-azul\/"},"modified":"2026-04-08T08:26:02","modified_gmt":"2026-04-08T06:26:02","slug":"paletero-adidas-tour-3-4-azul-1","status":"publish","type":"product","link":"https:\/\/revolutionpadelstore.com\/de\/produkt\/paletero-adidas-tour-3-4-azul-1\/","title":{"rendered":"PALETERO ADIDAS TOUR 3.4 AZUL"},"content":{"rendered":"<h2> Paletero Adidas Tour 3.4 Blau &#8211; Design, Raum und Komfort in jedem Spiel <\/ H2><br \/>\nDie <strong> Paletero Adidas Tour 3.4 Blue <\/strong> kombiniert Stil, Funktionalit\u00e4t und Nachhaltigkeit f\u00fcr Paddelliebhaber. Dieses Modell ist f\u00fcr Spieler entwickelt, die nach einer praktischen L\u00f6sung f\u00fcr den Transport ihrer Ausr\u00fcstung suchen, und f\u00e4llt auf ihre Kapazit\u00e4t und qualitativ hochwertige Materialien aus.<\/p>\n<h2> Technische Spezifikationen: <\/h2>\n<p> <strong> -Antainable Materialien: <\/strong> mit Nylon hergestellt, recyceltes Polyurethan, recyceltes Polyester und Polysulfon, kombiniert Haltbarkeit und Engagement f\u00fcr die Umwelt.<\/p>\n<p> <strong> -Dimensionen: <\/strong> 39 x 55&#215;27,5 cm<br \/>\n<P> <strong> -Kapazit\u00e4t: <\/strong> 54 Liter, ideal, um alles, was Sie brauchen, f\u00fcr Ihr Training oder Ihre Wettbewerbe mitzunehmen<\/p>\n<h2> Schl\u00fcsselvorteile: <\/h2>\n<p><P> <strong> -e bequemer und sicherer Transport: <\/strong> <\/p>\n<p>-verstellbare Gurte und gepolstertes Netz, die sich an jeden Benutzer anpassen und maximal bequem sind<\/p>\n<p>-Ergonomisches Design, das m\u00fchelosen Transport sorgt<\/p>\n<p> <strong> -FFE effizient: <\/strong> <\/p>\n<\/p>\n<p><P> <strong> -Amplio Hauptfach: <\/strong> Idealer Raum f\u00fcr Kleidung und Accessoires<br \/>\n<P> <strong> -Thermische Seitenr\u00fccker: <\/strong> bis zu 4 Klingen vor Temperatur\u00e4nderungen sch\u00fctzen<br \/>\n<P> <strong> -Lead -L\u00fcftung f\u00fcr Schuhe: <\/strong> Halten Sie die Schuhe getrennt und frei von schlechten Ger\u00fcchen<br \/>\n<P> <strong> -Atditionales oberes R\u00fccken: <\/strong> Schneller Zugriff auf pers\u00f6nliche Objekte wie Schl\u00fcssel, Brieftasche oder Mobilger\u00e4te<br \/>\n<P> <strong> -in einzigartig: <\/strong> Sein lebendiges blaues und modernes Design in jeder sportlichen Umgebung.<\/p>\n<h2> Warum die Paletero Adidas Tour 3.4 Blue w\u00e4hlen?<br \/>\nDiese Paletero ist nicht nur funktional und komfortabel, sondern spiegelt auch die Innovation und die Qualit\u00e4tsmerkmale von Adidas wider und ist damit ein wesentliches Accessoire f\u00fcr jeden Spieler.<\/p>\n<p><strong> jetzt in unserem Online -Shop erh\u00e4ltlich <a href=\"https:\/\/www.revolutionpadelstore.com\/\"> www.revolutionpadelstore.com <\/a>, wahrscheinlich zum besten Marktpreis. Holen Sie sich es und erh\u00f6hen Sie Ihr Spiel auf die n\u00e4chste Stufe!<\/p>\n<h2>Paletero Adidas Tour 3.4 Azul \u2013 Dise\u00f1o, Espacio y Comodidad en Cada Partido<\/h2>\n","protected":false},"excerpt":{"rendered":"<p>Die Paletera adidas Tour 3.4 Blue wird durch ihre gro\u00dfe Kapazit\u00e4t unterschieden, sodass dank der W\u00e4rmeleitf\u00e4cher bis zu 4 Klingen transportieren kann. Es verf\u00fcgt \u00fcber verstellbare und gepolsterte Griffe f\u00fcr Komfort.<\/p>\n","protected":false},"featured_media":160052,"comment_status":"open","ping_status":"closed","template":"","meta":{"_acf_changed":false,"_joinchat":[]},"acabado":[],"balance":[],"dureza":[],"forma":[],"jugador":[],"marca":[1229],"nivel-de-juego":[],"superficie":[],"tipo-de-juego":[],"product_brand":[],"product_cat":[314],"product_tag":[],"class_list":{"0":"post-160087","1":"product","2":"type-product","3":"status-publish","4":"has-post-thumbnail","6":"marca-adidas-de","7":"product_cat-taschen","9":"first","10":"outofstock","11":"sale","12":"taxable","13":"shipping-taxable","14":"purchasable","15":"product-type-simple"},"acf":[],"yoast_head":"<!-- This site is optimized with the Yoast SEO plugin v27.4 - https:\/\/yoast.com\/product\/yoast-seo-wordpress\/ -->\n<title>PALETERO ADIDAS TOUR 3.4 AZUL - Revolution Padel Store<\/title>\n<meta name=\"description\" content=\"Descubre el Paletero Adidas Tour 3.4 Azul, el accesorio perfecto para jugadores de p\u00e1del. M\u00e1xima capacidad, dise\u00f1o ergon\u00f3mico y materiales sostenibles. \u00a1C\u00f3mpralo en www.revolutionpadelstore.com al mejor precio!\" \/>\n<meta name=\"robots\" content=\"index, follow, max-snippet:-1, max-image-preview:large, max-video-preview:-1\" \/>\n<link rel=\"canonical\" href=\"https:\/\/revolutionpadelstore.com\/de\/produkt\/paletero-adidas-tour-3-4-azul-1\/\" \/>\n<meta property=\"og:locale\" content=\"de_DE\" \/>\n<meta property=\"og:type\" content=\"article\" \/>\n<meta property=\"og:title\" content=\"PALETERO ADIDAS TOUR 3.4 AZUL - Revolution Padel Store\" \/>\n<meta property=\"og:description\" content=\"Descubre el Paletero Adidas Tour 3.4 Azul, el accesorio perfecto para jugadores de p\u00e1del. M\u00e1xima capacidad, dise\u00f1o ergon\u00f3mico y materiales sostenibles. \u00a1C\u00f3mpralo en www.revolutionpadelstore.com al mejor precio!\" \/>\n<meta property=\"og:url\" content=\"https:\/\/revolutionpadelstore.com\/de\/produkt\/paletero-adidas-tour-3-4-azul-1\/\" \/>\n<meta property=\"og:site_name\" content=\"Revolution Padel Store\" \/>\n<meta property=\"article:modified_time\" content=\"2026-04-08T06:26:02+00:00\" \/>\n<meta property=\"og:image\" content=\"https:\/\/revolutionpadelstore.com\/wp-content\/uploads\/2025\/01\/113733-paletero-adidas-tour-blue-3-4-ab2pa0u121500x1500-1.webp\" \/>\n\t<meta property=\"og:image:width\" content=\"1500\" \/>\n\t<meta property=\"og:image:height\" content=\"1500\" \/>\n\t<meta property=\"og:image:type\" content=\"image\/webp\" \/>\n<meta name=\"twitter:card\" content=\"summary_large_image\" \/>\n<meta name=\"twitter:label1\" content=\"Gesch\u00e4tzte Lesezeit\" \/>\n\t<meta name=\"twitter:data1\" content=\"1\u00a0Minute\" \/>\n<script type=\"application\/ld+json\" class=\"yoast-schema-graph\">{\"@context\":\"https:\\\/\\\/schema.org\",\"@graph\":[{\"@type\":\"WebPage\",\"@id\":\"https:\\\/\\\/revolutionpadelstore.com\\\/de\\\/produkt\\\/paletero-adidas-tour-3-4-azul-1\\\/\",\"url\":\"https:\\\/\\\/revolutionpadelstore.com\\\/de\\\/produkt\\\/paletero-adidas-tour-3-4-azul-1\\\/\",\"name\":\"PALETERO ADIDAS TOUR 3.4 AZUL - Revolution Padel Store\",\"isPartOf\":{\"@id\":\"https:\\\/\\\/revolutionpadelstore.com\\\/de\\\/#website\"},\"primaryImageOfPage\":{\"@id\":\"https:\\\/\\\/revolutionpadelstore.com\\\/de\\\/produkt\\\/paletero-adidas-tour-3-4-azul-1\\\/#primaryimage\"},\"image\":{\"@id\":\"https:\\\/\\\/revolutionpadelstore.com\\\/de\\\/produkt\\\/paletero-adidas-tour-3-4-azul-1\\\/#primaryimage\"},\"thumbnailUrl\":\"https:\\\/\\\/revolutionpadelstore.com\\\/wp-content\\\/uploads\\\/2025\\\/01\\\/113733-paletero-adidas-tour-blue-3-4-ab2pa0u121500x1500-1.webp\",\"datePublished\":\"2025-01-18T09:48:24+00:00\",\"dateModified\":\"2026-04-08T06:26:02+00:00\",\"description\":\"Descubre el Paletero Adidas Tour 3.4 Azul, el accesorio perfecto para jugadores de p\u00e1del. M\u00e1xima capacidad, dise\u00f1o ergon\u00f3mico y materiales sostenibles. \u00a1C\u00f3mpralo en www.revolutionpadelstore.com al mejor precio!\",\"breadcrumb\":{\"@id\":\"https:\\\/\\\/revolutionpadelstore.com\\\/de\\\/produkt\\\/paletero-adidas-tour-3-4-azul-1\\\/#breadcrumb\"},\"inLanguage\":\"de\",\"potentialAction\":[{\"@type\":\"ReadAction\",\"target\":[\"https:\\\/\\\/revolutionpadelstore.com\\\/de\\\/produkt\\\/paletero-adidas-tour-3-4-azul-1\\\/\"]}]},{\"@type\":\"ImageObject\",\"inLanguage\":\"de\",\"@id\":\"https:\\\/\\\/revolutionpadelstore.com\\\/de\\\/produkt\\\/paletero-adidas-tour-3-4-azul-1\\\/#primaryimage\",\"url\":\"https:\\\/\\\/revolutionpadelstore.com\\\/wp-content\\\/uploads\\\/2025\\\/01\\\/113733-paletero-adidas-tour-blue-3-4-ab2pa0u121500x1500-1.webp\",\"contentUrl\":\"https:\\\/\\\/revolutionpadelstore.com\\\/wp-content\\\/uploads\\\/2025\\\/01\\\/113733-paletero-adidas-tour-blue-3-4-ab2pa0u121500x1500-1.webp\",\"width\":1500,\"height\":1500},{\"@type\":\"BreadcrumbList\",\"@id\":\"https:\\\/\\\/revolutionpadelstore.com\\\/de\\\/produkt\\\/paletero-adidas-tour-3-4-azul-1\\\/#breadcrumb\",\"itemListElement\":[{\"@type\":\"ListItem\",\"position\":1,\"name\":\"Portada\",\"item\":\"https:\\\/\\\/revolutionpadelstore.com\\\/de\\\/\"},{\"@type\":\"ListItem\",\"position\":2,\"name\":\"Shop\",\"item\":\"https:\\\/\\\/revolutionpadelstore.com\\\/de\\\/tienda\\\/\"},{\"@type\":\"ListItem\",\"position\":3,\"name\":\"PALETERO ADIDAS TOUR 3.4 AZUL\"}]},{\"@type\":\"WebSite\",\"@id\":\"https:\\\/\\\/revolutionpadelstore.com\\\/de\\\/#website\",\"url\":\"https:\\\/\\\/revolutionpadelstore.com\\\/de\\\/\",\"name\":\"Revolution Padel Store\",\"description\":\"\",\"publisher\":{\"@id\":\"https:\\\/\\\/revolutionpadelstore.com\\\/de\\\/#organization\"},\"potentialAction\":[{\"@type\":\"SearchAction\",\"target\":{\"@type\":\"EntryPoint\",\"urlTemplate\":\"https:\\\/\\\/revolutionpadelstore.com\\\/de\\\/?s={search_term_string}\"},\"query-input\":{\"@type\":\"PropertyValueSpecification\",\"valueRequired\":true,\"valueName\":\"search_term_string\"}}],\"inLanguage\":\"de\"},{\"@type\":\"Organization\",\"@id\":\"https:\\\/\\\/revolutionpadelstore.com\\\/de\\\/#organization\",\"name\":\"Revolution Padel Store\",\"url\":\"https:\\\/\\\/revolutionpadelstore.com\\\/de\\\/\",\"logo\":{\"@type\":\"ImageObject\",\"inLanguage\":\"de\",\"@id\":\"https:\\\/\\\/revolutionpadelstore.com\\\/de\\\/#\\\/schema\\\/logo\\\/image\\\/\",\"url\":\"https:\\\/\\\/revolutionpadelstore.com\\\/wp-content\\\/uploads\\\/2026\\\/02\\\/revolution-padel-store.jpg\",\"contentUrl\":\"https:\\\/\\\/revolutionpadelstore.com\\\/wp-content\\\/uploads\\\/2026\\\/02\\\/revolution-padel-store.jpg\",\"width\":2000,\"height\":2000,\"caption\":\"Revolution Padel Store\"},\"image\":{\"@id\":\"https:\\\/\\\/revolutionpadelstore.com\\\/de\\\/#\\\/schema\\\/logo\\\/image\\\/\"},\"sameAs\":[\"https:\\\/\\\/www.instagram.com\\\/revolutionpadelstore\\\/\"]}]}<\/script>\n<!-- \/ Yoast SEO plugin. -->","yoast_head_json":{"title":"PALETERO ADIDAS TOUR 3.4 AZUL - Revolution Padel Store","description":"Descubre el Paletero Adidas Tour 3.4 Azul, el accesorio perfecto para jugadores de p\u00e1del. M\u00e1xima capacidad, dise\u00f1o ergon\u00f3mico y materiales sostenibles. \u00a1C\u00f3mpralo en www.revolutionpadelstore.com al mejor precio!","robots":{"index":"index","follow":"follow","max-snippet":"max-snippet:-1","max-image-preview":"max-image-preview:large","max-video-preview":"max-video-preview:-1"},"canonical":"https:\/\/revolutionpadelstore.com\/de\/produkt\/paletero-adidas-tour-3-4-azul-1\/","og_locale":"de_DE","og_type":"article","og_title":"PALETERO ADIDAS TOUR 3.4 AZUL - Revolution Padel Store","og_description":"Descubre el Paletero Adidas Tour 3.4 Azul, el accesorio perfecto para jugadores de p\u00e1del. M\u00e1xima capacidad, dise\u00f1o ergon\u00f3mico y materiales sostenibles. \u00a1C\u00f3mpralo en www.revolutionpadelstore.com al mejor precio!","og_url":"https:\/\/revolutionpadelstore.com\/de\/produkt\/paletero-adidas-tour-3-4-azul-1\/","og_site_name":"Revolution Padel Store","article_modified_time":"2026-04-08T06:26:02+00:00","og_image":[{"width":1500,"height":1500,"url":"https:\/\/revolutionpadelstore.com\/wp-content\/uploads\/2025\/01\/113733-paletero-adidas-tour-blue-3-4-ab2pa0u121500x1500-1.webp","type":"image\/webp"}],"twitter_card":"summary_large_image","twitter_misc":{"Gesch\u00e4tzte Lesezeit":"1\u00a0Minute"},"schema":{"@context":"https:\/\/schema.org","@graph":[{"@type":"WebPage","@id":"https:\/\/revolutionpadelstore.com\/de\/produkt\/paletero-adidas-tour-3-4-azul-1\/","url":"https:\/\/revolutionpadelstore.com\/de\/produkt\/paletero-adidas-tour-3-4-azul-1\/","name":"PALETERO ADIDAS TOUR 3.4 AZUL - Revolution Padel Store","isPartOf":{"@id":"https:\/\/revolutionpadelstore.com\/de\/#website"},"primaryImageOfPage":{"@id":"https:\/\/revolutionpadelstore.com\/de\/produkt\/paletero-adidas-tour-3-4-azul-1\/#primaryimage"},"image":{"@id":"https:\/\/revolutionpadelstore.com\/de\/produkt\/paletero-adidas-tour-3-4-azul-1\/#primaryimage"},"thumbnailUrl":"https:\/\/revolutionpadelstore.com\/wp-content\/uploads\/2025\/01\/113733-paletero-adidas-tour-blue-3-4-ab2pa0u121500x1500-1.webp","datePublished":"2025-01-18T09:48:24+00:00","dateModified":"2026-04-08T06:26:02+00:00","description":"Descubre el Paletero Adidas Tour 3.4 Azul, el accesorio perfecto para jugadores de p\u00e1del. M\u00e1xima capacidad, dise\u00f1o ergon\u00f3mico y materiales sostenibles. \u00a1C\u00f3mpralo en www.revolutionpadelstore.com al mejor precio!","breadcrumb":{"@id":"https:\/\/revolutionpadelstore.com\/de\/produkt\/paletero-adidas-tour-3-4-azul-1\/#breadcrumb"},"inLanguage":"de","potentialAction":[{"@type":"ReadAction","target":["https:\/\/revolutionpadelstore.com\/de\/produkt\/paletero-adidas-tour-3-4-azul-1\/"]}]},{"@type":"ImageObject","inLanguage":"de","@id":"https:\/\/revolutionpadelstore.com\/de\/produkt\/paletero-adidas-tour-3-4-azul-1\/#primaryimage","url":"https:\/\/revolutionpadelstore.com\/wp-content\/uploads\/2025\/01\/113733-paletero-adidas-tour-blue-3-4-ab2pa0u121500x1500-1.webp","contentUrl":"https:\/\/revolutionpadelstore.com\/wp-content\/uploads\/2025\/01\/113733-paletero-adidas-tour-blue-3-4-ab2pa0u121500x1500-1.webp","width":1500,"height":1500},{"@type":"BreadcrumbList","@id":"https:\/\/revolutionpadelstore.com\/de\/produkt\/paletero-adidas-tour-3-4-azul-1\/#breadcrumb","itemListElement":[{"@type":"ListItem","position":1,"name":"Portada","item":"https:\/\/revolutionpadelstore.com\/de\/"},{"@type":"ListItem","position":2,"name":"Shop","item":"https:\/\/revolutionpadelstore.com\/de\/tienda\/"},{"@type":"ListItem","position":3,"name":"PALETERO ADIDAS TOUR 3.4 AZUL"}]},{"@type":"WebSite","@id":"https:\/\/revolutionpadelstore.com\/de\/#website","url":"https:\/\/revolutionpadelstore.com\/de\/","name":"Revolution Padel Store","description":"","publisher":{"@id":"https:\/\/revolutionpadelstore.com\/de\/#organization"},"potentialAction":[{"@type":"SearchAction","target":{"@type":"EntryPoint","urlTemplate":"https:\/\/revolutionpadelstore.com\/de\/?s={search_term_string}"},"query-input":{"@type":"PropertyValueSpecification","valueRequired":true,"valueName":"search_term_string"}}],"inLanguage":"de"},{"@type":"Organization","@id":"https:\/\/revolutionpadelstore.com\/de\/#organization","name":"Revolution Padel Store","url":"https:\/\/revolutionpadelstore.com\/de\/","logo":{"@type":"ImageObject","inLanguage":"de","@id":"https:\/\/revolutionpadelstore.com\/de\/#\/schema\/logo\/image\/","url":"https:\/\/revolutionpadelstore.com\/wp-content\/uploads\/2026\/02\/revolution-padel-store.jpg","contentUrl":"https:\/\/revolutionpadelstore.com\/wp-content\/uploads\/2026\/02\/revolution-padel-store.jpg","width":2000,"height":2000,"caption":"Revolution Padel Store"},"image":{"@id":"https:\/\/revolutionpadelstore.com\/de\/#\/schema\/logo\/image\/"},"sameAs":["https:\/\/www.instagram.com\/revolutionpadelstore\/"]}]}},"_links":{"self":[{"href":"https:\/\/revolutionpadelstore.com\/de\/wp-json\/wp\/v2\/product\/160087","targetHints":{"allow":["GET"]}}],"collection":[{"href":"https:\/\/revolutionpadelstore.com\/de\/wp-json\/wp\/v2\/product"}],"about":[{"href":"https:\/\/revolutionpadelstore.com\/de\/wp-json\/wp\/v2\/types\/product"}],"replies":[{"embeddable":true,"href":"https:\/\/revolutionpadelstore.com\/de\/wp-json\/wp\/v2\/comments?post=160087"}],"wp:featuredmedia":[{"embeddable":true,"href":"https:\/\/revolutionpadelstore.com\/de\/wp-json\/wp\/v2\/media\/160052"}],"wp:attachment":[{"href":"https:\/\/revolutionpadelstore.com\/de\/wp-json\/wp\/v2\/media?parent=160087"}],"wp:term":[{"taxonomy":"acabado","embeddable":true,"href":"https:\/\/revolutionpadelstore.com\/de\/wp-json\/wp\/v2\/acabado?post=160087"},{"taxonomy":"balance","embeddable":true,"href":"https:\/\/revolutionpadelstore.com\/de\/wp-json\/wp\/v2\/balance?post=160087"},{"taxonomy":"dureza","embeddable":true,"href":"https:\/\/revolutionpadelstore.com\/de\/wp-json\/wp\/v2\/dureza?post=160087"},{"taxonomy":"forma","embeddable":true,"href":"https:\/\/revolutionpadelstore.com\/de\/wp-json\/wp\/v2\/forma?post=160087"},{"taxonomy":"jugador","embeddable":true,"href":"https:\/\/revolutionpadelstore.com\/de\/wp-json\/wp\/v2\/jugador?post=160087"},{"taxonomy":"marca","embeddable":true,"href":"https:\/\/revolutionpadelstore.com\/de\/wp-json\/wp\/v2\/marca?post=160087"},{"taxonomy":"nivel-de-juego","embeddable":true,"href":"https:\/\/revolutionpadelstore.com\/de\/wp-json\/wp\/v2\/nivel-de-juego?post=160087"},{"taxonomy":"superficie","embeddable":true,"href":"https:\/\/revolutionpadelstore.com\/de\/wp-json\/wp\/v2\/superficie?post=160087"},{"taxonomy":"tipo-de-juego","embeddable":true,"href":"https:\/\/revolutionpadelstore.com\/de\/wp-json\/wp\/v2\/tipo-de-juego?post=160087"},{"taxonomy":"product_brand","embeddable":true,"href":"https:\/\/revolutionpadelstore.com\/de\/wp-json\/wp\/v2\/product_brand?post=160087"},{"taxonomy":"product_cat","embeddable":true,"href":"https:\/\/revolutionpadelstore.com\/de\/wp-json\/wp\/v2\/product_cat?post=160087"},{"taxonomy":"product_tag","embeddable":true,"href":"https:\/\/revolutionpadelstore.com\/de\/wp-json\/wp\/v2\/product_tag?post=160087"}],"curies":[{"name":"wp","href":"https:\/\/api.w.org\/{rel}","templated":true}]}}