{"id":159956,"date":"2025-01-17T21:32:32","date_gmt":"2025-01-17T20:32:32","guid":{"rendered":"https:\/\/revolutionpadelstore.com\/mochila-adidas-multigame-sand-3-4-2025\/"},"modified":"2026-04-08T08:27:08","modified_gmt":"2026-04-08T06:27:08","slug":"mochila-adidas-multigame-sand-3-4-2025-1","status":"publish","type":"product","link":"https:\/\/revolutionpadelstore.com\/de\/produkt\/mochila-adidas-multigame-sand-3-4-2025-1\/","title":{"rendered":"MOCHILA ADIDAS MULTIGAME SAND 3.4 2025"},"content":{"rendered":"<h2> adidas multigame Sand -Rucksack 3.4 2025. <strong> Premium -Organisation und -funktionalit\u00e4t <\/ strong> <\/ h2><br \/>\nDer <strong> adidas Multigame -Sand -Rucksack 3.4 2025 <\/strong> ist das ideale Accessoire f\u00fcr diejenigen, die ihr Paddel -Team mit Komfort und Stil transportieren m\u00f6chten. Dieser Rucksack wurde mit einem <strong> innovativen Registerkarten\u00f6ffnung <\/strong> entwickelt und erm\u00f6glicht einen schnellen und sicheren Zugang zum breiten zentralen Fach, das sich perfekt f\u00fcr Ladenkleidung und andere wesentliche Trainingselemente eignet.<\/p>\n<h2> <strong> Vielseitiger Schutz und Lagerung<\/p>\n<p> <strong> -Trong&gt; Laterale Bolsilllos <\/strong>: Beinhaltet zwei Kompartimente mit thermischer Isolierung, die zum Transport und Schutz bis zu zwei Paddelklingen auf jeder Seite ausgelegt sind.<br \/>\n<P> <strong> -kompartiment f\u00fcr Schuhe <\/strong>: Halten Sie Ihre Ger\u00e4te sauber und organisiert mit einem unabh\u00e4ngigen und bel\u00fcfteten Raum f\u00fcr Schuhe.<br \/>\n<P> <strong> -Additionale Basen <\/strong>: Es hat enge h\u00f6here und laterale Kompartimente, ideal f\u00fcr kleine oder Wertobjekte.<\/p>\n<h2> <strong> Nachhaltigkeit und ergonomisches Design <\/ strong> <\/ h2><br \/>\nMit nachhaltigen Materialien wie <strong> PolyThersulfon <\/strong> und <strong> recyceltes Polyester <\/strong> ist dieser Rucksack resistent und respektvoll f\u00fcr die Umwelt. Dar\u00fcber hinaus bietet das Design in Ton- und schwarzen Braunt\u00f6nen eine moderne und elegante Note. Die <strong> gepolsterten Netzgurte <\/strong> und einstellbare Griffe garantieren selbst in langen Sporttagen einen komfortablen und ergonomischen Transport.<\/p>\n<h2> <strong> Technische Spezifikationen <\/ strong> <\/ h2><br \/>\n<P> <strong> -Kapazit\u00e4t <\/strong>: 58 Liter<br \/>\n<P> <strong> -Dimensionen <\/strong>: 56 x 35 x 29 cm<\/p>\n<p> <strong> -Material <\/strong>: PolyThersulfon und recyceltes Polyester<\/p>\n<h2> <strong> Exklusive Vorteile <\/ strong> <\/ h2><br \/>\nDank seines intelligenten Designs und der qualitativ hochwertigen Materialien ist der <strong> adidas Multigame -Sand 3.4 2025 <\/strong> eine wesentliche Option f\u00fcr Spieler aller Ebenen, die nach <strong> Organisation, Comfort und Style <\/strong> in seiner Sportmannschaft suchen .<\/p>\n<p><strong> Kaufen Sie noch heute und bringen Sie Ihr Paddelerlebnis auf die n\u00e4chste Stufe! Verf\u00fcgbar in unserem Online -Shop <a href=\"https:\/\/www.revolutionpadelstore.com\/\"> www.revolutionpadelstore.com <\/a> wahrscheinlich zum besten Marktpreis<\/p>\n<h2>Mochila Adidas Multigame Sand 3.4 2025. <strong>Organizaci\u00f3n y Funcionalidad Premium<\/strong><\/p>\n","protected":false},"excerpt":{"rendered":"<p>Der adidas Multigame -Sand 3.4 2025 Rucksack sticht auf sein praktisches und elegantes Design aus und bietet thermische F\u00e4cher und spezifische Bel\u00fcftung, um die Paddelgabelausr\u00fcstung auf komfortable und sichere Weise zu sparen.<\/p>\n","protected":false},"featured_media":159915,"comment_status":"open","ping_status":"closed","template":"","meta":{"_acf_changed":false,"_joinchat":[]},"acabado":[],"balance":[],"dureza":[],"forma":[],"jugador":[],"marca":[1229],"nivel-de-juego":[],"superficie":[],"tipo-de-juego":[],"product_brand":[],"product_cat":[314],"product_tag":[],"class_list":{"0":"post-159956","1":"product","2":"type-product","3":"status-publish","4":"has-post-thumbnail","6":"marca-adidas-de","7":"product_cat-taschen","9":"first","10":"instock","11":"sale","12":"taxable","13":"shipping-taxable","14":"purchasable","15":"product-type-simple"},"acf":[],"yoast_head":"<!-- This site is optimized with the Yoast SEO plugin v27.4 - https:\/\/yoast.com\/product\/yoast-seo-wordpress\/ -->\n<title>MOCHILA ADIDAS MULTIGAME SAND 3.4 2025 - Revolution Padel Store<\/title>\n<meta name=\"description\" content=\"Descubre la Mochila Adidas Multigame Sand 3.4 2025, ideal para jugadores de p\u00e1del. Con capacidad de 58L, compartimentos t\u00e9rmicos y dise\u00f1o sostenible, es la opci\u00f3n perfecta para llevar tu equipo con estilo y comodidad. \u00a1Compra en Revolution Padel Store al mejor precio!\" \/>\n<meta name=\"robots\" content=\"index, follow, max-snippet:-1, max-image-preview:large, max-video-preview:-1\" \/>\n<link rel=\"canonical\" href=\"https:\/\/revolutionpadelstore.com\/de\/produkt\/mochila-adidas-multigame-sand-3-4-2025-1\/\" \/>\n<meta property=\"og:locale\" content=\"de_DE\" \/>\n<meta property=\"og:type\" content=\"article\" \/>\n<meta property=\"og:title\" content=\"MOCHILA ADIDAS MULTIGAME SAND 3.4 2025 - Revolution Padel Store\" \/>\n<meta property=\"og:description\" content=\"Descubre la Mochila Adidas Multigame Sand 3.4 2025, ideal para jugadores de p\u00e1del. Con capacidad de 58L, compartimentos t\u00e9rmicos y dise\u00f1o sostenible, es la opci\u00f3n perfecta para llevar tu equipo con estilo y comodidad. \u00a1Compra en Revolution Padel Store al mejor precio!\" \/>\n<meta property=\"og:url\" content=\"https:\/\/revolutionpadelstore.com\/de\/produkt\/mochila-adidas-multigame-sand-3-4-2025-1\/\" \/>\n<meta property=\"og:site_name\" content=\"Revolution Padel Store\" \/>\n<meta property=\"article:modified_time\" content=\"2026-04-08T06:27:08+00:00\" \/>\n<meta property=\"og:image\" content=\"https:\/\/revolutionpadelstore.com\/wp-content\/uploads\/2025\/01\/113717-mochila-adidas-multigame-sand-3-4-ab1ma1u591500x1500-1.webp\" \/>\n\t<meta property=\"og:image:width\" content=\"1500\" \/>\n\t<meta property=\"og:image:height\" content=\"1500\" \/>\n\t<meta property=\"og:image:type\" content=\"image\/webp\" \/>\n<meta name=\"twitter:card\" content=\"summary_large_image\" \/>\n<meta name=\"twitter:label1\" content=\"Gesch\u00e4tzte Lesezeit\" \/>\n\t<meta name=\"twitter:data1\" content=\"1\u00a0Minute\" \/>\n<script type=\"application\/ld+json\" class=\"yoast-schema-graph\">{\"@context\":\"https:\\\/\\\/schema.org\",\"@graph\":[{\"@type\":\"WebPage\",\"@id\":\"https:\\\/\\\/revolutionpadelstore.com\\\/de\\\/produkt\\\/mochila-adidas-multigame-sand-3-4-2025-1\\\/\",\"url\":\"https:\\\/\\\/revolutionpadelstore.com\\\/de\\\/produkt\\\/mochila-adidas-multigame-sand-3-4-2025-1\\\/\",\"name\":\"MOCHILA ADIDAS MULTIGAME SAND 3.4 2025 - Revolution Padel Store\",\"isPartOf\":{\"@id\":\"https:\\\/\\\/revolutionpadelstore.com\\\/de\\\/#website\"},\"primaryImageOfPage\":{\"@id\":\"https:\\\/\\\/revolutionpadelstore.com\\\/de\\\/produkt\\\/mochila-adidas-multigame-sand-3-4-2025-1\\\/#primaryimage\"},\"image\":{\"@id\":\"https:\\\/\\\/revolutionpadelstore.com\\\/de\\\/produkt\\\/mochila-adidas-multigame-sand-3-4-2025-1\\\/#primaryimage\"},\"thumbnailUrl\":\"https:\\\/\\\/revolutionpadelstore.com\\\/wp-content\\\/uploads\\\/2025\\\/01\\\/113717-mochila-adidas-multigame-sand-3-4-ab1ma1u591500x1500-1.webp\",\"datePublished\":\"2025-01-17T20:32:32+00:00\",\"dateModified\":\"2026-04-08T06:27:08+00:00\",\"description\":\"Descubre la Mochila Adidas Multigame Sand 3.4 2025, ideal para jugadores de p\u00e1del. Con capacidad de 58L, compartimentos t\u00e9rmicos y dise\u00f1o sostenible, es la opci\u00f3n perfecta para llevar tu equipo con estilo y comodidad. \u00a1Compra en Revolution Padel Store al mejor precio!\",\"breadcrumb\":{\"@id\":\"https:\\\/\\\/revolutionpadelstore.com\\\/de\\\/produkt\\\/mochila-adidas-multigame-sand-3-4-2025-1\\\/#breadcrumb\"},\"inLanguage\":\"de\",\"potentialAction\":[{\"@type\":\"ReadAction\",\"target\":[\"https:\\\/\\\/revolutionpadelstore.com\\\/de\\\/produkt\\\/mochila-adidas-multigame-sand-3-4-2025-1\\\/\"]}]},{\"@type\":\"ImageObject\",\"inLanguage\":\"de\",\"@id\":\"https:\\\/\\\/revolutionpadelstore.com\\\/de\\\/produkt\\\/mochila-adidas-multigame-sand-3-4-2025-1\\\/#primaryimage\",\"url\":\"https:\\\/\\\/revolutionpadelstore.com\\\/wp-content\\\/uploads\\\/2025\\\/01\\\/113717-mochila-adidas-multigame-sand-3-4-ab1ma1u591500x1500-1.webp\",\"contentUrl\":\"https:\\\/\\\/revolutionpadelstore.com\\\/wp-content\\\/uploads\\\/2025\\\/01\\\/113717-mochila-adidas-multigame-sand-3-4-ab1ma1u591500x1500-1.webp\",\"width\":1500,\"height\":1500},{\"@type\":\"BreadcrumbList\",\"@id\":\"https:\\\/\\\/revolutionpadelstore.com\\\/de\\\/produkt\\\/mochila-adidas-multigame-sand-3-4-2025-1\\\/#breadcrumb\",\"itemListElement\":[{\"@type\":\"ListItem\",\"position\":1,\"name\":\"Portada\",\"item\":\"https:\\\/\\\/revolutionpadelstore.com\\\/de\\\/\"},{\"@type\":\"ListItem\",\"position\":2,\"name\":\"Shop\",\"item\":\"https:\\\/\\\/revolutionpadelstore.com\\\/de\\\/tienda\\\/\"},{\"@type\":\"ListItem\",\"position\":3,\"name\":\"MOCHILA ADIDAS MULTIGAME SAND 3.4 2025\"}]},{\"@type\":\"WebSite\",\"@id\":\"https:\\\/\\\/revolutionpadelstore.com\\\/de\\\/#website\",\"url\":\"https:\\\/\\\/revolutionpadelstore.com\\\/de\\\/\",\"name\":\"Revolution Padel Store\",\"description\":\"\",\"publisher\":{\"@id\":\"https:\\\/\\\/revolutionpadelstore.com\\\/de\\\/#organization\"},\"potentialAction\":[{\"@type\":\"SearchAction\",\"target\":{\"@type\":\"EntryPoint\",\"urlTemplate\":\"https:\\\/\\\/revolutionpadelstore.com\\\/de\\\/?s={search_term_string}\"},\"query-input\":{\"@type\":\"PropertyValueSpecification\",\"valueRequired\":true,\"valueName\":\"search_term_string\"}}],\"inLanguage\":\"de\"},{\"@type\":\"Organization\",\"@id\":\"https:\\\/\\\/revolutionpadelstore.com\\\/de\\\/#organization\",\"name\":\"Revolution Padel Store\",\"url\":\"https:\\\/\\\/revolutionpadelstore.com\\\/de\\\/\",\"logo\":{\"@type\":\"ImageObject\",\"inLanguage\":\"de\",\"@id\":\"https:\\\/\\\/revolutionpadelstore.com\\\/de\\\/#\\\/schema\\\/logo\\\/image\\\/\",\"url\":\"https:\\\/\\\/revolutionpadelstore.com\\\/wp-content\\\/uploads\\\/2026\\\/02\\\/revolution-padel-store.jpg\",\"contentUrl\":\"https:\\\/\\\/revolutionpadelstore.com\\\/wp-content\\\/uploads\\\/2026\\\/02\\\/revolution-padel-store.jpg\",\"width\":2000,\"height\":2000,\"caption\":\"Revolution Padel Store\"},\"image\":{\"@id\":\"https:\\\/\\\/revolutionpadelstore.com\\\/de\\\/#\\\/schema\\\/logo\\\/image\\\/\"},\"sameAs\":[\"https:\\\/\\\/www.instagram.com\\\/revolutionpadelstore\\\/\"]}]}<\/script>\n<!-- \/ Yoast SEO plugin. -->","yoast_head_json":{"title":"MOCHILA ADIDAS MULTIGAME SAND 3.4 2025 - Revolution Padel Store","description":"Descubre la Mochila Adidas Multigame Sand 3.4 2025, ideal para jugadores de p\u00e1del. Con capacidad de 58L, compartimentos t\u00e9rmicos y dise\u00f1o sostenible, es la opci\u00f3n perfecta para llevar tu equipo con estilo y comodidad. \u00a1Compra en Revolution Padel Store al mejor precio!","robots":{"index":"index","follow":"follow","max-snippet":"max-snippet:-1","max-image-preview":"max-image-preview:large","max-video-preview":"max-video-preview:-1"},"canonical":"https:\/\/revolutionpadelstore.com\/de\/produkt\/mochila-adidas-multigame-sand-3-4-2025-1\/","og_locale":"de_DE","og_type":"article","og_title":"MOCHILA ADIDAS MULTIGAME SAND 3.4 2025 - Revolution Padel Store","og_description":"Descubre la Mochila Adidas Multigame Sand 3.4 2025, ideal para jugadores de p\u00e1del. Con capacidad de 58L, compartimentos t\u00e9rmicos y dise\u00f1o sostenible, es la opci\u00f3n perfecta para llevar tu equipo con estilo y comodidad. \u00a1Compra en Revolution Padel Store al mejor precio!","og_url":"https:\/\/revolutionpadelstore.com\/de\/produkt\/mochila-adidas-multigame-sand-3-4-2025-1\/","og_site_name":"Revolution Padel Store","article_modified_time":"2026-04-08T06:27:08+00:00","og_image":[{"width":1500,"height":1500,"url":"https:\/\/revolutionpadelstore.com\/wp-content\/uploads\/2025\/01\/113717-mochila-adidas-multigame-sand-3-4-ab1ma1u591500x1500-1.webp","type":"image\/webp"}],"twitter_card":"summary_large_image","twitter_misc":{"Gesch\u00e4tzte Lesezeit":"1\u00a0Minute"},"schema":{"@context":"https:\/\/schema.org","@graph":[{"@type":"WebPage","@id":"https:\/\/revolutionpadelstore.com\/de\/produkt\/mochila-adidas-multigame-sand-3-4-2025-1\/","url":"https:\/\/revolutionpadelstore.com\/de\/produkt\/mochila-adidas-multigame-sand-3-4-2025-1\/","name":"MOCHILA ADIDAS MULTIGAME SAND 3.4 2025 - Revolution Padel Store","isPartOf":{"@id":"https:\/\/revolutionpadelstore.com\/de\/#website"},"primaryImageOfPage":{"@id":"https:\/\/revolutionpadelstore.com\/de\/produkt\/mochila-adidas-multigame-sand-3-4-2025-1\/#primaryimage"},"image":{"@id":"https:\/\/revolutionpadelstore.com\/de\/produkt\/mochila-adidas-multigame-sand-3-4-2025-1\/#primaryimage"},"thumbnailUrl":"https:\/\/revolutionpadelstore.com\/wp-content\/uploads\/2025\/01\/113717-mochila-adidas-multigame-sand-3-4-ab1ma1u591500x1500-1.webp","datePublished":"2025-01-17T20:32:32+00:00","dateModified":"2026-04-08T06:27:08+00:00","description":"Descubre la Mochila Adidas Multigame Sand 3.4 2025, ideal para jugadores de p\u00e1del. Con capacidad de 58L, compartimentos t\u00e9rmicos y dise\u00f1o sostenible, es la opci\u00f3n perfecta para llevar tu equipo con estilo y comodidad. \u00a1Compra en Revolution Padel Store al mejor precio!","breadcrumb":{"@id":"https:\/\/revolutionpadelstore.com\/de\/produkt\/mochila-adidas-multigame-sand-3-4-2025-1\/#breadcrumb"},"inLanguage":"de","potentialAction":[{"@type":"ReadAction","target":["https:\/\/revolutionpadelstore.com\/de\/produkt\/mochila-adidas-multigame-sand-3-4-2025-1\/"]}]},{"@type":"ImageObject","inLanguage":"de","@id":"https:\/\/revolutionpadelstore.com\/de\/produkt\/mochila-adidas-multigame-sand-3-4-2025-1\/#primaryimage","url":"https:\/\/revolutionpadelstore.com\/wp-content\/uploads\/2025\/01\/113717-mochila-adidas-multigame-sand-3-4-ab1ma1u591500x1500-1.webp","contentUrl":"https:\/\/revolutionpadelstore.com\/wp-content\/uploads\/2025\/01\/113717-mochila-adidas-multigame-sand-3-4-ab1ma1u591500x1500-1.webp","width":1500,"height":1500},{"@type":"BreadcrumbList","@id":"https:\/\/revolutionpadelstore.com\/de\/produkt\/mochila-adidas-multigame-sand-3-4-2025-1\/#breadcrumb","itemListElement":[{"@type":"ListItem","position":1,"name":"Portada","item":"https:\/\/revolutionpadelstore.com\/de\/"},{"@type":"ListItem","position":2,"name":"Shop","item":"https:\/\/revolutionpadelstore.com\/de\/tienda\/"},{"@type":"ListItem","position":3,"name":"MOCHILA ADIDAS MULTIGAME SAND 3.4 2025"}]},{"@type":"WebSite","@id":"https:\/\/revolutionpadelstore.com\/de\/#website","url":"https:\/\/revolutionpadelstore.com\/de\/","name":"Revolution Padel Store","description":"","publisher":{"@id":"https:\/\/revolutionpadelstore.com\/de\/#organization"},"potentialAction":[{"@type":"SearchAction","target":{"@type":"EntryPoint","urlTemplate":"https:\/\/revolutionpadelstore.com\/de\/?s={search_term_string}"},"query-input":{"@type":"PropertyValueSpecification","valueRequired":true,"valueName":"search_term_string"}}],"inLanguage":"de"},{"@type":"Organization","@id":"https:\/\/revolutionpadelstore.com\/de\/#organization","name":"Revolution Padel Store","url":"https:\/\/revolutionpadelstore.com\/de\/","logo":{"@type":"ImageObject","inLanguage":"de","@id":"https:\/\/revolutionpadelstore.com\/de\/#\/schema\/logo\/image\/","url":"https:\/\/revolutionpadelstore.com\/wp-content\/uploads\/2026\/02\/revolution-padel-store.jpg","contentUrl":"https:\/\/revolutionpadelstore.com\/wp-content\/uploads\/2026\/02\/revolution-padel-store.jpg","width":2000,"height":2000,"caption":"Revolution Padel Store"},"image":{"@id":"https:\/\/revolutionpadelstore.com\/de\/#\/schema\/logo\/image\/"},"sameAs":["https:\/\/www.instagram.com\/revolutionpadelstore\/"]}]}},"_links":{"self":[{"href":"https:\/\/revolutionpadelstore.com\/de\/wp-json\/wp\/v2\/product\/159956","targetHints":{"allow":["GET"]}}],"collection":[{"href":"https:\/\/revolutionpadelstore.com\/de\/wp-json\/wp\/v2\/product"}],"about":[{"href":"https:\/\/revolutionpadelstore.com\/de\/wp-json\/wp\/v2\/types\/product"}],"replies":[{"embeddable":true,"href":"https:\/\/revolutionpadelstore.com\/de\/wp-json\/wp\/v2\/comments?post=159956"}],"wp:featuredmedia":[{"embeddable":true,"href":"https:\/\/revolutionpadelstore.com\/de\/wp-json\/wp\/v2\/media\/159915"}],"wp:attachment":[{"href":"https:\/\/revolutionpadelstore.com\/de\/wp-json\/wp\/v2\/media?parent=159956"}],"wp:term":[{"taxonomy":"acabado","embeddable":true,"href":"https:\/\/revolutionpadelstore.com\/de\/wp-json\/wp\/v2\/acabado?post=159956"},{"taxonomy":"balance","embeddable":true,"href":"https:\/\/revolutionpadelstore.com\/de\/wp-json\/wp\/v2\/balance?post=159956"},{"taxonomy":"dureza","embeddable":true,"href":"https:\/\/revolutionpadelstore.com\/de\/wp-json\/wp\/v2\/dureza?post=159956"},{"taxonomy":"forma","embeddable":true,"href":"https:\/\/revolutionpadelstore.com\/de\/wp-json\/wp\/v2\/forma?post=159956"},{"taxonomy":"jugador","embeddable":true,"href":"https:\/\/revolutionpadelstore.com\/de\/wp-json\/wp\/v2\/jugador?post=159956"},{"taxonomy":"marca","embeddable":true,"href":"https:\/\/revolutionpadelstore.com\/de\/wp-json\/wp\/v2\/marca?post=159956"},{"taxonomy":"nivel-de-juego","embeddable":true,"href":"https:\/\/revolutionpadelstore.com\/de\/wp-json\/wp\/v2\/nivel-de-juego?post=159956"},{"taxonomy":"superficie","embeddable":true,"href":"https:\/\/revolutionpadelstore.com\/de\/wp-json\/wp\/v2\/superficie?post=159956"},{"taxonomy":"tipo-de-juego","embeddable":true,"href":"https:\/\/revolutionpadelstore.com\/de\/wp-json\/wp\/v2\/tipo-de-juego?post=159956"},{"taxonomy":"product_brand","embeddable":true,"href":"https:\/\/revolutionpadelstore.com\/de\/wp-json\/wp\/v2\/product_brand?post=159956"},{"taxonomy":"product_cat","embeddable":true,"href":"https:\/\/revolutionpadelstore.com\/de\/wp-json\/wp\/v2\/product_cat?post=159956"},{"taxonomy":"product_tag","embeddable":true,"href":"https:\/\/revolutionpadelstore.com\/de\/wp-json\/wp\/v2\/product_tag?post=159956"}],"curies":[{"name":"wp","href":"https:\/\/api.w.org\/{rel}","templated":true}]}}