{"id":159908,"date":"2025-01-17T21:15:41","date_gmt":"2025-01-17T20:15:41","guid":{"rendered":"https:\/\/revolutionpadelstore.com\/mochila-adidas-protour-black-3-4-2025\/"},"modified":"2026-04-08T08:27:31","modified_gmt":"2026-04-08T06:27:31","slug":"mochila-adidas-protour-black-3-4-2025-1","status":"publish","type":"product","link":"https:\/\/revolutionpadelstore.com\/de\/produkt\/mochila-adidas-protour-black-3-4-2025-1\/","title":{"rendered":"MOCHILA ADIDAS PROTOUR BLACK 3.4 2025"},"content":{"rendered":"<h2> adidas schwarz schwarz 3.4 2025 Rucksack<br \/>\nDer adidas -Rucksack von <strong> Black Black 3.4 <\/strong> ist die perfekte Wahl f\u00fcr Paddle -Player, die sowohl Funktionalit\u00e4t als auch Stil sch\u00e4tzen. Dieser Rucksack ist Teil der exklusiven 2025 -Kollektion von Adidas und kombiniert modernes Design und Komfort und ist ideal, um alles zu transportieren, was f\u00fcr Ihr Training und Ihre \u00dcbereinstimmungen erforderlich ist.<\/p>\n<h2> Haupteigenschaften: <\/H2><\/p>\n<p> <strong> -Amplio Hauptkompartiment <\/strong> mit einem U -Rei\u00dfverschluss f\u00fcr schnelle und einfache Zugriff auf Ihre Artikel<br \/>\n<P> <strong> -Laterale Bolsillos mit Rei\u00dfverschluss <\/strong> perfekt f\u00fcr die Aufrechterhaltung Ihres organisierten und sicheren Zubeh\u00f6rs<br \/>\n<P> <strong> -Artes -Elastizit\u00e4tsschnur in der Vorderseite <\/strong>, was es uns nicht nur erm\u00f6glicht, das Volumen des Rucksacks zu regulieren, sondern dem Design auch eine unverwechselbare Note verleiht. \/p&gt;<\/p>\n<h2> Maximaler Schutz und Komfort: <\/ h2><\/p>\n<p> <strong> -Colchado hinten <\/strong>, ideal zum Tragen zarter Objekte wie einem Laptop oder wichtigen Dokumenten.<br \/>\n<P> <strong> -Korreas und zitierte R\u00fcckseite <\/strong>, die Ihnen auch in den l\u00e4ngsten Tagen einen h\u00f6heren Komfort bieten.<br \/>\n<P>-Mesh-Beschichtung in der R\u00fcckseite f\u00fcr bessere Atmungsaktivit\u00e4t<\/p>\n<h2> nachhaltige Materialien und Abmessungen: <\/ H2><\/p>\n<p>-Hergestellt mit <strong> polyTheersulfone <\/strong> und <strong> recyceltes Polyester <\/strong> ist dieser Rucksack nicht nur dauerhaft, sondern auch eine respektvolle Option mit der Umgebung. <\/p>\n<p>-Abmessungen: <strong> 32 x 50 x 23 cm <\/strong><\/p>\n<p>-Kapazit\u00e4t: <strong> 40 Liter <\/strong><br \/>\nDieser Rucksack ist eine hervorragende Option f\u00fcr die anspruchsvollsten Spieler, die eine praktische und stilisierte L\u00f6sung suchen, um ihre Paddelger\u00e4te und pers\u00f6nlichen Gegenst\u00e4nde zu tragen.<\/p>\n<p>Erwerben Sie jetzt den adidas schwarzen Schwarz 3.4 2025 Rucksack in unserem Online -Shop <a href=\"https:\/\/www.revolutionpadelstore.com\/\"> Revolution Padel Store <\/a> wahrscheinlich zum besten Marktpreis!<\/p>\n<h2>Mochila Adidas Protour Black 3.4 2025<\/h2>\n","protected":false},"excerpt":{"rendered":"<p>Adidas Black Black 3.4 2025 Rucksack zeichnet sich nach seiner breiten Kapazit\u00e4t, einem gepolsterten hinteren Fach und ergonomischen Gurten aus. Vorbereitet mit \u00f6kologischen Materialien ist die perfekte Kombination aus Praktikabilit\u00e4t und Design, ideal f\u00fcr Sportler und Reisende.<\/p>\n","protected":false},"featured_media":159867,"comment_status":"open","ping_status":"closed","template":"","meta":{"_acf_changed":false,"_joinchat":[]},"acabado":[],"balance":[],"dureza":[],"forma":[],"jugador":[],"marca":[1229],"nivel-de-juego":[],"superficie":[],"tipo-de-juego":[],"product_brand":[],"product_cat":[314],"product_tag":[],"class_list":{"0":"post-159908","1":"product","2":"type-product","3":"status-publish","4":"has-post-thumbnail","6":"marca-adidas-de","7":"product_cat-taschen","9":"first","10":"instock","11":"sale","12":"taxable","13":"shipping-taxable","14":"purchasable","15":"product-type-simple"},"acf":[],"yoast_head":"<!-- This site is optimized with the Yoast SEO plugin v27.4 - https:\/\/yoast.com\/product\/yoast-seo-wordpress\/ -->\n<title>MOCHILA ADIDAS PROTOUR BLACK 3.4 2025 - Revolution Padel Store<\/title>\n<meta name=\"description\" content=\"Descubre la Mochila Adidas Protour Black 3.4 de la colecci\u00f3n 2025, dise\u00f1ada para jugadores de p\u00e1del exigentes. Con compartimentos amplios, materiales sostenibles y comodidad superior, est\u00e1 disponible en Revolution Padel Store al mejor precio.\" \/>\n<meta name=\"robots\" content=\"index, follow, max-snippet:-1, max-image-preview:large, max-video-preview:-1\" \/>\n<link rel=\"canonical\" href=\"https:\/\/revolutionpadelstore.com\/de\/produkt\/mochila-adidas-protour-black-3-4-2025-1\/\" \/>\n<meta property=\"og:locale\" content=\"de_DE\" \/>\n<meta property=\"og:type\" content=\"article\" \/>\n<meta property=\"og:title\" content=\"MOCHILA ADIDAS PROTOUR BLACK 3.4 2025 - Revolution Padel Store\" \/>\n<meta property=\"og:description\" content=\"Descubre la Mochila Adidas Protour Black 3.4 de la colecci\u00f3n 2025, dise\u00f1ada para jugadores de p\u00e1del exigentes. Con compartimentos amplios, materiales sostenibles y comodidad superior, est\u00e1 disponible en Revolution Padel Store al mejor precio.\" \/>\n<meta property=\"og:url\" content=\"https:\/\/revolutionpadelstore.com\/de\/produkt\/mochila-adidas-protour-black-3-4-2025-1\/\" \/>\n<meta property=\"og:site_name\" content=\"Revolution Padel Store\" \/>\n<meta property=\"article:modified_time\" content=\"2026-04-08T06:27:31+00:00\" \/>\n<meta property=\"og:image\" content=\"https:\/\/revolutionpadelstore.com\/wp-content\/uploads\/2025\/01\/113718-mochila-adidas-protour-black-3-4-ab1ma4u101500x1500-1.webp\" \/>\n\t<meta property=\"og:image:width\" content=\"1500\" \/>\n\t<meta property=\"og:image:height\" content=\"1500\" \/>\n\t<meta property=\"og:image:type\" content=\"image\/webp\" \/>\n<meta name=\"twitter:card\" content=\"summary_large_image\" \/>\n<meta name=\"twitter:label1\" content=\"Gesch\u00e4tzte Lesezeit\" \/>\n\t<meta name=\"twitter:data1\" content=\"1\u00a0Minute\" \/>\n<script type=\"application\/ld+json\" class=\"yoast-schema-graph\">{\"@context\":\"https:\\\/\\\/schema.org\",\"@graph\":[{\"@type\":\"WebPage\",\"@id\":\"https:\\\/\\\/revolutionpadelstore.com\\\/de\\\/produkt\\\/mochila-adidas-protour-black-3-4-2025-1\\\/\",\"url\":\"https:\\\/\\\/revolutionpadelstore.com\\\/de\\\/produkt\\\/mochila-adidas-protour-black-3-4-2025-1\\\/\",\"name\":\"MOCHILA ADIDAS PROTOUR BLACK 3.4 2025 - Revolution Padel Store\",\"isPartOf\":{\"@id\":\"https:\\\/\\\/revolutionpadelstore.com\\\/de\\\/#website\"},\"primaryImageOfPage\":{\"@id\":\"https:\\\/\\\/revolutionpadelstore.com\\\/de\\\/produkt\\\/mochila-adidas-protour-black-3-4-2025-1\\\/#primaryimage\"},\"image\":{\"@id\":\"https:\\\/\\\/revolutionpadelstore.com\\\/de\\\/produkt\\\/mochila-adidas-protour-black-3-4-2025-1\\\/#primaryimage\"},\"thumbnailUrl\":\"https:\\\/\\\/revolutionpadelstore.com\\\/wp-content\\\/uploads\\\/2025\\\/01\\\/113718-mochila-adidas-protour-black-3-4-ab1ma4u101500x1500-1.webp\",\"datePublished\":\"2025-01-17T20:15:41+00:00\",\"dateModified\":\"2026-04-08T06:27:31+00:00\",\"description\":\"Descubre la Mochila Adidas Protour Black 3.4 de la colecci\u00f3n 2025, dise\u00f1ada para jugadores de p\u00e1del exigentes. Con compartimentos amplios, materiales sostenibles y comodidad superior, est\u00e1 disponible en Revolution Padel Store al mejor precio.\",\"breadcrumb\":{\"@id\":\"https:\\\/\\\/revolutionpadelstore.com\\\/de\\\/produkt\\\/mochila-adidas-protour-black-3-4-2025-1\\\/#breadcrumb\"},\"inLanguage\":\"de\",\"potentialAction\":[{\"@type\":\"ReadAction\",\"target\":[\"https:\\\/\\\/revolutionpadelstore.com\\\/de\\\/produkt\\\/mochila-adidas-protour-black-3-4-2025-1\\\/\"]}]},{\"@type\":\"ImageObject\",\"inLanguage\":\"de\",\"@id\":\"https:\\\/\\\/revolutionpadelstore.com\\\/de\\\/produkt\\\/mochila-adidas-protour-black-3-4-2025-1\\\/#primaryimage\",\"url\":\"https:\\\/\\\/revolutionpadelstore.com\\\/wp-content\\\/uploads\\\/2025\\\/01\\\/113718-mochila-adidas-protour-black-3-4-ab1ma4u101500x1500-1.webp\",\"contentUrl\":\"https:\\\/\\\/revolutionpadelstore.com\\\/wp-content\\\/uploads\\\/2025\\\/01\\\/113718-mochila-adidas-protour-black-3-4-ab1ma4u101500x1500-1.webp\",\"width\":1500,\"height\":1500},{\"@type\":\"BreadcrumbList\",\"@id\":\"https:\\\/\\\/revolutionpadelstore.com\\\/de\\\/produkt\\\/mochila-adidas-protour-black-3-4-2025-1\\\/#breadcrumb\",\"itemListElement\":[{\"@type\":\"ListItem\",\"position\":1,\"name\":\"Portada\",\"item\":\"https:\\\/\\\/revolutionpadelstore.com\\\/de\\\/\"},{\"@type\":\"ListItem\",\"position\":2,\"name\":\"Shop\",\"item\":\"https:\\\/\\\/revolutionpadelstore.com\\\/de\\\/tienda\\\/\"},{\"@type\":\"ListItem\",\"position\":3,\"name\":\"MOCHILA ADIDAS PROTOUR BLACK 3.4 2025\"}]},{\"@type\":\"WebSite\",\"@id\":\"https:\\\/\\\/revolutionpadelstore.com\\\/de\\\/#website\",\"url\":\"https:\\\/\\\/revolutionpadelstore.com\\\/de\\\/\",\"name\":\"Revolution Padel Store\",\"description\":\"\",\"publisher\":{\"@id\":\"https:\\\/\\\/revolutionpadelstore.com\\\/de\\\/#organization\"},\"potentialAction\":[{\"@type\":\"SearchAction\",\"target\":{\"@type\":\"EntryPoint\",\"urlTemplate\":\"https:\\\/\\\/revolutionpadelstore.com\\\/de\\\/?s={search_term_string}\"},\"query-input\":{\"@type\":\"PropertyValueSpecification\",\"valueRequired\":true,\"valueName\":\"search_term_string\"}}],\"inLanguage\":\"de\"},{\"@type\":\"Organization\",\"@id\":\"https:\\\/\\\/revolutionpadelstore.com\\\/de\\\/#organization\",\"name\":\"Revolution Padel Store\",\"url\":\"https:\\\/\\\/revolutionpadelstore.com\\\/de\\\/\",\"logo\":{\"@type\":\"ImageObject\",\"inLanguage\":\"de\",\"@id\":\"https:\\\/\\\/revolutionpadelstore.com\\\/de\\\/#\\\/schema\\\/logo\\\/image\\\/\",\"url\":\"https:\\\/\\\/revolutionpadelstore.com\\\/wp-content\\\/uploads\\\/2026\\\/02\\\/revolution-padel-store.jpg\",\"contentUrl\":\"https:\\\/\\\/revolutionpadelstore.com\\\/wp-content\\\/uploads\\\/2026\\\/02\\\/revolution-padel-store.jpg\",\"width\":2000,\"height\":2000,\"caption\":\"Revolution Padel Store\"},\"image\":{\"@id\":\"https:\\\/\\\/revolutionpadelstore.com\\\/de\\\/#\\\/schema\\\/logo\\\/image\\\/\"},\"sameAs\":[\"https:\\\/\\\/www.instagram.com\\\/revolutionpadelstore\\\/\"]}]}<\/script>\n<!-- \/ Yoast SEO plugin. -->","yoast_head_json":{"title":"MOCHILA ADIDAS PROTOUR BLACK 3.4 2025 - Revolution Padel Store","description":"Descubre la Mochila Adidas Protour Black 3.4 de la colecci\u00f3n 2025, dise\u00f1ada para jugadores de p\u00e1del exigentes. Con compartimentos amplios, materiales sostenibles y comodidad superior, est\u00e1 disponible en Revolution Padel Store al mejor precio.","robots":{"index":"index","follow":"follow","max-snippet":"max-snippet:-1","max-image-preview":"max-image-preview:large","max-video-preview":"max-video-preview:-1"},"canonical":"https:\/\/revolutionpadelstore.com\/de\/produkt\/mochila-adidas-protour-black-3-4-2025-1\/","og_locale":"de_DE","og_type":"article","og_title":"MOCHILA ADIDAS PROTOUR BLACK 3.4 2025 - Revolution Padel Store","og_description":"Descubre la Mochila Adidas Protour Black 3.4 de la colecci\u00f3n 2025, dise\u00f1ada para jugadores de p\u00e1del exigentes. Con compartimentos amplios, materiales sostenibles y comodidad superior, est\u00e1 disponible en Revolution Padel Store al mejor precio.","og_url":"https:\/\/revolutionpadelstore.com\/de\/produkt\/mochila-adidas-protour-black-3-4-2025-1\/","og_site_name":"Revolution Padel Store","article_modified_time":"2026-04-08T06:27:31+00:00","og_image":[{"width":1500,"height":1500,"url":"https:\/\/revolutionpadelstore.com\/wp-content\/uploads\/2025\/01\/113718-mochila-adidas-protour-black-3-4-ab1ma4u101500x1500-1.webp","type":"image\/webp"}],"twitter_card":"summary_large_image","twitter_misc":{"Gesch\u00e4tzte Lesezeit":"1\u00a0Minute"},"schema":{"@context":"https:\/\/schema.org","@graph":[{"@type":"WebPage","@id":"https:\/\/revolutionpadelstore.com\/de\/produkt\/mochila-adidas-protour-black-3-4-2025-1\/","url":"https:\/\/revolutionpadelstore.com\/de\/produkt\/mochila-adidas-protour-black-3-4-2025-1\/","name":"MOCHILA ADIDAS PROTOUR BLACK 3.4 2025 - Revolution Padel Store","isPartOf":{"@id":"https:\/\/revolutionpadelstore.com\/de\/#website"},"primaryImageOfPage":{"@id":"https:\/\/revolutionpadelstore.com\/de\/produkt\/mochila-adidas-protour-black-3-4-2025-1\/#primaryimage"},"image":{"@id":"https:\/\/revolutionpadelstore.com\/de\/produkt\/mochila-adidas-protour-black-3-4-2025-1\/#primaryimage"},"thumbnailUrl":"https:\/\/revolutionpadelstore.com\/wp-content\/uploads\/2025\/01\/113718-mochila-adidas-protour-black-3-4-ab1ma4u101500x1500-1.webp","datePublished":"2025-01-17T20:15:41+00:00","dateModified":"2026-04-08T06:27:31+00:00","description":"Descubre la Mochila Adidas Protour Black 3.4 de la colecci\u00f3n 2025, dise\u00f1ada para jugadores de p\u00e1del exigentes. Con compartimentos amplios, materiales sostenibles y comodidad superior, est\u00e1 disponible en Revolution Padel Store al mejor precio.","breadcrumb":{"@id":"https:\/\/revolutionpadelstore.com\/de\/produkt\/mochila-adidas-protour-black-3-4-2025-1\/#breadcrumb"},"inLanguage":"de","potentialAction":[{"@type":"ReadAction","target":["https:\/\/revolutionpadelstore.com\/de\/produkt\/mochila-adidas-protour-black-3-4-2025-1\/"]}]},{"@type":"ImageObject","inLanguage":"de","@id":"https:\/\/revolutionpadelstore.com\/de\/produkt\/mochila-adidas-protour-black-3-4-2025-1\/#primaryimage","url":"https:\/\/revolutionpadelstore.com\/wp-content\/uploads\/2025\/01\/113718-mochila-adidas-protour-black-3-4-ab1ma4u101500x1500-1.webp","contentUrl":"https:\/\/revolutionpadelstore.com\/wp-content\/uploads\/2025\/01\/113718-mochila-adidas-protour-black-3-4-ab1ma4u101500x1500-1.webp","width":1500,"height":1500},{"@type":"BreadcrumbList","@id":"https:\/\/revolutionpadelstore.com\/de\/produkt\/mochila-adidas-protour-black-3-4-2025-1\/#breadcrumb","itemListElement":[{"@type":"ListItem","position":1,"name":"Portada","item":"https:\/\/revolutionpadelstore.com\/de\/"},{"@type":"ListItem","position":2,"name":"Shop","item":"https:\/\/revolutionpadelstore.com\/de\/tienda\/"},{"@type":"ListItem","position":3,"name":"MOCHILA ADIDAS PROTOUR BLACK 3.4 2025"}]},{"@type":"WebSite","@id":"https:\/\/revolutionpadelstore.com\/de\/#website","url":"https:\/\/revolutionpadelstore.com\/de\/","name":"Revolution Padel Store","description":"","publisher":{"@id":"https:\/\/revolutionpadelstore.com\/de\/#organization"},"potentialAction":[{"@type":"SearchAction","target":{"@type":"EntryPoint","urlTemplate":"https:\/\/revolutionpadelstore.com\/de\/?s={search_term_string}"},"query-input":{"@type":"PropertyValueSpecification","valueRequired":true,"valueName":"search_term_string"}}],"inLanguage":"de"},{"@type":"Organization","@id":"https:\/\/revolutionpadelstore.com\/de\/#organization","name":"Revolution Padel Store","url":"https:\/\/revolutionpadelstore.com\/de\/","logo":{"@type":"ImageObject","inLanguage":"de","@id":"https:\/\/revolutionpadelstore.com\/de\/#\/schema\/logo\/image\/","url":"https:\/\/revolutionpadelstore.com\/wp-content\/uploads\/2026\/02\/revolution-padel-store.jpg","contentUrl":"https:\/\/revolutionpadelstore.com\/wp-content\/uploads\/2026\/02\/revolution-padel-store.jpg","width":2000,"height":2000,"caption":"Revolution Padel Store"},"image":{"@id":"https:\/\/revolutionpadelstore.com\/de\/#\/schema\/logo\/image\/"},"sameAs":["https:\/\/www.instagram.com\/revolutionpadelstore\/"]}]}},"_links":{"self":[{"href":"https:\/\/revolutionpadelstore.com\/de\/wp-json\/wp\/v2\/product\/159908","targetHints":{"allow":["GET"]}}],"collection":[{"href":"https:\/\/revolutionpadelstore.com\/de\/wp-json\/wp\/v2\/product"}],"about":[{"href":"https:\/\/revolutionpadelstore.com\/de\/wp-json\/wp\/v2\/types\/product"}],"replies":[{"embeddable":true,"href":"https:\/\/revolutionpadelstore.com\/de\/wp-json\/wp\/v2\/comments?post=159908"}],"wp:featuredmedia":[{"embeddable":true,"href":"https:\/\/revolutionpadelstore.com\/de\/wp-json\/wp\/v2\/media\/159867"}],"wp:attachment":[{"href":"https:\/\/revolutionpadelstore.com\/de\/wp-json\/wp\/v2\/media?parent=159908"}],"wp:term":[{"taxonomy":"acabado","embeddable":true,"href":"https:\/\/revolutionpadelstore.com\/de\/wp-json\/wp\/v2\/acabado?post=159908"},{"taxonomy":"balance","embeddable":true,"href":"https:\/\/revolutionpadelstore.com\/de\/wp-json\/wp\/v2\/balance?post=159908"},{"taxonomy":"dureza","embeddable":true,"href":"https:\/\/revolutionpadelstore.com\/de\/wp-json\/wp\/v2\/dureza?post=159908"},{"taxonomy":"forma","embeddable":true,"href":"https:\/\/revolutionpadelstore.com\/de\/wp-json\/wp\/v2\/forma?post=159908"},{"taxonomy":"jugador","embeddable":true,"href":"https:\/\/revolutionpadelstore.com\/de\/wp-json\/wp\/v2\/jugador?post=159908"},{"taxonomy":"marca","embeddable":true,"href":"https:\/\/revolutionpadelstore.com\/de\/wp-json\/wp\/v2\/marca?post=159908"},{"taxonomy":"nivel-de-juego","embeddable":true,"href":"https:\/\/revolutionpadelstore.com\/de\/wp-json\/wp\/v2\/nivel-de-juego?post=159908"},{"taxonomy":"superficie","embeddable":true,"href":"https:\/\/revolutionpadelstore.com\/de\/wp-json\/wp\/v2\/superficie?post=159908"},{"taxonomy":"tipo-de-juego","embeddable":true,"href":"https:\/\/revolutionpadelstore.com\/de\/wp-json\/wp\/v2\/tipo-de-juego?post=159908"},{"taxonomy":"product_brand","embeddable":true,"href":"https:\/\/revolutionpadelstore.com\/de\/wp-json\/wp\/v2\/product_brand?post=159908"},{"taxonomy":"product_cat","embeddable":true,"href":"https:\/\/revolutionpadelstore.com\/de\/wp-json\/wp\/v2\/product_cat?post=159908"},{"taxonomy":"product_tag","embeddable":true,"href":"https:\/\/revolutionpadelstore.com\/de\/wp-json\/wp\/v2\/product_tag?post=159908"}],"curies":[{"name":"wp","href":"https:\/\/api.w.org\/{rel}","templated":true}]}}