{"id":159768,"date":"2025-01-17T08:24:59","date_gmt":"2025-01-17T07:24:59","guid":{"rendered":"https:\/\/revolutionpadelstore.com\/?post_type=product&#038;p=159768"},"modified":"2026-04-08T08:28:37","modified_gmt":"2026-04-08T06:28:37","slug":"bolsa-de-deporte-adidas-offwhite-3-4-mujer-1","status":"publish","type":"product","link":"https:\/\/revolutionpadelstore.com\/de\/produkt\/bolsa-de-deporte-adidas-offwhite-3-4-mujer-1\/","title":{"rendered":"BOLSA DE DEPORTE ADIDAS OFFWHITE 3.4 MUJER"},"content":{"rendered":"<h2> <strong> adidas offwhite Sports Bag 3.4 &#8211; Funktionalit\u00e4t, Stil und Haltbarkeit <\/ strong> <\/ h2><br \/>\nEntdecken Sie die <strong> adidas offwhite 3.4 <\/strong>, eine perfekte Wahl f\u00fcr Paddle -Spieler, die nach modernem Design und maximaler Praktikabilit\u00e4t suchen. Inspiriert von der <strong> Martita Ortega <\/strong> -Kollektion kombiniert diese Tasche dank ihrer hochwertigen Materialien Technologie, Stil und Respekt f\u00fcr die Umwelt.<\/p>\n<h2> <strong> Prominente Eigenschaften <\/ strong> <\/ h2><br \/>\n<P> <strong> -Premium Materialien <\/strong> mit recyceltem Polyester und Polysulfon hergestellt, wodurch Widerstand, Haltbarkeit und Nachhaltigkeit gew\u00e4hrleistet werden.<br \/>\n<P> <strong> -Antordierbares Kapital <\/strong>: Abmessungen von 45 x 40 x 28 cm mit einstellbarem Volumen von 30 bis 35 Litern, ideal f\u00fcr jeden Anlass.<br \/>\n<P> <strong> -in intelligentes Design <\/strong>: Er\u00f6ffnungssystem Typ &#8216;Rolltop&#8217; mit anpassungsf\u00e4higer Schnalle und Rei\u00dfverschluss f\u00fcr einen sicheren Verschluss<br \/>\n<P> <strong> -S Practical Score <\/strong>: Zwei Seitentaschen mit Rei\u00dfverschluss f\u00fcr Schaufeln oder pers\u00f6nliches Zubeh\u00f6r.<br \/>\n<P> <strong> -An Comoding <\/strong>: Ergonomische Griffe, um sie leicht mit ihrer Schulter zu nehmen, perfekt f\u00fcr h\u00e4ufige Verschiebungen.<\/p>\n<h2> <strong> Martita Ortega Special Edition <\/ strong> <\/ h2><br \/>\nDie Exklusivit\u00e4t dieser Tasche sticht mit einem von Martita Ortega <\/strong> signierten Anh\u00e4ngeretikett auf, wobei Authentizit\u00e4t und eine einzigartige Note hinzugef\u00fcgt werden. Dieses Detail wandelt zusammen mit seinem vielseitigen und modernen Design die <strong> adidas offwhite 3.4 <\/strong> ein idealer Partner f\u00fcr Training und Wettbewerbe.<\/p>\n<h2> <strong> Vorteile f\u00fcr fordernde Spieler <\/ strong> <\/ h2><\/p>\n<p>-tadellose Organisation, um Ihre Ausr\u00fcstung in Ordnung zu halten<\/p>\n<p>-leichte und resistente Materialien, optimiert f\u00fcr Tag f\u00fcr Tag.<\/p>\n<p>-Avantgarde-Stil, der Ihren Sport-Look erg\u00e4nzt<\/p>\n<h2> <strong> Holen Sie sich sie heute!<br \/>\nErh\u00f6hen Sie Ihre Erfahrungen im Paddel f\u00fcr die adidas offwhite 3.4 Sports Stock Exchange, die in unserem Online -Shop erh\u00e4ltlich ist. <strong> <a href=\"https:\/\/chatgpt.com\/g\/g-675432e026888191b6ee6d6f2fdbb15e-optimization-textos\/c\/www.revolutionpadelstore.com\"> Revolution Padel Store <\/a> <\/strong>. Wahrscheinlich zum besten Marktpreis! Warten Sie nicht mehr, kombinieren Sie Funktionen und Design in einem einzelnen Produkt.<br \/>\n<H3> <\/h3>\n<h2><strong>Bolsa de Deporte Adidas Offwhite 3.4 &#8211; Funcionalidad, Estilo y Durabilidad<\/strong><\/p>\n","protected":false},"excerpt":{"rendered":"<p>Die adidas offwhite 3.4 Sports Bag bietet dank seiner gro\u00dfartigen Kapazit\u00e4t und der einstellbaren Handles eine hervorragende Praktikabilit\u00e4t, die beim Transport Ihrer Sportmannschaft Komfort gew\u00e4hrleisten.<\/p>\n","protected":false},"featured_media":159774,"comment_status":"open","ping_status":"closed","template":"","meta":{"_acf_changed":false,"_joinchat":[]},"acabado":[],"balance":[],"dureza":[],"forma":[],"jugador":[],"marca":[1229],"nivel-de-juego":[],"superficie":[],"tipo-de-juego":[],"product_brand":[],"product_cat":[314],"product_tag":[],"class_list":{"0":"post-159768","1":"product","2":"type-product","3":"status-publish","4":"has-post-thumbnail","6":"marca-adidas-de","7":"product_cat-taschen","9":"first","10":"instock","11":"sale","12":"taxable","13":"shipping-taxable","14":"purchasable","15":"product-type-simple"},"acf":[],"yoast_head":"<!-- This site is optimized with the Yoast SEO plugin v27.4 - https:\/\/yoast.com\/product\/yoast-seo-wordpress\/ -->\n<title>BOLSA DE DEPORTE ADIDAS OFFWHITE 3.4 MUJER - Revolution Padel Store<\/title>\n<meta name=\"description\" content=\"Compra la Bolsa de Deporte Adidas Offwhite 3.4 de la colecci\u00f3n Martita Ortega. Versatilidad, dise\u00f1o y materiales de calidad. Encu\u00e9ntrala al mejor precio en Revolution Padel Store.\" \/>\n<meta name=\"robots\" content=\"index, follow, max-snippet:-1, max-image-preview:large, max-video-preview:-1\" \/>\n<link rel=\"canonical\" href=\"https:\/\/revolutionpadelstore.com\/de\/produkt\/bolsa-de-deporte-adidas-offwhite-3-4-mujer-1\/\" \/>\n<meta property=\"og:locale\" content=\"de_DE\" \/>\n<meta property=\"og:type\" content=\"article\" \/>\n<meta property=\"og:title\" content=\"BOLSA DE DEPORTE ADIDAS OFFWHITE 3.4 MUJER - Revolution Padel Store\" \/>\n<meta property=\"og:description\" content=\"Compra la Bolsa de Deporte Adidas Offwhite 3.4 de la colecci\u00f3n Martita Ortega. Versatilidad, dise\u00f1o y materiales de calidad. Encu\u00e9ntrala al mejor precio en Revolution Padel Store.\" \/>\n<meta property=\"og:url\" content=\"https:\/\/revolutionpadelstore.com\/de\/produkt\/bolsa-de-deporte-adidas-offwhite-3-4-mujer-1\/\" \/>\n<meta property=\"og:site_name\" content=\"Revolution Padel Store\" \/>\n<meta property=\"article:modified_time\" content=\"2026-04-08T06:28:37+00:00\" \/>\n<meta property=\"og:image\" content=\"https:\/\/revolutionpadelstore.com\/wp-content\/uploads\/2025\/01\/113713-bolsa-adidas-weekend-bag-offwhite-3-4-ab4va0u641500x1500-1.webp\" \/>\n\t<meta property=\"og:image:width\" content=\"1500\" \/>\n\t<meta property=\"og:image:height\" content=\"1500\" \/>\n\t<meta property=\"og:image:type\" content=\"image\/webp\" \/>\n<meta name=\"twitter:card\" content=\"summary_large_image\" \/>\n<meta name=\"twitter:label1\" content=\"Gesch\u00e4tzte Lesezeit\" \/>\n\t<meta name=\"twitter:data1\" content=\"1\u00a0Minute\" \/>\n<script type=\"application\/ld+json\" class=\"yoast-schema-graph\">{\"@context\":\"https:\\\/\\\/schema.org\",\"@graph\":[{\"@type\":\"WebPage\",\"@id\":\"https:\\\/\\\/revolutionpadelstore.com\\\/de\\\/produkt\\\/bolsa-de-deporte-adidas-offwhite-3-4-mujer-1\\\/\",\"url\":\"https:\\\/\\\/revolutionpadelstore.com\\\/de\\\/produkt\\\/bolsa-de-deporte-adidas-offwhite-3-4-mujer-1\\\/\",\"name\":\"BOLSA DE DEPORTE ADIDAS OFFWHITE 3.4 MUJER - Revolution Padel Store\",\"isPartOf\":{\"@id\":\"https:\\\/\\\/revolutionpadelstore.com\\\/de\\\/#website\"},\"primaryImageOfPage\":{\"@id\":\"https:\\\/\\\/revolutionpadelstore.com\\\/de\\\/produkt\\\/bolsa-de-deporte-adidas-offwhite-3-4-mujer-1\\\/#primaryimage\"},\"image\":{\"@id\":\"https:\\\/\\\/revolutionpadelstore.com\\\/de\\\/produkt\\\/bolsa-de-deporte-adidas-offwhite-3-4-mujer-1\\\/#primaryimage\"},\"thumbnailUrl\":\"https:\\\/\\\/revolutionpadelstore.com\\\/wp-content\\\/uploads\\\/2025\\\/01\\\/113713-bolsa-adidas-weekend-bag-offwhite-3-4-ab4va0u641500x1500-1.webp\",\"datePublished\":\"2025-01-17T07:24:59+00:00\",\"dateModified\":\"2026-04-08T06:28:37+00:00\",\"description\":\"Compra la Bolsa de Deporte Adidas Offwhite 3.4 de la colecci\u00f3n Martita Ortega. Versatilidad, dise\u00f1o y materiales de calidad. Encu\u00e9ntrala al mejor precio en Revolution Padel Store.\",\"breadcrumb\":{\"@id\":\"https:\\\/\\\/revolutionpadelstore.com\\\/de\\\/produkt\\\/bolsa-de-deporte-adidas-offwhite-3-4-mujer-1\\\/#breadcrumb\"},\"inLanguage\":\"de\",\"potentialAction\":[{\"@type\":\"ReadAction\",\"target\":[\"https:\\\/\\\/revolutionpadelstore.com\\\/de\\\/produkt\\\/bolsa-de-deporte-adidas-offwhite-3-4-mujer-1\\\/\"]}]},{\"@type\":\"ImageObject\",\"inLanguage\":\"de\",\"@id\":\"https:\\\/\\\/revolutionpadelstore.com\\\/de\\\/produkt\\\/bolsa-de-deporte-adidas-offwhite-3-4-mujer-1\\\/#primaryimage\",\"url\":\"https:\\\/\\\/revolutionpadelstore.com\\\/wp-content\\\/uploads\\\/2025\\\/01\\\/113713-bolsa-adidas-weekend-bag-offwhite-3-4-ab4va0u641500x1500-1.webp\",\"contentUrl\":\"https:\\\/\\\/revolutionpadelstore.com\\\/wp-content\\\/uploads\\\/2025\\\/01\\\/113713-bolsa-adidas-weekend-bag-offwhite-3-4-ab4va0u641500x1500-1.webp\",\"width\":1500,\"height\":1500},{\"@type\":\"BreadcrumbList\",\"@id\":\"https:\\\/\\\/revolutionpadelstore.com\\\/de\\\/produkt\\\/bolsa-de-deporte-adidas-offwhite-3-4-mujer-1\\\/#breadcrumb\",\"itemListElement\":[{\"@type\":\"ListItem\",\"position\":1,\"name\":\"Portada\",\"item\":\"https:\\\/\\\/revolutionpadelstore.com\\\/de\\\/\"},{\"@type\":\"ListItem\",\"position\":2,\"name\":\"Shop\",\"item\":\"https:\\\/\\\/revolutionpadelstore.com\\\/de\\\/tienda\\\/\"},{\"@type\":\"ListItem\",\"position\":3,\"name\":\"BOLSA DE DEPORTE ADIDAS OFFWHITE 3.4 MUJER\"}]},{\"@type\":\"WebSite\",\"@id\":\"https:\\\/\\\/revolutionpadelstore.com\\\/de\\\/#website\",\"url\":\"https:\\\/\\\/revolutionpadelstore.com\\\/de\\\/\",\"name\":\"Revolution Padel Store\",\"description\":\"\",\"publisher\":{\"@id\":\"https:\\\/\\\/revolutionpadelstore.com\\\/de\\\/#organization\"},\"potentialAction\":[{\"@type\":\"SearchAction\",\"target\":{\"@type\":\"EntryPoint\",\"urlTemplate\":\"https:\\\/\\\/revolutionpadelstore.com\\\/de\\\/?s={search_term_string}\"},\"query-input\":{\"@type\":\"PropertyValueSpecification\",\"valueRequired\":true,\"valueName\":\"search_term_string\"}}],\"inLanguage\":\"de\"},{\"@type\":\"Organization\",\"@id\":\"https:\\\/\\\/revolutionpadelstore.com\\\/de\\\/#organization\",\"name\":\"Revolution Padel Store\",\"url\":\"https:\\\/\\\/revolutionpadelstore.com\\\/de\\\/\",\"logo\":{\"@type\":\"ImageObject\",\"inLanguage\":\"de\",\"@id\":\"https:\\\/\\\/revolutionpadelstore.com\\\/de\\\/#\\\/schema\\\/logo\\\/image\\\/\",\"url\":\"https:\\\/\\\/revolutionpadelstore.com\\\/wp-content\\\/uploads\\\/2026\\\/02\\\/revolution-padel-store.jpg\",\"contentUrl\":\"https:\\\/\\\/revolutionpadelstore.com\\\/wp-content\\\/uploads\\\/2026\\\/02\\\/revolution-padel-store.jpg\",\"width\":2000,\"height\":2000,\"caption\":\"Revolution Padel Store\"},\"image\":{\"@id\":\"https:\\\/\\\/revolutionpadelstore.com\\\/de\\\/#\\\/schema\\\/logo\\\/image\\\/\"},\"sameAs\":[\"https:\\\/\\\/www.instagram.com\\\/revolutionpadelstore\\\/\"]}]}<\/script>\n<!-- \/ Yoast SEO plugin. -->","yoast_head_json":{"title":"BOLSA DE DEPORTE ADIDAS OFFWHITE 3.4 MUJER - Revolution Padel Store","description":"Compra la Bolsa de Deporte Adidas Offwhite 3.4 de la colecci\u00f3n Martita Ortega. Versatilidad, dise\u00f1o y materiales de calidad. Encu\u00e9ntrala al mejor precio en Revolution Padel Store.","robots":{"index":"index","follow":"follow","max-snippet":"max-snippet:-1","max-image-preview":"max-image-preview:large","max-video-preview":"max-video-preview:-1"},"canonical":"https:\/\/revolutionpadelstore.com\/de\/produkt\/bolsa-de-deporte-adidas-offwhite-3-4-mujer-1\/","og_locale":"de_DE","og_type":"article","og_title":"BOLSA DE DEPORTE ADIDAS OFFWHITE 3.4 MUJER - Revolution Padel Store","og_description":"Compra la Bolsa de Deporte Adidas Offwhite 3.4 de la colecci\u00f3n Martita Ortega. Versatilidad, dise\u00f1o y materiales de calidad. Encu\u00e9ntrala al mejor precio en Revolution Padel Store.","og_url":"https:\/\/revolutionpadelstore.com\/de\/produkt\/bolsa-de-deporte-adidas-offwhite-3-4-mujer-1\/","og_site_name":"Revolution Padel Store","article_modified_time":"2026-04-08T06:28:37+00:00","og_image":[{"width":1500,"height":1500,"url":"https:\/\/revolutionpadelstore.com\/wp-content\/uploads\/2025\/01\/113713-bolsa-adidas-weekend-bag-offwhite-3-4-ab4va0u641500x1500-1.webp","type":"image\/webp"}],"twitter_card":"summary_large_image","twitter_misc":{"Gesch\u00e4tzte Lesezeit":"1\u00a0Minute"},"schema":{"@context":"https:\/\/schema.org","@graph":[{"@type":"WebPage","@id":"https:\/\/revolutionpadelstore.com\/de\/produkt\/bolsa-de-deporte-adidas-offwhite-3-4-mujer-1\/","url":"https:\/\/revolutionpadelstore.com\/de\/produkt\/bolsa-de-deporte-adidas-offwhite-3-4-mujer-1\/","name":"BOLSA DE DEPORTE ADIDAS OFFWHITE 3.4 MUJER - Revolution Padel Store","isPartOf":{"@id":"https:\/\/revolutionpadelstore.com\/de\/#website"},"primaryImageOfPage":{"@id":"https:\/\/revolutionpadelstore.com\/de\/produkt\/bolsa-de-deporte-adidas-offwhite-3-4-mujer-1\/#primaryimage"},"image":{"@id":"https:\/\/revolutionpadelstore.com\/de\/produkt\/bolsa-de-deporte-adidas-offwhite-3-4-mujer-1\/#primaryimage"},"thumbnailUrl":"https:\/\/revolutionpadelstore.com\/wp-content\/uploads\/2025\/01\/113713-bolsa-adidas-weekend-bag-offwhite-3-4-ab4va0u641500x1500-1.webp","datePublished":"2025-01-17T07:24:59+00:00","dateModified":"2026-04-08T06:28:37+00:00","description":"Compra la Bolsa de Deporte Adidas Offwhite 3.4 de la colecci\u00f3n Martita Ortega. Versatilidad, dise\u00f1o y materiales de calidad. Encu\u00e9ntrala al mejor precio en Revolution Padel Store.","breadcrumb":{"@id":"https:\/\/revolutionpadelstore.com\/de\/produkt\/bolsa-de-deporte-adidas-offwhite-3-4-mujer-1\/#breadcrumb"},"inLanguage":"de","potentialAction":[{"@type":"ReadAction","target":["https:\/\/revolutionpadelstore.com\/de\/produkt\/bolsa-de-deporte-adidas-offwhite-3-4-mujer-1\/"]}]},{"@type":"ImageObject","inLanguage":"de","@id":"https:\/\/revolutionpadelstore.com\/de\/produkt\/bolsa-de-deporte-adidas-offwhite-3-4-mujer-1\/#primaryimage","url":"https:\/\/revolutionpadelstore.com\/wp-content\/uploads\/2025\/01\/113713-bolsa-adidas-weekend-bag-offwhite-3-4-ab4va0u641500x1500-1.webp","contentUrl":"https:\/\/revolutionpadelstore.com\/wp-content\/uploads\/2025\/01\/113713-bolsa-adidas-weekend-bag-offwhite-3-4-ab4va0u641500x1500-1.webp","width":1500,"height":1500},{"@type":"BreadcrumbList","@id":"https:\/\/revolutionpadelstore.com\/de\/produkt\/bolsa-de-deporte-adidas-offwhite-3-4-mujer-1\/#breadcrumb","itemListElement":[{"@type":"ListItem","position":1,"name":"Portada","item":"https:\/\/revolutionpadelstore.com\/de\/"},{"@type":"ListItem","position":2,"name":"Shop","item":"https:\/\/revolutionpadelstore.com\/de\/tienda\/"},{"@type":"ListItem","position":3,"name":"BOLSA DE DEPORTE ADIDAS OFFWHITE 3.4 MUJER"}]},{"@type":"WebSite","@id":"https:\/\/revolutionpadelstore.com\/de\/#website","url":"https:\/\/revolutionpadelstore.com\/de\/","name":"Revolution Padel Store","description":"","publisher":{"@id":"https:\/\/revolutionpadelstore.com\/de\/#organization"},"potentialAction":[{"@type":"SearchAction","target":{"@type":"EntryPoint","urlTemplate":"https:\/\/revolutionpadelstore.com\/de\/?s={search_term_string}"},"query-input":{"@type":"PropertyValueSpecification","valueRequired":true,"valueName":"search_term_string"}}],"inLanguage":"de"},{"@type":"Organization","@id":"https:\/\/revolutionpadelstore.com\/de\/#organization","name":"Revolution Padel Store","url":"https:\/\/revolutionpadelstore.com\/de\/","logo":{"@type":"ImageObject","inLanguage":"de","@id":"https:\/\/revolutionpadelstore.com\/de\/#\/schema\/logo\/image\/","url":"https:\/\/revolutionpadelstore.com\/wp-content\/uploads\/2026\/02\/revolution-padel-store.jpg","contentUrl":"https:\/\/revolutionpadelstore.com\/wp-content\/uploads\/2026\/02\/revolution-padel-store.jpg","width":2000,"height":2000,"caption":"Revolution Padel Store"},"image":{"@id":"https:\/\/revolutionpadelstore.com\/de\/#\/schema\/logo\/image\/"},"sameAs":["https:\/\/www.instagram.com\/revolutionpadelstore\/"]}]}},"_links":{"self":[{"href":"https:\/\/revolutionpadelstore.com\/de\/wp-json\/wp\/v2\/product\/159768","targetHints":{"allow":["GET"]}}],"collection":[{"href":"https:\/\/revolutionpadelstore.com\/de\/wp-json\/wp\/v2\/product"}],"about":[{"href":"https:\/\/revolutionpadelstore.com\/de\/wp-json\/wp\/v2\/types\/product"}],"replies":[{"embeddable":true,"href":"https:\/\/revolutionpadelstore.com\/de\/wp-json\/wp\/v2\/comments?post=159768"}],"wp:featuredmedia":[{"embeddable":true,"href":"https:\/\/revolutionpadelstore.com\/de\/wp-json\/wp\/v2\/media\/159774"}],"wp:attachment":[{"href":"https:\/\/revolutionpadelstore.com\/de\/wp-json\/wp\/v2\/media?parent=159768"}],"wp:term":[{"taxonomy":"acabado","embeddable":true,"href":"https:\/\/revolutionpadelstore.com\/de\/wp-json\/wp\/v2\/acabado?post=159768"},{"taxonomy":"balance","embeddable":true,"href":"https:\/\/revolutionpadelstore.com\/de\/wp-json\/wp\/v2\/balance?post=159768"},{"taxonomy":"dureza","embeddable":true,"href":"https:\/\/revolutionpadelstore.com\/de\/wp-json\/wp\/v2\/dureza?post=159768"},{"taxonomy":"forma","embeddable":true,"href":"https:\/\/revolutionpadelstore.com\/de\/wp-json\/wp\/v2\/forma?post=159768"},{"taxonomy":"jugador","embeddable":true,"href":"https:\/\/revolutionpadelstore.com\/de\/wp-json\/wp\/v2\/jugador?post=159768"},{"taxonomy":"marca","embeddable":true,"href":"https:\/\/revolutionpadelstore.com\/de\/wp-json\/wp\/v2\/marca?post=159768"},{"taxonomy":"nivel-de-juego","embeddable":true,"href":"https:\/\/revolutionpadelstore.com\/de\/wp-json\/wp\/v2\/nivel-de-juego?post=159768"},{"taxonomy":"superficie","embeddable":true,"href":"https:\/\/revolutionpadelstore.com\/de\/wp-json\/wp\/v2\/superficie?post=159768"},{"taxonomy":"tipo-de-juego","embeddable":true,"href":"https:\/\/revolutionpadelstore.com\/de\/wp-json\/wp\/v2\/tipo-de-juego?post=159768"},{"taxonomy":"product_brand","embeddable":true,"href":"https:\/\/revolutionpadelstore.com\/de\/wp-json\/wp\/v2\/product_brand?post=159768"},{"taxonomy":"product_cat","embeddable":true,"href":"https:\/\/revolutionpadelstore.com\/de\/wp-json\/wp\/v2\/product_cat?post=159768"},{"taxonomy":"product_tag","embeddable":true,"href":"https:\/\/revolutionpadelstore.com\/de\/wp-json\/wp\/v2\/product_tag?post=159768"}],"curies":[{"name":"wp","href":"https:\/\/api.w.org\/{rel}","templated":true}]}}