{"id":158754,"date":"2025-01-12T17:20:11","date_gmt":"2025-01-12T16:20:11","guid":{"rendered":"https:\/\/revolutionpadelstore.com\/drop-shot-explorer-pro-control-1-0-2025\/"},"modified":"2026-04-08T08:35:52","modified_gmt":"2026-04-08T06:35:52","slug":"drop-shot-explorer-pro-control-1-0-2025-1","status":"publish","type":"product","link":"https:\/\/revolutionpadelstore.com\/de\/produkt\/drop-shot-explorer-pro-control-1-0-2025-1\/","title":{"rendered":"DROP SHOT EXPLORER PRO CONTROL 1.0 2025"},"content":{"rendered":"<h2> Pala Drop Shot Explorer Pro Control 1.0 2025 &#8211; Dom\u00e4ne, Pr\u00e4zision und Leistung <\/H2><br \/>\nDer <strong> Drop Shot Explorer Pro Control 1.0 2025 <\/strong> ist eine ideale Option f\u00fcr intermediate und fortgeschrittene Spieler, die nach einer perfekten Balance zwischen Kontrolle und Leistung suchen. Diese Schaufel wurde im runden Format mit geringer Balance und einem breiten s\u00fc\u00dfen Punkt entworfen und bietet eine \u00fcberlegene Kontrolle in jedem Schlag, ohne die Kraft zu beeintr\u00e4chtigen und ein agiles und komfortables Spielerlebnis zu bieten.<\/p>\n<h2> <strong> Haupteigenschaften <\/ strong> <\/ h2><br \/>\n<P> <strong> -Red Redondo und Gleichgewicht unter <\/strong>: Perfekt f\u00fcr eine gr\u00f6\u00dfere Verwaltbarkeit und Kontrolle<br \/>\n<P> <strong> -12k Textreme Carbon Material <\/strong>: Oberfl\u00e4che von gro\u00dfem Widerstand und Flexibilit\u00e4t, das bei jedem Schlag ein hervorragendes Gef\u00fchl verleiht.<\/p>\n<p> <strong> -Nuco Eva Soft <\/strong>: Schaum mit niedriger Dichte, die Leichtigkeit, Elastizit\u00e4t und ein Gef\u00fchl von Kraft ohne Schwingungen liefert.<br \/>\n<P> <strong> -3d Face Textur <\/strong>: Verbessert die Auswirkung auf jeden Schlag und erh\u00f6ht die Pr\u00e4zision und Dynamik.<br \/>\n<P> <strong> -Advanced Protection <\/strong>: Enth\u00e4lt Ergo Pro-Besch\u00fctzer und Korkkissengriff f\u00fcr gr\u00f6\u00dfere Haltbarkeit und Komfort.<br \/>\n<P> <strong> -Innovative Technologies <\/strong>: <\/p>\n<p><P> <strong> -Vibra -Tech -Winkel <\/strong> und <strong> Smart LOLES System <\/strong>, um Schwingungen zu minimieren und eine gr\u00f6\u00dfere Stabilit\u00e4t und Sicherheit zu garantieren.<\/p>\n<p> <strong> -Power Beam Heart <\/strong> f\u00fcr optimale Starrheit in jedem Aufprall<\/p>\n<h2> <strong> Ausstehende Vorteile <\/ strong> <\/ h2><br \/>\n<P> <strong> -Precision und Comfort <\/strong>: Mit seinen runden Design- und fortgeschrittenen Technologien k\u00f6nnen die Spieler in jeder Spielsituation die vollst\u00e4ndige Kontrolle \u00fcber die Schaufel aufrechterhalten<br \/>\n<P> <strong> -Exceptional Referenz <\/strong>: Ideales Gleichgewicht zur Kombination von Kraft und Kontrolle in intensiven \u00dcbereinstimmungen<br \/>\n<P> <strong> -Us versichert <\/strong>: Hochwertige Materialien, die selbst bei den anspruchsvollsten Wettbewerben eine lange Lebensdauer garantieren.<\/p>\n<h2> <strong> F\u00fcr wen ist es ideal?<br \/>\nDer <strong> Drop Shot Explorer Pro Control 1.0 2025 <\/strong> ist f\u00fcr M\u00e4nner konzipiert, die ihre Spurleistung verbessern m\u00f6chten. Es ist perfekt f\u00fcr Spieler, die Pr\u00e4zision, Komfort und Stabilit\u00e4t priorisieren, ohne in jedem Schlag gute Kraft aufzugeben.<\/p>\n<h2> <strong> Exklusive Drop -Shot -Technologien <\/ strong> <\/ h2><br \/>\n<P> <strong> -Kakemolk -Griff <\/strong>: Reduzieren Sie die in den leistungsst\u00e4rkeren Auswirkungen erzeugten Schwingungen.<br \/>\n<P> <strong> -Smart -L\u00f6cher -System <\/strong>: Strategische Verteilung von L\u00f6chern, die den s\u00fc\u00dfen Punkt erweitert und die Kontrolle erleichtert.<\/p>\n<h2> <strong> Bringen Sie Ihr Spiel auf die n\u00e4chste Stufe <\/ strong> <\/ h2><br \/>\nHolen Sie sich nun die <strong> Drop Shot Explorer Pro Control 1.0 2025 <\/strong> in unserem Online -Shop &lt;a href = &quot;https: \/\/www.revolution des Marktes. Nutzen Sie die Gelegenheit und dominieren Sie jedes Spiel mit dieser hohen Schaufel!<\/p>\n<h2>Pala Drop Shot Explorer Pro Control 1.0 2025 \u2013 Dominio, Precisi\u00f3n y Potencia<\/h2>\n","protected":false},"excerpt":{"rendered":"<p>Zwischenstufe Schaufel der Lucas Campagnolo -Kollektion: Drop Shot Explorer Pro Control 1.0 2025. Es hat ein rundes Design mit einem geringen Gleichgewicht und einem breiten s\u00fc\u00dfen Punkt, was es ideal f\u00fcr diejenigen macht, die im Spiel eine gr\u00f6\u00dfere Pr\u00e4zision und Kontrolle suchen.<\/p>\n","protected":false},"featured_media":158724,"comment_status":"open","ping_status":"closed","template":"","meta":{"_acf_changed":false,"_joinchat":[]},"acabado":[],"balance":[1144],"dureza":[1154],"forma":[1179],"jugador":[1189,1199],"marca":[1711],"nivel-de-juego":[1349,1334],"superficie":[1359],"tipo-de-juego":[1369],"product_brand":[],"product_cat":[299],"product_tag":[],"class_list":{"0":"post-158754","1":"product","2":"type-product","3":"status-publish","4":"has-post-thumbnail","6":"balance-niedrig","7":"dureza-media-de","8":"forma-rund","9":"jugador-mann","10":"jugador-mehrzweck","11":"marca-drop-shot-de","12":"superficie-rugosa-de","13":"tipo-de-juego-kontrolle","14":"product_cat-palas-de-padel-de","16":"first","17":"instock","18":"sale","19":"taxable","20":"shipping-taxable","21":"purchasable","22":"product-type-simple"},"acf":[],"yoast_head":"<!-- This site is optimized with the Yoast SEO plugin v27.4 - https:\/\/yoast.com\/product\/yoast-seo-wordpress\/ -->\n<title>DROP SHOT EXPLORER PRO CONTROL 1.0 2025 - Revolution Padel Store<\/title>\n<meta name=\"description\" content=\"Descubre la pala Drop Shot Explorer Pro Control 1.0 2025, dise\u00f1o redondo, Carbono 12K Textreme y n\u00facleo Eva Soft. Perfecta para control y potencia. \u00a1C\u00f3mprala al mejor precio en Revolution Padel Store!\" \/>\n<meta name=\"robots\" content=\"index, follow, max-snippet:-1, max-image-preview:large, max-video-preview:-1\" \/>\n<link rel=\"canonical\" href=\"https:\/\/revolutionpadelstore.com\/de\/produkt\/drop-shot-explorer-pro-control-1-0-2025-1\/\" \/>\n<meta property=\"og:locale\" content=\"de_DE\" \/>\n<meta property=\"og:type\" content=\"article\" \/>\n<meta property=\"og:title\" content=\"DROP SHOT EXPLORER PRO CONTROL 1.0 2025 - Revolution Padel Store\" \/>\n<meta property=\"og:description\" content=\"Descubre la pala Drop Shot Explorer Pro Control 1.0 2025, dise\u00f1o redondo, Carbono 12K Textreme y n\u00facleo Eva Soft. Perfecta para control y potencia. \u00a1C\u00f3mprala al mejor precio en Revolution Padel Store!\" \/>\n<meta property=\"og:url\" content=\"https:\/\/revolutionpadelstore.com\/de\/produkt\/drop-shot-explorer-pro-control-1-0-2025-1\/\" \/>\n<meta property=\"og:site_name\" content=\"Revolution Padel Store\" \/>\n<meta property=\"article:modified_time\" content=\"2026-04-08T06:35:52+00:00\" \/>\n<meta property=\"og:image\" content=\"https:\/\/revolutionpadelstore.com\/wp-content\/uploads\/2025\/01\/114586-pala-drop-shot-explorer-pro-control-1-0-dp324010-1000x1000-1.webp\" \/>\n\t<meta property=\"og:image:width\" content=\"1000\" \/>\n\t<meta property=\"og:image:height\" content=\"1000\" \/>\n\t<meta property=\"og:image:type\" content=\"image\/webp\" \/>\n<meta name=\"twitter:card\" content=\"summary_large_image\" \/>\n<meta name=\"twitter:label1\" content=\"Gesch\u00e4tzte Lesezeit\" \/>\n\t<meta name=\"twitter:data1\" content=\"2\u00a0Minuten\" \/>\n<script type=\"application\/ld+json\" class=\"yoast-schema-graph\">{\"@context\":\"https:\\\/\\\/schema.org\",\"@graph\":[{\"@type\":\"WebPage\",\"@id\":\"https:\\\/\\\/revolutionpadelstore.com\\\/de\\\/produkt\\\/drop-shot-explorer-pro-control-1-0-2025-1\\\/\",\"url\":\"https:\\\/\\\/revolutionpadelstore.com\\\/de\\\/produkt\\\/drop-shot-explorer-pro-control-1-0-2025-1\\\/\",\"name\":\"DROP SHOT EXPLORER PRO CONTROL 1.0 2025 - Revolution Padel Store\",\"isPartOf\":{\"@id\":\"https:\\\/\\\/revolutionpadelstore.com\\\/de\\\/#website\"},\"primaryImageOfPage\":{\"@id\":\"https:\\\/\\\/revolutionpadelstore.com\\\/de\\\/produkt\\\/drop-shot-explorer-pro-control-1-0-2025-1\\\/#primaryimage\"},\"image\":{\"@id\":\"https:\\\/\\\/revolutionpadelstore.com\\\/de\\\/produkt\\\/drop-shot-explorer-pro-control-1-0-2025-1\\\/#primaryimage\"},\"thumbnailUrl\":\"https:\\\/\\\/revolutionpadelstore.com\\\/wp-content\\\/uploads\\\/2025\\\/01\\\/114586-pala-drop-shot-explorer-pro-control-1-0-dp324010-1000x1000-1.webp\",\"datePublished\":\"2025-01-12T16:20:11+00:00\",\"dateModified\":\"2026-04-08T06:35:52+00:00\",\"description\":\"Descubre la pala Drop Shot Explorer Pro Control 1.0 2025, dise\u00f1o redondo, Carbono 12K Textreme y n\u00facleo Eva Soft. Perfecta para control y potencia. \u00a1C\u00f3mprala al mejor precio en Revolution Padel Store!\",\"breadcrumb\":{\"@id\":\"https:\\\/\\\/revolutionpadelstore.com\\\/de\\\/produkt\\\/drop-shot-explorer-pro-control-1-0-2025-1\\\/#breadcrumb\"},\"inLanguage\":\"de\",\"potentialAction\":[{\"@type\":\"ReadAction\",\"target\":[\"https:\\\/\\\/revolutionpadelstore.com\\\/de\\\/produkt\\\/drop-shot-explorer-pro-control-1-0-2025-1\\\/\"]}]},{\"@type\":\"ImageObject\",\"inLanguage\":\"de\",\"@id\":\"https:\\\/\\\/revolutionpadelstore.com\\\/de\\\/produkt\\\/drop-shot-explorer-pro-control-1-0-2025-1\\\/#primaryimage\",\"url\":\"https:\\\/\\\/revolutionpadelstore.com\\\/wp-content\\\/uploads\\\/2025\\\/01\\\/114586-pala-drop-shot-explorer-pro-control-1-0-dp324010-1000x1000-1.webp\",\"contentUrl\":\"https:\\\/\\\/revolutionpadelstore.com\\\/wp-content\\\/uploads\\\/2025\\\/01\\\/114586-pala-drop-shot-explorer-pro-control-1-0-dp324010-1000x1000-1.webp\",\"width\":1000,\"height\":1000},{\"@type\":\"BreadcrumbList\",\"@id\":\"https:\\\/\\\/revolutionpadelstore.com\\\/de\\\/produkt\\\/drop-shot-explorer-pro-control-1-0-2025-1\\\/#breadcrumb\",\"itemListElement\":[{\"@type\":\"ListItem\",\"position\":1,\"name\":\"Portada\",\"item\":\"https:\\\/\\\/revolutionpadelstore.com\\\/de\\\/\"},{\"@type\":\"ListItem\",\"position\":2,\"name\":\"Shop\",\"item\":\"https:\\\/\\\/revolutionpadelstore.com\\\/de\\\/tienda\\\/\"},{\"@type\":\"ListItem\",\"position\":3,\"name\":\"DROP SHOT EXPLORER PRO CONTROL 1.0 2025\"}]},{\"@type\":\"WebSite\",\"@id\":\"https:\\\/\\\/revolutionpadelstore.com\\\/de\\\/#website\",\"url\":\"https:\\\/\\\/revolutionpadelstore.com\\\/de\\\/\",\"name\":\"Revolution Padel Store\",\"description\":\"\",\"publisher\":{\"@id\":\"https:\\\/\\\/revolutionpadelstore.com\\\/de\\\/#organization\"},\"potentialAction\":[{\"@type\":\"SearchAction\",\"target\":{\"@type\":\"EntryPoint\",\"urlTemplate\":\"https:\\\/\\\/revolutionpadelstore.com\\\/de\\\/?s={search_term_string}\"},\"query-input\":{\"@type\":\"PropertyValueSpecification\",\"valueRequired\":true,\"valueName\":\"search_term_string\"}}],\"inLanguage\":\"de\"},{\"@type\":\"Organization\",\"@id\":\"https:\\\/\\\/revolutionpadelstore.com\\\/de\\\/#organization\",\"name\":\"Revolution Padel Store\",\"url\":\"https:\\\/\\\/revolutionpadelstore.com\\\/de\\\/\",\"logo\":{\"@type\":\"ImageObject\",\"inLanguage\":\"de\",\"@id\":\"https:\\\/\\\/revolutionpadelstore.com\\\/de\\\/#\\\/schema\\\/logo\\\/image\\\/\",\"url\":\"https:\\\/\\\/revolutionpadelstore.com\\\/wp-content\\\/uploads\\\/2026\\\/02\\\/revolution-padel-store.jpg\",\"contentUrl\":\"https:\\\/\\\/revolutionpadelstore.com\\\/wp-content\\\/uploads\\\/2026\\\/02\\\/revolution-padel-store.jpg\",\"width\":2000,\"height\":2000,\"caption\":\"Revolution Padel Store\"},\"image\":{\"@id\":\"https:\\\/\\\/revolutionpadelstore.com\\\/de\\\/#\\\/schema\\\/logo\\\/image\\\/\"},\"sameAs\":[\"https:\\\/\\\/www.instagram.com\\\/revolutionpadelstore\\\/\"]}]}<\/script>\n<!-- \/ Yoast SEO plugin. -->","yoast_head_json":{"title":"DROP SHOT EXPLORER PRO CONTROL 1.0 2025 - Revolution Padel Store","description":"Descubre la pala Drop Shot Explorer Pro Control 1.0 2025, dise\u00f1o redondo, Carbono 12K Textreme y n\u00facleo Eva Soft. Perfecta para control y potencia. \u00a1C\u00f3mprala al mejor precio en Revolution Padel Store!","robots":{"index":"index","follow":"follow","max-snippet":"max-snippet:-1","max-image-preview":"max-image-preview:large","max-video-preview":"max-video-preview:-1"},"canonical":"https:\/\/revolutionpadelstore.com\/de\/produkt\/drop-shot-explorer-pro-control-1-0-2025-1\/","og_locale":"de_DE","og_type":"article","og_title":"DROP SHOT EXPLORER PRO CONTROL 1.0 2025 - Revolution Padel Store","og_description":"Descubre la pala Drop Shot Explorer Pro Control 1.0 2025, dise\u00f1o redondo, Carbono 12K Textreme y n\u00facleo Eva Soft. Perfecta para control y potencia. \u00a1C\u00f3mprala al mejor precio en Revolution Padel Store!","og_url":"https:\/\/revolutionpadelstore.com\/de\/produkt\/drop-shot-explorer-pro-control-1-0-2025-1\/","og_site_name":"Revolution Padel Store","article_modified_time":"2026-04-08T06:35:52+00:00","og_image":[{"width":1000,"height":1000,"url":"https:\/\/revolutionpadelstore.com\/wp-content\/uploads\/2025\/01\/114586-pala-drop-shot-explorer-pro-control-1-0-dp324010-1000x1000-1.webp","type":"image\/webp"}],"twitter_card":"summary_large_image","twitter_misc":{"Gesch\u00e4tzte Lesezeit":"2\u00a0Minuten"},"schema":{"@context":"https:\/\/schema.org","@graph":[{"@type":"WebPage","@id":"https:\/\/revolutionpadelstore.com\/de\/produkt\/drop-shot-explorer-pro-control-1-0-2025-1\/","url":"https:\/\/revolutionpadelstore.com\/de\/produkt\/drop-shot-explorer-pro-control-1-0-2025-1\/","name":"DROP SHOT EXPLORER PRO CONTROL 1.0 2025 - Revolution Padel Store","isPartOf":{"@id":"https:\/\/revolutionpadelstore.com\/de\/#website"},"primaryImageOfPage":{"@id":"https:\/\/revolutionpadelstore.com\/de\/produkt\/drop-shot-explorer-pro-control-1-0-2025-1\/#primaryimage"},"image":{"@id":"https:\/\/revolutionpadelstore.com\/de\/produkt\/drop-shot-explorer-pro-control-1-0-2025-1\/#primaryimage"},"thumbnailUrl":"https:\/\/revolutionpadelstore.com\/wp-content\/uploads\/2025\/01\/114586-pala-drop-shot-explorer-pro-control-1-0-dp324010-1000x1000-1.webp","datePublished":"2025-01-12T16:20:11+00:00","dateModified":"2026-04-08T06:35:52+00:00","description":"Descubre la pala Drop Shot Explorer Pro Control 1.0 2025, dise\u00f1o redondo, Carbono 12K Textreme y n\u00facleo Eva Soft. Perfecta para control y potencia. \u00a1C\u00f3mprala al mejor precio en Revolution Padel Store!","breadcrumb":{"@id":"https:\/\/revolutionpadelstore.com\/de\/produkt\/drop-shot-explorer-pro-control-1-0-2025-1\/#breadcrumb"},"inLanguage":"de","potentialAction":[{"@type":"ReadAction","target":["https:\/\/revolutionpadelstore.com\/de\/produkt\/drop-shot-explorer-pro-control-1-0-2025-1\/"]}]},{"@type":"ImageObject","inLanguage":"de","@id":"https:\/\/revolutionpadelstore.com\/de\/produkt\/drop-shot-explorer-pro-control-1-0-2025-1\/#primaryimage","url":"https:\/\/revolutionpadelstore.com\/wp-content\/uploads\/2025\/01\/114586-pala-drop-shot-explorer-pro-control-1-0-dp324010-1000x1000-1.webp","contentUrl":"https:\/\/revolutionpadelstore.com\/wp-content\/uploads\/2025\/01\/114586-pala-drop-shot-explorer-pro-control-1-0-dp324010-1000x1000-1.webp","width":1000,"height":1000},{"@type":"BreadcrumbList","@id":"https:\/\/revolutionpadelstore.com\/de\/produkt\/drop-shot-explorer-pro-control-1-0-2025-1\/#breadcrumb","itemListElement":[{"@type":"ListItem","position":1,"name":"Portada","item":"https:\/\/revolutionpadelstore.com\/de\/"},{"@type":"ListItem","position":2,"name":"Shop","item":"https:\/\/revolutionpadelstore.com\/de\/tienda\/"},{"@type":"ListItem","position":3,"name":"DROP SHOT EXPLORER PRO CONTROL 1.0 2025"}]},{"@type":"WebSite","@id":"https:\/\/revolutionpadelstore.com\/de\/#website","url":"https:\/\/revolutionpadelstore.com\/de\/","name":"Revolution Padel Store","description":"","publisher":{"@id":"https:\/\/revolutionpadelstore.com\/de\/#organization"},"potentialAction":[{"@type":"SearchAction","target":{"@type":"EntryPoint","urlTemplate":"https:\/\/revolutionpadelstore.com\/de\/?s={search_term_string}"},"query-input":{"@type":"PropertyValueSpecification","valueRequired":true,"valueName":"search_term_string"}}],"inLanguage":"de"},{"@type":"Organization","@id":"https:\/\/revolutionpadelstore.com\/de\/#organization","name":"Revolution Padel Store","url":"https:\/\/revolutionpadelstore.com\/de\/","logo":{"@type":"ImageObject","inLanguage":"de","@id":"https:\/\/revolutionpadelstore.com\/de\/#\/schema\/logo\/image\/","url":"https:\/\/revolutionpadelstore.com\/wp-content\/uploads\/2026\/02\/revolution-padel-store.jpg","contentUrl":"https:\/\/revolutionpadelstore.com\/wp-content\/uploads\/2026\/02\/revolution-padel-store.jpg","width":2000,"height":2000,"caption":"Revolution Padel Store"},"image":{"@id":"https:\/\/revolutionpadelstore.com\/de\/#\/schema\/logo\/image\/"},"sameAs":["https:\/\/www.instagram.com\/revolutionpadelstore\/"]}]}},"_links":{"self":[{"href":"https:\/\/revolutionpadelstore.com\/de\/wp-json\/wp\/v2\/product\/158754","targetHints":{"allow":["GET"]}}],"collection":[{"href":"https:\/\/revolutionpadelstore.com\/de\/wp-json\/wp\/v2\/product"}],"about":[{"href":"https:\/\/revolutionpadelstore.com\/de\/wp-json\/wp\/v2\/types\/product"}],"replies":[{"embeddable":true,"href":"https:\/\/revolutionpadelstore.com\/de\/wp-json\/wp\/v2\/comments?post=158754"}],"wp:featuredmedia":[{"embeddable":true,"href":"https:\/\/revolutionpadelstore.com\/de\/wp-json\/wp\/v2\/media\/158724"}],"wp:attachment":[{"href":"https:\/\/revolutionpadelstore.com\/de\/wp-json\/wp\/v2\/media?parent=158754"}],"wp:term":[{"taxonomy":"acabado","embeddable":true,"href":"https:\/\/revolutionpadelstore.com\/de\/wp-json\/wp\/v2\/acabado?post=158754"},{"taxonomy":"balance","embeddable":true,"href":"https:\/\/revolutionpadelstore.com\/de\/wp-json\/wp\/v2\/balance?post=158754"},{"taxonomy":"dureza","embeddable":true,"href":"https:\/\/revolutionpadelstore.com\/de\/wp-json\/wp\/v2\/dureza?post=158754"},{"taxonomy":"forma","embeddable":true,"href":"https:\/\/revolutionpadelstore.com\/de\/wp-json\/wp\/v2\/forma?post=158754"},{"taxonomy":"jugador","embeddable":true,"href":"https:\/\/revolutionpadelstore.com\/de\/wp-json\/wp\/v2\/jugador?post=158754"},{"taxonomy":"marca","embeddable":true,"href":"https:\/\/revolutionpadelstore.com\/de\/wp-json\/wp\/v2\/marca?post=158754"},{"taxonomy":"nivel-de-juego","embeddable":true,"href":"https:\/\/revolutionpadelstore.com\/de\/wp-json\/wp\/v2\/nivel-de-juego?post=158754"},{"taxonomy":"superficie","embeddable":true,"href":"https:\/\/revolutionpadelstore.com\/de\/wp-json\/wp\/v2\/superficie?post=158754"},{"taxonomy":"tipo-de-juego","embeddable":true,"href":"https:\/\/revolutionpadelstore.com\/de\/wp-json\/wp\/v2\/tipo-de-juego?post=158754"},{"taxonomy":"product_brand","embeddable":true,"href":"https:\/\/revolutionpadelstore.com\/de\/wp-json\/wp\/v2\/product_brand?post=158754"},{"taxonomy":"product_cat","embeddable":true,"href":"https:\/\/revolutionpadelstore.com\/de\/wp-json\/wp\/v2\/product_cat?post=158754"},{"taxonomy":"product_tag","embeddable":true,"href":"https:\/\/revolutionpadelstore.com\/de\/wp-json\/wp\/v2\/product_tag?post=158754"}],"curies":[{"name":"wp","href":"https:\/\/api.w.org\/{rel}","templated":true}]}}