{"id":158639,"date":"2025-01-12T12:29:00","date_gmt":"2025-01-12T11:29:00","guid":{"rendered":"https:\/\/revolutionpadelstore.com\/drop-shot-x-drive-2-0-2025\/"},"modified":"2026-04-01T05:24:30","modified_gmt":"2026-04-01T03:24:30","slug":"drop-shot-x-drive-2-0-2025","status":"publish","type":"product","link":"https:\/\/revolutionpadelstore.com\/de\/produkt\/drop-shot-x-drive-2-0-2025\/","title":{"rendered":"DROP SHOT X-DRIVE 2.0 2025"},"content":{"rendered":"<h2> Pala Drop Shot X-Drive 2.0: Maximale Leistung und Pr\u00e4zisionsleistung <\/ H2><br \/>\nDer <strong> Drop Shot X-Drive 2.0 <\/strong> wurde f\u00fcr mittelgro\u00dfe und fortgeschrittene Spieler entwickelt, die ihr Spiel auf das n\u00e4chste Level bringen wollen. Dank seiner <strong> Diamond -Form <\/strong> und seiner <strong> hohen Balance <\/strong> konzentriert diese Schaufel das Gewicht zum Kopf und maximiert die Leistung in jeder Auktion und dem offensiven Schlag. Das Gewicht zwischen 360 und 370 Gramm sorgt selbst in den intensivsten Spielen hervorragende Verwaltbarkeit.<\/p>\n<h2> innovative Materialien und Technologien <\/ H2><br \/>\nDer X-Drive 2.0 kombiniert hochmoderne Materialien und Technologien, die es zu einer un\u00fcberwindlichen Option f\u00fcr beleidigende Spieler machen:<\/p>\n<p> <strong> -Carbono 18K Textreme <\/strong>: Ultra-resistente Pl\u00e4ne, die Haltbarkeit und au\u00dfergew\u00f6hnliche Leistung garantieren.<br \/>\n<P> <strong> -NUCO EVA Pro <\/strong>: Hochdichte -Gummi, der eine optimale Elastizit\u00e4t bietet, um die vollst\u00e4ndige Kontrolle und einen schnellen und pr\u00e4zisen Ballausgang zu gew\u00e4hrleisten<\/p>\n<p> <strong> -3d Gesichtsgesicht <\/strong>: Erm\u00f6glicht Ihnen, in jedem Schlag fortgeschrittene Effekte zu drucken<br \/>\n<P> <strong> -System intelligente L\u00f6cher <\/strong>: Optimiert die Verteilung von L\u00f6chern, um die Kontrolle und die Aerodynamik zu erh\u00f6hen.<br \/>\n<P> <strong> -Tecnology Vibra -Tech -Winkel und Korkkissen Grip <\/strong>: Verringern Sie die Vibrationen und sch\u00fctzen Sie den Arm bei l\u00e4ngeren Spielen.<\/p>\n<p> <strong> -Srus Pro Protector <\/strong>: Verst\u00e4rkt die Schaufel gegen Schl\u00e4ge und Kratzer f\u00fcr eine gr\u00f6\u00dfere Haltbarkeit<\/p>\n<h2> exklusive Vorteile f\u00fcr offensive Spieler <\/ H2><\/p>\n<p> <strong> -Golpes leistungsstark und pr\u00e4zise <\/strong>: Ideal f\u00fcr Auktionen und Rauch in der N\u00e4he des Netzwerks<\/p>\n<p> <strong> -Reduktion von Vibrationen <\/strong>: Perfekt f\u00fcr intensive Spiele, sch\u00fctzt die Artikulation des Arms.<\/p>\n<p> <strong> -Modern und attraktives Design <\/strong>: Die Kombination von Schwarz und Rot hebt nicht nur auf der Strecke hervor, sondern auch Projektstil und Vertrauen.<\/p>\n<h2> Wer ist der X-Drive 2.0?<\/p>\n<p> <strong> Player Level <\/strong>: f\u00fcr Spieler <strong> Intermediate und Advanced <\/strong><br \/>\n<P> <strong> -Game-Anteil <\/strong>: Perfekt f\u00fcr diejenigen, die ein offensives Spiel priorisieren, ohne die Kontrolle \u00fcber die Verteidigung zu beeintr\u00e4chtigen<\/p>\n<h2> Bringen Sie Ihr Spiel auf die n\u00e4chste Stufe <\/ h2><br \/>\nDominieren Sie die Spur mit dem <strong> Drop Shot X-Drive 2.0 <\/strong> und erf\u00e4hrt die perfekte Kombination aus Leistung, Steuerung und fortschrittlichen Technologien. Das Design und seine Eigenschaften machen es zu einer der vollst\u00e4ndigsten Klingen auf dem Markt.<\/p>\n<p>Erwerben Sie Ihren Drop Shot X-Drive 2.0 in unserem Online-Shop <a href=\"https:\/\/www.revolutionpadelstore.com\/\"> Revolution Padel Store <\/a> zum besten Marktpreis und f\u00e4llt in jedem Spiel auf!<br \/>\n<H3> <\/h3>\n<h2>Pala Drop Shot X-Drive 2.0: M\u00e1ximo Rendimiento en Potencia y Precisi\u00f3n<\/h2>\n","protected":false},"excerpt":{"rendered":"<p>Drop Shot X-Drive 2.0 Schaufel, diamantf\u00f6rmig und eine kopforientierte Balance, die speziell f\u00fcr einen offensiven Spielstil und Spieler mit fortgeschrittener Erfahrung entwickelt wurde.<\/p>\n","protected":false},"featured_media":158610,"comment_status":"open","ping_status":"closed","template":"","meta":{"_acf_changed":false,"_joinchat":[]},"acabado":[1089],"balance":[1134],"dureza":[1159],"forma":[1169],"jugador":[1189,1199],"marca":[1711],"nivel-de-juego":[1334,1339],"superficie":[1359],"tipo-de-juego":[1374],"product_brand":[],"product_cat":[299],"product_tag":[],"class_list":{"0":"post-158639","1":"product","2":"type-product","3":"status-publish","4":"has-post-thumbnail","6":"acabado-3d-entlasten","7":"balance-hoch","8":"dureza-dura-de","9":"forma-diamante-de","10":"jugador-mann","11":"jugador-mehrzweck","12":"marca-drop-shot-de","13":"superficie-rugosa-de","14":"tipo-de-juego-leistung","15":"product_cat-palas-de-padel-de","17":"first","18":"instock","19":"sale","20":"taxable","21":"shipping-taxable","22":"purchasable","23":"product-type-simple"},"acf":[],"yoast_head":"<!-- This site is optimized with the Yoast SEO plugin v27.3 - https:\/\/yoast.com\/product\/yoast-seo-wordpress\/ -->\n<title>DROP SHOT X-DRIVE 2.0 2025 - Revolution Padel Store<\/title>\n<meta name=\"description\" content=\"&quot;La pala Drop Shot X-Drive 2.0 combina potencia, control y tecnolog\u00edas avanzadas como Carbono 18K Textreme y EVA Pro. Ideal para jugadores intermedios y avanzados con estilo ofensivo. \u00a1C\u00f3mprala en Revolution Padel Store!&quot;\" \/>\n<meta name=\"robots\" content=\"index, follow, max-snippet:-1, max-image-preview:large, max-video-preview:-1\" \/>\n<link rel=\"canonical\" href=\"https:\/\/revolutionpadelstore.com\/de\/produkt\/drop-shot-x-drive-2-0-2025\/\" \/>\n<meta property=\"og:locale\" content=\"de_DE\" \/>\n<meta property=\"og:type\" content=\"article\" \/>\n<meta property=\"og:title\" content=\"DROP SHOT X-DRIVE 2.0 2025 - Revolution Padel Store\" \/>\n<meta property=\"og:description\" content=\"&quot;La pala Drop Shot X-Drive 2.0 combina potencia, control y tecnolog\u00edas avanzadas como Carbono 18K Textreme y EVA Pro. Ideal para jugadores intermedios y avanzados con estilo ofensivo. \u00a1C\u00f3mprala en Revolution Padel Store!&quot;\" \/>\n<meta property=\"og:url\" content=\"https:\/\/revolutionpadelstore.com\/de\/produkt\/drop-shot-x-drive-2-0-2025\/\" \/>\n<meta property=\"og:site_name\" content=\"Revolution Padel Store\" \/>\n<meta property=\"article:modified_time\" content=\"2026-04-01T03:24:30+00:00\" \/>\n<meta property=\"og:image\" content=\"https:\/\/revolutionpadelstore.com\/wp-content\/uploads\/2025\/01\/114592-pala-drop-shot-x-drive-2-0-dp324014-1000x1000-1.webp\" \/>\n\t<meta property=\"og:image:width\" content=\"1000\" \/>\n\t<meta property=\"og:image:height\" content=\"1000\" \/>\n\t<meta property=\"og:image:type\" content=\"image\/webp\" \/>\n<meta name=\"twitter:card\" content=\"summary_large_image\" \/>\n<meta name=\"twitter:label1\" content=\"Gesch\u00e4tzte Lesezeit\" \/>\n\t<meta name=\"twitter:data1\" content=\"2\u00a0Minuten\" \/>\n<script type=\"application\/ld+json\" class=\"yoast-schema-graph\">{\"@context\":\"https:\\\/\\\/schema.org\",\"@graph\":[{\"@type\":\"WebPage\",\"@id\":\"https:\\\/\\\/revolutionpadelstore.com\\\/de\\\/produkt\\\/drop-shot-x-drive-2-0-2025\\\/\",\"url\":\"https:\\\/\\\/revolutionpadelstore.com\\\/de\\\/produkt\\\/drop-shot-x-drive-2-0-2025\\\/\",\"name\":\"DROP SHOT X-DRIVE 2.0 2025 - Revolution Padel Store\",\"isPartOf\":{\"@id\":\"https:\\\/\\\/revolutionpadelstore.com\\\/de\\\/#website\"},\"primaryImageOfPage\":{\"@id\":\"https:\\\/\\\/revolutionpadelstore.com\\\/de\\\/produkt\\\/drop-shot-x-drive-2-0-2025\\\/#primaryimage\"},\"image\":{\"@id\":\"https:\\\/\\\/revolutionpadelstore.com\\\/de\\\/produkt\\\/drop-shot-x-drive-2-0-2025\\\/#primaryimage\"},\"thumbnailUrl\":\"https:\\\/\\\/revolutionpadelstore.com\\\/wp-content\\\/uploads\\\/2025\\\/01\\\/114592-pala-drop-shot-x-drive-2-0-dp324014-1000x1000-1.webp\",\"datePublished\":\"2025-01-12T11:29:00+00:00\",\"dateModified\":\"2026-04-01T03:24:30+00:00\",\"description\":\"\\\"La pala Drop Shot X-Drive 2.0 combina potencia, control y tecnolog\u00edas avanzadas como Carbono 18K Textreme y EVA Pro. Ideal para jugadores intermedios y avanzados con estilo ofensivo. \u00a1C\u00f3mprala en Revolution Padel Store!\\\"\",\"breadcrumb\":{\"@id\":\"https:\\\/\\\/revolutionpadelstore.com\\\/de\\\/produkt\\\/drop-shot-x-drive-2-0-2025\\\/#breadcrumb\"},\"inLanguage\":\"de\",\"potentialAction\":[{\"@type\":\"ReadAction\",\"target\":[\"https:\\\/\\\/revolutionpadelstore.com\\\/de\\\/produkt\\\/drop-shot-x-drive-2-0-2025\\\/\"]}]},{\"@type\":\"ImageObject\",\"inLanguage\":\"de\",\"@id\":\"https:\\\/\\\/revolutionpadelstore.com\\\/de\\\/produkt\\\/drop-shot-x-drive-2-0-2025\\\/#primaryimage\",\"url\":\"https:\\\/\\\/revolutionpadelstore.com\\\/wp-content\\\/uploads\\\/2025\\\/01\\\/114592-pala-drop-shot-x-drive-2-0-dp324014-1000x1000-1.webp\",\"contentUrl\":\"https:\\\/\\\/revolutionpadelstore.com\\\/wp-content\\\/uploads\\\/2025\\\/01\\\/114592-pala-drop-shot-x-drive-2-0-dp324014-1000x1000-1.webp\",\"width\":1000,\"height\":1000},{\"@type\":\"BreadcrumbList\",\"@id\":\"https:\\\/\\\/revolutionpadelstore.com\\\/de\\\/produkt\\\/drop-shot-x-drive-2-0-2025\\\/#breadcrumb\",\"itemListElement\":[{\"@type\":\"ListItem\",\"position\":1,\"name\":\"Portada\",\"item\":\"https:\\\/\\\/revolutionpadelstore.com\\\/de\\\/\"},{\"@type\":\"ListItem\",\"position\":2,\"name\":\"Shop\",\"item\":\"https:\\\/\\\/revolutionpadelstore.com\\\/de\\\/tienda\\\/\"},{\"@type\":\"ListItem\",\"position\":3,\"name\":\"DROP SHOT X-DRIVE 2.0 2025\"}]},{\"@type\":\"WebSite\",\"@id\":\"https:\\\/\\\/revolutionpadelstore.com\\\/de\\\/#website\",\"url\":\"https:\\\/\\\/revolutionpadelstore.com\\\/de\\\/\",\"name\":\"Revolution Padel Store\",\"description\":\"\",\"publisher\":{\"@id\":\"https:\\\/\\\/revolutionpadelstore.com\\\/de\\\/#organization\"},\"potentialAction\":[{\"@type\":\"SearchAction\",\"target\":{\"@type\":\"EntryPoint\",\"urlTemplate\":\"https:\\\/\\\/revolutionpadelstore.com\\\/de\\\/?s={search_term_string}\"},\"query-input\":{\"@type\":\"PropertyValueSpecification\",\"valueRequired\":true,\"valueName\":\"search_term_string\"}}],\"inLanguage\":\"de\"},{\"@type\":\"Organization\",\"@id\":\"https:\\\/\\\/revolutionpadelstore.com\\\/de\\\/#organization\",\"name\":\"Revolution Padel Store\",\"url\":\"https:\\\/\\\/revolutionpadelstore.com\\\/de\\\/\",\"logo\":{\"@type\":\"ImageObject\",\"inLanguage\":\"de\",\"@id\":\"https:\\\/\\\/revolutionpadelstore.com\\\/de\\\/#\\\/schema\\\/logo\\\/image\\\/\",\"url\":\"https:\\\/\\\/revolutionpadelstore.com\\\/wp-content\\\/uploads\\\/2026\\\/02\\\/revolution-padel-store.jpg\",\"contentUrl\":\"https:\\\/\\\/revolutionpadelstore.com\\\/wp-content\\\/uploads\\\/2026\\\/02\\\/revolution-padel-store.jpg\",\"width\":2000,\"height\":2000,\"caption\":\"Revolution Padel Store\"},\"image\":{\"@id\":\"https:\\\/\\\/revolutionpadelstore.com\\\/de\\\/#\\\/schema\\\/logo\\\/image\\\/\"},\"sameAs\":[\"https:\\\/\\\/www.instagram.com\\\/revolutionpadelstore\\\/\"]}]}<\/script>\n<!-- \/ Yoast SEO plugin. -->","yoast_head_json":{"title":"DROP SHOT X-DRIVE 2.0 2025 - Revolution Padel Store","description":"\"La pala Drop Shot X-Drive 2.0 combina potencia, control y tecnolog\u00edas avanzadas como Carbono 18K Textreme y EVA Pro. Ideal para jugadores intermedios y avanzados con estilo ofensivo. \u00a1C\u00f3mprala en Revolution Padel Store!\"","robots":{"index":"index","follow":"follow","max-snippet":"max-snippet:-1","max-image-preview":"max-image-preview:large","max-video-preview":"max-video-preview:-1"},"canonical":"https:\/\/revolutionpadelstore.com\/de\/produkt\/drop-shot-x-drive-2-0-2025\/","og_locale":"de_DE","og_type":"article","og_title":"DROP SHOT X-DRIVE 2.0 2025 - Revolution Padel Store","og_description":"\"La pala Drop Shot X-Drive 2.0 combina potencia, control y tecnolog\u00edas avanzadas como Carbono 18K Textreme y EVA Pro. Ideal para jugadores intermedios y avanzados con estilo ofensivo. \u00a1C\u00f3mprala en Revolution Padel Store!\"","og_url":"https:\/\/revolutionpadelstore.com\/de\/produkt\/drop-shot-x-drive-2-0-2025\/","og_site_name":"Revolution Padel Store","article_modified_time":"2026-04-01T03:24:30+00:00","og_image":[{"width":1000,"height":1000,"url":"https:\/\/revolutionpadelstore.com\/wp-content\/uploads\/2025\/01\/114592-pala-drop-shot-x-drive-2-0-dp324014-1000x1000-1.webp","type":"image\/webp"}],"twitter_card":"summary_large_image","twitter_misc":{"Gesch\u00e4tzte Lesezeit":"2\u00a0Minuten"},"schema":{"@context":"https:\/\/schema.org","@graph":[{"@type":"WebPage","@id":"https:\/\/revolutionpadelstore.com\/de\/produkt\/drop-shot-x-drive-2-0-2025\/","url":"https:\/\/revolutionpadelstore.com\/de\/produkt\/drop-shot-x-drive-2-0-2025\/","name":"DROP SHOT X-DRIVE 2.0 2025 - Revolution Padel Store","isPartOf":{"@id":"https:\/\/revolutionpadelstore.com\/de\/#website"},"primaryImageOfPage":{"@id":"https:\/\/revolutionpadelstore.com\/de\/produkt\/drop-shot-x-drive-2-0-2025\/#primaryimage"},"image":{"@id":"https:\/\/revolutionpadelstore.com\/de\/produkt\/drop-shot-x-drive-2-0-2025\/#primaryimage"},"thumbnailUrl":"https:\/\/revolutionpadelstore.com\/wp-content\/uploads\/2025\/01\/114592-pala-drop-shot-x-drive-2-0-dp324014-1000x1000-1.webp","datePublished":"2025-01-12T11:29:00+00:00","dateModified":"2026-04-01T03:24:30+00:00","description":"\"La pala Drop Shot X-Drive 2.0 combina potencia, control y tecnolog\u00edas avanzadas como Carbono 18K Textreme y EVA Pro. Ideal para jugadores intermedios y avanzados con estilo ofensivo. \u00a1C\u00f3mprala en Revolution Padel Store!\"","breadcrumb":{"@id":"https:\/\/revolutionpadelstore.com\/de\/produkt\/drop-shot-x-drive-2-0-2025\/#breadcrumb"},"inLanguage":"de","potentialAction":[{"@type":"ReadAction","target":["https:\/\/revolutionpadelstore.com\/de\/produkt\/drop-shot-x-drive-2-0-2025\/"]}]},{"@type":"ImageObject","inLanguage":"de","@id":"https:\/\/revolutionpadelstore.com\/de\/produkt\/drop-shot-x-drive-2-0-2025\/#primaryimage","url":"https:\/\/revolutionpadelstore.com\/wp-content\/uploads\/2025\/01\/114592-pala-drop-shot-x-drive-2-0-dp324014-1000x1000-1.webp","contentUrl":"https:\/\/revolutionpadelstore.com\/wp-content\/uploads\/2025\/01\/114592-pala-drop-shot-x-drive-2-0-dp324014-1000x1000-1.webp","width":1000,"height":1000},{"@type":"BreadcrumbList","@id":"https:\/\/revolutionpadelstore.com\/de\/produkt\/drop-shot-x-drive-2-0-2025\/#breadcrumb","itemListElement":[{"@type":"ListItem","position":1,"name":"Portada","item":"https:\/\/revolutionpadelstore.com\/de\/"},{"@type":"ListItem","position":2,"name":"Shop","item":"https:\/\/revolutionpadelstore.com\/de\/tienda\/"},{"@type":"ListItem","position":3,"name":"DROP SHOT X-DRIVE 2.0 2025"}]},{"@type":"WebSite","@id":"https:\/\/revolutionpadelstore.com\/de\/#website","url":"https:\/\/revolutionpadelstore.com\/de\/","name":"Revolution Padel Store","description":"","publisher":{"@id":"https:\/\/revolutionpadelstore.com\/de\/#organization"},"potentialAction":[{"@type":"SearchAction","target":{"@type":"EntryPoint","urlTemplate":"https:\/\/revolutionpadelstore.com\/de\/?s={search_term_string}"},"query-input":{"@type":"PropertyValueSpecification","valueRequired":true,"valueName":"search_term_string"}}],"inLanguage":"de"},{"@type":"Organization","@id":"https:\/\/revolutionpadelstore.com\/de\/#organization","name":"Revolution Padel Store","url":"https:\/\/revolutionpadelstore.com\/de\/","logo":{"@type":"ImageObject","inLanguage":"de","@id":"https:\/\/revolutionpadelstore.com\/de\/#\/schema\/logo\/image\/","url":"https:\/\/revolutionpadelstore.com\/wp-content\/uploads\/2026\/02\/revolution-padel-store.jpg","contentUrl":"https:\/\/revolutionpadelstore.com\/wp-content\/uploads\/2026\/02\/revolution-padel-store.jpg","width":2000,"height":2000,"caption":"Revolution Padel Store"},"image":{"@id":"https:\/\/revolutionpadelstore.com\/de\/#\/schema\/logo\/image\/"},"sameAs":["https:\/\/www.instagram.com\/revolutionpadelstore\/"]}]}},"_links":{"self":[{"href":"https:\/\/revolutionpadelstore.com\/de\/wp-json\/wp\/v2\/product\/158639","targetHints":{"allow":["GET"]}}],"collection":[{"href":"https:\/\/revolutionpadelstore.com\/de\/wp-json\/wp\/v2\/product"}],"about":[{"href":"https:\/\/revolutionpadelstore.com\/de\/wp-json\/wp\/v2\/types\/product"}],"replies":[{"embeddable":true,"href":"https:\/\/revolutionpadelstore.com\/de\/wp-json\/wp\/v2\/comments?post=158639"}],"wp:featuredmedia":[{"embeddable":true,"href":"https:\/\/revolutionpadelstore.com\/de\/wp-json\/wp\/v2\/media\/158610"}],"wp:attachment":[{"href":"https:\/\/revolutionpadelstore.com\/de\/wp-json\/wp\/v2\/media?parent=158639"}],"wp:term":[{"taxonomy":"acabado","embeddable":true,"href":"https:\/\/revolutionpadelstore.com\/de\/wp-json\/wp\/v2\/acabado?post=158639"},{"taxonomy":"balance","embeddable":true,"href":"https:\/\/revolutionpadelstore.com\/de\/wp-json\/wp\/v2\/balance?post=158639"},{"taxonomy":"dureza","embeddable":true,"href":"https:\/\/revolutionpadelstore.com\/de\/wp-json\/wp\/v2\/dureza?post=158639"},{"taxonomy":"forma","embeddable":true,"href":"https:\/\/revolutionpadelstore.com\/de\/wp-json\/wp\/v2\/forma?post=158639"},{"taxonomy":"jugador","embeddable":true,"href":"https:\/\/revolutionpadelstore.com\/de\/wp-json\/wp\/v2\/jugador?post=158639"},{"taxonomy":"marca","embeddable":true,"href":"https:\/\/revolutionpadelstore.com\/de\/wp-json\/wp\/v2\/marca?post=158639"},{"taxonomy":"nivel-de-juego","embeddable":true,"href":"https:\/\/revolutionpadelstore.com\/de\/wp-json\/wp\/v2\/nivel-de-juego?post=158639"},{"taxonomy":"superficie","embeddable":true,"href":"https:\/\/revolutionpadelstore.com\/de\/wp-json\/wp\/v2\/superficie?post=158639"},{"taxonomy":"tipo-de-juego","embeddable":true,"href":"https:\/\/revolutionpadelstore.com\/de\/wp-json\/wp\/v2\/tipo-de-juego?post=158639"},{"taxonomy":"product_brand","embeddable":true,"href":"https:\/\/revolutionpadelstore.com\/de\/wp-json\/wp\/v2\/product_brand?post=158639"},{"taxonomy":"product_cat","embeddable":true,"href":"https:\/\/revolutionpadelstore.com\/de\/wp-json\/wp\/v2\/product_cat?post=158639"},{"taxonomy":"product_tag","embeddable":true,"href":"https:\/\/revolutionpadelstore.com\/de\/wp-json\/wp\/v2\/product_tag?post=158639"}],"curies":[{"name":"wp","href":"https:\/\/api.w.org\/{rel}","templated":true}]}}