{"id":157770,"date":"2024-12-30T00:21:36","date_gmt":"2024-12-29T23:21:36","guid":{"rendered":"https:\/\/revolutionpadelstore.com\/hesacore-bullpadel-woman-fucsia\/"},"modified":"2026-04-08T08:41:31","modified_gmt":"2026-04-08T06:41:31","slug":"hesacore-bullpadel-woman-fucsia-1","status":"publish","type":"product","link":"https:\/\/revolutionpadelstore.com\/de\/produkt\/hesacore-bullpadel-woman-fucsia-1\/","title":{"rendered":"HESACORE BULLPADEL WOMAN FUCSIA"},"content":{"rendered":"<h2> Hesacore Grip Bullpadel Fuchsia: Die beste Wahl f\u00fcr Kraft und Komfort <\/ H2><\/p>\n<h2> Warum den Hesacore Grip Bullpadel Fuchsia w\u00e4hlen?<br \/>\nDer <strong> Hesacore Bullpadel Grip Fuchsia <\/strong> ist das Lieblingsaccessoire vieler Paddelspieler, von Anf\u00e4ngern bis hin zu Fachleuten, dank ihrer Vorteile in Bezug auf Macht, Kontrolle und Komfort. Mit diesem innovativen Griff k\u00f6nnen Sie die Schaufel mit weniger Anstrengungen halten, die Kontraktion der Finger minimieren und die M\u00fcdigkeit in den H\u00e4nden reduzieren.<\/p>\n<h2> ideal f\u00fcr alle Spielebenen <\/ h2><br \/>\nEs ist perfekt f\u00fcr Rookie -Spieler, die ihre Kontrolle verbessern m\u00f6chten, und f\u00fcr Experten, die ihre Leistung verbessern m\u00f6chten. Dar\u00fcber hinaus sorgt sein Nicht -Slip -Design f\u00fcr einen festen Griff und verhindert, dass die Dusche w\u00e4hrend des intensivsten Spiels rutscht.<\/p>\n<h2> Design und Technologie <\/ h2><br \/>\n<strong> -Single Hexagonal Design <\/strong>: Die wabenf\u00f6rmige Struktur bietet die Knochen der Hand ergonomisch.<\/p>\n<p><strong> -Reviation von Vibrationen <\/strong>: Minimiert die Auswirkungen und hilft, Verletzungen in Handgelenk, Ellbogen und Unterarm zu verhindern.<\/p>\n<p><strong> -Anrammfuchsie streikend <\/strong>: Ein modernes Design, das auf der Strecke auff\u00e4llt.<\/p>\n<h2> Technische Eigenschaften <\/H2><br \/>\n<strong> -Advanced Ertonomy <\/strong>: Reduzieren Sie die Anstrengung beim Halten der Schaufel und entspannen Sie die Handmuskeln und den Unterarm.<\/p>\n<p><strong> -H\u00f6he Qualit\u00e4tsmaterial <\/strong>: Seine Zusammensetzung garantiert Haltbarkeit und Komfort.<\/p>\n<p><strong> -F\u00e1cil -Installation <\/strong>: Es wird schnell platziert und ersetzt, was eine sofortige Anpassung erm\u00f6glicht.<\/p>\n<p><strong> -Amayor -Kontaktoberfl\u00e4che <\/strong>: Verbessert die Kontrolle und verringert die Verletzungsrisiken.<\/p>\n<h2> Schl\u00fcsselvorteile <\/ h2><br \/>\n-Peente und Kontrolle.<\/p>\n<p>-Prevention von Verletzungen dank seiner Schwingungsabsorptionskapazit\u00e4t.<\/p>\n<p>-Antagelbar f\u00fcr jeden Stil und jeden Spielniveau.<\/p>\n<h2> jetzt verf\u00fcgbar <\/ H2><br \/>\nErwerben Sie den <strong> Hesacore Grip Bullpadel Fuchsia <\/strong> in unserem Online -Shop <a href=\"https:\/\/www.revolutionpadelstore.com\/\"> www.revolutionpadelstore.com <\/a> wahrscheinlich zum besten Marktpreis . Verbessern Sie noch heute Ihr Spielerlebnis!<\/p>\n<h2>Hesacore Grip Bullpadel Fucsia: La Mejor Elecci\u00f3n para Potencia y Comodidad<\/h2>\n","protected":false},"excerpt":{"rendered":"<p>Hesacore Bullpadel verbessert die Unterst\u00fctzung zwischen Hand und Griff, wodurch die Spannung in den Muskeln der Hand und des Unterarms verringert wird.<\/p>\n","protected":false},"featured_media":157765,"comment_status":"open","ping_status":"closed","template":"","meta":{"_acf_changed":false,"_joinchat":[]},"acabado":[],"balance":[],"dureza":[],"forma":[],"jugador":[],"marca":[1254],"nivel-de-juego":[],"superficie":[],"tipo-de-juego":[],"product_brand":[],"product_cat":[558],"product_tag":[],"class_list":{"0":"post-157770","1":"product","2":"type-product","3":"status-publish","4":"has-post-thumbnail","6":"marca-bullpadel-de","7":"product_cat-zubehor","9":"first","10":"instock","11":"sale","12":"taxable","13":"shipping-taxable","14":"purchasable","15":"product-type-simple"},"acf":[],"yoast_head":"<!-- This site is optimized with the Yoast SEO plugin v27.4 - https:\/\/yoast.com\/product\/yoast-seo-wordpress\/ -->\n<title>HESACORE BULLPADEL WOMAN FUCSIA - Revolution Padel Store<\/title>\n<meta name=\"description\" content=\"&quot;Descubre el Hesacore Grip Bullpadel Fucsia, el accesorio ideal para potenciar tu juego. Dise\u00f1o ergon\u00f3mico, reducci\u00f3n de vibraciones y m\u00e1xima comodidad. \u00a1Disponible en Revolution Padel Store!&quot;\" \/>\n<meta name=\"robots\" content=\"index, follow, max-snippet:-1, max-image-preview:large, max-video-preview:-1\" \/>\n<link rel=\"canonical\" href=\"https:\/\/revolutionpadelstore.com\/de\/produkt\/hesacore-bullpadel-woman-fucsia-1\/\" \/>\n<meta property=\"og:locale\" content=\"de_DE\" \/>\n<meta property=\"og:type\" content=\"article\" \/>\n<meta property=\"og:title\" content=\"HESACORE BULLPADEL WOMAN FUCSIA - Revolution Padel Store\" \/>\n<meta property=\"og:description\" content=\"&quot;Descubre el Hesacore Grip Bullpadel Fucsia, el accesorio ideal para potenciar tu juego. Dise\u00f1o ergon\u00f3mico, reducci\u00f3n de vibraciones y m\u00e1xima comodidad. \u00a1Disponible en Revolution Padel Store!&quot;\" \/>\n<meta property=\"og:url\" content=\"https:\/\/revolutionpadelstore.com\/de\/produkt\/hesacore-bullpadel-woman-fucsia-1\/\" \/>\n<meta property=\"og:site_name\" content=\"Revolution Padel Store\" \/>\n<meta property=\"article:modified_time\" content=\"2026-04-08T06:41:31+00:00\" \/>\n<meta property=\"og:image\" content=\"https:\/\/revolutionpadelstore.com\/wp-content\/uploads\/2024\/12\/imagen_1_26071_d2e07668_be66.webp\" \/>\n\t<meta property=\"og:image:width\" content=\"1000\" \/>\n\t<meta property=\"og:image:height\" content=\"1000\" \/>\n\t<meta property=\"og:image:type\" content=\"image\/webp\" \/>\n<meta name=\"twitter:card\" content=\"summary_large_image\" \/>\n<meta name=\"twitter:label1\" content=\"Gesch\u00e4tzte Lesezeit\" \/>\n\t<meta name=\"twitter:data1\" content=\"1\u00a0Minute\" \/>\n<script type=\"application\/ld+json\" class=\"yoast-schema-graph\">{\"@context\":\"https:\\\/\\\/schema.org\",\"@graph\":[{\"@type\":\"WebPage\",\"@id\":\"https:\\\/\\\/revolutionpadelstore.com\\\/de\\\/produkt\\\/hesacore-bullpadel-woman-fucsia-1\\\/\",\"url\":\"https:\\\/\\\/revolutionpadelstore.com\\\/de\\\/produkt\\\/hesacore-bullpadel-woman-fucsia-1\\\/\",\"name\":\"HESACORE BULLPADEL WOMAN FUCSIA - Revolution Padel Store\",\"isPartOf\":{\"@id\":\"https:\\\/\\\/revolutionpadelstore.com\\\/de\\\/#website\"},\"primaryImageOfPage\":{\"@id\":\"https:\\\/\\\/revolutionpadelstore.com\\\/de\\\/produkt\\\/hesacore-bullpadel-woman-fucsia-1\\\/#primaryimage\"},\"image\":{\"@id\":\"https:\\\/\\\/revolutionpadelstore.com\\\/de\\\/produkt\\\/hesacore-bullpadel-woman-fucsia-1\\\/#primaryimage\"},\"thumbnailUrl\":\"https:\\\/\\\/revolutionpadelstore.com\\\/wp-content\\\/uploads\\\/2024\\\/12\\\/imagen_1_26071_d2e07668_be66.webp\",\"datePublished\":\"2024-12-29T23:21:36+00:00\",\"dateModified\":\"2026-04-08T06:41:31+00:00\",\"description\":\"\\\"Descubre el Hesacore Grip Bullpadel Fucsia, el accesorio ideal para potenciar tu juego. Dise\u00f1o ergon\u00f3mico, reducci\u00f3n de vibraciones y m\u00e1xima comodidad. \u00a1Disponible en Revolution Padel Store!\\\"\",\"breadcrumb\":{\"@id\":\"https:\\\/\\\/revolutionpadelstore.com\\\/de\\\/produkt\\\/hesacore-bullpadel-woman-fucsia-1\\\/#breadcrumb\"},\"inLanguage\":\"de\",\"potentialAction\":[{\"@type\":\"ReadAction\",\"target\":[\"https:\\\/\\\/revolutionpadelstore.com\\\/de\\\/produkt\\\/hesacore-bullpadel-woman-fucsia-1\\\/\"]}]},{\"@type\":\"ImageObject\",\"inLanguage\":\"de\",\"@id\":\"https:\\\/\\\/revolutionpadelstore.com\\\/de\\\/produkt\\\/hesacore-bullpadel-woman-fucsia-1\\\/#primaryimage\",\"url\":\"https:\\\/\\\/revolutionpadelstore.com\\\/wp-content\\\/uploads\\\/2024\\\/12\\\/imagen_1_26071_d2e07668_be66.webp\",\"contentUrl\":\"https:\\\/\\\/revolutionpadelstore.com\\\/wp-content\\\/uploads\\\/2024\\\/12\\\/imagen_1_26071_d2e07668_be66.webp\",\"width\":1000,\"height\":1000},{\"@type\":\"BreadcrumbList\",\"@id\":\"https:\\\/\\\/revolutionpadelstore.com\\\/de\\\/produkt\\\/hesacore-bullpadel-woman-fucsia-1\\\/#breadcrumb\",\"itemListElement\":[{\"@type\":\"ListItem\",\"position\":1,\"name\":\"Portada\",\"item\":\"https:\\\/\\\/revolutionpadelstore.com\\\/de\\\/\"},{\"@type\":\"ListItem\",\"position\":2,\"name\":\"Shop\",\"item\":\"https:\\\/\\\/revolutionpadelstore.com\\\/de\\\/tienda\\\/\"},{\"@type\":\"ListItem\",\"position\":3,\"name\":\"HESACORE BULLPADEL WOMAN FUCSIA\"}]},{\"@type\":\"WebSite\",\"@id\":\"https:\\\/\\\/revolutionpadelstore.com\\\/de\\\/#website\",\"url\":\"https:\\\/\\\/revolutionpadelstore.com\\\/de\\\/\",\"name\":\"Revolution Padel Store\",\"description\":\"\",\"publisher\":{\"@id\":\"https:\\\/\\\/revolutionpadelstore.com\\\/de\\\/#organization\"},\"potentialAction\":[{\"@type\":\"SearchAction\",\"target\":{\"@type\":\"EntryPoint\",\"urlTemplate\":\"https:\\\/\\\/revolutionpadelstore.com\\\/de\\\/?s={search_term_string}\"},\"query-input\":{\"@type\":\"PropertyValueSpecification\",\"valueRequired\":true,\"valueName\":\"search_term_string\"}}],\"inLanguage\":\"de\"},{\"@type\":\"Organization\",\"@id\":\"https:\\\/\\\/revolutionpadelstore.com\\\/de\\\/#organization\",\"name\":\"Revolution Padel Store\",\"url\":\"https:\\\/\\\/revolutionpadelstore.com\\\/de\\\/\",\"logo\":{\"@type\":\"ImageObject\",\"inLanguage\":\"de\",\"@id\":\"https:\\\/\\\/revolutionpadelstore.com\\\/de\\\/#\\\/schema\\\/logo\\\/image\\\/\",\"url\":\"https:\\\/\\\/revolutionpadelstore.com\\\/wp-content\\\/uploads\\\/2026\\\/02\\\/revolution-padel-store.jpg\",\"contentUrl\":\"https:\\\/\\\/revolutionpadelstore.com\\\/wp-content\\\/uploads\\\/2026\\\/02\\\/revolution-padel-store.jpg\",\"width\":2000,\"height\":2000,\"caption\":\"Revolution Padel Store\"},\"image\":{\"@id\":\"https:\\\/\\\/revolutionpadelstore.com\\\/de\\\/#\\\/schema\\\/logo\\\/image\\\/\"},\"sameAs\":[\"https:\\\/\\\/www.instagram.com\\\/revolutionpadelstore\\\/\"]}]}<\/script>\n<!-- \/ Yoast SEO plugin. -->","yoast_head_json":{"title":"HESACORE BULLPADEL WOMAN FUCSIA - Revolution Padel Store","description":"\"Descubre el Hesacore Grip Bullpadel Fucsia, el accesorio ideal para potenciar tu juego. Dise\u00f1o ergon\u00f3mico, reducci\u00f3n de vibraciones y m\u00e1xima comodidad. \u00a1Disponible en Revolution Padel Store!\"","robots":{"index":"index","follow":"follow","max-snippet":"max-snippet:-1","max-image-preview":"max-image-preview:large","max-video-preview":"max-video-preview:-1"},"canonical":"https:\/\/revolutionpadelstore.com\/de\/produkt\/hesacore-bullpadel-woman-fucsia-1\/","og_locale":"de_DE","og_type":"article","og_title":"HESACORE BULLPADEL WOMAN FUCSIA - Revolution Padel Store","og_description":"\"Descubre el Hesacore Grip Bullpadel Fucsia, el accesorio ideal para potenciar tu juego. Dise\u00f1o ergon\u00f3mico, reducci\u00f3n de vibraciones y m\u00e1xima comodidad. \u00a1Disponible en Revolution Padel Store!\"","og_url":"https:\/\/revolutionpadelstore.com\/de\/produkt\/hesacore-bullpadel-woman-fucsia-1\/","og_site_name":"Revolution Padel Store","article_modified_time":"2026-04-08T06:41:31+00:00","og_image":[{"width":1000,"height":1000,"url":"https:\/\/revolutionpadelstore.com\/wp-content\/uploads\/2024\/12\/imagen_1_26071_d2e07668_be66.webp","type":"image\/webp"}],"twitter_card":"summary_large_image","twitter_misc":{"Gesch\u00e4tzte Lesezeit":"1\u00a0Minute"},"schema":{"@context":"https:\/\/schema.org","@graph":[{"@type":"WebPage","@id":"https:\/\/revolutionpadelstore.com\/de\/produkt\/hesacore-bullpadel-woman-fucsia-1\/","url":"https:\/\/revolutionpadelstore.com\/de\/produkt\/hesacore-bullpadel-woman-fucsia-1\/","name":"HESACORE BULLPADEL WOMAN FUCSIA - Revolution Padel Store","isPartOf":{"@id":"https:\/\/revolutionpadelstore.com\/de\/#website"},"primaryImageOfPage":{"@id":"https:\/\/revolutionpadelstore.com\/de\/produkt\/hesacore-bullpadel-woman-fucsia-1\/#primaryimage"},"image":{"@id":"https:\/\/revolutionpadelstore.com\/de\/produkt\/hesacore-bullpadel-woman-fucsia-1\/#primaryimage"},"thumbnailUrl":"https:\/\/revolutionpadelstore.com\/wp-content\/uploads\/2024\/12\/imagen_1_26071_d2e07668_be66.webp","datePublished":"2024-12-29T23:21:36+00:00","dateModified":"2026-04-08T06:41:31+00:00","description":"\"Descubre el Hesacore Grip Bullpadel Fucsia, el accesorio ideal para potenciar tu juego. Dise\u00f1o ergon\u00f3mico, reducci\u00f3n de vibraciones y m\u00e1xima comodidad. \u00a1Disponible en Revolution Padel Store!\"","breadcrumb":{"@id":"https:\/\/revolutionpadelstore.com\/de\/produkt\/hesacore-bullpadel-woman-fucsia-1\/#breadcrumb"},"inLanguage":"de","potentialAction":[{"@type":"ReadAction","target":["https:\/\/revolutionpadelstore.com\/de\/produkt\/hesacore-bullpadel-woman-fucsia-1\/"]}]},{"@type":"ImageObject","inLanguage":"de","@id":"https:\/\/revolutionpadelstore.com\/de\/produkt\/hesacore-bullpadel-woman-fucsia-1\/#primaryimage","url":"https:\/\/revolutionpadelstore.com\/wp-content\/uploads\/2024\/12\/imagen_1_26071_d2e07668_be66.webp","contentUrl":"https:\/\/revolutionpadelstore.com\/wp-content\/uploads\/2024\/12\/imagen_1_26071_d2e07668_be66.webp","width":1000,"height":1000},{"@type":"BreadcrumbList","@id":"https:\/\/revolutionpadelstore.com\/de\/produkt\/hesacore-bullpadel-woman-fucsia-1\/#breadcrumb","itemListElement":[{"@type":"ListItem","position":1,"name":"Portada","item":"https:\/\/revolutionpadelstore.com\/de\/"},{"@type":"ListItem","position":2,"name":"Shop","item":"https:\/\/revolutionpadelstore.com\/de\/tienda\/"},{"@type":"ListItem","position":3,"name":"HESACORE BULLPADEL WOMAN FUCSIA"}]},{"@type":"WebSite","@id":"https:\/\/revolutionpadelstore.com\/de\/#website","url":"https:\/\/revolutionpadelstore.com\/de\/","name":"Revolution Padel Store","description":"","publisher":{"@id":"https:\/\/revolutionpadelstore.com\/de\/#organization"},"potentialAction":[{"@type":"SearchAction","target":{"@type":"EntryPoint","urlTemplate":"https:\/\/revolutionpadelstore.com\/de\/?s={search_term_string}"},"query-input":{"@type":"PropertyValueSpecification","valueRequired":true,"valueName":"search_term_string"}}],"inLanguage":"de"},{"@type":"Organization","@id":"https:\/\/revolutionpadelstore.com\/de\/#organization","name":"Revolution Padel Store","url":"https:\/\/revolutionpadelstore.com\/de\/","logo":{"@type":"ImageObject","inLanguage":"de","@id":"https:\/\/revolutionpadelstore.com\/de\/#\/schema\/logo\/image\/","url":"https:\/\/revolutionpadelstore.com\/wp-content\/uploads\/2026\/02\/revolution-padel-store.jpg","contentUrl":"https:\/\/revolutionpadelstore.com\/wp-content\/uploads\/2026\/02\/revolution-padel-store.jpg","width":2000,"height":2000,"caption":"Revolution Padel Store"},"image":{"@id":"https:\/\/revolutionpadelstore.com\/de\/#\/schema\/logo\/image\/"},"sameAs":["https:\/\/www.instagram.com\/revolutionpadelstore\/"]}]}},"_links":{"self":[{"href":"https:\/\/revolutionpadelstore.com\/de\/wp-json\/wp\/v2\/product\/157770","targetHints":{"allow":["GET"]}}],"collection":[{"href":"https:\/\/revolutionpadelstore.com\/de\/wp-json\/wp\/v2\/product"}],"about":[{"href":"https:\/\/revolutionpadelstore.com\/de\/wp-json\/wp\/v2\/types\/product"}],"replies":[{"embeddable":true,"href":"https:\/\/revolutionpadelstore.com\/de\/wp-json\/wp\/v2\/comments?post=157770"}],"wp:featuredmedia":[{"embeddable":true,"href":"https:\/\/revolutionpadelstore.com\/de\/wp-json\/wp\/v2\/media\/157765"}],"wp:attachment":[{"href":"https:\/\/revolutionpadelstore.com\/de\/wp-json\/wp\/v2\/media?parent=157770"}],"wp:term":[{"taxonomy":"acabado","embeddable":true,"href":"https:\/\/revolutionpadelstore.com\/de\/wp-json\/wp\/v2\/acabado?post=157770"},{"taxonomy":"balance","embeddable":true,"href":"https:\/\/revolutionpadelstore.com\/de\/wp-json\/wp\/v2\/balance?post=157770"},{"taxonomy":"dureza","embeddable":true,"href":"https:\/\/revolutionpadelstore.com\/de\/wp-json\/wp\/v2\/dureza?post=157770"},{"taxonomy":"forma","embeddable":true,"href":"https:\/\/revolutionpadelstore.com\/de\/wp-json\/wp\/v2\/forma?post=157770"},{"taxonomy":"jugador","embeddable":true,"href":"https:\/\/revolutionpadelstore.com\/de\/wp-json\/wp\/v2\/jugador?post=157770"},{"taxonomy":"marca","embeddable":true,"href":"https:\/\/revolutionpadelstore.com\/de\/wp-json\/wp\/v2\/marca?post=157770"},{"taxonomy":"nivel-de-juego","embeddable":true,"href":"https:\/\/revolutionpadelstore.com\/de\/wp-json\/wp\/v2\/nivel-de-juego?post=157770"},{"taxonomy":"superficie","embeddable":true,"href":"https:\/\/revolutionpadelstore.com\/de\/wp-json\/wp\/v2\/superficie?post=157770"},{"taxonomy":"tipo-de-juego","embeddable":true,"href":"https:\/\/revolutionpadelstore.com\/de\/wp-json\/wp\/v2\/tipo-de-juego?post=157770"},{"taxonomy":"product_brand","embeddable":true,"href":"https:\/\/revolutionpadelstore.com\/de\/wp-json\/wp\/v2\/product_brand?post=157770"},{"taxonomy":"product_cat","embeddable":true,"href":"https:\/\/revolutionpadelstore.com\/de\/wp-json\/wp\/v2\/product_cat?post=157770"},{"taxonomy":"product_tag","embeddable":true,"href":"https:\/\/revolutionpadelstore.com\/de\/wp-json\/wp\/v2\/product_tag?post=157770"}],"curies":[{"name":"wp","href":"https:\/\/api.w.org\/{rel}","templated":true}]}}