{"id":157112,"date":"2024-12-28T00:15:35","date_gmt":"2024-12-27T23:15:35","guid":{"rendered":"https:\/\/revolutionpadelstore.com\/bullpadel-indiga-boy-25\/"},"modified":"2026-04-01T05:41:24","modified_gmt":"2026-04-01T03:41:24","slug":"bullpadel-indiga-boy-25-1","status":"publish","type":"product","link":"https:\/\/revolutionpadelstore.com\/de\/produkt\/bullpadel-indiga-boy-25-1\/","title":{"rendered":"BULLPADEL INDIGA BOY 25"},"content":{"rendered":"<p><H2> Bullpadel Padel Blade Indiga Boy.<br \/>\n<strong> entwickelt f\u00fcr Kinder, die mit dem Paddel <\/strong> beginnen, der <strong> Bullpadel Indiga Boy and Girl <\/strong> Blades f\u00fcr ihr streikendes Design und ihre fortschrittliche Technologie. Diese Klingen sind geschaffen, um das Erlernen grundlegender Schl\u00e4ge zu erm\u00f6glichen und kleine Spieler vom ersten Moment zu genie\u00dfen.<\/p>\n<h2> Ausstehende Eigenschaften der Blades Indiga Boy and Girl <\/ H2><br \/>\n<strong> -Gripzone Innovative <\/strong>: Enth\u00e4lt einen bestimmten Bereich in der Klingenmatrix, um den Griff mit nicht dominanter Hand zu erleichtern, was Kindern hilft, die richtige Technik schneller und einfacher zu lernen.<\/p>\n<p><strong> -Anadapiertes Emplowle <\/strong>: So konzipiert sich an kleine H\u00e4nde, mit einem bequemen Griff, der sichere und komfortable Handhabung gew\u00e4hrleistet.<\/p>\n<p><strong> -broad-Kern <\/strong>: Es bietet einen gro\u00dfen s\u00fc\u00dfen Punkt, der die Kontrolle und Leistung in den ersten Schl\u00e4gen optimiert.<\/p>\n<p><strong> -Das attraktive Design <\/strong>: Mit lebendigen Farben und einem Jugendfinish, das die Kleinen verzaubert.<\/p>\n<h2> Schl\u00fcsselvorteile <\/ h2><br \/>\n<strong> -Learning-Einrichtung <\/strong>: Dank ihrer Ergonomie und ihres Designs k\u00f6nnen Kinder grundlegende Techniken auf einfache Weise dominieren.<\/p>\n<p><strong> -Konfort und Sicherheit <\/strong>: Ihr angepasster und komfortabler Griff vermeidet das Gleiten und verbessert die Kontrolle w\u00e4hrend des Spiels.<\/p>\n<p><strong> -Dourabilit\u00e4t <\/strong> mit hochwertigen Materialien hergestellt, die Widerstand und konsistente Leistung garantieren.<\/p>\n<h2> Warum die Bullpadel Indiga Kids w\u00e4hlen?<br \/>\nDiese Klingen sind speziell f\u00fcr j\u00fcngere Spieler entwickelt und bieten eine spielerische und p\u00e4dagogische Erfahrung. Sie sind die perfekte Option f\u00fcr Kinder, ihre ersten Schritte in der Welt des Paddels zu unternehmen und ihre Leidenschaft f\u00fcr diesen Sport zu entwickeln.<\/p>\n<p><strong> Machen Sie die Kleinen gerne lernen, Paddel f\u00fcr den Bullpadel Indiga Boy and Girl zu spielen, das in unserem Online -Shop erh\u00e4ltlich ist. zum besten Marktpreis<\/p>\n<h2>Pala de P\u00e1del Bullpadel Indiga Boy.La Elecci\u00f3n Ideal para Peque\u00f1os Campeones<\/h2>\n","protected":false},"excerpt":{"rendered":"<p>Der Palas Indiga Boy und das M\u00e4dchen sind die Kinderbullpadel -Klingen f\u00fcr Kinder, die das Paddel leicht und schnell genie\u00dfen.<\/p>\n","protected":false},"featured_media":157089,"comment_status":"open","ping_status":"closed","template":"","meta":{"_acf_changed":false,"_joinchat":[]},"acabado":[],"balance":[],"dureza":[],"forma":[],"jugador":[1204],"marca":[1254],"nivel-de-juego":[],"superficie":[],"tipo-de-juego":[],"product_brand":[],"product_cat":[299],"product_tag":[],"class_list":{"0":"post-157112","1":"product","2":"type-product","3":"status-publish","4":"has-post-thumbnail","6":"jugador-junior-de","7":"marca-bullpadel-de","8":"product_cat-palas-de-padel-de","10":"first","11":"instock","12":"sale","13":"taxable","14":"shipping-taxable","15":"purchasable","16":"product-type-simple"},"acf":[],"yoast_head":"<!-- This site is optimized with the Yoast SEO plugin v27.3 - https:\/\/yoast.com\/product\/yoast-seo-wordpress\/ -->\n<title>BULLPADEL INDIGA BOY 25 - Revolution Padel Store<\/title>\n<meta name=\"description\" content=\"Descubre las palas de p\u00e1del Bullpadel Indiga Boy y Girl, ideales para ni\u00f1os principiantes. Dise\u00f1o ergon\u00f3mico, grip c\u00f3modo y tecnolog\u00eda innovadora. \u00a1Compra online en www.revolutionpadelstore.com!\" \/>\n<meta name=\"robots\" content=\"index, follow, max-snippet:-1, max-image-preview:large, max-video-preview:-1\" \/>\n<link rel=\"canonical\" href=\"https:\/\/revolutionpadelstore.com\/de\/produkt\/bullpadel-indiga-boy-25-1\/\" \/>\n<meta property=\"og:locale\" content=\"de_DE\" \/>\n<meta property=\"og:type\" content=\"article\" \/>\n<meta property=\"og:title\" content=\"BULLPADEL INDIGA BOY 25 - Revolution Padel Store\" \/>\n<meta property=\"og:description\" content=\"Descubre las palas de p\u00e1del Bullpadel Indiga Boy y Girl, ideales para ni\u00f1os principiantes. Dise\u00f1o ergon\u00f3mico, grip c\u00f3modo y tecnolog\u00eda innovadora. \u00a1Compra online en www.revolutionpadelstore.com!\" \/>\n<meta property=\"og:url\" content=\"https:\/\/revolutionpadelstore.com\/de\/produkt\/bullpadel-indiga-boy-25-1\/\" \/>\n<meta property=\"og:site_name\" content=\"Revolution Padel Store\" \/>\n<meta property=\"article:modified_time\" content=\"2026-04-01T03:41:24+00:00\" \/>\n<meta property=\"og:image\" content=\"https:\/\/revolutionpadelstore.com\/wp-content\/uploads\/2024\/12\/66.png\" \/>\n\t<meta property=\"og:image:width\" content=\"1500\" \/>\n\t<meta property=\"og:image:height\" content=\"1500\" \/>\n\t<meta property=\"og:image:type\" content=\"image\/png\" \/>\n<meta name=\"twitter:card\" content=\"summary_large_image\" \/>\n<meta name=\"twitter:label1\" content=\"Gesch\u00e4tzte Lesezeit\" \/>\n\t<meta name=\"twitter:data1\" content=\"2\u00a0Minuten\" \/>\n<script type=\"application\/ld+json\" class=\"yoast-schema-graph\">{\"@context\":\"https:\\\/\\\/schema.org\",\"@graph\":[{\"@type\":\"WebPage\",\"@id\":\"https:\\\/\\\/revolutionpadelstore.com\\\/de\\\/produkt\\\/bullpadel-indiga-boy-25-1\\\/\",\"url\":\"https:\\\/\\\/revolutionpadelstore.com\\\/de\\\/produkt\\\/bullpadel-indiga-boy-25-1\\\/\",\"name\":\"BULLPADEL INDIGA BOY 25 - Revolution Padel Store\",\"isPartOf\":{\"@id\":\"https:\\\/\\\/revolutionpadelstore.com\\\/de\\\/#website\"},\"primaryImageOfPage\":{\"@id\":\"https:\\\/\\\/revolutionpadelstore.com\\\/de\\\/produkt\\\/bullpadel-indiga-boy-25-1\\\/#primaryimage\"},\"image\":{\"@id\":\"https:\\\/\\\/revolutionpadelstore.com\\\/de\\\/produkt\\\/bullpadel-indiga-boy-25-1\\\/#primaryimage\"},\"thumbnailUrl\":\"https:\\\/\\\/revolutionpadelstore.com\\\/wp-content\\\/uploads\\\/2024\\\/12\\\/66.png\",\"datePublished\":\"2024-12-27T23:15:35+00:00\",\"dateModified\":\"2026-04-01T03:41:24+00:00\",\"description\":\"Descubre las palas de p\u00e1del Bullpadel Indiga Boy y Girl, ideales para ni\u00f1os principiantes. Dise\u00f1o ergon\u00f3mico, grip c\u00f3modo y tecnolog\u00eda innovadora. \u00a1Compra online en www.revolutionpadelstore.com!\",\"breadcrumb\":{\"@id\":\"https:\\\/\\\/revolutionpadelstore.com\\\/de\\\/produkt\\\/bullpadel-indiga-boy-25-1\\\/#breadcrumb\"},\"inLanguage\":\"de\",\"potentialAction\":[{\"@type\":\"ReadAction\",\"target\":[\"https:\\\/\\\/revolutionpadelstore.com\\\/de\\\/produkt\\\/bullpadel-indiga-boy-25-1\\\/\"]}]},{\"@type\":\"ImageObject\",\"inLanguage\":\"de\",\"@id\":\"https:\\\/\\\/revolutionpadelstore.com\\\/de\\\/produkt\\\/bullpadel-indiga-boy-25-1\\\/#primaryimage\",\"url\":\"https:\\\/\\\/revolutionpadelstore.com\\\/wp-content\\\/uploads\\\/2024\\\/12\\\/66.png\",\"contentUrl\":\"https:\\\/\\\/revolutionpadelstore.com\\\/wp-content\\\/uploads\\\/2024\\\/12\\\/66.png\",\"width\":1500,\"height\":1500},{\"@type\":\"BreadcrumbList\",\"@id\":\"https:\\\/\\\/revolutionpadelstore.com\\\/de\\\/produkt\\\/bullpadel-indiga-boy-25-1\\\/#breadcrumb\",\"itemListElement\":[{\"@type\":\"ListItem\",\"position\":1,\"name\":\"Portada\",\"item\":\"https:\\\/\\\/revolutionpadelstore.com\\\/de\\\/\"},{\"@type\":\"ListItem\",\"position\":2,\"name\":\"Shop\",\"item\":\"https:\\\/\\\/revolutionpadelstore.com\\\/de\\\/tienda\\\/\"},{\"@type\":\"ListItem\",\"position\":3,\"name\":\"BULLPADEL INDIGA BOY 25\"}]},{\"@type\":\"WebSite\",\"@id\":\"https:\\\/\\\/revolutionpadelstore.com\\\/de\\\/#website\",\"url\":\"https:\\\/\\\/revolutionpadelstore.com\\\/de\\\/\",\"name\":\"Revolution Padel Store\",\"description\":\"\",\"publisher\":{\"@id\":\"https:\\\/\\\/revolutionpadelstore.com\\\/de\\\/#organization\"},\"potentialAction\":[{\"@type\":\"SearchAction\",\"target\":{\"@type\":\"EntryPoint\",\"urlTemplate\":\"https:\\\/\\\/revolutionpadelstore.com\\\/de\\\/?s={search_term_string}\"},\"query-input\":{\"@type\":\"PropertyValueSpecification\",\"valueRequired\":true,\"valueName\":\"search_term_string\"}}],\"inLanguage\":\"de\"},{\"@type\":\"Organization\",\"@id\":\"https:\\\/\\\/revolutionpadelstore.com\\\/de\\\/#organization\",\"name\":\"Revolution Padel Store\",\"url\":\"https:\\\/\\\/revolutionpadelstore.com\\\/de\\\/\",\"logo\":{\"@type\":\"ImageObject\",\"inLanguage\":\"de\",\"@id\":\"https:\\\/\\\/revolutionpadelstore.com\\\/de\\\/#\\\/schema\\\/logo\\\/image\\\/\",\"url\":\"https:\\\/\\\/revolutionpadelstore.com\\\/wp-content\\\/uploads\\\/2026\\\/02\\\/revolution-padel-store.jpg\",\"contentUrl\":\"https:\\\/\\\/revolutionpadelstore.com\\\/wp-content\\\/uploads\\\/2026\\\/02\\\/revolution-padel-store.jpg\",\"width\":2000,\"height\":2000,\"caption\":\"Revolution Padel Store\"},\"image\":{\"@id\":\"https:\\\/\\\/revolutionpadelstore.com\\\/de\\\/#\\\/schema\\\/logo\\\/image\\\/\"},\"sameAs\":[\"https:\\\/\\\/www.instagram.com\\\/revolutionpadelstore\\\/\"]}]}<\/script>\n<!-- \/ Yoast SEO plugin. -->","yoast_head_json":{"title":"BULLPADEL INDIGA BOY 25 - Revolution Padel Store","description":"Descubre las palas de p\u00e1del Bullpadel Indiga Boy y Girl, ideales para ni\u00f1os principiantes. Dise\u00f1o ergon\u00f3mico, grip c\u00f3modo y tecnolog\u00eda innovadora. \u00a1Compra online en www.revolutionpadelstore.com!","robots":{"index":"index","follow":"follow","max-snippet":"max-snippet:-1","max-image-preview":"max-image-preview:large","max-video-preview":"max-video-preview:-1"},"canonical":"https:\/\/revolutionpadelstore.com\/de\/produkt\/bullpadel-indiga-boy-25-1\/","og_locale":"de_DE","og_type":"article","og_title":"BULLPADEL INDIGA BOY 25 - Revolution Padel Store","og_description":"Descubre las palas de p\u00e1del Bullpadel Indiga Boy y Girl, ideales para ni\u00f1os principiantes. Dise\u00f1o ergon\u00f3mico, grip c\u00f3modo y tecnolog\u00eda innovadora. \u00a1Compra online en www.revolutionpadelstore.com!","og_url":"https:\/\/revolutionpadelstore.com\/de\/produkt\/bullpadel-indiga-boy-25-1\/","og_site_name":"Revolution Padel Store","article_modified_time":"2026-04-01T03:41:24+00:00","og_image":[{"width":1500,"height":1500,"url":"https:\/\/revolutionpadelstore.com\/wp-content\/uploads\/2024\/12\/66.png","type":"image\/png"}],"twitter_card":"summary_large_image","twitter_misc":{"Gesch\u00e4tzte Lesezeit":"2\u00a0Minuten"},"schema":{"@context":"https:\/\/schema.org","@graph":[{"@type":"WebPage","@id":"https:\/\/revolutionpadelstore.com\/de\/produkt\/bullpadel-indiga-boy-25-1\/","url":"https:\/\/revolutionpadelstore.com\/de\/produkt\/bullpadel-indiga-boy-25-1\/","name":"BULLPADEL INDIGA BOY 25 - Revolution Padel Store","isPartOf":{"@id":"https:\/\/revolutionpadelstore.com\/de\/#website"},"primaryImageOfPage":{"@id":"https:\/\/revolutionpadelstore.com\/de\/produkt\/bullpadel-indiga-boy-25-1\/#primaryimage"},"image":{"@id":"https:\/\/revolutionpadelstore.com\/de\/produkt\/bullpadel-indiga-boy-25-1\/#primaryimage"},"thumbnailUrl":"https:\/\/revolutionpadelstore.com\/wp-content\/uploads\/2024\/12\/66.png","datePublished":"2024-12-27T23:15:35+00:00","dateModified":"2026-04-01T03:41:24+00:00","description":"Descubre las palas de p\u00e1del Bullpadel Indiga Boy y Girl, ideales para ni\u00f1os principiantes. Dise\u00f1o ergon\u00f3mico, grip c\u00f3modo y tecnolog\u00eda innovadora. \u00a1Compra online en www.revolutionpadelstore.com!","breadcrumb":{"@id":"https:\/\/revolutionpadelstore.com\/de\/produkt\/bullpadel-indiga-boy-25-1\/#breadcrumb"},"inLanguage":"de","potentialAction":[{"@type":"ReadAction","target":["https:\/\/revolutionpadelstore.com\/de\/produkt\/bullpadel-indiga-boy-25-1\/"]}]},{"@type":"ImageObject","inLanguage":"de","@id":"https:\/\/revolutionpadelstore.com\/de\/produkt\/bullpadel-indiga-boy-25-1\/#primaryimage","url":"https:\/\/revolutionpadelstore.com\/wp-content\/uploads\/2024\/12\/66.png","contentUrl":"https:\/\/revolutionpadelstore.com\/wp-content\/uploads\/2024\/12\/66.png","width":1500,"height":1500},{"@type":"BreadcrumbList","@id":"https:\/\/revolutionpadelstore.com\/de\/produkt\/bullpadel-indiga-boy-25-1\/#breadcrumb","itemListElement":[{"@type":"ListItem","position":1,"name":"Portada","item":"https:\/\/revolutionpadelstore.com\/de\/"},{"@type":"ListItem","position":2,"name":"Shop","item":"https:\/\/revolutionpadelstore.com\/de\/tienda\/"},{"@type":"ListItem","position":3,"name":"BULLPADEL INDIGA BOY 25"}]},{"@type":"WebSite","@id":"https:\/\/revolutionpadelstore.com\/de\/#website","url":"https:\/\/revolutionpadelstore.com\/de\/","name":"Revolution Padel Store","description":"","publisher":{"@id":"https:\/\/revolutionpadelstore.com\/de\/#organization"},"potentialAction":[{"@type":"SearchAction","target":{"@type":"EntryPoint","urlTemplate":"https:\/\/revolutionpadelstore.com\/de\/?s={search_term_string}"},"query-input":{"@type":"PropertyValueSpecification","valueRequired":true,"valueName":"search_term_string"}}],"inLanguage":"de"},{"@type":"Organization","@id":"https:\/\/revolutionpadelstore.com\/de\/#organization","name":"Revolution Padel Store","url":"https:\/\/revolutionpadelstore.com\/de\/","logo":{"@type":"ImageObject","inLanguage":"de","@id":"https:\/\/revolutionpadelstore.com\/de\/#\/schema\/logo\/image\/","url":"https:\/\/revolutionpadelstore.com\/wp-content\/uploads\/2026\/02\/revolution-padel-store.jpg","contentUrl":"https:\/\/revolutionpadelstore.com\/wp-content\/uploads\/2026\/02\/revolution-padel-store.jpg","width":2000,"height":2000,"caption":"Revolution Padel Store"},"image":{"@id":"https:\/\/revolutionpadelstore.com\/de\/#\/schema\/logo\/image\/"},"sameAs":["https:\/\/www.instagram.com\/revolutionpadelstore\/"]}]}},"_links":{"self":[{"href":"https:\/\/revolutionpadelstore.com\/de\/wp-json\/wp\/v2\/product\/157112","targetHints":{"allow":["GET"]}}],"collection":[{"href":"https:\/\/revolutionpadelstore.com\/de\/wp-json\/wp\/v2\/product"}],"about":[{"href":"https:\/\/revolutionpadelstore.com\/de\/wp-json\/wp\/v2\/types\/product"}],"replies":[{"embeddable":true,"href":"https:\/\/revolutionpadelstore.com\/de\/wp-json\/wp\/v2\/comments?post=157112"}],"wp:featuredmedia":[{"embeddable":true,"href":"https:\/\/revolutionpadelstore.com\/de\/wp-json\/wp\/v2\/media\/157089"}],"wp:attachment":[{"href":"https:\/\/revolutionpadelstore.com\/de\/wp-json\/wp\/v2\/media?parent=157112"}],"wp:term":[{"taxonomy":"acabado","embeddable":true,"href":"https:\/\/revolutionpadelstore.com\/de\/wp-json\/wp\/v2\/acabado?post=157112"},{"taxonomy":"balance","embeddable":true,"href":"https:\/\/revolutionpadelstore.com\/de\/wp-json\/wp\/v2\/balance?post=157112"},{"taxonomy":"dureza","embeddable":true,"href":"https:\/\/revolutionpadelstore.com\/de\/wp-json\/wp\/v2\/dureza?post=157112"},{"taxonomy":"forma","embeddable":true,"href":"https:\/\/revolutionpadelstore.com\/de\/wp-json\/wp\/v2\/forma?post=157112"},{"taxonomy":"jugador","embeddable":true,"href":"https:\/\/revolutionpadelstore.com\/de\/wp-json\/wp\/v2\/jugador?post=157112"},{"taxonomy":"marca","embeddable":true,"href":"https:\/\/revolutionpadelstore.com\/de\/wp-json\/wp\/v2\/marca?post=157112"},{"taxonomy":"nivel-de-juego","embeddable":true,"href":"https:\/\/revolutionpadelstore.com\/de\/wp-json\/wp\/v2\/nivel-de-juego?post=157112"},{"taxonomy":"superficie","embeddable":true,"href":"https:\/\/revolutionpadelstore.com\/de\/wp-json\/wp\/v2\/superficie?post=157112"},{"taxonomy":"tipo-de-juego","embeddable":true,"href":"https:\/\/revolutionpadelstore.com\/de\/wp-json\/wp\/v2\/tipo-de-juego?post=157112"},{"taxonomy":"product_brand","embeddable":true,"href":"https:\/\/revolutionpadelstore.com\/de\/wp-json\/wp\/v2\/product_brand?post=157112"},{"taxonomy":"product_cat","embeddable":true,"href":"https:\/\/revolutionpadelstore.com\/de\/wp-json\/wp\/v2\/product_cat?post=157112"},{"taxonomy":"product_tag","embeddable":true,"href":"https:\/\/revolutionpadelstore.com\/de\/wp-json\/wp\/v2\/product_tag?post=157112"}],"curies":[{"name":"wp","href":"https:\/\/api.w.org\/{rel}","templated":true}]}}