{"id":157031,"date":"2024-12-27T14:13:16","date_gmt":"2024-12-27T13:13:16","guid":{"rendered":"https:\/\/revolutionpadelstore.com\/zapatilla-bullpadel-pearl-24i-blanco\/"},"modified":"2026-04-08T08:55:24","modified_gmt":"2026-04-08T06:55:24","slug":"zapatilla-bullpadel-pearl-24i-blanco-1","status":"publish","type":"product","link":"https:\/\/revolutionpadelstore.com\/de\/produkt\/zapatilla-bullpadel-pearl-24i-blanco-1\/","title":{"rendered":"ZAPATILLA BULLPADEL PEARL 24I BLANCO"},"content":{"rendered":"<h2> <strong> Bullpadel Perlschuhe &#8211; inspiriert von Bea Gonz\u00e1lez <\/ strong> <\/ h2><br \/>\nErh\u00f6hen Sie Ihre Leistung auf der Strecke mit den Bullpadel Pearl Shoes, die in Zusammenarbeit mit dem Bea Gonz\u00e1lez -Paddle -Stern entworfen wurden. Dieses Modell kombiniert die fortschrittlichste Technologie mit einem attraktiven Design, das Sie in jedem Spiel hervorheben.<\/p>\n<h2> <strong> Haupteigenschaften: <\/ strong> <\/ h2><br \/>\n<strong> -Anadvanced Amortuation: <\/strong> Sein innovatives System verringert die Auswirkungen auf die Gelenke und garantiert den Komfort w\u00e4hrend des gesamten Spiels.<\/p>\n<p><strong> -Imuela: <\/strong> bietet einen au\u00dfergew\u00f6hnlichen Griff auf verschiedene Oberfl\u00e4chen und erm\u00f6glicht sicherere und dynamischere Bewegungen.<\/p>\n<p><strong> -Rear-Stabilisator: <\/strong> verbessert die Stabilit\u00e4t und verhindert L\u00e4sionen bei pl\u00f6tzlichen Richtungs\u00e4nderungen.<\/p>\n<p><strong> -Stype und leichtes Gewicht: <\/strong> Das obere Netz beg\u00fcnstigt die Bel\u00fcftung und h\u00e4lt Ihre frischen F\u00fc\u00dfe auch in den intensivsten Spielen.<\/p>\n<p><strong> -Strategische Repression: <\/strong> Bereiche wie der Zeh werden f\u00fcr eine gr\u00f6\u00dfere Haltbarkeit verst\u00e4rkt.<\/p>\n<p><strong> -Gonomic Plantilla: <\/strong> bietet eine perfekte Anpassung und einen \u00fcberlegenen Komfort.<\/p>\n<p><strong>-Additional Unterst\u00fctzung im Kn\u00f6chel: <\/strong> Ideal f\u00fcr schnelle Bewegungen und unerwartete Wendungen.<\/p>\n<h2> <strong> Technische Spezifikationen: <\/ strong> <\/ h2><br \/>\n<strong> -Suela: <\/strong> Hybrid<\/p>\n<p><strong> -Kolores verf\u00fcgbar: <\/strong> Wei\u00df, Gr\u00fcn und Blau<\/p>\n<p>Diese Schuhe eignen sich perfekt f\u00fcr Spieler, die nach leistungsstarken Schuhen suchen, ohne den Stil zu beeintr\u00e4chtigen. Der Bullpadel Pearl wurde entwickelt, um sich an die Anforderungen des professionellen Spiels anzupassen, und garantiert Ihnen in jedem Schritt Stabilit\u00e4t, Haltbarkeit und Komfort.<\/p>\n<p><strong> Mach sie jetzt deine!<\/p>\n<h2><strong>Zapatillas Bullpadel Pearl \u2013 Inspiradas en Bea Gonz\u00e1lez<\/strong><\/p>\n","protected":false},"excerpt":{"rendered":"<p>Erh\u00f6hen Sie Ihre Landebahnleistung mit den Bullpadel Pearl Shoes, die in Zusammenarbeit mit dem Paddle Player Bea Gonz\u00e1lez entworfen wurden<\/p>\n","protected":false},"featured_media":156971,"comment_status":"open","ping_status":"closed","template":"","meta":{"_acf_changed":false,"_joinchat":[]},"acabado":[],"balance":[],"dureza":[],"forma":[],"jugador":[1194],"marca":[1254],"nivel-de-juego":[],"superficie":[],"tipo-de-juego":[],"product_brand":[],"product_cat":[831],"product_tag":[],"class_list":{"0":"post-157031","1":"product","2":"type-product","3":"status-publish","4":"has-post-thumbnail","6":"jugador-frau","7":"marca-bullpadel-de","8":"product_cat-turnschuhe","10":"first","11":"outofstock","12":"sale","13":"taxable","14":"shipping-taxable","15":"purchasable","16":"product-type-variable"},"acf":[],"yoast_head":"<!-- This site is optimized with the Yoast SEO plugin v27.4 - https:\/\/yoast.com\/product\/yoast-seo-wordpress\/ -->\n<title>ZAPATILLA BULLPADEL PEARL 24I BLANCO - Revolution Padel Store<\/title>\n<meta name=\"description\" content=\"Descubre las Zapatillas Bullpadel Pearl, dise\u00f1adas junto a Bea Gonz\u00e1lez. Tecnolog\u00eda avanzada, dise\u00f1o ligero y m\u00e1xima comodidad. \u00a1C\u00f3mpralas al mejor precio en Revolution Padel Store!\" \/>\n<meta name=\"robots\" content=\"index, follow, max-snippet:-1, max-image-preview:large, max-video-preview:-1\" \/>\n<link rel=\"canonical\" href=\"https:\/\/revolutionpadelstore.com\/de\/produkt\/zapatilla-bullpadel-pearl-24i-blanco-1\/\" \/>\n<meta property=\"og:locale\" content=\"de_DE\" \/>\n<meta property=\"og:type\" content=\"article\" \/>\n<meta property=\"og:title\" content=\"ZAPATILLA BULLPADEL PEARL 24I BLANCO - Revolution Padel Store\" \/>\n<meta property=\"og:description\" content=\"Descubre las Zapatillas Bullpadel Pearl, dise\u00f1adas junto a Bea Gonz\u00e1lez. Tecnolog\u00eda avanzada, dise\u00f1o ligero y m\u00e1xima comodidad. \u00a1C\u00f3mpralas al mejor precio en Revolution Padel Store!\" \/>\n<meta property=\"og:url\" content=\"https:\/\/revolutionpadelstore.com\/de\/produkt\/zapatilla-bullpadel-pearl-24i-blanco-1\/\" \/>\n<meta property=\"og:site_name\" content=\"Revolution Padel Store\" \/>\n<meta property=\"article:modified_time\" content=\"2026-04-08T06:55:24+00:00\" \/>\n<meta property=\"og:image\" content=\"https:\/\/revolutionpadelstore.com\/wp-content\/uploads\/2024\/12\/62.png\" \/>\n\t<meta property=\"og:image:width\" content=\"1500\" \/>\n\t<meta property=\"og:image:height\" content=\"1500\" \/>\n\t<meta property=\"og:image:type\" content=\"image\/png\" \/>\n<meta name=\"twitter:card\" content=\"summary_large_image\" \/>\n<meta name=\"twitter:label1\" content=\"Gesch\u00e4tzte Lesezeit\" \/>\n\t<meta name=\"twitter:data1\" content=\"1\u00a0Minute\" \/>\n<script type=\"application\/ld+json\" class=\"yoast-schema-graph\">{\"@context\":\"https:\\\/\\\/schema.org\",\"@graph\":[{\"@type\":\"WebPage\",\"@id\":\"https:\\\/\\\/revolutionpadelstore.com\\\/de\\\/produkt\\\/zapatilla-bullpadel-pearl-24i-blanco-1\\\/\",\"url\":\"https:\\\/\\\/revolutionpadelstore.com\\\/de\\\/produkt\\\/zapatilla-bullpadel-pearl-24i-blanco-1\\\/\",\"name\":\"ZAPATILLA BULLPADEL PEARL 24I BLANCO - Revolution Padel Store\",\"isPartOf\":{\"@id\":\"https:\\\/\\\/revolutionpadelstore.com\\\/de\\\/#website\"},\"primaryImageOfPage\":{\"@id\":\"https:\\\/\\\/revolutionpadelstore.com\\\/de\\\/produkt\\\/zapatilla-bullpadel-pearl-24i-blanco-1\\\/#primaryimage\"},\"image\":{\"@id\":\"https:\\\/\\\/revolutionpadelstore.com\\\/de\\\/produkt\\\/zapatilla-bullpadel-pearl-24i-blanco-1\\\/#primaryimage\"},\"thumbnailUrl\":\"https:\\\/\\\/revolutionpadelstore.com\\\/wp-content\\\/uploads\\\/2024\\\/12\\\/62.png\",\"datePublished\":\"2024-12-27T13:13:16+00:00\",\"dateModified\":\"2026-04-08T06:55:24+00:00\",\"description\":\"Descubre las Zapatillas Bullpadel Pearl, dise\u00f1adas junto a Bea Gonz\u00e1lez. Tecnolog\u00eda avanzada, dise\u00f1o ligero y m\u00e1xima comodidad. \u00a1C\u00f3mpralas al mejor precio en Revolution Padel Store!\",\"breadcrumb\":{\"@id\":\"https:\\\/\\\/revolutionpadelstore.com\\\/de\\\/produkt\\\/zapatilla-bullpadel-pearl-24i-blanco-1\\\/#breadcrumb\"},\"inLanguage\":\"de\",\"potentialAction\":[{\"@type\":\"ReadAction\",\"target\":[\"https:\\\/\\\/revolutionpadelstore.com\\\/de\\\/produkt\\\/zapatilla-bullpadel-pearl-24i-blanco-1\\\/\"]}]},{\"@type\":\"ImageObject\",\"inLanguage\":\"de\",\"@id\":\"https:\\\/\\\/revolutionpadelstore.com\\\/de\\\/produkt\\\/zapatilla-bullpadel-pearl-24i-blanco-1\\\/#primaryimage\",\"url\":\"https:\\\/\\\/revolutionpadelstore.com\\\/wp-content\\\/uploads\\\/2024\\\/12\\\/62.png\",\"contentUrl\":\"https:\\\/\\\/revolutionpadelstore.com\\\/wp-content\\\/uploads\\\/2024\\\/12\\\/62.png\",\"width\":1500,\"height\":1500},{\"@type\":\"BreadcrumbList\",\"@id\":\"https:\\\/\\\/revolutionpadelstore.com\\\/de\\\/produkt\\\/zapatilla-bullpadel-pearl-24i-blanco-1\\\/#breadcrumb\",\"itemListElement\":[{\"@type\":\"ListItem\",\"position\":1,\"name\":\"Portada\",\"item\":\"https:\\\/\\\/revolutionpadelstore.com\\\/de\\\/\"},{\"@type\":\"ListItem\",\"position\":2,\"name\":\"Shop\",\"item\":\"https:\\\/\\\/revolutionpadelstore.com\\\/de\\\/tienda\\\/\"},{\"@type\":\"ListItem\",\"position\":3,\"name\":\"ZAPATILLA BULLPADEL PEARL 24I BLANCO\"}]},{\"@type\":\"WebSite\",\"@id\":\"https:\\\/\\\/revolutionpadelstore.com\\\/de\\\/#website\",\"url\":\"https:\\\/\\\/revolutionpadelstore.com\\\/de\\\/\",\"name\":\"Revolution Padel Store\",\"description\":\"\",\"publisher\":{\"@id\":\"https:\\\/\\\/revolutionpadelstore.com\\\/de\\\/#organization\"},\"potentialAction\":[{\"@type\":\"SearchAction\",\"target\":{\"@type\":\"EntryPoint\",\"urlTemplate\":\"https:\\\/\\\/revolutionpadelstore.com\\\/de\\\/?s={search_term_string}\"},\"query-input\":{\"@type\":\"PropertyValueSpecification\",\"valueRequired\":true,\"valueName\":\"search_term_string\"}}],\"inLanguage\":\"de\"},{\"@type\":\"Organization\",\"@id\":\"https:\\\/\\\/revolutionpadelstore.com\\\/de\\\/#organization\",\"name\":\"Revolution Padel Store\",\"url\":\"https:\\\/\\\/revolutionpadelstore.com\\\/de\\\/\",\"logo\":{\"@type\":\"ImageObject\",\"inLanguage\":\"de\",\"@id\":\"https:\\\/\\\/revolutionpadelstore.com\\\/de\\\/#\\\/schema\\\/logo\\\/image\\\/\",\"url\":\"https:\\\/\\\/revolutionpadelstore.com\\\/wp-content\\\/uploads\\\/2026\\\/02\\\/revolution-padel-store.jpg\",\"contentUrl\":\"https:\\\/\\\/revolutionpadelstore.com\\\/wp-content\\\/uploads\\\/2026\\\/02\\\/revolution-padel-store.jpg\",\"width\":2000,\"height\":2000,\"caption\":\"Revolution Padel Store\"},\"image\":{\"@id\":\"https:\\\/\\\/revolutionpadelstore.com\\\/de\\\/#\\\/schema\\\/logo\\\/image\\\/\"},\"sameAs\":[\"https:\\\/\\\/www.instagram.com\\\/revolutionpadelstore\\\/\"]}]}<\/script>\n<!-- \/ Yoast SEO plugin. -->","yoast_head_json":{"title":"ZAPATILLA BULLPADEL PEARL 24I BLANCO - Revolution Padel Store","description":"Descubre las Zapatillas Bullpadel Pearl, dise\u00f1adas junto a Bea Gonz\u00e1lez. Tecnolog\u00eda avanzada, dise\u00f1o ligero y m\u00e1xima comodidad. \u00a1C\u00f3mpralas al mejor precio en Revolution Padel Store!","robots":{"index":"index","follow":"follow","max-snippet":"max-snippet:-1","max-image-preview":"max-image-preview:large","max-video-preview":"max-video-preview:-1"},"canonical":"https:\/\/revolutionpadelstore.com\/de\/produkt\/zapatilla-bullpadel-pearl-24i-blanco-1\/","og_locale":"de_DE","og_type":"article","og_title":"ZAPATILLA BULLPADEL PEARL 24I BLANCO - Revolution Padel Store","og_description":"Descubre las Zapatillas Bullpadel Pearl, dise\u00f1adas junto a Bea Gonz\u00e1lez. Tecnolog\u00eda avanzada, dise\u00f1o ligero y m\u00e1xima comodidad. \u00a1C\u00f3mpralas al mejor precio en Revolution Padel Store!","og_url":"https:\/\/revolutionpadelstore.com\/de\/produkt\/zapatilla-bullpadel-pearl-24i-blanco-1\/","og_site_name":"Revolution Padel Store","article_modified_time":"2026-04-08T06:55:24+00:00","og_image":[{"width":1500,"height":1500,"url":"https:\/\/revolutionpadelstore.com\/wp-content\/uploads\/2024\/12\/62.png","type":"image\/png"}],"twitter_card":"summary_large_image","twitter_misc":{"Gesch\u00e4tzte Lesezeit":"1\u00a0Minute"},"schema":{"@context":"https:\/\/schema.org","@graph":[{"@type":"WebPage","@id":"https:\/\/revolutionpadelstore.com\/de\/produkt\/zapatilla-bullpadel-pearl-24i-blanco-1\/","url":"https:\/\/revolutionpadelstore.com\/de\/produkt\/zapatilla-bullpadel-pearl-24i-blanco-1\/","name":"ZAPATILLA BULLPADEL PEARL 24I BLANCO - Revolution Padel Store","isPartOf":{"@id":"https:\/\/revolutionpadelstore.com\/de\/#website"},"primaryImageOfPage":{"@id":"https:\/\/revolutionpadelstore.com\/de\/produkt\/zapatilla-bullpadel-pearl-24i-blanco-1\/#primaryimage"},"image":{"@id":"https:\/\/revolutionpadelstore.com\/de\/produkt\/zapatilla-bullpadel-pearl-24i-blanco-1\/#primaryimage"},"thumbnailUrl":"https:\/\/revolutionpadelstore.com\/wp-content\/uploads\/2024\/12\/62.png","datePublished":"2024-12-27T13:13:16+00:00","dateModified":"2026-04-08T06:55:24+00:00","description":"Descubre las Zapatillas Bullpadel Pearl, dise\u00f1adas junto a Bea Gonz\u00e1lez. Tecnolog\u00eda avanzada, dise\u00f1o ligero y m\u00e1xima comodidad. \u00a1C\u00f3mpralas al mejor precio en Revolution Padel Store!","breadcrumb":{"@id":"https:\/\/revolutionpadelstore.com\/de\/produkt\/zapatilla-bullpadel-pearl-24i-blanco-1\/#breadcrumb"},"inLanguage":"de","potentialAction":[{"@type":"ReadAction","target":["https:\/\/revolutionpadelstore.com\/de\/produkt\/zapatilla-bullpadel-pearl-24i-blanco-1\/"]}]},{"@type":"ImageObject","inLanguage":"de","@id":"https:\/\/revolutionpadelstore.com\/de\/produkt\/zapatilla-bullpadel-pearl-24i-blanco-1\/#primaryimage","url":"https:\/\/revolutionpadelstore.com\/wp-content\/uploads\/2024\/12\/62.png","contentUrl":"https:\/\/revolutionpadelstore.com\/wp-content\/uploads\/2024\/12\/62.png","width":1500,"height":1500},{"@type":"BreadcrumbList","@id":"https:\/\/revolutionpadelstore.com\/de\/produkt\/zapatilla-bullpadel-pearl-24i-blanco-1\/#breadcrumb","itemListElement":[{"@type":"ListItem","position":1,"name":"Portada","item":"https:\/\/revolutionpadelstore.com\/de\/"},{"@type":"ListItem","position":2,"name":"Shop","item":"https:\/\/revolutionpadelstore.com\/de\/tienda\/"},{"@type":"ListItem","position":3,"name":"ZAPATILLA BULLPADEL PEARL 24I BLANCO"}]},{"@type":"WebSite","@id":"https:\/\/revolutionpadelstore.com\/de\/#website","url":"https:\/\/revolutionpadelstore.com\/de\/","name":"Revolution Padel Store","description":"","publisher":{"@id":"https:\/\/revolutionpadelstore.com\/de\/#organization"},"potentialAction":[{"@type":"SearchAction","target":{"@type":"EntryPoint","urlTemplate":"https:\/\/revolutionpadelstore.com\/de\/?s={search_term_string}"},"query-input":{"@type":"PropertyValueSpecification","valueRequired":true,"valueName":"search_term_string"}}],"inLanguage":"de"},{"@type":"Organization","@id":"https:\/\/revolutionpadelstore.com\/de\/#organization","name":"Revolution Padel Store","url":"https:\/\/revolutionpadelstore.com\/de\/","logo":{"@type":"ImageObject","inLanguage":"de","@id":"https:\/\/revolutionpadelstore.com\/de\/#\/schema\/logo\/image\/","url":"https:\/\/revolutionpadelstore.com\/wp-content\/uploads\/2026\/02\/revolution-padel-store.jpg","contentUrl":"https:\/\/revolutionpadelstore.com\/wp-content\/uploads\/2026\/02\/revolution-padel-store.jpg","width":2000,"height":2000,"caption":"Revolution Padel Store"},"image":{"@id":"https:\/\/revolutionpadelstore.com\/de\/#\/schema\/logo\/image\/"},"sameAs":["https:\/\/www.instagram.com\/revolutionpadelstore\/"]}]}},"_links":{"self":[{"href":"https:\/\/revolutionpadelstore.com\/de\/wp-json\/wp\/v2\/product\/157031","targetHints":{"allow":["GET"]}}],"collection":[{"href":"https:\/\/revolutionpadelstore.com\/de\/wp-json\/wp\/v2\/product"}],"about":[{"href":"https:\/\/revolutionpadelstore.com\/de\/wp-json\/wp\/v2\/types\/product"}],"replies":[{"embeddable":true,"href":"https:\/\/revolutionpadelstore.com\/de\/wp-json\/wp\/v2\/comments?post=157031"}],"wp:featuredmedia":[{"embeddable":true,"href":"https:\/\/revolutionpadelstore.com\/de\/wp-json\/wp\/v2\/media\/156971"}],"wp:attachment":[{"href":"https:\/\/revolutionpadelstore.com\/de\/wp-json\/wp\/v2\/media?parent=157031"}],"wp:term":[{"taxonomy":"acabado","embeddable":true,"href":"https:\/\/revolutionpadelstore.com\/de\/wp-json\/wp\/v2\/acabado?post=157031"},{"taxonomy":"balance","embeddable":true,"href":"https:\/\/revolutionpadelstore.com\/de\/wp-json\/wp\/v2\/balance?post=157031"},{"taxonomy":"dureza","embeddable":true,"href":"https:\/\/revolutionpadelstore.com\/de\/wp-json\/wp\/v2\/dureza?post=157031"},{"taxonomy":"forma","embeddable":true,"href":"https:\/\/revolutionpadelstore.com\/de\/wp-json\/wp\/v2\/forma?post=157031"},{"taxonomy":"jugador","embeddable":true,"href":"https:\/\/revolutionpadelstore.com\/de\/wp-json\/wp\/v2\/jugador?post=157031"},{"taxonomy":"marca","embeddable":true,"href":"https:\/\/revolutionpadelstore.com\/de\/wp-json\/wp\/v2\/marca?post=157031"},{"taxonomy":"nivel-de-juego","embeddable":true,"href":"https:\/\/revolutionpadelstore.com\/de\/wp-json\/wp\/v2\/nivel-de-juego?post=157031"},{"taxonomy":"superficie","embeddable":true,"href":"https:\/\/revolutionpadelstore.com\/de\/wp-json\/wp\/v2\/superficie?post=157031"},{"taxonomy":"tipo-de-juego","embeddable":true,"href":"https:\/\/revolutionpadelstore.com\/de\/wp-json\/wp\/v2\/tipo-de-juego?post=157031"},{"taxonomy":"product_brand","embeddable":true,"href":"https:\/\/revolutionpadelstore.com\/de\/wp-json\/wp\/v2\/product_brand?post=157031"},{"taxonomy":"product_cat","embeddable":true,"href":"https:\/\/revolutionpadelstore.com\/de\/wp-json\/wp\/v2\/product_cat?post=157031"},{"taxonomy":"product_tag","embeddable":true,"href":"https:\/\/revolutionpadelstore.com\/de\/wp-json\/wp\/v2\/product_tag?post=157031"}],"curies":[{"name":"wp","href":"https:\/\/api.w.org\/{rel}","templated":true}]}}