{"id":156577,"date":"2024-12-22T13:58:24","date_gmt":"2024-12-22T12:58:24","guid":{"rendered":"https:\/\/revolutionpadelstore.com\/nox-at10-lux-blanco-gris\/"},"modified":"2026-04-14T14:02:48","modified_gmt":"2026-04-14T12:02:48","slug":"nox-at10-lux-blanco-gris","status":"publish","type":"product","link":"https:\/\/revolutionpadelstore.com\/de\/produkt\/nox-at10-lux-blanco-gris\/","title":{"rendered":"NOX AT10 LUX BLANCO GRIS"},"content":{"rendered":"<h2> NOX AT10 Lux Grey f\u00fcr M\u00e4nner &lt;\/ H2<br \/>\nDie <strong> NOx AT10 Lux <\/strong> Schuhe sind die perfekte Wahl f\u00fcr Paddelspieler f\u00fcr Erwachsene, die nach Leistung, Komfort und Haltbarkeit auf der Strecke suchen. Dieses Modell kombiniert innovatives Design und fortschrittliche Technologien und garantiert eine hervorragende Leistung auf jeder Spielfl\u00e4che.<\/p>\n<h2> <strong> Haupteigenschaften: <\/ strong> <\/ h2><br \/>\n<strong> -Suela -Ton: <\/strong> Design mit Spikes und Mikrotakos, die einen optimalen Griff der Spuren eines Materials gew\u00e4hrleisten und Stabilit\u00e4t und Traktion in jeder Bewegung bieten.<\/p>\n<p><strong> -Teresuela mit Abraxon -Technologie: <\/strong> bietet ein hervorragendes Kissen, absorbierende Auswirkungen und die Maximierung der Energierendite. Dies minimiert die Muskelerm\u00fcdung, ideal f\u00fcr l\u00e4ngere Spiele.<\/p>\n<p><strong> -Upper Boss: <\/strong> Ihr Netzgewebe mit gro\u00dfen Paneele sorgt f\u00fcr eine st\u00e4ndige Bel\u00fcftung, h\u00e4lt Ihre F\u00fc\u00dfe frisch und vermeidet die Anh\u00e4ufung von schlechten Ger\u00fcchen.<\/p>\n<p><strong> -Anadvanced Amortuation: <\/strong> EVA- und Mondschaum im Bogen- und Fersengeist garantieren konsistente Unterst\u00fctzung, wodurch das Risiko von Verletzungen und zunehmender Komfort in jedem Fu\u00dfabdruck verringert wird.<\/p>\n<p><strong> -Upport-Technologie: <\/strong> verst\u00e4rkt die laterale Unterst\u00fctzung zur Verbesserung der Fu\u00dfflexionen, die Erleichterung der schnellen Richtung und Sprints Ver\u00e4nderungen.<\/p>\n<h2> <strong> elegantes und funktionelles Design: <\/ strong> <\/ h2><br \/>\n-Mit einem modernen Finish in wei\u00dfen und dunkelgrauen T\u00f6nen stechen die gro\u00dfen &#8220;Nox&#8221; -Figuren auf der Au\u00dfenseite ab und verbessert das raffinierte und sportliche Erscheinungsbild.<\/p>\n<h2> <strong> Vorteile f\u00fcr den Spieler: <\/ strong> <\/ h2><br \/>\n<strong> -Rendimiento: <\/strong> Das ergonomische Design verbessert jede Bewegung auf der Strecke.<\/p>\n<p><strong> -Dourabilit\u00e4t: <\/strong> hohe Qualit\u00e4tsmaterialien sorgen f\u00fcr Verschlei\u00dffestigkeit.<\/p>\n<p><strong> -Modit\u00e4t: <\/strong> Au\u00dfergew\u00f6hnliche Polsterung und Bel\u00fcftung f\u00fcr l\u00e4ngere Spielsitzungen.<\/p>\n<p>Verpassen Sie nicht die Gelegenheit, Ihr Spiel mit dem <strong> NOX AT10 Lux <\/strong> auf die n\u00e4chste Stufe zu bringen, ein Schuhe, das f\u00fcr die Leidenschaft des Paddels f\u00fcr das Beste entworfen wurde.<\/p>\n<p>Jetzt in unserem Online -Shop erh\u00e4ltlich <strong> &lt;a href = &quot;https:\/\/chatgpt.com\/g\/g-675432e026888191b6ee6d6f2fdbb15e-optimization-textos\/c\/www.revolutionpadelstore.com&quot; des Marktes!<br \/>\n<H3> <\/h3>\n<h2>Zapatillas Nox AT10 Lux Blanco Gris\u00a0 para Hombre<\/h2>\n","protected":false},"excerpt":{"rendered":"<p>Der Nox AT10 Lux Grey f\u00fcr M\u00e4nnerschuhe ist mit einer Luftkammer in der Mitte der Sohle ausgestattet. Dieses Element erm\u00f6glicht es, Torsionen w\u00e4hrend der anspruchsvollsten Bewegungen des Spiels zu absorbieren.<\/p>\n","protected":false},"featured_media":156516,"comment_status":"open","ping_status":"closed","template":"","meta":{"_acf_changed":false,"_joinchat":[]},"acabado":[],"balance":[],"dureza":[],"forma":[],"jugador":[1189],"marca":[1259],"nivel-de-juego":[],"superficie":[],"tipo-de-juego":[],"product_brand":[],"product_cat":[831],"product_tag":[],"class_list":{"0":"post-156577","1":"product","2":"type-product","3":"status-publish","4":"has-post-thumbnail","6":"jugador-mann","7":"marca-nox-de","8":"product_cat-turnschuhe","10":"first","11":"outofstock","12":"sale","13":"taxable","14":"shipping-taxable","15":"purchasable","16":"product-type-variable","17":"has-default-attributes"},"acf":[],"yoast_head":"<!-- This site is optimized with the Yoast SEO plugin v27.4 - https:\/\/yoast.com\/product\/yoast-seo-wordpress\/ -->\n<title>NOX AT10 LUX BLANCO GRIS - Revolution Padel Store<\/title>\n<meta name=\"description\" content=\"Descubre las zapatillas Nox AT10 Lux Calatluxblgr para hombre en nuestra tienda online. Su dise\u00f1o ergon\u00f3mico y tecnolog\u00eda avanzada garantizan rendimiento, comodidad y durabilidad en la pista. \u00a1Compra ahora en www.revolutionpadelstore.com!\" \/>\n<meta name=\"robots\" content=\"index, follow, max-snippet:-1, max-image-preview:large, max-video-preview:-1\" \/>\n<link rel=\"canonical\" href=\"https:\/\/revolutionpadelstore.com\/de\/produkt\/nox-at10-lux-blanco-gris\/\" \/>\n<meta property=\"og:locale\" content=\"de_DE\" \/>\n<meta property=\"og:type\" content=\"article\" \/>\n<meta property=\"og:title\" content=\"NOX AT10 LUX BLANCO GRIS - Revolution Padel Store\" \/>\n<meta property=\"og:description\" content=\"Descubre las zapatillas Nox AT10 Lux Calatluxblgr para hombre en nuestra tienda online. Su dise\u00f1o ergon\u00f3mico y tecnolog\u00eda avanzada garantizan rendimiento, comodidad y durabilidad en la pista. \u00a1Compra ahora en www.revolutionpadelstore.com!\" \/>\n<meta property=\"og:url\" content=\"https:\/\/revolutionpadelstore.com\/de\/produkt\/nox-at10-lux-blanco-gris\/\" \/>\n<meta property=\"og:site_name\" content=\"Revolution Padel Store\" \/>\n<meta property=\"article:modified_time\" content=\"2026-04-14T12:02:48+00:00\" \/>\n<meta property=\"og:image\" content=\"https:\/\/revolutionpadelstore.com\/wp-content\/uploads\/2024\/12\/imagen_1_24126_7e0fed8d_b3c0.webp\" \/>\n\t<meta property=\"og:image:width\" content=\"1000\" \/>\n\t<meta property=\"og:image:height\" content=\"1000\" \/>\n\t<meta property=\"og:image:type\" content=\"image\/webp\" \/>\n<meta name=\"twitter:card\" content=\"summary_large_image\" \/>\n<meta name=\"twitter:label1\" content=\"Gesch\u00e4tzte Lesezeit\" \/>\n\t<meta name=\"twitter:data1\" content=\"2\u00a0Minuten\" \/>\n<script type=\"application\/ld+json\" class=\"yoast-schema-graph\">{\"@context\":\"https:\\\/\\\/schema.org\",\"@graph\":[{\"@type\":\"WebPage\",\"@id\":\"https:\\\/\\\/revolutionpadelstore.com\\\/de\\\/produkt\\\/nox-at10-lux-blanco-gris\\\/\",\"url\":\"https:\\\/\\\/revolutionpadelstore.com\\\/de\\\/produkt\\\/nox-at10-lux-blanco-gris\\\/\",\"name\":\"NOX AT10 LUX BLANCO GRIS - Revolution Padel Store\",\"isPartOf\":{\"@id\":\"https:\\\/\\\/revolutionpadelstore.com\\\/de\\\/#website\"},\"primaryImageOfPage\":{\"@id\":\"https:\\\/\\\/revolutionpadelstore.com\\\/de\\\/produkt\\\/nox-at10-lux-blanco-gris\\\/#primaryimage\"},\"image\":{\"@id\":\"https:\\\/\\\/revolutionpadelstore.com\\\/de\\\/produkt\\\/nox-at10-lux-blanco-gris\\\/#primaryimage\"},\"thumbnailUrl\":\"https:\\\/\\\/revolutionpadelstore.com\\\/wp-content\\\/uploads\\\/2024\\\/12\\\/imagen_1_24126_7e0fed8d_b3c0.webp\",\"datePublished\":\"2024-12-22T12:58:24+00:00\",\"dateModified\":\"2026-04-14T12:02:48+00:00\",\"description\":\"Descubre las zapatillas Nox AT10 Lux Calatluxblgr para hombre en nuestra tienda online. Su dise\u00f1o ergon\u00f3mico y tecnolog\u00eda avanzada garantizan rendimiento, comodidad y durabilidad en la pista. \u00a1Compra ahora en www.revolutionpadelstore.com!\",\"breadcrumb\":{\"@id\":\"https:\\\/\\\/revolutionpadelstore.com\\\/de\\\/produkt\\\/nox-at10-lux-blanco-gris\\\/#breadcrumb\"},\"inLanguage\":\"de\",\"potentialAction\":[{\"@type\":\"ReadAction\",\"target\":[\"https:\\\/\\\/revolutionpadelstore.com\\\/de\\\/produkt\\\/nox-at10-lux-blanco-gris\\\/\"]}]},{\"@type\":\"ImageObject\",\"inLanguage\":\"de\",\"@id\":\"https:\\\/\\\/revolutionpadelstore.com\\\/de\\\/produkt\\\/nox-at10-lux-blanco-gris\\\/#primaryimage\",\"url\":\"https:\\\/\\\/revolutionpadelstore.com\\\/wp-content\\\/uploads\\\/2024\\\/12\\\/imagen_1_24126_7e0fed8d_b3c0.webp\",\"contentUrl\":\"https:\\\/\\\/revolutionpadelstore.com\\\/wp-content\\\/uploads\\\/2024\\\/12\\\/imagen_1_24126_7e0fed8d_b3c0.webp\",\"width\":1000,\"height\":1000},{\"@type\":\"BreadcrumbList\",\"@id\":\"https:\\\/\\\/revolutionpadelstore.com\\\/de\\\/produkt\\\/nox-at10-lux-blanco-gris\\\/#breadcrumb\",\"itemListElement\":[{\"@type\":\"ListItem\",\"position\":1,\"name\":\"Portada\",\"item\":\"https:\\\/\\\/revolutionpadelstore.com\\\/de\\\/\"},{\"@type\":\"ListItem\",\"position\":2,\"name\":\"Shop\",\"item\":\"https:\\\/\\\/revolutionpadelstore.com\\\/de\\\/tienda\\\/\"},{\"@type\":\"ListItem\",\"position\":3,\"name\":\"NOX AT10 LUX BLANCO GRIS\"}]},{\"@type\":\"WebSite\",\"@id\":\"https:\\\/\\\/revolutionpadelstore.com\\\/de\\\/#website\",\"url\":\"https:\\\/\\\/revolutionpadelstore.com\\\/de\\\/\",\"name\":\"Revolution Padel Store\",\"description\":\"\",\"publisher\":{\"@id\":\"https:\\\/\\\/revolutionpadelstore.com\\\/de\\\/#organization\"},\"potentialAction\":[{\"@type\":\"SearchAction\",\"target\":{\"@type\":\"EntryPoint\",\"urlTemplate\":\"https:\\\/\\\/revolutionpadelstore.com\\\/de\\\/?s={search_term_string}\"},\"query-input\":{\"@type\":\"PropertyValueSpecification\",\"valueRequired\":true,\"valueName\":\"search_term_string\"}}],\"inLanguage\":\"de\"},{\"@type\":\"Organization\",\"@id\":\"https:\\\/\\\/revolutionpadelstore.com\\\/de\\\/#organization\",\"name\":\"Revolution Padel Store\",\"url\":\"https:\\\/\\\/revolutionpadelstore.com\\\/de\\\/\",\"logo\":{\"@type\":\"ImageObject\",\"inLanguage\":\"de\",\"@id\":\"https:\\\/\\\/revolutionpadelstore.com\\\/de\\\/#\\\/schema\\\/logo\\\/image\\\/\",\"url\":\"https:\\\/\\\/revolutionpadelstore.com\\\/wp-content\\\/uploads\\\/2026\\\/02\\\/revolution-padel-store.jpg\",\"contentUrl\":\"https:\\\/\\\/revolutionpadelstore.com\\\/wp-content\\\/uploads\\\/2026\\\/02\\\/revolution-padel-store.jpg\",\"width\":2000,\"height\":2000,\"caption\":\"Revolution Padel Store\"},\"image\":{\"@id\":\"https:\\\/\\\/revolutionpadelstore.com\\\/de\\\/#\\\/schema\\\/logo\\\/image\\\/\"},\"sameAs\":[\"https:\\\/\\\/www.instagram.com\\\/revolutionpadelstore\\\/\"]}]}<\/script>\n<!-- \/ Yoast SEO plugin. -->","yoast_head_json":{"title":"NOX AT10 LUX BLANCO GRIS - Revolution Padel Store","description":"Descubre las zapatillas Nox AT10 Lux Calatluxblgr para hombre en nuestra tienda online. Su dise\u00f1o ergon\u00f3mico y tecnolog\u00eda avanzada garantizan rendimiento, comodidad y durabilidad en la pista. \u00a1Compra ahora en www.revolutionpadelstore.com!","robots":{"index":"index","follow":"follow","max-snippet":"max-snippet:-1","max-image-preview":"max-image-preview:large","max-video-preview":"max-video-preview:-1"},"canonical":"https:\/\/revolutionpadelstore.com\/de\/produkt\/nox-at10-lux-blanco-gris\/","og_locale":"de_DE","og_type":"article","og_title":"NOX AT10 LUX BLANCO GRIS - Revolution Padel Store","og_description":"Descubre las zapatillas Nox AT10 Lux Calatluxblgr para hombre en nuestra tienda online. Su dise\u00f1o ergon\u00f3mico y tecnolog\u00eda avanzada garantizan rendimiento, comodidad y durabilidad en la pista. \u00a1Compra ahora en www.revolutionpadelstore.com!","og_url":"https:\/\/revolutionpadelstore.com\/de\/produkt\/nox-at10-lux-blanco-gris\/","og_site_name":"Revolution Padel Store","article_modified_time":"2026-04-14T12:02:48+00:00","og_image":[{"width":1000,"height":1000,"url":"https:\/\/revolutionpadelstore.com\/wp-content\/uploads\/2024\/12\/imagen_1_24126_7e0fed8d_b3c0.webp","type":"image\/webp"}],"twitter_card":"summary_large_image","twitter_misc":{"Gesch\u00e4tzte Lesezeit":"2\u00a0Minuten"},"schema":{"@context":"https:\/\/schema.org","@graph":[{"@type":"WebPage","@id":"https:\/\/revolutionpadelstore.com\/de\/produkt\/nox-at10-lux-blanco-gris\/","url":"https:\/\/revolutionpadelstore.com\/de\/produkt\/nox-at10-lux-blanco-gris\/","name":"NOX AT10 LUX BLANCO GRIS - Revolution Padel Store","isPartOf":{"@id":"https:\/\/revolutionpadelstore.com\/de\/#website"},"primaryImageOfPage":{"@id":"https:\/\/revolutionpadelstore.com\/de\/produkt\/nox-at10-lux-blanco-gris\/#primaryimage"},"image":{"@id":"https:\/\/revolutionpadelstore.com\/de\/produkt\/nox-at10-lux-blanco-gris\/#primaryimage"},"thumbnailUrl":"https:\/\/revolutionpadelstore.com\/wp-content\/uploads\/2024\/12\/imagen_1_24126_7e0fed8d_b3c0.webp","datePublished":"2024-12-22T12:58:24+00:00","dateModified":"2026-04-14T12:02:48+00:00","description":"Descubre las zapatillas Nox AT10 Lux Calatluxblgr para hombre en nuestra tienda online. Su dise\u00f1o ergon\u00f3mico y tecnolog\u00eda avanzada garantizan rendimiento, comodidad y durabilidad en la pista. \u00a1Compra ahora en www.revolutionpadelstore.com!","breadcrumb":{"@id":"https:\/\/revolutionpadelstore.com\/de\/produkt\/nox-at10-lux-blanco-gris\/#breadcrumb"},"inLanguage":"de","potentialAction":[{"@type":"ReadAction","target":["https:\/\/revolutionpadelstore.com\/de\/produkt\/nox-at10-lux-blanco-gris\/"]}]},{"@type":"ImageObject","inLanguage":"de","@id":"https:\/\/revolutionpadelstore.com\/de\/produkt\/nox-at10-lux-blanco-gris\/#primaryimage","url":"https:\/\/revolutionpadelstore.com\/wp-content\/uploads\/2024\/12\/imagen_1_24126_7e0fed8d_b3c0.webp","contentUrl":"https:\/\/revolutionpadelstore.com\/wp-content\/uploads\/2024\/12\/imagen_1_24126_7e0fed8d_b3c0.webp","width":1000,"height":1000},{"@type":"BreadcrumbList","@id":"https:\/\/revolutionpadelstore.com\/de\/produkt\/nox-at10-lux-blanco-gris\/#breadcrumb","itemListElement":[{"@type":"ListItem","position":1,"name":"Portada","item":"https:\/\/revolutionpadelstore.com\/de\/"},{"@type":"ListItem","position":2,"name":"Shop","item":"https:\/\/revolutionpadelstore.com\/de\/tienda\/"},{"@type":"ListItem","position":3,"name":"NOX AT10 LUX BLANCO GRIS"}]},{"@type":"WebSite","@id":"https:\/\/revolutionpadelstore.com\/de\/#website","url":"https:\/\/revolutionpadelstore.com\/de\/","name":"Revolution Padel Store","description":"","publisher":{"@id":"https:\/\/revolutionpadelstore.com\/de\/#organization"},"potentialAction":[{"@type":"SearchAction","target":{"@type":"EntryPoint","urlTemplate":"https:\/\/revolutionpadelstore.com\/de\/?s={search_term_string}"},"query-input":{"@type":"PropertyValueSpecification","valueRequired":true,"valueName":"search_term_string"}}],"inLanguage":"de"},{"@type":"Organization","@id":"https:\/\/revolutionpadelstore.com\/de\/#organization","name":"Revolution Padel Store","url":"https:\/\/revolutionpadelstore.com\/de\/","logo":{"@type":"ImageObject","inLanguage":"de","@id":"https:\/\/revolutionpadelstore.com\/de\/#\/schema\/logo\/image\/","url":"https:\/\/revolutionpadelstore.com\/wp-content\/uploads\/2026\/02\/revolution-padel-store.jpg","contentUrl":"https:\/\/revolutionpadelstore.com\/wp-content\/uploads\/2026\/02\/revolution-padel-store.jpg","width":2000,"height":2000,"caption":"Revolution Padel Store"},"image":{"@id":"https:\/\/revolutionpadelstore.com\/de\/#\/schema\/logo\/image\/"},"sameAs":["https:\/\/www.instagram.com\/revolutionpadelstore\/"]}]}},"_links":{"self":[{"href":"https:\/\/revolutionpadelstore.com\/de\/wp-json\/wp\/v2\/product\/156577","targetHints":{"allow":["GET"]}}],"collection":[{"href":"https:\/\/revolutionpadelstore.com\/de\/wp-json\/wp\/v2\/product"}],"about":[{"href":"https:\/\/revolutionpadelstore.com\/de\/wp-json\/wp\/v2\/types\/product"}],"replies":[{"embeddable":true,"href":"https:\/\/revolutionpadelstore.com\/de\/wp-json\/wp\/v2\/comments?post=156577"}],"wp:featuredmedia":[{"embeddable":true,"href":"https:\/\/revolutionpadelstore.com\/de\/wp-json\/wp\/v2\/media\/156516"}],"wp:attachment":[{"href":"https:\/\/revolutionpadelstore.com\/de\/wp-json\/wp\/v2\/media?parent=156577"}],"wp:term":[{"taxonomy":"acabado","embeddable":true,"href":"https:\/\/revolutionpadelstore.com\/de\/wp-json\/wp\/v2\/acabado?post=156577"},{"taxonomy":"balance","embeddable":true,"href":"https:\/\/revolutionpadelstore.com\/de\/wp-json\/wp\/v2\/balance?post=156577"},{"taxonomy":"dureza","embeddable":true,"href":"https:\/\/revolutionpadelstore.com\/de\/wp-json\/wp\/v2\/dureza?post=156577"},{"taxonomy":"forma","embeddable":true,"href":"https:\/\/revolutionpadelstore.com\/de\/wp-json\/wp\/v2\/forma?post=156577"},{"taxonomy":"jugador","embeddable":true,"href":"https:\/\/revolutionpadelstore.com\/de\/wp-json\/wp\/v2\/jugador?post=156577"},{"taxonomy":"marca","embeddable":true,"href":"https:\/\/revolutionpadelstore.com\/de\/wp-json\/wp\/v2\/marca?post=156577"},{"taxonomy":"nivel-de-juego","embeddable":true,"href":"https:\/\/revolutionpadelstore.com\/de\/wp-json\/wp\/v2\/nivel-de-juego?post=156577"},{"taxonomy":"superficie","embeddable":true,"href":"https:\/\/revolutionpadelstore.com\/de\/wp-json\/wp\/v2\/superficie?post=156577"},{"taxonomy":"tipo-de-juego","embeddable":true,"href":"https:\/\/revolutionpadelstore.com\/de\/wp-json\/wp\/v2\/tipo-de-juego?post=156577"},{"taxonomy":"product_brand","embeddable":true,"href":"https:\/\/revolutionpadelstore.com\/de\/wp-json\/wp\/v2\/product_brand?post=156577"},{"taxonomy":"product_cat","embeddable":true,"href":"https:\/\/revolutionpadelstore.com\/de\/wp-json\/wp\/v2\/product_cat?post=156577"},{"taxonomy":"product_tag","embeddable":true,"href":"https:\/\/revolutionpadelstore.com\/de\/wp-json\/wp\/v2\/product_tag?post=156577"}],"curies":[{"name":"wp","href":"https:\/\/api.w.org\/{rel}","templated":true}]}}