{"id":155776,"date":"2024-12-19T23:26:05","date_gmt":"2024-12-19T22:26:05","guid":{"rendered":"https:\/\/revolutionpadelstore.com\/sudadera-bullpadel-lurte-negro\/"},"modified":"2026-04-08T09:14:09","modified_gmt":"2026-04-08T07:14:09","slug":"sudadera-bullpadel-lurte-negro-005-1","status":"publish","type":"product","link":"https:\/\/revolutionpadelstore.com\/de\/produkt\/sudadera-bullpadel-lurte-negro-005-1\/","title":{"rendered":"SUDADERA BULLPADEL LURTE NEGRO 005"},"content":{"rendered":"<h2> Bullpadel LURTE Proline Sweatshirt: Innovation, Stil und Hochleistungs <\/ H2><br \/>\nDas <strong> Proline Bullpadel Sweatshirt <\/strong> ist die perfekte Wahl f\u00fcr Paddelspieler, die nach maximaler <strong> -Technologie, Komfort und elegantem Design <\/strong> suchen. Mit <strong> technischem Gewebe aus elastischen Polyester <\/strong> und Perchado -Innenausstattung garantiert dieses Kleidungsst\u00fcck eine au\u00dfergew\u00f6hnliche Leistung bei allen Aktivit\u00e4ten.<\/p>\n<h2> Haupteigenschaften: <\/H2><br \/>\n<strong> -Antechniktechniker <\/strong>: elastisches Material mit Curl im Inneren mit einer besseren Anpassungsf\u00e4higkeit.<\/p>\n<p><strong> -Drynamische Tecnology <\/strong>: F\u00f6rdert die Schwei\u00df, indem sie die Feuchtigkeit dank seiner Mikrofilamente reduziert.<\/p>\n<p><strong> -Praktisches und funktionelles Design <\/strong><\/p>\n<p>-Tenth Central Small f\u00fcr eine bequeme Anpassung.<\/p>\n<p>-S Side Bolsilllos mit Rei\u00dfverschl\u00fcssen f\u00fcr gr\u00f6\u00dfere Sicherheit.<\/p>\n<p>-Thermoselladas Schultern, die Widerstand und Oberfl\u00e4che optimieren.<\/p>\n<p><strong> -Frontale Belagerung im elastischen Polyester-Ribstop in zwei Richtungen <\/strong>, was die Haltbarkeit und den Stil des Kleidungsst\u00fccks verbessert.<\/p>\n<p>Perfekt f\u00fcr intensives Training oder f\u00fcr einen sportlichen und raffinierten Look, das <strong> bullpadel lurt Prolin <\/strong> Sweatshirt<\/p>\n<p><strong> Bestellen Sie jetzt zu <a href=\"https:\/\/www.revolutionpadelstore.com\/\"> www.revolutionpadelstore.com <\/a> und erhalten Sie dieses Sweatshirt Proline zum besten Preis des Marktes.<\/p>\n<h2>Sudadera Bullpadel\u00a0 Lurte Proline: Innovaci\u00f3n, Estilo y Alto Rendimiento<\/h2>\n","protected":false},"excerpt":{"rendered":"<p>Das <strong> Proline Bullpadel Sweatshirt <\/strong> ist die perfekte Wahl f\u00fcr Paddelspieler, die nach maximaler <strong> -Technologie, Komfort und elegantem Design <\/strong> suchen. Mit <strong> technischem Gewebe aus elastischen Polyester <\/strong> und Perchado -Innenausstattung garantiert dieses Kleidungsst\u00fcck eine au\u00dfergew\u00f6hnliche Leistung bei allen Aktivit\u00e4ten.<strong>Sudadera Bullpadel Proline<\/strong><\/p>\n","protected":false},"featured_media":155761,"comment_status":"open","ping_status":"closed","template":"","meta":{"_acf_changed":false,"_joinchat":[]},"acabado":[],"balance":[],"dureza":[],"forma":[],"jugador":[1189],"marca":[1254],"nivel-de-juego":[],"superficie":[],"tipo-de-juego":[],"product_brand":[],"product_cat":[323],"product_tag":[],"class_list":{"0":"post-155776","1":"product","2":"type-product","3":"status-publish","4":"has-post-thumbnail","6":"jugador-mann","7":"marca-bullpadel-de","8":"product_cat-ropa-de","10":"first","11":"outofstock","12":"sale","13":"taxable","14":"shipping-taxable","15":"purchasable","16":"product-type-variable"},"acf":[],"yoast_head":"<!-- This site is optimized with the Yoast SEO plugin v27.4 - https:\/\/yoast.com\/product\/yoast-seo-wordpress\/ -->\n<title>SUDADERA BULLPADEL LURTE NEGRO 005 - Revolution Padel Store<\/title>\n<meta name=\"description\" content=\"Descubre la Sudadera Bullpadel Proline: dise\u00f1o t\u00e9cnico con tecnolog\u00eda Drynamic, comodidad y estilo para el p\u00e1del. \u00a1Compra al mejor precio en Revolution Padel Store!\" \/>\n<meta name=\"robots\" content=\"index, follow, max-snippet:-1, max-image-preview:large, max-video-preview:-1\" \/>\n<link rel=\"canonical\" href=\"https:\/\/revolutionpadelstore.com\/de\/produkt\/sudadera-bullpadel-lurte-negro-005-1\/\" \/>\n<meta property=\"og:locale\" content=\"de_DE\" \/>\n<meta property=\"og:type\" content=\"article\" \/>\n<meta property=\"og:title\" content=\"SUDADERA BULLPADEL LURTE NEGRO 005 - Revolution Padel Store\" \/>\n<meta property=\"og:description\" content=\"Descubre la Sudadera Bullpadel Proline: dise\u00f1o t\u00e9cnico con tecnolog\u00eda Drynamic, comodidad y estilo para el p\u00e1del. \u00a1Compra al mejor precio en Revolution Padel Store!\" \/>\n<meta property=\"og:url\" content=\"https:\/\/revolutionpadelstore.com\/de\/produkt\/sudadera-bullpadel-lurte-negro-005-1\/\" \/>\n<meta property=\"og:site_name\" content=\"Revolution Padel Store\" \/>\n<meta property=\"article:modified_time\" content=\"2026-04-08T07:14:09+00:00\" \/>\n<meta property=\"og:image\" content=\"https:\/\/revolutionpadelstore.com\/wp-content\/uploads\/2024\/12\/sudadera-bullpadel-lurte-negro.jpg\" \/>\n\t<meta property=\"og:image:width\" content=\"1000\" \/>\n\t<meta property=\"og:image:height\" content=\"1188\" \/>\n\t<meta property=\"og:image:type\" content=\"image\/jpeg\" \/>\n<meta name=\"twitter:card\" content=\"summary_large_image\" \/>\n<meta name=\"twitter:label1\" content=\"Gesch\u00e4tzte Lesezeit\" \/>\n\t<meta name=\"twitter:data1\" content=\"1\u00a0Minute\" \/>\n<script type=\"application\/ld+json\" class=\"yoast-schema-graph\">{\"@context\":\"https:\\\/\\\/schema.org\",\"@graph\":[{\"@type\":\"WebPage\",\"@id\":\"https:\\\/\\\/revolutionpadelstore.com\\\/de\\\/produkt\\\/sudadera-bullpadel-lurte-negro-005-1\\\/\",\"url\":\"https:\\\/\\\/revolutionpadelstore.com\\\/de\\\/produkt\\\/sudadera-bullpadel-lurte-negro-005-1\\\/\",\"name\":\"SUDADERA BULLPADEL LURTE NEGRO 005 - Revolution Padel Store\",\"isPartOf\":{\"@id\":\"https:\\\/\\\/revolutionpadelstore.com\\\/de\\\/#website\"},\"primaryImageOfPage\":{\"@id\":\"https:\\\/\\\/revolutionpadelstore.com\\\/de\\\/produkt\\\/sudadera-bullpadel-lurte-negro-005-1\\\/#primaryimage\"},\"image\":{\"@id\":\"https:\\\/\\\/revolutionpadelstore.com\\\/de\\\/produkt\\\/sudadera-bullpadel-lurte-negro-005-1\\\/#primaryimage\"},\"thumbnailUrl\":\"https:\\\/\\\/revolutionpadelstore.com\\\/wp-content\\\/uploads\\\/2024\\\/12\\\/sudadera-bullpadel-lurte-negro.jpg\",\"datePublished\":\"2024-12-19T22:26:05+00:00\",\"dateModified\":\"2026-04-08T07:14:09+00:00\",\"description\":\"Descubre la Sudadera Bullpadel Proline: dise\u00f1o t\u00e9cnico con tecnolog\u00eda Drynamic, comodidad y estilo para el p\u00e1del. \u00a1Compra al mejor precio en Revolution Padel Store!\",\"breadcrumb\":{\"@id\":\"https:\\\/\\\/revolutionpadelstore.com\\\/de\\\/produkt\\\/sudadera-bullpadel-lurte-negro-005-1\\\/#breadcrumb\"},\"inLanguage\":\"de\",\"potentialAction\":[{\"@type\":\"ReadAction\",\"target\":[\"https:\\\/\\\/revolutionpadelstore.com\\\/de\\\/produkt\\\/sudadera-bullpadel-lurte-negro-005-1\\\/\"]}]},{\"@type\":\"ImageObject\",\"inLanguage\":\"de\",\"@id\":\"https:\\\/\\\/revolutionpadelstore.com\\\/de\\\/produkt\\\/sudadera-bullpadel-lurte-negro-005-1\\\/#primaryimage\",\"url\":\"https:\\\/\\\/revolutionpadelstore.com\\\/wp-content\\\/uploads\\\/2024\\\/12\\\/sudadera-bullpadel-lurte-negro.jpg\",\"contentUrl\":\"https:\\\/\\\/revolutionpadelstore.com\\\/wp-content\\\/uploads\\\/2024\\\/12\\\/sudadera-bullpadel-lurte-negro.jpg\",\"width\":1000,\"height\":1188},{\"@type\":\"BreadcrumbList\",\"@id\":\"https:\\\/\\\/revolutionpadelstore.com\\\/de\\\/produkt\\\/sudadera-bullpadel-lurte-negro-005-1\\\/#breadcrumb\",\"itemListElement\":[{\"@type\":\"ListItem\",\"position\":1,\"name\":\"Portada\",\"item\":\"https:\\\/\\\/revolutionpadelstore.com\\\/de\\\/\"},{\"@type\":\"ListItem\",\"position\":2,\"name\":\"Shop\",\"item\":\"https:\\\/\\\/revolutionpadelstore.com\\\/de\\\/tienda\\\/\"},{\"@type\":\"ListItem\",\"position\":3,\"name\":\"SUDADERA BULLPADEL LURTE NEGRO 005\"}]},{\"@type\":\"WebSite\",\"@id\":\"https:\\\/\\\/revolutionpadelstore.com\\\/de\\\/#website\",\"url\":\"https:\\\/\\\/revolutionpadelstore.com\\\/de\\\/\",\"name\":\"Revolution Padel Store\",\"description\":\"\",\"publisher\":{\"@id\":\"https:\\\/\\\/revolutionpadelstore.com\\\/de\\\/#organization\"},\"potentialAction\":[{\"@type\":\"SearchAction\",\"target\":{\"@type\":\"EntryPoint\",\"urlTemplate\":\"https:\\\/\\\/revolutionpadelstore.com\\\/de\\\/?s={search_term_string}\"},\"query-input\":{\"@type\":\"PropertyValueSpecification\",\"valueRequired\":true,\"valueName\":\"search_term_string\"}}],\"inLanguage\":\"de\"},{\"@type\":\"Organization\",\"@id\":\"https:\\\/\\\/revolutionpadelstore.com\\\/de\\\/#organization\",\"name\":\"Revolution Padel Store\",\"url\":\"https:\\\/\\\/revolutionpadelstore.com\\\/de\\\/\",\"logo\":{\"@type\":\"ImageObject\",\"inLanguage\":\"de\",\"@id\":\"https:\\\/\\\/revolutionpadelstore.com\\\/de\\\/#\\\/schema\\\/logo\\\/image\\\/\",\"url\":\"https:\\\/\\\/revolutionpadelstore.com\\\/wp-content\\\/uploads\\\/2026\\\/02\\\/revolution-padel-store.jpg\",\"contentUrl\":\"https:\\\/\\\/revolutionpadelstore.com\\\/wp-content\\\/uploads\\\/2026\\\/02\\\/revolution-padel-store.jpg\",\"width\":2000,\"height\":2000,\"caption\":\"Revolution Padel Store\"},\"image\":{\"@id\":\"https:\\\/\\\/revolutionpadelstore.com\\\/de\\\/#\\\/schema\\\/logo\\\/image\\\/\"},\"sameAs\":[\"https:\\\/\\\/www.instagram.com\\\/revolutionpadelstore\\\/\"]}]}<\/script>\n<!-- \/ Yoast SEO plugin. -->","yoast_head_json":{"title":"SUDADERA BULLPADEL LURTE NEGRO 005 - Revolution Padel Store","description":"Descubre la Sudadera Bullpadel Proline: dise\u00f1o t\u00e9cnico con tecnolog\u00eda Drynamic, comodidad y estilo para el p\u00e1del. \u00a1Compra al mejor precio en Revolution Padel Store!","robots":{"index":"index","follow":"follow","max-snippet":"max-snippet:-1","max-image-preview":"max-image-preview:large","max-video-preview":"max-video-preview:-1"},"canonical":"https:\/\/revolutionpadelstore.com\/de\/produkt\/sudadera-bullpadel-lurte-negro-005-1\/","og_locale":"de_DE","og_type":"article","og_title":"SUDADERA BULLPADEL LURTE NEGRO 005 - Revolution Padel Store","og_description":"Descubre la Sudadera Bullpadel Proline: dise\u00f1o t\u00e9cnico con tecnolog\u00eda Drynamic, comodidad y estilo para el p\u00e1del. \u00a1Compra al mejor precio en Revolution Padel Store!","og_url":"https:\/\/revolutionpadelstore.com\/de\/produkt\/sudadera-bullpadel-lurte-negro-005-1\/","og_site_name":"Revolution Padel Store","article_modified_time":"2026-04-08T07:14:09+00:00","og_image":[{"width":1000,"height":1188,"url":"https:\/\/revolutionpadelstore.com\/wp-content\/uploads\/2024\/12\/sudadera-bullpadel-lurte-negro.jpg","type":"image\/jpeg"}],"twitter_card":"summary_large_image","twitter_misc":{"Gesch\u00e4tzte Lesezeit":"1\u00a0Minute"},"schema":{"@context":"https:\/\/schema.org","@graph":[{"@type":"WebPage","@id":"https:\/\/revolutionpadelstore.com\/de\/produkt\/sudadera-bullpadel-lurte-negro-005-1\/","url":"https:\/\/revolutionpadelstore.com\/de\/produkt\/sudadera-bullpadel-lurte-negro-005-1\/","name":"SUDADERA BULLPADEL LURTE NEGRO 005 - Revolution Padel Store","isPartOf":{"@id":"https:\/\/revolutionpadelstore.com\/de\/#website"},"primaryImageOfPage":{"@id":"https:\/\/revolutionpadelstore.com\/de\/produkt\/sudadera-bullpadel-lurte-negro-005-1\/#primaryimage"},"image":{"@id":"https:\/\/revolutionpadelstore.com\/de\/produkt\/sudadera-bullpadel-lurte-negro-005-1\/#primaryimage"},"thumbnailUrl":"https:\/\/revolutionpadelstore.com\/wp-content\/uploads\/2024\/12\/sudadera-bullpadel-lurte-negro.jpg","datePublished":"2024-12-19T22:26:05+00:00","dateModified":"2026-04-08T07:14:09+00:00","description":"Descubre la Sudadera Bullpadel Proline: dise\u00f1o t\u00e9cnico con tecnolog\u00eda Drynamic, comodidad y estilo para el p\u00e1del. \u00a1Compra al mejor precio en Revolution Padel Store!","breadcrumb":{"@id":"https:\/\/revolutionpadelstore.com\/de\/produkt\/sudadera-bullpadel-lurte-negro-005-1\/#breadcrumb"},"inLanguage":"de","potentialAction":[{"@type":"ReadAction","target":["https:\/\/revolutionpadelstore.com\/de\/produkt\/sudadera-bullpadel-lurte-negro-005-1\/"]}]},{"@type":"ImageObject","inLanguage":"de","@id":"https:\/\/revolutionpadelstore.com\/de\/produkt\/sudadera-bullpadel-lurte-negro-005-1\/#primaryimage","url":"https:\/\/revolutionpadelstore.com\/wp-content\/uploads\/2024\/12\/sudadera-bullpadel-lurte-negro.jpg","contentUrl":"https:\/\/revolutionpadelstore.com\/wp-content\/uploads\/2024\/12\/sudadera-bullpadel-lurte-negro.jpg","width":1000,"height":1188},{"@type":"BreadcrumbList","@id":"https:\/\/revolutionpadelstore.com\/de\/produkt\/sudadera-bullpadel-lurte-negro-005-1\/#breadcrumb","itemListElement":[{"@type":"ListItem","position":1,"name":"Portada","item":"https:\/\/revolutionpadelstore.com\/de\/"},{"@type":"ListItem","position":2,"name":"Shop","item":"https:\/\/revolutionpadelstore.com\/de\/tienda\/"},{"@type":"ListItem","position":3,"name":"SUDADERA BULLPADEL LURTE NEGRO 005"}]},{"@type":"WebSite","@id":"https:\/\/revolutionpadelstore.com\/de\/#website","url":"https:\/\/revolutionpadelstore.com\/de\/","name":"Revolution Padel Store","description":"","publisher":{"@id":"https:\/\/revolutionpadelstore.com\/de\/#organization"},"potentialAction":[{"@type":"SearchAction","target":{"@type":"EntryPoint","urlTemplate":"https:\/\/revolutionpadelstore.com\/de\/?s={search_term_string}"},"query-input":{"@type":"PropertyValueSpecification","valueRequired":true,"valueName":"search_term_string"}}],"inLanguage":"de"},{"@type":"Organization","@id":"https:\/\/revolutionpadelstore.com\/de\/#organization","name":"Revolution Padel Store","url":"https:\/\/revolutionpadelstore.com\/de\/","logo":{"@type":"ImageObject","inLanguage":"de","@id":"https:\/\/revolutionpadelstore.com\/de\/#\/schema\/logo\/image\/","url":"https:\/\/revolutionpadelstore.com\/wp-content\/uploads\/2026\/02\/revolution-padel-store.jpg","contentUrl":"https:\/\/revolutionpadelstore.com\/wp-content\/uploads\/2026\/02\/revolution-padel-store.jpg","width":2000,"height":2000,"caption":"Revolution Padel Store"},"image":{"@id":"https:\/\/revolutionpadelstore.com\/de\/#\/schema\/logo\/image\/"},"sameAs":["https:\/\/www.instagram.com\/revolutionpadelstore\/"]}]}},"_links":{"self":[{"href":"https:\/\/revolutionpadelstore.com\/de\/wp-json\/wp\/v2\/product\/155776","targetHints":{"allow":["GET"]}}],"collection":[{"href":"https:\/\/revolutionpadelstore.com\/de\/wp-json\/wp\/v2\/product"}],"about":[{"href":"https:\/\/revolutionpadelstore.com\/de\/wp-json\/wp\/v2\/types\/product"}],"replies":[{"embeddable":true,"href":"https:\/\/revolutionpadelstore.com\/de\/wp-json\/wp\/v2\/comments?post=155776"}],"wp:featuredmedia":[{"embeddable":true,"href":"https:\/\/revolutionpadelstore.com\/de\/wp-json\/wp\/v2\/media\/155761"}],"wp:attachment":[{"href":"https:\/\/revolutionpadelstore.com\/de\/wp-json\/wp\/v2\/media?parent=155776"}],"wp:term":[{"taxonomy":"acabado","embeddable":true,"href":"https:\/\/revolutionpadelstore.com\/de\/wp-json\/wp\/v2\/acabado?post=155776"},{"taxonomy":"balance","embeddable":true,"href":"https:\/\/revolutionpadelstore.com\/de\/wp-json\/wp\/v2\/balance?post=155776"},{"taxonomy":"dureza","embeddable":true,"href":"https:\/\/revolutionpadelstore.com\/de\/wp-json\/wp\/v2\/dureza?post=155776"},{"taxonomy":"forma","embeddable":true,"href":"https:\/\/revolutionpadelstore.com\/de\/wp-json\/wp\/v2\/forma?post=155776"},{"taxonomy":"jugador","embeddable":true,"href":"https:\/\/revolutionpadelstore.com\/de\/wp-json\/wp\/v2\/jugador?post=155776"},{"taxonomy":"marca","embeddable":true,"href":"https:\/\/revolutionpadelstore.com\/de\/wp-json\/wp\/v2\/marca?post=155776"},{"taxonomy":"nivel-de-juego","embeddable":true,"href":"https:\/\/revolutionpadelstore.com\/de\/wp-json\/wp\/v2\/nivel-de-juego?post=155776"},{"taxonomy":"superficie","embeddable":true,"href":"https:\/\/revolutionpadelstore.com\/de\/wp-json\/wp\/v2\/superficie?post=155776"},{"taxonomy":"tipo-de-juego","embeddable":true,"href":"https:\/\/revolutionpadelstore.com\/de\/wp-json\/wp\/v2\/tipo-de-juego?post=155776"},{"taxonomy":"product_brand","embeddable":true,"href":"https:\/\/revolutionpadelstore.com\/de\/wp-json\/wp\/v2\/product_brand?post=155776"},{"taxonomy":"product_cat","embeddable":true,"href":"https:\/\/revolutionpadelstore.com\/de\/wp-json\/wp\/v2\/product_cat?post=155776"},{"taxonomy":"product_tag","embeddable":true,"href":"https:\/\/revolutionpadelstore.com\/de\/wp-json\/wp\/v2\/product_tag?post=155776"}],"curies":[{"name":"wp","href":"https:\/\/api.w.org\/{rel}","templated":true}]}}