{"id":154647,"date":"2024-12-06T13:14:03","date_gmt":"2024-12-06T12:14:03","guid":{"rendered":"https:\/\/revolutionpadelstore.com\/adidas-metalbone-team-light-3-4-2025\/"},"modified":"2026-04-08T09:43:42","modified_gmt":"2026-04-08T07:43:42","slug":"adidas-metalbone-team-light-3-4-2025-1","status":"publish","type":"product","link":"https:\/\/revolutionpadelstore.com\/de\/produkt\/adidas-metalbone-team-light-3-4-2025-1\/","title":{"rendered":"ADIDAS METALBONE TEAM LIGHT 3.4 2025"},"content":{"rendered":"<h2> Adidas Metalbone Team Light 3.4, Leichtigkeit und Komfort <\/ h2><br \/>\nDas <strong> adidas Metalbone Team Light 3.4 <\/strong> f\u00e4llt auf, ein unglaubliches Gef\u00fchl von Komfort, Kontrolle und Man\u00f6vrierf\u00e4higkeit zu bieten. Mit seinem runden Format verteilt es das Gewicht in der N\u00e4he des Griffs und bietet eine gr\u00f6\u00dfere Pr\u00e4zision und Beweglichkeit in Verteidigungsbewegungen vom Boden der Strecke. Dar\u00fcber hinaus gew\u00e4hrleistet das leichte Gewicht, das zwischen 345 und 360 Gramm liegt, maximale Komfort und hohe Verwaltbarkeit jederzeit.<\/p>\n<h2> Metalbone Team Light 3.4 Pala f\u00fcr fortgeschrittene Spieler <\/H2><br \/>\nDas Paddelschaufel <strong> Adidas Metalbone Team Light 3.4 <\/strong> ist perfekt f\u00fcr fortgeschrittene Spieler. Es konzentriert sich auf defensive Schl\u00e4ge. Wenn Sie also von der Fazit in St\u00fccken abheben m\u00f6chten, bietet diese Schaufel Ihnen genau das, was Sie brauchen. Sein leichtes Gewicht und die runde Schimmelpilze bevorzugen die maximale Kontrolle des Balls, ideal f\u00fcr diejenigen, die in jedem Spiel ihre beste Leistung erzielen m\u00f6chten.<\/p>\n<h2> Eigenschaften und Technologien von Adidas Metalbone Team Light 3.4 <\/H2><\/p>\n<p> <strong> -Eva Weiche Leistung Gummi-Kern<\/p>\n<p> <strong> -Fiberglass-Pl\u00e4ne <\/strong>: Sie bieten Weichheit und sorgen f\u00fcr einen guten Ballauslass<br \/>\n<P> <strong> -Chas mit Textur Spin Blade Shield <\/strong>: Sie bevorzugen den Griff des Balls, um mehr Effekte zu drucken.<\/p>\n<p> <strong> -Octogonal Struktur <\/strong>: minimiert Torsion und erh\u00f6ht die Genauigkeit<\/p>\n<p> <strong> -Grip l\u00e4ngerer zus\u00e4tzlicher Grip Power <\/strong> f\u00fcr einen stabilen und festen Griff<\/p>\n<p> <strong> -Design niedriger Poly <\/strong>: Erh\u00f6ht die Steifheit der Struktur f\u00fcr effektivere und kraftvollere Schl\u00e4ge.<\/p>\n<h2> erh\u00e4ltlich im Revolution Padel Store <\/ h2><br \/>\nDenken Sie nicht dar\u00fcber nach und erhalten Sie die neue Paddelschaufel <strong> Metalbone Team Light 3.4 <\/strong> adidas. Mit seiner runden Form und seiner geringen Balance bietet es Ihnen die notwendige Kontrolle, um in den Defensivspielen erfolgreich zu sein.<\/p>\n<h2>Adidas Metalbone Team Light 3.4, ligereza y comodidad<\/h2>\n","protected":false},"excerpt":{"rendered":"<p>Adidas Metalbone Padel Pladel Team Light 3.4 mit einer runden Form und einer geringen Balance f\u00fcr maximale Kontrolle und Komfort. F\u00fcr fortgeschrittene Spieler. Eva Soft Performance Nucleus.<\/p>\n","protected":false},"featured_media":152892,"comment_status":"open","ping_status":"closed","template":"","meta":{"_acf_changed":false,"_joinchat":[]},"acabado":[1104],"balance":[1144],"dureza":[1154],"forma":[1179],"jugador":[1189,1199],"marca":[1229],"nivel-de-juego":[1334,1339],"superficie":[1359],"tipo-de-juego":[1369],"product_brand":[],"product_cat":[299],"product_tag":[],"class_list":{"0":"post-154647","1":"product","2":"type-product","3":"status-publish","4":"has-post-thumbnail","6":"acabado-rau","7":"balance-niedrig","8":"dureza-media-de","9":"forma-rund","10":"jugador-mann","11":"jugador-mehrzweck","12":"marca-adidas-de","13":"superficie-rugosa-de","14":"tipo-de-juego-kontrolle","15":"product_cat-palas-de-padel-de","17":"first","18":"instock","19":"sale","20":"taxable","21":"shipping-taxable","22":"purchasable","23":"product-type-simple"},"acf":[],"yoast_head":"<!-- This site is optimized with the Yoast SEO plugin v27.4 - https:\/\/yoast.com\/product\/yoast-seo-wordpress\/ -->\n<title>ADIDAS METALBONE TEAM LIGHT 3.4 2025 - Revolution Padel Store<\/title>\n<meta name=\"description\" content=\"La Adidas Metalbone Team Light 3.4 destaca por garantizar unas incre\u00edbles sensaciones de confort, control y maniobrabilidad durante su uso. Con su formato redondo, distribuye el peso cerca del grip, proporcionando mayor precisi\u00f3n y agilidad en movimientos defensivos desde el fondo de la pista. Adem\u00e1s, su peso ligero comprendido entre los 345 y los 360 gramos asegura m\u00e1ximo confort y alta manejabilidad en todo momento.\" \/>\n<meta name=\"robots\" content=\"index, follow, max-snippet:-1, max-image-preview:large, max-video-preview:-1\" \/>\n<link rel=\"canonical\" href=\"https:\/\/revolutionpadelstore.com\/de\/produkt\/adidas-metalbone-team-light-3-4-2025-1\/\" \/>\n<meta property=\"og:locale\" content=\"de_DE\" \/>\n<meta property=\"og:type\" content=\"article\" \/>\n<meta property=\"og:title\" content=\"ADIDAS METALBONE TEAM LIGHT 3.4 2025 - Revolution Padel Store\" \/>\n<meta property=\"og:description\" content=\"La Adidas Metalbone Team Light 3.4 destaca por garantizar unas incre\u00edbles sensaciones de confort, control y maniobrabilidad durante su uso. Con su formato redondo, distribuye el peso cerca del grip, proporcionando mayor precisi\u00f3n y agilidad en movimientos defensivos desde el fondo de la pista. Adem\u00e1s, su peso ligero comprendido entre los 345 y los 360 gramos asegura m\u00e1ximo confort y alta manejabilidad en todo momento.\" \/>\n<meta property=\"og:url\" content=\"https:\/\/revolutionpadelstore.com\/de\/produkt\/adidas-metalbone-team-light-3-4-2025-1\/\" \/>\n<meta property=\"og:site_name\" content=\"Revolution Padel Store\" \/>\n<meta property=\"article:modified_time\" content=\"2026-04-08T07:43:42+00:00\" \/>\n<meta property=\"og:image\" content=\"https:\/\/revolutionpadelstore.com\/wp-content\/uploads\/2024\/12\/113689-pala-adidas-metalbone-team-light-3-4-ar2ca0u451500x1500-1-1.webp\" \/>\n\t<meta property=\"og:image:width\" content=\"1500\" \/>\n\t<meta property=\"og:image:height\" content=\"1500\" \/>\n\t<meta property=\"og:image:type\" content=\"image\/webp\" \/>\n<meta name=\"twitter:card\" content=\"summary_large_image\" \/>\n<meta name=\"twitter:label1\" content=\"Gesch\u00e4tzte Lesezeit\" \/>\n\t<meta name=\"twitter:data1\" content=\"1\u00a0Minute\" \/>\n<script type=\"application\/ld+json\" class=\"yoast-schema-graph\">{\"@context\":\"https:\\\/\\\/schema.org\",\"@graph\":[{\"@type\":\"WebPage\",\"@id\":\"https:\\\/\\\/revolutionpadelstore.com\\\/de\\\/produkt\\\/adidas-metalbone-team-light-3-4-2025-1\\\/\",\"url\":\"https:\\\/\\\/revolutionpadelstore.com\\\/de\\\/produkt\\\/adidas-metalbone-team-light-3-4-2025-1\\\/\",\"name\":\"ADIDAS METALBONE TEAM LIGHT 3.4 2025 - Revolution Padel Store\",\"isPartOf\":{\"@id\":\"https:\\\/\\\/revolutionpadelstore.com\\\/de\\\/#website\"},\"primaryImageOfPage\":{\"@id\":\"https:\\\/\\\/revolutionpadelstore.com\\\/de\\\/produkt\\\/adidas-metalbone-team-light-3-4-2025-1\\\/#primaryimage\"},\"image\":{\"@id\":\"https:\\\/\\\/revolutionpadelstore.com\\\/de\\\/produkt\\\/adidas-metalbone-team-light-3-4-2025-1\\\/#primaryimage\"},\"thumbnailUrl\":\"https:\\\/\\\/revolutionpadelstore.com\\\/wp-content\\\/uploads\\\/2024\\\/12\\\/113689-pala-adidas-metalbone-team-light-3-4-ar2ca0u451500x1500-1-1.webp\",\"datePublished\":\"2024-12-06T12:14:03+00:00\",\"dateModified\":\"2026-04-08T07:43:42+00:00\",\"description\":\"La Adidas Metalbone Team Light 3.4 destaca por garantizar unas incre\u00edbles sensaciones de confort, control y maniobrabilidad durante su uso. Con su formato redondo, distribuye el peso cerca del grip, proporcionando mayor precisi\u00f3n y agilidad en movimientos defensivos desde el fondo de la pista. Adem\u00e1s, su peso ligero comprendido entre los 345 y los 360 gramos asegura m\u00e1ximo confort y alta manejabilidad en todo momento.\",\"breadcrumb\":{\"@id\":\"https:\\\/\\\/revolutionpadelstore.com\\\/de\\\/produkt\\\/adidas-metalbone-team-light-3-4-2025-1\\\/#breadcrumb\"},\"inLanguage\":\"de\",\"potentialAction\":[{\"@type\":\"ReadAction\",\"target\":[\"https:\\\/\\\/revolutionpadelstore.com\\\/de\\\/produkt\\\/adidas-metalbone-team-light-3-4-2025-1\\\/\"]}]},{\"@type\":\"ImageObject\",\"inLanguage\":\"de\",\"@id\":\"https:\\\/\\\/revolutionpadelstore.com\\\/de\\\/produkt\\\/adidas-metalbone-team-light-3-4-2025-1\\\/#primaryimage\",\"url\":\"https:\\\/\\\/revolutionpadelstore.com\\\/wp-content\\\/uploads\\\/2024\\\/12\\\/113689-pala-adidas-metalbone-team-light-3-4-ar2ca0u451500x1500-1-1.webp\",\"contentUrl\":\"https:\\\/\\\/revolutionpadelstore.com\\\/wp-content\\\/uploads\\\/2024\\\/12\\\/113689-pala-adidas-metalbone-team-light-3-4-ar2ca0u451500x1500-1-1.webp\",\"width\":1500,\"height\":1500},{\"@type\":\"BreadcrumbList\",\"@id\":\"https:\\\/\\\/revolutionpadelstore.com\\\/de\\\/produkt\\\/adidas-metalbone-team-light-3-4-2025-1\\\/#breadcrumb\",\"itemListElement\":[{\"@type\":\"ListItem\",\"position\":1,\"name\":\"Portada\",\"item\":\"https:\\\/\\\/revolutionpadelstore.com\\\/de\\\/\"},{\"@type\":\"ListItem\",\"position\":2,\"name\":\"Shop\",\"item\":\"https:\\\/\\\/revolutionpadelstore.com\\\/de\\\/tienda\\\/\"},{\"@type\":\"ListItem\",\"position\":3,\"name\":\"ADIDAS METALBONE TEAM LIGHT 3.4 2025\"}]},{\"@type\":\"WebSite\",\"@id\":\"https:\\\/\\\/revolutionpadelstore.com\\\/de\\\/#website\",\"url\":\"https:\\\/\\\/revolutionpadelstore.com\\\/de\\\/\",\"name\":\"Revolution Padel Store\",\"description\":\"\",\"publisher\":{\"@id\":\"https:\\\/\\\/revolutionpadelstore.com\\\/de\\\/#organization\"},\"potentialAction\":[{\"@type\":\"SearchAction\",\"target\":{\"@type\":\"EntryPoint\",\"urlTemplate\":\"https:\\\/\\\/revolutionpadelstore.com\\\/de\\\/?s={search_term_string}\"},\"query-input\":{\"@type\":\"PropertyValueSpecification\",\"valueRequired\":true,\"valueName\":\"search_term_string\"}}],\"inLanguage\":\"de\"},{\"@type\":\"Organization\",\"@id\":\"https:\\\/\\\/revolutionpadelstore.com\\\/de\\\/#organization\",\"name\":\"Revolution Padel Store\",\"url\":\"https:\\\/\\\/revolutionpadelstore.com\\\/de\\\/\",\"logo\":{\"@type\":\"ImageObject\",\"inLanguage\":\"de\",\"@id\":\"https:\\\/\\\/revolutionpadelstore.com\\\/de\\\/#\\\/schema\\\/logo\\\/image\\\/\",\"url\":\"https:\\\/\\\/revolutionpadelstore.com\\\/wp-content\\\/uploads\\\/2026\\\/02\\\/revolution-padel-store.jpg\",\"contentUrl\":\"https:\\\/\\\/revolutionpadelstore.com\\\/wp-content\\\/uploads\\\/2026\\\/02\\\/revolution-padel-store.jpg\",\"width\":2000,\"height\":2000,\"caption\":\"Revolution Padel Store\"},\"image\":{\"@id\":\"https:\\\/\\\/revolutionpadelstore.com\\\/de\\\/#\\\/schema\\\/logo\\\/image\\\/\"},\"sameAs\":[\"https:\\\/\\\/www.instagram.com\\\/revolutionpadelstore\\\/\"]}]}<\/script>\n<!-- \/ Yoast SEO plugin. -->","yoast_head_json":{"title":"ADIDAS METALBONE TEAM LIGHT 3.4 2025 - Revolution Padel Store","description":"La Adidas Metalbone Team Light 3.4 destaca por garantizar unas incre\u00edbles sensaciones de confort, control y maniobrabilidad durante su uso. Con su formato redondo, distribuye el peso cerca del grip, proporcionando mayor precisi\u00f3n y agilidad en movimientos defensivos desde el fondo de la pista. Adem\u00e1s, su peso ligero comprendido entre los 345 y los 360 gramos asegura m\u00e1ximo confort y alta manejabilidad en todo momento.","robots":{"index":"index","follow":"follow","max-snippet":"max-snippet:-1","max-image-preview":"max-image-preview:large","max-video-preview":"max-video-preview:-1"},"canonical":"https:\/\/revolutionpadelstore.com\/de\/produkt\/adidas-metalbone-team-light-3-4-2025-1\/","og_locale":"de_DE","og_type":"article","og_title":"ADIDAS METALBONE TEAM LIGHT 3.4 2025 - Revolution Padel Store","og_description":"La Adidas Metalbone Team Light 3.4 destaca por garantizar unas incre\u00edbles sensaciones de confort, control y maniobrabilidad durante su uso. Con su formato redondo, distribuye el peso cerca del grip, proporcionando mayor precisi\u00f3n y agilidad en movimientos defensivos desde el fondo de la pista. Adem\u00e1s, su peso ligero comprendido entre los 345 y los 360 gramos asegura m\u00e1ximo confort y alta manejabilidad en todo momento.","og_url":"https:\/\/revolutionpadelstore.com\/de\/produkt\/adidas-metalbone-team-light-3-4-2025-1\/","og_site_name":"Revolution Padel Store","article_modified_time":"2026-04-08T07:43:42+00:00","og_image":[{"width":1500,"height":1500,"url":"https:\/\/revolutionpadelstore.com\/wp-content\/uploads\/2024\/12\/113689-pala-adidas-metalbone-team-light-3-4-ar2ca0u451500x1500-1-1.webp","type":"image\/webp"}],"twitter_card":"summary_large_image","twitter_misc":{"Gesch\u00e4tzte Lesezeit":"1\u00a0Minute"},"schema":{"@context":"https:\/\/schema.org","@graph":[{"@type":"WebPage","@id":"https:\/\/revolutionpadelstore.com\/de\/produkt\/adidas-metalbone-team-light-3-4-2025-1\/","url":"https:\/\/revolutionpadelstore.com\/de\/produkt\/adidas-metalbone-team-light-3-4-2025-1\/","name":"ADIDAS METALBONE TEAM LIGHT 3.4 2025 - Revolution Padel Store","isPartOf":{"@id":"https:\/\/revolutionpadelstore.com\/de\/#website"},"primaryImageOfPage":{"@id":"https:\/\/revolutionpadelstore.com\/de\/produkt\/adidas-metalbone-team-light-3-4-2025-1\/#primaryimage"},"image":{"@id":"https:\/\/revolutionpadelstore.com\/de\/produkt\/adidas-metalbone-team-light-3-4-2025-1\/#primaryimage"},"thumbnailUrl":"https:\/\/revolutionpadelstore.com\/wp-content\/uploads\/2024\/12\/113689-pala-adidas-metalbone-team-light-3-4-ar2ca0u451500x1500-1-1.webp","datePublished":"2024-12-06T12:14:03+00:00","dateModified":"2026-04-08T07:43:42+00:00","description":"La Adidas Metalbone Team Light 3.4 destaca por garantizar unas incre\u00edbles sensaciones de confort, control y maniobrabilidad durante su uso. Con su formato redondo, distribuye el peso cerca del grip, proporcionando mayor precisi\u00f3n y agilidad en movimientos defensivos desde el fondo de la pista. Adem\u00e1s, su peso ligero comprendido entre los 345 y los 360 gramos asegura m\u00e1ximo confort y alta manejabilidad en todo momento.","breadcrumb":{"@id":"https:\/\/revolutionpadelstore.com\/de\/produkt\/adidas-metalbone-team-light-3-4-2025-1\/#breadcrumb"},"inLanguage":"de","potentialAction":[{"@type":"ReadAction","target":["https:\/\/revolutionpadelstore.com\/de\/produkt\/adidas-metalbone-team-light-3-4-2025-1\/"]}]},{"@type":"ImageObject","inLanguage":"de","@id":"https:\/\/revolutionpadelstore.com\/de\/produkt\/adidas-metalbone-team-light-3-4-2025-1\/#primaryimage","url":"https:\/\/revolutionpadelstore.com\/wp-content\/uploads\/2024\/12\/113689-pala-adidas-metalbone-team-light-3-4-ar2ca0u451500x1500-1-1.webp","contentUrl":"https:\/\/revolutionpadelstore.com\/wp-content\/uploads\/2024\/12\/113689-pala-adidas-metalbone-team-light-3-4-ar2ca0u451500x1500-1-1.webp","width":1500,"height":1500},{"@type":"BreadcrumbList","@id":"https:\/\/revolutionpadelstore.com\/de\/produkt\/adidas-metalbone-team-light-3-4-2025-1\/#breadcrumb","itemListElement":[{"@type":"ListItem","position":1,"name":"Portada","item":"https:\/\/revolutionpadelstore.com\/de\/"},{"@type":"ListItem","position":2,"name":"Shop","item":"https:\/\/revolutionpadelstore.com\/de\/tienda\/"},{"@type":"ListItem","position":3,"name":"ADIDAS METALBONE TEAM LIGHT 3.4 2025"}]},{"@type":"WebSite","@id":"https:\/\/revolutionpadelstore.com\/de\/#website","url":"https:\/\/revolutionpadelstore.com\/de\/","name":"Revolution Padel Store","description":"","publisher":{"@id":"https:\/\/revolutionpadelstore.com\/de\/#organization"},"potentialAction":[{"@type":"SearchAction","target":{"@type":"EntryPoint","urlTemplate":"https:\/\/revolutionpadelstore.com\/de\/?s={search_term_string}"},"query-input":{"@type":"PropertyValueSpecification","valueRequired":true,"valueName":"search_term_string"}}],"inLanguage":"de"},{"@type":"Organization","@id":"https:\/\/revolutionpadelstore.com\/de\/#organization","name":"Revolution Padel Store","url":"https:\/\/revolutionpadelstore.com\/de\/","logo":{"@type":"ImageObject","inLanguage":"de","@id":"https:\/\/revolutionpadelstore.com\/de\/#\/schema\/logo\/image\/","url":"https:\/\/revolutionpadelstore.com\/wp-content\/uploads\/2026\/02\/revolution-padel-store.jpg","contentUrl":"https:\/\/revolutionpadelstore.com\/wp-content\/uploads\/2026\/02\/revolution-padel-store.jpg","width":2000,"height":2000,"caption":"Revolution Padel Store"},"image":{"@id":"https:\/\/revolutionpadelstore.com\/de\/#\/schema\/logo\/image\/"},"sameAs":["https:\/\/www.instagram.com\/revolutionpadelstore\/"]}]}},"_links":{"self":[{"href":"https:\/\/revolutionpadelstore.com\/de\/wp-json\/wp\/v2\/product\/154647","targetHints":{"allow":["GET"]}}],"collection":[{"href":"https:\/\/revolutionpadelstore.com\/de\/wp-json\/wp\/v2\/product"}],"about":[{"href":"https:\/\/revolutionpadelstore.com\/de\/wp-json\/wp\/v2\/types\/product"}],"replies":[{"embeddable":true,"href":"https:\/\/revolutionpadelstore.com\/de\/wp-json\/wp\/v2\/comments?post=154647"}],"wp:featuredmedia":[{"embeddable":true,"href":"https:\/\/revolutionpadelstore.com\/de\/wp-json\/wp\/v2\/media\/152892"}],"wp:attachment":[{"href":"https:\/\/revolutionpadelstore.com\/de\/wp-json\/wp\/v2\/media?parent=154647"}],"wp:term":[{"taxonomy":"acabado","embeddable":true,"href":"https:\/\/revolutionpadelstore.com\/de\/wp-json\/wp\/v2\/acabado?post=154647"},{"taxonomy":"balance","embeddable":true,"href":"https:\/\/revolutionpadelstore.com\/de\/wp-json\/wp\/v2\/balance?post=154647"},{"taxonomy":"dureza","embeddable":true,"href":"https:\/\/revolutionpadelstore.com\/de\/wp-json\/wp\/v2\/dureza?post=154647"},{"taxonomy":"forma","embeddable":true,"href":"https:\/\/revolutionpadelstore.com\/de\/wp-json\/wp\/v2\/forma?post=154647"},{"taxonomy":"jugador","embeddable":true,"href":"https:\/\/revolutionpadelstore.com\/de\/wp-json\/wp\/v2\/jugador?post=154647"},{"taxonomy":"marca","embeddable":true,"href":"https:\/\/revolutionpadelstore.com\/de\/wp-json\/wp\/v2\/marca?post=154647"},{"taxonomy":"nivel-de-juego","embeddable":true,"href":"https:\/\/revolutionpadelstore.com\/de\/wp-json\/wp\/v2\/nivel-de-juego?post=154647"},{"taxonomy":"superficie","embeddable":true,"href":"https:\/\/revolutionpadelstore.com\/de\/wp-json\/wp\/v2\/superficie?post=154647"},{"taxonomy":"tipo-de-juego","embeddable":true,"href":"https:\/\/revolutionpadelstore.com\/de\/wp-json\/wp\/v2\/tipo-de-juego?post=154647"},{"taxonomy":"product_brand","embeddable":true,"href":"https:\/\/revolutionpadelstore.com\/de\/wp-json\/wp\/v2\/product_brand?post=154647"},{"taxonomy":"product_cat","embeddable":true,"href":"https:\/\/revolutionpadelstore.com\/de\/wp-json\/wp\/v2\/product_cat?post=154647"},{"taxonomy":"product_tag","embeddable":true,"href":"https:\/\/revolutionpadelstore.com\/de\/wp-json\/wp\/v2\/product_tag?post=154647"}],"curies":[{"name":"wp","href":"https:\/\/api.w.org\/{rel}","templated":true}]}}