{"id":154642,"date":"2024-12-07T09:01:12","date_gmt":"2024-12-07T08:01:12","guid":{"rendered":"https:\/\/revolutionpadelstore.com\/adidas-cross-it-ctrl-3-4-2025\/"},"modified":"2026-04-08T09:42:11","modified_gmt":"2026-04-08T07:42:11","slug":"adidas-cross-it-ctrl-3-4-2025-6","status":"publish","type":"product","link":"https:\/\/revolutionpadelstore.com\/de\/produkt\/adidas-cross-it-ctrl-3-4-2025-6\/","title":{"rendered":"ADIDAS CROSS IT CTRL 3.4 2025"},"content":{"rendered":"<h2> <strong> adidas kreuzen es Strg 3.4 2025: Kontrolle und Genauigkeit auf der Spur <\/ strong> <\/ h2><br \/>\nDie <strong> adidas cross It Strg 3,4 2025 <\/strong> ist eine Paddelschaufel, die die Kontrolle auf ein neues Niveau \u00fcbernimmt. Dieses Modell ist eine Entwicklung innerhalb des renommierten Cross LT -Bereichs, das die fortschrittlichsten Technologien f\u00fcr anspruchsvolle Spieler enth\u00e4lt. Das runde Design und die qualitativ hochwertigen Materialien garantieren eine optimale Erfahrung f\u00fcr diejenigen, die Pr\u00e4zision in ihrem Spiel suchen.<\/p>\n<h2> <strong> F\u00fcr Hochleistungsspieler <\/ strong> <\/ h2><br \/>\nDiese Schaufel ist speziell f\u00fcr Spieler mit hoher Ebene entwickelt, die die Kontrolle und Man\u00f6vrierf\u00e4higkeit priorisieren. Dank seines Rundformates passt es sich perfekt an ein technisches Spiel an und erm\u00f6glicht schnelle und pr\u00e4zise Bewegungen. Die 15 -km -Kombination aus aluminisiertem Kohlenstoff und EVA -Gummi mit hoher Dichte sorgt f\u00fcr eine au\u00dfergew\u00f6hnliche Leistung in jedem Schlag, ohne den Komfort oder Widerstand zu beeintr\u00e4chtigen.<\/p>\n<h2> <strong> Haupteigenschaften <\/ strong> <\/ h2><\/p>\n<p> <strong> -Dynamische Luftfluss <\/strong>: aerodynamische Verbesserung dank offener L\u00f6cher im Herzen der Klinge.<\/p>\n<p> <strong> -Power Extra Grip <\/strong>: verl\u00e4ngerter Griff f\u00fcr gr\u00f6\u00dfere Tr\u00e4gheit und Leistung in den Schl\u00e4gen.<\/p>\n<p> <strong> -11 dreizehn <\/strong>: optimierte Gr\u00f6\u00dfenl\u00f6cher, die die Steifigkeit und Haltbarkeit erh\u00f6hen.<\/p>\n<p> <strong> -Spin -Blattform <\/strong>: 3D -Relief in der Form, um eine gr\u00f6\u00dfere Wirkung auf die Kugel zu erzeugen.<\/p>\n<p> <strong> -Hight Memory Eva <\/strong>: Gummi mit hoher Dichte, der die Leistung in schnellen Schl\u00e4gen maximiert.<\/p>\n<p> <strong> -Coditierter Kohlenstoff 15K <\/strong>: Ideales Gleichgewicht zwischen Widerstand und Starrheit, mit einer festen und leistungsstarken Ber\u00fchrung.<\/p>\n<p> <strong> -RED -Format <\/strong>: Niedrige Balance f\u00fcr eine gr\u00f6\u00dfere Kontrolle in defensiven Schl\u00e4gen<\/p>\n<p>&lt;In<br \/>\nDie <strong> adidas Cross It Strg 3.4 2025 <\/strong> ist das perfekte Werkzeug f\u00fcr fortschrittliche Spieler, die Pr\u00e4zision, Haltbarkeit und maximale Leistung suchen. Beherrschen Sie die Strecke mit einer Schaufel, um einen Unterschied zu machen .-<\/p>\n<h2><strong>Adidas Cross It Ctrl 3.4 2025: Control y Precisi\u00f3n en la Pista<\/strong><\/p>\n","protected":false},"excerpt":{"rendered":"<p>Das Adidas Cross LT CTRL 3.4 2025 bietet dank seines runden Formats, 15K -Kohlenstoffs, EVA und fortschrittlichen Technologien eine absolute Kontrolle.<\/p>\n","protected":false},"featured_media":153219,"comment_status":"open","ping_status":"closed","template":"","meta":{"_acf_changed":false,"_joinchat":[]},"acabado":[1089],"balance":[1144],"dureza":[1154],"forma":[1179],"jugador":[1189,1199],"marca":[1229],"nivel-de-juego":[1334],"superficie":[1359],"tipo-de-juego":[1369],"product_brand":[],"product_cat":[299],"product_tag":[],"class_list":{"0":"post-154642","1":"product","2":"type-product","3":"status-publish","4":"has-post-thumbnail","6":"acabado-3d-entlasten","7":"balance-niedrig","8":"dureza-media-de","9":"forma-rund","10":"jugador-mann","11":"jugador-mehrzweck","12":"marca-adidas-de","13":"superficie-rugosa-de","14":"tipo-de-juego-kontrolle","15":"product_cat-palas-de-padel-de","17":"first","18":"instock","19":"sale","20":"taxable","21":"shipping-taxable","22":"purchasable","23":"product-type-simple"},"acf":[],"yoast_head":"<!-- This site is optimized with the Yoast SEO plugin v27.4 - https:\/\/yoast.com\/product\/yoast-seo-wordpress\/ -->\n<title>ADIDAS CROSS IT CTRL 3.4 2025 - Revolution Padel Store<\/title>\n<meta name=\"description\" content=\"La Adidas Cross IT CTRL 3.4 2025 es una pala de p\u00e1del que lleva el control al siguiente nivel. Este modelo se presenta como una evoluci\u00f3n dentro de la reconocida gama Cross LT, incorporando las tecnolog\u00edas m\u00e1s avanzadas para jugadores exigentes. Su dise\u00f1o en formato redondo y materiales de alta calidad garantizan una experiencia \u00f3ptima para quienes buscan precisi\u00f3n en su juego.\" \/>\n<meta name=\"robots\" content=\"index, follow, max-snippet:-1, max-image-preview:large, max-video-preview:-1\" \/>\n<link rel=\"canonical\" href=\"https:\/\/revolutionpadelstore.com\/de\/produkt\/adidas-cross-it-ctrl-3-4-2025-6\/\" \/>\n<meta property=\"og:locale\" content=\"de_DE\" \/>\n<meta property=\"og:type\" content=\"article\" \/>\n<meta property=\"og:title\" content=\"ADIDAS CROSS IT CTRL 3.4 2025 - Revolution Padel Store\" \/>\n<meta property=\"og:description\" content=\"La Adidas Cross IT CTRL 3.4 2025 es una pala de p\u00e1del que lleva el control al siguiente nivel. Este modelo se presenta como una evoluci\u00f3n dentro de la reconocida gama Cross LT, incorporando las tecnolog\u00edas m\u00e1s avanzadas para jugadores exigentes. Su dise\u00f1o en formato redondo y materiales de alta calidad garantizan una experiencia \u00f3ptima para quienes buscan precisi\u00f3n en su juego.\" \/>\n<meta property=\"og:url\" content=\"https:\/\/revolutionpadelstore.com\/de\/produkt\/adidas-cross-it-ctrl-3-4-2025-6\/\" \/>\n<meta property=\"og:site_name\" content=\"Revolution Padel Store\" \/>\n<meta property=\"article:modified_time\" content=\"2026-04-08T07:42:11+00:00\" \/>\n<meta property=\"og:image\" content=\"https:\/\/revolutionpadelstore.com\/wp-content\/uploads\/2024\/12\/113679-pala-adidas-cross-lt-ctrl-3-4-ar1ca5u281500x1500-1.webp\" \/>\n\t<meta property=\"og:image:width\" content=\"1500\" \/>\n\t<meta property=\"og:image:height\" content=\"1500\" \/>\n\t<meta property=\"og:image:type\" content=\"image\/webp\" \/>\n<meta name=\"twitter:card\" content=\"summary_large_image\" \/>\n<meta name=\"twitter:label1\" content=\"Gesch\u00e4tzte Lesezeit\" \/>\n\t<meta name=\"twitter:data1\" content=\"1\u00a0Minute\" \/>\n<script type=\"application\/ld+json\" class=\"yoast-schema-graph\">{\"@context\":\"https:\\\/\\\/schema.org\",\"@graph\":[{\"@type\":\"WebPage\",\"@id\":\"https:\\\/\\\/revolutionpadelstore.com\\\/de\\\/produkt\\\/adidas-cross-it-ctrl-3-4-2025-6\\\/\",\"url\":\"https:\\\/\\\/revolutionpadelstore.com\\\/de\\\/produkt\\\/adidas-cross-it-ctrl-3-4-2025-6\\\/\",\"name\":\"ADIDAS CROSS IT CTRL 3.4 2025 - Revolution Padel Store\",\"isPartOf\":{\"@id\":\"https:\\\/\\\/revolutionpadelstore.com\\\/de\\\/#website\"},\"primaryImageOfPage\":{\"@id\":\"https:\\\/\\\/revolutionpadelstore.com\\\/de\\\/produkt\\\/adidas-cross-it-ctrl-3-4-2025-6\\\/#primaryimage\"},\"image\":{\"@id\":\"https:\\\/\\\/revolutionpadelstore.com\\\/de\\\/produkt\\\/adidas-cross-it-ctrl-3-4-2025-6\\\/#primaryimage\"},\"thumbnailUrl\":\"https:\\\/\\\/revolutionpadelstore.com\\\/wp-content\\\/uploads\\\/2024\\\/12\\\/113679-pala-adidas-cross-lt-ctrl-3-4-ar1ca5u281500x1500-1.webp\",\"datePublished\":\"2024-12-07T08:01:12+00:00\",\"dateModified\":\"2026-04-08T07:42:11+00:00\",\"description\":\"La Adidas Cross IT CTRL 3.4 2025 es una pala de p\u00e1del que lleva el control al siguiente nivel. Este modelo se presenta como una evoluci\u00f3n dentro de la reconocida gama Cross LT, incorporando las tecnolog\u00edas m\u00e1s avanzadas para jugadores exigentes. Su dise\u00f1o en formato redondo y materiales de alta calidad garantizan una experiencia \u00f3ptima para quienes buscan precisi\u00f3n en su juego.\",\"breadcrumb\":{\"@id\":\"https:\\\/\\\/revolutionpadelstore.com\\\/de\\\/produkt\\\/adidas-cross-it-ctrl-3-4-2025-6\\\/#breadcrumb\"},\"inLanguage\":\"de\",\"potentialAction\":[{\"@type\":\"ReadAction\",\"target\":[\"https:\\\/\\\/revolutionpadelstore.com\\\/de\\\/produkt\\\/adidas-cross-it-ctrl-3-4-2025-6\\\/\"]}]},{\"@type\":\"ImageObject\",\"inLanguage\":\"de\",\"@id\":\"https:\\\/\\\/revolutionpadelstore.com\\\/de\\\/produkt\\\/adidas-cross-it-ctrl-3-4-2025-6\\\/#primaryimage\",\"url\":\"https:\\\/\\\/revolutionpadelstore.com\\\/wp-content\\\/uploads\\\/2024\\\/12\\\/113679-pala-adidas-cross-lt-ctrl-3-4-ar1ca5u281500x1500-1.webp\",\"contentUrl\":\"https:\\\/\\\/revolutionpadelstore.com\\\/wp-content\\\/uploads\\\/2024\\\/12\\\/113679-pala-adidas-cross-lt-ctrl-3-4-ar1ca5u281500x1500-1.webp\",\"width\":1500,\"height\":1500},{\"@type\":\"BreadcrumbList\",\"@id\":\"https:\\\/\\\/revolutionpadelstore.com\\\/de\\\/produkt\\\/adidas-cross-it-ctrl-3-4-2025-6\\\/#breadcrumb\",\"itemListElement\":[{\"@type\":\"ListItem\",\"position\":1,\"name\":\"Portada\",\"item\":\"https:\\\/\\\/revolutionpadelstore.com\\\/de\\\/\"},{\"@type\":\"ListItem\",\"position\":2,\"name\":\"Shop\",\"item\":\"https:\\\/\\\/revolutionpadelstore.com\\\/de\\\/tienda\\\/\"},{\"@type\":\"ListItem\",\"position\":3,\"name\":\"ADIDAS CROSS IT CTRL 3.4 2025\"}]},{\"@type\":\"WebSite\",\"@id\":\"https:\\\/\\\/revolutionpadelstore.com\\\/de\\\/#website\",\"url\":\"https:\\\/\\\/revolutionpadelstore.com\\\/de\\\/\",\"name\":\"Revolution Padel Store\",\"description\":\"\",\"publisher\":{\"@id\":\"https:\\\/\\\/revolutionpadelstore.com\\\/de\\\/#organization\"},\"potentialAction\":[{\"@type\":\"SearchAction\",\"target\":{\"@type\":\"EntryPoint\",\"urlTemplate\":\"https:\\\/\\\/revolutionpadelstore.com\\\/de\\\/?s={search_term_string}\"},\"query-input\":{\"@type\":\"PropertyValueSpecification\",\"valueRequired\":true,\"valueName\":\"search_term_string\"}}],\"inLanguage\":\"de\"},{\"@type\":\"Organization\",\"@id\":\"https:\\\/\\\/revolutionpadelstore.com\\\/de\\\/#organization\",\"name\":\"Revolution Padel Store\",\"url\":\"https:\\\/\\\/revolutionpadelstore.com\\\/de\\\/\",\"logo\":{\"@type\":\"ImageObject\",\"inLanguage\":\"de\",\"@id\":\"https:\\\/\\\/revolutionpadelstore.com\\\/de\\\/#\\\/schema\\\/logo\\\/image\\\/\",\"url\":\"https:\\\/\\\/revolutionpadelstore.com\\\/wp-content\\\/uploads\\\/2026\\\/02\\\/revolution-padel-store.jpg\",\"contentUrl\":\"https:\\\/\\\/revolutionpadelstore.com\\\/wp-content\\\/uploads\\\/2026\\\/02\\\/revolution-padel-store.jpg\",\"width\":2000,\"height\":2000,\"caption\":\"Revolution Padel Store\"},\"image\":{\"@id\":\"https:\\\/\\\/revolutionpadelstore.com\\\/de\\\/#\\\/schema\\\/logo\\\/image\\\/\"},\"sameAs\":[\"https:\\\/\\\/www.instagram.com\\\/revolutionpadelstore\\\/\"]}]}<\/script>\n<!-- \/ Yoast SEO plugin. -->","yoast_head_json":{"title":"ADIDAS CROSS IT CTRL 3.4 2025 - Revolution Padel Store","description":"La Adidas Cross IT CTRL 3.4 2025 es una pala de p\u00e1del que lleva el control al siguiente nivel. Este modelo se presenta como una evoluci\u00f3n dentro de la reconocida gama Cross LT, incorporando las tecnolog\u00edas m\u00e1s avanzadas para jugadores exigentes. Su dise\u00f1o en formato redondo y materiales de alta calidad garantizan una experiencia \u00f3ptima para quienes buscan precisi\u00f3n en su juego.","robots":{"index":"index","follow":"follow","max-snippet":"max-snippet:-1","max-image-preview":"max-image-preview:large","max-video-preview":"max-video-preview:-1"},"canonical":"https:\/\/revolutionpadelstore.com\/de\/produkt\/adidas-cross-it-ctrl-3-4-2025-6\/","og_locale":"de_DE","og_type":"article","og_title":"ADIDAS CROSS IT CTRL 3.4 2025 - Revolution Padel Store","og_description":"La Adidas Cross IT CTRL 3.4 2025 es una pala de p\u00e1del que lleva el control al siguiente nivel. Este modelo se presenta como una evoluci\u00f3n dentro de la reconocida gama Cross LT, incorporando las tecnolog\u00edas m\u00e1s avanzadas para jugadores exigentes. Su dise\u00f1o en formato redondo y materiales de alta calidad garantizan una experiencia \u00f3ptima para quienes buscan precisi\u00f3n en su juego.","og_url":"https:\/\/revolutionpadelstore.com\/de\/produkt\/adidas-cross-it-ctrl-3-4-2025-6\/","og_site_name":"Revolution Padel Store","article_modified_time":"2026-04-08T07:42:11+00:00","og_image":[{"width":1500,"height":1500,"url":"https:\/\/revolutionpadelstore.com\/wp-content\/uploads\/2024\/12\/113679-pala-adidas-cross-lt-ctrl-3-4-ar1ca5u281500x1500-1.webp","type":"image\/webp"}],"twitter_card":"summary_large_image","twitter_misc":{"Gesch\u00e4tzte Lesezeit":"1\u00a0Minute"},"schema":{"@context":"https:\/\/schema.org","@graph":[{"@type":"WebPage","@id":"https:\/\/revolutionpadelstore.com\/de\/produkt\/adidas-cross-it-ctrl-3-4-2025-6\/","url":"https:\/\/revolutionpadelstore.com\/de\/produkt\/adidas-cross-it-ctrl-3-4-2025-6\/","name":"ADIDAS CROSS IT CTRL 3.4 2025 - Revolution Padel Store","isPartOf":{"@id":"https:\/\/revolutionpadelstore.com\/de\/#website"},"primaryImageOfPage":{"@id":"https:\/\/revolutionpadelstore.com\/de\/produkt\/adidas-cross-it-ctrl-3-4-2025-6\/#primaryimage"},"image":{"@id":"https:\/\/revolutionpadelstore.com\/de\/produkt\/adidas-cross-it-ctrl-3-4-2025-6\/#primaryimage"},"thumbnailUrl":"https:\/\/revolutionpadelstore.com\/wp-content\/uploads\/2024\/12\/113679-pala-adidas-cross-lt-ctrl-3-4-ar1ca5u281500x1500-1.webp","datePublished":"2024-12-07T08:01:12+00:00","dateModified":"2026-04-08T07:42:11+00:00","description":"La Adidas Cross IT CTRL 3.4 2025 es una pala de p\u00e1del que lleva el control al siguiente nivel. Este modelo se presenta como una evoluci\u00f3n dentro de la reconocida gama Cross LT, incorporando las tecnolog\u00edas m\u00e1s avanzadas para jugadores exigentes. Su dise\u00f1o en formato redondo y materiales de alta calidad garantizan una experiencia \u00f3ptima para quienes buscan precisi\u00f3n en su juego.","breadcrumb":{"@id":"https:\/\/revolutionpadelstore.com\/de\/produkt\/adidas-cross-it-ctrl-3-4-2025-6\/#breadcrumb"},"inLanguage":"de","potentialAction":[{"@type":"ReadAction","target":["https:\/\/revolutionpadelstore.com\/de\/produkt\/adidas-cross-it-ctrl-3-4-2025-6\/"]}]},{"@type":"ImageObject","inLanguage":"de","@id":"https:\/\/revolutionpadelstore.com\/de\/produkt\/adidas-cross-it-ctrl-3-4-2025-6\/#primaryimage","url":"https:\/\/revolutionpadelstore.com\/wp-content\/uploads\/2024\/12\/113679-pala-adidas-cross-lt-ctrl-3-4-ar1ca5u281500x1500-1.webp","contentUrl":"https:\/\/revolutionpadelstore.com\/wp-content\/uploads\/2024\/12\/113679-pala-adidas-cross-lt-ctrl-3-4-ar1ca5u281500x1500-1.webp","width":1500,"height":1500},{"@type":"BreadcrumbList","@id":"https:\/\/revolutionpadelstore.com\/de\/produkt\/adidas-cross-it-ctrl-3-4-2025-6\/#breadcrumb","itemListElement":[{"@type":"ListItem","position":1,"name":"Portada","item":"https:\/\/revolutionpadelstore.com\/de\/"},{"@type":"ListItem","position":2,"name":"Shop","item":"https:\/\/revolutionpadelstore.com\/de\/tienda\/"},{"@type":"ListItem","position":3,"name":"ADIDAS CROSS IT CTRL 3.4 2025"}]},{"@type":"WebSite","@id":"https:\/\/revolutionpadelstore.com\/de\/#website","url":"https:\/\/revolutionpadelstore.com\/de\/","name":"Revolution Padel Store","description":"","publisher":{"@id":"https:\/\/revolutionpadelstore.com\/de\/#organization"},"potentialAction":[{"@type":"SearchAction","target":{"@type":"EntryPoint","urlTemplate":"https:\/\/revolutionpadelstore.com\/de\/?s={search_term_string}"},"query-input":{"@type":"PropertyValueSpecification","valueRequired":true,"valueName":"search_term_string"}}],"inLanguage":"de"},{"@type":"Organization","@id":"https:\/\/revolutionpadelstore.com\/de\/#organization","name":"Revolution Padel Store","url":"https:\/\/revolutionpadelstore.com\/de\/","logo":{"@type":"ImageObject","inLanguage":"de","@id":"https:\/\/revolutionpadelstore.com\/de\/#\/schema\/logo\/image\/","url":"https:\/\/revolutionpadelstore.com\/wp-content\/uploads\/2026\/02\/revolution-padel-store.jpg","contentUrl":"https:\/\/revolutionpadelstore.com\/wp-content\/uploads\/2026\/02\/revolution-padel-store.jpg","width":2000,"height":2000,"caption":"Revolution Padel Store"},"image":{"@id":"https:\/\/revolutionpadelstore.com\/de\/#\/schema\/logo\/image\/"},"sameAs":["https:\/\/www.instagram.com\/revolutionpadelstore\/"]}]}},"_links":{"self":[{"href":"https:\/\/revolutionpadelstore.com\/de\/wp-json\/wp\/v2\/product\/154642","targetHints":{"allow":["GET"]}}],"collection":[{"href":"https:\/\/revolutionpadelstore.com\/de\/wp-json\/wp\/v2\/product"}],"about":[{"href":"https:\/\/revolutionpadelstore.com\/de\/wp-json\/wp\/v2\/types\/product"}],"replies":[{"embeddable":true,"href":"https:\/\/revolutionpadelstore.com\/de\/wp-json\/wp\/v2\/comments?post=154642"}],"wp:featuredmedia":[{"embeddable":true,"href":"https:\/\/revolutionpadelstore.com\/de\/wp-json\/wp\/v2\/media\/153219"}],"wp:attachment":[{"href":"https:\/\/revolutionpadelstore.com\/de\/wp-json\/wp\/v2\/media?parent=154642"}],"wp:term":[{"taxonomy":"acabado","embeddable":true,"href":"https:\/\/revolutionpadelstore.com\/de\/wp-json\/wp\/v2\/acabado?post=154642"},{"taxonomy":"balance","embeddable":true,"href":"https:\/\/revolutionpadelstore.com\/de\/wp-json\/wp\/v2\/balance?post=154642"},{"taxonomy":"dureza","embeddable":true,"href":"https:\/\/revolutionpadelstore.com\/de\/wp-json\/wp\/v2\/dureza?post=154642"},{"taxonomy":"forma","embeddable":true,"href":"https:\/\/revolutionpadelstore.com\/de\/wp-json\/wp\/v2\/forma?post=154642"},{"taxonomy":"jugador","embeddable":true,"href":"https:\/\/revolutionpadelstore.com\/de\/wp-json\/wp\/v2\/jugador?post=154642"},{"taxonomy":"marca","embeddable":true,"href":"https:\/\/revolutionpadelstore.com\/de\/wp-json\/wp\/v2\/marca?post=154642"},{"taxonomy":"nivel-de-juego","embeddable":true,"href":"https:\/\/revolutionpadelstore.com\/de\/wp-json\/wp\/v2\/nivel-de-juego?post=154642"},{"taxonomy":"superficie","embeddable":true,"href":"https:\/\/revolutionpadelstore.com\/de\/wp-json\/wp\/v2\/superficie?post=154642"},{"taxonomy":"tipo-de-juego","embeddable":true,"href":"https:\/\/revolutionpadelstore.com\/de\/wp-json\/wp\/v2\/tipo-de-juego?post=154642"},{"taxonomy":"product_brand","embeddable":true,"href":"https:\/\/revolutionpadelstore.com\/de\/wp-json\/wp\/v2\/product_brand?post=154642"},{"taxonomy":"product_cat","embeddable":true,"href":"https:\/\/revolutionpadelstore.com\/de\/wp-json\/wp\/v2\/product_cat?post=154642"},{"taxonomy":"product_tag","embeddable":true,"href":"https:\/\/revolutionpadelstore.com\/de\/wp-json\/wp\/v2\/product_tag?post=154642"}],"curies":[{"name":"wp","href":"https:\/\/api.w.org\/{rel}","templated":true}]}}