{"id":154637,"date":"2024-12-07T09:15:51","date_gmt":"2024-12-07T08:15:51","guid":{"rendered":"https:\/\/revolutionpadelstore.com\/adidas-cross-it-carbon-ctrl-2025\/"},"modified":"2026-04-08T09:41:42","modified_gmt":"2026-04-08T07:41:42","slug":"adidas-cross-it-carbon-ctrl-2025-1","status":"publish","type":"product","link":"https:\/\/revolutionpadelstore.com\/de\/produkt\/adidas-cross-it-carbon-ctrl-2025-1\/","title":{"rendered":"ADIDAS CROSS IT CARBON CTRL 2025"},"content":{"rendered":"<h2> <strong> adidas cross IT Carbon Strg 2025: Pr\u00e4zision und Kontrolle auf der Strecke<br \/>\nDie <strong> adidas Cross IT Carbon Strg 2025 <\/strong> wird als eine der gro\u00dfen Neuheiten des Jahres dargestellt, die f\u00fcr Spieler konzipiert werden, die in jedem Schlag nach Pr\u00e4zision und Kontrolle suchen. Dieses Modell sticht im Cross -LT -Bereich ab und kombiniert Innovation und qualitativ hochwertige Materialien. Mit einem runden Format, das die Man\u00f6vrierf\u00e4higkeit und fortschrittliche Technologien verbessert, garantiert es ein un\u00fcbertroffenes Spielerlebnis.<\/p>\n<h2> <strong> F\u00fcr fortgeschrittene Spieler <\/ strong> <\/ h2><br \/>\nInsbesondere f\u00fcr fortgeschrittene Spieler nachgedacht, zeichnet sich das <strong> Cross IT Carbon Strg 2025 <\/strong> aus, um ihre F\u00e4higkeit zur Kontrolle und Anpassungsf\u00e4higkeit zu kontrollieren. Sein 6 -km -Carbon Construction und EVA Soft Performance -Gummi bieten eine perfekte Balance zwischen Kraft und Komfort, was es zu einer idealen Option f\u00fcr diejenigen macht, die ein technisches und pr\u00e4zises Spiel priorisieren. Sein rundes Format bevorzugt auch schnelle und agile Bewegungen, die in hohen Streichh\u00f6lzern unverzichtbar sind.<\/p>\n<h2> <strong> Haupteigenschaften <\/ strong> <\/ h2><\/p>\n<p> <strong> -Dynamische Luftfluss <\/strong>: \u00d6ffnen Sie L\u00f6cher im Herzen f\u00fcr niedrigere Luftwiderstand und eine gr\u00f6\u00dfere Man\u00f6vrierf\u00e4higkeit.<\/p>\n<p> <strong> -Power Extra Grip <\/strong>: L\u00e4ngster Griff, um Inerachtie und Leistung in Schl\u00e4gen zu erh\u00f6hen.<br \/>\n<P> <strong> -11 Dreizehn <\/strong>: Spezifische Disposition von L\u00f6chern zur Optimierung von Starrheit, Leistung und Haltbarkeit.<br \/>\n<P> <strong> -Spin -Blatt -Aufkleber <\/strong>: Erleichterung in der Form f\u00fcr mehr Kontrolle und Effekte<\/p>\n<p> <strong> -Soft -Leistung EVA <\/strong>: Gummi mit niedriger Dichte f\u00fcr maximale Komfort und Kugelausgabe.<\/p>\n<p> <strong> -Carbono 6K <\/strong>: Perfekte Kombination zwischen Kontrolle und Haltbarkeit<\/p>\n<p> <strong> -Redond -Format <\/strong>: Mehr Kontrolle in defensiven Schl\u00e4gen dank des Gleichgewichts in der N\u00e4he des Griffs<\/p>\n<h2> <strong> erh\u00e4ltlich im Revolution Padel Store <\/ strong> <\/ h2><br \/>\nDie <strong> adidas Cross IT Carbon Strg 2025 <\/strong> definiert das Spiel mit seinem innovativen Design und h\u00f6heren Eigenschaften neu. Es ist die perfekte Wahl f\u00fcr fortgeschrittene Spieler, die sich mit Pr\u00e4zision und Stil auf der Strecke abheben m\u00f6chten.<\/p>\n<h2><strong>Adidas Cross It Carbon Ctrl 2025: Precisi\u00f3n y Control en la Pista<\/strong><\/p>\n","protected":false},"excerpt":{"rendered":"<p>Die <strong> adidas kreuzen IT Carbon Strg 2025 <\/strong> f\u00fcr sein rundes Format, die 6K -Kohlenstoffkonstruktion und die EVA -Soft -Leistung Gummi aus. Diese Kombination sorgt f\u00fcr absolute Kontrolle, Kraft und Komfort, ideal f\u00fcr fortschrittliche Spieler, die in jedem Schlag Pr\u00e4zision suchen.<strong>Adidas Cross IT Carbon CTRL 2025<\/strong><\/p>\n","protected":false},"featured_media":153262,"comment_status":"open","ping_status":"closed","template":"","meta":{"_acf_changed":false,"_joinchat":[]},"acabado":[1104],"balance":[1144],"dureza":[1149],"forma":[1179],"jugador":[1189,1199],"marca":[1229],"nivel-de-juego":[1334],"superficie":[1359],"tipo-de-juego":[1369],"product_brand":[],"product_cat":[299],"product_tag":[],"class_list":{"0":"post-154637","1":"product","2":"type-product","3":"status-publish","4":"has-post-thumbnail","6":"acabado-rau","7":"balance-niedrig","8":"dureza-blanda-de","9":"forma-rund","10":"jugador-mann","11":"jugador-mehrzweck","12":"marca-adidas-de","13":"superficie-rugosa-de","14":"tipo-de-juego-kontrolle","15":"product_cat-palas-de-padel-de","17":"first","18":"instock","19":"sale","20":"taxable","21":"shipping-taxable","22":"purchasable","23":"product-type-simple"},"acf":[],"yoast_head":"<!-- This site is optimized with the Yoast SEO plugin v27.4 - https:\/\/yoast.com\/product\/yoast-seo-wordpress\/ -->\n<title>ADIDAS CROSS IT CARBON CTRL 2025 - Revolution Padel Store<\/title>\n<meta name=\"description\" content=\"La Adidas Cross IT Carbon CTRL 2025 llega como una de las grandes novedades del a\u00f1o, dise\u00f1ada para los jugadores que buscan precisi\u00f3n y control en cada golpe. Este modelo se posiciona como un referente dentro de la gama Cross LT, combinando innovaci\u00f3n y materiales de alta calidad. Con un formato redondo que mejora la maniobrabilidad y tecnolog\u00edas avanzadas, garantiza una experiencia de juego inigualable.\" \/>\n<meta name=\"robots\" content=\"index, follow, max-snippet:-1, max-image-preview:large, max-video-preview:-1\" \/>\n<link rel=\"canonical\" href=\"https:\/\/revolutionpadelstore.com\/de\/produkt\/adidas-cross-it-carbon-ctrl-2025-1\/\" \/>\n<meta property=\"og:locale\" content=\"de_DE\" \/>\n<meta property=\"og:type\" content=\"article\" \/>\n<meta property=\"og:title\" content=\"ADIDAS CROSS IT CARBON CTRL 2025 - Revolution Padel Store\" \/>\n<meta property=\"og:description\" content=\"La Adidas Cross IT Carbon CTRL 2025 llega como una de las grandes novedades del a\u00f1o, dise\u00f1ada para los jugadores que buscan precisi\u00f3n y control en cada golpe. Este modelo se posiciona como un referente dentro de la gama Cross LT, combinando innovaci\u00f3n y materiales de alta calidad. Con un formato redondo que mejora la maniobrabilidad y tecnolog\u00edas avanzadas, garantiza una experiencia de juego inigualable.\" \/>\n<meta property=\"og:url\" content=\"https:\/\/revolutionpadelstore.com\/de\/produkt\/adidas-cross-it-carbon-ctrl-2025-1\/\" \/>\n<meta property=\"og:site_name\" content=\"Revolution Padel Store\" \/>\n<meta property=\"article:modified_time\" content=\"2026-04-08T07:41:42+00:00\" \/>\n<meta property=\"og:image\" content=\"https:\/\/revolutionpadelstore.com\/wp-content\/uploads\/2024\/12\/113678-pala-adidas-cross-lt-carbon-ctrl-ar1ca7u121500x1500-1.webp\" \/>\n\t<meta property=\"og:image:width\" content=\"1500\" \/>\n\t<meta property=\"og:image:height\" content=\"1500\" \/>\n\t<meta property=\"og:image:type\" content=\"image\/webp\" \/>\n<meta name=\"twitter:card\" content=\"summary_large_image\" \/>\n<meta name=\"twitter:label1\" content=\"Gesch\u00e4tzte Lesezeit\" \/>\n\t<meta name=\"twitter:data1\" content=\"2\u00a0Minuten\" \/>\n<script type=\"application\/ld+json\" class=\"yoast-schema-graph\">{\"@context\":\"https:\\\/\\\/schema.org\",\"@graph\":[{\"@type\":\"WebPage\",\"@id\":\"https:\\\/\\\/revolutionpadelstore.com\\\/de\\\/produkt\\\/adidas-cross-it-carbon-ctrl-2025-1\\\/\",\"url\":\"https:\\\/\\\/revolutionpadelstore.com\\\/de\\\/produkt\\\/adidas-cross-it-carbon-ctrl-2025-1\\\/\",\"name\":\"ADIDAS CROSS IT CARBON CTRL 2025 - Revolution Padel Store\",\"isPartOf\":{\"@id\":\"https:\\\/\\\/revolutionpadelstore.com\\\/de\\\/#website\"},\"primaryImageOfPage\":{\"@id\":\"https:\\\/\\\/revolutionpadelstore.com\\\/de\\\/produkt\\\/adidas-cross-it-carbon-ctrl-2025-1\\\/#primaryimage\"},\"image\":{\"@id\":\"https:\\\/\\\/revolutionpadelstore.com\\\/de\\\/produkt\\\/adidas-cross-it-carbon-ctrl-2025-1\\\/#primaryimage\"},\"thumbnailUrl\":\"https:\\\/\\\/revolutionpadelstore.com\\\/wp-content\\\/uploads\\\/2024\\\/12\\\/113678-pala-adidas-cross-lt-carbon-ctrl-ar1ca7u121500x1500-1.webp\",\"datePublished\":\"2024-12-07T08:15:51+00:00\",\"dateModified\":\"2026-04-08T07:41:42+00:00\",\"description\":\"La Adidas Cross IT Carbon CTRL 2025 llega como una de las grandes novedades del a\u00f1o, dise\u00f1ada para los jugadores que buscan precisi\u00f3n y control en cada golpe. Este modelo se posiciona como un referente dentro de la gama Cross LT, combinando innovaci\u00f3n y materiales de alta calidad. Con un formato redondo que mejora la maniobrabilidad y tecnolog\u00edas avanzadas, garantiza una experiencia de juego inigualable.\",\"breadcrumb\":{\"@id\":\"https:\\\/\\\/revolutionpadelstore.com\\\/de\\\/produkt\\\/adidas-cross-it-carbon-ctrl-2025-1\\\/#breadcrumb\"},\"inLanguage\":\"de\",\"potentialAction\":[{\"@type\":\"ReadAction\",\"target\":[\"https:\\\/\\\/revolutionpadelstore.com\\\/de\\\/produkt\\\/adidas-cross-it-carbon-ctrl-2025-1\\\/\"]}]},{\"@type\":\"ImageObject\",\"inLanguage\":\"de\",\"@id\":\"https:\\\/\\\/revolutionpadelstore.com\\\/de\\\/produkt\\\/adidas-cross-it-carbon-ctrl-2025-1\\\/#primaryimage\",\"url\":\"https:\\\/\\\/revolutionpadelstore.com\\\/wp-content\\\/uploads\\\/2024\\\/12\\\/113678-pala-adidas-cross-lt-carbon-ctrl-ar1ca7u121500x1500-1.webp\",\"contentUrl\":\"https:\\\/\\\/revolutionpadelstore.com\\\/wp-content\\\/uploads\\\/2024\\\/12\\\/113678-pala-adidas-cross-lt-carbon-ctrl-ar1ca7u121500x1500-1.webp\",\"width\":1500,\"height\":1500},{\"@type\":\"BreadcrumbList\",\"@id\":\"https:\\\/\\\/revolutionpadelstore.com\\\/de\\\/produkt\\\/adidas-cross-it-carbon-ctrl-2025-1\\\/#breadcrumb\",\"itemListElement\":[{\"@type\":\"ListItem\",\"position\":1,\"name\":\"Portada\",\"item\":\"https:\\\/\\\/revolutionpadelstore.com\\\/de\\\/\"},{\"@type\":\"ListItem\",\"position\":2,\"name\":\"Shop\",\"item\":\"https:\\\/\\\/revolutionpadelstore.com\\\/de\\\/tienda\\\/\"},{\"@type\":\"ListItem\",\"position\":3,\"name\":\"ADIDAS CROSS IT CARBON CTRL 2025\"}]},{\"@type\":\"WebSite\",\"@id\":\"https:\\\/\\\/revolutionpadelstore.com\\\/de\\\/#website\",\"url\":\"https:\\\/\\\/revolutionpadelstore.com\\\/de\\\/\",\"name\":\"Revolution Padel Store\",\"description\":\"\",\"publisher\":{\"@id\":\"https:\\\/\\\/revolutionpadelstore.com\\\/de\\\/#organization\"},\"potentialAction\":[{\"@type\":\"SearchAction\",\"target\":{\"@type\":\"EntryPoint\",\"urlTemplate\":\"https:\\\/\\\/revolutionpadelstore.com\\\/de\\\/?s={search_term_string}\"},\"query-input\":{\"@type\":\"PropertyValueSpecification\",\"valueRequired\":true,\"valueName\":\"search_term_string\"}}],\"inLanguage\":\"de\"},{\"@type\":\"Organization\",\"@id\":\"https:\\\/\\\/revolutionpadelstore.com\\\/de\\\/#organization\",\"name\":\"Revolution Padel Store\",\"url\":\"https:\\\/\\\/revolutionpadelstore.com\\\/de\\\/\",\"logo\":{\"@type\":\"ImageObject\",\"inLanguage\":\"de\",\"@id\":\"https:\\\/\\\/revolutionpadelstore.com\\\/de\\\/#\\\/schema\\\/logo\\\/image\\\/\",\"url\":\"https:\\\/\\\/revolutionpadelstore.com\\\/wp-content\\\/uploads\\\/2026\\\/02\\\/revolution-padel-store.jpg\",\"contentUrl\":\"https:\\\/\\\/revolutionpadelstore.com\\\/wp-content\\\/uploads\\\/2026\\\/02\\\/revolution-padel-store.jpg\",\"width\":2000,\"height\":2000,\"caption\":\"Revolution Padel Store\"},\"image\":{\"@id\":\"https:\\\/\\\/revolutionpadelstore.com\\\/de\\\/#\\\/schema\\\/logo\\\/image\\\/\"},\"sameAs\":[\"https:\\\/\\\/www.instagram.com\\\/revolutionpadelstore\\\/\"]}]}<\/script>\n<!-- \/ Yoast SEO plugin. -->","yoast_head_json":{"title":"ADIDAS CROSS IT CARBON CTRL 2025 - Revolution Padel Store","description":"La Adidas Cross IT Carbon CTRL 2025 llega como una de las grandes novedades del a\u00f1o, dise\u00f1ada para los jugadores que buscan precisi\u00f3n y control en cada golpe. Este modelo se posiciona como un referente dentro de la gama Cross LT, combinando innovaci\u00f3n y materiales de alta calidad. Con un formato redondo que mejora la maniobrabilidad y tecnolog\u00edas avanzadas, garantiza una experiencia de juego inigualable.","robots":{"index":"index","follow":"follow","max-snippet":"max-snippet:-1","max-image-preview":"max-image-preview:large","max-video-preview":"max-video-preview:-1"},"canonical":"https:\/\/revolutionpadelstore.com\/de\/produkt\/adidas-cross-it-carbon-ctrl-2025-1\/","og_locale":"de_DE","og_type":"article","og_title":"ADIDAS CROSS IT CARBON CTRL 2025 - Revolution Padel Store","og_description":"La Adidas Cross IT Carbon CTRL 2025 llega como una de las grandes novedades del a\u00f1o, dise\u00f1ada para los jugadores que buscan precisi\u00f3n y control en cada golpe. Este modelo se posiciona como un referente dentro de la gama Cross LT, combinando innovaci\u00f3n y materiales de alta calidad. Con un formato redondo que mejora la maniobrabilidad y tecnolog\u00edas avanzadas, garantiza una experiencia de juego inigualable.","og_url":"https:\/\/revolutionpadelstore.com\/de\/produkt\/adidas-cross-it-carbon-ctrl-2025-1\/","og_site_name":"Revolution Padel Store","article_modified_time":"2026-04-08T07:41:42+00:00","og_image":[{"width":1500,"height":1500,"url":"https:\/\/revolutionpadelstore.com\/wp-content\/uploads\/2024\/12\/113678-pala-adidas-cross-lt-carbon-ctrl-ar1ca7u121500x1500-1.webp","type":"image\/webp"}],"twitter_card":"summary_large_image","twitter_misc":{"Gesch\u00e4tzte Lesezeit":"2\u00a0Minuten"},"schema":{"@context":"https:\/\/schema.org","@graph":[{"@type":"WebPage","@id":"https:\/\/revolutionpadelstore.com\/de\/produkt\/adidas-cross-it-carbon-ctrl-2025-1\/","url":"https:\/\/revolutionpadelstore.com\/de\/produkt\/adidas-cross-it-carbon-ctrl-2025-1\/","name":"ADIDAS CROSS IT CARBON CTRL 2025 - Revolution Padel Store","isPartOf":{"@id":"https:\/\/revolutionpadelstore.com\/de\/#website"},"primaryImageOfPage":{"@id":"https:\/\/revolutionpadelstore.com\/de\/produkt\/adidas-cross-it-carbon-ctrl-2025-1\/#primaryimage"},"image":{"@id":"https:\/\/revolutionpadelstore.com\/de\/produkt\/adidas-cross-it-carbon-ctrl-2025-1\/#primaryimage"},"thumbnailUrl":"https:\/\/revolutionpadelstore.com\/wp-content\/uploads\/2024\/12\/113678-pala-adidas-cross-lt-carbon-ctrl-ar1ca7u121500x1500-1.webp","datePublished":"2024-12-07T08:15:51+00:00","dateModified":"2026-04-08T07:41:42+00:00","description":"La Adidas Cross IT Carbon CTRL 2025 llega como una de las grandes novedades del a\u00f1o, dise\u00f1ada para los jugadores que buscan precisi\u00f3n y control en cada golpe. Este modelo se posiciona como un referente dentro de la gama Cross LT, combinando innovaci\u00f3n y materiales de alta calidad. Con un formato redondo que mejora la maniobrabilidad y tecnolog\u00edas avanzadas, garantiza una experiencia de juego inigualable.","breadcrumb":{"@id":"https:\/\/revolutionpadelstore.com\/de\/produkt\/adidas-cross-it-carbon-ctrl-2025-1\/#breadcrumb"},"inLanguage":"de","potentialAction":[{"@type":"ReadAction","target":["https:\/\/revolutionpadelstore.com\/de\/produkt\/adidas-cross-it-carbon-ctrl-2025-1\/"]}]},{"@type":"ImageObject","inLanguage":"de","@id":"https:\/\/revolutionpadelstore.com\/de\/produkt\/adidas-cross-it-carbon-ctrl-2025-1\/#primaryimage","url":"https:\/\/revolutionpadelstore.com\/wp-content\/uploads\/2024\/12\/113678-pala-adidas-cross-lt-carbon-ctrl-ar1ca7u121500x1500-1.webp","contentUrl":"https:\/\/revolutionpadelstore.com\/wp-content\/uploads\/2024\/12\/113678-pala-adidas-cross-lt-carbon-ctrl-ar1ca7u121500x1500-1.webp","width":1500,"height":1500},{"@type":"BreadcrumbList","@id":"https:\/\/revolutionpadelstore.com\/de\/produkt\/adidas-cross-it-carbon-ctrl-2025-1\/#breadcrumb","itemListElement":[{"@type":"ListItem","position":1,"name":"Portada","item":"https:\/\/revolutionpadelstore.com\/de\/"},{"@type":"ListItem","position":2,"name":"Shop","item":"https:\/\/revolutionpadelstore.com\/de\/tienda\/"},{"@type":"ListItem","position":3,"name":"ADIDAS CROSS IT CARBON CTRL 2025"}]},{"@type":"WebSite","@id":"https:\/\/revolutionpadelstore.com\/de\/#website","url":"https:\/\/revolutionpadelstore.com\/de\/","name":"Revolution Padel Store","description":"","publisher":{"@id":"https:\/\/revolutionpadelstore.com\/de\/#organization"},"potentialAction":[{"@type":"SearchAction","target":{"@type":"EntryPoint","urlTemplate":"https:\/\/revolutionpadelstore.com\/de\/?s={search_term_string}"},"query-input":{"@type":"PropertyValueSpecification","valueRequired":true,"valueName":"search_term_string"}}],"inLanguage":"de"},{"@type":"Organization","@id":"https:\/\/revolutionpadelstore.com\/de\/#organization","name":"Revolution Padel Store","url":"https:\/\/revolutionpadelstore.com\/de\/","logo":{"@type":"ImageObject","inLanguage":"de","@id":"https:\/\/revolutionpadelstore.com\/de\/#\/schema\/logo\/image\/","url":"https:\/\/revolutionpadelstore.com\/wp-content\/uploads\/2026\/02\/revolution-padel-store.jpg","contentUrl":"https:\/\/revolutionpadelstore.com\/wp-content\/uploads\/2026\/02\/revolution-padel-store.jpg","width":2000,"height":2000,"caption":"Revolution Padel Store"},"image":{"@id":"https:\/\/revolutionpadelstore.com\/de\/#\/schema\/logo\/image\/"},"sameAs":["https:\/\/www.instagram.com\/revolutionpadelstore\/"]}]}},"_links":{"self":[{"href":"https:\/\/revolutionpadelstore.com\/de\/wp-json\/wp\/v2\/product\/154637","targetHints":{"allow":["GET"]}}],"collection":[{"href":"https:\/\/revolutionpadelstore.com\/de\/wp-json\/wp\/v2\/product"}],"about":[{"href":"https:\/\/revolutionpadelstore.com\/de\/wp-json\/wp\/v2\/types\/product"}],"replies":[{"embeddable":true,"href":"https:\/\/revolutionpadelstore.com\/de\/wp-json\/wp\/v2\/comments?post=154637"}],"wp:featuredmedia":[{"embeddable":true,"href":"https:\/\/revolutionpadelstore.com\/de\/wp-json\/wp\/v2\/media\/153262"}],"wp:attachment":[{"href":"https:\/\/revolutionpadelstore.com\/de\/wp-json\/wp\/v2\/media?parent=154637"}],"wp:term":[{"taxonomy":"acabado","embeddable":true,"href":"https:\/\/revolutionpadelstore.com\/de\/wp-json\/wp\/v2\/acabado?post=154637"},{"taxonomy":"balance","embeddable":true,"href":"https:\/\/revolutionpadelstore.com\/de\/wp-json\/wp\/v2\/balance?post=154637"},{"taxonomy":"dureza","embeddable":true,"href":"https:\/\/revolutionpadelstore.com\/de\/wp-json\/wp\/v2\/dureza?post=154637"},{"taxonomy":"forma","embeddable":true,"href":"https:\/\/revolutionpadelstore.com\/de\/wp-json\/wp\/v2\/forma?post=154637"},{"taxonomy":"jugador","embeddable":true,"href":"https:\/\/revolutionpadelstore.com\/de\/wp-json\/wp\/v2\/jugador?post=154637"},{"taxonomy":"marca","embeddable":true,"href":"https:\/\/revolutionpadelstore.com\/de\/wp-json\/wp\/v2\/marca?post=154637"},{"taxonomy":"nivel-de-juego","embeddable":true,"href":"https:\/\/revolutionpadelstore.com\/de\/wp-json\/wp\/v2\/nivel-de-juego?post=154637"},{"taxonomy":"superficie","embeddable":true,"href":"https:\/\/revolutionpadelstore.com\/de\/wp-json\/wp\/v2\/superficie?post=154637"},{"taxonomy":"tipo-de-juego","embeddable":true,"href":"https:\/\/revolutionpadelstore.com\/de\/wp-json\/wp\/v2\/tipo-de-juego?post=154637"},{"taxonomy":"product_brand","embeddable":true,"href":"https:\/\/revolutionpadelstore.com\/de\/wp-json\/wp\/v2\/product_brand?post=154637"},{"taxonomy":"product_cat","embeddable":true,"href":"https:\/\/revolutionpadelstore.com\/de\/wp-json\/wp\/v2\/product_cat?post=154637"},{"taxonomy":"product_tag","embeddable":true,"href":"https:\/\/revolutionpadelstore.com\/de\/wp-json\/wp\/v2\/product_tag?post=154637"}],"curies":[{"name":"wp","href":"https:\/\/api.w.org\/{rel}","templated":true}]}}