{"id":154632,"date":"2024-12-07T09:35:06","date_gmt":"2024-12-07T08:35:06","guid":{"rendered":"https:\/\/revolutionpadelstore.com\/adidas-cross-it-3-4-2025\/"},"modified":"2026-04-08T09:41:13","modified_gmt":"2026-04-08T07:41:13","slug":"adidas-cross-it-3-4-2025-6","status":"publish","type":"product","link":"https:\/\/revolutionpadelstore.com\/de\/produkt\/adidas-cross-it-3-4-2025-6\/","title":{"rendered":"ADIDAS CROSS IT 3.4 2025"},"content":{"rendered":"<div id=\"zcmjc89rsmhrytmvocyap-user-mesage\" data-tabster=\"{\" ARIA-labelledBy=\"ZCMJC89RSMHryTMvocyap-User-Mensage\">\n<div class=\"flex w-full flex-col items-end\" data-konzenznt=\"user-message\"> <\/ div><br \/>\n<\/ div><\/p>\n<div data-tabster=\"{\" data-koncent=\"ai-message\">\n<div id=\"cbj6xchxcbipgkc8ggp2-konzenziert\" class=\"space-y-3-Break-Words\">\n<h2> <strong> adidas cross it 3.4 2025: Strom und Stil auf der Strecke!<br \/>\nDie <strong> adidas Cross It 3.4 2025 <\/strong> ist die Paddelschaufel, die Sie ben\u00f6tigen, um Ihr Spiel auf das n\u00e4chste Level zu bringen. Diese Klinge wurde entwickelt, um die Leistung und Man\u00f6vrierf\u00e4higkeit zu maximieren, und integriert innovative Technologien, die Sie auf der Strecke hervorheben. Mit einem modernen Design und einem \u00fcbergro\u00dfen Diamantformat werden Sie nicht nur gro\u00dfartig aussehen, sondern Sie werden auch eine \u00fcberlegene Leistung haben.<\/p>\n<h2> <strong> F\u00fcr fortgeschrittene Spieler <\/ strong> <\/ h2><br \/>\nWenn Sie ein hochrangiger Spieler sind, der versucht, seine St\u00e4rke und Technik optimal zu nutzen, ist diese Schaufel genau das Richtige f\u00fcr Sie. Die 15 -km -Konstruktion von 15 Karat aluminisierter Kohlenstoffkonstruktion und Eva -Gummi mit hoher Dichte garantiert einen soliden und starken Schlag. Dar\u00fcber hinaus erleichtert der zus\u00e4tzliche Grip -Griff, der l\u00e4nger als gew\u00f6hnlich ist, die Erzeugung von Tr\u00e4gheit, ideal f\u00fcr offensive Spieler, die nicht auf eine gute Kontrolle verzichten.<\/p>\n<h2> <strong> Eigenschaften und Technologien <\/ strong> <\/ h2><\/p>\n<p> <strong> -Dynamische Luftfluss <\/strong>: Weniger Luftwiderstand f\u00fcr eine bessere Man\u00f6vrierf\u00e4higkeit.<\/p>\n<p> <strong> -Power Extra Grip <\/strong>: verl\u00e4ngerter Griff, der Tr\u00e4gheit und Leistung in jedem Schlag erh\u00f6ht.<br \/>\n<P> <strong> -11 Dreizehn <\/strong>: Spezifische L\u00f6cher f\u00fcr gr\u00f6\u00dfere Starrheit und Haltbarkeit<br \/>\n<P> <strong> -Spin -Blattform <\/strong>: 3D -Relief, die den Kontakt verbessert und die Auswirkungen erh\u00f6ht.<\/p>\n<p> <strong> -Hight Memory Eva <\/strong>: Gummi mit hoher Dichte f\u00fcr maximale Leistung in schnellen Schl\u00e4gen.<\/p>\n<p> <strong> -Coditized Carbon 15K <\/strong>: Widerstand und Steifheit f\u00fcr Spieler, die die St\u00e4rke priorisieren<br \/>\n<P> <strong> -Oversize Diamond Shoe<\/p>\n<h2> <strong> erh\u00e4ltlich im Revolution Padel Store <\/ strong> <\/ h2><br \/>\nDie <strong> adidas cross IT 3.4 2025 <\/strong> ist ideal f\u00fcr diejenigen, die in jeder Partei nach hoher Leistung suchen. Mit seiner Kombination aus fortschrittlichen Technologien und attraktivem Design ist diese Schaufel der perfekte Verb\u00fcndete f\u00fcr Spieler, die das Spiel beherrschen m\u00f6chten.<\/p>\n<p><\/ div><br \/>\n<\/ div><\/p>\n","protected":false},"excerpt":{"rendered":"<p>Das Adidas Cross IT 3.4 2025 kombiniert Strom-, Steuerungs- und fortschrittliche Technologien wie Dynamic Air Flow und Spin Blade Form, ideal f\u00fcr Expertenspieler, die in jedem Spiel nach hoher Leistung suchen.<\/p>\n","protected":false},"featured_media":153311,"comment_status":"open","ping_status":"closed","template":"","meta":{"_acf_changed":false,"_joinchat":[]},"acabado":[1089],"balance":[1134],"dureza":[1159],"forma":[1169],"jugador":[1194],"marca":[1229],"nivel-de-juego":[1334],"superficie":[1359],"tipo-de-juego":[1374],"product_brand":[],"product_cat":[299],"product_tag":[],"class_list":{"0":"post-154632","1":"product","2":"type-product","3":"status-publish","4":"has-post-thumbnail","6":"acabado-3d-entlasten","7":"balance-hoch","8":"dureza-dura-de","9":"forma-diamante-de","10":"jugador-frau","11":"marca-adidas-de","12":"superficie-rugosa-de","13":"tipo-de-juego-leistung","14":"product_cat-palas-de-padel-de","16":"first","17":"instock","18":"sale","19":"taxable","20":"shipping-taxable","21":"purchasable","22":"product-type-simple"},"acf":[],"yoast_head":"<!-- This site is optimized with the Yoast SEO plugin v27.4 - https:\/\/yoast.com\/product\/yoast-seo-wordpress\/ -->\n<title>ADIDAS CROSS IT 3.4 2025 - Revolution Padel Store<\/title>\n<meta name=\"description\" content=\"La Adidas Cross IT 3.4 2025 es una pala de p\u00e1del dise\u00f1ada para maximizar potencia y maniobrabilidad, integrando tecnolog\u00edas innovadoras para elevar el rendimiento en la pista. Con un dise\u00f1o moderno y un formato diamante oversize, esta pala no solo destaca por su aspecto, sino tambi\u00e9n por sus prestaciones avanzadas, que combinan potencia y control para jugadores exigentes.\" \/>\n<meta name=\"robots\" content=\"index, follow, max-snippet:-1, max-image-preview:large, max-video-preview:-1\" \/>\n<link rel=\"canonical\" href=\"https:\/\/revolutionpadelstore.com\/de\/produkt\/adidas-cross-it-3-4-2025-6\/\" \/>\n<meta property=\"og:locale\" content=\"de_DE\" \/>\n<meta property=\"og:type\" content=\"article\" \/>\n<meta property=\"og:title\" content=\"ADIDAS CROSS IT 3.4 2025 - Revolution Padel Store\" \/>\n<meta property=\"og:description\" content=\"La Adidas Cross IT 3.4 2025 es una pala de p\u00e1del dise\u00f1ada para maximizar potencia y maniobrabilidad, integrando tecnolog\u00edas innovadoras para elevar el rendimiento en la pista. Con un dise\u00f1o moderno y un formato diamante oversize, esta pala no solo destaca por su aspecto, sino tambi\u00e9n por sus prestaciones avanzadas, que combinan potencia y control para jugadores exigentes.\" \/>\n<meta property=\"og:url\" content=\"https:\/\/revolutionpadelstore.com\/de\/produkt\/adidas-cross-it-3-4-2025-6\/\" \/>\n<meta property=\"og:site_name\" content=\"Revolution Padel Store\" \/>\n<meta property=\"article:modified_time\" content=\"2026-04-08T07:41:13+00:00\" \/>\n<meta property=\"og:image\" content=\"https:\/\/revolutionpadelstore.com\/wp-content\/uploads\/2024\/12\/113677-pala-adidas-cross-lt-3-4-ar1aa3u231500x1500-1.webp\" \/>\n\t<meta property=\"og:image:width\" content=\"1500\" \/>\n\t<meta property=\"og:image:height\" content=\"1500\" \/>\n\t<meta property=\"og:image:type\" content=\"image\/webp\" \/>\n<meta name=\"twitter:card\" content=\"summary_large_image\" \/>\n<meta name=\"twitter:label1\" content=\"Gesch\u00e4tzte Lesezeit\" \/>\n\t<meta name=\"twitter:data1\" content=\"1\u00a0Minute\" \/>\n<script type=\"application\/ld+json\" class=\"yoast-schema-graph\">{\"@context\":\"https:\\\/\\\/schema.org\",\"@graph\":[{\"@type\":\"WebPage\",\"@id\":\"https:\\\/\\\/revolutionpadelstore.com\\\/de\\\/produkt\\\/adidas-cross-it-3-4-2025-6\\\/\",\"url\":\"https:\\\/\\\/revolutionpadelstore.com\\\/de\\\/produkt\\\/adidas-cross-it-3-4-2025-6\\\/\",\"name\":\"ADIDAS CROSS IT 3.4 2025 - Revolution Padel Store\",\"isPartOf\":{\"@id\":\"https:\\\/\\\/revolutionpadelstore.com\\\/de\\\/#website\"},\"primaryImageOfPage\":{\"@id\":\"https:\\\/\\\/revolutionpadelstore.com\\\/de\\\/produkt\\\/adidas-cross-it-3-4-2025-6\\\/#primaryimage\"},\"image\":{\"@id\":\"https:\\\/\\\/revolutionpadelstore.com\\\/de\\\/produkt\\\/adidas-cross-it-3-4-2025-6\\\/#primaryimage\"},\"thumbnailUrl\":\"https:\\\/\\\/revolutionpadelstore.com\\\/wp-content\\\/uploads\\\/2024\\\/12\\\/113677-pala-adidas-cross-lt-3-4-ar1aa3u231500x1500-1.webp\",\"datePublished\":\"2024-12-07T08:35:06+00:00\",\"dateModified\":\"2026-04-08T07:41:13+00:00\",\"description\":\"La Adidas Cross IT 3.4 2025 es una pala de p\u00e1del dise\u00f1ada para maximizar potencia y maniobrabilidad, integrando tecnolog\u00edas innovadoras para elevar el rendimiento en la pista. Con un dise\u00f1o moderno y un formato diamante oversize, esta pala no solo destaca por su aspecto, sino tambi\u00e9n por sus prestaciones avanzadas, que combinan potencia y control para jugadores exigentes.\",\"breadcrumb\":{\"@id\":\"https:\\\/\\\/revolutionpadelstore.com\\\/de\\\/produkt\\\/adidas-cross-it-3-4-2025-6\\\/#breadcrumb\"},\"inLanguage\":\"de\",\"potentialAction\":[{\"@type\":\"ReadAction\",\"target\":[\"https:\\\/\\\/revolutionpadelstore.com\\\/de\\\/produkt\\\/adidas-cross-it-3-4-2025-6\\\/\"]}]},{\"@type\":\"ImageObject\",\"inLanguage\":\"de\",\"@id\":\"https:\\\/\\\/revolutionpadelstore.com\\\/de\\\/produkt\\\/adidas-cross-it-3-4-2025-6\\\/#primaryimage\",\"url\":\"https:\\\/\\\/revolutionpadelstore.com\\\/wp-content\\\/uploads\\\/2024\\\/12\\\/113677-pala-adidas-cross-lt-3-4-ar1aa3u231500x1500-1.webp\",\"contentUrl\":\"https:\\\/\\\/revolutionpadelstore.com\\\/wp-content\\\/uploads\\\/2024\\\/12\\\/113677-pala-adidas-cross-lt-3-4-ar1aa3u231500x1500-1.webp\",\"width\":1500,\"height\":1500},{\"@type\":\"BreadcrumbList\",\"@id\":\"https:\\\/\\\/revolutionpadelstore.com\\\/de\\\/produkt\\\/adidas-cross-it-3-4-2025-6\\\/#breadcrumb\",\"itemListElement\":[{\"@type\":\"ListItem\",\"position\":1,\"name\":\"Portada\",\"item\":\"https:\\\/\\\/revolutionpadelstore.com\\\/de\\\/\"},{\"@type\":\"ListItem\",\"position\":2,\"name\":\"Shop\",\"item\":\"https:\\\/\\\/revolutionpadelstore.com\\\/de\\\/tienda\\\/\"},{\"@type\":\"ListItem\",\"position\":3,\"name\":\"ADIDAS CROSS IT 3.4 2025\"}]},{\"@type\":\"WebSite\",\"@id\":\"https:\\\/\\\/revolutionpadelstore.com\\\/de\\\/#website\",\"url\":\"https:\\\/\\\/revolutionpadelstore.com\\\/de\\\/\",\"name\":\"Revolution Padel Store\",\"description\":\"\",\"publisher\":{\"@id\":\"https:\\\/\\\/revolutionpadelstore.com\\\/de\\\/#organization\"},\"potentialAction\":[{\"@type\":\"SearchAction\",\"target\":{\"@type\":\"EntryPoint\",\"urlTemplate\":\"https:\\\/\\\/revolutionpadelstore.com\\\/de\\\/?s={search_term_string}\"},\"query-input\":{\"@type\":\"PropertyValueSpecification\",\"valueRequired\":true,\"valueName\":\"search_term_string\"}}],\"inLanguage\":\"de\"},{\"@type\":\"Organization\",\"@id\":\"https:\\\/\\\/revolutionpadelstore.com\\\/de\\\/#organization\",\"name\":\"Revolution Padel Store\",\"url\":\"https:\\\/\\\/revolutionpadelstore.com\\\/de\\\/\",\"logo\":{\"@type\":\"ImageObject\",\"inLanguage\":\"de\",\"@id\":\"https:\\\/\\\/revolutionpadelstore.com\\\/de\\\/#\\\/schema\\\/logo\\\/image\\\/\",\"url\":\"https:\\\/\\\/revolutionpadelstore.com\\\/wp-content\\\/uploads\\\/2026\\\/02\\\/revolution-padel-store.jpg\",\"contentUrl\":\"https:\\\/\\\/revolutionpadelstore.com\\\/wp-content\\\/uploads\\\/2026\\\/02\\\/revolution-padel-store.jpg\",\"width\":2000,\"height\":2000,\"caption\":\"Revolution Padel Store\"},\"image\":{\"@id\":\"https:\\\/\\\/revolutionpadelstore.com\\\/de\\\/#\\\/schema\\\/logo\\\/image\\\/\"},\"sameAs\":[\"https:\\\/\\\/www.instagram.com\\\/revolutionpadelstore\\\/\"]}]}<\/script>\n<!-- \/ Yoast SEO plugin. -->","yoast_head_json":{"title":"ADIDAS CROSS IT 3.4 2025 - Revolution Padel Store","description":"La Adidas Cross IT 3.4 2025 es una pala de p\u00e1del dise\u00f1ada para maximizar potencia y maniobrabilidad, integrando tecnolog\u00edas innovadoras para elevar el rendimiento en la pista. Con un dise\u00f1o moderno y un formato diamante oversize, esta pala no solo destaca por su aspecto, sino tambi\u00e9n por sus prestaciones avanzadas, que combinan potencia y control para jugadores exigentes.","robots":{"index":"index","follow":"follow","max-snippet":"max-snippet:-1","max-image-preview":"max-image-preview:large","max-video-preview":"max-video-preview:-1"},"canonical":"https:\/\/revolutionpadelstore.com\/de\/produkt\/adidas-cross-it-3-4-2025-6\/","og_locale":"de_DE","og_type":"article","og_title":"ADIDAS CROSS IT 3.4 2025 - Revolution Padel Store","og_description":"La Adidas Cross IT 3.4 2025 es una pala de p\u00e1del dise\u00f1ada para maximizar potencia y maniobrabilidad, integrando tecnolog\u00edas innovadoras para elevar el rendimiento en la pista. Con un dise\u00f1o moderno y un formato diamante oversize, esta pala no solo destaca por su aspecto, sino tambi\u00e9n por sus prestaciones avanzadas, que combinan potencia y control para jugadores exigentes.","og_url":"https:\/\/revolutionpadelstore.com\/de\/produkt\/adidas-cross-it-3-4-2025-6\/","og_site_name":"Revolution Padel Store","article_modified_time":"2026-04-08T07:41:13+00:00","og_image":[{"width":1500,"height":1500,"url":"https:\/\/revolutionpadelstore.com\/wp-content\/uploads\/2024\/12\/113677-pala-adidas-cross-lt-3-4-ar1aa3u231500x1500-1.webp","type":"image\/webp"}],"twitter_card":"summary_large_image","twitter_misc":{"Gesch\u00e4tzte Lesezeit":"1\u00a0Minute"},"schema":{"@context":"https:\/\/schema.org","@graph":[{"@type":"WebPage","@id":"https:\/\/revolutionpadelstore.com\/de\/produkt\/adidas-cross-it-3-4-2025-6\/","url":"https:\/\/revolutionpadelstore.com\/de\/produkt\/adidas-cross-it-3-4-2025-6\/","name":"ADIDAS CROSS IT 3.4 2025 - Revolution Padel Store","isPartOf":{"@id":"https:\/\/revolutionpadelstore.com\/de\/#website"},"primaryImageOfPage":{"@id":"https:\/\/revolutionpadelstore.com\/de\/produkt\/adidas-cross-it-3-4-2025-6\/#primaryimage"},"image":{"@id":"https:\/\/revolutionpadelstore.com\/de\/produkt\/adidas-cross-it-3-4-2025-6\/#primaryimage"},"thumbnailUrl":"https:\/\/revolutionpadelstore.com\/wp-content\/uploads\/2024\/12\/113677-pala-adidas-cross-lt-3-4-ar1aa3u231500x1500-1.webp","datePublished":"2024-12-07T08:35:06+00:00","dateModified":"2026-04-08T07:41:13+00:00","description":"La Adidas Cross IT 3.4 2025 es una pala de p\u00e1del dise\u00f1ada para maximizar potencia y maniobrabilidad, integrando tecnolog\u00edas innovadoras para elevar el rendimiento en la pista. Con un dise\u00f1o moderno y un formato diamante oversize, esta pala no solo destaca por su aspecto, sino tambi\u00e9n por sus prestaciones avanzadas, que combinan potencia y control para jugadores exigentes.","breadcrumb":{"@id":"https:\/\/revolutionpadelstore.com\/de\/produkt\/adidas-cross-it-3-4-2025-6\/#breadcrumb"},"inLanguage":"de","potentialAction":[{"@type":"ReadAction","target":["https:\/\/revolutionpadelstore.com\/de\/produkt\/adidas-cross-it-3-4-2025-6\/"]}]},{"@type":"ImageObject","inLanguage":"de","@id":"https:\/\/revolutionpadelstore.com\/de\/produkt\/adidas-cross-it-3-4-2025-6\/#primaryimage","url":"https:\/\/revolutionpadelstore.com\/wp-content\/uploads\/2024\/12\/113677-pala-adidas-cross-lt-3-4-ar1aa3u231500x1500-1.webp","contentUrl":"https:\/\/revolutionpadelstore.com\/wp-content\/uploads\/2024\/12\/113677-pala-adidas-cross-lt-3-4-ar1aa3u231500x1500-1.webp","width":1500,"height":1500},{"@type":"BreadcrumbList","@id":"https:\/\/revolutionpadelstore.com\/de\/produkt\/adidas-cross-it-3-4-2025-6\/#breadcrumb","itemListElement":[{"@type":"ListItem","position":1,"name":"Portada","item":"https:\/\/revolutionpadelstore.com\/de\/"},{"@type":"ListItem","position":2,"name":"Shop","item":"https:\/\/revolutionpadelstore.com\/de\/tienda\/"},{"@type":"ListItem","position":3,"name":"ADIDAS CROSS IT 3.4 2025"}]},{"@type":"WebSite","@id":"https:\/\/revolutionpadelstore.com\/de\/#website","url":"https:\/\/revolutionpadelstore.com\/de\/","name":"Revolution Padel Store","description":"","publisher":{"@id":"https:\/\/revolutionpadelstore.com\/de\/#organization"},"potentialAction":[{"@type":"SearchAction","target":{"@type":"EntryPoint","urlTemplate":"https:\/\/revolutionpadelstore.com\/de\/?s={search_term_string}"},"query-input":{"@type":"PropertyValueSpecification","valueRequired":true,"valueName":"search_term_string"}}],"inLanguage":"de"},{"@type":"Organization","@id":"https:\/\/revolutionpadelstore.com\/de\/#organization","name":"Revolution Padel Store","url":"https:\/\/revolutionpadelstore.com\/de\/","logo":{"@type":"ImageObject","inLanguage":"de","@id":"https:\/\/revolutionpadelstore.com\/de\/#\/schema\/logo\/image\/","url":"https:\/\/revolutionpadelstore.com\/wp-content\/uploads\/2026\/02\/revolution-padel-store.jpg","contentUrl":"https:\/\/revolutionpadelstore.com\/wp-content\/uploads\/2026\/02\/revolution-padel-store.jpg","width":2000,"height":2000,"caption":"Revolution Padel Store"},"image":{"@id":"https:\/\/revolutionpadelstore.com\/de\/#\/schema\/logo\/image\/"},"sameAs":["https:\/\/www.instagram.com\/revolutionpadelstore\/"]}]}},"_links":{"self":[{"href":"https:\/\/revolutionpadelstore.com\/de\/wp-json\/wp\/v2\/product\/154632","targetHints":{"allow":["GET"]}}],"collection":[{"href":"https:\/\/revolutionpadelstore.com\/de\/wp-json\/wp\/v2\/product"}],"about":[{"href":"https:\/\/revolutionpadelstore.com\/de\/wp-json\/wp\/v2\/types\/product"}],"replies":[{"embeddable":true,"href":"https:\/\/revolutionpadelstore.com\/de\/wp-json\/wp\/v2\/comments?post=154632"}],"wp:featuredmedia":[{"embeddable":true,"href":"https:\/\/revolutionpadelstore.com\/de\/wp-json\/wp\/v2\/media\/153311"}],"wp:attachment":[{"href":"https:\/\/revolutionpadelstore.com\/de\/wp-json\/wp\/v2\/media?parent=154632"}],"wp:term":[{"taxonomy":"acabado","embeddable":true,"href":"https:\/\/revolutionpadelstore.com\/de\/wp-json\/wp\/v2\/acabado?post=154632"},{"taxonomy":"balance","embeddable":true,"href":"https:\/\/revolutionpadelstore.com\/de\/wp-json\/wp\/v2\/balance?post=154632"},{"taxonomy":"dureza","embeddable":true,"href":"https:\/\/revolutionpadelstore.com\/de\/wp-json\/wp\/v2\/dureza?post=154632"},{"taxonomy":"forma","embeddable":true,"href":"https:\/\/revolutionpadelstore.com\/de\/wp-json\/wp\/v2\/forma?post=154632"},{"taxonomy":"jugador","embeddable":true,"href":"https:\/\/revolutionpadelstore.com\/de\/wp-json\/wp\/v2\/jugador?post=154632"},{"taxonomy":"marca","embeddable":true,"href":"https:\/\/revolutionpadelstore.com\/de\/wp-json\/wp\/v2\/marca?post=154632"},{"taxonomy":"nivel-de-juego","embeddable":true,"href":"https:\/\/revolutionpadelstore.com\/de\/wp-json\/wp\/v2\/nivel-de-juego?post=154632"},{"taxonomy":"superficie","embeddable":true,"href":"https:\/\/revolutionpadelstore.com\/de\/wp-json\/wp\/v2\/superficie?post=154632"},{"taxonomy":"tipo-de-juego","embeddable":true,"href":"https:\/\/revolutionpadelstore.com\/de\/wp-json\/wp\/v2\/tipo-de-juego?post=154632"},{"taxonomy":"product_brand","embeddable":true,"href":"https:\/\/revolutionpadelstore.com\/de\/wp-json\/wp\/v2\/product_brand?post=154632"},{"taxonomy":"product_cat","embeddable":true,"href":"https:\/\/revolutionpadelstore.com\/de\/wp-json\/wp\/v2\/product_cat?post=154632"},{"taxonomy":"product_tag","embeddable":true,"href":"https:\/\/revolutionpadelstore.com\/de\/wp-json\/wp\/v2\/product_tag?post=154632"}],"curies":[{"name":"wp","href":"https:\/\/api.w.org\/{rel}","templated":true}]}}