{"id":154627,"date":"2024-12-08T10:49:51","date_gmt":"2024-12-08T09:49:51","guid":{"rendered":"https:\/\/revolutionpadelstore.com\/adidas-adipower-carbon-ctrl-2025\/"},"modified":"2026-04-08T09:40:14","modified_gmt":"2026-04-08T07:40:14","slug":"adidas-adipower-carbon-ctrl-2025-1","status":"publish","type":"product","link":"https:\/\/revolutionpadelstore.com\/de\/produkt\/adidas-adipower-carbon-ctrl-2025-1\/","title":{"rendered":"ADIDAS ADIPOWER CARBON CTRL 2025"},"content":{"rendered":"<h2> <strong> Adidas Adipower Carbon Strg 2025: Die perfekte Schaufel f\u00fcr Kontrolle und Pr\u00e4zision <\/ strong> <\/ h2><br \/>\nDer <strong> adidas Adipower Carbon Strg 2025 <\/strong> ist eine runde Formatschaufel, die f\u00fcr diejenigen entwickelt wurde, die eine \u00fcberlegene Kontrolle suchen, ohne Kraft oder Haltbarkeit zu beeintr\u00e4chtigen. Dieses Modell kombiniert Adidas Advanced Technologies mit einem eleganten Design in Schwarz, Silber und Wei\u00df, das Qualit\u00e4t und Professionalit\u00e4t widerspiegelt. Perfekt f\u00fcr Spieler, die in jedem Schlag Pr\u00e4zision und Stabilit\u00e4t w\u00fcnschen.<\/p>\n<h2> <strong> Paddelklinge f\u00fcr fortgeschrittene Spieler <\/ strong> <\/ h2><br \/>\nBesonders f\u00fcr Spieler mit hoher Ebene erstellt, wird der <strong> Adipower Carbon Strg 2025 <\/strong> f\u00fcr den intensiven Gebrauch optimiert. Das runde Format konzentriert das Gewicht im Griff, verbessert die Man\u00f6vrierf\u00e4higkeit und erm\u00f6glicht agile und kontrollierte Bewegungen. Es ist ideal f\u00fcr diejenigen, die Pr\u00e4zision in defensiven Schl\u00e4gen priorisieren und versuchen, Effekte mit Gesamtkontrolle zu erzielen.<\/p>\n<h2> <strong> Schl\u00fcsselspezifikationen und -technologien <\/ strong> <\/ h2><\/p>\n<p> <strong> -Format: <\/strong> rund, so gestaltet, dass die Kontrolle und Pr\u00e4zision maximiert werden.<\/p>\n<p> <strong> -Peso: <\/strong> Zwischen 360 und 375 Gramm, ideal f\u00fcr fortgeschrittene Spieler, die nach Stabilit\u00e4t suchen.<\/p>\n<p> <strong> -Nucole: <\/strong> eva weiche Leistung, was die Kugelausgabe verbessert und Komfort in der Wirkung bietet.<\/p>\n<p> <strong> -Uperficie: <\/strong> Carbon 18K, das Widerstand und Kraft in jedem Schlag kombiniert<br \/>\n<P> <strong> -Dales Exoskelett: <\/strong> verst\u00e4rkt den Rahmen und den Kern und sorgt f\u00fcr eine gr\u00f6\u00dfere Starrheit und Stabilit\u00e4t.<br \/>\n<P> <strong> -Power Ambossse Ridge: <\/strong> Strategische Verst\u00e4rkungen innerhalb des Rahmens, die die Kraft in offensiven Schl\u00e4gen erh\u00f6hen.<br \/>\n<P> <strong> -Spin -Blattform: <\/strong> 3D -Textur, um die Erzeugung von Effekten zu erleichtern<\/p>\n<p> <strong> -Smart -L\u00f6cher Kurve: <\/strong> L\u00f6cher Design optimiert, um die Kontrolle und die Auswirkungen zu erh\u00f6hen.<\/p>\n<h2> <strong> erh\u00e4ltlich im Revolution Padel Store <\/ strong> <\/ h2><br \/>\nDer <strong> Adidas Adipower Carbon Strg 2025 <\/strong> ist die perfekte Schaufel f\u00fcr fortgeschrittene Spieler, die ihr Spiel auf die n\u00e4chste Stufe bringen m\u00f6chten. Es kombiniert Pr\u00e4zision, Macht und staatliche Technologien, um ein au\u00dfergew\u00f6hnliches Spielerlebnis in jedem Spiel zu gew\u00e4hrleisten.<\/p>\n<h2><strong>Adidas Adipower Carbon CTRL 2025: la pala perfecta para el control y precisi\u00f3n<\/strong><\/p>\n","protected":false},"excerpt":{"rendered":"<p>Die <strong> adidas Adipower Carbon Strg 2025 <\/strong> zeichnet sich aus, um au\u00dfergew\u00f6hnliche Kontrolle und un\u00fcbertroffene Pr\u00e4zision zu gew\u00e4hrleisten und die fortschrittlichsten Technologien zu integrieren. Es ist die ideale Wahl f\u00fcr erfahrene Spieler, die in jeder Bewegung Beweglichkeit, Kraft und Haltbarkeit kombinieren m\u00f6chten.<strong>Adidas Adipower Carbon CTRL 2025<\/strong><\/p>\n","protected":false},"featured_media":153424,"comment_status":"open","ping_status":"closed","template":"","meta":{"_acf_changed":false,"_joinchat":[]},"acabado":[1089],"balance":[1144],"dureza":[1154],"forma":[1179],"jugador":[1189,1199],"marca":[1229],"nivel-de-juego":[1334],"superficie":[],"tipo-de-juego":[1369],"product_brand":[],"product_cat":[299],"product_tag":[],"class_list":{"0":"post-154627","1":"product","2":"type-product","3":"status-publish","4":"has-post-thumbnail","6":"acabado-3d-entlasten","7":"balance-niedrig","8":"dureza-media-de","9":"forma-rund","10":"jugador-mann","11":"jugador-mehrzweck","12":"marca-adidas-de","13":"tipo-de-juego-kontrolle","14":"product_cat-palas-de-padel-de","16":"first","17":"instock","18":"sale","19":"taxable","20":"shipping-taxable","21":"purchasable","22":"product-type-simple"},"acf":[],"yoast_head":"<!-- This site is optimized with the Yoast SEO plugin v27.4 - https:\/\/yoast.com\/product\/yoast-seo-wordpress\/ -->\n<title>ADIDAS ADIPOWER CARBON CTRL 2025 - Revolution Padel Store<\/title>\n<meta name=\"description\" content=\"La Adidas Adipower Carbon CTRL 2025 es una pala de p\u00e1del de formato redondo, dise\u00f1ada para quienes buscan un control superior sin sacrificar potencia ni durabilidad. Este modelo combina tecnolog\u00edas avanzadas de Adidas con un dise\u00f1o elegante en negro, plata y blanco, reflejando calidad y profesionalismo. Perfecta para jugadores que desean precisi\u00f3n y estabilidad en cada golpe.\" \/>\n<meta name=\"robots\" content=\"index, follow, max-snippet:-1, max-image-preview:large, max-video-preview:-1\" \/>\n<link rel=\"canonical\" href=\"https:\/\/revolutionpadelstore.com\/de\/produkt\/adidas-adipower-carbon-ctrl-2025-1\/\" \/>\n<meta property=\"og:locale\" content=\"de_DE\" \/>\n<meta property=\"og:type\" content=\"article\" \/>\n<meta property=\"og:title\" content=\"ADIDAS ADIPOWER CARBON CTRL 2025 - Revolution Padel Store\" \/>\n<meta property=\"og:description\" content=\"La Adidas Adipower Carbon CTRL 2025 es una pala de p\u00e1del de formato redondo, dise\u00f1ada para quienes buscan un control superior sin sacrificar potencia ni durabilidad. Este modelo combina tecnolog\u00edas avanzadas de Adidas con un dise\u00f1o elegante en negro, plata y blanco, reflejando calidad y profesionalismo. Perfecta para jugadores que desean precisi\u00f3n y estabilidad en cada golpe.\" \/>\n<meta property=\"og:url\" content=\"https:\/\/revolutionpadelstore.com\/de\/produkt\/adidas-adipower-carbon-ctrl-2025-1\/\" \/>\n<meta property=\"og:site_name\" content=\"Revolution Padel Store\" \/>\n<meta property=\"article:modified_time\" content=\"2026-04-08T07:40:14+00:00\" \/>\n<meta property=\"og:image\" content=\"https:\/\/revolutionpadelstore.com\/wp-content\/uploads\/2024\/12\/113673-pala-adidas-adipower-carbon-ctrl-ar1ca3u381500x1500-1.webp\" \/>\n\t<meta property=\"og:image:width\" content=\"1500\" \/>\n\t<meta property=\"og:image:height\" content=\"1500\" \/>\n\t<meta property=\"og:image:type\" content=\"image\/webp\" \/>\n<meta name=\"twitter:card\" content=\"summary_large_image\" \/>\n<meta name=\"twitter:label1\" content=\"Gesch\u00e4tzte Lesezeit\" \/>\n\t<meta name=\"twitter:data1\" content=\"2\u00a0Minuten\" \/>\n<script type=\"application\/ld+json\" class=\"yoast-schema-graph\">{\"@context\":\"https:\\\/\\\/schema.org\",\"@graph\":[{\"@type\":\"WebPage\",\"@id\":\"https:\\\/\\\/revolutionpadelstore.com\\\/de\\\/produkt\\\/adidas-adipower-carbon-ctrl-2025-1\\\/\",\"url\":\"https:\\\/\\\/revolutionpadelstore.com\\\/de\\\/produkt\\\/adidas-adipower-carbon-ctrl-2025-1\\\/\",\"name\":\"ADIDAS ADIPOWER CARBON CTRL 2025 - Revolution Padel Store\",\"isPartOf\":{\"@id\":\"https:\\\/\\\/revolutionpadelstore.com\\\/de\\\/#website\"},\"primaryImageOfPage\":{\"@id\":\"https:\\\/\\\/revolutionpadelstore.com\\\/de\\\/produkt\\\/adidas-adipower-carbon-ctrl-2025-1\\\/#primaryimage\"},\"image\":{\"@id\":\"https:\\\/\\\/revolutionpadelstore.com\\\/de\\\/produkt\\\/adidas-adipower-carbon-ctrl-2025-1\\\/#primaryimage\"},\"thumbnailUrl\":\"https:\\\/\\\/revolutionpadelstore.com\\\/wp-content\\\/uploads\\\/2024\\\/12\\\/113673-pala-adidas-adipower-carbon-ctrl-ar1ca3u381500x1500-1.webp\",\"datePublished\":\"2024-12-08T09:49:51+00:00\",\"dateModified\":\"2026-04-08T07:40:14+00:00\",\"description\":\"La Adidas Adipower Carbon CTRL 2025 es una pala de p\u00e1del de formato redondo, dise\u00f1ada para quienes buscan un control superior sin sacrificar potencia ni durabilidad. Este modelo combina tecnolog\u00edas avanzadas de Adidas con un dise\u00f1o elegante en negro, plata y blanco, reflejando calidad y profesionalismo. Perfecta para jugadores que desean precisi\u00f3n y estabilidad en cada golpe.\",\"breadcrumb\":{\"@id\":\"https:\\\/\\\/revolutionpadelstore.com\\\/de\\\/produkt\\\/adidas-adipower-carbon-ctrl-2025-1\\\/#breadcrumb\"},\"inLanguage\":\"de\",\"potentialAction\":[{\"@type\":\"ReadAction\",\"target\":[\"https:\\\/\\\/revolutionpadelstore.com\\\/de\\\/produkt\\\/adidas-adipower-carbon-ctrl-2025-1\\\/\"]}]},{\"@type\":\"ImageObject\",\"inLanguage\":\"de\",\"@id\":\"https:\\\/\\\/revolutionpadelstore.com\\\/de\\\/produkt\\\/adidas-adipower-carbon-ctrl-2025-1\\\/#primaryimage\",\"url\":\"https:\\\/\\\/revolutionpadelstore.com\\\/wp-content\\\/uploads\\\/2024\\\/12\\\/113673-pala-adidas-adipower-carbon-ctrl-ar1ca3u381500x1500-1.webp\",\"contentUrl\":\"https:\\\/\\\/revolutionpadelstore.com\\\/wp-content\\\/uploads\\\/2024\\\/12\\\/113673-pala-adidas-adipower-carbon-ctrl-ar1ca3u381500x1500-1.webp\",\"width\":1500,\"height\":1500},{\"@type\":\"BreadcrumbList\",\"@id\":\"https:\\\/\\\/revolutionpadelstore.com\\\/de\\\/produkt\\\/adidas-adipower-carbon-ctrl-2025-1\\\/#breadcrumb\",\"itemListElement\":[{\"@type\":\"ListItem\",\"position\":1,\"name\":\"Portada\",\"item\":\"https:\\\/\\\/revolutionpadelstore.com\\\/de\\\/\"},{\"@type\":\"ListItem\",\"position\":2,\"name\":\"Shop\",\"item\":\"https:\\\/\\\/revolutionpadelstore.com\\\/de\\\/tienda\\\/\"},{\"@type\":\"ListItem\",\"position\":3,\"name\":\"ADIDAS ADIPOWER CARBON CTRL 2025\"}]},{\"@type\":\"WebSite\",\"@id\":\"https:\\\/\\\/revolutionpadelstore.com\\\/de\\\/#website\",\"url\":\"https:\\\/\\\/revolutionpadelstore.com\\\/de\\\/\",\"name\":\"Revolution Padel Store\",\"description\":\"\",\"publisher\":{\"@id\":\"https:\\\/\\\/revolutionpadelstore.com\\\/de\\\/#organization\"},\"potentialAction\":[{\"@type\":\"SearchAction\",\"target\":{\"@type\":\"EntryPoint\",\"urlTemplate\":\"https:\\\/\\\/revolutionpadelstore.com\\\/de\\\/?s={search_term_string}\"},\"query-input\":{\"@type\":\"PropertyValueSpecification\",\"valueRequired\":true,\"valueName\":\"search_term_string\"}}],\"inLanguage\":\"de\"},{\"@type\":\"Organization\",\"@id\":\"https:\\\/\\\/revolutionpadelstore.com\\\/de\\\/#organization\",\"name\":\"Revolution Padel Store\",\"url\":\"https:\\\/\\\/revolutionpadelstore.com\\\/de\\\/\",\"logo\":{\"@type\":\"ImageObject\",\"inLanguage\":\"de\",\"@id\":\"https:\\\/\\\/revolutionpadelstore.com\\\/de\\\/#\\\/schema\\\/logo\\\/image\\\/\",\"url\":\"https:\\\/\\\/revolutionpadelstore.com\\\/wp-content\\\/uploads\\\/2026\\\/02\\\/revolution-padel-store.jpg\",\"contentUrl\":\"https:\\\/\\\/revolutionpadelstore.com\\\/wp-content\\\/uploads\\\/2026\\\/02\\\/revolution-padel-store.jpg\",\"width\":2000,\"height\":2000,\"caption\":\"Revolution Padel Store\"},\"image\":{\"@id\":\"https:\\\/\\\/revolutionpadelstore.com\\\/de\\\/#\\\/schema\\\/logo\\\/image\\\/\"},\"sameAs\":[\"https:\\\/\\\/www.instagram.com\\\/revolutionpadelstore\\\/\"]}]}<\/script>\n<!-- \/ Yoast SEO plugin. -->","yoast_head_json":{"title":"ADIDAS ADIPOWER CARBON CTRL 2025 - Revolution Padel Store","description":"La Adidas Adipower Carbon CTRL 2025 es una pala de p\u00e1del de formato redondo, dise\u00f1ada para quienes buscan un control superior sin sacrificar potencia ni durabilidad. Este modelo combina tecnolog\u00edas avanzadas de Adidas con un dise\u00f1o elegante en negro, plata y blanco, reflejando calidad y profesionalismo. Perfecta para jugadores que desean precisi\u00f3n y estabilidad en cada golpe.","robots":{"index":"index","follow":"follow","max-snippet":"max-snippet:-1","max-image-preview":"max-image-preview:large","max-video-preview":"max-video-preview:-1"},"canonical":"https:\/\/revolutionpadelstore.com\/de\/produkt\/adidas-adipower-carbon-ctrl-2025-1\/","og_locale":"de_DE","og_type":"article","og_title":"ADIDAS ADIPOWER CARBON CTRL 2025 - Revolution Padel Store","og_description":"La Adidas Adipower Carbon CTRL 2025 es una pala de p\u00e1del de formato redondo, dise\u00f1ada para quienes buscan un control superior sin sacrificar potencia ni durabilidad. Este modelo combina tecnolog\u00edas avanzadas de Adidas con un dise\u00f1o elegante en negro, plata y blanco, reflejando calidad y profesionalismo. Perfecta para jugadores que desean precisi\u00f3n y estabilidad en cada golpe.","og_url":"https:\/\/revolutionpadelstore.com\/de\/produkt\/adidas-adipower-carbon-ctrl-2025-1\/","og_site_name":"Revolution Padel Store","article_modified_time":"2026-04-08T07:40:14+00:00","og_image":[{"width":1500,"height":1500,"url":"https:\/\/revolutionpadelstore.com\/wp-content\/uploads\/2024\/12\/113673-pala-adidas-adipower-carbon-ctrl-ar1ca3u381500x1500-1.webp","type":"image\/webp"}],"twitter_card":"summary_large_image","twitter_misc":{"Gesch\u00e4tzte Lesezeit":"2\u00a0Minuten"},"schema":{"@context":"https:\/\/schema.org","@graph":[{"@type":"WebPage","@id":"https:\/\/revolutionpadelstore.com\/de\/produkt\/adidas-adipower-carbon-ctrl-2025-1\/","url":"https:\/\/revolutionpadelstore.com\/de\/produkt\/adidas-adipower-carbon-ctrl-2025-1\/","name":"ADIDAS ADIPOWER CARBON CTRL 2025 - Revolution Padel Store","isPartOf":{"@id":"https:\/\/revolutionpadelstore.com\/de\/#website"},"primaryImageOfPage":{"@id":"https:\/\/revolutionpadelstore.com\/de\/produkt\/adidas-adipower-carbon-ctrl-2025-1\/#primaryimage"},"image":{"@id":"https:\/\/revolutionpadelstore.com\/de\/produkt\/adidas-adipower-carbon-ctrl-2025-1\/#primaryimage"},"thumbnailUrl":"https:\/\/revolutionpadelstore.com\/wp-content\/uploads\/2024\/12\/113673-pala-adidas-adipower-carbon-ctrl-ar1ca3u381500x1500-1.webp","datePublished":"2024-12-08T09:49:51+00:00","dateModified":"2026-04-08T07:40:14+00:00","description":"La Adidas Adipower Carbon CTRL 2025 es una pala de p\u00e1del de formato redondo, dise\u00f1ada para quienes buscan un control superior sin sacrificar potencia ni durabilidad. Este modelo combina tecnolog\u00edas avanzadas de Adidas con un dise\u00f1o elegante en negro, plata y blanco, reflejando calidad y profesionalismo. Perfecta para jugadores que desean precisi\u00f3n y estabilidad en cada golpe.","breadcrumb":{"@id":"https:\/\/revolutionpadelstore.com\/de\/produkt\/adidas-adipower-carbon-ctrl-2025-1\/#breadcrumb"},"inLanguage":"de","potentialAction":[{"@type":"ReadAction","target":["https:\/\/revolutionpadelstore.com\/de\/produkt\/adidas-adipower-carbon-ctrl-2025-1\/"]}]},{"@type":"ImageObject","inLanguage":"de","@id":"https:\/\/revolutionpadelstore.com\/de\/produkt\/adidas-adipower-carbon-ctrl-2025-1\/#primaryimage","url":"https:\/\/revolutionpadelstore.com\/wp-content\/uploads\/2024\/12\/113673-pala-adidas-adipower-carbon-ctrl-ar1ca3u381500x1500-1.webp","contentUrl":"https:\/\/revolutionpadelstore.com\/wp-content\/uploads\/2024\/12\/113673-pala-adidas-adipower-carbon-ctrl-ar1ca3u381500x1500-1.webp","width":1500,"height":1500},{"@type":"BreadcrumbList","@id":"https:\/\/revolutionpadelstore.com\/de\/produkt\/adidas-adipower-carbon-ctrl-2025-1\/#breadcrumb","itemListElement":[{"@type":"ListItem","position":1,"name":"Portada","item":"https:\/\/revolutionpadelstore.com\/de\/"},{"@type":"ListItem","position":2,"name":"Shop","item":"https:\/\/revolutionpadelstore.com\/de\/tienda\/"},{"@type":"ListItem","position":3,"name":"ADIDAS ADIPOWER CARBON CTRL 2025"}]},{"@type":"WebSite","@id":"https:\/\/revolutionpadelstore.com\/de\/#website","url":"https:\/\/revolutionpadelstore.com\/de\/","name":"Revolution Padel Store","description":"","publisher":{"@id":"https:\/\/revolutionpadelstore.com\/de\/#organization"},"potentialAction":[{"@type":"SearchAction","target":{"@type":"EntryPoint","urlTemplate":"https:\/\/revolutionpadelstore.com\/de\/?s={search_term_string}"},"query-input":{"@type":"PropertyValueSpecification","valueRequired":true,"valueName":"search_term_string"}}],"inLanguage":"de"},{"@type":"Organization","@id":"https:\/\/revolutionpadelstore.com\/de\/#organization","name":"Revolution Padel Store","url":"https:\/\/revolutionpadelstore.com\/de\/","logo":{"@type":"ImageObject","inLanguage":"de","@id":"https:\/\/revolutionpadelstore.com\/de\/#\/schema\/logo\/image\/","url":"https:\/\/revolutionpadelstore.com\/wp-content\/uploads\/2026\/02\/revolution-padel-store.jpg","contentUrl":"https:\/\/revolutionpadelstore.com\/wp-content\/uploads\/2026\/02\/revolution-padel-store.jpg","width":2000,"height":2000,"caption":"Revolution Padel Store"},"image":{"@id":"https:\/\/revolutionpadelstore.com\/de\/#\/schema\/logo\/image\/"},"sameAs":["https:\/\/www.instagram.com\/revolutionpadelstore\/"]}]}},"_links":{"self":[{"href":"https:\/\/revolutionpadelstore.com\/de\/wp-json\/wp\/v2\/product\/154627","targetHints":{"allow":["GET"]}}],"collection":[{"href":"https:\/\/revolutionpadelstore.com\/de\/wp-json\/wp\/v2\/product"}],"about":[{"href":"https:\/\/revolutionpadelstore.com\/de\/wp-json\/wp\/v2\/types\/product"}],"replies":[{"embeddable":true,"href":"https:\/\/revolutionpadelstore.com\/de\/wp-json\/wp\/v2\/comments?post=154627"}],"wp:featuredmedia":[{"embeddable":true,"href":"https:\/\/revolutionpadelstore.com\/de\/wp-json\/wp\/v2\/media\/153424"}],"wp:attachment":[{"href":"https:\/\/revolutionpadelstore.com\/de\/wp-json\/wp\/v2\/media?parent=154627"}],"wp:term":[{"taxonomy":"acabado","embeddable":true,"href":"https:\/\/revolutionpadelstore.com\/de\/wp-json\/wp\/v2\/acabado?post=154627"},{"taxonomy":"balance","embeddable":true,"href":"https:\/\/revolutionpadelstore.com\/de\/wp-json\/wp\/v2\/balance?post=154627"},{"taxonomy":"dureza","embeddable":true,"href":"https:\/\/revolutionpadelstore.com\/de\/wp-json\/wp\/v2\/dureza?post=154627"},{"taxonomy":"forma","embeddable":true,"href":"https:\/\/revolutionpadelstore.com\/de\/wp-json\/wp\/v2\/forma?post=154627"},{"taxonomy":"jugador","embeddable":true,"href":"https:\/\/revolutionpadelstore.com\/de\/wp-json\/wp\/v2\/jugador?post=154627"},{"taxonomy":"marca","embeddable":true,"href":"https:\/\/revolutionpadelstore.com\/de\/wp-json\/wp\/v2\/marca?post=154627"},{"taxonomy":"nivel-de-juego","embeddable":true,"href":"https:\/\/revolutionpadelstore.com\/de\/wp-json\/wp\/v2\/nivel-de-juego?post=154627"},{"taxonomy":"superficie","embeddable":true,"href":"https:\/\/revolutionpadelstore.com\/de\/wp-json\/wp\/v2\/superficie?post=154627"},{"taxonomy":"tipo-de-juego","embeddable":true,"href":"https:\/\/revolutionpadelstore.com\/de\/wp-json\/wp\/v2\/tipo-de-juego?post=154627"},{"taxonomy":"product_brand","embeddable":true,"href":"https:\/\/revolutionpadelstore.com\/de\/wp-json\/wp\/v2\/product_brand?post=154627"},{"taxonomy":"product_cat","embeddable":true,"href":"https:\/\/revolutionpadelstore.com\/de\/wp-json\/wp\/v2\/product_cat?post=154627"},{"taxonomy":"product_tag","embeddable":true,"href":"https:\/\/revolutionpadelstore.com\/de\/wp-json\/wp\/v2\/product_tag?post=154627"}],"curies":[{"name":"wp","href":"https:\/\/api.w.org\/{rel}","templated":true}]}}