{"id":154288,"date":"2024-12-09T22:33:14","date_gmt":"2024-12-09T21:33:14","guid":{"rendered":"https:\/\/revolutionpadelstore.com\/adidas-match-black-3-4-2025\/"},"modified":"2026-04-08T09:29:36","modified_gmt":"2026-04-08T07:29:36","slug":"adidas-match-black-3-4-2025-1","status":"publish","type":"product","link":"https:\/\/revolutionpadelstore.com\/de\/produkt\/adidas-match-black-3-4-2025-1\/","title":{"rendered":"ADIDAS MATCH BLACK 3.4 2025"},"content":{"rendered":"<h2> adidas entspricht schwarz 3.4 2025: Die ideale Hybridschaufel f\u00fcr Kontrolle und Leistung <\/ H2><br \/>\nDer <strong> adidas entspricht schwarz 3.4 2025 <\/strong> ist perfekt f\u00fcr Anf\u00e4ngerspieler, die Paddel f\u00fcr Kontrolle und Leistung dominieren m\u00f6chten. Diese Hybridschaufel wurde mit einem <strong> All Round -Format <\/strong> entwickelt und bietet ein au\u00dfergew\u00f6hnliches Gleichgewicht zwischen offensiven und defensiven Schl\u00e4gen, um die herausragende Leistung in jeder Partei zu gew\u00e4hrleisten.<\/p>\n<h2> Hauptvorteile <\/ h2><\/p>\n<p> <strong> -Design vielseitig und elegant <\/strong>: ideal f\u00fcr diejenigen, die ihren Spielstil entdecken<br \/>\n<P> <strong> -Ligereza y Comfort <\/strong>: Sein Gewicht von 360-375 g minimiert die M\u00fcdigkeit und erm\u00f6glicht lange Spielsitzungen ohne Anstrengung.<br \/>\n<P> <strong> -F\u00e1cil -Management <\/strong>: so konzipiert, dass sie die Grundlagen des Paddels schnell lernen.<\/p>\n<h2> Advanced Technologies <\/ H2><\/p>\n<p> <strong> -strukturelle Verst\u00e4rkung <\/strong>: Perimeterverst\u00e4rkung, die die Leistung und den Widerstand erh\u00f6hen.<\/p>\n<p> <strong> -Soft Performance EVA <\/strong>: Gummi mit niedriger Dichte, der die Kugelausgabe und den Komfort verbessert.<br \/>\n<P> <strong> -Smart -L\u00f6cher linear <\/strong>: Verteilung von L\u00f6chern f\u00fcr eine gr\u00f6\u00dfere Haltbarkeit<\/p>\n<p> <strong> -Fiberglass-Pl\u00e4ne <\/strong>: Sie liefern einen weichen und kontrollierten Hauch in jedem Schlag<\/p>\n<h2> Warum die adidas -Match -\u00dcbereinstimmung mit schwarzem 3.4 2025 w\u00e4hlen?<br \/>\n<P> <strong> -Perfect f\u00fcr Anf\u00e4nger <\/strong>: Erleichtert das Lernen bei der Entwicklung technischer und Pr\u00e4zisions<br \/>\n<P> <strong> -Totales Gleichgewicht <\/strong>: so konzipiert, dass sie sich sowohl an Angriff als auch Verteidigung anpassen.<br \/>\n<P> <strong> -Adidas 2025 <\/strong>: Die Garantie f\u00fcr Qualit\u00e4t und Technologie einer f\u00fchrenden Marke im Paddel.<\/p>\n<h2> Jetzt kaufen <\/h2>\n<p>Entdecken Sie, warum <strong> adidas mit schwarzem 3.4 2025 <\/strong> die perfekte Wahl ist, um Ihr Niveau zu verbessern. Verf\u00fcgbar in unserem Online-Shop <strong> <a>, Wahrscheinlich zum besten Marktpreis. Klicken Sie und bringen Sie Ihr Spiel auf die n\u00e4chste Stufe!<\/p>\n<h2>Adidas Match Black 3.4 2025: La pala h\u00edbrida ideal para control y potencia<\/h2>\n","protected":false},"excerpt":{"rendered":"<p>Die Adidas passt zu Black 3.4 2025 kombiniert Leistung, Komfort und Vielseitigkeit und werden zu einer perfekten Option f\u00fcr Anf\u00e4nger, die eine zuverl\u00e4ssige und resistente Schaufel w\u00fcnschen, um ihre Technik zu perfektionieren.<\/p>\n","protected":false},"featured_media":154247,"comment_status":"open","ping_status":"closed","template":"","meta":{"_acf_changed":false,"_joinchat":[]},"acabado":[1079],"balance":[],"dureza":[1149],"forma":[1174],"jugador":[1189,1199],"marca":[1229],"nivel-de-juego":[1349],"superficie":[1354],"tipo-de-juego":[1384],"product_brand":[],"product_cat":[299],"product_tag":[],"class_list":{"0":"post-154288","1":"product","2":"type-product","3":"status-publish","4":"has-post-thumbnail","6":"acabado-helligkeit","7":"dureza-blanda-de","8":"forma-hybrid","9":"jugador-mann","10":"jugador-mehrzweck","11":"marca-adidas-de","12":"superficie-lisa-de","13":"tipo-de-juego-mehrzweck","14":"product_cat-palas-de-padel-de","16":"first","17":"instock","18":"sale","19":"taxable","20":"shipping-taxable","21":"purchasable","22":"product-type-simple"},"acf":[],"yoast_head":"<!-- This site is optimized with the Yoast SEO plugin v27.4 - https:\/\/yoast.com\/product\/yoast-seo-wordpress\/ -->\n<title>ADIDAS MATCH BLACK 3.4 2025 - Revolution Padel Store<\/title>\n<meta name=\"description\" content=\"Descubre la Adidas Match Black 3.4 2025, la pala h\u00edbrida perfecta para control y potencia. Ideal para principiantes, con tecnolog\u00edas avanzadas. Disponible en Revolution Padel Store al mejor precio.\" \/>\n<meta name=\"robots\" content=\"index, follow, max-snippet:-1, max-image-preview:large, max-video-preview:-1\" \/>\n<link rel=\"canonical\" href=\"https:\/\/revolutionpadelstore.com\/de\/produkt\/adidas-match-black-3-4-2025-1\/\" \/>\n<meta property=\"og:locale\" content=\"de_DE\" \/>\n<meta property=\"og:type\" content=\"article\" \/>\n<meta property=\"og:title\" content=\"ADIDAS MATCH BLACK 3.4 2025 - Revolution Padel Store\" \/>\n<meta property=\"og:description\" content=\"Descubre la Adidas Match Black 3.4 2025, la pala h\u00edbrida perfecta para control y potencia. Ideal para principiantes, con tecnolog\u00edas avanzadas. Disponible en Revolution Padel Store al mejor precio.\" \/>\n<meta property=\"og:url\" content=\"https:\/\/revolutionpadelstore.com\/de\/produkt\/adidas-match-black-3-4-2025-1\/\" \/>\n<meta property=\"og:site_name\" content=\"Revolution Padel Store\" \/>\n<meta property=\"article:modified_time\" content=\"2026-04-08T07:29:36+00:00\" \/>\n<meta property=\"og:image\" content=\"https:\/\/revolutionpadelstore.com\/wp-content\/uploads\/2024\/12\/113670-pala-adidas-adidas-match-black-3-4-ar5ga0u101500x1500-1.webp\" \/>\n\t<meta property=\"og:image:width\" content=\"1500\" \/>\n\t<meta property=\"og:image:height\" content=\"1500\" \/>\n\t<meta property=\"og:image:type\" content=\"image\/webp\" \/>\n<meta name=\"twitter:card\" content=\"summary_large_image\" \/>\n<meta name=\"twitter:label1\" content=\"Gesch\u00e4tzte Lesezeit\" \/>\n\t<meta name=\"twitter:data1\" content=\"1\u00a0Minute\" \/>\n<script type=\"application\/ld+json\" class=\"yoast-schema-graph\">{\"@context\":\"https:\\\/\\\/schema.org\",\"@graph\":[{\"@type\":\"WebPage\",\"@id\":\"https:\\\/\\\/revolutionpadelstore.com\\\/de\\\/produkt\\\/adidas-match-black-3-4-2025-1\\\/\",\"url\":\"https:\\\/\\\/revolutionpadelstore.com\\\/de\\\/produkt\\\/adidas-match-black-3-4-2025-1\\\/\",\"name\":\"ADIDAS MATCH BLACK 3.4 2025 - Revolution Padel Store\",\"isPartOf\":{\"@id\":\"https:\\\/\\\/revolutionpadelstore.com\\\/de\\\/#website\"},\"primaryImageOfPage\":{\"@id\":\"https:\\\/\\\/revolutionpadelstore.com\\\/de\\\/produkt\\\/adidas-match-black-3-4-2025-1\\\/#primaryimage\"},\"image\":{\"@id\":\"https:\\\/\\\/revolutionpadelstore.com\\\/de\\\/produkt\\\/adidas-match-black-3-4-2025-1\\\/#primaryimage\"},\"thumbnailUrl\":\"https:\\\/\\\/revolutionpadelstore.com\\\/wp-content\\\/uploads\\\/2024\\\/12\\\/113670-pala-adidas-adidas-match-black-3-4-ar5ga0u101500x1500-1.webp\",\"datePublished\":\"2024-12-09T21:33:14+00:00\",\"dateModified\":\"2026-04-08T07:29:36+00:00\",\"description\":\"Descubre la Adidas Match Black 3.4 2025, la pala h\u00edbrida perfecta para control y potencia. Ideal para principiantes, con tecnolog\u00edas avanzadas. Disponible en Revolution Padel Store al mejor precio.\",\"breadcrumb\":{\"@id\":\"https:\\\/\\\/revolutionpadelstore.com\\\/de\\\/produkt\\\/adidas-match-black-3-4-2025-1\\\/#breadcrumb\"},\"inLanguage\":\"de\",\"potentialAction\":[{\"@type\":\"ReadAction\",\"target\":[\"https:\\\/\\\/revolutionpadelstore.com\\\/de\\\/produkt\\\/adidas-match-black-3-4-2025-1\\\/\"]}]},{\"@type\":\"ImageObject\",\"inLanguage\":\"de\",\"@id\":\"https:\\\/\\\/revolutionpadelstore.com\\\/de\\\/produkt\\\/adidas-match-black-3-4-2025-1\\\/#primaryimage\",\"url\":\"https:\\\/\\\/revolutionpadelstore.com\\\/wp-content\\\/uploads\\\/2024\\\/12\\\/113670-pala-adidas-adidas-match-black-3-4-ar5ga0u101500x1500-1.webp\",\"contentUrl\":\"https:\\\/\\\/revolutionpadelstore.com\\\/wp-content\\\/uploads\\\/2024\\\/12\\\/113670-pala-adidas-adidas-match-black-3-4-ar5ga0u101500x1500-1.webp\",\"width\":1500,\"height\":1500},{\"@type\":\"BreadcrumbList\",\"@id\":\"https:\\\/\\\/revolutionpadelstore.com\\\/de\\\/produkt\\\/adidas-match-black-3-4-2025-1\\\/#breadcrumb\",\"itemListElement\":[{\"@type\":\"ListItem\",\"position\":1,\"name\":\"Portada\",\"item\":\"https:\\\/\\\/revolutionpadelstore.com\\\/de\\\/\"},{\"@type\":\"ListItem\",\"position\":2,\"name\":\"Shop\",\"item\":\"https:\\\/\\\/revolutionpadelstore.com\\\/de\\\/tienda\\\/\"},{\"@type\":\"ListItem\",\"position\":3,\"name\":\"ADIDAS MATCH BLACK 3.4 2025\"}]},{\"@type\":\"WebSite\",\"@id\":\"https:\\\/\\\/revolutionpadelstore.com\\\/de\\\/#website\",\"url\":\"https:\\\/\\\/revolutionpadelstore.com\\\/de\\\/\",\"name\":\"Revolution Padel Store\",\"description\":\"\",\"publisher\":{\"@id\":\"https:\\\/\\\/revolutionpadelstore.com\\\/de\\\/#organization\"},\"potentialAction\":[{\"@type\":\"SearchAction\",\"target\":{\"@type\":\"EntryPoint\",\"urlTemplate\":\"https:\\\/\\\/revolutionpadelstore.com\\\/de\\\/?s={search_term_string}\"},\"query-input\":{\"@type\":\"PropertyValueSpecification\",\"valueRequired\":true,\"valueName\":\"search_term_string\"}}],\"inLanguage\":\"de\"},{\"@type\":\"Organization\",\"@id\":\"https:\\\/\\\/revolutionpadelstore.com\\\/de\\\/#organization\",\"name\":\"Revolution Padel Store\",\"url\":\"https:\\\/\\\/revolutionpadelstore.com\\\/de\\\/\",\"logo\":{\"@type\":\"ImageObject\",\"inLanguage\":\"de\",\"@id\":\"https:\\\/\\\/revolutionpadelstore.com\\\/de\\\/#\\\/schema\\\/logo\\\/image\\\/\",\"url\":\"https:\\\/\\\/revolutionpadelstore.com\\\/wp-content\\\/uploads\\\/2026\\\/02\\\/revolution-padel-store.jpg\",\"contentUrl\":\"https:\\\/\\\/revolutionpadelstore.com\\\/wp-content\\\/uploads\\\/2026\\\/02\\\/revolution-padel-store.jpg\",\"width\":2000,\"height\":2000,\"caption\":\"Revolution Padel Store\"},\"image\":{\"@id\":\"https:\\\/\\\/revolutionpadelstore.com\\\/de\\\/#\\\/schema\\\/logo\\\/image\\\/\"},\"sameAs\":[\"https:\\\/\\\/www.instagram.com\\\/revolutionpadelstore\\\/\"]}]}<\/script>\n<!-- \/ Yoast SEO plugin. -->","yoast_head_json":{"title":"ADIDAS MATCH BLACK 3.4 2025 - Revolution Padel Store","description":"Descubre la Adidas Match Black 3.4 2025, la pala h\u00edbrida perfecta para control y potencia. Ideal para principiantes, con tecnolog\u00edas avanzadas. Disponible en Revolution Padel Store al mejor precio.","robots":{"index":"index","follow":"follow","max-snippet":"max-snippet:-1","max-image-preview":"max-image-preview:large","max-video-preview":"max-video-preview:-1"},"canonical":"https:\/\/revolutionpadelstore.com\/de\/produkt\/adidas-match-black-3-4-2025-1\/","og_locale":"de_DE","og_type":"article","og_title":"ADIDAS MATCH BLACK 3.4 2025 - Revolution Padel Store","og_description":"Descubre la Adidas Match Black 3.4 2025, la pala h\u00edbrida perfecta para control y potencia. Ideal para principiantes, con tecnolog\u00edas avanzadas. Disponible en Revolution Padel Store al mejor precio.","og_url":"https:\/\/revolutionpadelstore.com\/de\/produkt\/adidas-match-black-3-4-2025-1\/","og_site_name":"Revolution Padel Store","article_modified_time":"2026-04-08T07:29:36+00:00","og_image":[{"width":1500,"height":1500,"url":"https:\/\/revolutionpadelstore.com\/wp-content\/uploads\/2024\/12\/113670-pala-adidas-adidas-match-black-3-4-ar5ga0u101500x1500-1.webp","type":"image\/webp"}],"twitter_card":"summary_large_image","twitter_misc":{"Gesch\u00e4tzte Lesezeit":"1\u00a0Minute"},"schema":{"@context":"https:\/\/schema.org","@graph":[{"@type":"WebPage","@id":"https:\/\/revolutionpadelstore.com\/de\/produkt\/adidas-match-black-3-4-2025-1\/","url":"https:\/\/revolutionpadelstore.com\/de\/produkt\/adidas-match-black-3-4-2025-1\/","name":"ADIDAS MATCH BLACK 3.4 2025 - Revolution Padel Store","isPartOf":{"@id":"https:\/\/revolutionpadelstore.com\/de\/#website"},"primaryImageOfPage":{"@id":"https:\/\/revolutionpadelstore.com\/de\/produkt\/adidas-match-black-3-4-2025-1\/#primaryimage"},"image":{"@id":"https:\/\/revolutionpadelstore.com\/de\/produkt\/adidas-match-black-3-4-2025-1\/#primaryimage"},"thumbnailUrl":"https:\/\/revolutionpadelstore.com\/wp-content\/uploads\/2024\/12\/113670-pala-adidas-adidas-match-black-3-4-ar5ga0u101500x1500-1.webp","datePublished":"2024-12-09T21:33:14+00:00","dateModified":"2026-04-08T07:29:36+00:00","description":"Descubre la Adidas Match Black 3.4 2025, la pala h\u00edbrida perfecta para control y potencia. Ideal para principiantes, con tecnolog\u00edas avanzadas. Disponible en Revolution Padel Store al mejor precio.","breadcrumb":{"@id":"https:\/\/revolutionpadelstore.com\/de\/produkt\/adidas-match-black-3-4-2025-1\/#breadcrumb"},"inLanguage":"de","potentialAction":[{"@type":"ReadAction","target":["https:\/\/revolutionpadelstore.com\/de\/produkt\/adidas-match-black-3-4-2025-1\/"]}]},{"@type":"ImageObject","inLanguage":"de","@id":"https:\/\/revolutionpadelstore.com\/de\/produkt\/adidas-match-black-3-4-2025-1\/#primaryimage","url":"https:\/\/revolutionpadelstore.com\/wp-content\/uploads\/2024\/12\/113670-pala-adidas-adidas-match-black-3-4-ar5ga0u101500x1500-1.webp","contentUrl":"https:\/\/revolutionpadelstore.com\/wp-content\/uploads\/2024\/12\/113670-pala-adidas-adidas-match-black-3-4-ar5ga0u101500x1500-1.webp","width":1500,"height":1500},{"@type":"BreadcrumbList","@id":"https:\/\/revolutionpadelstore.com\/de\/produkt\/adidas-match-black-3-4-2025-1\/#breadcrumb","itemListElement":[{"@type":"ListItem","position":1,"name":"Portada","item":"https:\/\/revolutionpadelstore.com\/de\/"},{"@type":"ListItem","position":2,"name":"Shop","item":"https:\/\/revolutionpadelstore.com\/de\/tienda\/"},{"@type":"ListItem","position":3,"name":"ADIDAS MATCH BLACK 3.4 2025"}]},{"@type":"WebSite","@id":"https:\/\/revolutionpadelstore.com\/de\/#website","url":"https:\/\/revolutionpadelstore.com\/de\/","name":"Revolution Padel Store","description":"","publisher":{"@id":"https:\/\/revolutionpadelstore.com\/de\/#organization"},"potentialAction":[{"@type":"SearchAction","target":{"@type":"EntryPoint","urlTemplate":"https:\/\/revolutionpadelstore.com\/de\/?s={search_term_string}"},"query-input":{"@type":"PropertyValueSpecification","valueRequired":true,"valueName":"search_term_string"}}],"inLanguage":"de"},{"@type":"Organization","@id":"https:\/\/revolutionpadelstore.com\/de\/#organization","name":"Revolution Padel Store","url":"https:\/\/revolutionpadelstore.com\/de\/","logo":{"@type":"ImageObject","inLanguage":"de","@id":"https:\/\/revolutionpadelstore.com\/de\/#\/schema\/logo\/image\/","url":"https:\/\/revolutionpadelstore.com\/wp-content\/uploads\/2026\/02\/revolution-padel-store.jpg","contentUrl":"https:\/\/revolutionpadelstore.com\/wp-content\/uploads\/2026\/02\/revolution-padel-store.jpg","width":2000,"height":2000,"caption":"Revolution Padel Store"},"image":{"@id":"https:\/\/revolutionpadelstore.com\/de\/#\/schema\/logo\/image\/"},"sameAs":["https:\/\/www.instagram.com\/revolutionpadelstore\/"]}]}},"_links":{"self":[{"href":"https:\/\/revolutionpadelstore.com\/de\/wp-json\/wp\/v2\/product\/154288","targetHints":{"allow":["GET"]}}],"collection":[{"href":"https:\/\/revolutionpadelstore.com\/de\/wp-json\/wp\/v2\/product"}],"about":[{"href":"https:\/\/revolutionpadelstore.com\/de\/wp-json\/wp\/v2\/types\/product"}],"replies":[{"embeddable":true,"href":"https:\/\/revolutionpadelstore.com\/de\/wp-json\/wp\/v2\/comments?post=154288"}],"wp:featuredmedia":[{"embeddable":true,"href":"https:\/\/revolutionpadelstore.com\/de\/wp-json\/wp\/v2\/media\/154247"}],"wp:attachment":[{"href":"https:\/\/revolutionpadelstore.com\/de\/wp-json\/wp\/v2\/media?parent=154288"}],"wp:term":[{"taxonomy":"acabado","embeddable":true,"href":"https:\/\/revolutionpadelstore.com\/de\/wp-json\/wp\/v2\/acabado?post=154288"},{"taxonomy":"balance","embeddable":true,"href":"https:\/\/revolutionpadelstore.com\/de\/wp-json\/wp\/v2\/balance?post=154288"},{"taxonomy":"dureza","embeddable":true,"href":"https:\/\/revolutionpadelstore.com\/de\/wp-json\/wp\/v2\/dureza?post=154288"},{"taxonomy":"forma","embeddable":true,"href":"https:\/\/revolutionpadelstore.com\/de\/wp-json\/wp\/v2\/forma?post=154288"},{"taxonomy":"jugador","embeddable":true,"href":"https:\/\/revolutionpadelstore.com\/de\/wp-json\/wp\/v2\/jugador?post=154288"},{"taxonomy":"marca","embeddable":true,"href":"https:\/\/revolutionpadelstore.com\/de\/wp-json\/wp\/v2\/marca?post=154288"},{"taxonomy":"nivel-de-juego","embeddable":true,"href":"https:\/\/revolutionpadelstore.com\/de\/wp-json\/wp\/v2\/nivel-de-juego?post=154288"},{"taxonomy":"superficie","embeddable":true,"href":"https:\/\/revolutionpadelstore.com\/de\/wp-json\/wp\/v2\/superficie?post=154288"},{"taxonomy":"tipo-de-juego","embeddable":true,"href":"https:\/\/revolutionpadelstore.com\/de\/wp-json\/wp\/v2\/tipo-de-juego?post=154288"},{"taxonomy":"product_brand","embeddable":true,"href":"https:\/\/revolutionpadelstore.com\/de\/wp-json\/wp\/v2\/product_brand?post=154288"},{"taxonomy":"product_cat","embeddable":true,"href":"https:\/\/revolutionpadelstore.com\/de\/wp-json\/wp\/v2\/product_cat?post=154288"},{"taxonomy":"product_tag","embeddable":true,"href":"https:\/\/revolutionpadelstore.com\/de\/wp-json\/wp\/v2\/product_tag?post=154288"}],"curies":[{"name":"wp","href":"https:\/\/api.w.org\/{rel}","templated":true}]}}