{"id":154153,"date":"2024-12-08T23:33:39","date_gmt":"2024-12-08T22:33:39","guid":{"rendered":"https:\/\/revolutionpadelstore.com\/adidas-match-light-3-4-2025\/"},"modified":"2026-04-08T09:30:36","modified_gmt":"2026-04-08T07:30:36","slug":"adidas-match-light-3-4-2025-1","status":"publish","type":"product","link":"https:\/\/revolutionpadelstore.com\/de\/produkt\/adidas-match-light-3-4-2025-1\/","title":{"rendered":"ADIDAS MATCH LIGHT 3.4 2025"},"content":{"rendered":"<h2> <strong> adidas entspricht Licht 3.4 2025: Leichtigkeit und Vielseitigkeit f\u00fcr Anf\u00e4nger <\/ strong> <\/ h2><br \/>\nEntdecken Sie die <strong> adidas Match Light 3.4 2025 <\/strong>, eine Schaufel, die f\u00fcr Spieler entwickelt wurde, die im Paddel beginnen. Dieses Modell f\u00e4llt auf sein Gleichgewicht zwischen Kontrolle, Kraft und Komfort auf, ideal f\u00fcr diejenigen, die versuchen, ihre Technik schrittweise zu verbessern. Sein <strong> All -Round -Format <\/strong>, eine Verschmelzung zwischen rund und Diamantform, garantiert eine optimale Leistung in jedem Spielstil.<\/p>\n<h2> <strong> Ausstehende Merkmale des adidas passen licht 3.4 2025 <\/ strong> <\/ h2> \u00fcberein<br \/>\n<P> <strong> -SX-Licht (345-360 Gramm): <\/strong> erleichtert das Management und verringert die M\u00fcdigkeit bei langen Trainingseinheiten.<br \/>\n<P> <strong> -Pormat Allround: <\/strong> bietet Vielseitigkeit und Anpassungsf\u00e4higkeit an verschiedene Spielsituationen<br \/>\n<P> <strong> -Tecnology Smart L\u00f6cher linear: <\/strong> strategisch gelegene L\u00f6cher, die die Aufpralloberfl\u00e4che maximieren.<\/p>\n<p> <strong> verst\u00e4rkte Struktur (strukturelle Verst\u00e4rkung): <\/strong> Erh\u00f6ht die Haltbarkeit und Leistung in jedem Schlag.<br \/>\n<P> <strong> -Eva Soft Performance Gummi Nucleus: <\/strong> bietet einen komfortablen und pr\u00e4zisen Ballauslass.<\/p>\n<p> <strong> -Fiberglass-Pl\u00e4ne: <\/strong> Garantiesteuerung und Komfort, perfekt f\u00fcr konsistente Schl\u00e4ge.<\/p>\n<h2> <strong> Vorteile f\u00fcr Anf\u00e4nger -Spieler <\/ strong> <\/ h2><br \/>\n<P> <strong> -Simple-Management: <\/strong> Ihre Leichtigkeit und ergonomisches Design erleichtern das Lernen und den technischen Fortschritt.<\/p>\n<p> <strong> -Iituded Belohnung: <\/strong> ideal, um die Kontrolle \u00fcber die Verteidigung und die Macht im Angriff zu kombinieren<br \/>\n<P> <strong> -Denabilit\u00e4t und Komfort: <\/strong> Ausgew\u00e4hlte Materialien f\u00fcr ein komfortables und l\u00e4ngeres Spielerlebnis<br \/>\nMit dem <strong> adidas entspricht Light 3.4 2025 <\/strong> werden Sie die perfekte Kombination zwischen Technologie und Komfort finden. Es ist eine sichere Wahl f\u00fcr diejenigen, die anfangen, die aufregende Welt des Paddels zu erkunden und Vertrauen und Leistung auf der Strecke zu gew\u00e4hrleisten.<\/p>\n<p>Holen Sie sich im Moment mit dem Adidas Match Light 3.4 2025 in unserem Online-Shop &lt;a href = &quot;https:\/\/chatgpt.com\/g\/g-675432e026888191b6ee6d6f2fdbb15e-optimization-textos\/c\/wwwww.revolutionPadelstore.com&quot; Padel Padel Padel Padel Padel Padel Padel Padel Padel Gesch\u00e4ft <\/a> wahrscheinlich zum besten Marktpreis!<\/p>\n<h2><strong>Adidas Match Light 3.4 2025: Ligereza y versatilidad para principiantes<\/strong><\/p>\n","protected":false},"excerpt":{"rendered":"<p>Adidas entspricht dem Licht 3.4 2025 bietet eine ideale Kombination aus Leichtigkeit, Vielseitigkeit und Leistung. Diese Schaufel ist speziell f\u00fcr Muster -Anf\u00e4nger -Spieler entwickelt und bietet die Sicherheit und Kontrolle, die erforderlich ist, um auf der Strecke hervorzuheben.<\/p>\n","protected":false},"featured_media":154112,"comment_status":"open","ping_status":"closed","template":"","meta":{"_acf_changed":false,"_joinchat":[]},"acabado":[1079],"balance":[1144],"dureza":[1149],"forma":[1174],"jugador":[1189,1199],"marca":[1229],"nivel-de-juego":[1349],"superficie":[1354],"tipo-de-juego":[1384],"product_brand":[],"product_cat":[299],"product_tag":[],"class_list":{"0":"post-154153","1":"product","2":"type-product","3":"status-publish","4":"has-post-thumbnail","6":"acabado-helligkeit","7":"balance-niedrig","8":"dureza-blanda-de","9":"forma-hybrid","10":"jugador-mann","11":"jugador-mehrzweck","12":"marca-adidas-de","13":"superficie-lisa-de","14":"tipo-de-juego-mehrzweck","15":"product_cat-palas-de-padel-de","17":"first","18":"instock","19":"sale","20":"taxable","21":"shipping-taxable","22":"purchasable","23":"product-type-simple"},"acf":[],"yoast_head":"<!-- This site is optimized with the Yoast SEO plugin v27.4 - https:\/\/yoast.com\/product\/yoast-seo-wordpress\/ -->\n<title>ADIDAS MATCH LIGHT 3.4 2025 - Revolution Padel Store<\/title>\n<meta name=\"description\" content=\"Consigue la pala Adidas Match Light 3.4 2025, ligera y vers\u00e1til, ideal para principiantes que buscan control y comodidad. Disponible en Revolution Padel Store al mejor precio\" \/>\n<meta name=\"robots\" content=\"index, follow, max-snippet:-1, max-image-preview:large, max-video-preview:-1\" \/>\n<link rel=\"canonical\" href=\"https:\/\/revolutionpadelstore.com\/de\/produkt\/adidas-match-light-3-4-2025-1\/\" \/>\n<meta property=\"og:locale\" content=\"de_DE\" \/>\n<meta property=\"og:type\" content=\"article\" \/>\n<meta property=\"og:title\" content=\"ADIDAS MATCH LIGHT 3.4 2025 - Revolution Padel Store\" \/>\n<meta property=\"og:description\" content=\"Consigue la pala Adidas Match Light 3.4 2025, ligera y vers\u00e1til, ideal para principiantes que buscan control y comodidad. Disponible en Revolution Padel Store al mejor precio\" \/>\n<meta property=\"og:url\" content=\"https:\/\/revolutionpadelstore.com\/de\/produkt\/adidas-match-light-3-4-2025-1\/\" \/>\n<meta property=\"og:site_name\" content=\"Revolution Padel Store\" \/>\n<meta property=\"article:modified_time\" content=\"2026-04-08T07:30:36+00:00\" \/>\n<meta property=\"og:image\" content=\"https:\/\/revolutionpadelstore.com\/wp-content\/uploads\/2024\/12\/113672-pala-adidas-adidas-match-light-3-4-ar5ga1u111500x1500-1.webp\" \/>\n\t<meta property=\"og:image:width\" content=\"1500\" \/>\n\t<meta property=\"og:image:height\" content=\"1500\" \/>\n\t<meta property=\"og:image:type\" content=\"image\/webp\" \/>\n<meta name=\"twitter:card\" content=\"summary_large_image\" \/>\n<meta name=\"twitter:label1\" content=\"Gesch\u00e4tzte Lesezeit\" \/>\n\t<meta name=\"twitter:data1\" content=\"2\u00a0Minuten\" \/>\n<script type=\"application\/ld+json\" class=\"yoast-schema-graph\">{\"@context\":\"https:\\\/\\\/schema.org\",\"@graph\":[{\"@type\":\"WebPage\",\"@id\":\"https:\\\/\\\/revolutionpadelstore.com\\\/de\\\/produkt\\\/adidas-match-light-3-4-2025-1\\\/\",\"url\":\"https:\\\/\\\/revolutionpadelstore.com\\\/de\\\/produkt\\\/adidas-match-light-3-4-2025-1\\\/\",\"name\":\"ADIDAS MATCH LIGHT 3.4 2025 - Revolution Padel Store\",\"isPartOf\":{\"@id\":\"https:\\\/\\\/revolutionpadelstore.com\\\/de\\\/#website\"},\"primaryImageOfPage\":{\"@id\":\"https:\\\/\\\/revolutionpadelstore.com\\\/de\\\/produkt\\\/adidas-match-light-3-4-2025-1\\\/#primaryimage\"},\"image\":{\"@id\":\"https:\\\/\\\/revolutionpadelstore.com\\\/de\\\/produkt\\\/adidas-match-light-3-4-2025-1\\\/#primaryimage\"},\"thumbnailUrl\":\"https:\\\/\\\/revolutionpadelstore.com\\\/wp-content\\\/uploads\\\/2024\\\/12\\\/113672-pala-adidas-adidas-match-light-3-4-ar5ga1u111500x1500-1.webp\",\"datePublished\":\"2024-12-08T22:33:39+00:00\",\"dateModified\":\"2026-04-08T07:30:36+00:00\",\"description\":\"Consigue la pala Adidas Match Light 3.4 2025, ligera y vers\u00e1til, ideal para principiantes que buscan control y comodidad. Disponible en Revolution Padel Store al mejor precio\",\"breadcrumb\":{\"@id\":\"https:\\\/\\\/revolutionpadelstore.com\\\/de\\\/produkt\\\/adidas-match-light-3-4-2025-1\\\/#breadcrumb\"},\"inLanguage\":\"de\",\"potentialAction\":[{\"@type\":\"ReadAction\",\"target\":[\"https:\\\/\\\/revolutionpadelstore.com\\\/de\\\/produkt\\\/adidas-match-light-3-4-2025-1\\\/\"]}]},{\"@type\":\"ImageObject\",\"inLanguage\":\"de\",\"@id\":\"https:\\\/\\\/revolutionpadelstore.com\\\/de\\\/produkt\\\/adidas-match-light-3-4-2025-1\\\/#primaryimage\",\"url\":\"https:\\\/\\\/revolutionpadelstore.com\\\/wp-content\\\/uploads\\\/2024\\\/12\\\/113672-pala-adidas-adidas-match-light-3-4-ar5ga1u111500x1500-1.webp\",\"contentUrl\":\"https:\\\/\\\/revolutionpadelstore.com\\\/wp-content\\\/uploads\\\/2024\\\/12\\\/113672-pala-adidas-adidas-match-light-3-4-ar5ga1u111500x1500-1.webp\",\"width\":1500,\"height\":1500},{\"@type\":\"BreadcrumbList\",\"@id\":\"https:\\\/\\\/revolutionpadelstore.com\\\/de\\\/produkt\\\/adidas-match-light-3-4-2025-1\\\/#breadcrumb\",\"itemListElement\":[{\"@type\":\"ListItem\",\"position\":1,\"name\":\"Portada\",\"item\":\"https:\\\/\\\/revolutionpadelstore.com\\\/de\\\/\"},{\"@type\":\"ListItem\",\"position\":2,\"name\":\"Shop\",\"item\":\"https:\\\/\\\/revolutionpadelstore.com\\\/de\\\/tienda\\\/\"},{\"@type\":\"ListItem\",\"position\":3,\"name\":\"ADIDAS MATCH LIGHT 3.4 2025\"}]},{\"@type\":\"WebSite\",\"@id\":\"https:\\\/\\\/revolutionpadelstore.com\\\/de\\\/#website\",\"url\":\"https:\\\/\\\/revolutionpadelstore.com\\\/de\\\/\",\"name\":\"Revolution Padel Store\",\"description\":\"\",\"publisher\":{\"@id\":\"https:\\\/\\\/revolutionpadelstore.com\\\/de\\\/#organization\"},\"potentialAction\":[{\"@type\":\"SearchAction\",\"target\":{\"@type\":\"EntryPoint\",\"urlTemplate\":\"https:\\\/\\\/revolutionpadelstore.com\\\/de\\\/?s={search_term_string}\"},\"query-input\":{\"@type\":\"PropertyValueSpecification\",\"valueRequired\":true,\"valueName\":\"search_term_string\"}}],\"inLanguage\":\"de\"},{\"@type\":\"Organization\",\"@id\":\"https:\\\/\\\/revolutionpadelstore.com\\\/de\\\/#organization\",\"name\":\"Revolution Padel Store\",\"url\":\"https:\\\/\\\/revolutionpadelstore.com\\\/de\\\/\",\"logo\":{\"@type\":\"ImageObject\",\"inLanguage\":\"de\",\"@id\":\"https:\\\/\\\/revolutionpadelstore.com\\\/de\\\/#\\\/schema\\\/logo\\\/image\\\/\",\"url\":\"https:\\\/\\\/revolutionpadelstore.com\\\/wp-content\\\/uploads\\\/2026\\\/02\\\/revolution-padel-store.jpg\",\"contentUrl\":\"https:\\\/\\\/revolutionpadelstore.com\\\/wp-content\\\/uploads\\\/2026\\\/02\\\/revolution-padel-store.jpg\",\"width\":2000,\"height\":2000,\"caption\":\"Revolution Padel Store\"},\"image\":{\"@id\":\"https:\\\/\\\/revolutionpadelstore.com\\\/de\\\/#\\\/schema\\\/logo\\\/image\\\/\"},\"sameAs\":[\"https:\\\/\\\/www.instagram.com\\\/revolutionpadelstore\\\/\"]}]}<\/script>\n<!-- \/ Yoast SEO plugin. -->","yoast_head_json":{"title":"ADIDAS MATCH LIGHT 3.4 2025 - Revolution Padel Store","description":"Consigue la pala Adidas Match Light 3.4 2025, ligera y vers\u00e1til, ideal para principiantes que buscan control y comodidad. Disponible en Revolution Padel Store al mejor precio","robots":{"index":"index","follow":"follow","max-snippet":"max-snippet:-1","max-image-preview":"max-image-preview:large","max-video-preview":"max-video-preview:-1"},"canonical":"https:\/\/revolutionpadelstore.com\/de\/produkt\/adidas-match-light-3-4-2025-1\/","og_locale":"de_DE","og_type":"article","og_title":"ADIDAS MATCH LIGHT 3.4 2025 - Revolution Padel Store","og_description":"Consigue la pala Adidas Match Light 3.4 2025, ligera y vers\u00e1til, ideal para principiantes que buscan control y comodidad. Disponible en Revolution Padel Store al mejor precio","og_url":"https:\/\/revolutionpadelstore.com\/de\/produkt\/adidas-match-light-3-4-2025-1\/","og_site_name":"Revolution Padel Store","article_modified_time":"2026-04-08T07:30:36+00:00","og_image":[{"width":1500,"height":1500,"url":"https:\/\/revolutionpadelstore.com\/wp-content\/uploads\/2024\/12\/113672-pala-adidas-adidas-match-light-3-4-ar5ga1u111500x1500-1.webp","type":"image\/webp"}],"twitter_card":"summary_large_image","twitter_misc":{"Gesch\u00e4tzte Lesezeit":"2\u00a0Minuten"},"schema":{"@context":"https:\/\/schema.org","@graph":[{"@type":"WebPage","@id":"https:\/\/revolutionpadelstore.com\/de\/produkt\/adidas-match-light-3-4-2025-1\/","url":"https:\/\/revolutionpadelstore.com\/de\/produkt\/adidas-match-light-3-4-2025-1\/","name":"ADIDAS MATCH LIGHT 3.4 2025 - Revolution Padel Store","isPartOf":{"@id":"https:\/\/revolutionpadelstore.com\/de\/#website"},"primaryImageOfPage":{"@id":"https:\/\/revolutionpadelstore.com\/de\/produkt\/adidas-match-light-3-4-2025-1\/#primaryimage"},"image":{"@id":"https:\/\/revolutionpadelstore.com\/de\/produkt\/adidas-match-light-3-4-2025-1\/#primaryimage"},"thumbnailUrl":"https:\/\/revolutionpadelstore.com\/wp-content\/uploads\/2024\/12\/113672-pala-adidas-adidas-match-light-3-4-ar5ga1u111500x1500-1.webp","datePublished":"2024-12-08T22:33:39+00:00","dateModified":"2026-04-08T07:30:36+00:00","description":"Consigue la pala Adidas Match Light 3.4 2025, ligera y vers\u00e1til, ideal para principiantes que buscan control y comodidad. Disponible en Revolution Padel Store al mejor precio","breadcrumb":{"@id":"https:\/\/revolutionpadelstore.com\/de\/produkt\/adidas-match-light-3-4-2025-1\/#breadcrumb"},"inLanguage":"de","potentialAction":[{"@type":"ReadAction","target":["https:\/\/revolutionpadelstore.com\/de\/produkt\/adidas-match-light-3-4-2025-1\/"]}]},{"@type":"ImageObject","inLanguage":"de","@id":"https:\/\/revolutionpadelstore.com\/de\/produkt\/adidas-match-light-3-4-2025-1\/#primaryimage","url":"https:\/\/revolutionpadelstore.com\/wp-content\/uploads\/2024\/12\/113672-pala-adidas-adidas-match-light-3-4-ar5ga1u111500x1500-1.webp","contentUrl":"https:\/\/revolutionpadelstore.com\/wp-content\/uploads\/2024\/12\/113672-pala-adidas-adidas-match-light-3-4-ar5ga1u111500x1500-1.webp","width":1500,"height":1500},{"@type":"BreadcrumbList","@id":"https:\/\/revolutionpadelstore.com\/de\/produkt\/adidas-match-light-3-4-2025-1\/#breadcrumb","itemListElement":[{"@type":"ListItem","position":1,"name":"Portada","item":"https:\/\/revolutionpadelstore.com\/de\/"},{"@type":"ListItem","position":2,"name":"Shop","item":"https:\/\/revolutionpadelstore.com\/de\/tienda\/"},{"@type":"ListItem","position":3,"name":"ADIDAS MATCH LIGHT 3.4 2025"}]},{"@type":"WebSite","@id":"https:\/\/revolutionpadelstore.com\/de\/#website","url":"https:\/\/revolutionpadelstore.com\/de\/","name":"Revolution Padel Store","description":"","publisher":{"@id":"https:\/\/revolutionpadelstore.com\/de\/#organization"},"potentialAction":[{"@type":"SearchAction","target":{"@type":"EntryPoint","urlTemplate":"https:\/\/revolutionpadelstore.com\/de\/?s={search_term_string}"},"query-input":{"@type":"PropertyValueSpecification","valueRequired":true,"valueName":"search_term_string"}}],"inLanguage":"de"},{"@type":"Organization","@id":"https:\/\/revolutionpadelstore.com\/de\/#organization","name":"Revolution Padel Store","url":"https:\/\/revolutionpadelstore.com\/de\/","logo":{"@type":"ImageObject","inLanguage":"de","@id":"https:\/\/revolutionpadelstore.com\/de\/#\/schema\/logo\/image\/","url":"https:\/\/revolutionpadelstore.com\/wp-content\/uploads\/2026\/02\/revolution-padel-store.jpg","contentUrl":"https:\/\/revolutionpadelstore.com\/wp-content\/uploads\/2026\/02\/revolution-padel-store.jpg","width":2000,"height":2000,"caption":"Revolution Padel Store"},"image":{"@id":"https:\/\/revolutionpadelstore.com\/de\/#\/schema\/logo\/image\/"},"sameAs":["https:\/\/www.instagram.com\/revolutionpadelstore\/"]}]}},"_links":{"self":[{"href":"https:\/\/revolutionpadelstore.com\/de\/wp-json\/wp\/v2\/product\/154153","targetHints":{"allow":["GET"]}}],"collection":[{"href":"https:\/\/revolutionpadelstore.com\/de\/wp-json\/wp\/v2\/product"}],"about":[{"href":"https:\/\/revolutionpadelstore.com\/de\/wp-json\/wp\/v2\/types\/product"}],"replies":[{"embeddable":true,"href":"https:\/\/revolutionpadelstore.com\/de\/wp-json\/wp\/v2\/comments?post=154153"}],"wp:featuredmedia":[{"embeddable":true,"href":"https:\/\/revolutionpadelstore.com\/de\/wp-json\/wp\/v2\/media\/154112"}],"wp:attachment":[{"href":"https:\/\/revolutionpadelstore.com\/de\/wp-json\/wp\/v2\/media?parent=154153"}],"wp:term":[{"taxonomy":"acabado","embeddable":true,"href":"https:\/\/revolutionpadelstore.com\/de\/wp-json\/wp\/v2\/acabado?post=154153"},{"taxonomy":"balance","embeddable":true,"href":"https:\/\/revolutionpadelstore.com\/de\/wp-json\/wp\/v2\/balance?post=154153"},{"taxonomy":"dureza","embeddable":true,"href":"https:\/\/revolutionpadelstore.com\/de\/wp-json\/wp\/v2\/dureza?post=154153"},{"taxonomy":"forma","embeddable":true,"href":"https:\/\/revolutionpadelstore.com\/de\/wp-json\/wp\/v2\/forma?post=154153"},{"taxonomy":"jugador","embeddable":true,"href":"https:\/\/revolutionpadelstore.com\/de\/wp-json\/wp\/v2\/jugador?post=154153"},{"taxonomy":"marca","embeddable":true,"href":"https:\/\/revolutionpadelstore.com\/de\/wp-json\/wp\/v2\/marca?post=154153"},{"taxonomy":"nivel-de-juego","embeddable":true,"href":"https:\/\/revolutionpadelstore.com\/de\/wp-json\/wp\/v2\/nivel-de-juego?post=154153"},{"taxonomy":"superficie","embeddable":true,"href":"https:\/\/revolutionpadelstore.com\/de\/wp-json\/wp\/v2\/superficie?post=154153"},{"taxonomy":"tipo-de-juego","embeddable":true,"href":"https:\/\/revolutionpadelstore.com\/de\/wp-json\/wp\/v2\/tipo-de-juego?post=154153"},{"taxonomy":"product_brand","embeddable":true,"href":"https:\/\/revolutionpadelstore.com\/de\/wp-json\/wp\/v2\/product_brand?post=154153"},{"taxonomy":"product_cat","embeddable":true,"href":"https:\/\/revolutionpadelstore.com\/de\/wp-json\/wp\/v2\/product_cat?post=154153"},{"taxonomy":"product_tag","embeddable":true,"href":"https:\/\/revolutionpadelstore.com\/de\/wp-json\/wp\/v2\/product_tag?post=154153"}],"curies":[{"name":"wp","href":"https:\/\/api.w.org\/{rel}","templated":true}]}}