{"id":153965,"date":"2024-12-08T16:59:52","date_gmt":"2024-12-08T15:59:52","guid":{"rendered":"https:\/\/revolutionpadelstore.com\/?post_type=product&#038;p=153965"},"modified":"2026-04-20T02:00:42","modified_gmt":"2026-04-20T00:00:42","slug":"adidas-adipower-junior-3-4-2025","status":"publish","type":"product","link":"https:\/\/revolutionpadelstore.com\/de\/produkt\/adidas-adipower-junior-3-4-2025\/","title":{"rendered":"ADIDAS ADIPOWER JUNIOR 3.4 2025"},"content":{"rendered":"<h2> <strong> adidas adipower junior 3.4 2024 &#8211; Das runde Schaufel ideal f\u00fcr junge Talente <\/ strong> <\/ h2><br \/>\nEntdecken Sie die <strong> adidas adipower junior 3.4 2024 <\/strong>, insbesondere f\u00fcr Kinder und Jugendliche, die in der Welt des Paddle beginnen. Mit einem leichten und runden Format bietet diese Schaufel au\u00dfergew\u00f6hnliche Kontrolle und Komfort f\u00fcr zuk\u00fcnftige Champions. Entwickelt, um Ihr Wachstum zu begleiten, ist die perfekte Option, um die Technik und das Vertrauen in jeden Schlag zu verbessern.<\/p>\n<h2> <strong> Haupteigenschaften: <\/ strong> <\/ h2><\/p>\n<p> <strong> -format: <\/strong> Runde, perfekt, um die Kontrolle zu maximieren und defensive Schl\u00e4ge zu erleichtern<\/p>\n<p> <strong> -Peso: <\/strong> zwischen 310-330 Gramm, ideal f\u00fcr das Man\u00f6vrieren mit Beweglichkeit.<\/p>\n<p> <strong> -Material Gesichter: <\/strong> Glasfaser, eine weiche Note und einen ausgezeichneten Ballauslass.<\/p>\n<p> <strong> -Nucole: <\/strong> eva weiche Leistung, die in jedem Schlag einen komfortablen und optimalen Touch bietet.<\/p>\n<p> <strong> -advancierte Technologien: <\/strong> <\/p>\n<p> <strong> -Dales Exoskelett: <\/strong> verst\u00e4rkt den Rahmen und den Kern f\u00fcr eine gr\u00f6\u00dfere Stabilit\u00e4t im Spiel.<\/p>\n<p> <strong> -strukturelle Verst\u00e4rkung: <\/strong> Erh\u00f6ht die Resistenz gegen Torsionen<br \/>\n<P> <strong> -Smart -L\u00f6cher Kurve: <\/strong> Heilige Disposition, um die Auswirkungen auf Schl\u00e4ge zu verbessern<\/p>\n<h2> <strong> Vorteile f\u00fcr junge Spieler: <\/ strong> <\/ h2><\/p>\n<p> <strong> -Ligereza und Kontrolle: <\/strong> perfekt zum Lernen von offensiven und defensiven Schl\u00e4gen.<\/p>\n<p> <strong> -perfekte Bewertung: <\/strong> niedriges Gleichgewicht, das das Management erleichtert und die Erm\u00fcdung w\u00e4hrend des Spiels verringert.<\/p>\n<p> <strong> -Dahit\u00e4t und Komfort: <\/strong> hochwertige Materialien, die eine l\u00e4ngere Leistung und eine komfortable Note gew\u00e4hrleisten.<\/p>\n<p><H2> <strong> Warum die Adidas Adipower Junior 3.4 2024 w\u00e4hlen?<br \/>\nDiese Schaufel ist speziell entwickelt, um sich an die physischen und technischen Bed\u00fcrfnisse j\u00fcngerer Spieler anzupassen. Sein funktionelles Design und der Zustand -Die -ART -Technologien sorgen f\u00fcr fl\u00fcssiges Lernen und erm\u00f6glichen es jeder Partei, eine motivierende Erfahrung zu sein. Ideal f\u00fcr zuk\u00fcnftige Paddel -Talente!<\/p>\n<p>Die Entwicklung von F\u00e4higkeiten in den Kleinen erleichtern mit diesem leichten, resistenten und zuverl\u00e4ssigen Werkzeug. Es ist der erste Schritt in Richtung eines wettbewerbsf\u00e4higeren und sichereren Spiels.<\/p>\n<p><strong> jetzt in unserem Online -Shop erh\u00e4ltlich <a href=\"https:\/\/www.revolutionpadelstore.com\/\" target=\"_ new\" rel=\"noopener\"> Revolution Padel Store <\/a>! Wahrscheinlich zum besten Marktpreis<\/p>\n<h2><strong>Adidas Adipower Junior 3.4 2024 &#8211; La pala redonda ideal para j\u00f3venes talentos<\/strong><\/p>\n","protected":false},"excerpt":{"rendered":"<p>Adidas Adipower Junior 3.4 2024 kombiniert die Technologie f\u00fcr Ligern, Kontrolle und Avant -Gartte, um junge Spieler in ihrer Entwicklung zu unterst\u00fctzen und ihnen zu helfen, ihre Paddeltechnik zu perfektionieren.<\/p>\n","protected":false},"featured_media":153971,"comment_status":"open","ping_status":"closed","template":"","meta":{"_acf_changed":false,"_joinchat":[]},"acabado":[1084],"balance":[1144],"dureza":[1149],"forma":[1179],"jugador":[1204],"marca":[1229],"nivel-de-juego":[1349],"superficie":[1354],"tipo-de-juego":[1369],"product_brand":[],"product_cat":[299],"product_tag":[],"class_list":{"0":"post-153965","1":"product","2":"type-product","3":"status-publish","4":"has-post-thumbnail","6":"acabado-kumpel","7":"balance-niedrig","8":"dureza-blanda-de","9":"forma-rund","10":"jugador-junior-de","11":"marca-adidas-de","12":"superficie-lisa-de","13":"tipo-de-juego-kontrolle","14":"product_cat-palas-de-padel-de","16":"first","17":"instock","18":"sale","19":"taxable","20":"shipping-taxable","21":"purchasable","22":"product-type-simple"},"acf":[],"yoast_head":"<!-- This site is optimized with the Yoast SEO plugin v27.4 - https:\/\/yoast.com\/product\/yoast-seo-wordpress\/ -->\n<title>ADIDAS ADIPOWER JUNIOR 3.4 2025 - Revolution Padel Store<\/title>\n<meta name=\"description\" content=\"Descubre la Adidas Adipower Junior 3.4 2024, una pala redonda ultraligera para ni\u00f1os, dise\u00f1ada con tecnolog\u00edas avanzadas para ofrecer control, comodidad y durabilidad. Perfecta para j\u00f3venes talentos del p\u00e1del. \u00a1C\u00f3mprala en Revolution Padel Store!\" \/>\n<meta name=\"robots\" content=\"index, follow, max-snippet:-1, max-image-preview:large, max-video-preview:-1\" \/>\n<link rel=\"canonical\" href=\"https:\/\/revolutionpadelstore.com\/de\/produkt\/adidas-adipower-junior-3-4-2025\/\" \/>\n<meta property=\"og:locale\" content=\"de_DE\" \/>\n<meta property=\"og:type\" content=\"article\" \/>\n<meta property=\"og:title\" content=\"ADIDAS ADIPOWER JUNIOR 3.4 2025 - Revolution Padel Store\" \/>\n<meta property=\"og:description\" content=\"Descubre la Adidas Adipower Junior 3.4 2024, una pala redonda ultraligera para ni\u00f1os, dise\u00f1ada con tecnolog\u00edas avanzadas para ofrecer control, comodidad y durabilidad. Perfecta para j\u00f3venes talentos del p\u00e1del. \u00a1C\u00f3mprala en Revolution Padel Store!\" \/>\n<meta property=\"og:url\" content=\"https:\/\/revolutionpadelstore.com\/de\/produkt\/adidas-adipower-junior-3-4-2025\/\" \/>\n<meta property=\"og:site_name\" content=\"Revolution Padel Store\" \/>\n<meta property=\"article:modified_time\" content=\"2026-04-20T00:00:42+00:00\" \/>\n<meta property=\"og:image\" content=\"https:\/\/revolutionpadelstore.com\/wp-content\/uploads\/2024\/12\/113675-pala-adidas-adipower-junior-3-4-ar4ca0u311500x1500-1.webp\" \/>\n\t<meta property=\"og:image:width\" content=\"1500\" \/>\n\t<meta property=\"og:image:height\" content=\"1500\" \/>\n\t<meta property=\"og:image:type\" content=\"image\/webp\" \/>\n<meta name=\"twitter:card\" content=\"summary_large_image\" \/>\n<meta name=\"twitter:label1\" content=\"Gesch\u00e4tzte Lesezeit\" \/>\n\t<meta name=\"twitter:data1\" content=\"2\u00a0Minuten\" \/>\n<script type=\"application\/ld+json\" class=\"yoast-schema-graph\">{\"@context\":\"https:\\\/\\\/schema.org\",\"@graph\":[{\"@type\":\"WebPage\",\"@id\":\"https:\\\/\\\/revolutionpadelstore.com\\\/de\\\/produkt\\\/adidas-adipower-junior-3-4-2025\\\/\",\"url\":\"https:\\\/\\\/revolutionpadelstore.com\\\/de\\\/produkt\\\/adidas-adipower-junior-3-4-2025\\\/\",\"name\":\"ADIDAS ADIPOWER JUNIOR 3.4 2025 - Revolution Padel Store\",\"isPartOf\":{\"@id\":\"https:\\\/\\\/revolutionpadelstore.com\\\/de\\\/#website\"},\"primaryImageOfPage\":{\"@id\":\"https:\\\/\\\/revolutionpadelstore.com\\\/de\\\/produkt\\\/adidas-adipower-junior-3-4-2025\\\/#primaryimage\"},\"image\":{\"@id\":\"https:\\\/\\\/revolutionpadelstore.com\\\/de\\\/produkt\\\/adidas-adipower-junior-3-4-2025\\\/#primaryimage\"},\"thumbnailUrl\":\"https:\\\/\\\/revolutionpadelstore.com\\\/wp-content\\\/uploads\\\/2024\\\/12\\\/113675-pala-adidas-adipower-junior-3-4-ar4ca0u311500x1500-1.webp\",\"datePublished\":\"2024-12-08T15:59:52+00:00\",\"dateModified\":\"2026-04-20T00:00:42+00:00\",\"description\":\"Descubre la Adidas Adipower Junior 3.4 2024, una pala redonda ultraligera para ni\u00f1os, dise\u00f1ada con tecnolog\u00edas avanzadas para ofrecer control, comodidad y durabilidad. Perfecta para j\u00f3venes talentos del p\u00e1del. \u00a1C\u00f3mprala en Revolution Padel Store!\",\"breadcrumb\":{\"@id\":\"https:\\\/\\\/revolutionpadelstore.com\\\/de\\\/produkt\\\/adidas-adipower-junior-3-4-2025\\\/#breadcrumb\"},\"inLanguage\":\"de\",\"potentialAction\":[{\"@type\":\"ReadAction\",\"target\":[\"https:\\\/\\\/revolutionpadelstore.com\\\/de\\\/produkt\\\/adidas-adipower-junior-3-4-2025\\\/\"]}]},{\"@type\":\"ImageObject\",\"inLanguage\":\"de\",\"@id\":\"https:\\\/\\\/revolutionpadelstore.com\\\/de\\\/produkt\\\/adidas-adipower-junior-3-4-2025\\\/#primaryimage\",\"url\":\"https:\\\/\\\/revolutionpadelstore.com\\\/wp-content\\\/uploads\\\/2024\\\/12\\\/113675-pala-adidas-adipower-junior-3-4-ar4ca0u311500x1500-1.webp\",\"contentUrl\":\"https:\\\/\\\/revolutionpadelstore.com\\\/wp-content\\\/uploads\\\/2024\\\/12\\\/113675-pala-adidas-adipower-junior-3-4-ar4ca0u311500x1500-1.webp\",\"width\":1500,\"height\":1500},{\"@type\":\"BreadcrumbList\",\"@id\":\"https:\\\/\\\/revolutionpadelstore.com\\\/de\\\/produkt\\\/adidas-adipower-junior-3-4-2025\\\/#breadcrumb\",\"itemListElement\":[{\"@type\":\"ListItem\",\"position\":1,\"name\":\"Portada\",\"item\":\"https:\\\/\\\/revolutionpadelstore.com\\\/de\\\/\"},{\"@type\":\"ListItem\",\"position\":2,\"name\":\"Shop\",\"item\":\"https:\\\/\\\/revolutionpadelstore.com\\\/de\\\/tienda\\\/\"},{\"@type\":\"ListItem\",\"position\":3,\"name\":\"ADIDAS ADIPOWER JUNIOR 3.4 2025\"}]},{\"@type\":\"WebSite\",\"@id\":\"https:\\\/\\\/revolutionpadelstore.com\\\/de\\\/#website\",\"url\":\"https:\\\/\\\/revolutionpadelstore.com\\\/de\\\/\",\"name\":\"Revolution Padel Store\",\"description\":\"\",\"publisher\":{\"@id\":\"https:\\\/\\\/revolutionpadelstore.com\\\/de\\\/#organization\"},\"potentialAction\":[{\"@type\":\"SearchAction\",\"target\":{\"@type\":\"EntryPoint\",\"urlTemplate\":\"https:\\\/\\\/revolutionpadelstore.com\\\/de\\\/?s={search_term_string}\"},\"query-input\":{\"@type\":\"PropertyValueSpecification\",\"valueRequired\":true,\"valueName\":\"search_term_string\"}}],\"inLanguage\":\"de\"},{\"@type\":\"Organization\",\"@id\":\"https:\\\/\\\/revolutionpadelstore.com\\\/de\\\/#organization\",\"name\":\"Revolution Padel Store\",\"url\":\"https:\\\/\\\/revolutionpadelstore.com\\\/de\\\/\",\"logo\":{\"@type\":\"ImageObject\",\"inLanguage\":\"de\",\"@id\":\"https:\\\/\\\/revolutionpadelstore.com\\\/de\\\/#\\\/schema\\\/logo\\\/image\\\/\",\"url\":\"https:\\\/\\\/revolutionpadelstore.com\\\/wp-content\\\/uploads\\\/2026\\\/02\\\/revolution-padel-store.jpg\",\"contentUrl\":\"https:\\\/\\\/revolutionpadelstore.com\\\/wp-content\\\/uploads\\\/2026\\\/02\\\/revolution-padel-store.jpg\",\"width\":2000,\"height\":2000,\"caption\":\"Revolution Padel Store\"},\"image\":{\"@id\":\"https:\\\/\\\/revolutionpadelstore.com\\\/de\\\/#\\\/schema\\\/logo\\\/image\\\/\"},\"sameAs\":[\"https:\\\/\\\/www.instagram.com\\\/revolutionpadelstore\\\/\"]}]}<\/script>\n<!-- \/ Yoast SEO plugin. -->","yoast_head_json":{"title":"ADIDAS ADIPOWER JUNIOR 3.4 2025 - Revolution Padel Store","description":"Descubre la Adidas Adipower Junior 3.4 2024, una pala redonda ultraligera para ni\u00f1os, dise\u00f1ada con tecnolog\u00edas avanzadas para ofrecer control, comodidad y durabilidad. Perfecta para j\u00f3venes talentos del p\u00e1del. \u00a1C\u00f3mprala en Revolution Padel Store!","robots":{"index":"index","follow":"follow","max-snippet":"max-snippet:-1","max-image-preview":"max-image-preview:large","max-video-preview":"max-video-preview:-1"},"canonical":"https:\/\/revolutionpadelstore.com\/de\/produkt\/adidas-adipower-junior-3-4-2025\/","og_locale":"de_DE","og_type":"article","og_title":"ADIDAS ADIPOWER JUNIOR 3.4 2025 - Revolution Padel Store","og_description":"Descubre la Adidas Adipower Junior 3.4 2024, una pala redonda ultraligera para ni\u00f1os, dise\u00f1ada con tecnolog\u00edas avanzadas para ofrecer control, comodidad y durabilidad. Perfecta para j\u00f3venes talentos del p\u00e1del. \u00a1C\u00f3mprala en Revolution Padel Store!","og_url":"https:\/\/revolutionpadelstore.com\/de\/produkt\/adidas-adipower-junior-3-4-2025\/","og_site_name":"Revolution Padel Store","article_modified_time":"2026-04-20T00:00:42+00:00","og_image":[{"width":1500,"height":1500,"url":"https:\/\/revolutionpadelstore.com\/wp-content\/uploads\/2024\/12\/113675-pala-adidas-adipower-junior-3-4-ar4ca0u311500x1500-1.webp","type":"image\/webp"}],"twitter_card":"summary_large_image","twitter_misc":{"Gesch\u00e4tzte Lesezeit":"2\u00a0Minuten"},"schema":{"@context":"https:\/\/schema.org","@graph":[{"@type":"WebPage","@id":"https:\/\/revolutionpadelstore.com\/de\/produkt\/adidas-adipower-junior-3-4-2025\/","url":"https:\/\/revolutionpadelstore.com\/de\/produkt\/adidas-adipower-junior-3-4-2025\/","name":"ADIDAS ADIPOWER JUNIOR 3.4 2025 - Revolution Padel Store","isPartOf":{"@id":"https:\/\/revolutionpadelstore.com\/de\/#website"},"primaryImageOfPage":{"@id":"https:\/\/revolutionpadelstore.com\/de\/produkt\/adidas-adipower-junior-3-4-2025\/#primaryimage"},"image":{"@id":"https:\/\/revolutionpadelstore.com\/de\/produkt\/adidas-adipower-junior-3-4-2025\/#primaryimage"},"thumbnailUrl":"https:\/\/revolutionpadelstore.com\/wp-content\/uploads\/2024\/12\/113675-pala-adidas-adipower-junior-3-4-ar4ca0u311500x1500-1.webp","datePublished":"2024-12-08T15:59:52+00:00","dateModified":"2026-04-20T00:00:42+00:00","description":"Descubre la Adidas Adipower Junior 3.4 2024, una pala redonda ultraligera para ni\u00f1os, dise\u00f1ada con tecnolog\u00edas avanzadas para ofrecer control, comodidad y durabilidad. Perfecta para j\u00f3venes talentos del p\u00e1del. \u00a1C\u00f3mprala en Revolution Padel Store!","breadcrumb":{"@id":"https:\/\/revolutionpadelstore.com\/de\/produkt\/adidas-adipower-junior-3-4-2025\/#breadcrumb"},"inLanguage":"de","potentialAction":[{"@type":"ReadAction","target":["https:\/\/revolutionpadelstore.com\/de\/produkt\/adidas-adipower-junior-3-4-2025\/"]}]},{"@type":"ImageObject","inLanguage":"de","@id":"https:\/\/revolutionpadelstore.com\/de\/produkt\/adidas-adipower-junior-3-4-2025\/#primaryimage","url":"https:\/\/revolutionpadelstore.com\/wp-content\/uploads\/2024\/12\/113675-pala-adidas-adipower-junior-3-4-ar4ca0u311500x1500-1.webp","contentUrl":"https:\/\/revolutionpadelstore.com\/wp-content\/uploads\/2024\/12\/113675-pala-adidas-adipower-junior-3-4-ar4ca0u311500x1500-1.webp","width":1500,"height":1500},{"@type":"BreadcrumbList","@id":"https:\/\/revolutionpadelstore.com\/de\/produkt\/adidas-adipower-junior-3-4-2025\/#breadcrumb","itemListElement":[{"@type":"ListItem","position":1,"name":"Portada","item":"https:\/\/revolutionpadelstore.com\/de\/"},{"@type":"ListItem","position":2,"name":"Shop","item":"https:\/\/revolutionpadelstore.com\/de\/tienda\/"},{"@type":"ListItem","position":3,"name":"ADIDAS ADIPOWER JUNIOR 3.4 2025"}]},{"@type":"WebSite","@id":"https:\/\/revolutionpadelstore.com\/de\/#website","url":"https:\/\/revolutionpadelstore.com\/de\/","name":"Revolution Padel Store","description":"","publisher":{"@id":"https:\/\/revolutionpadelstore.com\/de\/#organization"},"potentialAction":[{"@type":"SearchAction","target":{"@type":"EntryPoint","urlTemplate":"https:\/\/revolutionpadelstore.com\/de\/?s={search_term_string}"},"query-input":{"@type":"PropertyValueSpecification","valueRequired":true,"valueName":"search_term_string"}}],"inLanguage":"de"},{"@type":"Organization","@id":"https:\/\/revolutionpadelstore.com\/de\/#organization","name":"Revolution Padel Store","url":"https:\/\/revolutionpadelstore.com\/de\/","logo":{"@type":"ImageObject","inLanguage":"de","@id":"https:\/\/revolutionpadelstore.com\/de\/#\/schema\/logo\/image\/","url":"https:\/\/revolutionpadelstore.com\/wp-content\/uploads\/2026\/02\/revolution-padel-store.jpg","contentUrl":"https:\/\/revolutionpadelstore.com\/wp-content\/uploads\/2026\/02\/revolution-padel-store.jpg","width":2000,"height":2000,"caption":"Revolution Padel Store"},"image":{"@id":"https:\/\/revolutionpadelstore.com\/de\/#\/schema\/logo\/image\/"},"sameAs":["https:\/\/www.instagram.com\/revolutionpadelstore\/"]}]}},"_links":{"self":[{"href":"https:\/\/revolutionpadelstore.com\/de\/wp-json\/wp\/v2\/product\/153965","targetHints":{"allow":["GET"]}}],"collection":[{"href":"https:\/\/revolutionpadelstore.com\/de\/wp-json\/wp\/v2\/product"}],"about":[{"href":"https:\/\/revolutionpadelstore.com\/de\/wp-json\/wp\/v2\/types\/product"}],"replies":[{"embeddable":true,"href":"https:\/\/revolutionpadelstore.com\/de\/wp-json\/wp\/v2\/comments?post=153965"}],"wp:featuredmedia":[{"embeddable":true,"href":"https:\/\/revolutionpadelstore.com\/de\/wp-json\/wp\/v2\/media\/153971"}],"wp:attachment":[{"href":"https:\/\/revolutionpadelstore.com\/de\/wp-json\/wp\/v2\/media?parent=153965"}],"wp:term":[{"taxonomy":"acabado","embeddable":true,"href":"https:\/\/revolutionpadelstore.com\/de\/wp-json\/wp\/v2\/acabado?post=153965"},{"taxonomy":"balance","embeddable":true,"href":"https:\/\/revolutionpadelstore.com\/de\/wp-json\/wp\/v2\/balance?post=153965"},{"taxonomy":"dureza","embeddable":true,"href":"https:\/\/revolutionpadelstore.com\/de\/wp-json\/wp\/v2\/dureza?post=153965"},{"taxonomy":"forma","embeddable":true,"href":"https:\/\/revolutionpadelstore.com\/de\/wp-json\/wp\/v2\/forma?post=153965"},{"taxonomy":"jugador","embeddable":true,"href":"https:\/\/revolutionpadelstore.com\/de\/wp-json\/wp\/v2\/jugador?post=153965"},{"taxonomy":"marca","embeddable":true,"href":"https:\/\/revolutionpadelstore.com\/de\/wp-json\/wp\/v2\/marca?post=153965"},{"taxonomy":"nivel-de-juego","embeddable":true,"href":"https:\/\/revolutionpadelstore.com\/de\/wp-json\/wp\/v2\/nivel-de-juego?post=153965"},{"taxonomy":"superficie","embeddable":true,"href":"https:\/\/revolutionpadelstore.com\/de\/wp-json\/wp\/v2\/superficie?post=153965"},{"taxonomy":"tipo-de-juego","embeddable":true,"href":"https:\/\/revolutionpadelstore.com\/de\/wp-json\/wp\/v2\/tipo-de-juego?post=153965"},{"taxonomy":"product_brand","embeddable":true,"href":"https:\/\/revolutionpadelstore.com\/de\/wp-json\/wp\/v2\/product_brand?post=153965"},{"taxonomy":"product_cat","embeddable":true,"href":"https:\/\/revolutionpadelstore.com\/de\/wp-json\/wp\/v2\/product_cat?post=153965"},{"taxonomy":"product_tag","embeddable":true,"href":"https:\/\/revolutionpadelstore.com\/de\/wp-json\/wp\/v2\/product_tag?post=153965"}],"curies":[{"name":"wp","href":"https:\/\/api.w.org\/{rel}","templated":true}]}}