{"id":153910,"date":"2024-12-08T16:40:06","date_gmt":"2024-12-08T15:40:06","guid":{"rendered":"https:\/\/revolutionpadelstore.com\/adidas-metalbone-team-3-4-2025\/"},"modified":"2026-04-08T09:32:59","modified_gmt":"2026-04-08T07:32:59","slug":"adidas-metalbone-team-3-4-2025-1","status":"publish","type":"product","link":"https:\/\/revolutionpadelstore.com\/de\/produkt\/adidas-metalbone-team-3-4-2025-1\/","title":{"rendered":"ADIDAS METALBONE TEAM 3.4 2025"},"content":{"rendered":"<h2> Adidas Metalbone Team 3.4, Power und Advanced Design f\u00fcr ein offensives Spiel <\/H2><br \/>\nDas adidas Metalbone -Team 3.4 <\/strong> ist f\u00fcr fortschrittliche Spieler ausgelegt, die den Angriff auf der Strecke dominieren m\u00f6chten. Sein Format in <strong> Diamond <\/strong> mit Gewicht zwischen 360 und 375 Gramm bietet ein hohes Gleichgewicht, das jeden offensiven Schlag verbessert, ideal f\u00fcr t\u00f6dliche Auktionen und Effekte mit Wirkung. Das moderne Design in <strong> Schwarz mit roten Details <\/strong> spiegelt die St\u00e4rke und Dynamik dieser Schaufel wider.<\/p>\n<h2> Schl\u00fcsseltechnologien und -funktionen <\/ h2><br \/>\n<P> <strong> -Fibra von Glass Auf den Pl\u00e4nen: <\/strong> bietet eine weiche und komfortable Ber\u00fchrung, die Pr\u00e4zision und Komfort beim Schlagen beg\u00fcnstigen.<\/p>\n<p> <strong> -Spin -Blatt -Gritt: <\/strong> sandige Textur auf Gesichtern, um den Ballgriff zu verbessern und spektakul\u00e4re Effekte zu erzielen.<br \/>\n<P> <strong> -Nucole Soft Performance EVA: <\/strong> Gummi mit niedriger Dichte, die einen au\u00dfergew\u00f6hnlichen Ballauslass und einen gr\u00f6\u00dferen Komfort bietet<\/p>\n<p> <strong> -Octogonal Struktur: <\/strong> Erh\u00f6ht die Pr\u00e4zision durch Minimierung von Torsion w\u00e4hrend des Putsches<\/p>\n<p> <strong> -Power zus\u00e4tzlicher Griff: <\/strong> L\u00e4nglicher Griff f\u00fcr einen festeren und komfortableren Griff.<\/p>\n<p> <strong> -Design niedriger Poly: <\/strong> innovativer Polyedralrahmen, der Tr\u00e4gheit verbessert und in jedem Schlag mehr Kraft garantiert.<\/p>\n<h2> Vorteile f\u00fcr offensive Spieler <\/ h2><br \/>\nMit seiner <strong> hohen Balance <\/strong> und fortschrittliche Technologien ist diese Schaufel der ideale Partner f\u00fcr dynamische Spieler, die <strong> Power und den Effekt <\/strong> priorisieren. Die robuste Konstruktion und sein ergonomisches Design sorgen f\u00fcr eine optimale Leistung in den anspruchsvollsten Parteien.<\/p>\n<h2> jetzt im Revolution Padel Store erh\u00e4ltlich <\/ H2><br \/>\nDas adidas Metalbone -Team 3.4 <\/strong> ist perfekt f\u00fcr diejenigen, die ihr Spiel auf das n\u00e4chste Level bringen m\u00f6chten. Holen Sie sich in unseren Online -Shop, <a href=\"https:\/\/www.revolutionpadelstore.com\" target=\"_ new\" rel=\"noopener\"> www.revolutionpadelstore.com <\/a> wahrscheinlich zum besten Marktpreis.<br \/>\n<H4> <\/h4>\n<h2>Adidas Metalbone Team 3.4, potencia y dise\u00f1o avanzado para un juego ofensivo<\/h2>\n","protected":false},"excerpt":{"rendered":"<p>Das adidas Metalbone Team 3.4 Schaufel konzentrierte sich auf Angriffsschl\u00e4ge mit einem Diamanten- und einem hohen Gleichgewichtsform, ideal f\u00fcr fortschrittliche Spieler, die nach mehr Kraft suchen.<\/p>\n","protected":false},"featured_media":153869,"comment_status":"open","ping_status":"closed","template":"","meta":{"_acf_changed":false,"_joinchat":[]},"acabado":[1104],"balance":[1134],"dureza":[1149],"forma":[1169],"jugador":[1189,1199],"marca":[1229],"nivel-de-juego":[1334,1339],"superficie":[1359],"tipo-de-juego":[1374],"product_brand":[],"product_cat":[299],"product_tag":[],"class_list":{"0":"post-153910","1":"product","2":"type-product","3":"status-publish","4":"has-post-thumbnail","6":"acabado-rau","7":"balance-hoch","8":"dureza-blanda-de","9":"forma-diamante-de","10":"jugador-mann","11":"jugador-mehrzweck","12":"marca-adidas-de","13":"superficie-rugosa-de","14":"tipo-de-juego-leistung","15":"product_cat-palas-de-padel-de","17":"first","18":"instock","19":"sale","20":"taxable","21":"shipping-taxable","22":"purchasable","23":"product-type-simple"},"acf":[],"yoast_head":"<!-- This site is optimized with the Yoast SEO plugin v27.4 - https:\/\/yoast.com\/product\/yoast-seo-wordpress\/ -->\n<title>ADIDAS METALBONE TEAM 3.4 2025 - Revolution Padel Store<\/title>\n<meta name=\"description\" content=\"Descubre la Adidas Metalbone Team 3.4, una pala de nivel avanzado con dise\u00f1o potente y tecnolog\u00edas exclusivas para golpes ofensivos. Disponible en Revolution Padel Store al mejor precio.\" \/>\n<meta name=\"robots\" content=\"index, follow, max-snippet:-1, max-image-preview:large, max-video-preview:-1\" \/>\n<link rel=\"canonical\" href=\"https:\/\/revolutionpadelstore.com\/de\/produkt\/adidas-metalbone-team-3-4-2025-1\/\" \/>\n<meta property=\"og:locale\" content=\"de_DE\" \/>\n<meta property=\"og:type\" content=\"article\" \/>\n<meta property=\"og:title\" content=\"ADIDAS METALBONE TEAM 3.4 2025 - Revolution Padel Store\" \/>\n<meta property=\"og:description\" content=\"Descubre la Adidas Metalbone Team 3.4, una pala de nivel avanzado con dise\u00f1o potente y tecnolog\u00edas exclusivas para golpes ofensivos. Disponible en Revolution Padel Store al mejor precio.\" \/>\n<meta property=\"og:url\" content=\"https:\/\/revolutionpadelstore.com\/de\/produkt\/adidas-metalbone-team-3-4-2025-1\/\" \/>\n<meta property=\"og:site_name\" content=\"Revolution Padel Store\" \/>\n<meta property=\"article:modified_time\" content=\"2026-04-08T07:32:59+00:00\" \/>\n<meta property=\"og:image\" content=\"https:\/\/revolutionpadelstore.com\/wp-content\/uploads\/2024\/12\/113688-pala-adidas-metalbone-team-3-4-ar2aa0u421500x1500-1-1.webp\" \/>\n\t<meta property=\"og:image:width\" content=\"1500\" \/>\n\t<meta property=\"og:image:height\" content=\"1500\" \/>\n\t<meta property=\"og:image:type\" content=\"image\/webp\" \/>\n<meta name=\"twitter:card\" content=\"summary_large_image\" \/>\n<meta name=\"twitter:label1\" content=\"Gesch\u00e4tzte Lesezeit\" \/>\n\t<meta name=\"twitter:data1\" content=\"1\u00a0Minute\" \/>\n<script type=\"application\/ld+json\" class=\"yoast-schema-graph\">{\"@context\":\"https:\\\/\\\/schema.org\",\"@graph\":[{\"@type\":\"WebPage\",\"@id\":\"https:\\\/\\\/revolutionpadelstore.com\\\/de\\\/produkt\\\/adidas-metalbone-team-3-4-2025-1\\\/\",\"url\":\"https:\\\/\\\/revolutionpadelstore.com\\\/de\\\/produkt\\\/adidas-metalbone-team-3-4-2025-1\\\/\",\"name\":\"ADIDAS METALBONE TEAM 3.4 2025 - Revolution Padel Store\",\"isPartOf\":{\"@id\":\"https:\\\/\\\/revolutionpadelstore.com\\\/de\\\/#website\"},\"primaryImageOfPage\":{\"@id\":\"https:\\\/\\\/revolutionpadelstore.com\\\/de\\\/produkt\\\/adidas-metalbone-team-3-4-2025-1\\\/#primaryimage\"},\"image\":{\"@id\":\"https:\\\/\\\/revolutionpadelstore.com\\\/de\\\/produkt\\\/adidas-metalbone-team-3-4-2025-1\\\/#primaryimage\"},\"thumbnailUrl\":\"https:\\\/\\\/revolutionpadelstore.com\\\/wp-content\\\/uploads\\\/2024\\\/12\\\/113688-pala-adidas-metalbone-team-3-4-ar2aa0u421500x1500-1-1.webp\",\"datePublished\":\"2024-12-08T15:40:06+00:00\",\"dateModified\":\"2026-04-08T07:32:59+00:00\",\"description\":\"Descubre la Adidas Metalbone Team 3.4, una pala de nivel avanzado con dise\u00f1o potente y tecnolog\u00edas exclusivas para golpes ofensivos. Disponible en Revolution Padel Store al mejor precio.\",\"breadcrumb\":{\"@id\":\"https:\\\/\\\/revolutionpadelstore.com\\\/de\\\/produkt\\\/adidas-metalbone-team-3-4-2025-1\\\/#breadcrumb\"},\"inLanguage\":\"de\",\"potentialAction\":[{\"@type\":\"ReadAction\",\"target\":[\"https:\\\/\\\/revolutionpadelstore.com\\\/de\\\/produkt\\\/adidas-metalbone-team-3-4-2025-1\\\/\"]}]},{\"@type\":\"ImageObject\",\"inLanguage\":\"de\",\"@id\":\"https:\\\/\\\/revolutionpadelstore.com\\\/de\\\/produkt\\\/adidas-metalbone-team-3-4-2025-1\\\/#primaryimage\",\"url\":\"https:\\\/\\\/revolutionpadelstore.com\\\/wp-content\\\/uploads\\\/2024\\\/12\\\/113688-pala-adidas-metalbone-team-3-4-ar2aa0u421500x1500-1-1.webp\",\"contentUrl\":\"https:\\\/\\\/revolutionpadelstore.com\\\/wp-content\\\/uploads\\\/2024\\\/12\\\/113688-pala-adidas-metalbone-team-3-4-ar2aa0u421500x1500-1-1.webp\",\"width\":1500,\"height\":1500},{\"@type\":\"BreadcrumbList\",\"@id\":\"https:\\\/\\\/revolutionpadelstore.com\\\/de\\\/produkt\\\/adidas-metalbone-team-3-4-2025-1\\\/#breadcrumb\",\"itemListElement\":[{\"@type\":\"ListItem\",\"position\":1,\"name\":\"Portada\",\"item\":\"https:\\\/\\\/revolutionpadelstore.com\\\/de\\\/\"},{\"@type\":\"ListItem\",\"position\":2,\"name\":\"Shop\",\"item\":\"https:\\\/\\\/revolutionpadelstore.com\\\/de\\\/tienda\\\/\"},{\"@type\":\"ListItem\",\"position\":3,\"name\":\"ADIDAS METALBONE TEAM 3.4 2025\"}]},{\"@type\":\"WebSite\",\"@id\":\"https:\\\/\\\/revolutionpadelstore.com\\\/de\\\/#website\",\"url\":\"https:\\\/\\\/revolutionpadelstore.com\\\/de\\\/\",\"name\":\"Revolution Padel Store\",\"description\":\"\",\"publisher\":{\"@id\":\"https:\\\/\\\/revolutionpadelstore.com\\\/de\\\/#organization\"},\"potentialAction\":[{\"@type\":\"SearchAction\",\"target\":{\"@type\":\"EntryPoint\",\"urlTemplate\":\"https:\\\/\\\/revolutionpadelstore.com\\\/de\\\/?s={search_term_string}\"},\"query-input\":{\"@type\":\"PropertyValueSpecification\",\"valueRequired\":true,\"valueName\":\"search_term_string\"}}],\"inLanguage\":\"de\"},{\"@type\":\"Organization\",\"@id\":\"https:\\\/\\\/revolutionpadelstore.com\\\/de\\\/#organization\",\"name\":\"Revolution Padel Store\",\"url\":\"https:\\\/\\\/revolutionpadelstore.com\\\/de\\\/\",\"logo\":{\"@type\":\"ImageObject\",\"inLanguage\":\"de\",\"@id\":\"https:\\\/\\\/revolutionpadelstore.com\\\/de\\\/#\\\/schema\\\/logo\\\/image\\\/\",\"url\":\"https:\\\/\\\/revolutionpadelstore.com\\\/wp-content\\\/uploads\\\/2026\\\/02\\\/revolution-padel-store.jpg\",\"contentUrl\":\"https:\\\/\\\/revolutionpadelstore.com\\\/wp-content\\\/uploads\\\/2026\\\/02\\\/revolution-padel-store.jpg\",\"width\":2000,\"height\":2000,\"caption\":\"Revolution Padel Store\"},\"image\":{\"@id\":\"https:\\\/\\\/revolutionpadelstore.com\\\/de\\\/#\\\/schema\\\/logo\\\/image\\\/\"},\"sameAs\":[\"https:\\\/\\\/www.instagram.com\\\/revolutionpadelstore\\\/\"]}]}<\/script>\n<!-- \/ Yoast SEO plugin. -->","yoast_head_json":{"title":"ADIDAS METALBONE TEAM 3.4 2025 - Revolution Padel Store","description":"Descubre la Adidas Metalbone Team 3.4, una pala de nivel avanzado con dise\u00f1o potente y tecnolog\u00edas exclusivas para golpes ofensivos. Disponible en Revolution Padel Store al mejor precio.","robots":{"index":"index","follow":"follow","max-snippet":"max-snippet:-1","max-image-preview":"max-image-preview:large","max-video-preview":"max-video-preview:-1"},"canonical":"https:\/\/revolutionpadelstore.com\/de\/produkt\/adidas-metalbone-team-3-4-2025-1\/","og_locale":"de_DE","og_type":"article","og_title":"ADIDAS METALBONE TEAM 3.4 2025 - Revolution Padel Store","og_description":"Descubre la Adidas Metalbone Team 3.4, una pala de nivel avanzado con dise\u00f1o potente y tecnolog\u00edas exclusivas para golpes ofensivos. Disponible en Revolution Padel Store al mejor precio.","og_url":"https:\/\/revolutionpadelstore.com\/de\/produkt\/adidas-metalbone-team-3-4-2025-1\/","og_site_name":"Revolution Padel Store","article_modified_time":"2026-04-08T07:32:59+00:00","og_image":[{"width":1500,"height":1500,"url":"https:\/\/revolutionpadelstore.com\/wp-content\/uploads\/2024\/12\/113688-pala-adidas-metalbone-team-3-4-ar2aa0u421500x1500-1-1.webp","type":"image\/webp"}],"twitter_card":"summary_large_image","twitter_misc":{"Gesch\u00e4tzte Lesezeit":"1\u00a0Minute"},"schema":{"@context":"https:\/\/schema.org","@graph":[{"@type":"WebPage","@id":"https:\/\/revolutionpadelstore.com\/de\/produkt\/adidas-metalbone-team-3-4-2025-1\/","url":"https:\/\/revolutionpadelstore.com\/de\/produkt\/adidas-metalbone-team-3-4-2025-1\/","name":"ADIDAS METALBONE TEAM 3.4 2025 - Revolution Padel Store","isPartOf":{"@id":"https:\/\/revolutionpadelstore.com\/de\/#website"},"primaryImageOfPage":{"@id":"https:\/\/revolutionpadelstore.com\/de\/produkt\/adidas-metalbone-team-3-4-2025-1\/#primaryimage"},"image":{"@id":"https:\/\/revolutionpadelstore.com\/de\/produkt\/adidas-metalbone-team-3-4-2025-1\/#primaryimage"},"thumbnailUrl":"https:\/\/revolutionpadelstore.com\/wp-content\/uploads\/2024\/12\/113688-pala-adidas-metalbone-team-3-4-ar2aa0u421500x1500-1-1.webp","datePublished":"2024-12-08T15:40:06+00:00","dateModified":"2026-04-08T07:32:59+00:00","description":"Descubre la Adidas Metalbone Team 3.4, una pala de nivel avanzado con dise\u00f1o potente y tecnolog\u00edas exclusivas para golpes ofensivos. Disponible en Revolution Padel Store al mejor precio.","breadcrumb":{"@id":"https:\/\/revolutionpadelstore.com\/de\/produkt\/adidas-metalbone-team-3-4-2025-1\/#breadcrumb"},"inLanguage":"de","potentialAction":[{"@type":"ReadAction","target":["https:\/\/revolutionpadelstore.com\/de\/produkt\/adidas-metalbone-team-3-4-2025-1\/"]}]},{"@type":"ImageObject","inLanguage":"de","@id":"https:\/\/revolutionpadelstore.com\/de\/produkt\/adidas-metalbone-team-3-4-2025-1\/#primaryimage","url":"https:\/\/revolutionpadelstore.com\/wp-content\/uploads\/2024\/12\/113688-pala-adidas-metalbone-team-3-4-ar2aa0u421500x1500-1-1.webp","contentUrl":"https:\/\/revolutionpadelstore.com\/wp-content\/uploads\/2024\/12\/113688-pala-adidas-metalbone-team-3-4-ar2aa0u421500x1500-1-1.webp","width":1500,"height":1500},{"@type":"BreadcrumbList","@id":"https:\/\/revolutionpadelstore.com\/de\/produkt\/adidas-metalbone-team-3-4-2025-1\/#breadcrumb","itemListElement":[{"@type":"ListItem","position":1,"name":"Portada","item":"https:\/\/revolutionpadelstore.com\/de\/"},{"@type":"ListItem","position":2,"name":"Shop","item":"https:\/\/revolutionpadelstore.com\/de\/tienda\/"},{"@type":"ListItem","position":3,"name":"ADIDAS METALBONE TEAM 3.4 2025"}]},{"@type":"WebSite","@id":"https:\/\/revolutionpadelstore.com\/de\/#website","url":"https:\/\/revolutionpadelstore.com\/de\/","name":"Revolution Padel Store","description":"","publisher":{"@id":"https:\/\/revolutionpadelstore.com\/de\/#organization"},"potentialAction":[{"@type":"SearchAction","target":{"@type":"EntryPoint","urlTemplate":"https:\/\/revolutionpadelstore.com\/de\/?s={search_term_string}"},"query-input":{"@type":"PropertyValueSpecification","valueRequired":true,"valueName":"search_term_string"}}],"inLanguage":"de"},{"@type":"Organization","@id":"https:\/\/revolutionpadelstore.com\/de\/#organization","name":"Revolution Padel Store","url":"https:\/\/revolutionpadelstore.com\/de\/","logo":{"@type":"ImageObject","inLanguage":"de","@id":"https:\/\/revolutionpadelstore.com\/de\/#\/schema\/logo\/image\/","url":"https:\/\/revolutionpadelstore.com\/wp-content\/uploads\/2026\/02\/revolution-padel-store.jpg","contentUrl":"https:\/\/revolutionpadelstore.com\/wp-content\/uploads\/2026\/02\/revolution-padel-store.jpg","width":2000,"height":2000,"caption":"Revolution Padel Store"},"image":{"@id":"https:\/\/revolutionpadelstore.com\/de\/#\/schema\/logo\/image\/"},"sameAs":["https:\/\/www.instagram.com\/revolutionpadelstore\/"]}]}},"_links":{"self":[{"href":"https:\/\/revolutionpadelstore.com\/de\/wp-json\/wp\/v2\/product\/153910","targetHints":{"allow":["GET"]}}],"collection":[{"href":"https:\/\/revolutionpadelstore.com\/de\/wp-json\/wp\/v2\/product"}],"about":[{"href":"https:\/\/revolutionpadelstore.com\/de\/wp-json\/wp\/v2\/types\/product"}],"replies":[{"embeddable":true,"href":"https:\/\/revolutionpadelstore.com\/de\/wp-json\/wp\/v2\/comments?post=153910"}],"wp:featuredmedia":[{"embeddable":true,"href":"https:\/\/revolutionpadelstore.com\/de\/wp-json\/wp\/v2\/media\/153869"}],"wp:attachment":[{"href":"https:\/\/revolutionpadelstore.com\/de\/wp-json\/wp\/v2\/media?parent=153910"}],"wp:term":[{"taxonomy":"acabado","embeddable":true,"href":"https:\/\/revolutionpadelstore.com\/de\/wp-json\/wp\/v2\/acabado?post=153910"},{"taxonomy":"balance","embeddable":true,"href":"https:\/\/revolutionpadelstore.com\/de\/wp-json\/wp\/v2\/balance?post=153910"},{"taxonomy":"dureza","embeddable":true,"href":"https:\/\/revolutionpadelstore.com\/de\/wp-json\/wp\/v2\/dureza?post=153910"},{"taxonomy":"forma","embeddable":true,"href":"https:\/\/revolutionpadelstore.com\/de\/wp-json\/wp\/v2\/forma?post=153910"},{"taxonomy":"jugador","embeddable":true,"href":"https:\/\/revolutionpadelstore.com\/de\/wp-json\/wp\/v2\/jugador?post=153910"},{"taxonomy":"marca","embeddable":true,"href":"https:\/\/revolutionpadelstore.com\/de\/wp-json\/wp\/v2\/marca?post=153910"},{"taxonomy":"nivel-de-juego","embeddable":true,"href":"https:\/\/revolutionpadelstore.com\/de\/wp-json\/wp\/v2\/nivel-de-juego?post=153910"},{"taxonomy":"superficie","embeddable":true,"href":"https:\/\/revolutionpadelstore.com\/de\/wp-json\/wp\/v2\/superficie?post=153910"},{"taxonomy":"tipo-de-juego","embeddable":true,"href":"https:\/\/revolutionpadelstore.com\/de\/wp-json\/wp\/v2\/tipo-de-juego?post=153910"},{"taxonomy":"product_brand","embeddable":true,"href":"https:\/\/revolutionpadelstore.com\/de\/wp-json\/wp\/v2\/product_brand?post=153910"},{"taxonomy":"product_cat","embeddable":true,"href":"https:\/\/revolutionpadelstore.com\/de\/wp-json\/wp\/v2\/product_cat?post=153910"},{"taxonomy":"product_tag","embeddable":true,"href":"https:\/\/revolutionpadelstore.com\/de\/wp-json\/wp\/v2\/product_tag?post=153910"}],"curies":[{"name":"wp","href":"https:\/\/api.w.org\/{rel}","templated":true}]}}