{"id":153755,"date":"2024-12-08T16:00:48","date_gmt":"2024-12-08T15:00:48","guid":{"rendered":"https:\/\/revolutionpadelstore.com\/paletero-babolat-rh-pro-padel-juan-lebron-2025\/"},"modified":"2026-04-08T09:37:22","modified_gmt":"2026-04-08T07:37:22","slug":"paletero-babolat-rh-pro-padel-juan-lebron-2025-1","status":"publish","type":"product","link":"https:\/\/revolutionpadelstore.com\/de\/produkt\/paletero-babolat-rh-pro-padel-juan-lebron-2025-1\/","title":{"rendered":"PALETERO BABOLAT RH PRO PADEL JUAN LEBR\u00d3N 2025"},"content":{"rendered":"<h2>Babolat RH Pro Padel Juan Lebron 2025 Padelschl\u00e4gertasche: Organisation und Stil f\u00fcr den anspruchsvollen Spieler<\/h2>\n<p>Die <strong>Babolat RH Pro Padel Juan Lebron 2025 Padelschl\u00e4gertasche<\/strong> ist der ideale Begleiter f\u00fcr die anspruchsvollsten Spieler, die Wert auf Funktionalit\u00e4t, Stil und Nachhaltigkeit legen. Dieses in Zusammenarbeit mit dem legend\u00e4ren Spieler <strong>Juan Lebron<\/strong> entwickelte Accessoire vereint Innovation und Haltbarkeit, um den Bed\u00fcrfnissen von Spitzensportlern gerecht zu werden.<\/p>\n<p>Mit einem Fassungsverm\u00f6gen von <strong>62 Litern<\/strong> und Abmessungen von <strong>30 x 37 x 63 cm<\/strong> erm\u00f6glicht Ihnen diese Schl\u00e4gertasche, Ihre gesamte Padelausr\u00fcstung, einschlie\u00dflich bis zu <strong>4 Schl\u00e4ger<\/strong>, in ihrem speziellen Fach sicher und gesch\u00fctzt aufzubewahren.<\/p>\n<h2>Hauptvorteile<\/h2>\n<p style=\"padding-left: 40px\"><strong>-Gro\u00dfe Kapazit\u00e4t und Organisation:<\/strong> Optimierter Platz f\u00fcr den Transport von allem, was Sie brauchen, mit maximalem Komfort.<\/p>\n<p style=\"padding-left: 40px\"><strong>-Nachhaltiges Design:<\/strong> Hergestellt aus 100 % recycelten Materialien, was Babolats Engagement f\u00fcr die Umwelt unterstreicht.<\/p>\n<p style=\"padding-left: 40px\"><strong>-Zusammenarbeit mit Juan Lebron:<\/strong> Ein Design, das die Leidenschaft und Exzellenz des Profispielers \u201eEl Lobo\u201c widerspiegelt.<\/p>\n<p style=\"padding-left: 40px\"><strong>-Anspruchsvoller Stil:<\/strong> Perfekt, um auf und neben dem Platz hervorzustechen.<\/p>\n<h2>Hauptfunktionen<\/h2>\n<p style=\"padding-left: 40px\"><strong>-Gesamtkapazit\u00e4t von 62 Litern:<\/strong> Ideal f\u00fcr lange Trainings- oder Wettkampftage.<\/p>\n<p style=\"padding-left: 40px\"><strong>-Fach f\u00fcr Schl\u00e4ger:<\/strong> Spezieller Raum, der Schutz f\u00fcr bis zu 4 Schl\u00e4ger gew\u00e4hrleistet.<\/p>\n<p style=\"padding-left: 40px\"><strong>-Recycelte Materialien:<\/strong> Au\u00dfenmaterial und Futter aus nachhaltigen Materialien, einschlie\u00dflich des exklusiven \u201efarbfreien Futters\u201c.<\/p>\n<p style=\"padding-left: 40px\"><strong>-\u00dcberlegene Haltbarkeit:<\/strong> Best\u00e4ndig gegen intensiven Gebrauch dank der Premiumqualit\u00e4t seiner Materialien.<\/p>\n<p style=\"padding-left: 40px\"><strong>-Funktionales Design:<\/strong> Zus\u00e4tzliche Taschen und gut verteilte F\u00e4cher f\u00fcr effiziente Organisation.<\/p>\n<h2>F\u00fcr wen ist dieser Padelschl\u00e4ger?<\/h2>\n<p>Der <strong>RH Pro Padel Juan Lebron 2025<\/strong> ist f\u00fcr <strong>fortgeschrittene oder professionelle Spieler<\/strong> konzipiert, die eine leistungsstarke Tasche mit Kapazit\u00e4t und praktischen L\u00f6sungen suchen, die Komfort und Stil garantieren und gleichzeitig mit den Werten der Nachhaltigkeit in Einklang stehen.<\/p>\n<h2>Jetzt im Revolution Padel Store kaufen<\/h2>\n<p>Transportieren Sie Ihre Ausr\u00fcstung mit maximalem Stil und Organisation dank der <strong>Babolat RH Pro Padel Juan Lebron 2025 Padelschl\u00e4gertasche<\/strong>. Eine perfekte Kombination aus Funktionalit\u00e4t, Design und Nachhaltigkeit. <strong>Erh\u00e4ltlich in unserem Online-Shop<\/strong> <a href=\"http:\/\/www.revolutionpadelstore.com\/\">www.revolutionpadelstore.com<\/a>, wahrscheinlich zum besten Preis auf dem Markt. Geben Sie noch heute Ihre Bestellung auf!<\/p>\n<h2>Paletero Babolat RH Pro Padel Juan Lebr\u00f3n 2025: Organizaci\u00f3n y Estilo para el Jugador Exigente<\/h2>\n","protected":false},"excerpt":{"rendered":"<p>Die Babolat RH Pro Padel Juan Lebron 2025 Padel-Tasche ist f\u00fcr den effizienten Transport und die Organisation Ihrer Sportausr\u00fcstung konzipiert. Er bietet ein gro\u00dfes Fassungsverm\u00f6gen und besteht aus widerstandsf\u00e4higen und recycelten Materialien, was Langlebigkeit und Nachhaltigkeit gew\u00e4hrleistet.<\/p>\n","protected":false},"featured_media":153732,"comment_status":"open","ping_status":"closed","template":"","meta":{"_acf_changed":false,"_joinchat":[]},"acabado":[],"balance":[],"dureza":[],"forma":[],"jugador":[],"marca":[1214],"nivel-de-juego":[],"superficie":[],"tipo-de-juego":[],"product_brand":[],"product_cat":[314],"product_tag":[],"class_list":{"0":"post-153755","1":"product","2":"type-product","3":"status-publish","4":"has-post-thumbnail","6":"marca-babolat-de","7":"product_cat-taschen","9":"first","10":"outofstock","11":"sale","12":"taxable","13":"shipping-taxable","14":"purchasable","15":"product-type-simple"},"acf":[],"yoast_head":"<!-- This site is optimized with the Yoast SEO plugin v27.4 - https:\/\/yoast.com\/product\/yoast-seo-wordpress\/ -->\n<title>PALETERO BABOLAT RH PRO PADEL JUAN LEBR\u00d3N 2025 - Revolution Padel Store<\/title>\n<meta name=\"description\" content=\"Descubre el Paletero Babolat RH Pro Padel Juan Lebr\u00f3n 2025 en Revolution Padel Store. Gran capacidad, dise\u00f1o sostenible y estilo inigualable. \u00a1Compra online al mejor precio!\" \/>\n<meta name=\"robots\" content=\"index, follow, max-snippet:-1, max-image-preview:large, max-video-preview:-1\" \/>\n<link rel=\"canonical\" href=\"https:\/\/revolutionpadelstore.com\/de\/produkt\/paletero-babolat-rh-pro-padel-juan-lebron-2025-1\/\" \/>\n<meta property=\"og:locale\" content=\"de_DE\" \/>\n<meta property=\"og:type\" content=\"article\" \/>\n<meta property=\"og:title\" content=\"PALETERO BABOLAT RH PRO PADEL JUAN LEBR\u00d3N 2025 - Revolution Padel Store\" \/>\n<meta property=\"og:description\" content=\"Descubre el Paletero Babolat RH Pro Padel Juan Lebr\u00f3n 2025 en Revolution Padel Store. Gran capacidad, dise\u00f1o sostenible y estilo inigualable. \u00a1Compra online al mejor precio!\" \/>\n<meta property=\"og:url\" content=\"https:\/\/revolutionpadelstore.com\/de\/produkt\/paletero-babolat-rh-pro-padel-juan-lebron-2025-1\/\" \/>\n<meta property=\"og:site_name\" content=\"Revolution Padel Store\" \/>\n<meta property=\"article:modified_time\" content=\"2026-04-08T07:37:22+00:00\" \/>\n<meta property=\"og:image\" content=\"https:\/\/revolutionpadelstore.com\/wp-content\/uploads\/2024\/12\/115769-paletero-babolat-rh-pro-padel-juan-lebron-759019-100-20251500x1500-1.webp\" \/>\n\t<meta property=\"og:image:width\" content=\"1500\" \/>\n\t<meta property=\"og:image:height\" content=\"1500\" \/>\n\t<meta property=\"og:image:type\" content=\"image\/webp\" \/>\n<meta name=\"twitter:card\" content=\"summary_large_image\" \/>\n<meta name=\"twitter:label1\" content=\"Gesch\u00e4tzte Lesezeit\" \/>\n\t<meta name=\"twitter:data1\" content=\"2\u00a0Minuten\" \/>\n<script type=\"application\/ld+json\" class=\"yoast-schema-graph\">{\"@context\":\"https:\\\/\\\/schema.org\",\"@graph\":[{\"@type\":\"WebPage\",\"@id\":\"https:\\\/\\\/revolutionpadelstore.com\\\/de\\\/produkt\\\/paletero-babolat-rh-pro-padel-juan-lebron-2025-1\\\/\",\"url\":\"https:\\\/\\\/revolutionpadelstore.com\\\/de\\\/produkt\\\/paletero-babolat-rh-pro-padel-juan-lebron-2025-1\\\/\",\"name\":\"PALETERO BABOLAT RH PRO PADEL JUAN LEBR\u00d3N 2025 - Revolution Padel Store\",\"isPartOf\":{\"@id\":\"https:\\\/\\\/revolutionpadelstore.com\\\/de\\\/#website\"},\"primaryImageOfPage\":{\"@id\":\"https:\\\/\\\/revolutionpadelstore.com\\\/de\\\/produkt\\\/paletero-babolat-rh-pro-padel-juan-lebron-2025-1\\\/#primaryimage\"},\"image\":{\"@id\":\"https:\\\/\\\/revolutionpadelstore.com\\\/de\\\/produkt\\\/paletero-babolat-rh-pro-padel-juan-lebron-2025-1\\\/#primaryimage\"},\"thumbnailUrl\":\"https:\\\/\\\/revolutionpadelstore.com\\\/wp-content\\\/uploads\\\/2024\\\/12\\\/115769-paletero-babolat-rh-pro-padel-juan-lebron-759019-100-20251500x1500-1.webp\",\"datePublished\":\"2024-12-08T15:00:48+00:00\",\"dateModified\":\"2026-04-08T07:37:22+00:00\",\"description\":\"Descubre el Paletero Babolat RH Pro Padel Juan Lebr\u00f3n 2025 en Revolution Padel Store. Gran capacidad, dise\u00f1o sostenible y estilo inigualable. \u00a1Compra online al mejor precio!\",\"breadcrumb\":{\"@id\":\"https:\\\/\\\/revolutionpadelstore.com\\\/de\\\/produkt\\\/paletero-babolat-rh-pro-padel-juan-lebron-2025-1\\\/#breadcrumb\"},\"inLanguage\":\"de\",\"potentialAction\":[{\"@type\":\"ReadAction\",\"target\":[\"https:\\\/\\\/revolutionpadelstore.com\\\/de\\\/produkt\\\/paletero-babolat-rh-pro-padel-juan-lebron-2025-1\\\/\"]}]},{\"@type\":\"ImageObject\",\"inLanguage\":\"de\",\"@id\":\"https:\\\/\\\/revolutionpadelstore.com\\\/de\\\/produkt\\\/paletero-babolat-rh-pro-padel-juan-lebron-2025-1\\\/#primaryimage\",\"url\":\"https:\\\/\\\/revolutionpadelstore.com\\\/wp-content\\\/uploads\\\/2024\\\/12\\\/115769-paletero-babolat-rh-pro-padel-juan-lebron-759019-100-20251500x1500-1.webp\",\"contentUrl\":\"https:\\\/\\\/revolutionpadelstore.com\\\/wp-content\\\/uploads\\\/2024\\\/12\\\/115769-paletero-babolat-rh-pro-padel-juan-lebron-759019-100-20251500x1500-1.webp\",\"width\":1500,\"height\":1500},{\"@type\":\"BreadcrumbList\",\"@id\":\"https:\\\/\\\/revolutionpadelstore.com\\\/de\\\/produkt\\\/paletero-babolat-rh-pro-padel-juan-lebron-2025-1\\\/#breadcrumb\",\"itemListElement\":[{\"@type\":\"ListItem\",\"position\":1,\"name\":\"Portada\",\"item\":\"https:\\\/\\\/revolutionpadelstore.com\\\/de\\\/\"},{\"@type\":\"ListItem\",\"position\":2,\"name\":\"Shop\",\"item\":\"https:\\\/\\\/revolutionpadelstore.com\\\/de\\\/tienda\\\/\"},{\"@type\":\"ListItem\",\"position\":3,\"name\":\"PALETERO BABOLAT RH PRO PADEL JUAN LEBR\u00d3N 2025\"}]},{\"@type\":\"WebSite\",\"@id\":\"https:\\\/\\\/revolutionpadelstore.com\\\/de\\\/#website\",\"url\":\"https:\\\/\\\/revolutionpadelstore.com\\\/de\\\/\",\"name\":\"Revolution Padel Store\",\"description\":\"\",\"publisher\":{\"@id\":\"https:\\\/\\\/revolutionpadelstore.com\\\/de\\\/#organization\"},\"potentialAction\":[{\"@type\":\"SearchAction\",\"target\":{\"@type\":\"EntryPoint\",\"urlTemplate\":\"https:\\\/\\\/revolutionpadelstore.com\\\/de\\\/?s={search_term_string}\"},\"query-input\":{\"@type\":\"PropertyValueSpecification\",\"valueRequired\":true,\"valueName\":\"search_term_string\"}}],\"inLanguage\":\"de\"},{\"@type\":\"Organization\",\"@id\":\"https:\\\/\\\/revolutionpadelstore.com\\\/de\\\/#organization\",\"name\":\"Revolution Padel Store\",\"url\":\"https:\\\/\\\/revolutionpadelstore.com\\\/de\\\/\",\"logo\":{\"@type\":\"ImageObject\",\"inLanguage\":\"de\",\"@id\":\"https:\\\/\\\/revolutionpadelstore.com\\\/de\\\/#\\\/schema\\\/logo\\\/image\\\/\",\"url\":\"https:\\\/\\\/revolutionpadelstore.com\\\/wp-content\\\/uploads\\\/2026\\\/02\\\/revolution-padel-store.jpg\",\"contentUrl\":\"https:\\\/\\\/revolutionpadelstore.com\\\/wp-content\\\/uploads\\\/2026\\\/02\\\/revolution-padel-store.jpg\",\"width\":2000,\"height\":2000,\"caption\":\"Revolution Padel Store\"},\"image\":{\"@id\":\"https:\\\/\\\/revolutionpadelstore.com\\\/de\\\/#\\\/schema\\\/logo\\\/image\\\/\"},\"sameAs\":[\"https:\\\/\\\/www.instagram.com\\\/revolutionpadelstore\\\/\"]}]}<\/script>\n<!-- \/ Yoast SEO plugin. -->","yoast_head_json":{"title":"PALETERO BABOLAT RH PRO PADEL JUAN LEBR\u00d3N 2025 - Revolution Padel Store","description":"Descubre el Paletero Babolat RH Pro Padel Juan Lebr\u00f3n 2025 en Revolution Padel Store. Gran capacidad, dise\u00f1o sostenible y estilo inigualable. \u00a1Compra online al mejor precio!","robots":{"index":"index","follow":"follow","max-snippet":"max-snippet:-1","max-image-preview":"max-image-preview:large","max-video-preview":"max-video-preview:-1"},"canonical":"https:\/\/revolutionpadelstore.com\/de\/produkt\/paletero-babolat-rh-pro-padel-juan-lebron-2025-1\/","og_locale":"de_DE","og_type":"article","og_title":"PALETERO BABOLAT RH PRO PADEL JUAN LEBR\u00d3N 2025 - Revolution Padel Store","og_description":"Descubre el Paletero Babolat RH Pro Padel Juan Lebr\u00f3n 2025 en Revolution Padel Store. Gran capacidad, dise\u00f1o sostenible y estilo inigualable. \u00a1Compra online al mejor precio!","og_url":"https:\/\/revolutionpadelstore.com\/de\/produkt\/paletero-babolat-rh-pro-padel-juan-lebron-2025-1\/","og_site_name":"Revolution Padel Store","article_modified_time":"2026-04-08T07:37:22+00:00","og_image":[{"width":1500,"height":1500,"url":"https:\/\/revolutionpadelstore.com\/wp-content\/uploads\/2024\/12\/115769-paletero-babolat-rh-pro-padel-juan-lebron-759019-100-20251500x1500-1.webp","type":"image\/webp"}],"twitter_card":"summary_large_image","twitter_misc":{"Gesch\u00e4tzte Lesezeit":"2\u00a0Minuten"},"schema":{"@context":"https:\/\/schema.org","@graph":[{"@type":"WebPage","@id":"https:\/\/revolutionpadelstore.com\/de\/produkt\/paletero-babolat-rh-pro-padel-juan-lebron-2025-1\/","url":"https:\/\/revolutionpadelstore.com\/de\/produkt\/paletero-babolat-rh-pro-padel-juan-lebron-2025-1\/","name":"PALETERO BABOLAT RH PRO PADEL JUAN LEBR\u00d3N 2025 - Revolution Padel Store","isPartOf":{"@id":"https:\/\/revolutionpadelstore.com\/de\/#website"},"primaryImageOfPage":{"@id":"https:\/\/revolutionpadelstore.com\/de\/produkt\/paletero-babolat-rh-pro-padel-juan-lebron-2025-1\/#primaryimage"},"image":{"@id":"https:\/\/revolutionpadelstore.com\/de\/produkt\/paletero-babolat-rh-pro-padel-juan-lebron-2025-1\/#primaryimage"},"thumbnailUrl":"https:\/\/revolutionpadelstore.com\/wp-content\/uploads\/2024\/12\/115769-paletero-babolat-rh-pro-padel-juan-lebron-759019-100-20251500x1500-1.webp","datePublished":"2024-12-08T15:00:48+00:00","dateModified":"2026-04-08T07:37:22+00:00","description":"Descubre el Paletero Babolat RH Pro Padel Juan Lebr\u00f3n 2025 en Revolution Padel Store. Gran capacidad, dise\u00f1o sostenible y estilo inigualable. \u00a1Compra online al mejor precio!","breadcrumb":{"@id":"https:\/\/revolutionpadelstore.com\/de\/produkt\/paletero-babolat-rh-pro-padel-juan-lebron-2025-1\/#breadcrumb"},"inLanguage":"de","potentialAction":[{"@type":"ReadAction","target":["https:\/\/revolutionpadelstore.com\/de\/produkt\/paletero-babolat-rh-pro-padel-juan-lebron-2025-1\/"]}]},{"@type":"ImageObject","inLanguage":"de","@id":"https:\/\/revolutionpadelstore.com\/de\/produkt\/paletero-babolat-rh-pro-padel-juan-lebron-2025-1\/#primaryimage","url":"https:\/\/revolutionpadelstore.com\/wp-content\/uploads\/2024\/12\/115769-paletero-babolat-rh-pro-padel-juan-lebron-759019-100-20251500x1500-1.webp","contentUrl":"https:\/\/revolutionpadelstore.com\/wp-content\/uploads\/2024\/12\/115769-paletero-babolat-rh-pro-padel-juan-lebron-759019-100-20251500x1500-1.webp","width":1500,"height":1500},{"@type":"BreadcrumbList","@id":"https:\/\/revolutionpadelstore.com\/de\/produkt\/paletero-babolat-rh-pro-padel-juan-lebron-2025-1\/#breadcrumb","itemListElement":[{"@type":"ListItem","position":1,"name":"Portada","item":"https:\/\/revolutionpadelstore.com\/de\/"},{"@type":"ListItem","position":2,"name":"Shop","item":"https:\/\/revolutionpadelstore.com\/de\/tienda\/"},{"@type":"ListItem","position":3,"name":"PALETERO BABOLAT RH PRO PADEL JUAN LEBR\u00d3N 2025"}]},{"@type":"WebSite","@id":"https:\/\/revolutionpadelstore.com\/de\/#website","url":"https:\/\/revolutionpadelstore.com\/de\/","name":"Revolution Padel Store","description":"","publisher":{"@id":"https:\/\/revolutionpadelstore.com\/de\/#organization"},"potentialAction":[{"@type":"SearchAction","target":{"@type":"EntryPoint","urlTemplate":"https:\/\/revolutionpadelstore.com\/de\/?s={search_term_string}"},"query-input":{"@type":"PropertyValueSpecification","valueRequired":true,"valueName":"search_term_string"}}],"inLanguage":"de"},{"@type":"Organization","@id":"https:\/\/revolutionpadelstore.com\/de\/#organization","name":"Revolution Padel Store","url":"https:\/\/revolutionpadelstore.com\/de\/","logo":{"@type":"ImageObject","inLanguage":"de","@id":"https:\/\/revolutionpadelstore.com\/de\/#\/schema\/logo\/image\/","url":"https:\/\/revolutionpadelstore.com\/wp-content\/uploads\/2026\/02\/revolution-padel-store.jpg","contentUrl":"https:\/\/revolutionpadelstore.com\/wp-content\/uploads\/2026\/02\/revolution-padel-store.jpg","width":2000,"height":2000,"caption":"Revolution Padel Store"},"image":{"@id":"https:\/\/revolutionpadelstore.com\/de\/#\/schema\/logo\/image\/"},"sameAs":["https:\/\/www.instagram.com\/revolutionpadelstore\/"]}]}},"_links":{"self":[{"href":"https:\/\/revolutionpadelstore.com\/de\/wp-json\/wp\/v2\/product\/153755","targetHints":{"allow":["GET"]}}],"collection":[{"href":"https:\/\/revolutionpadelstore.com\/de\/wp-json\/wp\/v2\/product"}],"about":[{"href":"https:\/\/revolutionpadelstore.com\/de\/wp-json\/wp\/v2\/types\/product"}],"replies":[{"embeddable":true,"href":"https:\/\/revolutionpadelstore.com\/de\/wp-json\/wp\/v2\/comments?post=153755"}],"wp:featuredmedia":[{"embeddable":true,"href":"https:\/\/revolutionpadelstore.com\/de\/wp-json\/wp\/v2\/media\/153732"}],"wp:attachment":[{"href":"https:\/\/revolutionpadelstore.com\/de\/wp-json\/wp\/v2\/media?parent=153755"}],"wp:term":[{"taxonomy":"acabado","embeddable":true,"href":"https:\/\/revolutionpadelstore.com\/de\/wp-json\/wp\/v2\/acabado?post=153755"},{"taxonomy":"balance","embeddable":true,"href":"https:\/\/revolutionpadelstore.com\/de\/wp-json\/wp\/v2\/balance?post=153755"},{"taxonomy":"dureza","embeddable":true,"href":"https:\/\/revolutionpadelstore.com\/de\/wp-json\/wp\/v2\/dureza?post=153755"},{"taxonomy":"forma","embeddable":true,"href":"https:\/\/revolutionpadelstore.com\/de\/wp-json\/wp\/v2\/forma?post=153755"},{"taxonomy":"jugador","embeddable":true,"href":"https:\/\/revolutionpadelstore.com\/de\/wp-json\/wp\/v2\/jugador?post=153755"},{"taxonomy":"marca","embeddable":true,"href":"https:\/\/revolutionpadelstore.com\/de\/wp-json\/wp\/v2\/marca?post=153755"},{"taxonomy":"nivel-de-juego","embeddable":true,"href":"https:\/\/revolutionpadelstore.com\/de\/wp-json\/wp\/v2\/nivel-de-juego?post=153755"},{"taxonomy":"superficie","embeddable":true,"href":"https:\/\/revolutionpadelstore.com\/de\/wp-json\/wp\/v2\/superficie?post=153755"},{"taxonomy":"tipo-de-juego","embeddable":true,"href":"https:\/\/revolutionpadelstore.com\/de\/wp-json\/wp\/v2\/tipo-de-juego?post=153755"},{"taxonomy":"product_brand","embeddable":true,"href":"https:\/\/revolutionpadelstore.com\/de\/wp-json\/wp\/v2\/product_brand?post=153755"},{"taxonomy":"product_cat","embeddable":true,"href":"https:\/\/revolutionpadelstore.com\/de\/wp-json\/wp\/v2\/product_cat?post=153755"},{"taxonomy":"product_tag","embeddable":true,"href":"https:\/\/revolutionpadelstore.com\/de\/wp-json\/wp\/v2\/product_tag?post=153755"}],"curies":[{"name":"wp","href":"https:\/\/api.w.org\/{rel}","templated":true}]}}