{"id":153528,"date":"2024-12-08T11:01:21","date_gmt":"2024-12-08T10:01:21","guid":{"rendered":"https:\/\/revolutionpadelstore.com\/adidas-cross-it-team-2025\/"},"modified":"2026-04-08T09:39:43","modified_gmt":"2026-04-08T07:39:43","slug":"adidas-cross-it-team-2025-1","status":"publish","type":"product","link":"https:\/\/revolutionpadelstore.com\/de\/produkt\/adidas-cross-it-team-2025-1\/","title":{"rendered":"ADIDAS CROSS IT TEAM 2025"},"content":{"rendered":"<h2> <strong> adidas Cross IT -Team 2025: Extreme Macht und Leistung<br \/>\nDas <strong> adidas Cross IT -Team 2025 <\/strong> ist die perfekte Schaufel f\u00fcr Spieler, die nach einem Gleichgewicht zwischen Strom, Kontrolle und Verwaltbarkeit suchen. Es wurde \u00fcbergro\u00dfe Diamant -ver\u00e4ndert und eine hohe Balance bietet eine gro\u00dfe Trefferfl\u00e4che, ideal f\u00fcr ein offensives Spiel voller St\u00e4rke und Pr\u00e4zision. Die Konstruktion mit qualitativ hochwertigen Materialien und innovativen Technologien garantiert eine h\u00f6here Leistung bei jedem Schlag.<\/p>\n<h2> <strong> entwickelt f\u00fcr fortschrittliche Spieler <\/ strong> <\/ h2><br \/>\nDas <strong> Cross IT -Team 2025 <\/strong> richtet sich an fortgeschrittene Spieler, die die Kraft in ihren Schl\u00e4gen priorisieren und versuchen, den Angriff hervorzuheben. Mit einem Gewicht von 360-375 Gramm bietet diese Schaufel eine hervorragende Verwaltbarkeit und Man\u00f6vrierf\u00e4higkeit, perfekt f\u00fcr intensives Training und hochrangige Wettbewerbe.<\/p>\n<h2> <strong> Schl\u00fcsselmerkmale und fortschrittliche Technologien <\/ strong> <\/ h2><br \/>\n<P> <strong> -Fiberglass-Pl\u00e4ne: <\/strong> eine weiche Ber\u00fchrung und Verbesserung der Verwaltbarkeit in jedem Schlag<br \/>\n<P> <strong> -NUCO EVA Weiche Leistung: <\/strong> Gummi mit niedriger Dichte, der einen au\u00dfergew\u00f6hnlichen Ballauslass und einen gro\u00dfen Komfort garantiert.<\/p>\n<p> <strong> -Power Extra Grip: <\/strong> erweitert den Griff, um die Leistung zu erh\u00f6hen, indem sie gr\u00f6\u00dfere Tr\u00e4gheit in den Schl\u00e4gen erzeugt.<br \/>\n<P> <strong> -Dynamische Luftfluss: <\/strong> Bereitstellung von L\u00f6chern, die Luftwiderstand reduzieren und die Man\u00f6vrierf\u00e4higkeit verbessern.<\/p>\n<p> <strong> -Anrammern -Spinklingen -Aufkleber: <\/strong> Textur in den Pl\u00e4nen, die die Kontrolle erh\u00f6hen und es erm\u00f6glichen, einen gr\u00f6\u00dferen Einfluss auf den Ball zu erzielen.<br \/>\n<P> <strong> -Samante \u00fcbergro\u00dfe Diamant: <\/strong> bietet ein hohes Gleichgewicht, um die Leistung in offensiven Schl\u00e4gen zu maximieren.<\/p>\n<h2> <strong> erh\u00e4ltlich im Revolution Padel Store <\/ strong> <\/ h2><br \/>\nBringen Sie Ihr Spiel mit dem <strong> adidas Cross IT -Team 2025 <\/strong> auf das n\u00e4chste Level, der idealen Schaufel f\u00fcr fortgeschrittene Spieler, die nach extremer Kraft und Pr\u00e4zision in jedem Schlag suchen. Mit seinem innovativen Design und seinem staatlichen Technologien wird es Ihr bester Verb\u00fcndeter sein, den Track zu beherrschen. Komm jetzt mit ihr!<\/p>\n<h2><strong>Adidas Cross It Team 2025: potencia y rendimiento extremo<\/strong><\/p>\n","protected":false},"excerpt":{"rendered":"<p>Das <strong> adidas Cross IT -Team <\/strong> ist eine Schaufel mit <strong> Form von Diamond Oversize <\/strong> und ausgezeichnete Spurleistung. Ideal f\u00fcr fortgeschrittene Spieler, die sich beim Angriff abheben und ihr offensives Spiel maximieren m\u00f6chten.<strong>Adidas Cross It Team<\/strong><\/p>\n","protected":false},"featured_media":153487,"comment_status":"open","ping_status":"closed","template":"","meta":{"_acf_changed":false,"_joinchat":[]},"acabado":[1089],"balance":[1134],"dureza":[1154],"forma":[1169],"jugador":[1189,1199],"marca":[1229],"nivel-de-juego":[1334],"superficie":[1359],"tipo-de-juego":[1374],"product_brand":[],"product_cat":[299],"product_tag":[],"class_list":{"0":"post-153528","1":"product","2":"type-product","3":"status-publish","4":"has-post-thumbnail","6":"acabado-3d-entlasten","7":"balance-hoch","8":"dureza-media-de","9":"forma-diamante-de","10":"jugador-mann","11":"jugador-mehrzweck","12":"marca-adidas-de","13":"superficie-rugosa-de","14":"tipo-de-juego-leistung","15":"product_cat-palas-de-padel-de","17":"first","18":"instock","19":"sale","20":"taxable","21":"shipping-taxable","22":"purchasable","23":"product-type-simple"},"acf":[],"yoast_head":"<!-- This site is optimized with the Yoast SEO plugin v27.4 - https:\/\/yoast.com\/product\/yoast-seo-wordpress\/ -->\n<title>ADIDAS CROSS IT TEAM 2025 - Revolution Padel Store<\/title>\n<meta name=\"description\" content=\"La Adidas Cross It Team 2025 es la pala perfecta para los jugadores que buscan un equilibrio entre potencia, control y manejabilidad. Dise\u00f1ada con forma de diamante oversize y un balance alto, ofrece una gran superficie de golpeo, ideal para un juego ofensivo lleno de fuerza y precisi\u00f3n. Su construcci\u00f3n con materiales de alta calidad y tecnolog\u00edas innovadoras garantiza un rendimiento superior en cada golpe.\" \/>\n<meta name=\"robots\" content=\"index, follow, max-snippet:-1, max-image-preview:large, max-video-preview:-1\" \/>\n<link rel=\"canonical\" href=\"https:\/\/revolutionpadelstore.com\/de\/produkt\/adidas-cross-it-team-2025-1\/\" \/>\n<meta property=\"og:locale\" content=\"de_DE\" \/>\n<meta property=\"og:type\" content=\"article\" \/>\n<meta property=\"og:title\" content=\"ADIDAS CROSS IT TEAM 2025 - Revolution Padel Store\" \/>\n<meta property=\"og:description\" content=\"La Adidas Cross It Team 2025 es la pala perfecta para los jugadores que buscan un equilibrio entre potencia, control y manejabilidad. Dise\u00f1ada con forma de diamante oversize y un balance alto, ofrece una gran superficie de golpeo, ideal para un juego ofensivo lleno de fuerza y precisi\u00f3n. Su construcci\u00f3n con materiales de alta calidad y tecnolog\u00edas innovadoras garantiza un rendimiento superior en cada golpe.\" \/>\n<meta property=\"og:url\" content=\"https:\/\/revolutionpadelstore.com\/de\/produkt\/adidas-cross-it-team-2025-1\/\" \/>\n<meta property=\"og:site_name\" content=\"Revolution Padel Store\" \/>\n<meta property=\"article:modified_time\" content=\"2026-04-08T07:39:43+00:00\" \/>\n<meta property=\"og:image\" content=\"https:\/\/revolutionpadelstore.com\/wp-content\/uploads\/2024\/12\/113681-pala-adidas-cross-lt-team-ar2aa1u231500x1500-1.webp\" \/>\n\t<meta property=\"og:image:width\" content=\"1500\" \/>\n\t<meta property=\"og:image:height\" content=\"1500\" \/>\n\t<meta property=\"og:image:type\" content=\"image\/webp\" \/>\n<meta name=\"twitter:card\" content=\"summary_large_image\" \/>\n<meta name=\"twitter:label1\" content=\"Gesch\u00e4tzte Lesezeit\" \/>\n\t<meta name=\"twitter:data1\" content=\"2\u00a0Minuten\" \/>\n<script type=\"application\/ld+json\" class=\"yoast-schema-graph\">{\"@context\":\"https:\\\/\\\/schema.org\",\"@graph\":[{\"@type\":\"WebPage\",\"@id\":\"https:\\\/\\\/revolutionpadelstore.com\\\/de\\\/produkt\\\/adidas-cross-it-team-2025-1\\\/\",\"url\":\"https:\\\/\\\/revolutionpadelstore.com\\\/de\\\/produkt\\\/adidas-cross-it-team-2025-1\\\/\",\"name\":\"ADIDAS CROSS IT TEAM 2025 - Revolution Padel Store\",\"isPartOf\":{\"@id\":\"https:\\\/\\\/revolutionpadelstore.com\\\/de\\\/#website\"},\"primaryImageOfPage\":{\"@id\":\"https:\\\/\\\/revolutionpadelstore.com\\\/de\\\/produkt\\\/adidas-cross-it-team-2025-1\\\/#primaryimage\"},\"image\":{\"@id\":\"https:\\\/\\\/revolutionpadelstore.com\\\/de\\\/produkt\\\/adidas-cross-it-team-2025-1\\\/#primaryimage\"},\"thumbnailUrl\":\"https:\\\/\\\/revolutionpadelstore.com\\\/wp-content\\\/uploads\\\/2024\\\/12\\\/113681-pala-adidas-cross-lt-team-ar2aa1u231500x1500-1.webp\",\"datePublished\":\"2024-12-08T10:01:21+00:00\",\"dateModified\":\"2026-04-08T07:39:43+00:00\",\"description\":\"La Adidas Cross It Team 2025 es la pala perfecta para los jugadores que buscan un equilibrio entre potencia, control y manejabilidad. Dise\u00f1ada con forma de diamante oversize y un balance alto, ofrece una gran superficie de golpeo, ideal para un juego ofensivo lleno de fuerza y precisi\u00f3n. Su construcci\u00f3n con materiales de alta calidad y tecnolog\u00edas innovadoras garantiza un rendimiento superior en cada golpe.\",\"breadcrumb\":{\"@id\":\"https:\\\/\\\/revolutionpadelstore.com\\\/de\\\/produkt\\\/adidas-cross-it-team-2025-1\\\/#breadcrumb\"},\"inLanguage\":\"de\",\"potentialAction\":[{\"@type\":\"ReadAction\",\"target\":[\"https:\\\/\\\/revolutionpadelstore.com\\\/de\\\/produkt\\\/adidas-cross-it-team-2025-1\\\/\"]}]},{\"@type\":\"ImageObject\",\"inLanguage\":\"de\",\"@id\":\"https:\\\/\\\/revolutionpadelstore.com\\\/de\\\/produkt\\\/adidas-cross-it-team-2025-1\\\/#primaryimage\",\"url\":\"https:\\\/\\\/revolutionpadelstore.com\\\/wp-content\\\/uploads\\\/2024\\\/12\\\/113681-pala-adidas-cross-lt-team-ar2aa1u231500x1500-1.webp\",\"contentUrl\":\"https:\\\/\\\/revolutionpadelstore.com\\\/wp-content\\\/uploads\\\/2024\\\/12\\\/113681-pala-adidas-cross-lt-team-ar2aa1u231500x1500-1.webp\",\"width\":1500,\"height\":1500},{\"@type\":\"BreadcrumbList\",\"@id\":\"https:\\\/\\\/revolutionpadelstore.com\\\/de\\\/produkt\\\/adidas-cross-it-team-2025-1\\\/#breadcrumb\",\"itemListElement\":[{\"@type\":\"ListItem\",\"position\":1,\"name\":\"Portada\",\"item\":\"https:\\\/\\\/revolutionpadelstore.com\\\/de\\\/\"},{\"@type\":\"ListItem\",\"position\":2,\"name\":\"Shop\",\"item\":\"https:\\\/\\\/revolutionpadelstore.com\\\/de\\\/tienda\\\/\"},{\"@type\":\"ListItem\",\"position\":3,\"name\":\"ADIDAS CROSS IT TEAM 2025\"}]},{\"@type\":\"WebSite\",\"@id\":\"https:\\\/\\\/revolutionpadelstore.com\\\/de\\\/#website\",\"url\":\"https:\\\/\\\/revolutionpadelstore.com\\\/de\\\/\",\"name\":\"Revolution Padel Store\",\"description\":\"\",\"publisher\":{\"@id\":\"https:\\\/\\\/revolutionpadelstore.com\\\/de\\\/#organization\"},\"potentialAction\":[{\"@type\":\"SearchAction\",\"target\":{\"@type\":\"EntryPoint\",\"urlTemplate\":\"https:\\\/\\\/revolutionpadelstore.com\\\/de\\\/?s={search_term_string}\"},\"query-input\":{\"@type\":\"PropertyValueSpecification\",\"valueRequired\":true,\"valueName\":\"search_term_string\"}}],\"inLanguage\":\"de\"},{\"@type\":\"Organization\",\"@id\":\"https:\\\/\\\/revolutionpadelstore.com\\\/de\\\/#organization\",\"name\":\"Revolution Padel Store\",\"url\":\"https:\\\/\\\/revolutionpadelstore.com\\\/de\\\/\",\"logo\":{\"@type\":\"ImageObject\",\"inLanguage\":\"de\",\"@id\":\"https:\\\/\\\/revolutionpadelstore.com\\\/de\\\/#\\\/schema\\\/logo\\\/image\\\/\",\"url\":\"https:\\\/\\\/revolutionpadelstore.com\\\/wp-content\\\/uploads\\\/2026\\\/02\\\/revolution-padel-store.jpg\",\"contentUrl\":\"https:\\\/\\\/revolutionpadelstore.com\\\/wp-content\\\/uploads\\\/2026\\\/02\\\/revolution-padel-store.jpg\",\"width\":2000,\"height\":2000,\"caption\":\"Revolution Padel Store\"},\"image\":{\"@id\":\"https:\\\/\\\/revolutionpadelstore.com\\\/de\\\/#\\\/schema\\\/logo\\\/image\\\/\"},\"sameAs\":[\"https:\\\/\\\/www.instagram.com\\\/revolutionpadelstore\\\/\"]}]}<\/script>\n<!-- \/ Yoast SEO plugin. -->","yoast_head_json":{"title":"ADIDAS CROSS IT TEAM 2025 - Revolution Padel Store","description":"La Adidas Cross It Team 2025 es la pala perfecta para los jugadores que buscan un equilibrio entre potencia, control y manejabilidad. Dise\u00f1ada con forma de diamante oversize y un balance alto, ofrece una gran superficie de golpeo, ideal para un juego ofensivo lleno de fuerza y precisi\u00f3n. Su construcci\u00f3n con materiales de alta calidad y tecnolog\u00edas innovadoras garantiza un rendimiento superior en cada golpe.","robots":{"index":"index","follow":"follow","max-snippet":"max-snippet:-1","max-image-preview":"max-image-preview:large","max-video-preview":"max-video-preview:-1"},"canonical":"https:\/\/revolutionpadelstore.com\/de\/produkt\/adidas-cross-it-team-2025-1\/","og_locale":"de_DE","og_type":"article","og_title":"ADIDAS CROSS IT TEAM 2025 - Revolution Padel Store","og_description":"La Adidas Cross It Team 2025 es la pala perfecta para los jugadores que buscan un equilibrio entre potencia, control y manejabilidad. Dise\u00f1ada con forma de diamante oversize y un balance alto, ofrece una gran superficie de golpeo, ideal para un juego ofensivo lleno de fuerza y precisi\u00f3n. Su construcci\u00f3n con materiales de alta calidad y tecnolog\u00edas innovadoras garantiza un rendimiento superior en cada golpe.","og_url":"https:\/\/revolutionpadelstore.com\/de\/produkt\/adidas-cross-it-team-2025-1\/","og_site_name":"Revolution Padel Store","article_modified_time":"2026-04-08T07:39:43+00:00","og_image":[{"width":1500,"height":1500,"url":"https:\/\/revolutionpadelstore.com\/wp-content\/uploads\/2024\/12\/113681-pala-adidas-cross-lt-team-ar2aa1u231500x1500-1.webp","type":"image\/webp"}],"twitter_card":"summary_large_image","twitter_misc":{"Gesch\u00e4tzte Lesezeit":"2\u00a0Minuten"},"schema":{"@context":"https:\/\/schema.org","@graph":[{"@type":"WebPage","@id":"https:\/\/revolutionpadelstore.com\/de\/produkt\/adidas-cross-it-team-2025-1\/","url":"https:\/\/revolutionpadelstore.com\/de\/produkt\/adidas-cross-it-team-2025-1\/","name":"ADIDAS CROSS IT TEAM 2025 - Revolution Padel Store","isPartOf":{"@id":"https:\/\/revolutionpadelstore.com\/de\/#website"},"primaryImageOfPage":{"@id":"https:\/\/revolutionpadelstore.com\/de\/produkt\/adidas-cross-it-team-2025-1\/#primaryimage"},"image":{"@id":"https:\/\/revolutionpadelstore.com\/de\/produkt\/adidas-cross-it-team-2025-1\/#primaryimage"},"thumbnailUrl":"https:\/\/revolutionpadelstore.com\/wp-content\/uploads\/2024\/12\/113681-pala-adidas-cross-lt-team-ar2aa1u231500x1500-1.webp","datePublished":"2024-12-08T10:01:21+00:00","dateModified":"2026-04-08T07:39:43+00:00","description":"La Adidas Cross It Team 2025 es la pala perfecta para los jugadores que buscan un equilibrio entre potencia, control y manejabilidad. Dise\u00f1ada con forma de diamante oversize y un balance alto, ofrece una gran superficie de golpeo, ideal para un juego ofensivo lleno de fuerza y precisi\u00f3n. Su construcci\u00f3n con materiales de alta calidad y tecnolog\u00edas innovadoras garantiza un rendimiento superior en cada golpe.","breadcrumb":{"@id":"https:\/\/revolutionpadelstore.com\/de\/produkt\/adidas-cross-it-team-2025-1\/#breadcrumb"},"inLanguage":"de","potentialAction":[{"@type":"ReadAction","target":["https:\/\/revolutionpadelstore.com\/de\/produkt\/adidas-cross-it-team-2025-1\/"]}]},{"@type":"ImageObject","inLanguage":"de","@id":"https:\/\/revolutionpadelstore.com\/de\/produkt\/adidas-cross-it-team-2025-1\/#primaryimage","url":"https:\/\/revolutionpadelstore.com\/wp-content\/uploads\/2024\/12\/113681-pala-adidas-cross-lt-team-ar2aa1u231500x1500-1.webp","contentUrl":"https:\/\/revolutionpadelstore.com\/wp-content\/uploads\/2024\/12\/113681-pala-adidas-cross-lt-team-ar2aa1u231500x1500-1.webp","width":1500,"height":1500},{"@type":"BreadcrumbList","@id":"https:\/\/revolutionpadelstore.com\/de\/produkt\/adidas-cross-it-team-2025-1\/#breadcrumb","itemListElement":[{"@type":"ListItem","position":1,"name":"Portada","item":"https:\/\/revolutionpadelstore.com\/de\/"},{"@type":"ListItem","position":2,"name":"Shop","item":"https:\/\/revolutionpadelstore.com\/de\/tienda\/"},{"@type":"ListItem","position":3,"name":"ADIDAS CROSS IT TEAM 2025"}]},{"@type":"WebSite","@id":"https:\/\/revolutionpadelstore.com\/de\/#website","url":"https:\/\/revolutionpadelstore.com\/de\/","name":"Revolution Padel Store","description":"","publisher":{"@id":"https:\/\/revolutionpadelstore.com\/de\/#organization"},"potentialAction":[{"@type":"SearchAction","target":{"@type":"EntryPoint","urlTemplate":"https:\/\/revolutionpadelstore.com\/de\/?s={search_term_string}"},"query-input":{"@type":"PropertyValueSpecification","valueRequired":true,"valueName":"search_term_string"}}],"inLanguage":"de"},{"@type":"Organization","@id":"https:\/\/revolutionpadelstore.com\/de\/#organization","name":"Revolution Padel Store","url":"https:\/\/revolutionpadelstore.com\/de\/","logo":{"@type":"ImageObject","inLanguage":"de","@id":"https:\/\/revolutionpadelstore.com\/de\/#\/schema\/logo\/image\/","url":"https:\/\/revolutionpadelstore.com\/wp-content\/uploads\/2026\/02\/revolution-padel-store.jpg","contentUrl":"https:\/\/revolutionpadelstore.com\/wp-content\/uploads\/2026\/02\/revolution-padel-store.jpg","width":2000,"height":2000,"caption":"Revolution Padel Store"},"image":{"@id":"https:\/\/revolutionpadelstore.com\/de\/#\/schema\/logo\/image\/"},"sameAs":["https:\/\/www.instagram.com\/revolutionpadelstore\/"]}]}},"_links":{"self":[{"href":"https:\/\/revolutionpadelstore.com\/de\/wp-json\/wp\/v2\/product\/153528","targetHints":{"allow":["GET"]}}],"collection":[{"href":"https:\/\/revolutionpadelstore.com\/de\/wp-json\/wp\/v2\/product"}],"about":[{"href":"https:\/\/revolutionpadelstore.com\/de\/wp-json\/wp\/v2\/types\/product"}],"replies":[{"embeddable":true,"href":"https:\/\/revolutionpadelstore.com\/de\/wp-json\/wp\/v2\/comments?post=153528"}],"wp:featuredmedia":[{"embeddable":true,"href":"https:\/\/revolutionpadelstore.com\/de\/wp-json\/wp\/v2\/media\/153487"}],"wp:attachment":[{"href":"https:\/\/revolutionpadelstore.com\/de\/wp-json\/wp\/v2\/media?parent=153528"}],"wp:term":[{"taxonomy":"acabado","embeddable":true,"href":"https:\/\/revolutionpadelstore.com\/de\/wp-json\/wp\/v2\/acabado?post=153528"},{"taxonomy":"balance","embeddable":true,"href":"https:\/\/revolutionpadelstore.com\/de\/wp-json\/wp\/v2\/balance?post=153528"},{"taxonomy":"dureza","embeddable":true,"href":"https:\/\/revolutionpadelstore.com\/de\/wp-json\/wp\/v2\/dureza?post=153528"},{"taxonomy":"forma","embeddable":true,"href":"https:\/\/revolutionpadelstore.com\/de\/wp-json\/wp\/v2\/forma?post=153528"},{"taxonomy":"jugador","embeddable":true,"href":"https:\/\/revolutionpadelstore.com\/de\/wp-json\/wp\/v2\/jugador?post=153528"},{"taxonomy":"marca","embeddable":true,"href":"https:\/\/revolutionpadelstore.com\/de\/wp-json\/wp\/v2\/marca?post=153528"},{"taxonomy":"nivel-de-juego","embeddable":true,"href":"https:\/\/revolutionpadelstore.com\/de\/wp-json\/wp\/v2\/nivel-de-juego?post=153528"},{"taxonomy":"superficie","embeddable":true,"href":"https:\/\/revolutionpadelstore.com\/de\/wp-json\/wp\/v2\/superficie?post=153528"},{"taxonomy":"tipo-de-juego","embeddable":true,"href":"https:\/\/revolutionpadelstore.com\/de\/wp-json\/wp\/v2\/tipo-de-juego?post=153528"},{"taxonomy":"product_brand","embeddable":true,"href":"https:\/\/revolutionpadelstore.com\/de\/wp-json\/wp\/v2\/product_brand?post=153528"},{"taxonomy":"product_cat","embeddable":true,"href":"https:\/\/revolutionpadelstore.com\/de\/wp-json\/wp\/v2\/product_cat?post=153528"},{"taxonomy":"product_tag","embeddable":true,"href":"https:\/\/revolutionpadelstore.com\/de\/wp-json\/wp\/v2\/product_tag?post=153528"}],"curies":[{"name":"wp","href":"https:\/\/api.w.org\/{rel}","templated":true}]}}