{"id":153417,"date":"2024-12-08T10:40:57","date_gmt":"2024-12-08T09:40:57","guid":{"rendered":"https:\/\/revolutionpadelstore.com\/adidas-adipower-carbon-light-2025\/"},"modified":"2026-04-08T09:40:42","modified_gmt":"2026-04-08T07:40:42","slug":"adidas-adipower-carbon-light-2025-1","status":"publish","type":"product","link":"https:\/\/revolutionpadelstore.com\/de\/produkt\/adidas-adipower-carbon-light-2025-1\/","title":{"rendered":"ADIDAS ADIPOWER CARBON LIGHT 2025"},"content":{"rendered":"<h2> <strong> Adidas Adipower Carbon Light 2025: Licht- und Hochleistungs -Paddelschaufel<br \/>\nDas <strong> adidas Adipower Carbon Light 2025 <\/strong> ist eine Paddelschaufel mit rundem Format, ideal f\u00fcr diejenigen, die die Leichtigkeit sch\u00e4tzen, ohne ein pr\u00e4zises und kraftvolles Spiel aufzugeben. Dieses Modell integriert Adidas Advanced Technologies und bietet ein perfektes Gleichgewicht zwischen Kontrolle und Leistung. Sein Design in schwarzen, silbernen und wei\u00dfen T\u00f6nen verleiht ihm eine moderne und raffinierte Luft, w\u00e4hrend sein 18 Karat CO2 -Konstruktion eine au\u00dfergew\u00f6hnliche Haltbarkeit garantiert.<\/p>\n<h2> <strong> entwickelt f\u00fcr fortschrittliche Spieler <\/ strong> <\/ h2><br \/>\nDiese Schaufel wurde speziell f\u00fcr erfahrene Spieler entwickelt und bietet ein reduziertes Gewicht (345-360 g), was eine gr\u00f6\u00dfere Man\u00f6vrierf\u00e4higkeit und Geschwindigkeit in Bewegungen erleichtert. Es ist ein ideales Werkzeug f\u00fcr diejenigen, die in defensiven Schl\u00e4gen Pr\u00e4zision suchen, mit der F\u00e4higkeit, Strom zu drucken, wenn das Spiel es verlangt. Perfekt f\u00fcr intensives Training und Wettbewerbe mit hoher Ebene.<\/p>\n<h2> <strong> Schl\u00fcsselspezifikationen und -technologien <\/ strong> <\/ h2><\/p>\n<p> <strong> -Format: <\/strong> rund, optimiert f\u00fcr \u00fcberlegene Kontrolle<\/p>\n<p> <strong> -Peso: <\/strong> zwischen 345-360 g, ideal f\u00fcr schnelle und komfortable Bewegungen<\/p>\n<p> <strong> -Uperficie: <\/strong> mit 18K -Kohlenstoff hergestellt, das au\u00dfergew\u00f6hnliche Steifheit und Widerstand bietet.<br \/>\n<P> <strong> -Nucole: <\/strong> EVA Soft Performance, entwickelt f\u00fcr gr\u00f6\u00dfere Kugelleistung und Komfort im Aufprall<\/p>\n<p> <strong> -Dales Exoskelett: <\/strong> verst\u00e4rkt sowohl den Kern als auch den Rahmen und bietet eine gr\u00f6\u00dfere Stabilit\u00e4t.<br \/>\n<P> <strong> -Abboss -Ambossed Ridge: <\/strong> Kohlenstoffverst\u00e4rkungen, die die Steifheit in offensiven Schl\u00e4gen erh\u00f6hen.<br \/>\n<P> <strong> -Spin -Blattform: <\/strong> 3D -Textur, die die Anwendung von Effekten mit gr\u00f6\u00dferer Genauigkeit erm\u00f6glicht.<\/p>\n<p> <strong> -Smart -L\u00f6cher Kurve: <\/strong> strategische Disposition von L\u00f6chern zur Optimierung von Effekten und Kontrolle<\/p>\n<h2> <strong> erh\u00e4ltlich im Revolution Padel Store <\/ strong> <\/ h2><br \/>\nDas <strong> Adidas Adipower Carbon Light 2025 <\/strong> ist die ideale Wahl f\u00fcr fortgeschrittene Spieler, die nach einer leichten, eleganten Schaufel und mit den besten technologischen Vorteilen suchen. Maximieren Sie Ihre Agilit\u00e4t und Pr\u00e4zision auf dem Track mit diesem Modell der neuesten Generation.<\/p>\n<h2><strong>Adidas Adipower Carbon Light 2025: pala de p\u00e1del ligera y de alto rendimiento<\/strong><\/p>\n","protected":false},"excerpt":{"rendered":"<p>Die <strong> adidas Adipower Carbon Light 2025 <\/strong> f\u00e4llt dank seiner innovativen Technologie durch seine perfekte Balance zwischen Leichtigkeit, Kontrolle und Kraft auf. Es ist speziell f\u00fcr fortschrittliche Spieler entwickelt, die Pr\u00e4zision und Komfort in jeder Bewegung innerhalb der Strecke priorisieren.<strong>Adidas Adipower Carbon Light 2025<\/strong><\/p>\n","protected":false},"featured_media":153370,"comment_status":"open","ping_status":"closed","template":"","meta":{"_acf_changed":false,"_joinchat":[]},"acabado":[1089],"balance":[1144],"dureza":[1154],"forma":[1179],"jugador":[1194],"marca":[1229],"nivel-de-juego":[1334],"superficie":[1359],"tipo-de-juego":[1369],"product_brand":[],"product_cat":[299],"product_tag":[],"class_list":{"0":"post-153417","1":"product","2":"type-product","3":"status-publish","4":"has-post-thumbnail","6":"acabado-3d-entlasten","7":"balance-niedrig","8":"dureza-media-de","9":"forma-rund","10":"jugador-frau","11":"marca-adidas-de","12":"superficie-rugosa-de","13":"tipo-de-juego-kontrolle","14":"product_cat-palas-de-padel-de","16":"first","17":"instock","18":"sale","19":"taxable","20":"shipping-taxable","21":"purchasable","22":"product-type-simple"},"acf":[],"yoast_head":"<!-- This site is optimized with the Yoast SEO plugin v27.4 - https:\/\/yoast.com\/product\/yoast-seo-wordpress\/ -->\n<title>ADIDAS ADIPOWER CARBON LIGHT 2025 - Revolution Padel Store<\/title>\n<meta name=\"description\" content=\"La Adidas Adipower Carbon Light 2025 es una pala de p\u00e1del con formato redondo, ideal para quienes valoran la ligereza sin renunciar a un juego preciso y potente. Este modelo integra tecnolog\u00edas avanzadas de Adidas, proporcionando un equilibrio perfecto entre control y potencia. Su dise\u00f1o en tonos negro, plata y blanco le aporta un aire moderno y sofisticado, mientras que su construcci\u00f3n con carbono 18K garantiza una durabilidad excepcional.\" \/>\n<meta name=\"robots\" content=\"index, follow, max-snippet:-1, max-image-preview:large, max-video-preview:-1\" \/>\n<link rel=\"canonical\" href=\"https:\/\/revolutionpadelstore.com\/de\/produkt\/adidas-adipower-carbon-light-2025-1\/\" \/>\n<meta property=\"og:locale\" content=\"de_DE\" \/>\n<meta property=\"og:type\" content=\"article\" \/>\n<meta property=\"og:title\" content=\"ADIDAS ADIPOWER CARBON LIGHT 2025 - Revolution Padel Store\" \/>\n<meta property=\"og:description\" content=\"La Adidas Adipower Carbon Light 2025 es una pala de p\u00e1del con formato redondo, ideal para quienes valoran la ligereza sin renunciar a un juego preciso y potente. Este modelo integra tecnolog\u00edas avanzadas de Adidas, proporcionando un equilibrio perfecto entre control y potencia. Su dise\u00f1o en tonos negro, plata y blanco le aporta un aire moderno y sofisticado, mientras que su construcci\u00f3n con carbono 18K garantiza una durabilidad excepcional.\" \/>\n<meta property=\"og:url\" content=\"https:\/\/revolutionpadelstore.com\/de\/produkt\/adidas-adipower-carbon-light-2025-1\/\" \/>\n<meta property=\"og:site_name\" content=\"Revolution Padel Store\" \/>\n<meta property=\"article:modified_time\" content=\"2026-04-08T07:40:42+00:00\" \/>\n<meta property=\"og:image\" content=\"https:\/\/revolutionpadelstore.com\/wp-content\/uploads\/2024\/12\/113674-pala-adidas-adipower-carbon-light-ar1ca4u681500x1500-1.webp\" \/>\n\t<meta property=\"og:image:width\" content=\"1500\" \/>\n\t<meta property=\"og:image:height\" content=\"1500\" \/>\n\t<meta property=\"og:image:type\" content=\"image\/webp\" \/>\n<meta name=\"twitter:card\" content=\"summary_large_image\" \/>\n<meta name=\"twitter:label1\" content=\"Gesch\u00e4tzte Lesezeit\" \/>\n\t<meta name=\"twitter:data1\" content=\"2\u00a0Minuten\" \/>\n<script type=\"application\/ld+json\" class=\"yoast-schema-graph\">{\"@context\":\"https:\\\/\\\/schema.org\",\"@graph\":[{\"@type\":\"WebPage\",\"@id\":\"https:\\\/\\\/revolutionpadelstore.com\\\/de\\\/produkt\\\/adidas-adipower-carbon-light-2025-1\\\/\",\"url\":\"https:\\\/\\\/revolutionpadelstore.com\\\/de\\\/produkt\\\/adidas-adipower-carbon-light-2025-1\\\/\",\"name\":\"ADIDAS ADIPOWER CARBON LIGHT 2025 - Revolution Padel Store\",\"isPartOf\":{\"@id\":\"https:\\\/\\\/revolutionpadelstore.com\\\/de\\\/#website\"},\"primaryImageOfPage\":{\"@id\":\"https:\\\/\\\/revolutionpadelstore.com\\\/de\\\/produkt\\\/adidas-adipower-carbon-light-2025-1\\\/#primaryimage\"},\"image\":{\"@id\":\"https:\\\/\\\/revolutionpadelstore.com\\\/de\\\/produkt\\\/adidas-adipower-carbon-light-2025-1\\\/#primaryimage\"},\"thumbnailUrl\":\"https:\\\/\\\/revolutionpadelstore.com\\\/wp-content\\\/uploads\\\/2024\\\/12\\\/113674-pala-adidas-adipower-carbon-light-ar1ca4u681500x1500-1.webp\",\"datePublished\":\"2024-12-08T09:40:57+00:00\",\"dateModified\":\"2026-04-08T07:40:42+00:00\",\"description\":\"La Adidas Adipower Carbon Light 2025 es una pala de p\u00e1del con formato redondo, ideal para quienes valoran la ligereza sin renunciar a un juego preciso y potente. Este modelo integra tecnolog\u00edas avanzadas de Adidas, proporcionando un equilibrio perfecto entre control y potencia. Su dise\u00f1o en tonos negro, plata y blanco le aporta un aire moderno y sofisticado, mientras que su construcci\u00f3n con carbono 18K garantiza una durabilidad excepcional.\",\"breadcrumb\":{\"@id\":\"https:\\\/\\\/revolutionpadelstore.com\\\/de\\\/produkt\\\/adidas-adipower-carbon-light-2025-1\\\/#breadcrumb\"},\"inLanguage\":\"de\",\"potentialAction\":[{\"@type\":\"ReadAction\",\"target\":[\"https:\\\/\\\/revolutionpadelstore.com\\\/de\\\/produkt\\\/adidas-adipower-carbon-light-2025-1\\\/\"]}]},{\"@type\":\"ImageObject\",\"inLanguage\":\"de\",\"@id\":\"https:\\\/\\\/revolutionpadelstore.com\\\/de\\\/produkt\\\/adidas-adipower-carbon-light-2025-1\\\/#primaryimage\",\"url\":\"https:\\\/\\\/revolutionpadelstore.com\\\/wp-content\\\/uploads\\\/2024\\\/12\\\/113674-pala-adidas-adipower-carbon-light-ar1ca4u681500x1500-1.webp\",\"contentUrl\":\"https:\\\/\\\/revolutionpadelstore.com\\\/wp-content\\\/uploads\\\/2024\\\/12\\\/113674-pala-adidas-adipower-carbon-light-ar1ca4u681500x1500-1.webp\",\"width\":1500,\"height\":1500},{\"@type\":\"BreadcrumbList\",\"@id\":\"https:\\\/\\\/revolutionpadelstore.com\\\/de\\\/produkt\\\/adidas-adipower-carbon-light-2025-1\\\/#breadcrumb\",\"itemListElement\":[{\"@type\":\"ListItem\",\"position\":1,\"name\":\"Portada\",\"item\":\"https:\\\/\\\/revolutionpadelstore.com\\\/de\\\/\"},{\"@type\":\"ListItem\",\"position\":2,\"name\":\"Shop\",\"item\":\"https:\\\/\\\/revolutionpadelstore.com\\\/de\\\/tienda\\\/\"},{\"@type\":\"ListItem\",\"position\":3,\"name\":\"ADIDAS ADIPOWER CARBON LIGHT 2025\"}]},{\"@type\":\"WebSite\",\"@id\":\"https:\\\/\\\/revolutionpadelstore.com\\\/de\\\/#website\",\"url\":\"https:\\\/\\\/revolutionpadelstore.com\\\/de\\\/\",\"name\":\"Revolution Padel Store\",\"description\":\"\",\"publisher\":{\"@id\":\"https:\\\/\\\/revolutionpadelstore.com\\\/de\\\/#organization\"},\"potentialAction\":[{\"@type\":\"SearchAction\",\"target\":{\"@type\":\"EntryPoint\",\"urlTemplate\":\"https:\\\/\\\/revolutionpadelstore.com\\\/de\\\/?s={search_term_string}\"},\"query-input\":{\"@type\":\"PropertyValueSpecification\",\"valueRequired\":true,\"valueName\":\"search_term_string\"}}],\"inLanguage\":\"de\"},{\"@type\":\"Organization\",\"@id\":\"https:\\\/\\\/revolutionpadelstore.com\\\/de\\\/#organization\",\"name\":\"Revolution Padel Store\",\"url\":\"https:\\\/\\\/revolutionpadelstore.com\\\/de\\\/\",\"logo\":{\"@type\":\"ImageObject\",\"inLanguage\":\"de\",\"@id\":\"https:\\\/\\\/revolutionpadelstore.com\\\/de\\\/#\\\/schema\\\/logo\\\/image\\\/\",\"url\":\"https:\\\/\\\/revolutionpadelstore.com\\\/wp-content\\\/uploads\\\/2026\\\/02\\\/revolution-padel-store.jpg\",\"contentUrl\":\"https:\\\/\\\/revolutionpadelstore.com\\\/wp-content\\\/uploads\\\/2026\\\/02\\\/revolution-padel-store.jpg\",\"width\":2000,\"height\":2000,\"caption\":\"Revolution Padel Store\"},\"image\":{\"@id\":\"https:\\\/\\\/revolutionpadelstore.com\\\/de\\\/#\\\/schema\\\/logo\\\/image\\\/\"},\"sameAs\":[\"https:\\\/\\\/www.instagram.com\\\/revolutionpadelstore\\\/\"]}]}<\/script>\n<!-- \/ Yoast SEO plugin. -->","yoast_head_json":{"title":"ADIDAS ADIPOWER CARBON LIGHT 2025 - Revolution Padel Store","description":"La Adidas Adipower Carbon Light 2025 es una pala de p\u00e1del con formato redondo, ideal para quienes valoran la ligereza sin renunciar a un juego preciso y potente. Este modelo integra tecnolog\u00edas avanzadas de Adidas, proporcionando un equilibrio perfecto entre control y potencia. Su dise\u00f1o en tonos negro, plata y blanco le aporta un aire moderno y sofisticado, mientras que su construcci\u00f3n con carbono 18K garantiza una durabilidad excepcional.","robots":{"index":"index","follow":"follow","max-snippet":"max-snippet:-1","max-image-preview":"max-image-preview:large","max-video-preview":"max-video-preview:-1"},"canonical":"https:\/\/revolutionpadelstore.com\/de\/produkt\/adidas-adipower-carbon-light-2025-1\/","og_locale":"de_DE","og_type":"article","og_title":"ADIDAS ADIPOWER CARBON LIGHT 2025 - Revolution Padel Store","og_description":"La Adidas Adipower Carbon Light 2025 es una pala de p\u00e1del con formato redondo, ideal para quienes valoran la ligereza sin renunciar a un juego preciso y potente. Este modelo integra tecnolog\u00edas avanzadas de Adidas, proporcionando un equilibrio perfecto entre control y potencia. Su dise\u00f1o en tonos negro, plata y blanco le aporta un aire moderno y sofisticado, mientras que su construcci\u00f3n con carbono 18K garantiza una durabilidad excepcional.","og_url":"https:\/\/revolutionpadelstore.com\/de\/produkt\/adidas-adipower-carbon-light-2025-1\/","og_site_name":"Revolution Padel Store","article_modified_time":"2026-04-08T07:40:42+00:00","og_image":[{"width":1500,"height":1500,"url":"https:\/\/revolutionpadelstore.com\/wp-content\/uploads\/2024\/12\/113674-pala-adidas-adipower-carbon-light-ar1ca4u681500x1500-1.webp","type":"image\/webp"}],"twitter_card":"summary_large_image","twitter_misc":{"Gesch\u00e4tzte Lesezeit":"2\u00a0Minuten"},"schema":{"@context":"https:\/\/schema.org","@graph":[{"@type":"WebPage","@id":"https:\/\/revolutionpadelstore.com\/de\/produkt\/adidas-adipower-carbon-light-2025-1\/","url":"https:\/\/revolutionpadelstore.com\/de\/produkt\/adidas-adipower-carbon-light-2025-1\/","name":"ADIDAS ADIPOWER CARBON LIGHT 2025 - Revolution Padel Store","isPartOf":{"@id":"https:\/\/revolutionpadelstore.com\/de\/#website"},"primaryImageOfPage":{"@id":"https:\/\/revolutionpadelstore.com\/de\/produkt\/adidas-adipower-carbon-light-2025-1\/#primaryimage"},"image":{"@id":"https:\/\/revolutionpadelstore.com\/de\/produkt\/adidas-adipower-carbon-light-2025-1\/#primaryimage"},"thumbnailUrl":"https:\/\/revolutionpadelstore.com\/wp-content\/uploads\/2024\/12\/113674-pala-adidas-adipower-carbon-light-ar1ca4u681500x1500-1.webp","datePublished":"2024-12-08T09:40:57+00:00","dateModified":"2026-04-08T07:40:42+00:00","description":"La Adidas Adipower Carbon Light 2025 es una pala de p\u00e1del con formato redondo, ideal para quienes valoran la ligereza sin renunciar a un juego preciso y potente. Este modelo integra tecnolog\u00edas avanzadas de Adidas, proporcionando un equilibrio perfecto entre control y potencia. Su dise\u00f1o en tonos negro, plata y blanco le aporta un aire moderno y sofisticado, mientras que su construcci\u00f3n con carbono 18K garantiza una durabilidad excepcional.","breadcrumb":{"@id":"https:\/\/revolutionpadelstore.com\/de\/produkt\/adidas-adipower-carbon-light-2025-1\/#breadcrumb"},"inLanguage":"de","potentialAction":[{"@type":"ReadAction","target":["https:\/\/revolutionpadelstore.com\/de\/produkt\/adidas-adipower-carbon-light-2025-1\/"]}]},{"@type":"ImageObject","inLanguage":"de","@id":"https:\/\/revolutionpadelstore.com\/de\/produkt\/adidas-adipower-carbon-light-2025-1\/#primaryimage","url":"https:\/\/revolutionpadelstore.com\/wp-content\/uploads\/2024\/12\/113674-pala-adidas-adipower-carbon-light-ar1ca4u681500x1500-1.webp","contentUrl":"https:\/\/revolutionpadelstore.com\/wp-content\/uploads\/2024\/12\/113674-pala-adidas-adipower-carbon-light-ar1ca4u681500x1500-1.webp","width":1500,"height":1500},{"@type":"BreadcrumbList","@id":"https:\/\/revolutionpadelstore.com\/de\/produkt\/adidas-adipower-carbon-light-2025-1\/#breadcrumb","itemListElement":[{"@type":"ListItem","position":1,"name":"Portada","item":"https:\/\/revolutionpadelstore.com\/de\/"},{"@type":"ListItem","position":2,"name":"Shop","item":"https:\/\/revolutionpadelstore.com\/de\/tienda\/"},{"@type":"ListItem","position":3,"name":"ADIDAS ADIPOWER CARBON LIGHT 2025"}]},{"@type":"WebSite","@id":"https:\/\/revolutionpadelstore.com\/de\/#website","url":"https:\/\/revolutionpadelstore.com\/de\/","name":"Revolution Padel Store","description":"","publisher":{"@id":"https:\/\/revolutionpadelstore.com\/de\/#organization"},"potentialAction":[{"@type":"SearchAction","target":{"@type":"EntryPoint","urlTemplate":"https:\/\/revolutionpadelstore.com\/de\/?s={search_term_string}"},"query-input":{"@type":"PropertyValueSpecification","valueRequired":true,"valueName":"search_term_string"}}],"inLanguage":"de"},{"@type":"Organization","@id":"https:\/\/revolutionpadelstore.com\/de\/#organization","name":"Revolution Padel Store","url":"https:\/\/revolutionpadelstore.com\/de\/","logo":{"@type":"ImageObject","inLanguage":"de","@id":"https:\/\/revolutionpadelstore.com\/de\/#\/schema\/logo\/image\/","url":"https:\/\/revolutionpadelstore.com\/wp-content\/uploads\/2026\/02\/revolution-padel-store.jpg","contentUrl":"https:\/\/revolutionpadelstore.com\/wp-content\/uploads\/2026\/02\/revolution-padel-store.jpg","width":2000,"height":2000,"caption":"Revolution Padel Store"},"image":{"@id":"https:\/\/revolutionpadelstore.com\/de\/#\/schema\/logo\/image\/"},"sameAs":["https:\/\/www.instagram.com\/revolutionpadelstore\/"]}]}},"_links":{"self":[{"href":"https:\/\/revolutionpadelstore.com\/de\/wp-json\/wp\/v2\/product\/153417","targetHints":{"allow":["GET"]}}],"collection":[{"href":"https:\/\/revolutionpadelstore.com\/de\/wp-json\/wp\/v2\/product"}],"about":[{"href":"https:\/\/revolutionpadelstore.com\/de\/wp-json\/wp\/v2\/types\/product"}],"replies":[{"embeddable":true,"href":"https:\/\/revolutionpadelstore.com\/de\/wp-json\/wp\/v2\/comments?post=153417"}],"wp:featuredmedia":[{"embeddable":true,"href":"https:\/\/revolutionpadelstore.com\/de\/wp-json\/wp\/v2\/media\/153370"}],"wp:attachment":[{"href":"https:\/\/revolutionpadelstore.com\/de\/wp-json\/wp\/v2\/media?parent=153417"}],"wp:term":[{"taxonomy":"acabado","embeddable":true,"href":"https:\/\/revolutionpadelstore.com\/de\/wp-json\/wp\/v2\/acabado?post=153417"},{"taxonomy":"balance","embeddable":true,"href":"https:\/\/revolutionpadelstore.com\/de\/wp-json\/wp\/v2\/balance?post=153417"},{"taxonomy":"dureza","embeddable":true,"href":"https:\/\/revolutionpadelstore.com\/de\/wp-json\/wp\/v2\/dureza?post=153417"},{"taxonomy":"forma","embeddable":true,"href":"https:\/\/revolutionpadelstore.com\/de\/wp-json\/wp\/v2\/forma?post=153417"},{"taxonomy":"jugador","embeddable":true,"href":"https:\/\/revolutionpadelstore.com\/de\/wp-json\/wp\/v2\/jugador?post=153417"},{"taxonomy":"marca","embeddable":true,"href":"https:\/\/revolutionpadelstore.com\/de\/wp-json\/wp\/v2\/marca?post=153417"},{"taxonomy":"nivel-de-juego","embeddable":true,"href":"https:\/\/revolutionpadelstore.com\/de\/wp-json\/wp\/v2\/nivel-de-juego?post=153417"},{"taxonomy":"superficie","embeddable":true,"href":"https:\/\/revolutionpadelstore.com\/de\/wp-json\/wp\/v2\/superficie?post=153417"},{"taxonomy":"tipo-de-juego","embeddable":true,"href":"https:\/\/revolutionpadelstore.com\/de\/wp-json\/wp\/v2\/tipo-de-juego?post=153417"},{"taxonomy":"product_brand","embeddable":true,"href":"https:\/\/revolutionpadelstore.com\/de\/wp-json\/wp\/v2\/product_brand?post=153417"},{"taxonomy":"product_cat","embeddable":true,"href":"https:\/\/revolutionpadelstore.com\/de\/wp-json\/wp\/v2\/product_cat?post=153417"},{"taxonomy":"product_tag","embeddable":true,"href":"https:\/\/revolutionpadelstore.com\/de\/wp-json\/wp\/v2\/product_tag?post=153417"}],"curies":[{"name":"wp","href":"https:\/\/api.w.org\/{rel}","templated":true}]}}