{"id":152975,"date":"2024-12-06T13:02:46","date_gmt":"2024-12-06T12:02:46","guid":{"rendered":"https:\/\/revolutionpadelstore.com\/adidas-metalbone-youth-3-4-2025\/"},"modified":"2026-04-14T02:00:50","modified_gmt":"2026-04-14T00:00:50","slug":"adidas-metalbone-youth-3-4-2025-1","status":"publish","type":"product","link":"https:\/\/revolutionpadelstore.com\/de\/produkt\/adidas-metalbone-youth-3-4-2025-1\/","title":{"rendered":"ADIDAS METALBONE YOUTH 3.4 2025"},"content":{"rendered":"<p>Die <strong> adidas Metalbone Youth 3.4 <\/strong> der 2025 -Kollektion ist eine hohe Schaufel mit einem \u00fcbergro\u00dfen Diamanten und einer hohen Balance, die aus der ersten Verwendung eine au\u00dfergew\u00f6hnliche Leistung bietet. Konzentriert sich auf den Angriff und ist die leichtere und bequemste Version des Adidas Metalbone 3.4 -Schaufels von <strong> Ale Gal\u00e1n <\/strong>. Mit einem extrem leichten Gewicht von 330-345 Gramm bietet es ein einfaches und komfortables Management.<\/p>\n<h2> Metalbone YAuth 3.4 Pala f\u00fcr Junior -Spieler <\/H2><br \/>\nDank seines spezifischen Designs f\u00fcr junge Menschen ist diese adidas 2025-Schaufel ideal f\u00fcr Junior-Paddel-Spieler (8-14 Jahre) Anf\u00e4ngerniveau, die ihre Technik schnell verbessern und im Angriff hervorheben, ohne Kontrolle und Man\u00f6vrierf\u00e4higkeit zu beeintr\u00e4chtigen. Dieses Modell bietet eine perfekte Balance zwischen leichtem Gewicht, Kontrolle und Leistung.<\/p>\n<h2> Eigenschaften und Technologien von Adidas Metalbone Youth 3.4 <\/H2><\/p>\n<p> <strong> -Fiberglass-Pl\u00e4ne <\/strong><br \/>\n<P> <strong> -Fiberglasrahmen <\/strong>: Gew\u00e4hrleistung von Leichtigkeit und Schutz<br \/>\n<P> <strong> -Nucole Soft Performance <\/strong>: Eva -Gummi mit niedriger Dichte bietet einen schnellen und komfortablen Ballauslass.<br \/>\n<P> <strong> -Tecnology Smart L\u00f6cher Kurve <\/strong>: Optimiert die Verteilung der L\u00f6cher, um die Erzeugung von Effekten in jedem Schlag zu erleichtern.<\/p>\n<p> <strong> -strukturelle Verst\u00e4rkung <\/strong>: Verst\u00e4rkt den Umfang der Schaufel und erh\u00f6ht den Widerstand gegen Torsionen.<br \/>\n<P> <strong> -Cetructure Struktur <\/strong>: Tubul\u00e4re Kohlenstoffstruktur mit einem achteckigen Abschnitt, der Torsion minimiert und die Genauigkeit von Schl\u00e4gen verbessert.<\/p>\n<h2> erh\u00e4ltlich im Revolution Padel Store <\/ h2><br \/>\nMit der <strong> Metalbone Youth 3.4 <\/strong> k\u00f6nnen junge Spieler ihre Technik entwickeln und gleichzeitig ein komfortables, dynamisches und effektives Spiel genie\u00dfen. Diese Adidas -Schaufel mit weicher Leistung und Glasfaserpl\u00e4nen ist das perfekte Werkzeug f\u00fcr zuk\u00fcnftige Paddel -Champions.<strong>Adidas Metalbone Youth 3.4<\/strong><\/p>\n","protected":false},"excerpt":{"rendered":"<p>Die <strong> adidas Metalbone Youth 3.4 2025 <\/strong> ist eine Schaufel f\u00fcr Junior -Spieler, die sich auf den Angriff konzentrieren. Mit seiner \u00fcbergro\u00dfen Diamantform und einem ultraleichten Gewicht bietet es eine gro\u00dfartige Man\u00f6vrierf\u00e4higkeit und Komfort. Seine <strong> EVA Soft Performance Core <\/strong> bietet eine schnelle und komfortable Ballausstellung<strong>Adidas Metalbone Youth 3.4 2025<\/strong><\/p>\n","protected":false},"featured_media":152934,"comment_status":"open","ping_status":"closed","template":"","meta":{"_acf_changed":false,"_joinchat":[]},"acabado":[1084],"balance":[1134],"dureza":[1149],"forma":[1169],"jugador":[1204],"marca":[1229],"nivel-de-juego":[1349,1339],"superficie":[1354],"tipo-de-juego":[1374],"product_brand":[],"product_cat":[299],"product_tag":[],"class_list":{"0":"post-152975","1":"product","2":"type-product","3":"status-publish","4":"has-post-thumbnail","6":"acabado-kumpel","7":"balance-hoch","8":"dureza-blanda-de","9":"forma-diamante-de","10":"jugador-junior-de","11":"marca-adidas-de","12":"superficie-lisa-de","13":"tipo-de-juego-leistung","14":"product_cat-palas-de-padel-de","16":"first","17":"instock","18":"sale","19":"taxable","20":"shipping-taxable","21":"purchasable","22":"product-type-simple"},"acf":[],"yoast_head":"<!-- This site is optimized with the Yoast SEO plugin v27.4 - https:\/\/yoast.com\/product\/yoast-seo-wordpress\/ -->\n<title>ADIDAS METALBONE YOUTH 3.4 2025 - Revolution Padel Store<\/title>\n<meta name=\"description\" content=\"La Metalbone Youth 3.4 de Adidas es una pala de gama alta con forma de diamante oversize con balance alto y amplia superficie de golpeo que brinda unas incre\u00edbles prestaciones en el terreno de juego desde el primer momento. Enfocada en el ataque, es la versi\u00f3n m\u00e1s ligera y c\u00f3moda de la pala Adidas Metalbone 3.4 de Ale Gal\u00e1n. Asimismo, gracias a su peso ultra ligero de 330-345 gramos, se consigue un manejo f\u00e1cil y confortable.\" \/>\n<meta name=\"robots\" content=\"index, follow, max-snippet:-1, max-image-preview:large, max-video-preview:-1\" \/>\n<link rel=\"canonical\" href=\"https:\/\/revolutionpadelstore.com\/de\/produkt\/adidas-metalbone-youth-3-4-2025-1\/\" \/>\n<meta property=\"og:locale\" content=\"de_DE\" \/>\n<meta property=\"og:type\" content=\"article\" \/>\n<meta property=\"og:title\" content=\"ADIDAS METALBONE YOUTH 3.4 2025 - Revolution Padel Store\" \/>\n<meta property=\"og:description\" content=\"La Metalbone Youth 3.4 de Adidas es una pala de gama alta con forma de diamante oversize con balance alto y amplia superficie de golpeo que brinda unas incre\u00edbles prestaciones en el terreno de juego desde el primer momento. Enfocada en el ataque, es la versi\u00f3n m\u00e1s ligera y c\u00f3moda de la pala Adidas Metalbone 3.4 de Ale Gal\u00e1n. Asimismo, gracias a su peso ultra ligero de 330-345 gramos, se consigue un manejo f\u00e1cil y confortable.\" \/>\n<meta property=\"og:url\" content=\"https:\/\/revolutionpadelstore.com\/de\/produkt\/adidas-metalbone-youth-3-4-2025-1\/\" \/>\n<meta property=\"og:site_name\" content=\"Revolution Padel Store\" \/>\n<meta property=\"article:modified_time\" content=\"2026-04-14T00:00:50+00:00\" \/>\n<meta property=\"og:image\" content=\"https:\/\/revolutionpadelstore.com\/wp-content\/uploads\/2024\/12\/113690-pala-adidas-metalbone-youth-3-4-ar4aa0u221500x1500-1.webp\" \/>\n\t<meta property=\"og:image:width\" content=\"1500\" \/>\n\t<meta property=\"og:image:height\" content=\"1500\" \/>\n\t<meta property=\"og:image:type\" content=\"image\/webp\" \/>\n<meta name=\"twitter:card\" content=\"summary_large_image\" \/>\n<meta name=\"twitter:label1\" content=\"Gesch\u00e4tzte Lesezeit\" \/>\n\t<meta name=\"twitter:data1\" content=\"1\u00a0Minute\" \/>\n<script type=\"application\/ld+json\" class=\"yoast-schema-graph\">{\"@context\":\"https:\\\/\\\/schema.org\",\"@graph\":[{\"@type\":\"WebPage\",\"@id\":\"https:\\\/\\\/revolutionpadelstore.com\\\/de\\\/produkt\\\/adidas-metalbone-youth-3-4-2025-1\\\/\",\"url\":\"https:\\\/\\\/revolutionpadelstore.com\\\/de\\\/produkt\\\/adidas-metalbone-youth-3-4-2025-1\\\/\",\"name\":\"ADIDAS METALBONE YOUTH 3.4 2025 - Revolution Padel Store\",\"isPartOf\":{\"@id\":\"https:\\\/\\\/revolutionpadelstore.com\\\/de\\\/#website\"},\"primaryImageOfPage\":{\"@id\":\"https:\\\/\\\/revolutionpadelstore.com\\\/de\\\/produkt\\\/adidas-metalbone-youth-3-4-2025-1\\\/#primaryimage\"},\"image\":{\"@id\":\"https:\\\/\\\/revolutionpadelstore.com\\\/de\\\/produkt\\\/adidas-metalbone-youth-3-4-2025-1\\\/#primaryimage\"},\"thumbnailUrl\":\"https:\\\/\\\/revolutionpadelstore.com\\\/wp-content\\\/uploads\\\/2024\\\/12\\\/113690-pala-adidas-metalbone-youth-3-4-ar4aa0u221500x1500-1.webp\",\"datePublished\":\"2024-12-06T12:02:46+00:00\",\"dateModified\":\"2026-04-14T00:00:50+00:00\",\"description\":\"La Metalbone Youth 3.4 de Adidas es una pala de gama alta con forma de diamante oversize con balance alto y amplia superficie de golpeo que brinda unas incre\u00edbles prestaciones en el terreno de juego desde el primer momento. Enfocada en el ataque, es la versi\u00f3n m\u00e1s ligera y c\u00f3moda de la pala Adidas Metalbone 3.4 de Ale Gal\u00e1n. Asimismo, gracias a su peso ultra ligero de 330-345 gramos, se consigue un manejo f\u00e1cil y confortable.\",\"breadcrumb\":{\"@id\":\"https:\\\/\\\/revolutionpadelstore.com\\\/de\\\/produkt\\\/adidas-metalbone-youth-3-4-2025-1\\\/#breadcrumb\"},\"inLanguage\":\"de\",\"potentialAction\":[{\"@type\":\"ReadAction\",\"target\":[\"https:\\\/\\\/revolutionpadelstore.com\\\/de\\\/produkt\\\/adidas-metalbone-youth-3-4-2025-1\\\/\"]}]},{\"@type\":\"ImageObject\",\"inLanguage\":\"de\",\"@id\":\"https:\\\/\\\/revolutionpadelstore.com\\\/de\\\/produkt\\\/adidas-metalbone-youth-3-4-2025-1\\\/#primaryimage\",\"url\":\"https:\\\/\\\/revolutionpadelstore.com\\\/wp-content\\\/uploads\\\/2024\\\/12\\\/113690-pala-adidas-metalbone-youth-3-4-ar4aa0u221500x1500-1.webp\",\"contentUrl\":\"https:\\\/\\\/revolutionpadelstore.com\\\/wp-content\\\/uploads\\\/2024\\\/12\\\/113690-pala-adidas-metalbone-youth-3-4-ar4aa0u221500x1500-1.webp\",\"width\":1500,\"height\":1500},{\"@type\":\"BreadcrumbList\",\"@id\":\"https:\\\/\\\/revolutionpadelstore.com\\\/de\\\/produkt\\\/adidas-metalbone-youth-3-4-2025-1\\\/#breadcrumb\",\"itemListElement\":[{\"@type\":\"ListItem\",\"position\":1,\"name\":\"Portada\",\"item\":\"https:\\\/\\\/revolutionpadelstore.com\\\/de\\\/\"},{\"@type\":\"ListItem\",\"position\":2,\"name\":\"Shop\",\"item\":\"https:\\\/\\\/revolutionpadelstore.com\\\/de\\\/tienda\\\/\"},{\"@type\":\"ListItem\",\"position\":3,\"name\":\"ADIDAS METALBONE YOUTH 3.4 2025\"}]},{\"@type\":\"WebSite\",\"@id\":\"https:\\\/\\\/revolutionpadelstore.com\\\/de\\\/#website\",\"url\":\"https:\\\/\\\/revolutionpadelstore.com\\\/de\\\/\",\"name\":\"Revolution Padel Store\",\"description\":\"\",\"publisher\":{\"@id\":\"https:\\\/\\\/revolutionpadelstore.com\\\/de\\\/#organization\"},\"potentialAction\":[{\"@type\":\"SearchAction\",\"target\":{\"@type\":\"EntryPoint\",\"urlTemplate\":\"https:\\\/\\\/revolutionpadelstore.com\\\/de\\\/?s={search_term_string}\"},\"query-input\":{\"@type\":\"PropertyValueSpecification\",\"valueRequired\":true,\"valueName\":\"search_term_string\"}}],\"inLanguage\":\"de\"},{\"@type\":\"Organization\",\"@id\":\"https:\\\/\\\/revolutionpadelstore.com\\\/de\\\/#organization\",\"name\":\"Revolution Padel Store\",\"url\":\"https:\\\/\\\/revolutionpadelstore.com\\\/de\\\/\",\"logo\":{\"@type\":\"ImageObject\",\"inLanguage\":\"de\",\"@id\":\"https:\\\/\\\/revolutionpadelstore.com\\\/de\\\/#\\\/schema\\\/logo\\\/image\\\/\",\"url\":\"https:\\\/\\\/revolutionpadelstore.com\\\/wp-content\\\/uploads\\\/2026\\\/02\\\/revolution-padel-store.jpg\",\"contentUrl\":\"https:\\\/\\\/revolutionpadelstore.com\\\/wp-content\\\/uploads\\\/2026\\\/02\\\/revolution-padel-store.jpg\",\"width\":2000,\"height\":2000,\"caption\":\"Revolution Padel Store\"},\"image\":{\"@id\":\"https:\\\/\\\/revolutionpadelstore.com\\\/de\\\/#\\\/schema\\\/logo\\\/image\\\/\"},\"sameAs\":[\"https:\\\/\\\/www.instagram.com\\\/revolutionpadelstore\\\/\"]}]}<\/script>\n<!-- \/ Yoast SEO plugin. -->","yoast_head_json":{"title":"ADIDAS METALBONE YOUTH 3.4 2025 - Revolution Padel Store","description":"La Metalbone Youth 3.4 de Adidas es una pala de gama alta con forma de diamante oversize con balance alto y amplia superficie de golpeo que brinda unas incre\u00edbles prestaciones en el terreno de juego desde el primer momento. Enfocada en el ataque, es la versi\u00f3n m\u00e1s ligera y c\u00f3moda de la pala Adidas Metalbone 3.4 de Ale Gal\u00e1n. Asimismo, gracias a su peso ultra ligero de 330-345 gramos, se consigue un manejo f\u00e1cil y confortable.","robots":{"index":"index","follow":"follow","max-snippet":"max-snippet:-1","max-image-preview":"max-image-preview:large","max-video-preview":"max-video-preview:-1"},"canonical":"https:\/\/revolutionpadelstore.com\/de\/produkt\/adidas-metalbone-youth-3-4-2025-1\/","og_locale":"de_DE","og_type":"article","og_title":"ADIDAS METALBONE YOUTH 3.4 2025 - Revolution Padel Store","og_description":"La Metalbone Youth 3.4 de Adidas es una pala de gama alta con forma de diamante oversize con balance alto y amplia superficie de golpeo que brinda unas incre\u00edbles prestaciones en el terreno de juego desde el primer momento. Enfocada en el ataque, es la versi\u00f3n m\u00e1s ligera y c\u00f3moda de la pala Adidas Metalbone 3.4 de Ale Gal\u00e1n. Asimismo, gracias a su peso ultra ligero de 330-345 gramos, se consigue un manejo f\u00e1cil y confortable.","og_url":"https:\/\/revolutionpadelstore.com\/de\/produkt\/adidas-metalbone-youth-3-4-2025-1\/","og_site_name":"Revolution Padel Store","article_modified_time":"2026-04-14T00:00:50+00:00","og_image":[{"width":1500,"height":1500,"url":"https:\/\/revolutionpadelstore.com\/wp-content\/uploads\/2024\/12\/113690-pala-adidas-metalbone-youth-3-4-ar4aa0u221500x1500-1.webp","type":"image\/webp"}],"twitter_card":"summary_large_image","twitter_misc":{"Gesch\u00e4tzte Lesezeit":"1\u00a0Minute"},"schema":{"@context":"https:\/\/schema.org","@graph":[{"@type":"WebPage","@id":"https:\/\/revolutionpadelstore.com\/de\/produkt\/adidas-metalbone-youth-3-4-2025-1\/","url":"https:\/\/revolutionpadelstore.com\/de\/produkt\/adidas-metalbone-youth-3-4-2025-1\/","name":"ADIDAS METALBONE YOUTH 3.4 2025 - Revolution Padel Store","isPartOf":{"@id":"https:\/\/revolutionpadelstore.com\/de\/#website"},"primaryImageOfPage":{"@id":"https:\/\/revolutionpadelstore.com\/de\/produkt\/adidas-metalbone-youth-3-4-2025-1\/#primaryimage"},"image":{"@id":"https:\/\/revolutionpadelstore.com\/de\/produkt\/adidas-metalbone-youth-3-4-2025-1\/#primaryimage"},"thumbnailUrl":"https:\/\/revolutionpadelstore.com\/wp-content\/uploads\/2024\/12\/113690-pala-adidas-metalbone-youth-3-4-ar4aa0u221500x1500-1.webp","datePublished":"2024-12-06T12:02:46+00:00","dateModified":"2026-04-14T00:00:50+00:00","description":"La Metalbone Youth 3.4 de Adidas es una pala de gama alta con forma de diamante oversize con balance alto y amplia superficie de golpeo que brinda unas incre\u00edbles prestaciones en el terreno de juego desde el primer momento. Enfocada en el ataque, es la versi\u00f3n m\u00e1s ligera y c\u00f3moda de la pala Adidas Metalbone 3.4 de Ale Gal\u00e1n. Asimismo, gracias a su peso ultra ligero de 330-345 gramos, se consigue un manejo f\u00e1cil y confortable.","breadcrumb":{"@id":"https:\/\/revolutionpadelstore.com\/de\/produkt\/adidas-metalbone-youth-3-4-2025-1\/#breadcrumb"},"inLanguage":"de","potentialAction":[{"@type":"ReadAction","target":["https:\/\/revolutionpadelstore.com\/de\/produkt\/adidas-metalbone-youth-3-4-2025-1\/"]}]},{"@type":"ImageObject","inLanguage":"de","@id":"https:\/\/revolutionpadelstore.com\/de\/produkt\/adidas-metalbone-youth-3-4-2025-1\/#primaryimage","url":"https:\/\/revolutionpadelstore.com\/wp-content\/uploads\/2024\/12\/113690-pala-adidas-metalbone-youth-3-4-ar4aa0u221500x1500-1.webp","contentUrl":"https:\/\/revolutionpadelstore.com\/wp-content\/uploads\/2024\/12\/113690-pala-adidas-metalbone-youth-3-4-ar4aa0u221500x1500-1.webp","width":1500,"height":1500},{"@type":"BreadcrumbList","@id":"https:\/\/revolutionpadelstore.com\/de\/produkt\/adidas-metalbone-youth-3-4-2025-1\/#breadcrumb","itemListElement":[{"@type":"ListItem","position":1,"name":"Portada","item":"https:\/\/revolutionpadelstore.com\/de\/"},{"@type":"ListItem","position":2,"name":"Shop","item":"https:\/\/revolutionpadelstore.com\/de\/tienda\/"},{"@type":"ListItem","position":3,"name":"ADIDAS METALBONE YOUTH 3.4 2025"}]},{"@type":"WebSite","@id":"https:\/\/revolutionpadelstore.com\/de\/#website","url":"https:\/\/revolutionpadelstore.com\/de\/","name":"Revolution Padel Store","description":"","publisher":{"@id":"https:\/\/revolutionpadelstore.com\/de\/#organization"},"potentialAction":[{"@type":"SearchAction","target":{"@type":"EntryPoint","urlTemplate":"https:\/\/revolutionpadelstore.com\/de\/?s={search_term_string}"},"query-input":{"@type":"PropertyValueSpecification","valueRequired":true,"valueName":"search_term_string"}}],"inLanguage":"de"},{"@type":"Organization","@id":"https:\/\/revolutionpadelstore.com\/de\/#organization","name":"Revolution Padel Store","url":"https:\/\/revolutionpadelstore.com\/de\/","logo":{"@type":"ImageObject","inLanguage":"de","@id":"https:\/\/revolutionpadelstore.com\/de\/#\/schema\/logo\/image\/","url":"https:\/\/revolutionpadelstore.com\/wp-content\/uploads\/2026\/02\/revolution-padel-store.jpg","contentUrl":"https:\/\/revolutionpadelstore.com\/wp-content\/uploads\/2026\/02\/revolution-padel-store.jpg","width":2000,"height":2000,"caption":"Revolution Padel Store"},"image":{"@id":"https:\/\/revolutionpadelstore.com\/de\/#\/schema\/logo\/image\/"},"sameAs":["https:\/\/www.instagram.com\/revolutionpadelstore\/"]}]}},"_links":{"self":[{"href":"https:\/\/revolutionpadelstore.com\/de\/wp-json\/wp\/v2\/product\/152975","targetHints":{"allow":["GET"]}}],"collection":[{"href":"https:\/\/revolutionpadelstore.com\/de\/wp-json\/wp\/v2\/product"}],"about":[{"href":"https:\/\/revolutionpadelstore.com\/de\/wp-json\/wp\/v2\/types\/product"}],"replies":[{"embeddable":true,"href":"https:\/\/revolutionpadelstore.com\/de\/wp-json\/wp\/v2\/comments?post=152975"}],"wp:featuredmedia":[{"embeddable":true,"href":"https:\/\/revolutionpadelstore.com\/de\/wp-json\/wp\/v2\/media\/152934"}],"wp:attachment":[{"href":"https:\/\/revolutionpadelstore.com\/de\/wp-json\/wp\/v2\/media?parent=152975"}],"wp:term":[{"taxonomy":"acabado","embeddable":true,"href":"https:\/\/revolutionpadelstore.com\/de\/wp-json\/wp\/v2\/acabado?post=152975"},{"taxonomy":"balance","embeddable":true,"href":"https:\/\/revolutionpadelstore.com\/de\/wp-json\/wp\/v2\/balance?post=152975"},{"taxonomy":"dureza","embeddable":true,"href":"https:\/\/revolutionpadelstore.com\/de\/wp-json\/wp\/v2\/dureza?post=152975"},{"taxonomy":"forma","embeddable":true,"href":"https:\/\/revolutionpadelstore.com\/de\/wp-json\/wp\/v2\/forma?post=152975"},{"taxonomy":"jugador","embeddable":true,"href":"https:\/\/revolutionpadelstore.com\/de\/wp-json\/wp\/v2\/jugador?post=152975"},{"taxonomy":"marca","embeddable":true,"href":"https:\/\/revolutionpadelstore.com\/de\/wp-json\/wp\/v2\/marca?post=152975"},{"taxonomy":"nivel-de-juego","embeddable":true,"href":"https:\/\/revolutionpadelstore.com\/de\/wp-json\/wp\/v2\/nivel-de-juego?post=152975"},{"taxonomy":"superficie","embeddable":true,"href":"https:\/\/revolutionpadelstore.com\/de\/wp-json\/wp\/v2\/superficie?post=152975"},{"taxonomy":"tipo-de-juego","embeddable":true,"href":"https:\/\/revolutionpadelstore.com\/de\/wp-json\/wp\/v2\/tipo-de-juego?post=152975"},{"taxonomy":"product_brand","embeddable":true,"href":"https:\/\/revolutionpadelstore.com\/de\/wp-json\/wp\/v2\/product_brand?post=152975"},{"taxonomy":"product_cat","embeddable":true,"href":"https:\/\/revolutionpadelstore.com\/de\/wp-json\/wp\/v2\/product_cat?post=152975"},{"taxonomy":"product_tag","embeddable":true,"href":"https:\/\/revolutionpadelstore.com\/de\/wp-json\/wp\/v2\/product_tag?post=152975"}],"curies":[{"name":"wp","href":"https:\/\/api.w.org\/{rel}","templated":true}]}}