{"id":15187,"date":"2024-04-22T15:24:00","date_gmt":"2024-04-22T13:24:00","guid":{"rendered":"https:\/\/revolutionpadelstore.com\/zapatillas-bullpadel-gemma-triay-elite-24v-blanco\/"},"modified":"2026-04-08T12:19:53","modified_gmt":"2026-04-08T10:19:53","slug":"zapatillas-bullpadel-gemma-triay-elite-24v-blanco-1","status":"publish","type":"product","link":"https:\/\/revolutionpadelstore.com\/de\/produkt\/zapatillas-bullpadel-gemma-triay-elite-24v-blanco-1\/","title":{"rendered":"Zapatillas Bullpadel Gemma Triay Elite 24V Blanco"},"content":{"rendered":"<p>Im Revolution Padel Store finden Sie die perfekten Schuhe f\u00fcr Ihre Padel-Spiele. Unser Starprodukt, die Bullpadel Gemma Triay Elite 24V White-Schuhe, sind mit modernster Technologie und einem innovativen Hybriddesign ausgestattet, das au\u00dfergew\u00f6hnliche Leistung auf dem Platz garantiert.<\/p>\n<p> Diese Schuhe wurden speziell f\u00fcr die Profispielerin Gemma Triay entwickelt, sodass Qualit\u00e4t und Komfort garantiert sind. Dank seines Hybrid-Skates k\u00f6nnen Sie ihn an jede Art von Platz und Spielniveau anpassen, w\u00e4hrend die seitlichen Spanner Ihnen zus\u00e4tzliche Anpassungsm\u00f6glichkeiten f\u00fcr eine bessere Kontrolle bei jeder Bewegung bieten.<\/p>\n<p> Aber das ist noch nicht alles: Ihre nahtlos eingespritzte Gummispitze sch\u00fctzt Ihren Fu\u00df und den Zehenbereich, w\u00e4hrend die Lycra-Polsterung in der Ferse sie ideal f\u00fcr die empfindlichsten F\u00fc\u00dfe macht. Dar\u00fcber hinaus verhindert die BPS SYSTEM-Technologie mit hinterem Stabilisator Verstauchungen, indem der Fu\u00df auf den seitlichen St\u00fctzen gehalten wird.<\/p>\n<p> Im Revolution Padel Store liegt uns Ihr Komfort am Herzen, deshalb haben wir die HEEL COMFORT-Technologie in diese Schuhe integriert. Seine Konstruktion aus weicherem Stoff und die Polsterung im Fersenbereich bieten Ihnen zus\u00e4tzlichen Komfort, besonders geeignet f\u00fcr empfindliche Abs\u00e4tze. Und mit der THERMO SEALED-Technologie ohne N\u00e4hte werden die Schuhe leichter, flexibler und widerstandsf\u00e4higer.<\/p>\n<p> Dar\u00fcber hinaus verf\u00fcgen die Bullpadel Gemma Triay Elite 24V White-Schuhe \u00fcber LATERAL TENSORS, zus\u00e4tzliche Spanner an den Schn\u00fcrsenkeln, die Ihnen eine verst\u00e4rkte Passform f\u00fcr eine bessere Leistung auf dem Platz bieten. Und mit der SOLE SHIELD-Technologie mit einer gr\u00f6\u00dferen Sohlenh\u00f6he an den Seiten und an der Spitze sind Sie vor Reibung an W\u00e4nden gesch\u00fctzt.<\/p>\n<p> Aber das ist noch nicht alles: Die THOUGHTOE-Technologie mit einem Gummiverst\u00e4rkungsst\u00fcck im Zehenbereich bietet Ihnen hohe Leistung<\/p>\n","protected":false},"excerpt":{"rendered":"<p>Entdecken Sie die Bullpadel Gemma Triay Elite 24V White-Schuhe, die sich an jeden Platz und jedes Spielniveau anpassen. Mit innovativen Technologien und einem Hybrid-Design f\u00fcr mehr Grip und Flexibilit\u00e4t. Erh\u00e4ltlich im Revolution Padel Store.<\/p>\n","protected":false},"featured_media":39846,"comment_status":"closed","ping_status":"closed","template":"","meta":{"_acf_changed":false,"_joinchat":[]},"acabado":[],"balance":[],"dureza":[],"forma":[],"jugador":[1194],"marca":[1254],"nivel-de-juego":[1339,1344],"superficie":[],"tipo-de-juego":[],"product_brand":[],"product_cat":[453],"product_tag":[],"class_list":{"0":"post-15187","1":"product","2":"type-product","3":"status-publish","4":"has-post-thumbnail","6":"jugador-frau","7":"marca-bullpadel-de","8":"product_cat-sneakers-fur-damen","10":"first","11":"outofstock","12":"taxable","13":"shipping-taxable","14":"purchasable","15":"product-type-variable"},"acf":[],"yoast_head":"<!-- This site is optimized with the Yoast SEO plugin v27.4 - https:\/\/yoast.com\/product\/yoast-seo-wordpress\/ -->\n<title>Zapatillas Bullpadel Gemma Triay Elite 24V Blanco - Revolution Padel Store<\/title>\n<meta name=\"description\" content=\"Descubre las zapatillas Bullpadel Gemma Triay Elite 24V Blanco, dise\u00f1adas para adaptarse a cualquier pista y nivel de juego. Con tecnolog\u00edas innovadoras y un dise\u00f1o h\u00edbrido para mayor agarre y flexibilidad. Disponible en Revolution Padel Store.\" \/>\n<meta name=\"robots\" content=\"index, follow, max-snippet:-1, max-image-preview:large, max-video-preview:-1\" \/>\n<link rel=\"canonical\" href=\"https:\/\/revolutionpadelstore.com\/de\/produkt\/zapatillas-bullpadel-gemma-triay-elite-24v-blanco-1\/\" \/>\n<meta property=\"og:locale\" content=\"de_DE\" \/>\n<meta property=\"og:type\" content=\"article\" \/>\n<meta property=\"og:title\" content=\"Zapatillas Bullpadel Gemma Triay Elite 24V Blanco - Revolution Padel Store\" \/>\n<meta property=\"og:description\" content=\"Descubre las zapatillas Bullpadel Gemma Triay Elite 24V Blanco, dise\u00f1adas para adaptarse a cualquier pista y nivel de juego. Con tecnolog\u00edas innovadoras y un dise\u00f1o h\u00edbrido para mayor agarre y flexibilidad. Disponible en Revolution Padel Store.\" \/>\n<meta property=\"og:url\" content=\"https:\/\/revolutionpadelstore.com\/de\/produkt\/zapatillas-bullpadel-gemma-triay-elite-24v-blanco-1\/\" \/>\n<meta property=\"og:site_name\" content=\"Revolution Padel Store\" \/>\n<meta property=\"article:modified_time\" content=\"2026-04-08T10:19:53+00:00\" \/>\n<meta property=\"og:image\" content=\"https:\/\/revolutionpadelstore.com\/wp-content\/uploads\/2024\/04\/18390-0-4.jpg\" \/>\n\t<meta property=\"og:image:width\" content=\"800\" \/>\n\t<meta property=\"og:image:height\" content=\"800\" \/>\n\t<meta property=\"og:image:type\" content=\"image\/png\" \/>\n<meta name=\"twitter:card\" content=\"summary_large_image\" \/>\n<meta name=\"twitter:label1\" content=\"Gesch\u00e4tzte Lesezeit\" \/>\n\t<meta name=\"twitter:data1\" content=\"1\u00a0Minute\" \/>\n<script type=\"application\/ld+json\" class=\"yoast-schema-graph\">{\"@context\":\"https:\\\/\\\/schema.org\",\"@graph\":[{\"@type\":\"WebPage\",\"@id\":\"https:\\\/\\\/revolutionpadelstore.com\\\/de\\\/produkt\\\/zapatillas-bullpadel-gemma-triay-elite-24v-blanco-1\\\/\",\"url\":\"https:\\\/\\\/revolutionpadelstore.com\\\/de\\\/produkt\\\/zapatillas-bullpadel-gemma-triay-elite-24v-blanco-1\\\/\",\"name\":\"Zapatillas Bullpadel Gemma Triay Elite 24V Blanco - Revolution Padel Store\",\"isPartOf\":{\"@id\":\"https:\\\/\\\/revolutionpadelstore.com\\\/de\\\/#website\"},\"primaryImageOfPage\":{\"@id\":\"https:\\\/\\\/revolutionpadelstore.com\\\/de\\\/produkt\\\/zapatillas-bullpadel-gemma-triay-elite-24v-blanco-1\\\/#primaryimage\"},\"image\":{\"@id\":\"https:\\\/\\\/revolutionpadelstore.com\\\/de\\\/produkt\\\/zapatillas-bullpadel-gemma-triay-elite-24v-blanco-1\\\/#primaryimage\"},\"thumbnailUrl\":\"https:\\\/\\\/revolutionpadelstore.com\\\/wp-content\\\/uploads\\\/2024\\\/04\\\/18390-0-4.jpg\",\"datePublished\":\"2024-04-22T13:24:00+00:00\",\"dateModified\":\"2026-04-08T10:19:53+00:00\",\"description\":\"Descubre las zapatillas Bullpadel Gemma Triay Elite 24V Blanco, dise\u00f1adas para adaptarse a cualquier pista y nivel de juego. Con tecnolog\u00edas innovadoras y un dise\u00f1o h\u00edbrido para mayor agarre y flexibilidad. Disponible en Revolution Padel Store.\",\"breadcrumb\":{\"@id\":\"https:\\\/\\\/revolutionpadelstore.com\\\/de\\\/produkt\\\/zapatillas-bullpadel-gemma-triay-elite-24v-blanco-1\\\/#breadcrumb\"},\"inLanguage\":\"de\",\"potentialAction\":[{\"@type\":\"ReadAction\",\"target\":[\"https:\\\/\\\/revolutionpadelstore.com\\\/de\\\/produkt\\\/zapatillas-bullpadel-gemma-triay-elite-24v-blanco-1\\\/\"]}]},{\"@type\":\"ImageObject\",\"inLanguage\":\"de\",\"@id\":\"https:\\\/\\\/revolutionpadelstore.com\\\/de\\\/produkt\\\/zapatillas-bullpadel-gemma-triay-elite-24v-blanco-1\\\/#primaryimage\",\"url\":\"https:\\\/\\\/revolutionpadelstore.com\\\/wp-content\\\/uploads\\\/2024\\\/04\\\/18390-0-4.jpg\",\"contentUrl\":\"https:\\\/\\\/revolutionpadelstore.com\\\/wp-content\\\/uploads\\\/2024\\\/04\\\/18390-0-4.jpg\",\"width\":800,\"height\":800},{\"@type\":\"BreadcrumbList\",\"@id\":\"https:\\\/\\\/revolutionpadelstore.com\\\/de\\\/produkt\\\/zapatillas-bullpadel-gemma-triay-elite-24v-blanco-1\\\/#breadcrumb\",\"itemListElement\":[{\"@type\":\"ListItem\",\"position\":1,\"name\":\"Portada\",\"item\":\"https:\\\/\\\/revolutionpadelstore.com\\\/de\\\/\"},{\"@type\":\"ListItem\",\"position\":2,\"name\":\"Shop\",\"item\":\"https:\\\/\\\/revolutionpadelstore.com\\\/de\\\/tienda\\\/\"},{\"@type\":\"ListItem\",\"position\":3,\"name\":\"Zapatillas Bullpadel Gemma Triay Elite 24V Blanco\"}]},{\"@type\":\"WebSite\",\"@id\":\"https:\\\/\\\/revolutionpadelstore.com\\\/de\\\/#website\",\"url\":\"https:\\\/\\\/revolutionpadelstore.com\\\/de\\\/\",\"name\":\"Revolution Padel Store\",\"description\":\"\",\"publisher\":{\"@id\":\"https:\\\/\\\/revolutionpadelstore.com\\\/de\\\/#organization\"},\"potentialAction\":[{\"@type\":\"SearchAction\",\"target\":{\"@type\":\"EntryPoint\",\"urlTemplate\":\"https:\\\/\\\/revolutionpadelstore.com\\\/de\\\/?s={search_term_string}\"},\"query-input\":{\"@type\":\"PropertyValueSpecification\",\"valueRequired\":true,\"valueName\":\"search_term_string\"}}],\"inLanguage\":\"de\"},{\"@type\":\"Organization\",\"@id\":\"https:\\\/\\\/revolutionpadelstore.com\\\/de\\\/#organization\",\"name\":\"Revolution Padel Store\",\"url\":\"https:\\\/\\\/revolutionpadelstore.com\\\/de\\\/\",\"logo\":{\"@type\":\"ImageObject\",\"inLanguage\":\"de\",\"@id\":\"https:\\\/\\\/revolutionpadelstore.com\\\/de\\\/#\\\/schema\\\/logo\\\/image\\\/\",\"url\":\"https:\\\/\\\/revolutionpadelstore.com\\\/wp-content\\\/uploads\\\/2026\\\/02\\\/revolution-padel-store.jpg\",\"contentUrl\":\"https:\\\/\\\/revolutionpadelstore.com\\\/wp-content\\\/uploads\\\/2026\\\/02\\\/revolution-padel-store.jpg\",\"width\":2000,\"height\":2000,\"caption\":\"Revolution Padel Store\"},\"image\":{\"@id\":\"https:\\\/\\\/revolutionpadelstore.com\\\/de\\\/#\\\/schema\\\/logo\\\/image\\\/\"},\"sameAs\":[\"https:\\\/\\\/www.instagram.com\\\/revolutionpadelstore\\\/\"]}]}<\/script>\n<!-- \/ Yoast SEO plugin. -->","yoast_head_json":{"title":"Zapatillas Bullpadel Gemma Triay Elite 24V Blanco - Revolution Padel Store","description":"Descubre las zapatillas Bullpadel Gemma Triay Elite 24V Blanco, dise\u00f1adas para adaptarse a cualquier pista y nivel de juego. Con tecnolog\u00edas innovadoras y un dise\u00f1o h\u00edbrido para mayor agarre y flexibilidad. Disponible en Revolution Padel Store.","robots":{"index":"index","follow":"follow","max-snippet":"max-snippet:-1","max-image-preview":"max-image-preview:large","max-video-preview":"max-video-preview:-1"},"canonical":"https:\/\/revolutionpadelstore.com\/de\/produkt\/zapatillas-bullpadel-gemma-triay-elite-24v-blanco-1\/","og_locale":"de_DE","og_type":"article","og_title":"Zapatillas Bullpadel Gemma Triay Elite 24V Blanco - Revolution Padel Store","og_description":"Descubre las zapatillas Bullpadel Gemma Triay Elite 24V Blanco, dise\u00f1adas para adaptarse a cualquier pista y nivel de juego. Con tecnolog\u00edas innovadoras y un dise\u00f1o h\u00edbrido para mayor agarre y flexibilidad. Disponible en Revolution Padel Store.","og_url":"https:\/\/revolutionpadelstore.com\/de\/produkt\/zapatillas-bullpadel-gemma-triay-elite-24v-blanco-1\/","og_site_name":"Revolution Padel Store","article_modified_time":"2026-04-08T10:19:53+00:00","og_image":[{"width":800,"height":800,"url":"https:\/\/revolutionpadelstore.com\/wp-content\/uploads\/2024\/04\/18390-0-4.jpg","type":"image\/png"}],"twitter_card":"summary_large_image","twitter_misc":{"Gesch\u00e4tzte Lesezeit":"1\u00a0Minute"},"schema":{"@context":"https:\/\/schema.org","@graph":[{"@type":"WebPage","@id":"https:\/\/revolutionpadelstore.com\/de\/produkt\/zapatillas-bullpadel-gemma-triay-elite-24v-blanco-1\/","url":"https:\/\/revolutionpadelstore.com\/de\/produkt\/zapatillas-bullpadel-gemma-triay-elite-24v-blanco-1\/","name":"Zapatillas Bullpadel Gemma Triay Elite 24V Blanco - Revolution Padel Store","isPartOf":{"@id":"https:\/\/revolutionpadelstore.com\/de\/#website"},"primaryImageOfPage":{"@id":"https:\/\/revolutionpadelstore.com\/de\/produkt\/zapatillas-bullpadel-gemma-triay-elite-24v-blanco-1\/#primaryimage"},"image":{"@id":"https:\/\/revolutionpadelstore.com\/de\/produkt\/zapatillas-bullpadel-gemma-triay-elite-24v-blanco-1\/#primaryimage"},"thumbnailUrl":"https:\/\/revolutionpadelstore.com\/wp-content\/uploads\/2024\/04\/18390-0-4.jpg","datePublished":"2024-04-22T13:24:00+00:00","dateModified":"2026-04-08T10:19:53+00:00","description":"Descubre las zapatillas Bullpadel Gemma Triay Elite 24V Blanco, dise\u00f1adas para adaptarse a cualquier pista y nivel de juego. Con tecnolog\u00edas innovadoras y un dise\u00f1o h\u00edbrido para mayor agarre y flexibilidad. Disponible en Revolution Padel Store.","breadcrumb":{"@id":"https:\/\/revolutionpadelstore.com\/de\/produkt\/zapatillas-bullpadel-gemma-triay-elite-24v-blanco-1\/#breadcrumb"},"inLanguage":"de","potentialAction":[{"@type":"ReadAction","target":["https:\/\/revolutionpadelstore.com\/de\/produkt\/zapatillas-bullpadel-gemma-triay-elite-24v-blanco-1\/"]}]},{"@type":"ImageObject","inLanguage":"de","@id":"https:\/\/revolutionpadelstore.com\/de\/produkt\/zapatillas-bullpadel-gemma-triay-elite-24v-blanco-1\/#primaryimage","url":"https:\/\/revolutionpadelstore.com\/wp-content\/uploads\/2024\/04\/18390-0-4.jpg","contentUrl":"https:\/\/revolutionpadelstore.com\/wp-content\/uploads\/2024\/04\/18390-0-4.jpg","width":800,"height":800},{"@type":"BreadcrumbList","@id":"https:\/\/revolutionpadelstore.com\/de\/produkt\/zapatillas-bullpadel-gemma-triay-elite-24v-blanco-1\/#breadcrumb","itemListElement":[{"@type":"ListItem","position":1,"name":"Portada","item":"https:\/\/revolutionpadelstore.com\/de\/"},{"@type":"ListItem","position":2,"name":"Shop","item":"https:\/\/revolutionpadelstore.com\/de\/tienda\/"},{"@type":"ListItem","position":3,"name":"Zapatillas Bullpadel Gemma Triay Elite 24V Blanco"}]},{"@type":"WebSite","@id":"https:\/\/revolutionpadelstore.com\/de\/#website","url":"https:\/\/revolutionpadelstore.com\/de\/","name":"Revolution Padel Store","description":"","publisher":{"@id":"https:\/\/revolutionpadelstore.com\/de\/#organization"},"potentialAction":[{"@type":"SearchAction","target":{"@type":"EntryPoint","urlTemplate":"https:\/\/revolutionpadelstore.com\/de\/?s={search_term_string}"},"query-input":{"@type":"PropertyValueSpecification","valueRequired":true,"valueName":"search_term_string"}}],"inLanguage":"de"},{"@type":"Organization","@id":"https:\/\/revolutionpadelstore.com\/de\/#organization","name":"Revolution Padel Store","url":"https:\/\/revolutionpadelstore.com\/de\/","logo":{"@type":"ImageObject","inLanguage":"de","@id":"https:\/\/revolutionpadelstore.com\/de\/#\/schema\/logo\/image\/","url":"https:\/\/revolutionpadelstore.com\/wp-content\/uploads\/2026\/02\/revolution-padel-store.jpg","contentUrl":"https:\/\/revolutionpadelstore.com\/wp-content\/uploads\/2026\/02\/revolution-padel-store.jpg","width":2000,"height":2000,"caption":"Revolution Padel Store"},"image":{"@id":"https:\/\/revolutionpadelstore.com\/de\/#\/schema\/logo\/image\/"},"sameAs":["https:\/\/www.instagram.com\/revolutionpadelstore\/"]}]}},"_links":{"self":[{"href":"https:\/\/revolutionpadelstore.com\/de\/wp-json\/wp\/v2\/product\/15187","targetHints":{"allow":["GET"]}}],"collection":[{"href":"https:\/\/revolutionpadelstore.com\/de\/wp-json\/wp\/v2\/product"}],"about":[{"href":"https:\/\/revolutionpadelstore.com\/de\/wp-json\/wp\/v2\/types\/product"}],"replies":[{"embeddable":true,"href":"https:\/\/revolutionpadelstore.com\/de\/wp-json\/wp\/v2\/comments?post=15187"}],"wp:featuredmedia":[{"embeddable":true,"href":"https:\/\/revolutionpadelstore.com\/de\/wp-json\/wp\/v2\/media\/39846"}],"wp:attachment":[{"href":"https:\/\/revolutionpadelstore.com\/de\/wp-json\/wp\/v2\/media?parent=15187"}],"wp:term":[{"taxonomy":"acabado","embeddable":true,"href":"https:\/\/revolutionpadelstore.com\/de\/wp-json\/wp\/v2\/acabado?post=15187"},{"taxonomy":"balance","embeddable":true,"href":"https:\/\/revolutionpadelstore.com\/de\/wp-json\/wp\/v2\/balance?post=15187"},{"taxonomy":"dureza","embeddable":true,"href":"https:\/\/revolutionpadelstore.com\/de\/wp-json\/wp\/v2\/dureza?post=15187"},{"taxonomy":"forma","embeddable":true,"href":"https:\/\/revolutionpadelstore.com\/de\/wp-json\/wp\/v2\/forma?post=15187"},{"taxonomy":"jugador","embeddable":true,"href":"https:\/\/revolutionpadelstore.com\/de\/wp-json\/wp\/v2\/jugador?post=15187"},{"taxonomy":"marca","embeddable":true,"href":"https:\/\/revolutionpadelstore.com\/de\/wp-json\/wp\/v2\/marca?post=15187"},{"taxonomy":"nivel-de-juego","embeddable":true,"href":"https:\/\/revolutionpadelstore.com\/de\/wp-json\/wp\/v2\/nivel-de-juego?post=15187"},{"taxonomy":"superficie","embeddable":true,"href":"https:\/\/revolutionpadelstore.com\/de\/wp-json\/wp\/v2\/superficie?post=15187"},{"taxonomy":"tipo-de-juego","embeddable":true,"href":"https:\/\/revolutionpadelstore.com\/de\/wp-json\/wp\/v2\/tipo-de-juego?post=15187"},{"taxonomy":"product_brand","embeddable":true,"href":"https:\/\/revolutionpadelstore.com\/de\/wp-json\/wp\/v2\/product_brand?post=15187"},{"taxonomy":"product_cat","embeddable":true,"href":"https:\/\/revolutionpadelstore.com\/de\/wp-json\/wp\/v2\/product_cat?post=15187"},{"taxonomy":"product_tag","embeddable":true,"href":"https:\/\/revolutionpadelstore.com\/de\/wp-json\/wp\/v2\/product_tag?post=15187"}],"curies":[{"name":"wp","href":"https:\/\/api.w.org\/{rel}","templated":true}]}}