{"id":15112,"date":"2024-04-22T15:24:10","date_gmt":"2024-04-22T13:24:10","guid":{"rendered":"https:\/\/revolutionpadelstore.com\/zapatillas-bullpadel-flow-24v-blanco-carbon\/"},"modified":"2026-04-08T12:06:19","modified_gmt":"2026-04-08T10:06:19","slug":"zapatillas-bullpadel-flow-24v-blanco-carbon-1","status":"publish","type":"product","link":"https:\/\/revolutionpadelstore.com\/de\/produkt\/zapatillas-bullpadel-flow-24v-blanco-carbon-1\/","title":{"rendered":"Zapatillas Bullpadel Flow 24V Blanco Carbon"},"content":{"rendered":"<p>Im Revolution Padel Store finden Sie die besten Schuhe f\u00fcr Ihre Padel-Spiele, darunter sticht der \u201eBullpadel Flow 24V White Carbon Shoes\u201c hervor. Diese von der renommierten Spielerin Alejandra Salazar entworfenen Schuhe verf\u00fcgen \u00fcber innovative Technologien, die Ihnen au\u00dfergew\u00f6hnliche Leistungen auf dem Platz erm\u00f6glichen.<\/p>\n<p> Eines der herausragendsten Merkmale dieser Schuhe ist ihr exklusiv entwickeltes technisches Mesh, das den gesamten Fu\u00df bedeckt und durch den Verzicht auf zus\u00e4tzliche Teile f\u00fcr mehr Atmungsaktivit\u00e4t und Leichtigkeit sorgt. Dar\u00fcber hinaus sind sie durch ihre gepolsterte Lycra-Ferse ideal f\u00fcr alle Spielertypen, insbesondere f\u00fcr diejenigen, die in diesem Bereich zus\u00e4tzlichen Komfort ben\u00f6tigen.<\/p>\n<p> Die Hybridsohle mit ROTOX-System ist ein Klassiker, der sich perfekt an alle Arten von Kunstrasenoberfl\u00e4chen anpasst und somit f\u00fcr jeden Spieler geeignet ist. Und im Revolution Padel Store finden Sie diese Schuhe mit allen Technologien und Funktionen, die sie einzigartig machen.<\/p>\n<p> Darunter sticht der HEEL COMFORT hervor, der mit einem weichen, gepolsterten Stoff in der Ferse f\u00fcr zus\u00e4tzlichen Komfort sorgt, und die STITCH INSOLE, eine EVA-Gummi-Einlegesohle mit Textilverst\u00e4rkung, die die D\u00e4mpfung und den Komfort verbessert. Dar\u00fcber hinaus sitzt die Lycra-Socke mit SOCK FIT-Technologie wie eine zweite Haut und bietet so mehr Halt und Komfort.<\/p>\n<p> Eine weitere hervorzuhebende Technologie ist THOUGHTOE, ein Gummiverst\u00e4rkungsteil im Zehenbereich, das eine hohe Abriebfestigkeit bietet. Und um Sie vor dem Reiben an W\u00e4nden zu sch\u00fctzen, verf\u00fcgen die Bullpadel Flow 24V-Schuhe \u00fcber die SOLE SHIELD-Technologie, die die H\u00f6he der Sohle an den Seiten und an der Spitze erh\u00f6ht.<\/p>\n<p> Komfort und Atmungsaktivit\u00e4t sind dank des im Schnitt dieser Schuhe verwendeten BREATHMESH-Materials garantiert. Und f\u00fcr eine bessere seitliche Bewegung verf\u00fcgen sie \u00fcber die LATERAL MOVEMENT-Technologie, die einen zentralen Kanal f\u00fcr<\/p>\n<p> umfasst<\/p>\n","protected":false},"excerpt":{"rendered":"<p>Entdecken Sie die unglaublichen Bullpadel Flow 24V White Carbon Schuhe, entworfen von Alejandra Salazar im Revolution Padel Store.<\/p>\n","protected":false},"featured_media":39718,"comment_status":"closed","ping_status":"closed","template":"","meta":{"_acf_changed":false,"_joinchat":[]},"acabado":[],"balance":[],"dureza":[],"forma":[],"jugador":[1194],"marca":[1254],"nivel-de-juego":[1334,1339,1344],"superficie":[],"tipo-de-juego":[],"product_brand":[],"product_cat":[453],"product_tag":[],"class_list":{"0":"post-15112","1":"product","2":"type-product","3":"status-publish","4":"has-post-thumbnail","6":"jugador-frau","7":"marca-bullpadel-de","8":"product_cat-sneakers-fur-damen","10":"first","11":"outofstock","12":"sale","13":"taxable","14":"shipping-taxable","15":"purchasable","16":"product-type-variable"},"acf":[],"yoast_head":"<!-- This site is optimized with the Yoast SEO plugin v27.4 - https:\/\/yoast.com\/product\/yoast-seo-wordpress\/ -->\n<title>Zapatillas Bullpadel Flow 24V Blanco Carbon - Revolution Padel Store<\/title>\n<meta name=\"description\" content=\"Descubre las incre\u00edbles Zapatillas Bullpadel Flow 24V Blanco Carbon dise\u00f1adas por Alejandra Salazar en Revolution Padel Store.\" \/>\n<meta name=\"robots\" content=\"index, follow, max-snippet:-1, max-image-preview:large, max-video-preview:-1\" \/>\n<link rel=\"canonical\" href=\"https:\/\/revolutionpadelstore.com\/de\/produkt\/zapatillas-bullpadel-flow-24v-blanco-carbon-1\/\" \/>\n<meta property=\"og:locale\" content=\"de_DE\" \/>\n<meta property=\"og:type\" content=\"article\" \/>\n<meta property=\"og:title\" content=\"Zapatillas Bullpadel Flow 24V Blanco Carbon - Revolution Padel Store\" \/>\n<meta property=\"og:description\" content=\"Descubre las incre\u00edbles Zapatillas Bullpadel Flow 24V Blanco Carbon dise\u00f1adas por Alejandra Salazar en Revolution Padel Store.\" \/>\n<meta property=\"og:url\" content=\"https:\/\/revolutionpadelstore.com\/de\/produkt\/zapatillas-bullpadel-flow-24v-blanco-carbon-1\/\" \/>\n<meta property=\"og:site_name\" content=\"Revolution Padel Store\" \/>\n<meta property=\"article:modified_time\" content=\"2026-04-08T10:06:19+00:00\" \/>\n<meta property=\"og:image\" content=\"https:\/\/revolutionpadelstore.com\/wp-content\/uploads\/2024\/04\/18389-0-4.jpg\" \/>\n\t<meta property=\"og:image:width\" content=\"800\" \/>\n\t<meta property=\"og:image:height\" content=\"800\" \/>\n\t<meta property=\"og:image:type\" content=\"image\/png\" \/>\n<meta name=\"twitter:card\" content=\"summary_large_image\" \/>\n<meta name=\"twitter:label1\" content=\"Gesch\u00e4tzte Lesezeit\" \/>\n\t<meta name=\"twitter:data1\" content=\"1\u00a0Minute\" \/>\n<script type=\"application\/ld+json\" class=\"yoast-schema-graph\">{\"@context\":\"https:\\\/\\\/schema.org\",\"@graph\":[{\"@type\":\"WebPage\",\"@id\":\"https:\\\/\\\/revolutionpadelstore.com\\\/de\\\/produkt\\\/zapatillas-bullpadel-flow-24v-blanco-carbon-1\\\/\",\"url\":\"https:\\\/\\\/revolutionpadelstore.com\\\/de\\\/produkt\\\/zapatillas-bullpadel-flow-24v-blanco-carbon-1\\\/\",\"name\":\"Zapatillas Bullpadel Flow 24V Blanco Carbon - Revolution Padel Store\",\"isPartOf\":{\"@id\":\"https:\\\/\\\/revolutionpadelstore.com\\\/de\\\/#website\"},\"primaryImageOfPage\":{\"@id\":\"https:\\\/\\\/revolutionpadelstore.com\\\/de\\\/produkt\\\/zapatillas-bullpadel-flow-24v-blanco-carbon-1\\\/#primaryimage\"},\"image\":{\"@id\":\"https:\\\/\\\/revolutionpadelstore.com\\\/de\\\/produkt\\\/zapatillas-bullpadel-flow-24v-blanco-carbon-1\\\/#primaryimage\"},\"thumbnailUrl\":\"https:\\\/\\\/revolutionpadelstore.com\\\/wp-content\\\/uploads\\\/2024\\\/04\\\/18389-0-4.jpg\",\"datePublished\":\"2024-04-22T13:24:10+00:00\",\"dateModified\":\"2026-04-08T10:06:19+00:00\",\"description\":\"Descubre las incre\u00edbles Zapatillas Bullpadel Flow 24V Blanco Carbon dise\u00f1adas por Alejandra Salazar en Revolution Padel Store.\",\"breadcrumb\":{\"@id\":\"https:\\\/\\\/revolutionpadelstore.com\\\/de\\\/produkt\\\/zapatillas-bullpadel-flow-24v-blanco-carbon-1\\\/#breadcrumb\"},\"inLanguage\":\"de\",\"potentialAction\":[{\"@type\":\"ReadAction\",\"target\":[\"https:\\\/\\\/revolutionpadelstore.com\\\/de\\\/produkt\\\/zapatillas-bullpadel-flow-24v-blanco-carbon-1\\\/\"]}]},{\"@type\":\"ImageObject\",\"inLanguage\":\"de\",\"@id\":\"https:\\\/\\\/revolutionpadelstore.com\\\/de\\\/produkt\\\/zapatillas-bullpadel-flow-24v-blanco-carbon-1\\\/#primaryimage\",\"url\":\"https:\\\/\\\/revolutionpadelstore.com\\\/wp-content\\\/uploads\\\/2024\\\/04\\\/18389-0-4.jpg\",\"contentUrl\":\"https:\\\/\\\/revolutionpadelstore.com\\\/wp-content\\\/uploads\\\/2024\\\/04\\\/18389-0-4.jpg\",\"width\":800,\"height\":800},{\"@type\":\"BreadcrumbList\",\"@id\":\"https:\\\/\\\/revolutionpadelstore.com\\\/de\\\/produkt\\\/zapatillas-bullpadel-flow-24v-blanco-carbon-1\\\/#breadcrumb\",\"itemListElement\":[{\"@type\":\"ListItem\",\"position\":1,\"name\":\"Portada\",\"item\":\"https:\\\/\\\/revolutionpadelstore.com\\\/de\\\/\"},{\"@type\":\"ListItem\",\"position\":2,\"name\":\"Shop\",\"item\":\"https:\\\/\\\/revolutionpadelstore.com\\\/de\\\/tienda\\\/\"},{\"@type\":\"ListItem\",\"position\":3,\"name\":\"Zapatillas Bullpadel Flow 24V Blanco Carbon\"}]},{\"@type\":\"WebSite\",\"@id\":\"https:\\\/\\\/revolutionpadelstore.com\\\/de\\\/#website\",\"url\":\"https:\\\/\\\/revolutionpadelstore.com\\\/de\\\/\",\"name\":\"Revolution Padel Store\",\"description\":\"\",\"publisher\":{\"@id\":\"https:\\\/\\\/revolutionpadelstore.com\\\/de\\\/#organization\"},\"potentialAction\":[{\"@type\":\"SearchAction\",\"target\":{\"@type\":\"EntryPoint\",\"urlTemplate\":\"https:\\\/\\\/revolutionpadelstore.com\\\/de\\\/?s={search_term_string}\"},\"query-input\":{\"@type\":\"PropertyValueSpecification\",\"valueRequired\":true,\"valueName\":\"search_term_string\"}}],\"inLanguage\":\"de\"},{\"@type\":\"Organization\",\"@id\":\"https:\\\/\\\/revolutionpadelstore.com\\\/de\\\/#organization\",\"name\":\"Revolution Padel Store\",\"url\":\"https:\\\/\\\/revolutionpadelstore.com\\\/de\\\/\",\"logo\":{\"@type\":\"ImageObject\",\"inLanguage\":\"de\",\"@id\":\"https:\\\/\\\/revolutionpadelstore.com\\\/de\\\/#\\\/schema\\\/logo\\\/image\\\/\",\"url\":\"https:\\\/\\\/revolutionpadelstore.com\\\/wp-content\\\/uploads\\\/2026\\\/02\\\/revolution-padel-store.jpg\",\"contentUrl\":\"https:\\\/\\\/revolutionpadelstore.com\\\/wp-content\\\/uploads\\\/2026\\\/02\\\/revolution-padel-store.jpg\",\"width\":2000,\"height\":2000,\"caption\":\"Revolution Padel Store\"},\"image\":{\"@id\":\"https:\\\/\\\/revolutionpadelstore.com\\\/de\\\/#\\\/schema\\\/logo\\\/image\\\/\"},\"sameAs\":[\"https:\\\/\\\/www.instagram.com\\\/revolutionpadelstore\\\/\"]}]}<\/script>\n<!-- \/ Yoast SEO plugin. -->","yoast_head_json":{"title":"Zapatillas Bullpadel Flow 24V Blanco Carbon - Revolution Padel Store","description":"Descubre las incre\u00edbles Zapatillas Bullpadel Flow 24V Blanco Carbon dise\u00f1adas por Alejandra Salazar en Revolution Padel Store.","robots":{"index":"index","follow":"follow","max-snippet":"max-snippet:-1","max-image-preview":"max-image-preview:large","max-video-preview":"max-video-preview:-1"},"canonical":"https:\/\/revolutionpadelstore.com\/de\/produkt\/zapatillas-bullpadel-flow-24v-blanco-carbon-1\/","og_locale":"de_DE","og_type":"article","og_title":"Zapatillas Bullpadel Flow 24V Blanco Carbon - Revolution Padel Store","og_description":"Descubre las incre\u00edbles Zapatillas Bullpadel Flow 24V Blanco Carbon dise\u00f1adas por Alejandra Salazar en Revolution Padel Store.","og_url":"https:\/\/revolutionpadelstore.com\/de\/produkt\/zapatillas-bullpadel-flow-24v-blanco-carbon-1\/","og_site_name":"Revolution Padel Store","article_modified_time":"2026-04-08T10:06:19+00:00","og_image":[{"width":800,"height":800,"url":"https:\/\/revolutionpadelstore.com\/wp-content\/uploads\/2024\/04\/18389-0-4.jpg","type":"image\/png"}],"twitter_card":"summary_large_image","twitter_misc":{"Gesch\u00e4tzte Lesezeit":"1\u00a0Minute"},"schema":{"@context":"https:\/\/schema.org","@graph":[{"@type":"WebPage","@id":"https:\/\/revolutionpadelstore.com\/de\/produkt\/zapatillas-bullpadel-flow-24v-blanco-carbon-1\/","url":"https:\/\/revolutionpadelstore.com\/de\/produkt\/zapatillas-bullpadel-flow-24v-blanco-carbon-1\/","name":"Zapatillas Bullpadel Flow 24V Blanco Carbon - Revolution Padel Store","isPartOf":{"@id":"https:\/\/revolutionpadelstore.com\/de\/#website"},"primaryImageOfPage":{"@id":"https:\/\/revolutionpadelstore.com\/de\/produkt\/zapatillas-bullpadel-flow-24v-blanco-carbon-1\/#primaryimage"},"image":{"@id":"https:\/\/revolutionpadelstore.com\/de\/produkt\/zapatillas-bullpadel-flow-24v-blanco-carbon-1\/#primaryimage"},"thumbnailUrl":"https:\/\/revolutionpadelstore.com\/wp-content\/uploads\/2024\/04\/18389-0-4.jpg","datePublished":"2024-04-22T13:24:10+00:00","dateModified":"2026-04-08T10:06:19+00:00","description":"Descubre las incre\u00edbles Zapatillas Bullpadel Flow 24V Blanco Carbon dise\u00f1adas por Alejandra Salazar en Revolution Padel Store.","breadcrumb":{"@id":"https:\/\/revolutionpadelstore.com\/de\/produkt\/zapatillas-bullpadel-flow-24v-blanco-carbon-1\/#breadcrumb"},"inLanguage":"de","potentialAction":[{"@type":"ReadAction","target":["https:\/\/revolutionpadelstore.com\/de\/produkt\/zapatillas-bullpadel-flow-24v-blanco-carbon-1\/"]}]},{"@type":"ImageObject","inLanguage":"de","@id":"https:\/\/revolutionpadelstore.com\/de\/produkt\/zapatillas-bullpadel-flow-24v-blanco-carbon-1\/#primaryimage","url":"https:\/\/revolutionpadelstore.com\/wp-content\/uploads\/2024\/04\/18389-0-4.jpg","contentUrl":"https:\/\/revolutionpadelstore.com\/wp-content\/uploads\/2024\/04\/18389-0-4.jpg","width":800,"height":800},{"@type":"BreadcrumbList","@id":"https:\/\/revolutionpadelstore.com\/de\/produkt\/zapatillas-bullpadel-flow-24v-blanco-carbon-1\/#breadcrumb","itemListElement":[{"@type":"ListItem","position":1,"name":"Portada","item":"https:\/\/revolutionpadelstore.com\/de\/"},{"@type":"ListItem","position":2,"name":"Shop","item":"https:\/\/revolutionpadelstore.com\/de\/tienda\/"},{"@type":"ListItem","position":3,"name":"Zapatillas Bullpadel Flow 24V Blanco Carbon"}]},{"@type":"WebSite","@id":"https:\/\/revolutionpadelstore.com\/de\/#website","url":"https:\/\/revolutionpadelstore.com\/de\/","name":"Revolution Padel Store","description":"","publisher":{"@id":"https:\/\/revolutionpadelstore.com\/de\/#organization"},"potentialAction":[{"@type":"SearchAction","target":{"@type":"EntryPoint","urlTemplate":"https:\/\/revolutionpadelstore.com\/de\/?s={search_term_string}"},"query-input":{"@type":"PropertyValueSpecification","valueRequired":true,"valueName":"search_term_string"}}],"inLanguage":"de"},{"@type":"Organization","@id":"https:\/\/revolutionpadelstore.com\/de\/#organization","name":"Revolution Padel Store","url":"https:\/\/revolutionpadelstore.com\/de\/","logo":{"@type":"ImageObject","inLanguage":"de","@id":"https:\/\/revolutionpadelstore.com\/de\/#\/schema\/logo\/image\/","url":"https:\/\/revolutionpadelstore.com\/wp-content\/uploads\/2026\/02\/revolution-padel-store.jpg","contentUrl":"https:\/\/revolutionpadelstore.com\/wp-content\/uploads\/2026\/02\/revolution-padel-store.jpg","width":2000,"height":2000,"caption":"Revolution Padel Store"},"image":{"@id":"https:\/\/revolutionpadelstore.com\/de\/#\/schema\/logo\/image\/"},"sameAs":["https:\/\/www.instagram.com\/revolutionpadelstore\/"]}]}},"_links":{"self":[{"href":"https:\/\/revolutionpadelstore.com\/de\/wp-json\/wp\/v2\/product\/15112","targetHints":{"allow":["GET"]}}],"collection":[{"href":"https:\/\/revolutionpadelstore.com\/de\/wp-json\/wp\/v2\/product"}],"about":[{"href":"https:\/\/revolutionpadelstore.com\/de\/wp-json\/wp\/v2\/types\/product"}],"replies":[{"embeddable":true,"href":"https:\/\/revolutionpadelstore.com\/de\/wp-json\/wp\/v2\/comments?post=15112"}],"wp:featuredmedia":[{"embeddable":true,"href":"https:\/\/revolutionpadelstore.com\/de\/wp-json\/wp\/v2\/media\/39718"}],"wp:attachment":[{"href":"https:\/\/revolutionpadelstore.com\/de\/wp-json\/wp\/v2\/media?parent=15112"}],"wp:term":[{"taxonomy":"acabado","embeddable":true,"href":"https:\/\/revolutionpadelstore.com\/de\/wp-json\/wp\/v2\/acabado?post=15112"},{"taxonomy":"balance","embeddable":true,"href":"https:\/\/revolutionpadelstore.com\/de\/wp-json\/wp\/v2\/balance?post=15112"},{"taxonomy":"dureza","embeddable":true,"href":"https:\/\/revolutionpadelstore.com\/de\/wp-json\/wp\/v2\/dureza?post=15112"},{"taxonomy":"forma","embeddable":true,"href":"https:\/\/revolutionpadelstore.com\/de\/wp-json\/wp\/v2\/forma?post=15112"},{"taxonomy":"jugador","embeddable":true,"href":"https:\/\/revolutionpadelstore.com\/de\/wp-json\/wp\/v2\/jugador?post=15112"},{"taxonomy":"marca","embeddable":true,"href":"https:\/\/revolutionpadelstore.com\/de\/wp-json\/wp\/v2\/marca?post=15112"},{"taxonomy":"nivel-de-juego","embeddable":true,"href":"https:\/\/revolutionpadelstore.com\/de\/wp-json\/wp\/v2\/nivel-de-juego?post=15112"},{"taxonomy":"superficie","embeddable":true,"href":"https:\/\/revolutionpadelstore.com\/de\/wp-json\/wp\/v2\/superficie?post=15112"},{"taxonomy":"tipo-de-juego","embeddable":true,"href":"https:\/\/revolutionpadelstore.com\/de\/wp-json\/wp\/v2\/tipo-de-juego?post=15112"},{"taxonomy":"product_brand","embeddable":true,"href":"https:\/\/revolutionpadelstore.com\/de\/wp-json\/wp\/v2\/product_brand?post=15112"},{"taxonomy":"product_cat","embeddable":true,"href":"https:\/\/revolutionpadelstore.com\/de\/wp-json\/wp\/v2\/product_cat?post=15112"},{"taxonomy":"product_tag","embeddable":true,"href":"https:\/\/revolutionpadelstore.com\/de\/wp-json\/wp\/v2\/product_tag?post=15112"}],"curies":[{"name":"wp","href":"https:\/\/api.w.org\/{rel}","templated":true}]}}