{"id":142806,"date":"2024-11-26T00:12:33","date_gmt":"2024-11-25T23:12:33","guid":{"rendered":"https:\/\/revolutionpadelstore.com\/paletero-bullpadel-xplo-bpp25022-rojo\/"},"modified":"2026-04-08T10:07:24","modified_gmt":"2026-04-08T08:07:24","slug":"paletero-bullpadel-xplo-bpp25022-rojo-1","status":"publish","type":"product","link":"https:\/\/revolutionpadelstore.com\/de\/produkt\/paletero-bullpadel-xplo-bpp25022-rojo-1\/","title":{"rendered":"PALETERO BULLPADEL XPLO BPP25022 ROJO"},"content":{"rendered":"<h2> Paletero Bullpadel di Nenno Xplo BPP25022 <\/ H2><br \/>\nDer Bullpadel di Nenno Xplo BPP2502222222222222 ist das ideale Zubeh\u00f6r f\u00fcr Spieler, die nach einem komfortablen, sicheren und organisierten Transport f\u00fcr ihre Paddelger\u00e4te suchen. Mit einem exklusiven Design, das von Player Martin Di Nenno inspiriert ist, kombiniert diese Paletero Funktionen und Stil und bietet mehrere F\u00e4cher an, die speziell f\u00fcr alle Anforderungen des Spielers entsprechen.<\/p>\n<h2> Haupteigenschaften <\/H2><br \/>\n<P>&#8211; gro\u00dfes Hauptfach: zentraler Raum mit gro\u00dfer Kapazit\u00e4t, Kleidung, Handt\u00fccher, Accessoires oder alle f\u00fcr die Strecke erforderlichen Ger\u00e4te zu tragen.<br \/>\nDas breite Design erm\u00f6glicht einen einfachen Zugang und Organisation<br \/>\n<P>-Zwei Thermo-Kompartimente: Diese Kompartimente sind mit thermischen Technologie ausgelegt, um bis zu vier Schaufeln vor Temperaturschwankungen zu sch\u00fctzen, um sicherzustellen, dass Ihr Ger\u00e4t auch unter extremen Bedingungen in perfektem Zustand gehalten wird &gt;<br \/>\n<P>-unabh\u00e4ngiges und bel\u00fcftetes Fach: Ein exklusiver und bel\u00fcfteter Raum zum Tragen von Turnschuhen oder gebrauchten Kleidung, ideal f\u00fcr die Aufrechterhaltung der Hygiene und die Organisation des Restes der Ausr\u00fcstung.<br \/>\n<P>-resistentes und dauerhaftes Material: Mit hochwertigen Materialien hergestellt und ist resistent gegen Verschlei\u00df und gew\u00e4hrleistet eine lange Lebensdauer und einen langen Schutz f\u00fcr Ihre gesamte Ger\u00e4te.<\/p>\n<p>-Ergonomisches Design: Beinhaltet einstellbare Griffe Basel f\u00fcr komfortablen Transportmittel und verst\u00e4rkte Gurte, die einen gr\u00f6\u00dferen Komfort w\u00e4hrend des Gebrauchs gew\u00e4hrleisten.<\/p>\n<h2>Paletero Bullpadel Di Nenno Xplo BPP25022<\/h2>\n","protected":false},"excerpt":{"rendered":"<p>Paletero Bullpadel di Nenno Xplo BPP25022 Der Bullpadel di Nenno Xplo BPP2502222222222222 ist das ideale Zubeh\u00f6r f\u00fcr Spieler, die nach einem komfortablen, sicheren und organisierten Transport f\u00fcr ihre Paddelger\u00e4te suchen. Mit einem exklusiven Design, das von Player Martin Di Nenno inspiriert ist, kombiniert diese Paletero Funktionen und Stil und bietet mehrere F\u00e4cher an, die speziell [&hellip;]<\/p>\n","protected":false},"featured_media":129101,"comment_status":"open","ping_status":"closed","template":"","meta":{"_acf_changed":false,"_joinchat":[]},"acabado":[],"balance":[],"dureza":[],"forma":[],"jugador":[],"marca":[1254],"nivel-de-juego":[],"superficie":[],"tipo-de-juego":[],"product_brand":[],"product_cat":[314],"product_tag":[],"class_list":{"0":"post-142806","1":"product","2":"type-product","3":"status-publish","4":"has-post-thumbnail","6":"marca-bullpadel-de","7":"product_cat-taschen","9":"first","10":"instock","11":"sale","12":"taxable","13":"shipping-taxable","14":"purchasable","15":"product-type-simple"},"acf":[],"yoast_head":"<!-- This site is optimized with the Yoast SEO plugin v27.4 - https:\/\/yoast.com\/product\/yoast-seo-wordpress\/ -->\n<title>PALETERO BULLPADEL XPLO BPP25022 ROJO - Revolution Padel Store<\/title>\n<meta name=\"description\" content=\"El Paletero Bullpadel Di Nenno Xplo BPP25022 es el accesorio ideal para jugadores que buscan un transporte comodo, seguro y organizado para su equipamiento de padel.Con un diseno exclusivo inspirado en el jugador Martin Di Nenno, este paletero combina funcionalidad y estilo, ofreciendo multiples compartimentos disenados especificamente para cubrir todas las necesidades del jugador.\" \/>\n<meta name=\"robots\" content=\"index, follow, max-snippet:-1, max-image-preview:large, max-video-preview:-1\" \/>\n<link rel=\"canonical\" href=\"https:\/\/revolutionpadelstore.com\/de\/produkt\/paletero-bullpadel-xplo-bpp25022-rojo-1\/\" \/>\n<meta property=\"og:locale\" content=\"de_DE\" \/>\n<meta property=\"og:type\" content=\"article\" \/>\n<meta property=\"og:title\" content=\"PALETERO BULLPADEL XPLO BPP25022 ROJO - Revolution Padel Store\" \/>\n<meta property=\"og:description\" content=\"El Paletero Bullpadel Di Nenno Xplo BPP25022 es el accesorio ideal para jugadores que buscan un transporte comodo, seguro y organizado para su equipamiento de padel.Con un diseno exclusivo inspirado en el jugador Martin Di Nenno, este paletero combina funcionalidad y estilo, ofreciendo multiples compartimentos disenados especificamente para cubrir todas las necesidades del jugador.\" \/>\n<meta property=\"og:url\" content=\"https:\/\/revolutionpadelstore.com\/de\/produkt\/paletero-bullpadel-xplo-bpp25022-rojo-1\/\" \/>\n<meta property=\"og:site_name\" content=\"Revolution Padel Store\" \/>\n<meta property=\"article:modified_time\" content=\"2026-04-08T08:07:24+00:00\" \/>\n<meta property=\"og:image\" content=\"https:\/\/revolutionpadelstore.com\/wp-content\/uploads\/2024\/11\/paletero-bullpadel-di-nenno-xplo-bpp25022-rojo-1100x1100-1.webp\" \/>\n\t<meta property=\"og:image:width\" content=\"1100\" \/>\n\t<meta property=\"og:image:height\" content=\"1100\" \/>\n\t<meta property=\"og:image:type\" content=\"image\/webp\" \/>\n<meta name=\"twitter:card\" content=\"summary_large_image\" \/>\n<meta name=\"twitter:label1\" content=\"Gesch\u00e4tzte Lesezeit\" \/>\n\t<meta name=\"twitter:data1\" content=\"1\u00a0Minute\" \/>\n<script type=\"application\/ld+json\" class=\"yoast-schema-graph\">{\"@context\":\"https:\\\/\\\/schema.org\",\"@graph\":[{\"@type\":\"WebPage\",\"@id\":\"https:\\\/\\\/revolutionpadelstore.com\\\/de\\\/produkt\\\/paletero-bullpadel-xplo-bpp25022-rojo-1\\\/\",\"url\":\"https:\\\/\\\/revolutionpadelstore.com\\\/de\\\/produkt\\\/paletero-bullpadel-xplo-bpp25022-rojo-1\\\/\",\"name\":\"PALETERO BULLPADEL XPLO BPP25022 ROJO - Revolution Padel Store\",\"isPartOf\":{\"@id\":\"https:\\\/\\\/revolutionpadelstore.com\\\/de\\\/#website\"},\"primaryImageOfPage\":{\"@id\":\"https:\\\/\\\/revolutionpadelstore.com\\\/de\\\/produkt\\\/paletero-bullpadel-xplo-bpp25022-rojo-1\\\/#primaryimage\"},\"image\":{\"@id\":\"https:\\\/\\\/revolutionpadelstore.com\\\/de\\\/produkt\\\/paletero-bullpadel-xplo-bpp25022-rojo-1\\\/#primaryimage\"},\"thumbnailUrl\":\"https:\\\/\\\/revolutionpadelstore.com\\\/wp-content\\\/uploads\\\/2024\\\/11\\\/paletero-bullpadel-di-nenno-xplo-bpp25022-rojo-1100x1100-1.webp\",\"datePublished\":\"2024-11-25T23:12:33+00:00\",\"dateModified\":\"2026-04-08T08:07:24+00:00\",\"description\":\"El Paletero Bullpadel Di Nenno Xplo BPP25022 es el accesorio ideal para jugadores que buscan un transporte comodo, seguro y organizado para su equipamiento de padel.Con un diseno exclusivo inspirado en el jugador Martin Di Nenno, este paletero combina funcionalidad y estilo, ofreciendo multiples compartimentos disenados especificamente para cubrir todas las necesidades del jugador.\",\"breadcrumb\":{\"@id\":\"https:\\\/\\\/revolutionpadelstore.com\\\/de\\\/produkt\\\/paletero-bullpadel-xplo-bpp25022-rojo-1\\\/#breadcrumb\"},\"inLanguage\":\"de\",\"potentialAction\":[{\"@type\":\"ReadAction\",\"target\":[\"https:\\\/\\\/revolutionpadelstore.com\\\/de\\\/produkt\\\/paletero-bullpadel-xplo-bpp25022-rojo-1\\\/\"]}]},{\"@type\":\"ImageObject\",\"inLanguage\":\"de\",\"@id\":\"https:\\\/\\\/revolutionpadelstore.com\\\/de\\\/produkt\\\/paletero-bullpadel-xplo-bpp25022-rojo-1\\\/#primaryimage\",\"url\":\"https:\\\/\\\/revolutionpadelstore.com\\\/wp-content\\\/uploads\\\/2024\\\/11\\\/paletero-bullpadel-di-nenno-xplo-bpp25022-rojo-1100x1100-1.webp\",\"contentUrl\":\"https:\\\/\\\/revolutionpadelstore.com\\\/wp-content\\\/uploads\\\/2024\\\/11\\\/paletero-bullpadel-di-nenno-xplo-bpp25022-rojo-1100x1100-1.webp\",\"width\":1100,\"height\":1100},{\"@type\":\"BreadcrumbList\",\"@id\":\"https:\\\/\\\/revolutionpadelstore.com\\\/de\\\/produkt\\\/paletero-bullpadel-xplo-bpp25022-rojo-1\\\/#breadcrumb\",\"itemListElement\":[{\"@type\":\"ListItem\",\"position\":1,\"name\":\"Portada\",\"item\":\"https:\\\/\\\/revolutionpadelstore.com\\\/de\\\/\"},{\"@type\":\"ListItem\",\"position\":2,\"name\":\"Shop\",\"item\":\"https:\\\/\\\/revolutionpadelstore.com\\\/de\\\/tienda\\\/\"},{\"@type\":\"ListItem\",\"position\":3,\"name\":\"PALETERO BULLPADEL XPLO BPP25022 ROJO\"}]},{\"@type\":\"WebSite\",\"@id\":\"https:\\\/\\\/revolutionpadelstore.com\\\/de\\\/#website\",\"url\":\"https:\\\/\\\/revolutionpadelstore.com\\\/de\\\/\",\"name\":\"Revolution Padel Store\",\"description\":\"\",\"publisher\":{\"@id\":\"https:\\\/\\\/revolutionpadelstore.com\\\/de\\\/#organization\"},\"potentialAction\":[{\"@type\":\"SearchAction\",\"target\":{\"@type\":\"EntryPoint\",\"urlTemplate\":\"https:\\\/\\\/revolutionpadelstore.com\\\/de\\\/?s={search_term_string}\"},\"query-input\":{\"@type\":\"PropertyValueSpecification\",\"valueRequired\":true,\"valueName\":\"search_term_string\"}}],\"inLanguage\":\"de\"},{\"@type\":\"Organization\",\"@id\":\"https:\\\/\\\/revolutionpadelstore.com\\\/de\\\/#organization\",\"name\":\"Revolution Padel Store\",\"url\":\"https:\\\/\\\/revolutionpadelstore.com\\\/de\\\/\",\"logo\":{\"@type\":\"ImageObject\",\"inLanguage\":\"de\",\"@id\":\"https:\\\/\\\/revolutionpadelstore.com\\\/de\\\/#\\\/schema\\\/logo\\\/image\\\/\",\"url\":\"https:\\\/\\\/revolutionpadelstore.com\\\/wp-content\\\/uploads\\\/2026\\\/02\\\/revolution-padel-store.jpg\",\"contentUrl\":\"https:\\\/\\\/revolutionpadelstore.com\\\/wp-content\\\/uploads\\\/2026\\\/02\\\/revolution-padel-store.jpg\",\"width\":2000,\"height\":2000,\"caption\":\"Revolution Padel Store\"},\"image\":{\"@id\":\"https:\\\/\\\/revolutionpadelstore.com\\\/de\\\/#\\\/schema\\\/logo\\\/image\\\/\"},\"sameAs\":[\"https:\\\/\\\/www.instagram.com\\\/revolutionpadelstore\\\/\"]}]}<\/script>\n<!-- \/ Yoast SEO plugin. -->","yoast_head_json":{"title":"PALETERO BULLPADEL XPLO BPP25022 ROJO - Revolution Padel Store","description":"El Paletero Bullpadel Di Nenno Xplo BPP25022 es el accesorio ideal para jugadores que buscan un transporte comodo, seguro y organizado para su equipamiento de padel.Con un diseno exclusivo inspirado en el jugador Martin Di Nenno, este paletero combina funcionalidad y estilo, ofreciendo multiples compartimentos disenados especificamente para cubrir todas las necesidades del jugador.","robots":{"index":"index","follow":"follow","max-snippet":"max-snippet:-1","max-image-preview":"max-image-preview:large","max-video-preview":"max-video-preview:-1"},"canonical":"https:\/\/revolutionpadelstore.com\/de\/produkt\/paletero-bullpadel-xplo-bpp25022-rojo-1\/","og_locale":"de_DE","og_type":"article","og_title":"PALETERO BULLPADEL XPLO BPP25022 ROJO - Revolution Padel Store","og_description":"El Paletero Bullpadel Di Nenno Xplo BPP25022 es el accesorio ideal para jugadores que buscan un transporte comodo, seguro y organizado para su equipamiento de padel.Con un diseno exclusivo inspirado en el jugador Martin Di Nenno, este paletero combina funcionalidad y estilo, ofreciendo multiples compartimentos disenados especificamente para cubrir todas las necesidades del jugador.","og_url":"https:\/\/revolutionpadelstore.com\/de\/produkt\/paletero-bullpadel-xplo-bpp25022-rojo-1\/","og_site_name":"Revolution Padel Store","article_modified_time":"2026-04-08T08:07:24+00:00","og_image":[{"width":1100,"height":1100,"url":"https:\/\/revolutionpadelstore.com\/wp-content\/uploads\/2024\/11\/paletero-bullpadel-di-nenno-xplo-bpp25022-rojo-1100x1100-1.webp","type":"image\/webp"}],"twitter_card":"summary_large_image","twitter_misc":{"Gesch\u00e4tzte Lesezeit":"1\u00a0Minute"},"schema":{"@context":"https:\/\/schema.org","@graph":[{"@type":"WebPage","@id":"https:\/\/revolutionpadelstore.com\/de\/produkt\/paletero-bullpadel-xplo-bpp25022-rojo-1\/","url":"https:\/\/revolutionpadelstore.com\/de\/produkt\/paletero-bullpadel-xplo-bpp25022-rojo-1\/","name":"PALETERO BULLPADEL XPLO BPP25022 ROJO - Revolution Padel Store","isPartOf":{"@id":"https:\/\/revolutionpadelstore.com\/de\/#website"},"primaryImageOfPage":{"@id":"https:\/\/revolutionpadelstore.com\/de\/produkt\/paletero-bullpadel-xplo-bpp25022-rojo-1\/#primaryimage"},"image":{"@id":"https:\/\/revolutionpadelstore.com\/de\/produkt\/paletero-bullpadel-xplo-bpp25022-rojo-1\/#primaryimage"},"thumbnailUrl":"https:\/\/revolutionpadelstore.com\/wp-content\/uploads\/2024\/11\/paletero-bullpadel-di-nenno-xplo-bpp25022-rojo-1100x1100-1.webp","datePublished":"2024-11-25T23:12:33+00:00","dateModified":"2026-04-08T08:07:24+00:00","description":"El Paletero Bullpadel Di Nenno Xplo BPP25022 es el accesorio ideal para jugadores que buscan un transporte comodo, seguro y organizado para su equipamiento de padel.Con un diseno exclusivo inspirado en el jugador Martin Di Nenno, este paletero combina funcionalidad y estilo, ofreciendo multiples compartimentos disenados especificamente para cubrir todas las necesidades del jugador.","breadcrumb":{"@id":"https:\/\/revolutionpadelstore.com\/de\/produkt\/paletero-bullpadel-xplo-bpp25022-rojo-1\/#breadcrumb"},"inLanguage":"de","potentialAction":[{"@type":"ReadAction","target":["https:\/\/revolutionpadelstore.com\/de\/produkt\/paletero-bullpadel-xplo-bpp25022-rojo-1\/"]}]},{"@type":"ImageObject","inLanguage":"de","@id":"https:\/\/revolutionpadelstore.com\/de\/produkt\/paletero-bullpadel-xplo-bpp25022-rojo-1\/#primaryimage","url":"https:\/\/revolutionpadelstore.com\/wp-content\/uploads\/2024\/11\/paletero-bullpadel-di-nenno-xplo-bpp25022-rojo-1100x1100-1.webp","contentUrl":"https:\/\/revolutionpadelstore.com\/wp-content\/uploads\/2024\/11\/paletero-bullpadel-di-nenno-xplo-bpp25022-rojo-1100x1100-1.webp","width":1100,"height":1100},{"@type":"BreadcrumbList","@id":"https:\/\/revolutionpadelstore.com\/de\/produkt\/paletero-bullpadel-xplo-bpp25022-rojo-1\/#breadcrumb","itemListElement":[{"@type":"ListItem","position":1,"name":"Portada","item":"https:\/\/revolutionpadelstore.com\/de\/"},{"@type":"ListItem","position":2,"name":"Shop","item":"https:\/\/revolutionpadelstore.com\/de\/tienda\/"},{"@type":"ListItem","position":3,"name":"PALETERO BULLPADEL XPLO BPP25022 ROJO"}]},{"@type":"WebSite","@id":"https:\/\/revolutionpadelstore.com\/de\/#website","url":"https:\/\/revolutionpadelstore.com\/de\/","name":"Revolution Padel Store","description":"","publisher":{"@id":"https:\/\/revolutionpadelstore.com\/de\/#organization"},"potentialAction":[{"@type":"SearchAction","target":{"@type":"EntryPoint","urlTemplate":"https:\/\/revolutionpadelstore.com\/de\/?s={search_term_string}"},"query-input":{"@type":"PropertyValueSpecification","valueRequired":true,"valueName":"search_term_string"}}],"inLanguage":"de"},{"@type":"Organization","@id":"https:\/\/revolutionpadelstore.com\/de\/#organization","name":"Revolution Padel Store","url":"https:\/\/revolutionpadelstore.com\/de\/","logo":{"@type":"ImageObject","inLanguage":"de","@id":"https:\/\/revolutionpadelstore.com\/de\/#\/schema\/logo\/image\/","url":"https:\/\/revolutionpadelstore.com\/wp-content\/uploads\/2026\/02\/revolution-padel-store.jpg","contentUrl":"https:\/\/revolutionpadelstore.com\/wp-content\/uploads\/2026\/02\/revolution-padel-store.jpg","width":2000,"height":2000,"caption":"Revolution Padel Store"},"image":{"@id":"https:\/\/revolutionpadelstore.com\/de\/#\/schema\/logo\/image\/"},"sameAs":["https:\/\/www.instagram.com\/revolutionpadelstore\/"]}]}},"_links":{"self":[{"href":"https:\/\/revolutionpadelstore.com\/de\/wp-json\/wp\/v2\/product\/142806","targetHints":{"allow":["GET"]}}],"collection":[{"href":"https:\/\/revolutionpadelstore.com\/de\/wp-json\/wp\/v2\/product"}],"about":[{"href":"https:\/\/revolutionpadelstore.com\/de\/wp-json\/wp\/v2\/types\/product"}],"replies":[{"embeddable":true,"href":"https:\/\/revolutionpadelstore.com\/de\/wp-json\/wp\/v2\/comments?post=142806"}],"wp:featuredmedia":[{"embeddable":true,"href":"https:\/\/revolutionpadelstore.com\/de\/wp-json\/wp\/v2\/media\/129101"}],"wp:attachment":[{"href":"https:\/\/revolutionpadelstore.com\/de\/wp-json\/wp\/v2\/media?parent=142806"}],"wp:term":[{"taxonomy":"acabado","embeddable":true,"href":"https:\/\/revolutionpadelstore.com\/de\/wp-json\/wp\/v2\/acabado?post=142806"},{"taxonomy":"balance","embeddable":true,"href":"https:\/\/revolutionpadelstore.com\/de\/wp-json\/wp\/v2\/balance?post=142806"},{"taxonomy":"dureza","embeddable":true,"href":"https:\/\/revolutionpadelstore.com\/de\/wp-json\/wp\/v2\/dureza?post=142806"},{"taxonomy":"forma","embeddable":true,"href":"https:\/\/revolutionpadelstore.com\/de\/wp-json\/wp\/v2\/forma?post=142806"},{"taxonomy":"jugador","embeddable":true,"href":"https:\/\/revolutionpadelstore.com\/de\/wp-json\/wp\/v2\/jugador?post=142806"},{"taxonomy":"marca","embeddable":true,"href":"https:\/\/revolutionpadelstore.com\/de\/wp-json\/wp\/v2\/marca?post=142806"},{"taxonomy":"nivel-de-juego","embeddable":true,"href":"https:\/\/revolutionpadelstore.com\/de\/wp-json\/wp\/v2\/nivel-de-juego?post=142806"},{"taxonomy":"superficie","embeddable":true,"href":"https:\/\/revolutionpadelstore.com\/de\/wp-json\/wp\/v2\/superficie?post=142806"},{"taxonomy":"tipo-de-juego","embeddable":true,"href":"https:\/\/revolutionpadelstore.com\/de\/wp-json\/wp\/v2\/tipo-de-juego?post=142806"},{"taxonomy":"product_brand","embeddable":true,"href":"https:\/\/revolutionpadelstore.com\/de\/wp-json\/wp\/v2\/product_brand?post=142806"},{"taxonomy":"product_cat","embeddable":true,"href":"https:\/\/revolutionpadelstore.com\/de\/wp-json\/wp\/v2\/product_cat?post=142806"},{"taxonomy":"product_tag","embeddable":true,"href":"https:\/\/revolutionpadelstore.com\/de\/wp-json\/wp\/v2\/product_tag?post=142806"}],"curies":[{"name":"wp","href":"https:\/\/api.w.org\/{rel}","templated":true}]}}