{"id":142526,"date":"2024-12-03T21:03:06","date_gmt":"2024-12-03T20:03:06","guid":{"rendered":"https:\/\/revolutionpadelstore.com\/adidas-metalbone-3-4-ale-galan\/"},"modified":"2026-04-19T02:00:24","modified_gmt":"2026-04-19T00:00:24","slug":"adidas-metalbone-3-4-ale-galan","status":"publish","type":"product","link":"https:\/\/revolutionpadelstore.com\/de\/produkt\/adidas-metalbone-3-4-ale-galan\/","title":{"rendered":"ADIDAS METALBONE 3.4 ALE GALAN"},"content":{"rendered":"<h2> adias metallbone 3.4 2025, Ale Gal\u00e1n -Offizier <\/ H2><br \/>\nDas <strong> adidas Metalbone 3.4 <\/strong> der 2025 -Kollektion ist eine diamant -fischte, paddelgef\u00fchrte Schaufel, die dank seiner beeindruckenden Leistung die Leistung in offensiven Schl\u00e4gen maximiert. Diese Schaufel wurde in Zusammenarbeit mit dem <strong> Ale Gal\u00e1n <\/strong> -Plagen entwickelt und kombiniert hochwertige Materialien und fortschrittliche Technologien, um ein au\u00dfergew\u00f6hnliches Spielerlebnis zu bieten.<\/p>\n<h2> Pala Metalbone 3.4 f\u00fcr fortgeschrittene Spieler <\/ H2><br \/>\nDiese Schaufel ist speziell f\u00fcr fortschrittliche oder professionelle Paddelspieler ausgelegt und bietet in offensiven St\u00fccken unglaubliche Kraft, Haltbarkeit und Aggressivit\u00e4t. Mit seiner hohen Balance und Diamond -Form k\u00f6nnen Sie gro\u00dfe Tr\u00e4gheit erzeugen und die effektivsten und t\u00f6dlichsten Schl\u00e4ge im Netzwerk erzeugen.<\/p>\n<h2> Metallbone 3.4<br \/>\n<P> <strong> -Eva Soft Performance Nurse<\/p>\n<p> <strong> -16K Aluminisierte Kohlenstoffk\u00e4fige<\/p>\n<p> <strong> -Plans mit Spin -Blade -Aufkleber -Relief <\/strong> Erm\u00f6glichen Sie das Hinzuf\u00fcgen von Effekten und die Verbesserung der Kontrolle<\/p>\n<p> <strong> -Power Extra Grip <\/strong>: Inertie und Kraft in jedem Schlag<br \/>\n<P> <strong> -Weight &amp; Balance -System Metalbone <\/strong>: Erm\u00f6glicht Ihnen, das Gewicht und das Gleichgewicht der Schaufel bis zu 11,2 Gramm anzupassen und anzupassen.<\/p>\n<p> <strong> -Low Poly Poly Poly-Krisene <\/strong>: Verbessert die strukturelle Kraft und gew\u00e4hrt mehr Steifheit.<\/p>\n<h2> Kaufen Sie in Revolution Padel Store <\/H2><br \/>\nAdidas Metalbone 3.4 verbindet Macht, Pr\u00e4zision und Personalisierung und ist ideal f\u00fcr fortgeschrittene Spieler, die nach gr\u00f6\u00dferen Kraft in Angriffsspielen suchen. Seine Diamant- und hohe Balance -Form sorgen daf\u00fcr, dass im Netzwerk kein Ball verloren geht.<\/p>\n<h2>Adias Metalbone 3.4 2025, oficial de Ale Gal\u00e1n<\/h2>\n","protected":false},"excerpt":{"rendered":"<p>Diamond Shovel mit hohem Gleichgewicht adidas Metalbone 3.4 f\u00fcr offensive Spieler fortgeschrittener oder professioneller Ebene. Ale Gal\u00e1n Offizier.<\/p>\n","protected":false},"featured_media":135502,"comment_status":"open","ping_status":"closed","template":"","meta":{"_acf_changed":false,"_joinchat":[]},"acabado":[1089],"balance":[1134],"dureza":[],"forma":[1169],"jugador":[1189,1199],"marca":[1229],"nivel-de-juego":[1334],"superficie":[1359],"tipo-de-juego":[1374],"product_brand":[],"product_cat":[299],"product_tag":[],"class_list":{"0":"post-142526","1":"product","2":"type-product","3":"status-publish","4":"has-post-thumbnail","6":"acabado-3d-entlasten","7":"balance-hoch","8":"forma-diamante-de","9":"jugador-mann","10":"jugador-mehrzweck","11":"marca-adidas-de","12":"superficie-rugosa-de","13":"tipo-de-juego-leistung","14":"product_cat-palas-de-padel-de","16":"first","17":"instock","18":"sale","19":"taxable","20":"shipping-taxable","21":"purchasable","22":"product-type-simple"},"acf":[],"yoast_head":"<!-- This site is optimized with the Yoast SEO plugin v27.4 - https:\/\/yoast.com\/product\/yoast-seo-wordpress\/ -->\n<title>ADIDAS METALBONE 3.4 ALE GALAN - Revolution Padel Store<\/title>\n<meta name=\"description\" content=\"La Adidas Metalbone 3.4, de la colecci\u00f3n 2025, es una pala de p\u00e1del con forma de diamante con el balance alto, por lo que es un modelo pensado para ofrecer el mejor rendimiento en los golpes ofensivos gracias a su excepcional potencia en el ataque.\" \/>\n<meta name=\"robots\" content=\"index, follow, max-snippet:-1, max-image-preview:large, max-video-preview:-1\" \/>\n<link rel=\"canonical\" href=\"https:\/\/revolutionpadelstore.com\/de\/produkt\/adidas-metalbone-3-4-ale-galan\/\" \/>\n<meta property=\"og:locale\" content=\"de_DE\" \/>\n<meta property=\"og:type\" content=\"article\" \/>\n<meta property=\"og:title\" content=\"ADIDAS METALBONE 3.4 ALE GALAN - Revolution Padel Store\" \/>\n<meta property=\"og:description\" content=\"La Adidas Metalbone 3.4, de la colecci\u00f3n 2025, es una pala de p\u00e1del con forma de diamante con el balance alto, por lo que es un modelo pensado para ofrecer el mejor rendimiento en los golpes ofensivos gracias a su excepcional potencia en el ataque.\" \/>\n<meta property=\"og:url\" content=\"https:\/\/revolutionpadelstore.com\/de\/produkt\/adidas-metalbone-3-4-ale-galan\/\" \/>\n<meta property=\"og:site_name\" content=\"Revolution Padel Store\" \/>\n<meta property=\"article:modified_time\" content=\"2026-04-19T00:00:24+00:00\" \/>\n<meta property=\"og:image\" content=\"https:\/\/revolutionpadelstore.com\/wp-content\/uploads\/2024\/12\/113683-pala-adidas-metalbone-3-4-ar1aa0u221500x1500-1.webp\" \/>\n\t<meta property=\"og:image:width\" content=\"1500\" \/>\n\t<meta property=\"og:image:height\" content=\"1500\" \/>\n\t<meta property=\"og:image:type\" content=\"image\/webp\" \/>\n<meta name=\"twitter:card\" content=\"summary_large_image\" \/>\n<meta name=\"twitter:label1\" content=\"Gesch\u00e4tzte Lesezeit\" \/>\n\t<meta name=\"twitter:data1\" content=\"1\u00a0Minute\" \/>\n<script type=\"application\/ld+json\" class=\"yoast-schema-graph\">{\"@context\":\"https:\\\/\\\/schema.org\",\"@graph\":[{\"@type\":\"WebPage\",\"@id\":\"https:\\\/\\\/revolutionpadelstore.com\\\/de\\\/produkt\\\/adidas-metalbone-3-4-ale-galan\\\/\",\"url\":\"https:\\\/\\\/revolutionpadelstore.com\\\/de\\\/produkt\\\/adidas-metalbone-3-4-ale-galan\\\/\",\"name\":\"ADIDAS METALBONE 3.4 ALE GALAN - Revolution Padel Store\",\"isPartOf\":{\"@id\":\"https:\\\/\\\/revolutionpadelstore.com\\\/de\\\/#website\"},\"primaryImageOfPage\":{\"@id\":\"https:\\\/\\\/revolutionpadelstore.com\\\/de\\\/produkt\\\/adidas-metalbone-3-4-ale-galan\\\/#primaryimage\"},\"image\":{\"@id\":\"https:\\\/\\\/revolutionpadelstore.com\\\/de\\\/produkt\\\/adidas-metalbone-3-4-ale-galan\\\/#primaryimage\"},\"thumbnailUrl\":\"https:\\\/\\\/revolutionpadelstore.com\\\/wp-content\\\/uploads\\\/2024\\\/12\\\/113683-pala-adidas-metalbone-3-4-ar1aa0u221500x1500-1.webp\",\"datePublished\":\"2024-12-03T20:03:06+00:00\",\"dateModified\":\"2026-04-19T00:00:24+00:00\",\"description\":\"La Adidas Metalbone 3.4, de la colecci\u00f3n 2025, es una pala de p\u00e1del con forma de diamante con el balance alto, por lo que es un modelo pensado para ofrecer el mejor rendimiento en los golpes ofensivos gracias a su excepcional potencia en el ataque.\",\"breadcrumb\":{\"@id\":\"https:\\\/\\\/revolutionpadelstore.com\\\/de\\\/produkt\\\/adidas-metalbone-3-4-ale-galan\\\/#breadcrumb\"},\"inLanguage\":\"de\",\"potentialAction\":[{\"@type\":\"ReadAction\",\"target\":[\"https:\\\/\\\/revolutionpadelstore.com\\\/de\\\/produkt\\\/adidas-metalbone-3-4-ale-galan\\\/\"]}]},{\"@type\":\"ImageObject\",\"inLanguage\":\"de\",\"@id\":\"https:\\\/\\\/revolutionpadelstore.com\\\/de\\\/produkt\\\/adidas-metalbone-3-4-ale-galan\\\/#primaryimage\",\"url\":\"https:\\\/\\\/revolutionpadelstore.com\\\/wp-content\\\/uploads\\\/2024\\\/12\\\/113683-pala-adidas-metalbone-3-4-ar1aa0u221500x1500-1.webp\",\"contentUrl\":\"https:\\\/\\\/revolutionpadelstore.com\\\/wp-content\\\/uploads\\\/2024\\\/12\\\/113683-pala-adidas-metalbone-3-4-ar1aa0u221500x1500-1.webp\",\"width\":1500,\"height\":1500},{\"@type\":\"BreadcrumbList\",\"@id\":\"https:\\\/\\\/revolutionpadelstore.com\\\/de\\\/produkt\\\/adidas-metalbone-3-4-ale-galan\\\/#breadcrumb\",\"itemListElement\":[{\"@type\":\"ListItem\",\"position\":1,\"name\":\"Portada\",\"item\":\"https:\\\/\\\/revolutionpadelstore.com\\\/de\\\/\"},{\"@type\":\"ListItem\",\"position\":2,\"name\":\"Shop\",\"item\":\"https:\\\/\\\/revolutionpadelstore.com\\\/de\\\/tienda\\\/\"},{\"@type\":\"ListItem\",\"position\":3,\"name\":\"ADIDAS METALBONE 3.4 ALE GALAN\"}]},{\"@type\":\"WebSite\",\"@id\":\"https:\\\/\\\/revolutionpadelstore.com\\\/de\\\/#website\",\"url\":\"https:\\\/\\\/revolutionpadelstore.com\\\/de\\\/\",\"name\":\"Revolution Padel Store\",\"description\":\"\",\"publisher\":{\"@id\":\"https:\\\/\\\/revolutionpadelstore.com\\\/de\\\/#organization\"},\"potentialAction\":[{\"@type\":\"SearchAction\",\"target\":{\"@type\":\"EntryPoint\",\"urlTemplate\":\"https:\\\/\\\/revolutionpadelstore.com\\\/de\\\/?s={search_term_string}\"},\"query-input\":{\"@type\":\"PropertyValueSpecification\",\"valueRequired\":true,\"valueName\":\"search_term_string\"}}],\"inLanguage\":\"de\"},{\"@type\":\"Organization\",\"@id\":\"https:\\\/\\\/revolutionpadelstore.com\\\/de\\\/#organization\",\"name\":\"Revolution Padel Store\",\"url\":\"https:\\\/\\\/revolutionpadelstore.com\\\/de\\\/\",\"logo\":{\"@type\":\"ImageObject\",\"inLanguage\":\"de\",\"@id\":\"https:\\\/\\\/revolutionpadelstore.com\\\/de\\\/#\\\/schema\\\/logo\\\/image\\\/\",\"url\":\"https:\\\/\\\/revolutionpadelstore.com\\\/wp-content\\\/uploads\\\/2026\\\/02\\\/revolution-padel-store.jpg\",\"contentUrl\":\"https:\\\/\\\/revolutionpadelstore.com\\\/wp-content\\\/uploads\\\/2026\\\/02\\\/revolution-padel-store.jpg\",\"width\":2000,\"height\":2000,\"caption\":\"Revolution Padel Store\"},\"image\":{\"@id\":\"https:\\\/\\\/revolutionpadelstore.com\\\/de\\\/#\\\/schema\\\/logo\\\/image\\\/\"},\"sameAs\":[\"https:\\\/\\\/www.instagram.com\\\/revolutionpadelstore\\\/\"]}]}<\/script>\n<!-- \/ Yoast SEO plugin. -->","yoast_head_json":{"title":"ADIDAS METALBONE 3.4 ALE GALAN - Revolution Padel Store","description":"La Adidas Metalbone 3.4, de la colecci\u00f3n 2025, es una pala de p\u00e1del con forma de diamante con el balance alto, por lo que es un modelo pensado para ofrecer el mejor rendimiento en los golpes ofensivos gracias a su excepcional potencia en el ataque.","robots":{"index":"index","follow":"follow","max-snippet":"max-snippet:-1","max-image-preview":"max-image-preview:large","max-video-preview":"max-video-preview:-1"},"canonical":"https:\/\/revolutionpadelstore.com\/de\/produkt\/adidas-metalbone-3-4-ale-galan\/","og_locale":"de_DE","og_type":"article","og_title":"ADIDAS METALBONE 3.4 ALE GALAN - Revolution Padel Store","og_description":"La Adidas Metalbone 3.4, de la colecci\u00f3n 2025, es una pala de p\u00e1del con forma de diamante con el balance alto, por lo que es un modelo pensado para ofrecer el mejor rendimiento en los golpes ofensivos gracias a su excepcional potencia en el ataque.","og_url":"https:\/\/revolutionpadelstore.com\/de\/produkt\/adidas-metalbone-3-4-ale-galan\/","og_site_name":"Revolution Padel Store","article_modified_time":"2026-04-19T00:00:24+00:00","og_image":[{"width":1500,"height":1500,"url":"https:\/\/revolutionpadelstore.com\/wp-content\/uploads\/2024\/12\/113683-pala-adidas-metalbone-3-4-ar1aa0u221500x1500-1.webp","type":"image\/webp"}],"twitter_card":"summary_large_image","twitter_misc":{"Gesch\u00e4tzte Lesezeit":"1\u00a0Minute"},"schema":{"@context":"https:\/\/schema.org","@graph":[{"@type":"WebPage","@id":"https:\/\/revolutionpadelstore.com\/de\/produkt\/adidas-metalbone-3-4-ale-galan\/","url":"https:\/\/revolutionpadelstore.com\/de\/produkt\/adidas-metalbone-3-4-ale-galan\/","name":"ADIDAS METALBONE 3.4 ALE GALAN - Revolution Padel Store","isPartOf":{"@id":"https:\/\/revolutionpadelstore.com\/de\/#website"},"primaryImageOfPage":{"@id":"https:\/\/revolutionpadelstore.com\/de\/produkt\/adidas-metalbone-3-4-ale-galan\/#primaryimage"},"image":{"@id":"https:\/\/revolutionpadelstore.com\/de\/produkt\/adidas-metalbone-3-4-ale-galan\/#primaryimage"},"thumbnailUrl":"https:\/\/revolutionpadelstore.com\/wp-content\/uploads\/2024\/12\/113683-pala-adidas-metalbone-3-4-ar1aa0u221500x1500-1.webp","datePublished":"2024-12-03T20:03:06+00:00","dateModified":"2026-04-19T00:00:24+00:00","description":"La Adidas Metalbone 3.4, de la colecci\u00f3n 2025, es una pala de p\u00e1del con forma de diamante con el balance alto, por lo que es un modelo pensado para ofrecer el mejor rendimiento en los golpes ofensivos gracias a su excepcional potencia en el ataque.","breadcrumb":{"@id":"https:\/\/revolutionpadelstore.com\/de\/produkt\/adidas-metalbone-3-4-ale-galan\/#breadcrumb"},"inLanguage":"de","potentialAction":[{"@type":"ReadAction","target":["https:\/\/revolutionpadelstore.com\/de\/produkt\/adidas-metalbone-3-4-ale-galan\/"]}]},{"@type":"ImageObject","inLanguage":"de","@id":"https:\/\/revolutionpadelstore.com\/de\/produkt\/adidas-metalbone-3-4-ale-galan\/#primaryimage","url":"https:\/\/revolutionpadelstore.com\/wp-content\/uploads\/2024\/12\/113683-pala-adidas-metalbone-3-4-ar1aa0u221500x1500-1.webp","contentUrl":"https:\/\/revolutionpadelstore.com\/wp-content\/uploads\/2024\/12\/113683-pala-adidas-metalbone-3-4-ar1aa0u221500x1500-1.webp","width":1500,"height":1500},{"@type":"BreadcrumbList","@id":"https:\/\/revolutionpadelstore.com\/de\/produkt\/adidas-metalbone-3-4-ale-galan\/#breadcrumb","itemListElement":[{"@type":"ListItem","position":1,"name":"Portada","item":"https:\/\/revolutionpadelstore.com\/de\/"},{"@type":"ListItem","position":2,"name":"Shop","item":"https:\/\/revolutionpadelstore.com\/de\/tienda\/"},{"@type":"ListItem","position":3,"name":"ADIDAS METALBONE 3.4 ALE GALAN"}]},{"@type":"WebSite","@id":"https:\/\/revolutionpadelstore.com\/de\/#website","url":"https:\/\/revolutionpadelstore.com\/de\/","name":"Revolution Padel Store","description":"","publisher":{"@id":"https:\/\/revolutionpadelstore.com\/de\/#organization"},"potentialAction":[{"@type":"SearchAction","target":{"@type":"EntryPoint","urlTemplate":"https:\/\/revolutionpadelstore.com\/de\/?s={search_term_string}"},"query-input":{"@type":"PropertyValueSpecification","valueRequired":true,"valueName":"search_term_string"}}],"inLanguage":"de"},{"@type":"Organization","@id":"https:\/\/revolutionpadelstore.com\/de\/#organization","name":"Revolution Padel Store","url":"https:\/\/revolutionpadelstore.com\/de\/","logo":{"@type":"ImageObject","inLanguage":"de","@id":"https:\/\/revolutionpadelstore.com\/de\/#\/schema\/logo\/image\/","url":"https:\/\/revolutionpadelstore.com\/wp-content\/uploads\/2026\/02\/revolution-padel-store.jpg","contentUrl":"https:\/\/revolutionpadelstore.com\/wp-content\/uploads\/2026\/02\/revolution-padel-store.jpg","width":2000,"height":2000,"caption":"Revolution Padel Store"},"image":{"@id":"https:\/\/revolutionpadelstore.com\/de\/#\/schema\/logo\/image\/"},"sameAs":["https:\/\/www.instagram.com\/revolutionpadelstore\/"]}]}},"_links":{"self":[{"href":"https:\/\/revolutionpadelstore.com\/de\/wp-json\/wp\/v2\/product\/142526","targetHints":{"allow":["GET"]}}],"collection":[{"href":"https:\/\/revolutionpadelstore.com\/de\/wp-json\/wp\/v2\/product"}],"about":[{"href":"https:\/\/revolutionpadelstore.com\/de\/wp-json\/wp\/v2\/types\/product"}],"replies":[{"embeddable":true,"href":"https:\/\/revolutionpadelstore.com\/de\/wp-json\/wp\/v2\/comments?post=142526"}],"wp:featuredmedia":[{"embeddable":true,"href":"https:\/\/revolutionpadelstore.com\/de\/wp-json\/wp\/v2\/media\/135502"}],"wp:attachment":[{"href":"https:\/\/revolutionpadelstore.com\/de\/wp-json\/wp\/v2\/media?parent=142526"}],"wp:term":[{"taxonomy":"acabado","embeddable":true,"href":"https:\/\/revolutionpadelstore.com\/de\/wp-json\/wp\/v2\/acabado?post=142526"},{"taxonomy":"balance","embeddable":true,"href":"https:\/\/revolutionpadelstore.com\/de\/wp-json\/wp\/v2\/balance?post=142526"},{"taxonomy":"dureza","embeddable":true,"href":"https:\/\/revolutionpadelstore.com\/de\/wp-json\/wp\/v2\/dureza?post=142526"},{"taxonomy":"forma","embeddable":true,"href":"https:\/\/revolutionpadelstore.com\/de\/wp-json\/wp\/v2\/forma?post=142526"},{"taxonomy":"jugador","embeddable":true,"href":"https:\/\/revolutionpadelstore.com\/de\/wp-json\/wp\/v2\/jugador?post=142526"},{"taxonomy":"marca","embeddable":true,"href":"https:\/\/revolutionpadelstore.com\/de\/wp-json\/wp\/v2\/marca?post=142526"},{"taxonomy":"nivel-de-juego","embeddable":true,"href":"https:\/\/revolutionpadelstore.com\/de\/wp-json\/wp\/v2\/nivel-de-juego?post=142526"},{"taxonomy":"superficie","embeddable":true,"href":"https:\/\/revolutionpadelstore.com\/de\/wp-json\/wp\/v2\/superficie?post=142526"},{"taxonomy":"tipo-de-juego","embeddable":true,"href":"https:\/\/revolutionpadelstore.com\/de\/wp-json\/wp\/v2\/tipo-de-juego?post=142526"},{"taxonomy":"product_brand","embeddable":true,"href":"https:\/\/revolutionpadelstore.com\/de\/wp-json\/wp\/v2\/product_brand?post=142526"},{"taxonomy":"product_cat","embeddable":true,"href":"https:\/\/revolutionpadelstore.com\/de\/wp-json\/wp\/v2\/product_cat?post=142526"},{"taxonomy":"product_tag","embeddable":true,"href":"https:\/\/revolutionpadelstore.com\/de\/wp-json\/wp\/v2\/product_tag?post=142526"}],"curies":[{"name":"wp","href":"https:\/\/api.w.org\/{rel}","templated":true}]}}