{"id":142521,"date":"2024-12-03T23:47:59","date_gmt":"2024-12-03T22:47:59","guid":{"rendered":"https:\/\/revolutionpadelstore.com\/adidas-metalbone-hrd-3-4-2025\/"},"modified":"2026-04-22T02:00:16","modified_gmt":"2026-04-22T00:00:16","slug":"adidas-metalbone-hrd-3-4-2025","status":"publish","type":"product","link":"https:\/\/revolutionpadelstore.com\/de\/produkt\/adidas-metalbone-hrd-3-4-2025\/","title":{"rendered":"ADIDAS METALBONE HRD+ 3.4 2025"},"content":{"rendered":"<h2> adidas Metallbone HRD+ 3.4, Explosivit\u00e4t im Angriff <\/ h2><br \/>\nDas in Zusammenarbeit mit <strong> ALE Gal\u00e1n <\/strong> entwickelte <strong> adidas Metalbone HRD+ 3,4 <\/strong> der 2025 -Kollektion ist eine Paddelschaufel, die sich f\u00fcr seine Kraft und Leistung auszeichnet. Dieses Modell kombiniert qualitativ hochwertige Materialien und innovative Technologien, die ideal f\u00fcr diejenigen, die nach starken und pr\u00e4zisen Schl\u00e4gen suchen.<\/p>\n<h2> Metallbone -Eigenschaften HRD+ 3.4 <\/H2><br \/>\n<P> <strong> -diamond und hohe Balance-Schuhe <\/strong>: Es konzentriert das Gewicht oben und erzeugt bei jedem Angriff eine gr\u00f6\u00dfere Tr\u00e4gheit und Leistung.<br \/>\n<P> <strong> -Antordierbares Peso <\/strong>: zwischen 345 und 360 Gramm, kombiniert Design und Technologie f\u00fcr die Elite-Leistung.<\/p>\n<p> <strong> -Power -Rille <\/strong>: Erh\u00f6ht die Leistung und Steifheit im Schaufelprofil<\/p>\n<p> <strong> Carbon Cages 16K <\/strong>: Sie sorgen f\u00fcr eine solide Ber\u00fchrung und maximale Leistung<\/p>\n<p> <strong> -Goma hohe Speicher eva <\/strong>: hohe Dichte, gew\u00e4hrt h\u00f6here Geschwindigkeit und Leistung in technischen Schl\u00e4gen.<\/p>\n<p> <strong> -Kotogonale Struktur <\/strong>: Reduziert die Torsion und verbessert die Pr\u00e4zision<\/p>\n<p> <strong> -Relief -Spinklingen -Aufkleber <\/strong>: garantiert optimale Kontrolle und mehr Einfluss auf die Schl\u00e4ge<br \/>\n<P> <strong> -Grip Power Extra Grip <\/strong>: Es bringt gr\u00f6\u00dfere Stabilit\u00e4t im Treffer<\/p>\n<p> <strong> -Coly Poly Poly Poly <\/strong>: Erh\u00f6hen Sie die strukturelle Steifheit.<br \/>\n<P> <strong> -Weight &amp; Balance -System <\/strong>: Erm\u00f6glicht bis zu 11,2 Gramm das Gewicht und das Gleichgewicht der Schaufel.<\/p>\n<h2> ideal f\u00fcr fortgeschrittene Spieler <\/ H2><br \/>\nMetalbone HRD+ 3.4 wurde f\u00fcr fortschrittliche Paddelspieler entwickelt und wird zu einem Verb\u00fcndeten von offensiven Spielen und erm\u00f6glicht es, sich an jede Spielsituation mit maximaler Leistung und Tr\u00e4gheit anzupassen.<\/p>\n<h2> erh\u00e4ltlich im Revolution Padel Store <\/ h2><br \/>\nWenn Sie ein aggressiver Spieler sind, der gerne Kraft und Auswirkung auf den Ball druckt, ist der <strong> adidas Metalbone HRD+ 3,4 <\/strong> Ihr idealer Partner dank seiner Starrheit und Haltbarkeit.<\/p>\n<h2>Adidas Metalbone HRD+ 3.4, explosividad en el ataque<\/h2>\n","protected":false},"excerpt":{"rendered":"<p>Adidas Metalbone HRD+ 3,4 Schaufel f\u00fcr Offensivspieler mit hoher Ebene, die mehr Leistung und Wirkung auf ihre Schl\u00e4ge suchen. Rugo Carbono Rugo Pl\u00e4ne 16K mit Spin Blade Decal.<\/p>\n","protected":false},"featured_media":135772,"comment_status":"open","ping_status":"closed","template":"","meta":{"_acf_changed":false,"_joinchat":[]},"acabado":[1089],"balance":[1134],"dureza":[1159],"forma":[1169],"jugador":[1189,1199],"marca":[1229],"nivel-de-juego":[1334],"superficie":[1359],"tipo-de-juego":[1374],"product_brand":[],"product_cat":[299],"product_tag":[],"class_list":{"0":"post-142521","1":"product","2":"type-product","3":"status-publish","4":"has-post-thumbnail","6":"acabado-3d-entlasten","7":"balance-hoch","8":"dureza-dura-de","9":"forma-diamante-de","10":"jugador-mann","11":"jugador-mehrzweck","12":"marca-adidas-de","13":"superficie-rugosa-de","14":"tipo-de-juego-leistung","15":"product_cat-palas-de-padel-de","17":"first","18":"instock","19":"sale","20":"taxable","21":"shipping-taxable","22":"purchasable","23":"product-type-simple"},"acf":[],"yoast_head":"<!-- This site is optimized with the Yoast SEO plugin v27.4 - https:\/\/yoast.com\/product\/yoast-seo-wordpress\/ -->\n<title>ADIDAS METALBONE HRD+ 3.4 2025 - Revolution Padel Store<\/title>\n<meta name=\"description\" content=\"La Metalbone HRD+ 3.4, de la colecci\u00f3n 2025 de Adidas, ha sido dise\u00f1ada en colaboraci\u00f3n con Ale Gal\u00e1n y representa el m\u00e1ximo exponente en potencia y rendimiento. Este modelo combina materiales de alta calidad y tecnolog\u00edas innovadoras que maximizan el juego ofensivo, siendo ideal para los que buscan golpes contundentes y precisos.\" \/>\n<meta name=\"robots\" content=\"index, follow, max-snippet:-1, max-image-preview:large, max-video-preview:-1\" \/>\n<link rel=\"canonical\" href=\"https:\/\/revolutionpadelstore.com\/de\/produkt\/adidas-metalbone-hrd-3-4-2025\/\" \/>\n<meta property=\"og:locale\" content=\"de_DE\" \/>\n<meta property=\"og:type\" content=\"article\" \/>\n<meta property=\"og:title\" content=\"ADIDAS METALBONE HRD+ 3.4 2025 - Revolution Padel Store\" \/>\n<meta property=\"og:description\" content=\"La Metalbone HRD+ 3.4, de la colecci\u00f3n 2025 de Adidas, ha sido dise\u00f1ada en colaboraci\u00f3n con Ale Gal\u00e1n y representa el m\u00e1ximo exponente en potencia y rendimiento. Este modelo combina materiales de alta calidad y tecnolog\u00edas innovadoras que maximizan el juego ofensivo, siendo ideal para los que buscan golpes contundentes y precisos.\" \/>\n<meta property=\"og:url\" content=\"https:\/\/revolutionpadelstore.com\/de\/produkt\/adidas-metalbone-hrd-3-4-2025\/\" \/>\n<meta property=\"og:site_name\" content=\"Revolution Padel Store\" \/>\n<meta property=\"article:modified_time\" content=\"2026-04-22T00:00:16+00:00\" \/>\n<meta property=\"og:image\" content=\"https:\/\/revolutionpadelstore.com\/wp-content\/uploads\/2024\/12\/113687-pala-adidas-metalbone-hrd-mas-3-4-ar1aa1u221500x1500-1.webp\" \/>\n\t<meta property=\"og:image:width\" content=\"1500\" \/>\n\t<meta property=\"og:image:height\" content=\"1500\" \/>\n\t<meta property=\"og:image:type\" content=\"image\/webp\" \/>\n<meta name=\"twitter:card\" content=\"summary_large_image\" \/>\n<meta name=\"twitter:label1\" content=\"Gesch\u00e4tzte Lesezeit\" \/>\n\t<meta name=\"twitter:data1\" content=\"1\u00a0Minute\" \/>\n<script type=\"application\/ld+json\" class=\"yoast-schema-graph\">{\"@context\":\"https:\\\/\\\/schema.org\",\"@graph\":[{\"@type\":\"WebPage\",\"@id\":\"https:\\\/\\\/revolutionpadelstore.com\\\/de\\\/produkt\\\/adidas-metalbone-hrd-3-4-2025\\\/\",\"url\":\"https:\\\/\\\/revolutionpadelstore.com\\\/de\\\/produkt\\\/adidas-metalbone-hrd-3-4-2025\\\/\",\"name\":\"ADIDAS METALBONE HRD+ 3.4 2025 - Revolution Padel Store\",\"isPartOf\":{\"@id\":\"https:\\\/\\\/revolutionpadelstore.com\\\/de\\\/#website\"},\"primaryImageOfPage\":{\"@id\":\"https:\\\/\\\/revolutionpadelstore.com\\\/de\\\/produkt\\\/adidas-metalbone-hrd-3-4-2025\\\/#primaryimage\"},\"image\":{\"@id\":\"https:\\\/\\\/revolutionpadelstore.com\\\/de\\\/produkt\\\/adidas-metalbone-hrd-3-4-2025\\\/#primaryimage\"},\"thumbnailUrl\":\"https:\\\/\\\/revolutionpadelstore.com\\\/wp-content\\\/uploads\\\/2024\\\/12\\\/113687-pala-adidas-metalbone-hrd-mas-3-4-ar1aa1u221500x1500-1.webp\",\"datePublished\":\"2024-12-03T22:47:59+00:00\",\"dateModified\":\"2026-04-22T00:00:16+00:00\",\"description\":\"La Metalbone HRD+ 3.4, de la colecci\u00f3n 2025 de Adidas, ha sido dise\u00f1ada en colaboraci\u00f3n con Ale Gal\u00e1n y representa el m\u00e1ximo exponente en potencia y rendimiento. Este modelo combina materiales de alta calidad y tecnolog\u00edas innovadoras que maximizan el juego ofensivo, siendo ideal para los que buscan golpes contundentes y precisos.\",\"breadcrumb\":{\"@id\":\"https:\\\/\\\/revolutionpadelstore.com\\\/de\\\/produkt\\\/adidas-metalbone-hrd-3-4-2025\\\/#breadcrumb\"},\"inLanguage\":\"de\",\"potentialAction\":[{\"@type\":\"ReadAction\",\"target\":[\"https:\\\/\\\/revolutionpadelstore.com\\\/de\\\/produkt\\\/adidas-metalbone-hrd-3-4-2025\\\/\"]}]},{\"@type\":\"ImageObject\",\"inLanguage\":\"de\",\"@id\":\"https:\\\/\\\/revolutionpadelstore.com\\\/de\\\/produkt\\\/adidas-metalbone-hrd-3-4-2025\\\/#primaryimage\",\"url\":\"https:\\\/\\\/revolutionpadelstore.com\\\/wp-content\\\/uploads\\\/2024\\\/12\\\/113687-pala-adidas-metalbone-hrd-mas-3-4-ar1aa1u221500x1500-1.webp\",\"contentUrl\":\"https:\\\/\\\/revolutionpadelstore.com\\\/wp-content\\\/uploads\\\/2024\\\/12\\\/113687-pala-adidas-metalbone-hrd-mas-3-4-ar1aa1u221500x1500-1.webp\",\"width\":1500,\"height\":1500},{\"@type\":\"BreadcrumbList\",\"@id\":\"https:\\\/\\\/revolutionpadelstore.com\\\/de\\\/produkt\\\/adidas-metalbone-hrd-3-4-2025\\\/#breadcrumb\",\"itemListElement\":[{\"@type\":\"ListItem\",\"position\":1,\"name\":\"Portada\",\"item\":\"https:\\\/\\\/revolutionpadelstore.com\\\/de\\\/\"},{\"@type\":\"ListItem\",\"position\":2,\"name\":\"Shop\",\"item\":\"https:\\\/\\\/revolutionpadelstore.com\\\/de\\\/tienda\\\/\"},{\"@type\":\"ListItem\",\"position\":3,\"name\":\"ADIDAS METALBONE HRD+ 3.4 2025\"}]},{\"@type\":\"WebSite\",\"@id\":\"https:\\\/\\\/revolutionpadelstore.com\\\/de\\\/#website\",\"url\":\"https:\\\/\\\/revolutionpadelstore.com\\\/de\\\/\",\"name\":\"Revolution Padel Store\",\"description\":\"\",\"publisher\":{\"@id\":\"https:\\\/\\\/revolutionpadelstore.com\\\/de\\\/#organization\"},\"potentialAction\":[{\"@type\":\"SearchAction\",\"target\":{\"@type\":\"EntryPoint\",\"urlTemplate\":\"https:\\\/\\\/revolutionpadelstore.com\\\/de\\\/?s={search_term_string}\"},\"query-input\":{\"@type\":\"PropertyValueSpecification\",\"valueRequired\":true,\"valueName\":\"search_term_string\"}}],\"inLanguage\":\"de\"},{\"@type\":\"Organization\",\"@id\":\"https:\\\/\\\/revolutionpadelstore.com\\\/de\\\/#organization\",\"name\":\"Revolution Padel Store\",\"url\":\"https:\\\/\\\/revolutionpadelstore.com\\\/de\\\/\",\"logo\":{\"@type\":\"ImageObject\",\"inLanguage\":\"de\",\"@id\":\"https:\\\/\\\/revolutionpadelstore.com\\\/de\\\/#\\\/schema\\\/logo\\\/image\\\/\",\"url\":\"https:\\\/\\\/revolutionpadelstore.com\\\/wp-content\\\/uploads\\\/2026\\\/02\\\/revolution-padel-store.jpg\",\"contentUrl\":\"https:\\\/\\\/revolutionpadelstore.com\\\/wp-content\\\/uploads\\\/2026\\\/02\\\/revolution-padel-store.jpg\",\"width\":2000,\"height\":2000,\"caption\":\"Revolution Padel Store\"},\"image\":{\"@id\":\"https:\\\/\\\/revolutionpadelstore.com\\\/de\\\/#\\\/schema\\\/logo\\\/image\\\/\"},\"sameAs\":[\"https:\\\/\\\/www.instagram.com\\\/revolutionpadelstore\\\/\"]}]}<\/script>\n<!-- \/ Yoast SEO plugin. -->","yoast_head_json":{"title":"ADIDAS METALBONE HRD+ 3.4 2025 - Revolution Padel Store","description":"La Metalbone HRD+ 3.4, de la colecci\u00f3n 2025 de Adidas, ha sido dise\u00f1ada en colaboraci\u00f3n con Ale Gal\u00e1n y representa el m\u00e1ximo exponente en potencia y rendimiento. Este modelo combina materiales de alta calidad y tecnolog\u00edas innovadoras que maximizan el juego ofensivo, siendo ideal para los que buscan golpes contundentes y precisos.","robots":{"index":"index","follow":"follow","max-snippet":"max-snippet:-1","max-image-preview":"max-image-preview:large","max-video-preview":"max-video-preview:-1"},"canonical":"https:\/\/revolutionpadelstore.com\/de\/produkt\/adidas-metalbone-hrd-3-4-2025\/","og_locale":"de_DE","og_type":"article","og_title":"ADIDAS METALBONE HRD+ 3.4 2025 - Revolution Padel Store","og_description":"La Metalbone HRD+ 3.4, de la colecci\u00f3n 2025 de Adidas, ha sido dise\u00f1ada en colaboraci\u00f3n con Ale Gal\u00e1n y representa el m\u00e1ximo exponente en potencia y rendimiento. Este modelo combina materiales de alta calidad y tecnolog\u00edas innovadoras que maximizan el juego ofensivo, siendo ideal para los que buscan golpes contundentes y precisos.","og_url":"https:\/\/revolutionpadelstore.com\/de\/produkt\/adidas-metalbone-hrd-3-4-2025\/","og_site_name":"Revolution Padel Store","article_modified_time":"2026-04-22T00:00:16+00:00","og_image":[{"width":1500,"height":1500,"url":"https:\/\/revolutionpadelstore.com\/wp-content\/uploads\/2024\/12\/113687-pala-adidas-metalbone-hrd-mas-3-4-ar1aa1u221500x1500-1.webp","type":"image\/webp"}],"twitter_card":"summary_large_image","twitter_misc":{"Gesch\u00e4tzte Lesezeit":"1\u00a0Minute"},"schema":{"@context":"https:\/\/schema.org","@graph":[{"@type":"WebPage","@id":"https:\/\/revolutionpadelstore.com\/de\/produkt\/adidas-metalbone-hrd-3-4-2025\/","url":"https:\/\/revolutionpadelstore.com\/de\/produkt\/adidas-metalbone-hrd-3-4-2025\/","name":"ADIDAS METALBONE HRD+ 3.4 2025 - Revolution Padel Store","isPartOf":{"@id":"https:\/\/revolutionpadelstore.com\/de\/#website"},"primaryImageOfPage":{"@id":"https:\/\/revolutionpadelstore.com\/de\/produkt\/adidas-metalbone-hrd-3-4-2025\/#primaryimage"},"image":{"@id":"https:\/\/revolutionpadelstore.com\/de\/produkt\/adidas-metalbone-hrd-3-4-2025\/#primaryimage"},"thumbnailUrl":"https:\/\/revolutionpadelstore.com\/wp-content\/uploads\/2024\/12\/113687-pala-adidas-metalbone-hrd-mas-3-4-ar1aa1u221500x1500-1.webp","datePublished":"2024-12-03T22:47:59+00:00","dateModified":"2026-04-22T00:00:16+00:00","description":"La Metalbone HRD+ 3.4, de la colecci\u00f3n 2025 de Adidas, ha sido dise\u00f1ada en colaboraci\u00f3n con Ale Gal\u00e1n y representa el m\u00e1ximo exponente en potencia y rendimiento. Este modelo combina materiales de alta calidad y tecnolog\u00edas innovadoras que maximizan el juego ofensivo, siendo ideal para los que buscan golpes contundentes y precisos.","breadcrumb":{"@id":"https:\/\/revolutionpadelstore.com\/de\/produkt\/adidas-metalbone-hrd-3-4-2025\/#breadcrumb"},"inLanguage":"de","potentialAction":[{"@type":"ReadAction","target":["https:\/\/revolutionpadelstore.com\/de\/produkt\/adidas-metalbone-hrd-3-4-2025\/"]}]},{"@type":"ImageObject","inLanguage":"de","@id":"https:\/\/revolutionpadelstore.com\/de\/produkt\/adidas-metalbone-hrd-3-4-2025\/#primaryimage","url":"https:\/\/revolutionpadelstore.com\/wp-content\/uploads\/2024\/12\/113687-pala-adidas-metalbone-hrd-mas-3-4-ar1aa1u221500x1500-1.webp","contentUrl":"https:\/\/revolutionpadelstore.com\/wp-content\/uploads\/2024\/12\/113687-pala-adidas-metalbone-hrd-mas-3-4-ar1aa1u221500x1500-1.webp","width":1500,"height":1500},{"@type":"BreadcrumbList","@id":"https:\/\/revolutionpadelstore.com\/de\/produkt\/adidas-metalbone-hrd-3-4-2025\/#breadcrumb","itemListElement":[{"@type":"ListItem","position":1,"name":"Portada","item":"https:\/\/revolutionpadelstore.com\/de\/"},{"@type":"ListItem","position":2,"name":"Shop","item":"https:\/\/revolutionpadelstore.com\/de\/tienda\/"},{"@type":"ListItem","position":3,"name":"ADIDAS METALBONE HRD+ 3.4 2025"}]},{"@type":"WebSite","@id":"https:\/\/revolutionpadelstore.com\/de\/#website","url":"https:\/\/revolutionpadelstore.com\/de\/","name":"Revolution Padel Store","description":"","publisher":{"@id":"https:\/\/revolutionpadelstore.com\/de\/#organization"},"potentialAction":[{"@type":"SearchAction","target":{"@type":"EntryPoint","urlTemplate":"https:\/\/revolutionpadelstore.com\/de\/?s={search_term_string}"},"query-input":{"@type":"PropertyValueSpecification","valueRequired":true,"valueName":"search_term_string"}}],"inLanguage":"de"},{"@type":"Organization","@id":"https:\/\/revolutionpadelstore.com\/de\/#organization","name":"Revolution Padel Store","url":"https:\/\/revolutionpadelstore.com\/de\/","logo":{"@type":"ImageObject","inLanguage":"de","@id":"https:\/\/revolutionpadelstore.com\/de\/#\/schema\/logo\/image\/","url":"https:\/\/revolutionpadelstore.com\/wp-content\/uploads\/2026\/02\/revolution-padel-store.jpg","contentUrl":"https:\/\/revolutionpadelstore.com\/wp-content\/uploads\/2026\/02\/revolution-padel-store.jpg","width":2000,"height":2000,"caption":"Revolution Padel Store"},"image":{"@id":"https:\/\/revolutionpadelstore.com\/de\/#\/schema\/logo\/image\/"},"sameAs":["https:\/\/www.instagram.com\/revolutionpadelstore\/"]}]}},"_links":{"self":[{"href":"https:\/\/revolutionpadelstore.com\/de\/wp-json\/wp\/v2\/product\/142521","targetHints":{"allow":["GET"]}}],"collection":[{"href":"https:\/\/revolutionpadelstore.com\/de\/wp-json\/wp\/v2\/product"}],"about":[{"href":"https:\/\/revolutionpadelstore.com\/de\/wp-json\/wp\/v2\/types\/product"}],"replies":[{"embeddable":true,"href":"https:\/\/revolutionpadelstore.com\/de\/wp-json\/wp\/v2\/comments?post=142521"}],"wp:featuredmedia":[{"embeddable":true,"href":"https:\/\/revolutionpadelstore.com\/de\/wp-json\/wp\/v2\/media\/135772"}],"wp:attachment":[{"href":"https:\/\/revolutionpadelstore.com\/de\/wp-json\/wp\/v2\/media?parent=142521"}],"wp:term":[{"taxonomy":"acabado","embeddable":true,"href":"https:\/\/revolutionpadelstore.com\/de\/wp-json\/wp\/v2\/acabado?post=142521"},{"taxonomy":"balance","embeddable":true,"href":"https:\/\/revolutionpadelstore.com\/de\/wp-json\/wp\/v2\/balance?post=142521"},{"taxonomy":"dureza","embeddable":true,"href":"https:\/\/revolutionpadelstore.com\/de\/wp-json\/wp\/v2\/dureza?post=142521"},{"taxonomy":"forma","embeddable":true,"href":"https:\/\/revolutionpadelstore.com\/de\/wp-json\/wp\/v2\/forma?post=142521"},{"taxonomy":"jugador","embeddable":true,"href":"https:\/\/revolutionpadelstore.com\/de\/wp-json\/wp\/v2\/jugador?post=142521"},{"taxonomy":"marca","embeddable":true,"href":"https:\/\/revolutionpadelstore.com\/de\/wp-json\/wp\/v2\/marca?post=142521"},{"taxonomy":"nivel-de-juego","embeddable":true,"href":"https:\/\/revolutionpadelstore.com\/de\/wp-json\/wp\/v2\/nivel-de-juego?post=142521"},{"taxonomy":"superficie","embeddable":true,"href":"https:\/\/revolutionpadelstore.com\/de\/wp-json\/wp\/v2\/superficie?post=142521"},{"taxonomy":"tipo-de-juego","embeddable":true,"href":"https:\/\/revolutionpadelstore.com\/de\/wp-json\/wp\/v2\/tipo-de-juego?post=142521"},{"taxonomy":"product_brand","embeddable":true,"href":"https:\/\/revolutionpadelstore.com\/de\/wp-json\/wp\/v2\/product_brand?post=142521"},{"taxonomy":"product_cat","embeddable":true,"href":"https:\/\/revolutionpadelstore.com\/de\/wp-json\/wp\/v2\/product_cat?post=142521"},{"taxonomy":"product_tag","embeddable":true,"href":"https:\/\/revolutionpadelstore.com\/de\/wp-json\/wp\/v2\/product_tag?post=142521"}],"curies":[{"name":"wp","href":"https:\/\/api.w.org\/{rel}","templated":true}]}}