{"id":142516,"date":"2024-12-04T07:58:46","date_gmt":"2024-12-04T06:58:46","guid":{"rendered":"https:\/\/revolutionpadelstore.com\/adidas-metalbone-ctrl-3-4-2025\/"},"modified":"2026-04-14T02:00:27","modified_gmt":"2026-04-14T00:00:27","slug":"adidas-metalbone-ctrl-3-4-2025","status":"publish","type":"product","link":"https:\/\/revolutionpadelstore.com\/de\/produkt\/adidas-metalbone-ctrl-3-4-2025\/","title":{"rendered":"ADIDAS METALBONE CTRL 3.4 2025"},"content":{"rendered":"<p>Das <strong> adidas Metalbone Strg 3,4 <\/strong> der 2025 -Kollektion wurde mit einer Kombination aus hochwertigen Technologien und hochwertigen Materialien entwickelt, die in jedem Schlag au\u00dfergew\u00f6hnliche Pr\u00e4zision und Kontrolle bieten.<\/p>\n<p>Es hat eine <strong> runde Form und eine niedrige Balance <\/strong>, daher ist es ein Modell, das sich auf defensive St\u00fccke aus dem Endergebnis konzentriert. Es hat ein modulierbares Gewicht, das zwischen 345 und 360 Gramm liegt, zu dem bis zu 11,2 zus\u00e4tzliche Gramm hinzugef\u00fcgt werden k\u00f6nnen.<\/p>\n<h2> Metallbone -Eigenschaften Strg 3.4 <\/H2><\/p>\n<p> <strong> -Redonda Form und niedriges Gleichgewicht <\/strong>: Ideal f\u00fcr defensive St\u00fccke aus dem Strich<\/p>\n<p> <strong> -modulierbar<br \/>\n<P> <strong> iidoric niedriges Poly <\/strong>: Starrheit und Leistung erh\u00f6hen<\/p>\n<p> <strong> -Kotogonale Struktur <\/strong>: Erh\u00f6ht die Pr\u00e4zision durch Reduzierung von Torsion<\/p>\n<p> <strong> -Boor Carbon Cages 16K <\/strong>: Sicherheit und Haltbarkeit<br \/>\n<P> <strong> -CA -Gummi -Leistung EVA <\/strong>: Bietet einen gr\u00f6\u00dferen Komfort und Ballausgang<\/p>\n<p> <strong> verl\u00e4ngerte Macht erweiterte zus\u00e4tzliche Grip <\/strong>: Erh\u00f6hen Sie die Intestie im Schlag.<\/p>\n<p> <strong> -Anlieve Spin Blade Decal <\/strong>: Erm\u00f6glicht, Effekt mit Pr\u00e4zision und Effektivit\u00e4t zu drucken<br \/>\n<P> <strong> -Power -Rille <\/strong>: Verbesserung der strukturellen Steifheit f\u00fcr st\u00e4rkere Schl\u00e4ge.<\/p>\n<p> <strong> -Weight &amp; Balance System Metalbone <\/strong>: Erm\u00f6glicht Ihnen das Gewicht und das Gleichgewicht.<\/p>\n<p> <strong> -Empu\u00f1ura f\u00fcr eine vierte zus\u00e4tzliche Griffleistung <\/strong>: Bietet einen festeren Griff<\/p>\n<h2> ideal f\u00fcr Profis <\/ h2><br \/>\nMetalbone Strg 3.4 eignet sich perfekt f\u00fcr professionelle Spieler, die sich auf die Verteidigung konzentrieren, die Pr\u00e4zision und Kontrolle suchen, ohne die Macht bei Bedarf aufzugeben. Es ist ideal, jedes Spiel mit Kontrolle, Anpassungsf\u00e4higkeit und Leistung zu beherrschen.<\/p>\n<h2> erh\u00e4ltlich im Revolution Padel Store <\/ h2><br \/>\nDenken Sie nicht dar\u00fcber nach und verbessern Sie Ihre defensiven Spiele mit dem <strong> adidas Metalbone Strg 3.4 <\/strong>, einer runden Schaufel f\u00fcr Fachkr\u00e4fte, die die Kontrolle \u00fcber den Putsch erh\u00f6ht und schnelle Anpassungen in kritischen Momenten der Partei erleichtert.<strong>Adidas Metalbone CTRL 3.4<\/strong><\/p>\n","protected":false},"excerpt":{"rendered":"<p>Adidas metallbone ctrl 3.4, rund blatt und niedrig galance f\u00fcr mehr pr\u00e4zision und Kontrolle auf der Strecke. Eva Weiche Leistung und Rugo Carbono reiben 16K.<\/p>\n","protected":false},"featured_media":135712,"comment_status":"open","ping_status":"closed","template":"","meta":{"_acf_changed":false,"_joinchat":[]},"acabado":[1089],"balance":[1144],"dureza":[1154],"forma":[1179],"jugador":[1189,1199],"marca":[1229],"nivel-de-juego":[1334,1344],"superficie":[1359],"tipo-de-juego":[1369],"product_brand":[],"product_cat":[299],"product_tag":[],"class_list":{"0":"post-142516","1":"product","2":"type-product","3":"status-publish","4":"has-post-thumbnail","6":"acabado-3d-entlasten","7":"balance-niedrig","8":"dureza-media-de","9":"forma-rund","10":"jugador-mann","11":"jugador-mehrzweck","12":"marca-adidas-de","13":"superficie-rugosa-de","14":"tipo-de-juego-kontrolle","15":"product_cat-palas-de-padel-de","17":"first","18":"instock","19":"sale","20":"taxable","21":"shipping-taxable","22":"purchasable","23":"product-type-simple"},"acf":[],"yoast_head":"<!-- This site is optimized with the Yoast SEO plugin v27.4 - https:\/\/yoast.com\/product\/yoast-seo-wordpress\/ -->\n<title>ADIDAS METALBONE CTRL 3.4 2025 - Revolution Padel Store<\/title>\n<meta name=\"description\" content=\"La Metalbone CTRL 3.4 es la pala Adidas para hombre perfecta para aquellos jugadores profesionales enfocados en la defensa que buscan a\u00f1adir un extra de precisi\u00f3n y control sin tener que renunciar a una buena potencia cuando sea necesaria. Perfecta para los que quieren dominar cada juego con control, adaptabilidad y potencia.\" \/>\n<meta name=\"robots\" content=\"index, follow, max-snippet:-1, max-image-preview:large, max-video-preview:-1\" \/>\n<link rel=\"canonical\" href=\"https:\/\/revolutionpadelstore.com\/de\/produkt\/adidas-metalbone-ctrl-3-4-2025\/\" \/>\n<meta property=\"og:locale\" content=\"de_DE\" \/>\n<meta property=\"og:type\" content=\"article\" \/>\n<meta property=\"og:title\" content=\"ADIDAS METALBONE CTRL 3.4 2025 - Revolution Padel Store\" \/>\n<meta property=\"og:description\" content=\"La Metalbone CTRL 3.4 es la pala Adidas para hombre perfecta para aquellos jugadores profesionales enfocados en la defensa que buscan a\u00f1adir un extra de precisi\u00f3n y control sin tener que renunciar a una buena potencia cuando sea necesaria. Perfecta para los que quieren dominar cada juego con control, adaptabilidad y potencia.\" \/>\n<meta property=\"og:url\" content=\"https:\/\/revolutionpadelstore.com\/de\/produkt\/adidas-metalbone-ctrl-3-4-2025\/\" \/>\n<meta property=\"og:site_name\" content=\"Revolution Padel Store\" \/>\n<meta property=\"article:modified_time\" content=\"2026-04-14T00:00:27+00:00\" \/>\n<meta property=\"og:image\" content=\"https:\/\/revolutionpadelstore.com\/wp-content\/uploads\/2024\/12\/113686-pala-adidas-metalbone-ctrl-3-4-ar1ca0u361500x1500-1.webp\" \/>\n\t<meta property=\"og:image:width\" content=\"1500\" \/>\n\t<meta property=\"og:image:height\" content=\"1500\" \/>\n\t<meta property=\"og:image:type\" content=\"image\/webp\" \/>\n<meta name=\"twitter:card\" content=\"summary_large_image\" \/>\n<meta name=\"twitter:label1\" content=\"Gesch\u00e4tzte Lesezeit\" \/>\n\t<meta name=\"twitter:data1\" content=\"1\u00a0Minute\" \/>\n<script type=\"application\/ld+json\" class=\"yoast-schema-graph\">{\"@context\":\"https:\\\/\\\/schema.org\",\"@graph\":[{\"@type\":\"WebPage\",\"@id\":\"https:\\\/\\\/revolutionpadelstore.com\\\/de\\\/produkt\\\/adidas-metalbone-ctrl-3-4-2025\\\/\",\"url\":\"https:\\\/\\\/revolutionpadelstore.com\\\/de\\\/produkt\\\/adidas-metalbone-ctrl-3-4-2025\\\/\",\"name\":\"ADIDAS METALBONE CTRL 3.4 2025 - Revolution Padel Store\",\"isPartOf\":{\"@id\":\"https:\\\/\\\/revolutionpadelstore.com\\\/de\\\/#website\"},\"primaryImageOfPage\":{\"@id\":\"https:\\\/\\\/revolutionpadelstore.com\\\/de\\\/produkt\\\/adidas-metalbone-ctrl-3-4-2025\\\/#primaryimage\"},\"image\":{\"@id\":\"https:\\\/\\\/revolutionpadelstore.com\\\/de\\\/produkt\\\/adidas-metalbone-ctrl-3-4-2025\\\/#primaryimage\"},\"thumbnailUrl\":\"https:\\\/\\\/revolutionpadelstore.com\\\/wp-content\\\/uploads\\\/2024\\\/12\\\/113686-pala-adidas-metalbone-ctrl-3-4-ar1ca0u361500x1500-1.webp\",\"datePublished\":\"2024-12-04T06:58:46+00:00\",\"dateModified\":\"2026-04-14T00:00:27+00:00\",\"description\":\"La Metalbone CTRL 3.4 es la pala Adidas para hombre perfecta para aquellos jugadores profesionales enfocados en la defensa que buscan a\u00f1adir un extra de precisi\u00f3n y control sin tener que renunciar a una buena potencia cuando sea necesaria. Perfecta para los que quieren dominar cada juego con control, adaptabilidad y potencia.\",\"breadcrumb\":{\"@id\":\"https:\\\/\\\/revolutionpadelstore.com\\\/de\\\/produkt\\\/adidas-metalbone-ctrl-3-4-2025\\\/#breadcrumb\"},\"inLanguage\":\"de\",\"potentialAction\":[{\"@type\":\"ReadAction\",\"target\":[\"https:\\\/\\\/revolutionpadelstore.com\\\/de\\\/produkt\\\/adidas-metalbone-ctrl-3-4-2025\\\/\"]}]},{\"@type\":\"ImageObject\",\"inLanguage\":\"de\",\"@id\":\"https:\\\/\\\/revolutionpadelstore.com\\\/de\\\/produkt\\\/adidas-metalbone-ctrl-3-4-2025\\\/#primaryimage\",\"url\":\"https:\\\/\\\/revolutionpadelstore.com\\\/wp-content\\\/uploads\\\/2024\\\/12\\\/113686-pala-adidas-metalbone-ctrl-3-4-ar1ca0u361500x1500-1.webp\",\"contentUrl\":\"https:\\\/\\\/revolutionpadelstore.com\\\/wp-content\\\/uploads\\\/2024\\\/12\\\/113686-pala-adidas-metalbone-ctrl-3-4-ar1ca0u361500x1500-1.webp\",\"width\":1500,\"height\":1500},{\"@type\":\"BreadcrumbList\",\"@id\":\"https:\\\/\\\/revolutionpadelstore.com\\\/de\\\/produkt\\\/adidas-metalbone-ctrl-3-4-2025\\\/#breadcrumb\",\"itemListElement\":[{\"@type\":\"ListItem\",\"position\":1,\"name\":\"Portada\",\"item\":\"https:\\\/\\\/revolutionpadelstore.com\\\/de\\\/\"},{\"@type\":\"ListItem\",\"position\":2,\"name\":\"Shop\",\"item\":\"https:\\\/\\\/revolutionpadelstore.com\\\/de\\\/tienda\\\/\"},{\"@type\":\"ListItem\",\"position\":3,\"name\":\"ADIDAS METALBONE CTRL 3.4 2025\"}]},{\"@type\":\"WebSite\",\"@id\":\"https:\\\/\\\/revolutionpadelstore.com\\\/de\\\/#website\",\"url\":\"https:\\\/\\\/revolutionpadelstore.com\\\/de\\\/\",\"name\":\"Revolution Padel Store\",\"description\":\"\",\"publisher\":{\"@id\":\"https:\\\/\\\/revolutionpadelstore.com\\\/de\\\/#organization\"},\"potentialAction\":[{\"@type\":\"SearchAction\",\"target\":{\"@type\":\"EntryPoint\",\"urlTemplate\":\"https:\\\/\\\/revolutionpadelstore.com\\\/de\\\/?s={search_term_string}\"},\"query-input\":{\"@type\":\"PropertyValueSpecification\",\"valueRequired\":true,\"valueName\":\"search_term_string\"}}],\"inLanguage\":\"de\"},{\"@type\":\"Organization\",\"@id\":\"https:\\\/\\\/revolutionpadelstore.com\\\/de\\\/#organization\",\"name\":\"Revolution Padel Store\",\"url\":\"https:\\\/\\\/revolutionpadelstore.com\\\/de\\\/\",\"logo\":{\"@type\":\"ImageObject\",\"inLanguage\":\"de\",\"@id\":\"https:\\\/\\\/revolutionpadelstore.com\\\/de\\\/#\\\/schema\\\/logo\\\/image\\\/\",\"url\":\"https:\\\/\\\/revolutionpadelstore.com\\\/wp-content\\\/uploads\\\/2026\\\/02\\\/revolution-padel-store.jpg\",\"contentUrl\":\"https:\\\/\\\/revolutionpadelstore.com\\\/wp-content\\\/uploads\\\/2026\\\/02\\\/revolution-padel-store.jpg\",\"width\":2000,\"height\":2000,\"caption\":\"Revolution Padel Store\"},\"image\":{\"@id\":\"https:\\\/\\\/revolutionpadelstore.com\\\/de\\\/#\\\/schema\\\/logo\\\/image\\\/\"},\"sameAs\":[\"https:\\\/\\\/www.instagram.com\\\/revolutionpadelstore\\\/\"]}]}<\/script>\n<!-- \/ Yoast SEO plugin. -->","yoast_head_json":{"title":"ADIDAS METALBONE CTRL 3.4 2025 - Revolution Padel Store","description":"La Metalbone CTRL 3.4 es la pala Adidas para hombre perfecta para aquellos jugadores profesionales enfocados en la defensa que buscan a\u00f1adir un extra de precisi\u00f3n y control sin tener que renunciar a una buena potencia cuando sea necesaria. Perfecta para los que quieren dominar cada juego con control, adaptabilidad y potencia.","robots":{"index":"index","follow":"follow","max-snippet":"max-snippet:-1","max-image-preview":"max-image-preview:large","max-video-preview":"max-video-preview:-1"},"canonical":"https:\/\/revolutionpadelstore.com\/de\/produkt\/adidas-metalbone-ctrl-3-4-2025\/","og_locale":"de_DE","og_type":"article","og_title":"ADIDAS METALBONE CTRL 3.4 2025 - Revolution Padel Store","og_description":"La Metalbone CTRL 3.4 es la pala Adidas para hombre perfecta para aquellos jugadores profesionales enfocados en la defensa que buscan a\u00f1adir un extra de precisi\u00f3n y control sin tener que renunciar a una buena potencia cuando sea necesaria. Perfecta para los que quieren dominar cada juego con control, adaptabilidad y potencia.","og_url":"https:\/\/revolutionpadelstore.com\/de\/produkt\/adidas-metalbone-ctrl-3-4-2025\/","og_site_name":"Revolution Padel Store","article_modified_time":"2026-04-14T00:00:27+00:00","og_image":[{"width":1500,"height":1500,"url":"https:\/\/revolutionpadelstore.com\/wp-content\/uploads\/2024\/12\/113686-pala-adidas-metalbone-ctrl-3-4-ar1ca0u361500x1500-1.webp","type":"image\/webp"}],"twitter_card":"summary_large_image","twitter_misc":{"Gesch\u00e4tzte Lesezeit":"1\u00a0Minute"},"schema":{"@context":"https:\/\/schema.org","@graph":[{"@type":"WebPage","@id":"https:\/\/revolutionpadelstore.com\/de\/produkt\/adidas-metalbone-ctrl-3-4-2025\/","url":"https:\/\/revolutionpadelstore.com\/de\/produkt\/adidas-metalbone-ctrl-3-4-2025\/","name":"ADIDAS METALBONE CTRL 3.4 2025 - Revolution Padel Store","isPartOf":{"@id":"https:\/\/revolutionpadelstore.com\/de\/#website"},"primaryImageOfPage":{"@id":"https:\/\/revolutionpadelstore.com\/de\/produkt\/adidas-metalbone-ctrl-3-4-2025\/#primaryimage"},"image":{"@id":"https:\/\/revolutionpadelstore.com\/de\/produkt\/adidas-metalbone-ctrl-3-4-2025\/#primaryimage"},"thumbnailUrl":"https:\/\/revolutionpadelstore.com\/wp-content\/uploads\/2024\/12\/113686-pala-adidas-metalbone-ctrl-3-4-ar1ca0u361500x1500-1.webp","datePublished":"2024-12-04T06:58:46+00:00","dateModified":"2026-04-14T00:00:27+00:00","description":"La Metalbone CTRL 3.4 es la pala Adidas para hombre perfecta para aquellos jugadores profesionales enfocados en la defensa que buscan a\u00f1adir un extra de precisi\u00f3n y control sin tener que renunciar a una buena potencia cuando sea necesaria. Perfecta para los que quieren dominar cada juego con control, adaptabilidad y potencia.","breadcrumb":{"@id":"https:\/\/revolutionpadelstore.com\/de\/produkt\/adidas-metalbone-ctrl-3-4-2025\/#breadcrumb"},"inLanguage":"de","potentialAction":[{"@type":"ReadAction","target":["https:\/\/revolutionpadelstore.com\/de\/produkt\/adidas-metalbone-ctrl-3-4-2025\/"]}]},{"@type":"ImageObject","inLanguage":"de","@id":"https:\/\/revolutionpadelstore.com\/de\/produkt\/adidas-metalbone-ctrl-3-4-2025\/#primaryimage","url":"https:\/\/revolutionpadelstore.com\/wp-content\/uploads\/2024\/12\/113686-pala-adidas-metalbone-ctrl-3-4-ar1ca0u361500x1500-1.webp","contentUrl":"https:\/\/revolutionpadelstore.com\/wp-content\/uploads\/2024\/12\/113686-pala-adidas-metalbone-ctrl-3-4-ar1ca0u361500x1500-1.webp","width":1500,"height":1500},{"@type":"BreadcrumbList","@id":"https:\/\/revolutionpadelstore.com\/de\/produkt\/adidas-metalbone-ctrl-3-4-2025\/#breadcrumb","itemListElement":[{"@type":"ListItem","position":1,"name":"Portada","item":"https:\/\/revolutionpadelstore.com\/de\/"},{"@type":"ListItem","position":2,"name":"Shop","item":"https:\/\/revolutionpadelstore.com\/de\/tienda\/"},{"@type":"ListItem","position":3,"name":"ADIDAS METALBONE CTRL 3.4 2025"}]},{"@type":"WebSite","@id":"https:\/\/revolutionpadelstore.com\/de\/#website","url":"https:\/\/revolutionpadelstore.com\/de\/","name":"Revolution Padel Store","description":"","publisher":{"@id":"https:\/\/revolutionpadelstore.com\/de\/#organization"},"potentialAction":[{"@type":"SearchAction","target":{"@type":"EntryPoint","urlTemplate":"https:\/\/revolutionpadelstore.com\/de\/?s={search_term_string}"},"query-input":{"@type":"PropertyValueSpecification","valueRequired":true,"valueName":"search_term_string"}}],"inLanguage":"de"},{"@type":"Organization","@id":"https:\/\/revolutionpadelstore.com\/de\/#organization","name":"Revolution Padel Store","url":"https:\/\/revolutionpadelstore.com\/de\/","logo":{"@type":"ImageObject","inLanguage":"de","@id":"https:\/\/revolutionpadelstore.com\/de\/#\/schema\/logo\/image\/","url":"https:\/\/revolutionpadelstore.com\/wp-content\/uploads\/2026\/02\/revolution-padel-store.jpg","contentUrl":"https:\/\/revolutionpadelstore.com\/wp-content\/uploads\/2026\/02\/revolution-padel-store.jpg","width":2000,"height":2000,"caption":"Revolution Padel Store"},"image":{"@id":"https:\/\/revolutionpadelstore.com\/de\/#\/schema\/logo\/image\/"},"sameAs":["https:\/\/www.instagram.com\/revolutionpadelstore\/"]}]}},"_links":{"self":[{"href":"https:\/\/revolutionpadelstore.com\/de\/wp-json\/wp\/v2\/product\/142516","targetHints":{"allow":["GET"]}}],"collection":[{"href":"https:\/\/revolutionpadelstore.com\/de\/wp-json\/wp\/v2\/product"}],"about":[{"href":"https:\/\/revolutionpadelstore.com\/de\/wp-json\/wp\/v2\/types\/product"}],"replies":[{"embeddable":true,"href":"https:\/\/revolutionpadelstore.com\/de\/wp-json\/wp\/v2\/comments?post=142516"}],"wp:featuredmedia":[{"embeddable":true,"href":"https:\/\/revolutionpadelstore.com\/de\/wp-json\/wp\/v2\/media\/135712"}],"wp:attachment":[{"href":"https:\/\/revolutionpadelstore.com\/de\/wp-json\/wp\/v2\/media?parent=142516"}],"wp:term":[{"taxonomy":"acabado","embeddable":true,"href":"https:\/\/revolutionpadelstore.com\/de\/wp-json\/wp\/v2\/acabado?post=142516"},{"taxonomy":"balance","embeddable":true,"href":"https:\/\/revolutionpadelstore.com\/de\/wp-json\/wp\/v2\/balance?post=142516"},{"taxonomy":"dureza","embeddable":true,"href":"https:\/\/revolutionpadelstore.com\/de\/wp-json\/wp\/v2\/dureza?post=142516"},{"taxonomy":"forma","embeddable":true,"href":"https:\/\/revolutionpadelstore.com\/de\/wp-json\/wp\/v2\/forma?post=142516"},{"taxonomy":"jugador","embeddable":true,"href":"https:\/\/revolutionpadelstore.com\/de\/wp-json\/wp\/v2\/jugador?post=142516"},{"taxonomy":"marca","embeddable":true,"href":"https:\/\/revolutionpadelstore.com\/de\/wp-json\/wp\/v2\/marca?post=142516"},{"taxonomy":"nivel-de-juego","embeddable":true,"href":"https:\/\/revolutionpadelstore.com\/de\/wp-json\/wp\/v2\/nivel-de-juego?post=142516"},{"taxonomy":"superficie","embeddable":true,"href":"https:\/\/revolutionpadelstore.com\/de\/wp-json\/wp\/v2\/superficie?post=142516"},{"taxonomy":"tipo-de-juego","embeddable":true,"href":"https:\/\/revolutionpadelstore.com\/de\/wp-json\/wp\/v2\/tipo-de-juego?post=142516"},{"taxonomy":"product_brand","embeddable":true,"href":"https:\/\/revolutionpadelstore.com\/de\/wp-json\/wp\/v2\/product_brand?post=142516"},{"taxonomy":"product_cat","embeddable":true,"href":"https:\/\/revolutionpadelstore.com\/de\/wp-json\/wp\/v2\/product_cat?post=142516"},{"taxonomy":"product_tag","embeddable":true,"href":"https:\/\/revolutionpadelstore.com\/de\/wp-json\/wp\/v2\/product_tag?post=142516"}],"curies":[{"name":"wp","href":"https:\/\/api.w.org\/{rel}","templated":true}]}}