{"id":142511,"date":"2024-12-04T08:10:03","date_gmt":"2024-12-04T07:10:03","guid":{"rendered":"https:\/\/revolutionpadelstore.com\/adidas-adipower-multiweight-ctrl-3-4-2025\/"},"modified":"2026-04-08T09:48:29","modified_gmt":"2026-04-08T07:48:29","slug":"adidas-adipower-multiweight-ctrl-3-4-2025","status":"publish","type":"product","link":"https:\/\/revolutionpadelstore.com\/de\/produkt\/adidas-adipower-multiweight-ctrl-3-4-2025\/","title":{"rendered":"ADIDAS ADIPOWER MULTIWEIGHT CTRL 3.4 2025"},"content":{"rendered":"<h2> Adidas Adipower Multiweight Strg 3.4 2025, Rundformatschaufel <\/ H2><br \/>\nDie <strong> adidas Adipower Multiweight Strg 3.4 2025 <\/strong> ist die Schaufel, die vom professionellen <strong> \u00c1lex Ruiz <\/strong> ausgew\u00e4hlt wurde und mit fortschrittlichen Technologien ausgelegt wurde, um eine au\u00dfergew\u00f6hnliche Leistung und Personalisierung anzubieten. Dank des <strong> Gewichts- und Balance -Systemsystems <\/strong> k\u00f6nnen Sie das Gewicht und das Gleichgewicht der Schaufel an die Bed\u00fcrfnisse jedes Spiels anpassen. Die 18 -km -Kohlenstoffzusammensetzung und sein ausgewogenes Design machen es zu einem idealen Werkzeug f\u00fcr diejenigen, die in jedem Schlag Pr\u00e4zision, Kraft und Kontrolle suchen.<\/p>\n<h2> ideal f\u00fcr Hochleistungsspieler <\/ H2><br \/>\nDiese Schaufel ist f\u00fcr Spieler mit hoher Ebene ausgelegt, die eine maximale Leistung anstreben. Das runde Format und die technischen Eigenschaften machen es sowohl f\u00fcr defensive Schl\u00e4ge als auch f\u00fcr Angriffssituationen perfekt. Es ist ideal f\u00fcr diejenigen, die ihr Team entsprechend den Anforderungen des Spiels anpassen m\u00fcssen und besonders f\u00fcr Fachleute geeignet sind, die an jedem Punkt das Beste fordern.<\/p>\n<h2> Eigenschaften und Technologien des Adipower -Multi -Gewicht -Strg 3.4 2025 <\/ H2><\/p>\n<p> <strong> -RED -Format <\/strong>: Bietet eine gr\u00f6\u00dfere Kontrolle und Man\u00f6vrierf\u00e4higkeit<\/p>\n<p> <strong> -Peso <\/strong>: 360-375 g (+9,1 g einstellbar)<br \/>\n<P> <strong> -Weight &amp; Balance -System <\/strong>: Erm\u00f6glicht Ihnen das Gewicht und das Gleichgewicht, um die Schaufel an jeden Spielstil anzupassen.<\/p>\n<p> <strong> -Carbon 18K <\/strong>: Bietet hervorragende Starrheit, Leistung und Haltbarkeit<\/p>\n<p> <strong> -Dales Exoskelett <\/strong>: Strukturverst\u00e4rkung f\u00fcr eine gr\u00f6\u00dfere Torsionsstabilit\u00e4t<\/p>\n<p> <strong> -Power Ambossics Ridge <\/strong>: Kohlenstoffnerv, der die Starrheit des Rahmens erh\u00f6ht<\/p>\n<p> <strong> -Spin -Klingen -Aufkleber <\/strong>: Erleichterung, die einen gr\u00f6\u00dferen Effekt auf die Schl\u00e4ge erm\u00f6glicht<br \/>\n<P> <strong> -Hight Memory Eva <\/strong>: Kern mit hoher Dichte, die die Leistung in schnellen Schl\u00e4gen erh\u00f6ht.<\/p>\n<h2> erh\u00e4ltlich im Revolution Padel Store <\/ h2><br \/>\nDie <strong> Adipower Multiweight Strg 3.4 2025 <\/strong> kombiniert Anpassung, Kontrolle und Leistung in einem ausgekl\u00fcgelten Design. Wenn Sie als <strong> \u00c1lex Ruiz <\/strong> hervorheben m\u00f6chten, ist diese Schaufel Ihr bester Verb\u00fcndeter auf der Strecke.<\/p>\n<h2>Adidas Adipower Multiweight Ctrl 3.4 2025, pala de formato redondo<\/h2>\n","protected":false},"excerpt":{"rendered":"<p>Adidas Adipower Multiweight Strg 3.4 2025 bietet Anpassungen, Kontrolle und Leistung f\u00fcr fortgeschrittene Spieler. Inspiriert von \u00c1lex Ruiz kombiniert es f\u00fchrende Technologien und ein vielseitiges Design.<\/p>\n","protected":false},"featured_media":135508,"comment_status":"open","ping_status":"closed","template":"","meta":{"_acf_changed":false,"_joinchat":[]},"acabado":[1104],"balance":[1144],"dureza":[1159],"forma":[1179],"jugador":[1189,1199],"marca":[1229],"nivel-de-juego":[1334,1344],"superficie":[1359],"tipo-de-juego":[1369],"product_brand":[],"product_cat":[299],"product_tag":[],"class_list":{"0":"post-142511","1":"product","2":"type-product","3":"status-publish","4":"has-post-thumbnail","6":"acabado-rau","7":"balance-niedrig","8":"dureza-dura-de","9":"forma-rund","10":"jugador-mann","11":"jugador-mehrzweck","12":"marca-adidas-de","13":"superficie-rugosa-de","14":"tipo-de-juego-kontrolle","15":"product_cat-palas-de-padel-de","17":"first","18":"instock","19":"sale","20":"taxable","21":"shipping-taxable","22":"purchasable","23":"product-type-simple"},"acf":[],"yoast_head":"<!-- This site is optimized with the Yoast SEO plugin v27.4 - https:\/\/yoast.com\/product\/yoast-seo-wordpress\/ -->\n<title>ADIDAS ADIPOWER MULTIWEIGHT CTRL 3.4 2025 - Revolution Padel Store<\/title>\n<meta name=\"description\" content=\"La Adidas Adipower Multiweight Ctrl 3.4 2025 es la pala elegida por el jugador profesional \u00c1lex Ruiz, dise\u00f1ada con tecnolog\u00edas avanzadas para ofrecer un rendimiento y personalizaci\u00f3n excepcionales. Gracias al sistema Weight &amp; Balance System, puedes ajustar el peso y balance de la pala para adaptarla a las necesidades de cada partido. Su composici\u00f3n en carbono 18K y dise\u00f1o equilibrado la convierten en una herramienta ideal para quienes buscan precisi\u00f3n, potencia y control en cada golpe.\" \/>\n<meta name=\"robots\" content=\"index, follow, max-snippet:-1, max-image-preview:large, max-video-preview:-1\" \/>\n<link rel=\"canonical\" href=\"https:\/\/revolutionpadelstore.com\/de\/produkt\/adidas-adipower-multiweight-ctrl-3-4-2025\/\" \/>\n<meta property=\"og:locale\" content=\"de_DE\" \/>\n<meta property=\"og:type\" content=\"article\" \/>\n<meta property=\"og:title\" content=\"ADIDAS ADIPOWER MULTIWEIGHT CTRL 3.4 2025 - Revolution Padel Store\" \/>\n<meta property=\"og:description\" content=\"La Adidas Adipower Multiweight Ctrl 3.4 2025 es la pala elegida por el jugador profesional \u00c1lex Ruiz, dise\u00f1ada con tecnolog\u00edas avanzadas para ofrecer un rendimiento y personalizaci\u00f3n excepcionales. Gracias al sistema Weight &amp; Balance System, puedes ajustar el peso y balance de la pala para adaptarla a las necesidades de cada partido. Su composici\u00f3n en carbono 18K y dise\u00f1o equilibrado la convierten en una herramienta ideal para quienes buscan precisi\u00f3n, potencia y control en cada golpe.\" \/>\n<meta property=\"og:url\" content=\"https:\/\/revolutionpadelstore.com\/de\/produkt\/adidas-adipower-multiweight-ctrl-3-4-2025\/\" \/>\n<meta property=\"og:site_name\" content=\"Revolution Padel Store\" \/>\n<meta property=\"article:modified_time\" content=\"2026-04-08T07:48:29+00:00\" \/>\n<meta property=\"og:image\" content=\"https:\/\/revolutionpadelstore.com\/wp-content\/uploads\/2024\/12\/113676-pala-adidas-adipower-multiweight-ctrl-3-4-ar1ca2u311500x1500-1.webp\" \/>\n\t<meta property=\"og:image:width\" content=\"1500\" \/>\n\t<meta property=\"og:image:height\" content=\"1500\" \/>\n\t<meta property=\"og:image:type\" content=\"image\/webp\" \/>\n<meta name=\"twitter:card\" content=\"summary_large_image\" \/>\n<meta name=\"twitter:label1\" content=\"Gesch\u00e4tzte Lesezeit\" \/>\n\t<meta name=\"twitter:data1\" content=\"2\u00a0Minuten\" \/>\n<script type=\"application\/ld+json\" class=\"yoast-schema-graph\">{\"@context\":\"https:\\\/\\\/schema.org\",\"@graph\":[{\"@type\":\"WebPage\",\"@id\":\"https:\\\/\\\/revolutionpadelstore.com\\\/de\\\/produkt\\\/adidas-adipower-multiweight-ctrl-3-4-2025\\\/\",\"url\":\"https:\\\/\\\/revolutionpadelstore.com\\\/de\\\/produkt\\\/adidas-adipower-multiweight-ctrl-3-4-2025\\\/\",\"name\":\"ADIDAS ADIPOWER MULTIWEIGHT CTRL 3.4 2025 - Revolution Padel Store\",\"isPartOf\":{\"@id\":\"https:\\\/\\\/revolutionpadelstore.com\\\/de\\\/#website\"},\"primaryImageOfPage\":{\"@id\":\"https:\\\/\\\/revolutionpadelstore.com\\\/de\\\/produkt\\\/adidas-adipower-multiweight-ctrl-3-4-2025\\\/#primaryimage\"},\"image\":{\"@id\":\"https:\\\/\\\/revolutionpadelstore.com\\\/de\\\/produkt\\\/adidas-adipower-multiweight-ctrl-3-4-2025\\\/#primaryimage\"},\"thumbnailUrl\":\"https:\\\/\\\/revolutionpadelstore.com\\\/wp-content\\\/uploads\\\/2024\\\/12\\\/113676-pala-adidas-adipower-multiweight-ctrl-3-4-ar1ca2u311500x1500-1.webp\",\"datePublished\":\"2024-12-04T07:10:03+00:00\",\"dateModified\":\"2026-04-08T07:48:29+00:00\",\"description\":\"La Adidas Adipower Multiweight Ctrl 3.4 2025 es la pala elegida por el jugador profesional \u00c1lex Ruiz, dise\u00f1ada con tecnolog\u00edas avanzadas para ofrecer un rendimiento y personalizaci\u00f3n excepcionales. Gracias al sistema Weight & Balance System, puedes ajustar el peso y balance de la pala para adaptarla a las necesidades de cada partido. Su composici\u00f3n en carbono 18K y dise\u00f1o equilibrado la convierten en una herramienta ideal para quienes buscan precisi\u00f3n, potencia y control en cada golpe.\",\"breadcrumb\":{\"@id\":\"https:\\\/\\\/revolutionpadelstore.com\\\/de\\\/produkt\\\/adidas-adipower-multiweight-ctrl-3-4-2025\\\/#breadcrumb\"},\"inLanguage\":\"de\",\"potentialAction\":[{\"@type\":\"ReadAction\",\"target\":[\"https:\\\/\\\/revolutionpadelstore.com\\\/de\\\/produkt\\\/adidas-adipower-multiweight-ctrl-3-4-2025\\\/\"]}]},{\"@type\":\"ImageObject\",\"inLanguage\":\"de\",\"@id\":\"https:\\\/\\\/revolutionpadelstore.com\\\/de\\\/produkt\\\/adidas-adipower-multiweight-ctrl-3-4-2025\\\/#primaryimage\",\"url\":\"https:\\\/\\\/revolutionpadelstore.com\\\/wp-content\\\/uploads\\\/2024\\\/12\\\/113676-pala-adidas-adipower-multiweight-ctrl-3-4-ar1ca2u311500x1500-1.webp\",\"contentUrl\":\"https:\\\/\\\/revolutionpadelstore.com\\\/wp-content\\\/uploads\\\/2024\\\/12\\\/113676-pala-adidas-adipower-multiweight-ctrl-3-4-ar1ca2u311500x1500-1.webp\",\"width\":1500,\"height\":1500},{\"@type\":\"BreadcrumbList\",\"@id\":\"https:\\\/\\\/revolutionpadelstore.com\\\/de\\\/produkt\\\/adidas-adipower-multiweight-ctrl-3-4-2025\\\/#breadcrumb\",\"itemListElement\":[{\"@type\":\"ListItem\",\"position\":1,\"name\":\"Portada\",\"item\":\"https:\\\/\\\/revolutionpadelstore.com\\\/de\\\/\"},{\"@type\":\"ListItem\",\"position\":2,\"name\":\"Shop\",\"item\":\"https:\\\/\\\/revolutionpadelstore.com\\\/de\\\/tienda\\\/\"},{\"@type\":\"ListItem\",\"position\":3,\"name\":\"ADIDAS ADIPOWER MULTIWEIGHT CTRL 3.4 2025\"}]},{\"@type\":\"WebSite\",\"@id\":\"https:\\\/\\\/revolutionpadelstore.com\\\/de\\\/#website\",\"url\":\"https:\\\/\\\/revolutionpadelstore.com\\\/de\\\/\",\"name\":\"Revolution Padel Store\",\"description\":\"\",\"publisher\":{\"@id\":\"https:\\\/\\\/revolutionpadelstore.com\\\/de\\\/#organization\"},\"potentialAction\":[{\"@type\":\"SearchAction\",\"target\":{\"@type\":\"EntryPoint\",\"urlTemplate\":\"https:\\\/\\\/revolutionpadelstore.com\\\/de\\\/?s={search_term_string}\"},\"query-input\":{\"@type\":\"PropertyValueSpecification\",\"valueRequired\":true,\"valueName\":\"search_term_string\"}}],\"inLanguage\":\"de\"},{\"@type\":\"Organization\",\"@id\":\"https:\\\/\\\/revolutionpadelstore.com\\\/de\\\/#organization\",\"name\":\"Revolution Padel Store\",\"url\":\"https:\\\/\\\/revolutionpadelstore.com\\\/de\\\/\",\"logo\":{\"@type\":\"ImageObject\",\"inLanguage\":\"de\",\"@id\":\"https:\\\/\\\/revolutionpadelstore.com\\\/de\\\/#\\\/schema\\\/logo\\\/image\\\/\",\"url\":\"https:\\\/\\\/revolutionpadelstore.com\\\/wp-content\\\/uploads\\\/2026\\\/02\\\/revolution-padel-store.jpg\",\"contentUrl\":\"https:\\\/\\\/revolutionpadelstore.com\\\/wp-content\\\/uploads\\\/2026\\\/02\\\/revolution-padel-store.jpg\",\"width\":2000,\"height\":2000,\"caption\":\"Revolution Padel Store\"},\"image\":{\"@id\":\"https:\\\/\\\/revolutionpadelstore.com\\\/de\\\/#\\\/schema\\\/logo\\\/image\\\/\"},\"sameAs\":[\"https:\\\/\\\/www.instagram.com\\\/revolutionpadelstore\\\/\"]}]}<\/script>\n<!-- \/ Yoast SEO plugin. -->","yoast_head_json":{"title":"ADIDAS ADIPOWER MULTIWEIGHT CTRL 3.4 2025 - Revolution Padel Store","description":"La Adidas Adipower Multiweight Ctrl 3.4 2025 es la pala elegida por el jugador profesional \u00c1lex Ruiz, dise\u00f1ada con tecnolog\u00edas avanzadas para ofrecer un rendimiento y personalizaci\u00f3n excepcionales. Gracias al sistema Weight & Balance System, puedes ajustar el peso y balance de la pala para adaptarla a las necesidades de cada partido. Su composici\u00f3n en carbono 18K y dise\u00f1o equilibrado la convierten en una herramienta ideal para quienes buscan precisi\u00f3n, potencia y control en cada golpe.","robots":{"index":"index","follow":"follow","max-snippet":"max-snippet:-1","max-image-preview":"max-image-preview:large","max-video-preview":"max-video-preview:-1"},"canonical":"https:\/\/revolutionpadelstore.com\/de\/produkt\/adidas-adipower-multiweight-ctrl-3-4-2025\/","og_locale":"de_DE","og_type":"article","og_title":"ADIDAS ADIPOWER MULTIWEIGHT CTRL 3.4 2025 - Revolution Padel Store","og_description":"La Adidas Adipower Multiweight Ctrl 3.4 2025 es la pala elegida por el jugador profesional \u00c1lex Ruiz, dise\u00f1ada con tecnolog\u00edas avanzadas para ofrecer un rendimiento y personalizaci\u00f3n excepcionales. Gracias al sistema Weight & Balance System, puedes ajustar el peso y balance de la pala para adaptarla a las necesidades de cada partido. Su composici\u00f3n en carbono 18K y dise\u00f1o equilibrado la convierten en una herramienta ideal para quienes buscan precisi\u00f3n, potencia y control en cada golpe.","og_url":"https:\/\/revolutionpadelstore.com\/de\/produkt\/adidas-adipower-multiweight-ctrl-3-4-2025\/","og_site_name":"Revolution Padel Store","article_modified_time":"2026-04-08T07:48:29+00:00","og_image":[{"width":1500,"height":1500,"url":"https:\/\/revolutionpadelstore.com\/wp-content\/uploads\/2024\/12\/113676-pala-adidas-adipower-multiweight-ctrl-3-4-ar1ca2u311500x1500-1.webp","type":"image\/webp"}],"twitter_card":"summary_large_image","twitter_misc":{"Gesch\u00e4tzte Lesezeit":"2\u00a0Minuten"},"schema":{"@context":"https:\/\/schema.org","@graph":[{"@type":"WebPage","@id":"https:\/\/revolutionpadelstore.com\/de\/produkt\/adidas-adipower-multiweight-ctrl-3-4-2025\/","url":"https:\/\/revolutionpadelstore.com\/de\/produkt\/adidas-adipower-multiweight-ctrl-3-4-2025\/","name":"ADIDAS ADIPOWER MULTIWEIGHT CTRL 3.4 2025 - Revolution Padel Store","isPartOf":{"@id":"https:\/\/revolutionpadelstore.com\/de\/#website"},"primaryImageOfPage":{"@id":"https:\/\/revolutionpadelstore.com\/de\/produkt\/adidas-adipower-multiweight-ctrl-3-4-2025\/#primaryimage"},"image":{"@id":"https:\/\/revolutionpadelstore.com\/de\/produkt\/adidas-adipower-multiweight-ctrl-3-4-2025\/#primaryimage"},"thumbnailUrl":"https:\/\/revolutionpadelstore.com\/wp-content\/uploads\/2024\/12\/113676-pala-adidas-adipower-multiweight-ctrl-3-4-ar1ca2u311500x1500-1.webp","datePublished":"2024-12-04T07:10:03+00:00","dateModified":"2026-04-08T07:48:29+00:00","description":"La Adidas Adipower Multiweight Ctrl 3.4 2025 es la pala elegida por el jugador profesional \u00c1lex Ruiz, dise\u00f1ada con tecnolog\u00edas avanzadas para ofrecer un rendimiento y personalizaci\u00f3n excepcionales. Gracias al sistema Weight & Balance System, puedes ajustar el peso y balance de la pala para adaptarla a las necesidades de cada partido. Su composici\u00f3n en carbono 18K y dise\u00f1o equilibrado la convierten en una herramienta ideal para quienes buscan precisi\u00f3n, potencia y control en cada golpe.","breadcrumb":{"@id":"https:\/\/revolutionpadelstore.com\/de\/produkt\/adidas-adipower-multiweight-ctrl-3-4-2025\/#breadcrumb"},"inLanguage":"de","potentialAction":[{"@type":"ReadAction","target":["https:\/\/revolutionpadelstore.com\/de\/produkt\/adidas-adipower-multiweight-ctrl-3-4-2025\/"]}]},{"@type":"ImageObject","inLanguage":"de","@id":"https:\/\/revolutionpadelstore.com\/de\/produkt\/adidas-adipower-multiweight-ctrl-3-4-2025\/#primaryimage","url":"https:\/\/revolutionpadelstore.com\/wp-content\/uploads\/2024\/12\/113676-pala-adidas-adipower-multiweight-ctrl-3-4-ar1ca2u311500x1500-1.webp","contentUrl":"https:\/\/revolutionpadelstore.com\/wp-content\/uploads\/2024\/12\/113676-pala-adidas-adipower-multiweight-ctrl-3-4-ar1ca2u311500x1500-1.webp","width":1500,"height":1500},{"@type":"BreadcrumbList","@id":"https:\/\/revolutionpadelstore.com\/de\/produkt\/adidas-adipower-multiweight-ctrl-3-4-2025\/#breadcrumb","itemListElement":[{"@type":"ListItem","position":1,"name":"Portada","item":"https:\/\/revolutionpadelstore.com\/de\/"},{"@type":"ListItem","position":2,"name":"Shop","item":"https:\/\/revolutionpadelstore.com\/de\/tienda\/"},{"@type":"ListItem","position":3,"name":"ADIDAS ADIPOWER MULTIWEIGHT CTRL 3.4 2025"}]},{"@type":"WebSite","@id":"https:\/\/revolutionpadelstore.com\/de\/#website","url":"https:\/\/revolutionpadelstore.com\/de\/","name":"Revolution Padel Store","description":"","publisher":{"@id":"https:\/\/revolutionpadelstore.com\/de\/#organization"},"potentialAction":[{"@type":"SearchAction","target":{"@type":"EntryPoint","urlTemplate":"https:\/\/revolutionpadelstore.com\/de\/?s={search_term_string}"},"query-input":{"@type":"PropertyValueSpecification","valueRequired":true,"valueName":"search_term_string"}}],"inLanguage":"de"},{"@type":"Organization","@id":"https:\/\/revolutionpadelstore.com\/de\/#organization","name":"Revolution Padel Store","url":"https:\/\/revolutionpadelstore.com\/de\/","logo":{"@type":"ImageObject","inLanguage":"de","@id":"https:\/\/revolutionpadelstore.com\/de\/#\/schema\/logo\/image\/","url":"https:\/\/revolutionpadelstore.com\/wp-content\/uploads\/2026\/02\/revolution-padel-store.jpg","contentUrl":"https:\/\/revolutionpadelstore.com\/wp-content\/uploads\/2026\/02\/revolution-padel-store.jpg","width":2000,"height":2000,"caption":"Revolution Padel Store"},"image":{"@id":"https:\/\/revolutionpadelstore.com\/de\/#\/schema\/logo\/image\/"},"sameAs":["https:\/\/www.instagram.com\/revolutionpadelstore\/"]}]}},"_links":{"self":[{"href":"https:\/\/revolutionpadelstore.com\/de\/wp-json\/wp\/v2\/product\/142511","targetHints":{"allow":["GET"]}}],"collection":[{"href":"https:\/\/revolutionpadelstore.com\/de\/wp-json\/wp\/v2\/product"}],"about":[{"href":"https:\/\/revolutionpadelstore.com\/de\/wp-json\/wp\/v2\/types\/product"}],"replies":[{"embeddable":true,"href":"https:\/\/revolutionpadelstore.com\/de\/wp-json\/wp\/v2\/comments?post=142511"}],"wp:featuredmedia":[{"embeddable":true,"href":"https:\/\/revolutionpadelstore.com\/de\/wp-json\/wp\/v2\/media\/135508"}],"wp:attachment":[{"href":"https:\/\/revolutionpadelstore.com\/de\/wp-json\/wp\/v2\/media?parent=142511"}],"wp:term":[{"taxonomy":"acabado","embeddable":true,"href":"https:\/\/revolutionpadelstore.com\/de\/wp-json\/wp\/v2\/acabado?post=142511"},{"taxonomy":"balance","embeddable":true,"href":"https:\/\/revolutionpadelstore.com\/de\/wp-json\/wp\/v2\/balance?post=142511"},{"taxonomy":"dureza","embeddable":true,"href":"https:\/\/revolutionpadelstore.com\/de\/wp-json\/wp\/v2\/dureza?post=142511"},{"taxonomy":"forma","embeddable":true,"href":"https:\/\/revolutionpadelstore.com\/de\/wp-json\/wp\/v2\/forma?post=142511"},{"taxonomy":"jugador","embeddable":true,"href":"https:\/\/revolutionpadelstore.com\/de\/wp-json\/wp\/v2\/jugador?post=142511"},{"taxonomy":"marca","embeddable":true,"href":"https:\/\/revolutionpadelstore.com\/de\/wp-json\/wp\/v2\/marca?post=142511"},{"taxonomy":"nivel-de-juego","embeddable":true,"href":"https:\/\/revolutionpadelstore.com\/de\/wp-json\/wp\/v2\/nivel-de-juego?post=142511"},{"taxonomy":"superficie","embeddable":true,"href":"https:\/\/revolutionpadelstore.com\/de\/wp-json\/wp\/v2\/superficie?post=142511"},{"taxonomy":"tipo-de-juego","embeddable":true,"href":"https:\/\/revolutionpadelstore.com\/de\/wp-json\/wp\/v2\/tipo-de-juego?post=142511"},{"taxonomy":"product_brand","embeddable":true,"href":"https:\/\/revolutionpadelstore.com\/de\/wp-json\/wp\/v2\/product_brand?post=142511"},{"taxonomy":"product_cat","embeddable":true,"href":"https:\/\/revolutionpadelstore.com\/de\/wp-json\/wp\/v2\/product_cat?post=142511"},{"taxonomy":"product_tag","embeddable":true,"href":"https:\/\/revolutionpadelstore.com\/de\/wp-json\/wp\/v2\/product_tag?post=142511"}],"curies":[{"name":"wp","href":"https:\/\/api.w.org\/{rel}","templated":true}]}}